{"id":3310,"date":"2017-11-21T09:07:57","date_gmt":"2017-11-21T07:07:57","guid":{"rendered":"https:\/\/eurotech-iasi.ro\/?page_id=3310"},"modified":"2023-10-20T15:56:49","modified_gmt":"2023-10-20T12:56:49","slug":"inchirieri-scule","status":"publish","type":"page","link":"https:\/\/eurotech-iasi.ro\/magazinonline\/inchirieri-scule\/","title":{"rendered":"Inchirieri scule"},"content":{"rendered":"<div class=\"wpb-content-wrapper\"><p>[vc_row][vc_column][vc_column_text]<\/p>\n<h2><span style=\"color: #333399;\"><strong>Inchirierea de scule electrice si utilaje este solutia eficienta atunci cand ai nevoie de un echipament pentru o perioada determinata de timp.<\/strong><\/span><\/h2>\n<p>S.C. EUROTECH S.R.L. va pune la dispozitie spre inchiriere o gama variata de scule si utilaje pentru constructii de la producatori de renume, precum: <strong>BOSCH, MAKITA, AGT, TEHNIK, PRAMAC, STAGER, MEDIA LINE, MASALTA, KAERCHER, BISONTE, STIHL.<\/strong>[\/vc_column_text][vc_column_text]<\/p>\n<div class=\"rt-vc-title style1\">\n<div class=\"\">\n<h2><span style=\"color: #333399;\"><strong>\u00cenchiriaz\u0103 \u00een condi\u021bii avantajoase echipamente pentru construc\u021bii, industrie \u0219i agricultur\u0103<\/strong><\/span><\/h2>\n<p class=\"rtin-subtitle\">\u00cen domeniul construc\u021biilor, fiecare lucrare are particularit\u0103\u021bile sale, iar trusa de scule se \u00eent\u00e2mpl\u0103 s\u0103 nu acopere toat\u0103 gama de nevoi. Cu toate acestea, nu \u00eentotdeauna se justific\u0103 achizi\u021bia unei scule noi.<br \/>\nSunt situa\u021bii \u00een care \u00eenchirierea este cea mai rentabil\u0103 solu\u021bie. Astfel, fie c\u0103 ai de realizat un proiect personal, fie c\u0103 ai o companie de amenaj\u0103ri interioare sau construc\u021bii \u0219i ai nevoie de un echipament sau un utilaj profesional pentru o anumit\u0103 etap\u0103, po\u021bi apela la serviciul de \u00eenchirieri utilaje, echipamente \u0219i scule de la EUROTECH.<br \/>\nDispunem de o gama variat\u0103 de scule \u0219i utilaje de la produc\u0103tori de renume, precum: BOSCH, AGT, PRAMAC, STAGER, MASALTA, STIHL sau KARCHER, reparate \u0219i \u00eentre\u021binute \u00een service-ul propriu de cei mai iscusi\u021bi tehnicieni. Astfel, sculele \u0219i utilajele oferite spre \u00eenchiriere asigur\u0103 randament maxim \u0219i se \u00eencadreaz\u0103 \u00een parametrii optimi de func\u021bionare pentru a \u00eendeplini nevoile clien\u021bilor.<\/p>\n<\/div>\n<\/div>\n<p>[\/vc_column_text][\/vc_column][\/vc_row][vc_row full_height=&#8221;yes&#8221; columns_placement=&#8221;top&#8221; equal_height=&#8221;yes&#8221; content_placement=&#8221;top&#8221; css_animation=&#8221;zoomIn&#8221; disable_element=&#8221;yes&#8221;][vc_column width=&#8221;1\/4&#8243;]<div class=\"woocommerce columns-1\"><\/div><div class=\"woocommerce columns-1\"><\/div>[\/vc_column][vc_column width=&#8221;1\/4&#8243;]<div class=\"woocommerce columns-1\"><ul data-view=\"grid\" data-bs-toggle=\"regular-products\" class=\"products products list-unstyled row g-0 row-cols-2 row-cols-md-3 row-cols-lg-1 row-cols-xl-1 row-cols-xxl-4\"><li class=\"product-category product first\">\n\t<a aria-label=\"Mergi la categoria de produse Diverse\" href=\"https:\/\/eurotech-iasi.ro\/magazinonline\/categorie-produs\/diverse\/\"><img loading=\"lazy\" decoding=\"async\" src=\"https:\/\/eurotech-iasi.ro\/magazinonline\/wp-content\/uploads\/woocommerce-placeholder-300x300.png\" alt=\"Diverse\" width=\"300\" height=\"300\" \/>\t\t<h2 class=\"woocommerce-loop-category__title\">\n\t\t\tDiverse\t\t<\/h2>\n\t\t<\/a><\/li>\n<li class=\"product-category product first\">\n\t<a aria-label=\"Mergi la categoria de produse Acces si lucru la inaltime\" href=\"https:\/\/eurotech-iasi.ro\/magazinonline\/categorie-produs\/acces-si-lucru-la-inaltime\/\"><img loading=\"lazy\" decoding=\"async\" src=\"https:\/\/eurotech-iasi.ro\/magazinonline\/wp-content\/uploads\/2023\/02\/acces-si-lucru-la-inaltime-300x300.png\" alt=\"Acces si lucru la inaltime\" width=\"300\" height=\"300\" srcset=\"https:\/\/eurotech-iasi.ro\/magazinonline\/wp-content\/uploads\/2023\/02\/acces-si-lucru-la-inaltime.png 300w, https:\/\/eurotech-iasi.ro\/magazinonline\/wp-content\/uploads\/2023\/02\/acces-si-lucru-la-inaltime-150x150.png 150w, https:\/\/eurotech-iasi.ro\/magazinonline\/wp-content\/uploads\/2023\/02\/acces-si-lucru-la-inaltime-100x100.png 100w\" sizes=\"auto, (max-width: 300px) 100vw, 300px\" \/>\t\t<h2 class=\"woocommerce-loop-category__title\">\n\t\t\tAcces si lucru la inaltime <mark class=\"count\">(42)<\/mark>\t\t<\/h2>\n\t\t<\/a><\/li>\n<\/ul>\n<\/div><div class=\"woocommerce columns-1\"><\/div><div class=\"woocommerce columns-1\"><\/div>[\/vc_column][vc_column width=&#8221;1\/4&#8243;]<div class=\"woocommerce columns-1\"><\/div><div class=\"woocommerce columns-1\"><\/div>[\/vc_column][vc_column width=&#8221;1\/4&#8243;]<div class=\"woocommerce columns-1\"><\/div><div class=\"woocommerce columns-1\"><\/div>[\/vc_column][\/vc_row][vc_row][vc_column][vc_column_text]<\/p>\n<h2><span style=\"color: #333399;\"><strong>Procedura de \u00eenchiriere<\/strong><\/span><\/h2>\n<p>[\/vc_column_text][vc_column_text]<\/p>\n<ul>\n<li>Se achita garantia pentru inchiriere: cash sau prin intermediul unui instrument de plata conform unui proces verbal de predare-primire si se verifica starea de functionare a echipamentului.<\/li>\n<\/ul>\n<p>[\/vc_column_text][vc_column_text]<\/p>\n<ul>\n<li>Cu ajutorul personalului nostru specializat se identific\u0103 utilajul potrivit pentru proiectele \u00een derulare.<\/li>\n<\/ul>\n<p>[\/vc_column_text][vc_column_text]<\/p>\n<ul>\n<li>Se intocmeste contractul de inchiriere.<\/li>\n<\/ul>\n<p>[\/vc_column_text][vc_column_text]<\/p>\n<h2><span style=\"color: #000080;\"><strong>Informatii utile<\/strong><\/span><\/h2>\n<ul>\n<li style=\"list-style-type: none;\">\n<ul>\n<li>unitatea minima de facturare este de 1\/2 zi.<\/li>\n<li>preturi negociabile pentru inchirierea pe o durata mai mare de 5 zile.<\/li>\n<li>se asigura transport in municipiul Iasi pentru utilajele inchiriate si instructaj specializat personalului desemnat sa lucreze cu utilajele inchiriate<\/li>\n<\/ul>\n<\/li>\n<\/ul>\n<p>[\/vc_column_text][\/vc_column][\/vc_row][vc_row][vc_column width=&#8221;1\/2&#8243;]\n<div class=\"wpcf7 no-js\" id=\"wpcf7-f9444-o1\" lang=\"ro-RO\" dir=\"ltr\" data-wpcf7-id=\"9444\">\n<div class=\"screen-reader-response\"><p role=\"status\" aria-live=\"polite\" aria-atomic=\"true\"><\/p> <ul><\/ul><\/div>\n<form action=\"\/magazinonline\/wp-json\/wp\/v2\/pages\/3310#wpcf7-f9444-o1\" method=\"post\" class=\"wpcf7-form init wpb_gqb_form_product_info_hide\" aria-label=\"Formular de contact\" novalidate=\"novalidate\" data-status=\"init\">\n<fieldset class=\"hidden-fields-container\"><input type=\"hidden\" name=\"_wpcf7\" value=\"9444\" \/><input type=\"hidden\" name=\"_wpcf7_version\" value=\"6.1.5\" \/><input type=\"hidden\" name=\"_wpcf7_locale\" value=\"ro_RO\" \/><input type=\"hidden\" name=\"_wpcf7_unit_tag\" value=\"wpcf7-f9444-o1\" \/><input type=\"hidden\" name=\"_wpcf7_container_post\" value=\"0\" \/><input type=\"hidden\" name=\"_wpcf7_posted_data_hash\" value=\"\" \/><input type=\"hidden\" name=\"_wpcf7_recaptcha_response\" value=\"\" \/>\n<\/fieldset>\n<p><label><\/label><br \/>\n<label><span class=\"wpcf7-form-control-wrap\" data-name=\"rc-your-name\"><input size=\"40\" maxlength=\"400\" class=\"wpcf7-form-control wpcf7-text wpcf7-validates-as-required\" aria-required=\"true\" aria-invalid=\"false\" placeholder=\"Numele t\u0103u (obligatoriu)\" value=\"\" type=\"text\" name=\"rc-your-name\" \/><\/span><\/label><br \/>\n<label><span class=\"wpcf7-form-control-wrap\" data-name=\"rc-your-email\"><input size=\"40\" maxlength=\"400\" class=\"wpcf7-form-control wpcf7-email wpcf7-validates-as-required wpcf7-text wpcf7-validates-as-email\" aria-required=\"true\" aria-invalid=\"false\" placeholder=\"Emailul t\u0103u (obligatoriu)\" value=\"\" type=\"email\" name=\"rc-your-email\" \/><\/span><\/label><br \/>\n<label><span class=\"wpcf7-form-control-wrap\" data-name=\"rc-your-telefon\"><input size=\"40\" maxlength=\"400\" class=\"wpcf7-form-control wpcf7-text wpcf7-validates-as-required\" aria-required=\"true\" aria-invalid=\"false\" placeholder=\"Numarul tau de telefon (obligatoriu)\" value=\"\" type=\"text\" name=\"rc-your-telefon\" \/><\/span><\/label><br \/>\n<label><span class=\"wpcf7-form-control-wrap\" data-name=\"rc-your-oras\"><input size=\"40\" maxlength=\"400\" class=\"wpcf7-form-control wpcf7-text wpcf7-validates-as-required\" aria-required=\"true\" aria-invalid=\"false\" placeholder=\"Oras (obligatoriu)\" value=\"\" type=\"text\" name=\"rc-your-oras\" \/><\/span><\/label><br \/>\n<label><span class=\"wpcf7-form-control-wrap\" data-name=\"rc-your-message\"><textarea cols=\"40\" rows=\"10\" maxlength=\"2000\" class=\"wpcf7-form-control wpcf7-textarea\" aria-invalid=\"false\" placeholder=\"Mesajul t\u0103u\" name=\"rc-your-message\"><\/textarea><\/span><\/label>\n<\/p>\n<div class=\"acccof\">\n\t<p><label><span class=\"wpcf7-form-control-wrap\" data-name=\"accept-this-1\"><span class=\"wpcf7-form-control wpcf7-acceptance\"><span class=\"wpcf7-list-item\"><label><input type=\"checkbox\" name=\"accept-this-1\" value=\"1\" aria-invalid=\"false\" \/><span class=\"wpcf7-list-item-label\">Sunt de acord cu <a href=\"https:\/\/eurotech-iasi.ro\/magazinonline\/termeni-si-conditii\/\" target=\"_blank\">Termeni si conditii<\/a> (obligatoriu)<\/span><\/label><\/span><\/span><\/span><\/label><br \/>\n<label><span class=\"wpcf7-form-control-wrap\" data-name=\"newsletter\"><span class=\"wpcf7-form-control wpcf7-checkbox\"><span class=\"wpcf7-list-item first last\"><input type=\"checkbox\" name=\"newsletter[]\" value=\"Doresc sa ma abonez la newsletterul Eurotech\" \/><span class=\"wpcf7-list-item-label\">Doresc sa ma abonez la newsletterul Eurotech<\/span><\/span><\/span><\/span><\/label>\n\t<\/p>\n<\/div>\n<p><br \/>\n<br \/>\n\n<\/p>\n<div class=\"trimofc\">\n\t<p><input class=\"wpcf7-form-control wpcf7-submit has-spinner\" type=\"submit\" value=\"Trimite solicitarea\" \/>\n\t<\/p>\n<\/div><input type='hidden' class='wpcf7-pum' value='{\"closepopup\":false,\"closedelay\":0,\"openpopup\":false,\"openpopup_id\":0}' \/><div class=\"wpcf7-response-output\" aria-hidden=\"true\"><\/div>\n<\/form>\n<\/div>\n[\/vc_column][\/vc_row]<\/p>\n<\/div>","protected":false},"excerpt":{"rendered":"<p>[vc_row][vc_column][vc_column_text] Inchirierea de scule electrice si utilaje este solutia eficienta atunci cand ai nevoie de un echipament pentru o perioada determinata de timp. S.C. EUROTECH S.R.L. va pune la dispozitie<\/p>\n","protected":false},"author":3,"featured_media":0,"parent":0,"menu_order":0,"comment_status":"closed","ping_status":"closed","template":"template-page-sidebar-right.php","meta":{"_acf_changed":false,"footnotes":""},"class_list":["post-3310","page","type-page","status-publish","hentry"],"acf":[],"yoast_head":"<!-- This site is optimized with the Yoast SEO plugin v27.5 - https:\/\/yoast.com\/product\/yoast-seo-wordpress\/ -->\n<title>Inchirieri scule - Eurotech Iasi<\/title>\n<meta name=\"robots\" content=\"index, follow, max-snippet:-1, max-image-preview:large, max-video-preview:-1\" \/>\n<link rel=\"canonical\" href=\"https:\/\/eurotech-iasi.ro\/magazinonline\/inchirieri-scule\/\" \/>\n<meta property=\"og:locale\" content=\"ro_RO\" \/>\n<meta property=\"og:type\" content=\"article\" \/>\n<meta property=\"og:title\" content=\"Inchirieri scule - Eurotech Iasi\" \/>\n<meta property=\"og:description\" content=\"[vc_row][vc_column][vc_column_text] Inchirierea de scule electrice si utilaje este solutia eficienta atunci cand ai nevoie de un echipament pentru o perioada determinata de timp. S.C. EUROTECH S.R.L. va pune la dispozitie\" \/>\n<meta property=\"og:url\" content=\"https:\/\/eurotech-iasi.ro\/magazinonline\/inchirieri-scule\/\" \/>\n<meta property=\"og:site_name\" content=\"Eurotech Iasi\" \/>\n<meta property=\"article:publisher\" content=\"https:\/\/www.facebook.com\/EurotechIasi\/\" \/>\n<meta property=\"article:modified_time\" content=\"2023-10-20T12:56:49+00:00\" \/>\n<meta name=\"twitter:label1\" content=\"Timp estimat pentru citire\" \/>\n\t<meta name=\"twitter:data1\" content=\"3 minute\" \/>\n<script type=\"application\/ld+json\" class=\"yoast-schema-graph\">{\"@context\":\"https:\\\/\\\/schema.org\",\"@graph\":[{\"@type\":\"WebPage\",\"@id\":\"https:\\\/\\\/eurotech-iasi.ro\\\/magazinonline\\\/inchirieri-scule\\\/\",\"url\":\"https:\\\/\\\/eurotech-iasi.ro\\\/magazinonline\\\/inchirieri-scule\\\/\",\"name\":\"Inchirieri scule - Eurotech Iasi\",\"isPartOf\":{\"@id\":\"https:\\\/\\\/eurotech-iasi.ro\\\/magazinonline\\\/#website\"},\"datePublished\":\"2017-11-21T07:07:57+00:00\",\"dateModified\":\"2023-10-20T12:56:49+00:00\",\"breadcrumb\":{\"@id\":\"https:\\\/\\\/eurotech-iasi.ro\\\/magazinonline\\\/inchirieri-scule\\\/#breadcrumb\"},\"inLanguage\":\"ro-RO\",\"potentialAction\":[{\"@type\":\"ReadAction\",\"target\":[\"https:\\\/\\\/eurotech-iasi.ro\\\/magazinonline\\\/inchirieri-scule\\\/\"]}]},{\"@type\":\"BreadcrumbList\",\"@id\":\"https:\\\/\\\/eurotech-iasi.ro\\\/magazinonline\\\/inchirieri-scule\\\/#breadcrumb\",\"itemListElement\":[{\"@type\":\"ListItem\",\"position\":1,\"name\":\"Prima pagin\u0103\",\"item\":\"https:\\\/\\\/eurotech-iasi.ro\\\/magazinonline\\\/\"},{\"@type\":\"ListItem\",\"position\":2,\"name\":\"Inchirieri scule\"}]},{\"@type\":\"WebSite\",\"@id\":\"https:\\\/\\\/eurotech-iasi.ro\\\/magazinonline\\\/#website\",\"url\":\"https:\\\/\\\/eurotech-iasi.ro\\\/magazinonline\\\/\",\"name\":\"Eurotech Iasi\",\"description\":\"Cu oameni seriosi\",\"publisher\":{\"@id\":\"https:\\\/\\\/eurotech-iasi.ro\\\/magazinonline\\\/#organization\"},\"potentialAction\":[{\"@type\":\"SearchAction\",\"target\":{\"@type\":\"EntryPoint\",\"urlTemplate\":\"https:\\\/\\\/eurotech-iasi.ro\\\/magazinonline\\\/?s={search_term_string}\"},\"query-input\":{\"@type\":\"PropertyValueSpecification\",\"valueRequired\":true,\"valueName\":\"search_term_string\"}}],\"inLanguage\":\"ro-RO\"},{\"@type\":\"Organization\",\"@id\":\"https:\\\/\\\/eurotech-iasi.ro\\\/magazinonline\\\/#organization\",\"name\":\"Eurotech Iasi\",\"url\":\"https:\\\/\\\/eurotech-iasi.ro\\\/magazinonline\\\/\",\"logo\":{\"@type\":\"ImageObject\",\"inLanguage\":\"ro-RO\",\"@id\":\"https:\\\/\\\/eurotech-iasi.ro\\\/magazinonline\\\/#\\\/schema\\\/logo\\\/image\\\/\",\"url\":\"https:\\\/\\\/eurotech-iasi.ro\\\/magazinonline\\\/wp-content\\\/uploads\\\/2020\\\/08\\\/logo-eurotech.png\",\"contentUrl\":\"https:\\\/\\\/eurotech-iasi.ro\\\/magazinonline\\\/wp-content\\\/uploads\\\/2020\\\/08\\\/logo-eurotech.png\",\"width\":290,\"height\":70,\"caption\":\"Eurotech Iasi\"},\"image\":{\"@id\":\"https:\\\/\\\/eurotech-iasi.ro\\\/magazinonline\\\/#\\\/schema\\\/logo\\\/image\\\/\"},\"sameAs\":[\"https:\\\/\\\/www.facebook.com\\\/EurotechIasi\\\/\"]}]}<\/script>\n<!-- \/ Yoast SEO plugin. -->","yoast_head_json":{"title":"Inchirieri scule - Eurotech Iasi","robots":{"index":"index","follow":"follow","max-snippet":"max-snippet:-1","max-image-preview":"max-image-preview:large","max-video-preview":"max-video-preview:-1"},"canonical":"https:\/\/eurotech-iasi.ro\/magazinonline\/inchirieri-scule\/","og_locale":"ro_RO","og_type":"article","og_title":"Inchirieri scule - Eurotech Iasi","og_description":"[vc_row][vc_column][vc_column_text] Inchirierea de scule electrice si utilaje este solutia eficienta atunci cand ai nevoie de un echipament pentru o perioada determinata de timp. S.C. EUROTECH S.R.L. va pune la dispozitie","og_url":"https:\/\/eurotech-iasi.ro\/magazinonline\/inchirieri-scule\/","og_site_name":"Eurotech Iasi","article_publisher":"https:\/\/www.facebook.com\/EurotechIasi\/","article_modified_time":"2023-10-20T12:56:49+00:00","twitter_misc":{"Timp estimat pentru citire":"3 minute"},"schema":{"@context":"https:\/\/schema.org","@graph":[{"@type":"WebPage","@id":"https:\/\/eurotech-iasi.ro\/magazinonline\/inchirieri-scule\/","url":"https:\/\/eurotech-iasi.ro\/magazinonline\/inchirieri-scule\/","name":"Inchirieri scule - Eurotech Iasi","isPartOf":{"@id":"https:\/\/eurotech-iasi.ro\/magazinonline\/#website"},"datePublished":"2017-11-21T07:07:57+00:00","dateModified":"2023-10-20T12:56:49+00:00","breadcrumb":{"@id":"https:\/\/eurotech-iasi.ro\/magazinonline\/inchirieri-scule\/#breadcrumb"},"inLanguage":"ro-RO","potentialAction":[{"@type":"ReadAction","target":["https:\/\/eurotech-iasi.ro\/magazinonline\/inchirieri-scule\/"]}]},{"@type":"BreadcrumbList","@id":"https:\/\/eurotech-iasi.ro\/magazinonline\/inchirieri-scule\/#breadcrumb","itemListElement":[{"@type":"ListItem","position":1,"name":"Prima pagin\u0103","item":"https:\/\/eurotech-iasi.ro\/magazinonline\/"},{"@type":"ListItem","position":2,"name":"Inchirieri scule"}]},{"@type":"WebSite","@id":"https:\/\/eurotech-iasi.ro\/magazinonline\/#website","url":"https:\/\/eurotech-iasi.ro\/magazinonline\/","name":"Eurotech Iasi","description":"Cu oameni seriosi","publisher":{"@id":"https:\/\/eurotech-iasi.ro\/magazinonline\/#organization"},"potentialAction":[{"@type":"SearchAction","target":{"@type":"EntryPoint","urlTemplate":"https:\/\/eurotech-iasi.ro\/magazinonline\/?s={search_term_string}"},"query-input":{"@type":"PropertyValueSpecification","valueRequired":true,"valueName":"search_term_string"}}],"inLanguage":"ro-RO"},{"@type":"Organization","@id":"https:\/\/eurotech-iasi.ro\/magazinonline\/#organization","name":"Eurotech Iasi","url":"https:\/\/eurotech-iasi.ro\/magazinonline\/","logo":{"@type":"ImageObject","inLanguage":"ro-RO","@id":"https:\/\/eurotech-iasi.ro\/magazinonline\/#\/schema\/logo\/image\/","url":"https:\/\/eurotech-iasi.ro\/magazinonline\/wp-content\/uploads\/2020\/08\/logo-eurotech.png","contentUrl":"https:\/\/eurotech-iasi.ro\/magazinonline\/wp-content\/uploads\/2020\/08\/logo-eurotech.png","width":290,"height":70,"caption":"Eurotech Iasi"},"image":{"@id":"https:\/\/eurotech-iasi.ro\/magazinonline\/#\/schema\/logo\/image\/"},"sameAs":["https:\/\/www.facebook.com\/EurotechIasi\/"]}]}},"_links":{"self":[{"href":"https:\/\/eurotech-iasi.ro\/magazinonline\/wp-json\/wp\/v2\/pages\/3310","targetHints":{"allow":["GET"]}}],"collection":[{"href":"https:\/\/eurotech-iasi.ro\/magazinonline\/wp-json\/wp\/v2\/pages"}],"about":[{"href":"https:\/\/eurotech-iasi.ro\/magazinonline\/wp-json\/wp\/v2\/types\/page"}],"author":[{"embeddable":true,"href":"https:\/\/eurotech-iasi.ro\/magazinonline\/wp-json\/wp\/v2\/users\/3"}],"replies":[{"embeddable":true,"href":"https:\/\/eurotech-iasi.ro\/magazinonline\/wp-json\/wp\/v2\/comments?post=3310"}],"version-history":[{"count":10,"href":"https:\/\/eurotech-iasi.ro\/magazinonline\/wp-json\/wp\/v2\/pages\/3310\/revisions"}],"predecessor-version":[{"id":100129,"href":"https:\/\/eurotech-iasi.ro\/magazinonline\/wp-json\/wp\/v2\/pages\/3310\/revisions\/100129"}],"wp:attachment":[{"href":"https:\/\/eurotech-iasi.ro\/magazinonline\/wp-json\/wp\/v2\/media?parent=3310"}],"curies":[{"name":"wp","href":"https:\/\/api.w.org\/{rel}","templated":true}]}}