{"id":100049,"date":"2023-10-13T09:55:26","date_gmt":"2023-10-13T06:55:26","guid":{"rendered":"https:\/\/eurotech-iasi.ro\/magazinonline\/?post_type=product&#038;p=100049"},"modified":"2025-12-22T15:07:03","modified_gmt":"2025-12-22T13:07:03","slug":"ventilator-fara-acumulator-universalfan-18v-1000-bosch","status":"publish","type":"product","link":"https:\/\/eurotech-iasi.ro\/magazinonline\/produs\/ventilator-fara-acumulator-universalfan-18v-1000-bosch\/","title":{"rendered":"Ventilator fara acumulator UniversalFan 18V-1000 Bosch"},"content":{"rendered":"<p><strong>Ventilator fara acumulator UniversalFan 18V-1000 Bosch<\/strong> compatibil cu un acumulatorul Bosch 18V POWER FOR ALLIANCE are un flux de aer puternic, durata de functionare indelungata si nivel de zgomot redus datorita tehnologiei JetBreeze Airflow de la Bosch.<\/p>\n<h2>Avantaje &#8211; Ventilator fara acumulator UniversalFan 18V-1000 Bosch:<\/h2>\n<ul>\n<li>Putere \u015fi versatilitate excelente pentru maximum de confort.<\/li>\n<li>Cap reglabil al ventilatorului, optiuni multiple de agatare si montare pentru versatilitate maxima<\/li>\n<li>Greutate redusa, design compact si robust, creat pentru mesterii amatori<\/li>\n<li>Fabricat in UE; carcasa realizata in proportie de 90% din materiale reciclate<\/li>\n<li>Tehnologie Syneon pentru putere optima sau rezistenta maxima, dupa cum este necesar<\/li>\n<li>Compatibil cu acumulatorul Bosch 18V POWER FOR ALL<\/li>\n<\/ul>\n<h3>Specificatii tehnice &#8211; Ventilator fara acumulator UniversalFan 18V-1000 Bosch:<\/h3>\n<p>Tensiunea acumulatorului 18,0 V<br \/>\nCompatibilitate acumulator 18V POWER FOR ALL ALLIANCE<br \/>\nRecomandare acumulator &gt;= 1,5 Ah<br \/>\nVolum max. flux de aer 1000 m\u00b3\/h<br \/>\nRota\u0163ie cap ventilator vertical 180 \u00b0<br \/>\nDiametru cap ventilator 22.5 cm<br \/>\nRaz\u0103 de ac\u0163iune a fluxului de aer 5 m &gt;<br \/>\nTimp de func\u0163ionare (1,5 Ah) 1 h 45 min &#8211; 9,5 h<br \/>\nTimp de func\u0163ionare (2,0 Ah) 2,5 h &#8211; 13 h<br \/>\nTimp de func\u0163ionare (2,5 Ah) 3 h &#8211; 15 h<br \/>\nTimp de func\u0163ionare (4,0 Ah) 5 h &#8211; 25 h<br \/>\nTimp de func\u0163ionare (6,0 Ah) 7,5 h &#8211; 38 h<br \/>\nDimensiuni scul\u0103 (L x l x \u00ce) 316 x 261 x 432 mm<br \/>\nGreutate excl. acumulator 2,3 kg<br \/>\nnumai pentru POD (nu apare pe site-ul web)<br \/>\nNivel de zgomot Nivelul de zgomot evaluat A al sculei electrice este \u00een mod normal de: nivel presiune sonor\u0103 dB(A); nivel putere sonor\u0103 dB(A). Incertitudine K= dB.<\/p>\n","protected":false},"excerpt":{"rendered":"<p><strong>Ventilator fara acumulator UniversalFan 18V-1000 Bosch<\/strong> compatibil cu un acumulatorul Bosch 18V POWER FOR ALLIANCE are un flux de aer puternic.<\/p>\n<p><em><span style=\"color: #ff0000;\"><strong>*Nu contine acumulator si incarcator in setul de livrare.<\/strong><\/span><\/em><\/p>\n<p><em><strong>Cod produs: 06039E1000<\/strong><\/em><\/p>\n","protected":false},"featured_media":100052,"comment_status":"open","ping_status":"closed","template":"","meta":{"_acf_changed":false},"product_cat":[7435,9159],"product_tag":[],"woo-feed-brand":[],"class_list":{"0":"post-100049","1":"product","2":"type-product","3":"status-publish","4":"has-post-thumbnail","6":"product_brand-bosch","7":"product_cat-incalzitare-ventilatoare-racitoare-aer","8":"product_cat-ventilatoare-incalzitare-ventilatoare-racitoare-aer","9":"pa_brand-bosch","11":"first","12":"instock","13":"shipping-taxable","14":"purchasable","15":"product-type-simple"},"acf":[],"yoast_head":"<!-- This site is optimized with the Yoast SEO plugin v27.5 - https:\/\/yoast.com\/product\/yoast-seo-wordpress\/ -->\n<title>Ventilator fara acumulator UniversalFan 18V-1000 Bosch - Eurotech Iasi<\/title>\n<meta name=\"robots\" content=\"index, follow, max-snippet:-1, max-image-preview:large, max-video-preview:-1\" \/>\n<link rel=\"canonical\" href=\"https:\/\/eurotech-iasi.ro\/magazinonline\/produs\/ventilator-fara-acumulator-universalfan-18v-1000-bosch\/\" \/>\n<meta property=\"og:locale\" content=\"ro_RO\" \/>\n<meta property=\"og:type\" content=\"article\" \/>\n<meta property=\"og:title\" content=\"Ventilator fara acumulator UniversalFan 18V-1000 Bosch - Eurotech Iasi\" \/>\n<meta property=\"og:description\" content=\"Ventilator fara acumulator UniversalFan 18V-1000 Bosch compatibil cu un acumulatorul Bosch 18V POWER FOR ALLIANCE are un flux de aer puternic.  *Nu contine acumulator si incarcator in setul de livrare.  Cod produs: 06039E1000\" \/>\n<meta property=\"og:url\" content=\"https:\/\/eurotech-iasi.ro\/magazinonline\/produs\/ventilator-fara-acumulator-universalfan-18v-1000-bosch\/\" \/>\n<meta property=\"og:site_name\" content=\"Eurotech Iasi\" \/>\n<meta property=\"article:publisher\" content=\"https:\/\/www.facebook.com\/EurotechIasi\/\" \/>\n<meta property=\"article:modified_time\" content=\"2025-12-22T13:07:03+00:00\" \/>\n<meta property=\"og:image\" content=\"https:\/\/eurotech-iasi.ro\/magazinonline\/wp-content\/uploads\/2023\/10\/Ventilator-fara-acumulator-UniversalFan-18V-1000-Bosch-2.png\" \/>\n\t<meta property=\"og:image:width\" content=\"750\" \/>\n\t<meta property=\"og:image:height\" content=\"750\" \/>\n\t<meta property=\"og:image:type\" content=\"image\/png\" \/>\n<meta name=\"twitter:label1\" content=\"Timp estimat pentru citire\" \/>\n\t<meta name=\"twitter:data1\" content=\"1 minut\" \/>\n<script type=\"application\/ld+json\" class=\"yoast-schema-graph\">{\"@context\":\"https:\\\/\\\/schema.org\",\"@graph\":[{\"@type\":\"WebPage\",\"@id\":\"https:\\\/\\\/eurotech-iasi.ro\\\/magazinonline\\\/produs\\\/ventilator-fara-acumulator-universalfan-18v-1000-bosch\\\/\",\"url\":\"https:\\\/\\\/eurotech-iasi.ro\\\/magazinonline\\\/produs\\\/ventilator-fara-acumulator-universalfan-18v-1000-bosch\\\/\",\"name\":\"Ventilator fara acumulator UniversalFan 18V-1000 Bosch - Eurotech Iasi\",\"isPartOf\":{\"@id\":\"https:\\\/\\\/eurotech-iasi.ro\\\/magazinonline\\\/#website\"},\"primaryImageOfPage\":{\"@id\":\"https:\\\/\\\/eurotech-iasi.ro\\\/magazinonline\\\/produs\\\/ventilator-fara-acumulator-universalfan-18v-1000-bosch\\\/#primaryimage\"},\"image\":{\"@id\":\"https:\\\/\\\/eurotech-iasi.ro\\\/magazinonline\\\/produs\\\/ventilator-fara-acumulator-universalfan-18v-1000-bosch\\\/#primaryimage\"},\"thumbnailUrl\":\"https:\\\/\\\/eurotech-iasi.ro\\\/magazinonline\\\/wp-content\\\/uploads\\\/2023\\\/10\\\/Ventilator-fara-acumulator-UniversalFan-18V-1000-Bosch-2.png\",\"datePublished\":\"2023-10-13T06:55:26+00:00\",\"dateModified\":\"2025-12-22T13:07:03+00:00\",\"breadcrumb\":{\"@id\":\"https:\\\/\\\/eurotech-iasi.ro\\\/magazinonline\\\/produs\\\/ventilator-fara-acumulator-universalfan-18v-1000-bosch\\\/#breadcrumb\"},\"inLanguage\":\"ro-RO\",\"potentialAction\":[{\"@type\":\"ReadAction\",\"target\":[\"https:\\\/\\\/eurotech-iasi.ro\\\/magazinonline\\\/produs\\\/ventilator-fara-acumulator-universalfan-18v-1000-bosch\\\/\"]}]},{\"@type\":\"ImageObject\",\"inLanguage\":\"ro-RO\",\"@id\":\"https:\\\/\\\/eurotech-iasi.ro\\\/magazinonline\\\/produs\\\/ventilator-fara-acumulator-universalfan-18v-1000-bosch\\\/#primaryimage\",\"url\":\"https:\\\/\\\/eurotech-iasi.ro\\\/magazinonline\\\/wp-content\\\/uploads\\\/2023\\\/10\\\/Ventilator-fara-acumulator-UniversalFan-18V-1000-Bosch-2.png\",\"contentUrl\":\"https:\\\/\\\/eurotech-iasi.ro\\\/magazinonline\\\/wp-content\\\/uploads\\\/2023\\\/10\\\/Ventilator-fara-acumulator-UniversalFan-18V-1000-Bosch-2.png\",\"width\":750,\"height\":750,\"caption\":\"Ventilator fara acumulator UniversalFan 18V-1000 Bosch\"},{\"@type\":\"BreadcrumbList\",\"@id\":\"https:\\\/\\\/eurotech-iasi.ro\\\/magazinonline\\\/produs\\\/ventilator-fara-acumulator-universalfan-18v-1000-bosch\\\/#breadcrumb\",\"itemListElement\":[{\"@type\":\"ListItem\",\"position\":1,\"name\":\"Prima pagin\u0103\",\"item\":\"https:\\\/\\\/eurotech-iasi.ro\\\/magazinonline\\\/\"},{\"@type\":\"ListItem\",\"position\":2,\"name\":\"Shop\",\"item\":\"https:\\\/\\\/eurotech-iasi.ro\\\/magazinonline\\\/shop\\\/\"},{\"@type\":\"ListItem\",\"position\":3,\"name\":\"Ventilator fara acumulator UniversalFan 18V-1000 Bosch\"}]},{\"@type\":\"WebSite\",\"@id\":\"https:\\\/\\\/eurotech-iasi.ro\\\/magazinonline\\\/#website\",\"url\":\"https:\\\/\\\/eurotech-iasi.ro\\\/magazinonline\\\/\",\"name\":\"Eurotech Iasi\",\"description\":\"Cu oameni seriosi\",\"publisher\":{\"@id\":\"https:\\\/\\\/eurotech-iasi.ro\\\/magazinonline\\\/#organization\"},\"potentialAction\":[{\"@type\":\"SearchAction\",\"target\":{\"@type\":\"EntryPoint\",\"urlTemplate\":\"https:\\\/\\\/eurotech-iasi.ro\\\/magazinonline\\\/?s={search_term_string}\"},\"query-input\":{\"@type\":\"PropertyValueSpecification\",\"valueRequired\":true,\"valueName\":\"search_term_string\"}}],\"inLanguage\":\"ro-RO\"},{\"@type\":\"Organization\",\"@id\":\"https:\\\/\\\/eurotech-iasi.ro\\\/magazinonline\\\/#organization\",\"name\":\"Eurotech Iasi\",\"url\":\"https:\\\/\\\/eurotech-iasi.ro\\\/magazinonline\\\/\",\"logo\":{\"@type\":\"ImageObject\",\"inLanguage\":\"ro-RO\",\"@id\":\"https:\\\/\\\/eurotech-iasi.ro\\\/magazinonline\\\/#\\\/schema\\\/logo\\\/image\\\/\",\"url\":\"https:\\\/\\\/eurotech-iasi.ro\\\/magazinonline\\\/wp-content\\\/uploads\\\/2020\\\/08\\\/logo-eurotech.png\",\"contentUrl\":\"https:\\\/\\\/eurotech-iasi.ro\\\/magazinonline\\\/wp-content\\\/uploads\\\/2020\\\/08\\\/logo-eurotech.png\",\"width\":290,\"height\":70,\"caption\":\"Eurotech Iasi\"},\"image\":{\"@id\":\"https:\\\/\\\/eurotech-iasi.ro\\\/magazinonline\\\/#\\\/schema\\\/logo\\\/image\\\/\"},\"sameAs\":[\"https:\\\/\\\/www.facebook.com\\\/EurotechIasi\\\/\"]}]}<\/script>\n<!-- \/ Yoast SEO plugin. -->","yoast_head_json":{"title":"Ventilator fara acumulator UniversalFan 18V-1000 Bosch - Eurotech Iasi","robots":{"index":"index","follow":"follow","max-snippet":"max-snippet:-1","max-image-preview":"max-image-preview:large","max-video-preview":"max-video-preview:-1"},"canonical":"https:\/\/eurotech-iasi.ro\/magazinonline\/produs\/ventilator-fara-acumulator-universalfan-18v-1000-bosch\/","og_locale":"ro_RO","og_type":"article","og_title":"Ventilator fara acumulator UniversalFan 18V-1000 Bosch - Eurotech Iasi","og_description":"Ventilator fara acumulator UniversalFan 18V-1000 Bosch compatibil cu un acumulatorul Bosch 18V POWER FOR ALLIANCE are un flux de aer puternic.  *Nu contine acumulator si incarcator in setul de livrare.  Cod produs: 06039E1000","og_url":"https:\/\/eurotech-iasi.ro\/magazinonline\/produs\/ventilator-fara-acumulator-universalfan-18v-1000-bosch\/","og_site_name":"Eurotech Iasi","article_publisher":"https:\/\/www.facebook.com\/EurotechIasi\/","article_modified_time":"2025-12-22T13:07:03+00:00","og_image":[{"width":750,"height":750,"url":"https:\/\/eurotech-iasi.ro\/magazinonline\/wp-content\/uploads\/2023\/10\/Ventilator-fara-acumulator-UniversalFan-18V-1000-Bosch-2.png","type":"image\/png"}],"twitter_misc":{"Timp estimat pentru citire":"1 minut"},"schema":{"@context":"https:\/\/schema.org","@graph":[{"@type":"WebPage","@id":"https:\/\/eurotech-iasi.ro\/magazinonline\/produs\/ventilator-fara-acumulator-universalfan-18v-1000-bosch\/","url":"https:\/\/eurotech-iasi.ro\/magazinonline\/produs\/ventilator-fara-acumulator-universalfan-18v-1000-bosch\/","name":"Ventilator fara acumulator UniversalFan 18V-1000 Bosch - Eurotech Iasi","isPartOf":{"@id":"https:\/\/eurotech-iasi.ro\/magazinonline\/#website"},"primaryImageOfPage":{"@id":"https:\/\/eurotech-iasi.ro\/magazinonline\/produs\/ventilator-fara-acumulator-universalfan-18v-1000-bosch\/#primaryimage"},"image":{"@id":"https:\/\/eurotech-iasi.ro\/magazinonline\/produs\/ventilator-fara-acumulator-universalfan-18v-1000-bosch\/#primaryimage"},"thumbnailUrl":"https:\/\/eurotech-iasi.ro\/magazinonline\/wp-content\/uploads\/2023\/10\/Ventilator-fara-acumulator-UniversalFan-18V-1000-Bosch-2.png","datePublished":"2023-10-13T06:55:26+00:00","dateModified":"2025-12-22T13:07:03+00:00","breadcrumb":{"@id":"https:\/\/eurotech-iasi.ro\/magazinonline\/produs\/ventilator-fara-acumulator-universalfan-18v-1000-bosch\/#breadcrumb"},"inLanguage":"ro-RO","potentialAction":[{"@type":"ReadAction","target":["https:\/\/eurotech-iasi.ro\/magazinonline\/produs\/ventilator-fara-acumulator-universalfan-18v-1000-bosch\/"]}]},{"@type":"ImageObject","inLanguage":"ro-RO","@id":"https:\/\/eurotech-iasi.ro\/magazinonline\/produs\/ventilator-fara-acumulator-universalfan-18v-1000-bosch\/#primaryimage","url":"https:\/\/eurotech-iasi.ro\/magazinonline\/wp-content\/uploads\/2023\/10\/Ventilator-fara-acumulator-UniversalFan-18V-1000-Bosch-2.png","contentUrl":"https:\/\/eurotech-iasi.ro\/magazinonline\/wp-content\/uploads\/2023\/10\/Ventilator-fara-acumulator-UniversalFan-18V-1000-Bosch-2.png","width":750,"height":750,"caption":"Ventilator fara acumulator UniversalFan 18V-1000 Bosch"},{"@type":"BreadcrumbList","@id":"https:\/\/eurotech-iasi.ro\/magazinonline\/produs\/ventilator-fara-acumulator-universalfan-18v-1000-bosch\/#breadcrumb","itemListElement":[{"@type":"ListItem","position":1,"name":"Prima pagin\u0103","item":"https:\/\/eurotech-iasi.ro\/magazinonline\/"},{"@type":"ListItem","position":2,"name":"Shop","item":"https:\/\/eurotech-iasi.ro\/magazinonline\/shop\/"},{"@type":"ListItem","position":3,"name":"Ventilator fara acumulator UniversalFan 18V-1000 Bosch"}]},{"@type":"WebSite","@id":"https:\/\/eurotech-iasi.ro\/magazinonline\/#website","url":"https:\/\/eurotech-iasi.ro\/magazinonline\/","name":"Eurotech Iasi","description":"Cu oameni seriosi","publisher":{"@id":"https:\/\/eurotech-iasi.ro\/magazinonline\/#organization"},"potentialAction":[{"@type":"SearchAction","target":{"@type":"EntryPoint","urlTemplate":"https:\/\/eurotech-iasi.ro\/magazinonline\/?s={search_term_string}"},"query-input":{"@type":"PropertyValueSpecification","valueRequired":true,"valueName":"search_term_string"}}],"inLanguage":"ro-RO"},{"@type":"Organization","@id":"https:\/\/eurotech-iasi.ro\/magazinonline\/#organization","name":"Eurotech Iasi","url":"https:\/\/eurotech-iasi.ro\/magazinonline\/","logo":{"@type":"ImageObject","inLanguage":"ro-RO","@id":"https:\/\/eurotech-iasi.ro\/magazinonline\/#\/schema\/logo\/image\/","url":"https:\/\/eurotech-iasi.ro\/magazinonline\/wp-content\/uploads\/2020\/08\/logo-eurotech.png","contentUrl":"https:\/\/eurotech-iasi.ro\/magazinonline\/wp-content\/uploads\/2020\/08\/logo-eurotech.png","width":290,"height":70,"caption":"Eurotech Iasi"},"image":{"@id":"https:\/\/eurotech-iasi.ro\/magazinonline\/#\/schema\/logo\/image\/"},"sameAs":["https:\/\/www.facebook.com\/EurotechIasi\/"]}]}},"_links":{"self":[{"href":"https:\/\/eurotech-iasi.ro\/magazinonline\/wp-json\/wp\/v2\/product\/100049","targetHints":{"allow":["GET"]}}],"collection":[{"href":"https:\/\/eurotech-iasi.ro\/magazinonline\/wp-json\/wp\/v2\/product"}],"about":[{"href":"https:\/\/eurotech-iasi.ro\/magazinonline\/wp-json\/wp\/v2\/types\/product"}],"replies":[{"embeddable":true,"href":"https:\/\/eurotech-iasi.ro\/magazinonline\/wp-json\/wp\/v2\/comments?post=100049"}],"wp:featuredmedia":[{"embeddable":true,"href":"https:\/\/eurotech-iasi.ro\/magazinonline\/wp-json\/wp\/v2\/media\/100052"}],"wp:attachment":[{"href":"https:\/\/eurotech-iasi.ro\/magazinonline\/wp-json\/wp\/v2\/media?parent=100049"}],"wp:term":[{"taxonomy":"product_cat","embeddable":true,"href":"https:\/\/eurotech-iasi.ro\/magazinonline\/wp-json\/wp\/v2\/product_cat?post=100049"},{"taxonomy":"product_tag","embeddable":true,"href":"https:\/\/eurotech-iasi.ro\/magazinonline\/wp-json\/wp\/v2\/product_tag?post=100049"},{"taxonomy":"woo-feed-brand","embeddable":true,"href":"https:\/\/eurotech-iasi.ro\/magazinonline\/wp-json\/wp\/v2\/woo-feed-brand?post=100049"}],"curies":[{"name":"wp","href":"https:\/\/api.w.org\/{rel}","templated":true}]}}