{"id":100164,"date":"2023-10-24T09:50:38","date_gmt":"2023-10-24T06:50:38","guid":{"rendered":"https:\/\/eurotech-iasi.ro\/magazinonline\/?post_type=product&#038;p=100164"},"modified":"2025-12-10T17:13:57","modified_gmt":"2025-12-10T15:13:57","slug":"generator-curent-agt-3601-hsb-ttl-gx-200-3-000-w-motor-honda-gx-200-avr-in-standard","status":"publish","type":"product","link":"https:\/\/eurotech-iasi.ro\/magazinonline\/produs\/generator-curent-agt-3601-hsb-ttl-gx-200-3-000-w-motor-honda-gx-200-avr-in-standard\/","title":{"rendered":"Generator curent AGT 3601 HSB TTL GX 200, 3.000 W , motor Honda GX 200 , AVR in standard"},"content":{"rendered":"<p><strong>Generator curent AGT 3601 HSB TTL GX 200, 3.000 W , motor Honda GX 200 , AVR in standard<\/strong><\/p>\n<ul>\n<li>Modelul de generator Honda are senzor de protectie in baia de ulei,protectie termica si cadru metalic robust cu profil rectangular .<\/li>\n<li>Acest tip de generator monofazat este dotat cu un motor de ultima generatie HONDA OHV ,GX 200 .<\/li>\n<li>Generatorul AGT &#8211; HONDA are un cilindru din fonta pentru o durata de viata foarte mare.<\/li>\n<li>Certificarea Internationala,simplitatea si costurile mici in exploatare sunt unele dintre putinele avantaje ale modelului de generator AGT 3601 HSB TTL GX 200 .<\/li>\n<li>Acest tip de generator de curent monofazat este foarte potrivit pentru aplicatii domestice si semi industriale .<\/li>\n<li>Modelul AGT 3601 HSB TTL GX 200\u00a0<strong>Nu este recomandat pentru utilizarea cu aparate de sudura si scule de santier .<\/strong><\/li>\n<\/ul>\n<p><strong>Dot\u0103ri standard:<\/strong><\/p>\n<p>&#8211; Doua prize monofazate schuko 16 A;<br \/>\n&#8211; Intreruptor magnetotermic general;<br \/>\n&#8211; Multimetru digital cu afi\u015farea tensiunii, frecven\u0163ei \u015fi num\u0103rului de ore de func\u0163ionare;<br \/>\n&#8211; Protec\u0163ie lips\u0103 ulei;<br \/>\n&#8211; Indicator nivel combustibil;<br \/>\n&#8211; Conector de \u00eemp\u0103m\u00e2ntare pe panou<\/p>\n<p><strong>Specificatii tehnice:<\/strong><\/p>\n<p>Model: GX200<br \/>\nTip: OHV, 4 timpi, 1 cilindru, r\u0103cire cu aer<br \/>\nPutere motor: 6.5 CP<br \/>\nCapacitate cilindric\u0103: 196 cm 3<br \/>\nFiltru de aer: semiumed<br \/>\nCombustibil: benzina f\u0103r\u0103 plumb<br \/>\nPornire: cu demaror mecanic<\/p>\n<p><strong>GENERATOR:<\/strong><\/p>\n<p>Tensiune \/ frecven\u0163\u0103: 230 V \/ 50 Hz<br \/>\nFactor de putere: 1<br \/>\nPutere maxim\u0103: 3,0 kVA<br \/>\nPutere nominal\u0103: 2,8 kVA<br \/>\nTura\u0163ie grup: 3.000 rpm<br \/>\nAlternator: sincron, tip AVR cu perii<br \/>\nCapacitate rezervor: 15 l<br \/>\nAutonomie de lucru: 11,5 h la o incarcare de 75%<br \/>\nProtec\u0163ie: IP 23<br \/>\nDimensiuni de gabarit: 600mm\u00d7445mm\u00d7485mm<br \/>\nMas\u0103: 48 kg<\/p>\n<p>&nbsp;<\/p>\n","protected":false},"excerpt":{"rendered":"<p><strong>Generator curent AGT 3601 HSB TTL GX 200, 3.000 W , motor Honda GX 200 , AVR in standard<\/strong>, generator monofazat, ideal la aplicatii domestice si semi industriale.<\/p>\n<p><em><strong>Cod produs: PFAGT3601TTLGX<\/strong><\/em><\/p>\n","protected":false},"featured_media":100166,"comment_status":"open","ping_status":"closed","template":"","meta":{"_acf_changed":false},"product_cat":[4340,4395],"product_tag":[],"woo-feed-brand":[],"class_list":{"0":"post-100164","1":"product","2":"type-product","3":"status-publish","4":"has-post-thumbnail","6":"product_brand-agent-trade","7":"product_cat-generatoare-de-curent","8":"product_cat-generatoare-monofazate","9":"pa_brand-agent-trade","10":"pa_capacitate-rezervor-15-l","11":"pa_combustibil-benzina-fara-plumb-2","12":"pa_motor-honda-gx200","13":"pa_pornire-la-sfoara","14":"pa_putere-6-5-cp","16":"first","17":"instock","18":"shipping-taxable","19":"purchasable","20":"product-type-simple"},"acf":[],"yoast_head":"<!-- This site is optimized with the Yoast SEO plugin v27.3 - https:\/\/yoast.com\/product\/yoast-seo-wordpress\/ -->\n<title>Generator curent AGT 3601 HSB TTL GX 200, 3.000 W , motor Honda GX 200 , AVR in standard - Eurotech Iasi<\/title>\n<meta name=\"robots\" content=\"index, follow, max-snippet:-1, max-image-preview:large, max-video-preview:-1\" \/>\n<link rel=\"canonical\" href=\"https:\/\/eurotech-iasi.ro\/magazinonline\/produs\/generator-curent-agt-3601-hsb-ttl-gx-200-3-000-w-motor-honda-gx-200-avr-in-standard\/\" \/>\n<meta property=\"og:locale\" content=\"ro_RO\" \/>\n<meta property=\"og:type\" content=\"article\" \/>\n<meta property=\"og:title\" content=\"Generator curent AGT 3601 HSB TTL GX 200, 3.000 W , motor Honda GX 200 , AVR in standard - Eurotech Iasi\" \/>\n<meta property=\"og:description\" content=\"Generator curent AGT 3601 HSB TTL GX 200, 3.000 W , motor Honda GX 200 , AVR in standard, generator monofazat, ideal la aplicatii domestice si semi industriale.  Cod produs: PFAGT3601TTLGX\" \/>\n<meta property=\"og:url\" content=\"https:\/\/eurotech-iasi.ro\/magazinonline\/produs\/generator-curent-agt-3601-hsb-ttl-gx-200-3-000-w-motor-honda-gx-200-avr-in-standard\/\" \/>\n<meta property=\"og:site_name\" content=\"Eurotech Iasi\" \/>\n<meta property=\"article:publisher\" content=\"https:\/\/www.facebook.com\/EurotechIasi\/\" \/>\n<meta property=\"article:modified_time\" content=\"2025-12-10T15:13:57+00:00\" \/>\n<meta property=\"og:image\" content=\"https:\/\/eurotech-iasi.ro\/magazinonline\/wp-content\/uploads\/2023\/10\/Generator-curent-AGT-3601-HSB-TTL-GX-200-3.000-W-motor-Honda-GX-200-AVR-in-standard-2.png\" \/>\n\t<meta property=\"og:image:width\" content=\"750\" \/>\n\t<meta property=\"og:image:height\" content=\"750\" \/>\n\t<meta property=\"og:image:type\" content=\"image\/png\" \/>\n<meta name=\"twitter:label1\" content=\"Timp estimat pentru citire\" \/>\n\t<meta name=\"twitter:data1\" content=\"1 minut\" \/>\n<script type=\"application\/ld+json\" class=\"yoast-schema-graph\">{\"@context\":\"https:\\\/\\\/schema.org\",\"@graph\":[{\"@type\":\"WebPage\",\"@id\":\"https:\\\/\\\/eurotech-iasi.ro\\\/magazinonline\\\/produs\\\/generator-curent-agt-3601-hsb-ttl-gx-200-3-000-w-motor-honda-gx-200-avr-in-standard\\\/\",\"url\":\"https:\\\/\\\/eurotech-iasi.ro\\\/magazinonline\\\/produs\\\/generator-curent-agt-3601-hsb-ttl-gx-200-3-000-w-motor-honda-gx-200-avr-in-standard\\\/\",\"name\":\"Generator curent AGT 3601 HSB TTL GX 200, 3.000 W , motor Honda GX 200 , AVR in standard - Eurotech Iasi\",\"isPartOf\":{\"@id\":\"https:\\\/\\\/eurotech-iasi.ro\\\/magazinonline\\\/#website\"},\"primaryImageOfPage\":{\"@id\":\"https:\\\/\\\/eurotech-iasi.ro\\\/magazinonline\\\/produs\\\/generator-curent-agt-3601-hsb-ttl-gx-200-3-000-w-motor-honda-gx-200-avr-in-standard\\\/#primaryimage\"},\"image\":{\"@id\":\"https:\\\/\\\/eurotech-iasi.ro\\\/magazinonline\\\/produs\\\/generator-curent-agt-3601-hsb-ttl-gx-200-3-000-w-motor-honda-gx-200-avr-in-standard\\\/#primaryimage\"},\"thumbnailUrl\":\"https:\\\/\\\/eurotech-iasi.ro\\\/magazinonline\\\/wp-content\\\/uploads\\\/2023\\\/10\\\/Generator-curent-AGT-3601-HSB-TTL-GX-200-3.000-W-motor-Honda-GX-200-AVR-in-standard-2.png\",\"datePublished\":\"2023-10-24T06:50:38+00:00\",\"dateModified\":\"2025-12-10T15:13:57+00:00\",\"breadcrumb\":{\"@id\":\"https:\\\/\\\/eurotech-iasi.ro\\\/magazinonline\\\/produs\\\/generator-curent-agt-3601-hsb-ttl-gx-200-3-000-w-motor-honda-gx-200-avr-in-standard\\\/#breadcrumb\"},\"inLanguage\":\"ro-RO\",\"potentialAction\":[{\"@type\":\"ReadAction\",\"target\":[\"https:\\\/\\\/eurotech-iasi.ro\\\/magazinonline\\\/produs\\\/generator-curent-agt-3601-hsb-ttl-gx-200-3-000-w-motor-honda-gx-200-avr-in-standard\\\/\"]}]},{\"@type\":\"ImageObject\",\"inLanguage\":\"ro-RO\",\"@id\":\"https:\\\/\\\/eurotech-iasi.ro\\\/magazinonline\\\/produs\\\/generator-curent-agt-3601-hsb-ttl-gx-200-3-000-w-motor-honda-gx-200-avr-in-standard\\\/#primaryimage\",\"url\":\"https:\\\/\\\/eurotech-iasi.ro\\\/magazinonline\\\/wp-content\\\/uploads\\\/2023\\\/10\\\/Generator-curent-AGT-3601-HSB-TTL-GX-200-3.000-W-motor-Honda-GX-200-AVR-in-standard-2.png\",\"contentUrl\":\"https:\\\/\\\/eurotech-iasi.ro\\\/magazinonline\\\/wp-content\\\/uploads\\\/2023\\\/10\\\/Generator-curent-AGT-3601-HSB-TTL-GX-200-3.000-W-motor-Honda-GX-200-AVR-in-standard-2.png\",\"width\":750,\"height\":750,\"caption\":\"Generator curent AGT 3601 HSB TTL GX 200, 3.000 W , motor Honda GX 200 , AVR in standard\"},{\"@type\":\"BreadcrumbList\",\"@id\":\"https:\\\/\\\/eurotech-iasi.ro\\\/magazinonline\\\/produs\\\/generator-curent-agt-3601-hsb-ttl-gx-200-3-000-w-motor-honda-gx-200-avr-in-standard\\\/#breadcrumb\",\"itemListElement\":[{\"@type\":\"ListItem\",\"position\":1,\"name\":\"Prima pagin\u0103\",\"item\":\"https:\\\/\\\/eurotech-iasi.ro\\\/magazinonline\\\/\"},{\"@type\":\"ListItem\",\"position\":2,\"name\":\"Shop\",\"item\":\"https:\\\/\\\/eurotech-iasi.ro\\\/magazinonline\\\/shop\\\/\"},{\"@type\":\"ListItem\",\"position\":3,\"name\":\"Generator curent AGT 3601 HSB TTL GX 200, 3.000 W , motor Honda GX 200 , AVR in standard\"}]},{\"@type\":\"WebSite\",\"@id\":\"https:\\\/\\\/eurotech-iasi.ro\\\/magazinonline\\\/#website\",\"url\":\"https:\\\/\\\/eurotech-iasi.ro\\\/magazinonline\\\/\",\"name\":\"Eurotech Iasi\",\"description\":\"Cu oameni seriosi\",\"publisher\":{\"@id\":\"https:\\\/\\\/eurotech-iasi.ro\\\/magazinonline\\\/#organization\"},\"potentialAction\":[{\"@type\":\"SearchAction\",\"target\":{\"@type\":\"EntryPoint\",\"urlTemplate\":\"https:\\\/\\\/eurotech-iasi.ro\\\/magazinonline\\\/?s={search_term_string}\"},\"query-input\":{\"@type\":\"PropertyValueSpecification\",\"valueRequired\":true,\"valueName\":\"search_term_string\"}}],\"inLanguage\":\"ro-RO\"},{\"@type\":\"Organization\",\"@id\":\"https:\\\/\\\/eurotech-iasi.ro\\\/magazinonline\\\/#organization\",\"name\":\"Eurotech Iasi\",\"url\":\"https:\\\/\\\/eurotech-iasi.ro\\\/magazinonline\\\/\",\"logo\":{\"@type\":\"ImageObject\",\"inLanguage\":\"ro-RO\",\"@id\":\"https:\\\/\\\/eurotech-iasi.ro\\\/magazinonline\\\/#\\\/schema\\\/logo\\\/image\\\/\",\"url\":\"https:\\\/\\\/eurotech-iasi.ro\\\/magazinonline\\\/wp-content\\\/uploads\\\/2020\\\/08\\\/logo-eurotech.png\",\"contentUrl\":\"https:\\\/\\\/eurotech-iasi.ro\\\/magazinonline\\\/wp-content\\\/uploads\\\/2020\\\/08\\\/logo-eurotech.png\",\"width\":290,\"height\":70,\"caption\":\"Eurotech Iasi\"},\"image\":{\"@id\":\"https:\\\/\\\/eurotech-iasi.ro\\\/magazinonline\\\/#\\\/schema\\\/logo\\\/image\\\/\"},\"sameAs\":[\"https:\\\/\\\/www.facebook.com\\\/EurotechIasi\\\/\"]}]}<\/script>\n<!-- \/ Yoast SEO plugin. -->","yoast_head_json":{"title":"Generator curent AGT 3601 HSB TTL GX 200, 3.000 W , motor Honda GX 200 , AVR in standard - Eurotech Iasi","robots":{"index":"index","follow":"follow","max-snippet":"max-snippet:-1","max-image-preview":"max-image-preview:large","max-video-preview":"max-video-preview:-1"},"canonical":"https:\/\/eurotech-iasi.ro\/magazinonline\/produs\/generator-curent-agt-3601-hsb-ttl-gx-200-3-000-w-motor-honda-gx-200-avr-in-standard\/","og_locale":"ro_RO","og_type":"article","og_title":"Generator curent AGT 3601 HSB TTL GX 200, 3.000 W , motor Honda GX 200 , AVR in standard - Eurotech Iasi","og_description":"Generator curent AGT 3601 HSB TTL GX 200, 3.000 W , motor Honda GX 200 , AVR in standard, generator monofazat, ideal la aplicatii domestice si semi industriale.  Cod produs: PFAGT3601TTLGX","og_url":"https:\/\/eurotech-iasi.ro\/magazinonline\/produs\/generator-curent-agt-3601-hsb-ttl-gx-200-3-000-w-motor-honda-gx-200-avr-in-standard\/","og_site_name":"Eurotech Iasi","article_publisher":"https:\/\/www.facebook.com\/EurotechIasi\/","article_modified_time":"2025-12-10T15:13:57+00:00","og_image":[{"width":750,"height":750,"url":"https:\/\/eurotech-iasi.ro\/magazinonline\/wp-content\/uploads\/2023\/10\/Generator-curent-AGT-3601-HSB-TTL-GX-200-3.000-W-motor-Honda-GX-200-AVR-in-standard-2.png","type":"image\/png"}],"twitter_misc":{"Timp estimat pentru citire":"1 minut"},"schema":{"@context":"https:\/\/schema.org","@graph":[{"@type":"WebPage","@id":"https:\/\/eurotech-iasi.ro\/magazinonline\/produs\/generator-curent-agt-3601-hsb-ttl-gx-200-3-000-w-motor-honda-gx-200-avr-in-standard\/","url":"https:\/\/eurotech-iasi.ro\/magazinonline\/produs\/generator-curent-agt-3601-hsb-ttl-gx-200-3-000-w-motor-honda-gx-200-avr-in-standard\/","name":"Generator curent AGT 3601 HSB TTL GX 200, 3.000 W , motor Honda GX 200 , AVR in standard - Eurotech Iasi","isPartOf":{"@id":"https:\/\/eurotech-iasi.ro\/magazinonline\/#website"},"primaryImageOfPage":{"@id":"https:\/\/eurotech-iasi.ro\/magazinonline\/produs\/generator-curent-agt-3601-hsb-ttl-gx-200-3-000-w-motor-honda-gx-200-avr-in-standard\/#primaryimage"},"image":{"@id":"https:\/\/eurotech-iasi.ro\/magazinonline\/produs\/generator-curent-agt-3601-hsb-ttl-gx-200-3-000-w-motor-honda-gx-200-avr-in-standard\/#primaryimage"},"thumbnailUrl":"https:\/\/eurotech-iasi.ro\/magazinonline\/wp-content\/uploads\/2023\/10\/Generator-curent-AGT-3601-HSB-TTL-GX-200-3.000-W-motor-Honda-GX-200-AVR-in-standard-2.png","datePublished":"2023-10-24T06:50:38+00:00","dateModified":"2025-12-10T15:13:57+00:00","breadcrumb":{"@id":"https:\/\/eurotech-iasi.ro\/magazinonline\/produs\/generator-curent-agt-3601-hsb-ttl-gx-200-3-000-w-motor-honda-gx-200-avr-in-standard\/#breadcrumb"},"inLanguage":"ro-RO","potentialAction":[{"@type":"ReadAction","target":["https:\/\/eurotech-iasi.ro\/magazinonline\/produs\/generator-curent-agt-3601-hsb-ttl-gx-200-3-000-w-motor-honda-gx-200-avr-in-standard\/"]}]},{"@type":"ImageObject","inLanguage":"ro-RO","@id":"https:\/\/eurotech-iasi.ro\/magazinonline\/produs\/generator-curent-agt-3601-hsb-ttl-gx-200-3-000-w-motor-honda-gx-200-avr-in-standard\/#primaryimage","url":"https:\/\/eurotech-iasi.ro\/magazinonline\/wp-content\/uploads\/2023\/10\/Generator-curent-AGT-3601-HSB-TTL-GX-200-3.000-W-motor-Honda-GX-200-AVR-in-standard-2.png","contentUrl":"https:\/\/eurotech-iasi.ro\/magazinonline\/wp-content\/uploads\/2023\/10\/Generator-curent-AGT-3601-HSB-TTL-GX-200-3.000-W-motor-Honda-GX-200-AVR-in-standard-2.png","width":750,"height":750,"caption":"Generator curent AGT 3601 HSB TTL GX 200, 3.000 W , motor Honda GX 200 , AVR in standard"},{"@type":"BreadcrumbList","@id":"https:\/\/eurotech-iasi.ro\/magazinonline\/produs\/generator-curent-agt-3601-hsb-ttl-gx-200-3-000-w-motor-honda-gx-200-avr-in-standard\/#breadcrumb","itemListElement":[{"@type":"ListItem","position":1,"name":"Prima pagin\u0103","item":"https:\/\/eurotech-iasi.ro\/magazinonline\/"},{"@type":"ListItem","position":2,"name":"Shop","item":"https:\/\/eurotech-iasi.ro\/magazinonline\/shop\/"},{"@type":"ListItem","position":3,"name":"Generator curent AGT 3601 HSB TTL GX 200, 3.000 W , motor Honda GX 200 , AVR in standard"}]},{"@type":"WebSite","@id":"https:\/\/eurotech-iasi.ro\/magazinonline\/#website","url":"https:\/\/eurotech-iasi.ro\/magazinonline\/","name":"Eurotech Iasi","description":"Cu oameni seriosi","publisher":{"@id":"https:\/\/eurotech-iasi.ro\/magazinonline\/#organization"},"potentialAction":[{"@type":"SearchAction","target":{"@type":"EntryPoint","urlTemplate":"https:\/\/eurotech-iasi.ro\/magazinonline\/?s={search_term_string}"},"query-input":{"@type":"PropertyValueSpecification","valueRequired":true,"valueName":"search_term_string"}}],"inLanguage":"ro-RO"},{"@type":"Organization","@id":"https:\/\/eurotech-iasi.ro\/magazinonline\/#organization","name":"Eurotech Iasi","url":"https:\/\/eurotech-iasi.ro\/magazinonline\/","logo":{"@type":"ImageObject","inLanguage":"ro-RO","@id":"https:\/\/eurotech-iasi.ro\/magazinonline\/#\/schema\/logo\/image\/","url":"https:\/\/eurotech-iasi.ro\/magazinonline\/wp-content\/uploads\/2020\/08\/logo-eurotech.png","contentUrl":"https:\/\/eurotech-iasi.ro\/magazinonline\/wp-content\/uploads\/2020\/08\/logo-eurotech.png","width":290,"height":70,"caption":"Eurotech Iasi"},"image":{"@id":"https:\/\/eurotech-iasi.ro\/magazinonline\/#\/schema\/logo\/image\/"},"sameAs":["https:\/\/www.facebook.com\/EurotechIasi\/"]}]}},"_links":{"self":[{"href":"https:\/\/eurotech-iasi.ro\/magazinonline\/wp-json\/wp\/v2\/product\/100164","targetHints":{"allow":["GET"]}}],"collection":[{"href":"https:\/\/eurotech-iasi.ro\/magazinonline\/wp-json\/wp\/v2\/product"}],"about":[{"href":"https:\/\/eurotech-iasi.ro\/magazinonline\/wp-json\/wp\/v2\/types\/product"}],"replies":[{"embeddable":true,"href":"https:\/\/eurotech-iasi.ro\/magazinonline\/wp-json\/wp\/v2\/comments?post=100164"}],"wp:featuredmedia":[{"embeddable":true,"href":"https:\/\/eurotech-iasi.ro\/magazinonline\/wp-json\/wp\/v2\/media\/100166"}],"wp:attachment":[{"href":"https:\/\/eurotech-iasi.ro\/magazinonline\/wp-json\/wp\/v2\/media?parent=100164"}],"wp:term":[{"taxonomy":"product_cat","embeddable":true,"href":"https:\/\/eurotech-iasi.ro\/magazinonline\/wp-json\/wp\/v2\/product_cat?post=100164"},{"taxonomy":"product_tag","embeddable":true,"href":"https:\/\/eurotech-iasi.ro\/magazinonline\/wp-json\/wp\/v2\/product_tag?post=100164"},{"taxonomy":"woo-feed-brand","embeddable":true,"href":"https:\/\/eurotech-iasi.ro\/magazinonline\/wp-json\/wp\/v2\/woo-feed-brand?post=100164"}],"curies":[{"name":"wp","href":"https:\/\/api.w.org\/{rel}","templated":true}]}}