{"id":100225,"date":"2023-10-24T16:00:09","date_gmt":"2023-10-24T13:00:09","guid":{"rendered":"https:\/\/eurotech-iasi.ro\/magazinonline\/?post_type=product&#038;p=100225"},"modified":"2025-03-17T13:44:06","modified_gmt":"2025-03-17T11:44:06","slug":"generator-curent-monofazat-media-line-mlg-3500e-2","status":"publish","type":"product","link":"https:\/\/eurotech-iasi.ro\/magazinonline\/produs\/generator-curent-monofazat-media-line-mlg-3500e-2\/","title":{"rendered":"Generator curent monofazat Media Line MLG 3500E\/2"},"content":{"rendered":"<p><strong>Generator curent monofazat Media Line MLG 3500E\/2, <\/strong>putere maxima 3 kVA, pornire electrica, rezervor 15 L<strong>,<\/strong> benzina, AVR cu perii este usor de operat, fiind potrivit atat uzului personal, cat si celui profesional.<\/p>\n<h4>PREZENTARE PRODUS<\/h4>\n<ul>\n<li>Generator curent electric MLG 3500E\/2 , putere 3 kVA , motor 7 cp , rezervor 15 l<\/li>\n<li>Toata energia generatorului MEDIA LINE MLG 3500E\/2 este asigurata de un motor foarte puternic.<\/li>\n<li>Motorul are puterea de 7 CP, este extrem de fiabil, usor de intretinut si cu rezultate dovedite in timp.<\/li>\n<li>Generatorul MEDIA LINE MLG 3500E\/2 se bucura de o putere considerabila de 3 kVA.<\/li>\n<li>Cu o asemenea putere veti putea conecta o multitudine de dispozitive la retea.<\/li>\n<li>Cu capacitatea de 15 L, generatorul MEDIA LINE MLG 3500E\/2 va garanteaza o autonomie de peste 15 ore la un consum total de 50 % benzina .<\/li>\n<li>Cu o asemenea autonomie ridicata veti putea trece si rezolva foarte usor orice problema ce tine de energia electrica. Prin existenta senzorului de ulei, chiar nu mai trebuie sa iti faci griji daca uiti sa adaugi ulei sau nivelul acestuia este insuficient.<\/li>\n<li>MEDIA LINE MLG 3500E\/2 odata ce a sesizat ca nu are ulei, se va opri automat, astfel veti fi ferit de orice risc de avarie al generatorului.<\/li>\n<li>Nimic nu este mai important decat siguranta, de aceea generatorul MEDIA LINE MLG 3500E\/2 are implementat sistem de impamantare, astfel puteti folosi in conditii de maxima siguranta.<\/li>\n<\/ul>\n<h2>Specificatii tehnice &#8211; Generator curent monofazat Media Line MLG 3500E\/2:<\/h2>\n<p>Putere maxima ( kVA ) &#8211; 3<br \/>\nMotor &#8211; Media Line<br \/>\nTip motor1 cilindru \/ 4 timpi \/ r\u0103cit cu aer<br \/>\nPutere motor ( CP ) &#8211; 7<br \/>\nCapacitate cilindrica ( cmc ) &#8211; 208<br \/>\nSistem de racire motor &#8211; Racire cu aer<br \/>\nVolum rezervor ( l ) &#8211; 15<br \/>\nTuratie grup ( rpm ) &#8211; 3.000<br \/>\nCombustibil &#8211; Benzina fara plumb<br \/>\nConsum combustibil ( g\/kW h ) &#8211; 395<br \/>\nAutonomie ( h) &#8211; 15 h la o incarcare de 50%<br \/>\nSistem de pornire &#8211; Electric 12 V<br \/>\nPlaja putere ( kVA ) &#8211; 3-5<br \/>\nTip Rezervor ( l ) &#8211; Mediu ( 7-16 )<br \/>\nAlternator &#8211; Sincron<br \/>\nTip alternator &#8211; AVR cu perii<br \/>\nFactor de putere- 0.8 \/ 1<br \/>\nFrecventa ( Hz ) &#8211; 50<br \/>\nTensiune ( V ) &#8211; 230<br \/>\nNivel de zgomot ( db A ) &#8211; 95<br \/>\nNumar de faze &#8211; monofazat<br \/>\nNumar de prize &#8211; 2<br \/>\nGradul de protectie ( IP ) &#8211; 23<br \/>\nPanou de control &#8211; Multimetru digital cu afi\u015farea tensiunii, frecven\u0163ei \u015fi num\u0103rului de ore de func\u0163ionare<br \/>\nDimensiuni ( mm ) &#8211; 605\u00d7450\u00d7485<br \/>\nGreutate ( Kg ) &#8211; 46<br \/>\nTip structura &#8211; Cadru deschis<br \/>\nGama &#8211; Media Line<\/p>\n","protected":false},"excerpt":{"rendered":"<p><strong>Generator curent monofazat Media Line MLG 3500E\/2, <\/strong>putere maxima 3 kVA, pornire electrica, rezervor 15 L<strong>,<\/strong> benzina, AVR cu perii este usor de operat, fiind potrivit atat uzului personal, cat si celui profesional.<\/p>\n<p><em><strong>Cod produs: MLG3500E\/2<\/strong><\/em><\/p>\n","protected":false},"featured_media":100228,"comment_status":"open","ping_status":"closed","template":"","meta":{"_acf_changed":false},"product_cat":[4340,4395],"product_tag":[],"woo-feed-brand":[],"class_list":{"0":"post-100225","1":"product","2":"type-product","3":"status-publish","4":"has-post-thumbnail","6":"product_brand-medialine","7":"product_cat-generatoare-de-curent","8":"product_cat-generatoare-monofazate","9":"pa_brand-medialine","10":"pa_capacitate-rezervor-15-l","11":"pa_combustibil-benzina-fara-plumb-2","12":"pa_greutate-46-kg-2","13":"pa_motor-media-line","14":"pa_putere-maxima-230v-3-kva","15":"pa_putere-motor-7-cp","16":"pa_sistem-de-pornire-electric","17":"pa_tip-motor-4-timpi-1-cilindru-racire-cu-aer","18":"pa_turatie-3000-rpm","20":"first","21":"outofstock","22":"shipping-taxable","23":"purchasable","24":"product-type-simple"},"acf":[],"yoast_head":"<!-- This site is optimized with the Yoast SEO plugin v27.3 - https:\/\/yoast.com\/product\/yoast-seo-wordpress\/ -->\n<title>Generator curent monofazat Media Line MLG 3500E\/2 - Eurotech Iasi<\/title>\n<meta name=\"robots\" content=\"index, follow, max-snippet:-1, max-image-preview:large, max-video-preview:-1\" \/>\n<link rel=\"canonical\" href=\"https:\/\/eurotech-iasi.ro\/magazinonline\/produs\/generator-curent-monofazat-media-line-mlg-3500e-2\/\" \/>\n<meta property=\"og:locale\" content=\"ro_RO\" \/>\n<meta property=\"og:type\" content=\"article\" \/>\n<meta property=\"og:title\" content=\"Generator curent monofazat Media Line MLG 3500E\/2 - Eurotech Iasi\" \/>\n<meta property=\"og:description\" content=\"Generator curent monofazat Media Line MLG 3500E\/2, putere maxima 3 kVA, pornire electrica, rezervor 15 L, benzina, AVR cu perii este usor de operat, fiind potrivit atat uzului personal, cat si celui profesional.  Cod produs: MLG3500E\/2\" \/>\n<meta property=\"og:url\" content=\"https:\/\/eurotech-iasi.ro\/magazinonline\/produs\/generator-curent-monofazat-media-line-mlg-3500e-2\/\" \/>\n<meta property=\"og:site_name\" content=\"Eurotech Iasi\" \/>\n<meta property=\"article:publisher\" content=\"https:\/\/www.facebook.com\/EurotechIasi\/\" \/>\n<meta property=\"article:modified_time\" content=\"2025-03-17T11:44:06+00:00\" \/>\n<meta property=\"og:image\" content=\"https:\/\/eurotech-iasi.ro\/magazinonline\/wp-content\/uploads\/2023\/10\/Generator-de-curent-monofazat-Media-Line-MLG-3500E2-.png\" \/>\n\t<meta property=\"og:image:width\" content=\"750\" \/>\n\t<meta property=\"og:image:height\" content=\"750\" \/>\n\t<meta property=\"og:image:type\" content=\"image\/png\" \/>\n<meta name=\"twitter:label1\" content=\"Timp estimat pentru citire\" \/>\n\t<meta name=\"twitter:data1\" content=\"2 minute\" \/>\n<script type=\"application\/ld+json\" class=\"yoast-schema-graph\">{\"@context\":\"https:\\\/\\\/schema.org\",\"@graph\":[{\"@type\":\"WebPage\",\"@id\":\"https:\\\/\\\/eurotech-iasi.ro\\\/magazinonline\\\/produs\\\/generator-curent-monofazat-media-line-mlg-3500e-2\\\/\",\"url\":\"https:\\\/\\\/eurotech-iasi.ro\\\/magazinonline\\\/produs\\\/generator-curent-monofazat-media-line-mlg-3500e-2\\\/\",\"name\":\"Generator curent monofazat Media Line MLG 3500E\\\/2 - Eurotech Iasi\",\"isPartOf\":{\"@id\":\"https:\\\/\\\/eurotech-iasi.ro\\\/magazinonline\\\/#website\"},\"primaryImageOfPage\":{\"@id\":\"https:\\\/\\\/eurotech-iasi.ro\\\/magazinonline\\\/produs\\\/generator-curent-monofazat-media-line-mlg-3500e-2\\\/#primaryimage\"},\"image\":{\"@id\":\"https:\\\/\\\/eurotech-iasi.ro\\\/magazinonline\\\/produs\\\/generator-curent-monofazat-media-line-mlg-3500e-2\\\/#primaryimage\"},\"thumbnailUrl\":\"https:\\\/\\\/eurotech-iasi.ro\\\/magazinonline\\\/wp-content\\\/uploads\\\/2023\\\/10\\\/Generator-de-curent-monofazat-Media-Line-MLG-3500E2-.png\",\"datePublished\":\"2023-10-24T13:00:09+00:00\",\"dateModified\":\"2025-03-17T11:44:06+00:00\",\"breadcrumb\":{\"@id\":\"https:\\\/\\\/eurotech-iasi.ro\\\/magazinonline\\\/produs\\\/generator-curent-monofazat-media-line-mlg-3500e-2\\\/#breadcrumb\"},\"inLanguage\":\"ro-RO\",\"potentialAction\":[{\"@type\":\"ReadAction\",\"target\":[\"https:\\\/\\\/eurotech-iasi.ro\\\/magazinonline\\\/produs\\\/generator-curent-monofazat-media-line-mlg-3500e-2\\\/\"]}]},{\"@type\":\"ImageObject\",\"inLanguage\":\"ro-RO\",\"@id\":\"https:\\\/\\\/eurotech-iasi.ro\\\/magazinonline\\\/produs\\\/generator-curent-monofazat-media-line-mlg-3500e-2\\\/#primaryimage\",\"url\":\"https:\\\/\\\/eurotech-iasi.ro\\\/magazinonline\\\/wp-content\\\/uploads\\\/2023\\\/10\\\/Generator-de-curent-monofazat-Media-Line-MLG-3500E2-.png\",\"contentUrl\":\"https:\\\/\\\/eurotech-iasi.ro\\\/magazinonline\\\/wp-content\\\/uploads\\\/2023\\\/10\\\/Generator-de-curent-monofazat-Media-Line-MLG-3500E2-.png\",\"width\":750,\"height\":750,\"caption\":\"Generator curent monofazat Media Line MLG 3500E2\"},{\"@type\":\"BreadcrumbList\",\"@id\":\"https:\\\/\\\/eurotech-iasi.ro\\\/magazinonline\\\/produs\\\/generator-curent-monofazat-media-line-mlg-3500e-2\\\/#breadcrumb\",\"itemListElement\":[{\"@type\":\"ListItem\",\"position\":1,\"name\":\"Prima pagin\u0103\",\"item\":\"https:\\\/\\\/eurotech-iasi.ro\\\/magazinonline\\\/\"},{\"@type\":\"ListItem\",\"position\":2,\"name\":\"Shop\",\"item\":\"https:\\\/\\\/eurotech-iasi.ro\\\/magazinonline\\\/shop\\\/\"},{\"@type\":\"ListItem\",\"position\":3,\"name\":\"Generator curent monofazat Media Line MLG 3500E\\\/2\"}]},{\"@type\":\"WebSite\",\"@id\":\"https:\\\/\\\/eurotech-iasi.ro\\\/magazinonline\\\/#website\",\"url\":\"https:\\\/\\\/eurotech-iasi.ro\\\/magazinonline\\\/\",\"name\":\"Eurotech Iasi\",\"description\":\"Cu oameni seriosi\",\"publisher\":{\"@id\":\"https:\\\/\\\/eurotech-iasi.ro\\\/magazinonline\\\/#organization\"},\"potentialAction\":[{\"@type\":\"SearchAction\",\"target\":{\"@type\":\"EntryPoint\",\"urlTemplate\":\"https:\\\/\\\/eurotech-iasi.ro\\\/magazinonline\\\/?s={search_term_string}\"},\"query-input\":{\"@type\":\"PropertyValueSpecification\",\"valueRequired\":true,\"valueName\":\"search_term_string\"}}],\"inLanguage\":\"ro-RO\"},{\"@type\":\"Organization\",\"@id\":\"https:\\\/\\\/eurotech-iasi.ro\\\/magazinonline\\\/#organization\",\"name\":\"Eurotech Iasi\",\"url\":\"https:\\\/\\\/eurotech-iasi.ro\\\/magazinonline\\\/\",\"logo\":{\"@type\":\"ImageObject\",\"inLanguage\":\"ro-RO\",\"@id\":\"https:\\\/\\\/eurotech-iasi.ro\\\/magazinonline\\\/#\\\/schema\\\/logo\\\/image\\\/\",\"url\":\"https:\\\/\\\/eurotech-iasi.ro\\\/magazinonline\\\/wp-content\\\/uploads\\\/2020\\\/08\\\/logo-eurotech.png\",\"contentUrl\":\"https:\\\/\\\/eurotech-iasi.ro\\\/magazinonline\\\/wp-content\\\/uploads\\\/2020\\\/08\\\/logo-eurotech.png\",\"width\":290,\"height\":70,\"caption\":\"Eurotech Iasi\"},\"image\":{\"@id\":\"https:\\\/\\\/eurotech-iasi.ro\\\/magazinonline\\\/#\\\/schema\\\/logo\\\/image\\\/\"},\"sameAs\":[\"https:\\\/\\\/www.facebook.com\\\/EurotechIasi\\\/\"]}]}<\/script>\n<!-- \/ Yoast SEO plugin. -->","yoast_head_json":{"title":"Generator curent monofazat Media Line MLG 3500E\/2 - Eurotech Iasi","robots":{"index":"index","follow":"follow","max-snippet":"max-snippet:-1","max-image-preview":"max-image-preview:large","max-video-preview":"max-video-preview:-1"},"canonical":"https:\/\/eurotech-iasi.ro\/magazinonline\/produs\/generator-curent-monofazat-media-line-mlg-3500e-2\/","og_locale":"ro_RO","og_type":"article","og_title":"Generator curent monofazat Media Line MLG 3500E\/2 - Eurotech Iasi","og_description":"Generator curent monofazat Media Line MLG 3500E\/2, putere maxima 3 kVA, pornire electrica, rezervor 15 L, benzina, AVR cu perii este usor de operat, fiind potrivit atat uzului personal, cat si celui profesional.  Cod produs: MLG3500E\/2","og_url":"https:\/\/eurotech-iasi.ro\/magazinonline\/produs\/generator-curent-monofazat-media-line-mlg-3500e-2\/","og_site_name":"Eurotech Iasi","article_publisher":"https:\/\/www.facebook.com\/EurotechIasi\/","article_modified_time":"2025-03-17T11:44:06+00:00","og_image":[{"width":750,"height":750,"url":"https:\/\/eurotech-iasi.ro\/magazinonline\/wp-content\/uploads\/2023\/10\/Generator-de-curent-monofazat-Media-Line-MLG-3500E2-.png","type":"image\/png"}],"twitter_misc":{"Timp estimat pentru citire":"2 minute"},"schema":{"@context":"https:\/\/schema.org","@graph":[{"@type":"WebPage","@id":"https:\/\/eurotech-iasi.ro\/magazinonline\/produs\/generator-curent-monofazat-media-line-mlg-3500e-2\/","url":"https:\/\/eurotech-iasi.ro\/magazinonline\/produs\/generator-curent-monofazat-media-line-mlg-3500e-2\/","name":"Generator curent monofazat Media Line MLG 3500E\/2 - Eurotech Iasi","isPartOf":{"@id":"https:\/\/eurotech-iasi.ro\/magazinonline\/#website"},"primaryImageOfPage":{"@id":"https:\/\/eurotech-iasi.ro\/magazinonline\/produs\/generator-curent-monofazat-media-line-mlg-3500e-2\/#primaryimage"},"image":{"@id":"https:\/\/eurotech-iasi.ro\/magazinonline\/produs\/generator-curent-monofazat-media-line-mlg-3500e-2\/#primaryimage"},"thumbnailUrl":"https:\/\/eurotech-iasi.ro\/magazinonline\/wp-content\/uploads\/2023\/10\/Generator-de-curent-monofazat-Media-Line-MLG-3500E2-.png","datePublished":"2023-10-24T13:00:09+00:00","dateModified":"2025-03-17T11:44:06+00:00","breadcrumb":{"@id":"https:\/\/eurotech-iasi.ro\/magazinonline\/produs\/generator-curent-monofazat-media-line-mlg-3500e-2\/#breadcrumb"},"inLanguage":"ro-RO","potentialAction":[{"@type":"ReadAction","target":["https:\/\/eurotech-iasi.ro\/magazinonline\/produs\/generator-curent-monofazat-media-line-mlg-3500e-2\/"]}]},{"@type":"ImageObject","inLanguage":"ro-RO","@id":"https:\/\/eurotech-iasi.ro\/magazinonline\/produs\/generator-curent-monofazat-media-line-mlg-3500e-2\/#primaryimage","url":"https:\/\/eurotech-iasi.ro\/magazinonline\/wp-content\/uploads\/2023\/10\/Generator-de-curent-monofazat-Media-Line-MLG-3500E2-.png","contentUrl":"https:\/\/eurotech-iasi.ro\/magazinonline\/wp-content\/uploads\/2023\/10\/Generator-de-curent-monofazat-Media-Line-MLG-3500E2-.png","width":750,"height":750,"caption":"Generator curent monofazat Media Line MLG 3500E2"},{"@type":"BreadcrumbList","@id":"https:\/\/eurotech-iasi.ro\/magazinonline\/produs\/generator-curent-monofazat-media-line-mlg-3500e-2\/#breadcrumb","itemListElement":[{"@type":"ListItem","position":1,"name":"Prima pagin\u0103","item":"https:\/\/eurotech-iasi.ro\/magazinonline\/"},{"@type":"ListItem","position":2,"name":"Shop","item":"https:\/\/eurotech-iasi.ro\/magazinonline\/shop\/"},{"@type":"ListItem","position":3,"name":"Generator curent monofazat Media Line MLG 3500E\/2"}]},{"@type":"WebSite","@id":"https:\/\/eurotech-iasi.ro\/magazinonline\/#website","url":"https:\/\/eurotech-iasi.ro\/magazinonline\/","name":"Eurotech Iasi","description":"Cu oameni seriosi","publisher":{"@id":"https:\/\/eurotech-iasi.ro\/magazinonline\/#organization"},"potentialAction":[{"@type":"SearchAction","target":{"@type":"EntryPoint","urlTemplate":"https:\/\/eurotech-iasi.ro\/magazinonline\/?s={search_term_string}"},"query-input":{"@type":"PropertyValueSpecification","valueRequired":true,"valueName":"search_term_string"}}],"inLanguage":"ro-RO"},{"@type":"Organization","@id":"https:\/\/eurotech-iasi.ro\/magazinonline\/#organization","name":"Eurotech Iasi","url":"https:\/\/eurotech-iasi.ro\/magazinonline\/","logo":{"@type":"ImageObject","inLanguage":"ro-RO","@id":"https:\/\/eurotech-iasi.ro\/magazinonline\/#\/schema\/logo\/image\/","url":"https:\/\/eurotech-iasi.ro\/magazinonline\/wp-content\/uploads\/2020\/08\/logo-eurotech.png","contentUrl":"https:\/\/eurotech-iasi.ro\/magazinonline\/wp-content\/uploads\/2020\/08\/logo-eurotech.png","width":290,"height":70,"caption":"Eurotech Iasi"},"image":{"@id":"https:\/\/eurotech-iasi.ro\/magazinonline\/#\/schema\/logo\/image\/"},"sameAs":["https:\/\/www.facebook.com\/EurotechIasi\/"]}]}},"_links":{"self":[{"href":"https:\/\/eurotech-iasi.ro\/magazinonline\/wp-json\/wp\/v2\/product\/100225","targetHints":{"allow":["GET"]}}],"collection":[{"href":"https:\/\/eurotech-iasi.ro\/magazinonline\/wp-json\/wp\/v2\/product"}],"about":[{"href":"https:\/\/eurotech-iasi.ro\/magazinonline\/wp-json\/wp\/v2\/types\/product"}],"replies":[{"embeddable":true,"href":"https:\/\/eurotech-iasi.ro\/magazinonline\/wp-json\/wp\/v2\/comments?post=100225"}],"wp:featuredmedia":[{"embeddable":true,"href":"https:\/\/eurotech-iasi.ro\/magazinonline\/wp-json\/wp\/v2\/media\/100228"}],"wp:attachment":[{"href":"https:\/\/eurotech-iasi.ro\/magazinonline\/wp-json\/wp\/v2\/media?parent=100225"}],"wp:term":[{"taxonomy":"product_cat","embeddable":true,"href":"https:\/\/eurotech-iasi.ro\/magazinonline\/wp-json\/wp\/v2\/product_cat?post=100225"},{"taxonomy":"product_tag","embeddable":true,"href":"https:\/\/eurotech-iasi.ro\/magazinonline\/wp-json\/wp\/v2\/product_tag?post=100225"},{"taxonomy":"woo-feed-brand","embeddable":true,"href":"https:\/\/eurotech-iasi.ro\/magazinonline\/wp-json\/wp\/v2\/woo-feed-brand?post=100225"}],"curies":[{"name":"wp","href":"https:\/\/api.w.org\/{rel}","templated":true}]}}