{"id":100229,"date":"2023-10-24T16:12:22","date_gmt":"2023-10-24T13:12:22","guid":{"rendered":"https:\/\/eurotech-iasi.ro\/magazinonline\/?post_type=product&#038;p=100229"},"modified":"2025-01-31T08:29:18","modified_gmt":"2025-01-31T06:29:18","slug":"generator-curent-monofazat-media-line-mlg-9000e-2","status":"publish","type":"product","link":"https:\/\/eurotech-iasi.ro\/magazinonline\/produs\/generator-curent-monofazat-media-line-mlg-9000e-2\/","title":{"rendered":"Generator curent monofazat Media Line MLG 9000E-2"},"content":{"rendered":"<p><strong>Generator curent monofazat Media Line MLG 9000E-2, <\/strong>pornire electrica, putere maxima 8 kVA , motor foarte puternic de 17 cp este extrem de fiabil, usor de intretinut si cu rezultate dovedite in timp, rezervor de 25 l\u00a0 ce garanteaza o autonomie de peste 14 ore la un consum total de 50\/100 benzina .<\/p>\n<h2>Avantaje &#8211; Generator curent monofazat Media Line MLG 9000E-2:<\/h2>\n<ul>\n<li>Cu o asemenea autonomie ridicata veti putea trece si rezolva foarte usor orice problema ce tine de energia electrica.<\/li>\n<li>Prin existenta senzorului de ulei, chiar nu mai trebuie sa iti faci griji daca uiti sa adaugi ulei sau nivelul acestuia este insuficient.<\/li>\n<\/ul>\n<h3>Specificatii tehnice &#8211; Generator curent monofazat Media Line MLG 9000E-2:<\/h3>\n<p>Putere maxima ( kVA ) &#8211; 8.0<br \/>\nMotor &#8211; Media Line<br \/>\nTip motor &#8211; 1 cilindru \/ 4 timpi \/ r\u0103cit cu aer<br \/>\nPutere motor ( CP ) &#8211; 17<br \/>\nCapacitate cilindrica ( cmc ) &#8211; 457<br \/>\nSistem de racire motor &#8211; Racire cu aer<br \/>\nVolum rezervor ( l ) &#8211; 25<br \/>\nTuratie grup ( rpm ) &#8211; 3000<br \/>\nCombustibil &#8211; Benzina fara plumb<br \/>\nAutonomie ( h) &#8211; 10 la o incarcare de 50%<br \/>\nSistem de pornire &#8211; Demaror electric 12 V\/Demaror cu sfoara<br \/>\nPlaja putere ( kVA ) &#8211; 6-8<br \/>\nTip Rezervor ( l ) &#8211; Mare ( 19-100 )<br \/>\nTip alternator &#8211; Sincron, AVR cu perii<br \/>\nFactor de putere &#8211; 1<br \/>\nFrecventa ( Hz ) &#8211; 50<br \/>\nTensiune ( V ) &#8211; 230<br \/>\nNumar de faze &#8211; monofazat<br \/>\nNumar de prize &#8211; 2<br \/>\nGradul de protectie &#8211;\u00a0 ( IP )23<br \/>\nPanou de control &#8211; Multimetru digital cu afi\u015farea tensiunii, frecven\u0163ei \u015fi num\u0103rului de ore de func\u0163ionare<br \/>\nDimensiuni ( mm ) &#8211; 680 X 510 X 550<br \/>\nGreutate ( Kg ) &#8211; 92<br \/>\nTip structura &#8211; Cadru deschis<br \/>\nGama &#8211; Media Line<\/p>\n<p><em><strong>Set de livrare:<\/strong><\/em><\/p>\n<ul>\n<li>O priza monofazata Schuko 16 A<\/li>\n<li>O priza monofazata CEE 32 A, 3 poli<\/li>\n<li>Multimetru digital<\/li>\n<li>Indicator nivel combustibil<\/li>\n<li>Contact de pornire cu cheie<\/li>\n<li>Acumulator ,incarcator si starter electric<\/li>\n<li>Borne 12 V c.c, max 8.3 A<\/li>\n<li>Protectie termica pentru prizele de 230 V si pentru bornele\u00a0 de 12 V c.c.<\/li>\n<li>Conector de impamantare montat pe panou<\/li>\n<li><span style=\"color: #ff0000;\"><strong>Set roti transport<\/strong><\/span><\/li>\n<\/ul>\n","protected":false},"excerpt":{"rendered":"<p><strong>Generator curent monofazat Media Line MLG 9000E-2, <\/strong>pornire electrica, putere maxima 8 kVA , motor foarte puternic de 17 cp este extrem de fiabil, usor de intretinut si cu rezultate dovedite in timp, rezervor de 25 l\u00a0 ce garanteaza o autonomie de peste 14 ore la un consum total de 50\/100 benzina.<\/p>\n<p><em><strong>Cod produs: MLG9000\/2<\/strong><\/em><\/p>\n","protected":false},"featured_media":100232,"comment_status":"open","ping_status":"closed","template":"","meta":{"_acf_changed":false},"product_cat":[4340,4395],"product_tag":[],"woo-feed-brand":[],"class_list":{"0":"post-100229","1":"product","2":"type-product","3":"status-publish","4":"has-post-thumbnail","6":"product_brand-medialine","7":"product_cat-generatoare-de-curent","8":"product_cat-generatoare-monofazate","9":"pa_brand-medialine","10":"pa_capacitate-rezervor-25-l","11":"pa_combustibil-benzina-fara-plumb-2","12":"pa_dimensiuni-680-x-510-x-550","13":"pa_greutate-92-kg","14":"pa_motor-media-line","15":"pa_putere-maxima-230v-8-kva","16":"pa_putere-motor-17-cp","17":"pa_sistem-de-pornire-electric","18":"pa_tip-motor-4-timpi-1-cilindru-racire-cu-aer","19":"pa_turatie-3000-rpm","21":"first","22":"instock","23":"shipping-taxable","24":"purchasable","25":"product-type-simple"},"acf":[],"yoast_head":"<!-- This site is optimized with the Yoast SEO plugin v27.3 - https:\/\/yoast.com\/product\/yoast-seo-wordpress\/ -->\n<title>Generator curent monofazat Media Line MLG 9000E-2 - Eurotech Iasi<\/title>\n<meta name=\"robots\" content=\"index, follow, max-snippet:-1, max-image-preview:large, max-video-preview:-1\" \/>\n<link rel=\"canonical\" href=\"https:\/\/eurotech-iasi.ro\/magazinonline\/produs\/generator-curent-monofazat-media-line-mlg-9000e-2\/\" \/>\n<meta property=\"og:locale\" content=\"ro_RO\" \/>\n<meta property=\"og:type\" content=\"article\" \/>\n<meta property=\"og:title\" content=\"Generator curent monofazat Media Line MLG 9000E-2 - Eurotech Iasi\" \/>\n<meta property=\"og:description\" content=\"Generator curent monofazat Media Line MLG 9000E-2, pornire electrica, putere maxima 8 kVA , motor foarte puternic de 17 cp este extrem de fiabil, usor de intretinut si cu rezultate dovedite in timp, rezervor de 25 l\u00a0 ce garanteaza o autonomie de peste 14 ore la un consum total de 50\/100 benzina.  Cod produs: MLG9000\/2\" \/>\n<meta property=\"og:url\" content=\"https:\/\/eurotech-iasi.ro\/magazinonline\/produs\/generator-curent-monofazat-media-line-mlg-9000e-2\/\" \/>\n<meta property=\"og:site_name\" content=\"Eurotech Iasi\" \/>\n<meta property=\"article:publisher\" content=\"https:\/\/www.facebook.com\/EurotechIasi\/\" \/>\n<meta property=\"article:modified_time\" content=\"2025-01-31T06:29:18+00:00\" \/>\n<meta property=\"og:image\" content=\"https:\/\/eurotech-iasi.ro\/magazinonline\/wp-content\/uploads\/2023\/10\/Generator-de-curent-monofazat-Media-Line-MLG-9000E2.png\" \/>\n\t<meta property=\"og:image:width\" content=\"750\" \/>\n\t<meta property=\"og:image:height\" content=\"750\" \/>\n\t<meta property=\"og:image:type\" content=\"image\/png\" \/>\n<meta name=\"twitter:label1\" content=\"Timp estimat pentru citire\" \/>\n\t<meta name=\"twitter:data1\" content=\"2 minute\" \/>\n<script type=\"application\/ld+json\" class=\"yoast-schema-graph\">{\"@context\":\"https:\\\/\\\/schema.org\",\"@graph\":[{\"@type\":\"WebPage\",\"@id\":\"https:\\\/\\\/eurotech-iasi.ro\\\/magazinonline\\\/produs\\\/generator-curent-monofazat-media-line-mlg-9000e-2\\\/\",\"url\":\"https:\\\/\\\/eurotech-iasi.ro\\\/magazinonline\\\/produs\\\/generator-curent-monofazat-media-line-mlg-9000e-2\\\/\",\"name\":\"Generator curent monofazat Media Line MLG 9000E-2 - Eurotech Iasi\",\"isPartOf\":{\"@id\":\"https:\\\/\\\/eurotech-iasi.ro\\\/magazinonline\\\/#website\"},\"primaryImageOfPage\":{\"@id\":\"https:\\\/\\\/eurotech-iasi.ro\\\/magazinonline\\\/produs\\\/generator-curent-monofazat-media-line-mlg-9000e-2\\\/#primaryimage\"},\"image\":{\"@id\":\"https:\\\/\\\/eurotech-iasi.ro\\\/magazinonline\\\/produs\\\/generator-curent-monofazat-media-line-mlg-9000e-2\\\/#primaryimage\"},\"thumbnailUrl\":\"https:\\\/\\\/eurotech-iasi.ro\\\/magazinonline\\\/wp-content\\\/uploads\\\/2023\\\/10\\\/Generator-de-curent-monofazat-Media-Line-MLG-9000E2.png\",\"datePublished\":\"2023-10-24T13:12:22+00:00\",\"dateModified\":\"2025-01-31T06:29:18+00:00\",\"breadcrumb\":{\"@id\":\"https:\\\/\\\/eurotech-iasi.ro\\\/magazinonline\\\/produs\\\/generator-curent-monofazat-media-line-mlg-9000e-2\\\/#breadcrumb\"},\"inLanguage\":\"ro-RO\",\"potentialAction\":[{\"@type\":\"ReadAction\",\"target\":[\"https:\\\/\\\/eurotech-iasi.ro\\\/magazinonline\\\/produs\\\/generator-curent-monofazat-media-line-mlg-9000e-2\\\/\"]}]},{\"@type\":\"ImageObject\",\"inLanguage\":\"ro-RO\",\"@id\":\"https:\\\/\\\/eurotech-iasi.ro\\\/magazinonline\\\/produs\\\/generator-curent-monofazat-media-line-mlg-9000e-2\\\/#primaryimage\",\"url\":\"https:\\\/\\\/eurotech-iasi.ro\\\/magazinonline\\\/wp-content\\\/uploads\\\/2023\\\/10\\\/Generator-de-curent-monofazat-Media-Line-MLG-9000E2.png\",\"contentUrl\":\"https:\\\/\\\/eurotech-iasi.ro\\\/magazinonline\\\/wp-content\\\/uploads\\\/2023\\\/10\\\/Generator-de-curent-monofazat-Media-Line-MLG-9000E2.png\",\"width\":750,\"height\":750,\"caption\":\"Generator curent monofazat Media Line MLG 9000E-2\"},{\"@type\":\"BreadcrumbList\",\"@id\":\"https:\\\/\\\/eurotech-iasi.ro\\\/magazinonline\\\/produs\\\/generator-curent-monofazat-media-line-mlg-9000e-2\\\/#breadcrumb\",\"itemListElement\":[{\"@type\":\"ListItem\",\"position\":1,\"name\":\"Prima pagin\u0103\",\"item\":\"https:\\\/\\\/eurotech-iasi.ro\\\/magazinonline\\\/\"},{\"@type\":\"ListItem\",\"position\":2,\"name\":\"Shop\",\"item\":\"https:\\\/\\\/eurotech-iasi.ro\\\/magazinonline\\\/shop\\\/\"},{\"@type\":\"ListItem\",\"position\":3,\"name\":\"Generator curent monofazat Media Line MLG 9000E-2\"}]},{\"@type\":\"WebSite\",\"@id\":\"https:\\\/\\\/eurotech-iasi.ro\\\/magazinonline\\\/#website\",\"url\":\"https:\\\/\\\/eurotech-iasi.ro\\\/magazinonline\\\/\",\"name\":\"Eurotech Iasi\",\"description\":\"Cu oameni seriosi\",\"publisher\":{\"@id\":\"https:\\\/\\\/eurotech-iasi.ro\\\/magazinonline\\\/#organization\"},\"potentialAction\":[{\"@type\":\"SearchAction\",\"target\":{\"@type\":\"EntryPoint\",\"urlTemplate\":\"https:\\\/\\\/eurotech-iasi.ro\\\/magazinonline\\\/?s={search_term_string}\"},\"query-input\":{\"@type\":\"PropertyValueSpecification\",\"valueRequired\":true,\"valueName\":\"search_term_string\"}}],\"inLanguage\":\"ro-RO\"},{\"@type\":\"Organization\",\"@id\":\"https:\\\/\\\/eurotech-iasi.ro\\\/magazinonline\\\/#organization\",\"name\":\"Eurotech Iasi\",\"url\":\"https:\\\/\\\/eurotech-iasi.ro\\\/magazinonline\\\/\",\"logo\":{\"@type\":\"ImageObject\",\"inLanguage\":\"ro-RO\",\"@id\":\"https:\\\/\\\/eurotech-iasi.ro\\\/magazinonline\\\/#\\\/schema\\\/logo\\\/image\\\/\",\"url\":\"https:\\\/\\\/eurotech-iasi.ro\\\/magazinonline\\\/wp-content\\\/uploads\\\/2020\\\/08\\\/logo-eurotech.png\",\"contentUrl\":\"https:\\\/\\\/eurotech-iasi.ro\\\/magazinonline\\\/wp-content\\\/uploads\\\/2020\\\/08\\\/logo-eurotech.png\",\"width\":290,\"height\":70,\"caption\":\"Eurotech Iasi\"},\"image\":{\"@id\":\"https:\\\/\\\/eurotech-iasi.ro\\\/magazinonline\\\/#\\\/schema\\\/logo\\\/image\\\/\"},\"sameAs\":[\"https:\\\/\\\/www.facebook.com\\\/EurotechIasi\\\/\"]}]}<\/script>\n<!-- \/ Yoast SEO plugin. -->","yoast_head_json":{"title":"Generator curent monofazat Media Line MLG 9000E-2 - Eurotech Iasi","robots":{"index":"index","follow":"follow","max-snippet":"max-snippet:-1","max-image-preview":"max-image-preview:large","max-video-preview":"max-video-preview:-1"},"canonical":"https:\/\/eurotech-iasi.ro\/magazinonline\/produs\/generator-curent-monofazat-media-line-mlg-9000e-2\/","og_locale":"ro_RO","og_type":"article","og_title":"Generator curent monofazat Media Line MLG 9000E-2 - Eurotech Iasi","og_description":"Generator curent monofazat Media Line MLG 9000E-2, pornire electrica, putere maxima 8 kVA , motor foarte puternic de 17 cp este extrem de fiabil, usor de intretinut si cu rezultate dovedite in timp, rezervor de 25 l\u00a0 ce garanteaza o autonomie de peste 14 ore la un consum total de 50\/100 benzina.  Cod produs: MLG9000\/2","og_url":"https:\/\/eurotech-iasi.ro\/magazinonline\/produs\/generator-curent-monofazat-media-line-mlg-9000e-2\/","og_site_name":"Eurotech Iasi","article_publisher":"https:\/\/www.facebook.com\/EurotechIasi\/","article_modified_time":"2025-01-31T06:29:18+00:00","og_image":[{"width":750,"height":750,"url":"https:\/\/eurotech-iasi.ro\/magazinonline\/wp-content\/uploads\/2023\/10\/Generator-de-curent-monofazat-Media-Line-MLG-9000E2.png","type":"image\/png"}],"twitter_misc":{"Timp estimat pentru citire":"2 minute"},"schema":{"@context":"https:\/\/schema.org","@graph":[{"@type":"WebPage","@id":"https:\/\/eurotech-iasi.ro\/magazinonline\/produs\/generator-curent-monofazat-media-line-mlg-9000e-2\/","url":"https:\/\/eurotech-iasi.ro\/magazinonline\/produs\/generator-curent-monofazat-media-line-mlg-9000e-2\/","name":"Generator curent monofazat Media Line MLG 9000E-2 - Eurotech Iasi","isPartOf":{"@id":"https:\/\/eurotech-iasi.ro\/magazinonline\/#website"},"primaryImageOfPage":{"@id":"https:\/\/eurotech-iasi.ro\/magazinonline\/produs\/generator-curent-monofazat-media-line-mlg-9000e-2\/#primaryimage"},"image":{"@id":"https:\/\/eurotech-iasi.ro\/magazinonline\/produs\/generator-curent-monofazat-media-line-mlg-9000e-2\/#primaryimage"},"thumbnailUrl":"https:\/\/eurotech-iasi.ro\/magazinonline\/wp-content\/uploads\/2023\/10\/Generator-de-curent-monofazat-Media-Line-MLG-9000E2.png","datePublished":"2023-10-24T13:12:22+00:00","dateModified":"2025-01-31T06:29:18+00:00","breadcrumb":{"@id":"https:\/\/eurotech-iasi.ro\/magazinonline\/produs\/generator-curent-monofazat-media-line-mlg-9000e-2\/#breadcrumb"},"inLanguage":"ro-RO","potentialAction":[{"@type":"ReadAction","target":["https:\/\/eurotech-iasi.ro\/magazinonline\/produs\/generator-curent-monofazat-media-line-mlg-9000e-2\/"]}]},{"@type":"ImageObject","inLanguage":"ro-RO","@id":"https:\/\/eurotech-iasi.ro\/magazinonline\/produs\/generator-curent-monofazat-media-line-mlg-9000e-2\/#primaryimage","url":"https:\/\/eurotech-iasi.ro\/magazinonline\/wp-content\/uploads\/2023\/10\/Generator-de-curent-monofazat-Media-Line-MLG-9000E2.png","contentUrl":"https:\/\/eurotech-iasi.ro\/magazinonline\/wp-content\/uploads\/2023\/10\/Generator-de-curent-monofazat-Media-Line-MLG-9000E2.png","width":750,"height":750,"caption":"Generator curent monofazat Media Line MLG 9000E-2"},{"@type":"BreadcrumbList","@id":"https:\/\/eurotech-iasi.ro\/magazinonline\/produs\/generator-curent-monofazat-media-line-mlg-9000e-2\/#breadcrumb","itemListElement":[{"@type":"ListItem","position":1,"name":"Prima pagin\u0103","item":"https:\/\/eurotech-iasi.ro\/magazinonline\/"},{"@type":"ListItem","position":2,"name":"Shop","item":"https:\/\/eurotech-iasi.ro\/magazinonline\/shop\/"},{"@type":"ListItem","position":3,"name":"Generator curent monofazat Media Line MLG 9000E-2"}]},{"@type":"WebSite","@id":"https:\/\/eurotech-iasi.ro\/magazinonline\/#website","url":"https:\/\/eurotech-iasi.ro\/magazinonline\/","name":"Eurotech Iasi","description":"Cu oameni seriosi","publisher":{"@id":"https:\/\/eurotech-iasi.ro\/magazinonline\/#organization"},"potentialAction":[{"@type":"SearchAction","target":{"@type":"EntryPoint","urlTemplate":"https:\/\/eurotech-iasi.ro\/magazinonline\/?s={search_term_string}"},"query-input":{"@type":"PropertyValueSpecification","valueRequired":true,"valueName":"search_term_string"}}],"inLanguage":"ro-RO"},{"@type":"Organization","@id":"https:\/\/eurotech-iasi.ro\/magazinonline\/#organization","name":"Eurotech Iasi","url":"https:\/\/eurotech-iasi.ro\/magazinonline\/","logo":{"@type":"ImageObject","inLanguage":"ro-RO","@id":"https:\/\/eurotech-iasi.ro\/magazinonline\/#\/schema\/logo\/image\/","url":"https:\/\/eurotech-iasi.ro\/magazinonline\/wp-content\/uploads\/2020\/08\/logo-eurotech.png","contentUrl":"https:\/\/eurotech-iasi.ro\/magazinonline\/wp-content\/uploads\/2020\/08\/logo-eurotech.png","width":290,"height":70,"caption":"Eurotech Iasi"},"image":{"@id":"https:\/\/eurotech-iasi.ro\/magazinonline\/#\/schema\/logo\/image\/"},"sameAs":["https:\/\/www.facebook.com\/EurotechIasi\/"]}]}},"_links":{"self":[{"href":"https:\/\/eurotech-iasi.ro\/magazinonline\/wp-json\/wp\/v2\/product\/100229","targetHints":{"allow":["GET"]}}],"collection":[{"href":"https:\/\/eurotech-iasi.ro\/magazinonline\/wp-json\/wp\/v2\/product"}],"about":[{"href":"https:\/\/eurotech-iasi.ro\/magazinonline\/wp-json\/wp\/v2\/types\/product"}],"replies":[{"embeddable":true,"href":"https:\/\/eurotech-iasi.ro\/magazinonline\/wp-json\/wp\/v2\/comments?post=100229"}],"wp:featuredmedia":[{"embeddable":true,"href":"https:\/\/eurotech-iasi.ro\/magazinonline\/wp-json\/wp\/v2\/media\/100232"}],"wp:attachment":[{"href":"https:\/\/eurotech-iasi.ro\/magazinonline\/wp-json\/wp\/v2\/media?parent=100229"}],"wp:term":[{"taxonomy":"product_cat","embeddable":true,"href":"https:\/\/eurotech-iasi.ro\/magazinonline\/wp-json\/wp\/v2\/product_cat?post=100229"},{"taxonomy":"product_tag","embeddable":true,"href":"https:\/\/eurotech-iasi.ro\/magazinonline\/wp-json\/wp\/v2\/product_tag?post=100229"},{"taxonomy":"woo-feed-brand","embeddable":true,"href":"https:\/\/eurotech-iasi.ro\/magazinonline\/wp-json\/wp\/v2\/woo-feed-brand?post=100229"}],"curies":[{"name":"wp","href":"https:\/\/api.w.org\/{rel}","templated":true}]}}