{"id":101068,"date":"2023-12-11T15:39:31","date_gmt":"2023-12-11T13:39:31","guid":{"rendered":"https:\/\/eurotech-iasi.ro\/magazinonline\/?post_type=product&#038;p=101068"},"modified":"2025-12-22T15:06:35","modified_gmt":"2025-12-22T13:06:35","slug":"masina-de-gaurit-cu-percutie-bosch-gsb-600","status":"publish","type":"product","link":"https:\/\/eurotech-iasi.ro\/magazinonline\/produs\/masina-de-gaurit-cu-percutie-bosch-gsb-600\/","title":{"rendered":"Masina de gaurit cu percutie BOSCH GSB 600"},"content":{"rendered":"<p><strong>Masina de gaurit cu percutie BOSCH GSB 600<\/strong> este o masina de gaurit profesionala, prevazuta cu un motor robust \u015fi puternic de 600 W imbunatatit, care ajuta la economisirea energiei si a timpului pentru finalizarea lucrarilor. Scula asigura performante deosebite, oferind mai multa toleran\u0163a pentru sarcinile mari. Masina de insurubat cu impact de 13 mm ofera o durabilitate indelungata datorita periei din carbon imbunatatite si a designului sau de inalta calitate. Nervurile suplimentare asigura o fixare mai buna a manerului auxiliar pentru a preveni ranirea incheieturii mainii.<br \/>\nEchipament si aplicatii<\/p>\n<p>Masina de insurubat cu impact este versatila, iar aplicatia sa principala este gaurirea in zidarie, metal \u015fi lemn, dar poate fi utilizata, de asemenea, pentru gaurirea cu carote si insurubarea in placile metalice si din lemn.<\/p>\n<p><em>Avantaje:<\/em><\/p>\n<ul>\n<li>Eficien\u0163a sporita datorita motorului robust \u015fi puternic de 600 W imbunata\u0163it<\/li>\n<li>Fixare mai buna datorita nervurilor suplimentare<\/li>\n<li>Utilizare mai indelungata asigurata de peria din carbon imbunata\u0163ita \u015fi de designul de inalta calitate<\/li>\n<\/ul>\n<h2>Specificatii tehnice &#8211; Masina de gaurit cu percutie BOSCH GSB 600:<\/h2>\n<p>Putere nominala 600 W<br \/>\nTuratie la mers in gol, treapta a 1-a 0 \u2013 48000 rot\/min<br \/>\nPutere utila 600 W<br \/>\nGreutate 1.7 kg<br \/>\nDomeniu de strangere, minim\/maxim 1,5 \u2013 13 mm<br \/>\nDimensiuni scula (latime) 67 mm<br \/>\nDimensiuni scula (lungime) 290 mm<br \/>\nDimensiuni scula (inaltime) 201 mm<br \/>\nNumar percutii la turatia la mersul in gol 0 \u2013 44.800 rot\/min<br \/>\nSubdiviziune categorie de produse Masina de gaurit cu percutie<br \/>\nDomeniu de gaurire<br \/>\nDiam. de gaurire in beton 13 mm<br \/>\nDiam. de gaurire in lemn 25 mm<br \/>\nDiam. de gaurire in otel 10 mm<br \/>\nDiam. de gaurire in caramida 13 mm<\/p>\n<div><u><strong>Set de livrare<\/strong><\/u><\/div>\n<ul>\n<li>Mandrina cu cheie 13 mm<\/li>\n<li>Maner suplimentar<\/li>\n<li>Limitator de reglare a adancimii<\/li>\n<li>Cutie de carton<\/li>\n<\/ul>\n<p>&nbsp;<\/p>\n","protected":false},"excerpt":{"rendered":"<p><strong>Masina de gaurit cu percutie BOSCH GSB 600<\/strong> este o masina de gaurit profesionala, prevazuta cu un motor robust \u015fi puternic de 600 W imbunatatit, care ajuta la economisirea energiei si a timpului pentru finalizarea lucrarilor.<\/p>\n<p><em><strong>Cod produs: 06011A0320<\/strong><\/em><\/p>\n","protected":false},"featured_media":101070,"comment_status":"open","ping_status":"closed","template":"","meta":{"_acf_changed":false},"product_cat":[4320,4306],"product_tag":[],"woo-feed-brand":[],"class_list":{"0":"post-101068","1":"product","2":"type-product","3":"status-publish","4":"has-post-thumbnail","6":"product_brand-bosch","7":"product_cat-masini-de-gaurit-cu-percutie","8":"product_cat-scule-electrice","9":"pa_brand-bosch","10":"pa_domeniu-de-strangere-15-13-mm","11":"pa_greutate-1-7-kg","12":"pa_putere-nominala-600-w","13":"pa_putere-utila-600-w","14":"pa_turatie-de-mers-in-gol-0-48000-rpm","16":"first","17":"instock","18":"purchasable","19":"product-type-simple"},"acf":[],"yoast_head":"<!-- This site is optimized with the Yoast SEO plugin v27.3 - https:\/\/yoast.com\/product\/yoast-seo-wordpress\/ -->\n<title>Masina de gaurit cu percutie BOSCH GSB 600 - Eurotech Iasi<\/title>\n<meta name=\"robots\" content=\"index, follow, max-snippet:-1, max-image-preview:large, max-video-preview:-1\" \/>\n<link rel=\"canonical\" href=\"https:\/\/eurotech-iasi.ro\/magazinonline\/produs\/masina-de-gaurit-cu-percutie-bosch-gsb-600\/\" \/>\n<meta property=\"og:locale\" content=\"ro_RO\" \/>\n<meta property=\"og:type\" content=\"article\" \/>\n<meta property=\"og:title\" content=\"Masina de gaurit cu percutie BOSCH GSB 600 - Eurotech Iasi\" \/>\n<meta property=\"og:description\" content=\"Masina de gaurit cu percutie BOSCH GSB 600 este o masina de gaurit profesionala, prevazuta cu un motor robust \u015fi puternic de 600 W imbunatatit, care ajuta la economisirea energiei si a timpului pentru finalizarea lucrarilor.  Cod produs: 06011A0320\" \/>\n<meta property=\"og:url\" content=\"https:\/\/eurotech-iasi.ro\/magazinonline\/produs\/masina-de-gaurit-cu-percutie-bosch-gsb-600\/\" \/>\n<meta property=\"og:site_name\" content=\"Eurotech Iasi\" \/>\n<meta property=\"article:publisher\" content=\"https:\/\/www.facebook.com\/EurotechIasi\/\" \/>\n<meta property=\"article:modified_time\" content=\"2025-12-22T13:06:35+00:00\" \/>\n<meta property=\"og:image\" content=\"https:\/\/eurotech-iasi.ro\/magazinonline\/wp-content\/uploads\/2023\/12\/Masina-de-gaurit-cu-percutie-BOSCH-GSB-600-2.png\" \/>\n\t<meta property=\"og:image:width\" content=\"750\" \/>\n\t<meta property=\"og:image:height\" content=\"750\" \/>\n\t<meta property=\"og:image:type\" content=\"image\/png\" \/>\n<meta name=\"twitter:label1\" content=\"Timp estimat pentru citire\" \/>\n\t<meta name=\"twitter:data1\" content=\"1 minut\" \/>\n<script type=\"application\/ld+json\" class=\"yoast-schema-graph\">{\"@context\":\"https:\\\/\\\/schema.org\",\"@graph\":[{\"@type\":\"WebPage\",\"@id\":\"https:\\\/\\\/eurotech-iasi.ro\\\/magazinonline\\\/produs\\\/masina-de-gaurit-cu-percutie-bosch-gsb-600\\\/\",\"url\":\"https:\\\/\\\/eurotech-iasi.ro\\\/magazinonline\\\/produs\\\/masina-de-gaurit-cu-percutie-bosch-gsb-600\\\/\",\"name\":\"Masina de gaurit cu percutie BOSCH GSB 600 - Eurotech Iasi\",\"isPartOf\":{\"@id\":\"https:\\\/\\\/eurotech-iasi.ro\\\/magazinonline\\\/#website\"},\"primaryImageOfPage\":{\"@id\":\"https:\\\/\\\/eurotech-iasi.ro\\\/magazinonline\\\/produs\\\/masina-de-gaurit-cu-percutie-bosch-gsb-600\\\/#primaryimage\"},\"image\":{\"@id\":\"https:\\\/\\\/eurotech-iasi.ro\\\/magazinonline\\\/produs\\\/masina-de-gaurit-cu-percutie-bosch-gsb-600\\\/#primaryimage\"},\"thumbnailUrl\":\"https:\\\/\\\/eurotech-iasi.ro\\\/magazinonline\\\/wp-content\\\/uploads\\\/2023\\\/12\\\/Masina-de-gaurit-cu-percutie-BOSCH-GSB-600-2.png\",\"datePublished\":\"2023-12-11T13:39:31+00:00\",\"dateModified\":\"2025-12-22T13:06:35+00:00\",\"breadcrumb\":{\"@id\":\"https:\\\/\\\/eurotech-iasi.ro\\\/magazinonline\\\/produs\\\/masina-de-gaurit-cu-percutie-bosch-gsb-600\\\/#breadcrumb\"},\"inLanguage\":\"ro-RO\",\"potentialAction\":[{\"@type\":\"ReadAction\",\"target\":[\"https:\\\/\\\/eurotech-iasi.ro\\\/magazinonline\\\/produs\\\/masina-de-gaurit-cu-percutie-bosch-gsb-600\\\/\"]}]},{\"@type\":\"ImageObject\",\"inLanguage\":\"ro-RO\",\"@id\":\"https:\\\/\\\/eurotech-iasi.ro\\\/magazinonline\\\/produs\\\/masina-de-gaurit-cu-percutie-bosch-gsb-600\\\/#primaryimage\",\"url\":\"https:\\\/\\\/eurotech-iasi.ro\\\/magazinonline\\\/wp-content\\\/uploads\\\/2023\\\/12\\\/Masina-de-gaurit-cu-percutie-BOSCH-GSB-600-2.png\",\"contentUrl\":\"https:\\\/\\\/eurotech-iasi.ro\\\/magazinonline\\\/wp-content\\\/uploads\\\/2023\\\/12\\\/Masina-de-gaurit-cu-percutie-BOSCH-GSB-600-2.png\",\"width\":750,\"height\":750,\"caption\":\"Masina de gaurit cu percutie BOSCH GSB 600\"},{\"@type\":\"BreadcrumbList\",\"@id\":\"https:\\\/\\\/eurotech-iasi.ro\\\/magazinonline\\\/produs\\\/masina-de-gaurit-cu-percutie-bosch-gsb-600\\\/#breadcrumb\",\"itemListElement\":[{\"@type\":\"ListItem\",\"position\":1,\"name\":\"Prima pagin\u0103\",\"item\":\"https:\\\/\\\/eurotech-iasi.ro\\\/magazinonline\\\/\"},{\"@type\":\"ListItem\",\"position\":2,\"name\":\"Shop\",\"item\":\"https:\\\/\\\/eurotech-iasi.ro\\\/magazinonline\\\/shop\\\/\"},{\"@type\":\"ListItem\",\"position\":3,\"name\":\"Masina de gaurit cu percutie BOSCH GSB 600\"}]},{\"@type\":\"WebSite\",\"@id\":\"https:\\\/\\\/eurotech-iasi.ro\\\/magazinonline\\\/#website\",\"url\":\"https:\\\/\\\/eurotech-iasi.ro\\\/magazinonline\\\/\",\"name\":\"Eurotech Iasi\",\"description\":\"Cu oameni seriosi\",\"publisher\":{\"@id\":\"https:\\\/\\\/eurotech-iasi.ro\\\/magazinonline\\\/#organization\"},\"potentialAction\":[{\"@type\":\"SearchAction\",\"target\":{\"@type\":\"EntryPoint\",\"urlTemplate\":\"https:\\\/\\\/eurotech-iasi.ro\\\/magazinonline\\\/?s={search_term_string}\"},\"query-input\":{\"@type\":\"PropertyValueSpecification\",\"valueRequired\":true,\"valueName\":\"search_term_string\"}}],\"inLanguage\":\"ro-RO\"},{\"@type\":\"Organization\",\"@id\":\"https:\\\/\\\/eurotech-iasi.ro\\\/magazinonline\\\/#organization\",\"name\":\"Eurotech Iasi\",\"url\":\"https:\\\/\\\/eurotech-iasi.ro\\\/magazinonline\\\/\",\"logo\":{\"@type\":\"ImageObject\",\"inLanguage\":\"ro-RO\",\"@id\":\"https:\\\/\\\/eurotech-iasi.ro\\\/magazinonline\\\/#\\\/schema\\\/logo\\\/image\\\/\",\"url\":\"https:\\\/\\\/eurotech-iasi.ro\\\/magazinonline\\\/wp-content\\\/uploads\\\/2020\\\/08\\\/logo-eurotech.png\",\"contentUrl\":\"https:\\\/\\\/eurotech-iasi.ro\\\/magazinonline\\\/wp-content\\\/uploads\\\/2020\\\/08\\\/logo-eurotech.png\",\"width\":290,\"height\":70,\"caption\":\"Eurotech Iasi\"},\"image\":{\"@id\":\"https:\\\/\\\/eurotech-iasi.ro\\\/magazinonline\\\/#\\\/schema\\\/logo\\\/image\\\/\"},\"sameAs\":[\"https:\\\/\\\/www.facebook.com\\\/EurotechIasi\\\/\"]}]}<\/script>\n<!-- \/ Yoast SEO plugin. -->","yoast_head_json":{"title":"Masina de gaurit cu percutie BOSCH GSB 600 - Eurotech Iasi","robots":{"index":"index","follow":"follow","max-snippet":"max-snippet:-1","max-image-preview":"max-image-preview:large","max-video-preview":"max-video-preview:-1"},"canonical":"https:\/\/eurotech-iasi.ro\/magazinonline\/produs\/masina-de-gaurit-cu-percutie-bosch-gsb-600\/","og_locale":"ro_RO","og_type":"article","og_title":"Masina de gaurit cu percutie BOSCH GSB 600 - Eurotech Iasi","og_description":"Masina de gaurit cu percutie BOSCH GSB 600 este o masina de gaurit profesionala, prevazuta cu un motor robust \u015fi puternic de 600 W imbunatatit, care ajuta la economisirea energiei si a timpului pentru finalizarea lucrarilor.  Cod produs: 06011A0320","og_url":"https:\/\/eurotech-iasi.ro\/magazinonline\/produs\/masina-de-gaurit-cu-percutie-bosch-gsb-600\/","og_site_name":"Eurotech Iasi","article_publisher":"https:\/\/www.facebook.com\/EurotechIasi\/","article_modified_time":"2025-12-22T13:06:35+00:00","og_image":[{"width":750,"height":750,"url":"https:\/\/eurotech-iasi.ro\/magazinonline\/wp-content\/uploads\/2023\/12\/Masina-de-gaurit-cu-percutie-BOSCH-GSB-600-2.png","type":"image\/png"}],"twitter_misc":{"Timp estimat pentru citire":"1 minut"},"schema":{"@context":"https:\/\/schema.org","@graph":[{"@type":"WebPage","@id":"https:\/\/eurotech-iasi.ro\/magazinonline\/produs\/masina-de-gaurit-cu-percutie-bosch-gsb-600\/","url":"https:\/\/eurotech-iasi.ro\/magazinonline\/produs\/masina-de-gaurit-cu-percutie-bosch-gsb-600\/","name":"Masina de gaurit cu percutie BOSCH GSB 600 - Eurotech Iasi","isPartOf":{"@id":"https:\/\/eurotech-iasi.ro\/magazinonline\/#website"},"primaryImageOfPage":{"@id":"https:\/\/eurotech-iasi.ro\/magazinonline\/produs\/masina-de-gaurit-cu-percutie-bosch-gsb-600\/#primaryimage"},"image":{"@id":"https:\/\/eurotech-iasi.ro\/magazinonline\/produs\/masina-de-gaurit-cu-percutie-bosch-gsb-600\/#primaryimage"},"thumbnailUrl":"https:\/\/eurotech-iasi.ro\/magazinonline\/wp-content\/uploads\/2023\/12\/Masina-de-gaurit-cu-percutie-BOSCH-GSB-600-2.png","datePublished":"2023-12-11T13:39:31+00:00","dateModified":"2025-12-22T13:06:35+00:00","breadcrumb":{"@id":"https:\/\/eurotech-iasi.ro\/magazinonline\/produs\/masina-de-gaurit-cu-percutie-bosch-gsb-600\/#breadcrumb"},"inLanguage":"ro-RO","potentialAction":[{"@type":"ReadAction","target":["https:\/\/eurotech-iasi.ro\/magazinonline\/produs\/masina-de-gaurit-cu-percutie-bosch-gsb-600\/"]}]},{"@type":"ImageObject","inLanguage":"ro-RO","@id":"https:\/\/eurotech-iasi.ro\/magazinonline\/produs\/masina-de-gaurit-cu-percutie-bosch-gsb-600\/#primaryimage","url":"https:\/\/eurotech-iasi.ro\/magazinonline\/wp-content\/uploads\/2023\/12\/Masina-de-gaurit-cu-percutie-BOSCH-GSB-600-2.png","contentUrl":"https:\/\/eurotech-iasi.ro\/magazinonline\/wp-content\/uploads\/2023\/12\/Masina-de-gaurit-cu-percutie-BOSCH-GSB-600-2.png","width":750,"height":750,"caption":"Masina de gaurit cu percutie BOSCH GSB 600"},{"@type":"BreadcrumbList","@id":"https:\/\/eurotech-iasi.ro\/magazinonline\/produs\/masina-de-gaurit-cu-percutie-bosch-gsb-600\/#breadcrumb","itemListElement":[{"@type":"ListItem","position":1,"name":"Prima pagin\u0103","item":"https:\/\/eurotech-iasi.ro\/magazinonline\/"},{"@type":"ListItem","position":2,"name":"Shop","item":"https:\/\/eurotech-iasi.ro\/magazinonline\/shop\/"},{"@type":"ListItem","position":3,"name":"Masina de gaurit cu percutie BOSCH GSB 600"}]},{"@type":"WebSite","@id":"https:\/\/eurotech-iasi.ro\/magazinonline\/#website","url":"https:\/\/eurotech-iasi.ro\/magazinonline\/","name":"Eurotech Iasi","description":"Cu oameni seriosi","publisher":{"@id":"https:\/\/eurotech-iasi.ro\/magazinonline\/#organization"},"potentialAction":[{"@type":"SearchAction","target":{"@type":"EntryPoint","urlTemplate":"https:\/\/eurotech-iasi.ro\/magazinonline\/?s={search_term_string}"},"query-input":{"@type":"PropertyValueSpecification","valueRequired":true,"valueName":"search_term_string"}}],"inLanguage":"ro-RO"},{"@type":"Organization","@id":"https:\/\/eurotech-iasi.ro\/magazinonline\/#organization","name":"Eurotech Iasi","url":"https:\/\/eurotech-iasi.ro\/magazinonline\/","logo":{"@type":"ImageObject","inLanguage":"ro-RO","@id":"https:\/\/eurotech-iasi.ro\/magazinonline\/#\/schema\/logo\/image\/","url":"https:\/\/eurotech-iasi.ro\/magazinonline\/wp-content\/uploads\/2020\/08\/logo-eurotech.png","contentUrl":"https:\/\/eurotech-iasi.ro\/magazinonline\/wp-content\/uploads\/2020\/08\/logo-eurotech.png","width":290,"height":70,"caption":"Eurotech Iasi"},"image":{"@id":"https:\/\/eurotech-iasi.ro\/magazinonline\/#\/schema\/logo\/image\/"},"sameAs":["https:\/\/www.facebook.com\/EurotechIasi\/"]}]}},"_links":{"self":[{"href":"https:\/\/eurotech-iasi.ro\/magazinonline\/wp-json\/wp\/v2\/product\/101068","targetHints":{"allow":["GET"]}}],"collection":[{"href":"https:\/\/eurotech-iasi.ro\/magazinonline\/wp-json\/wp\/v2\/product"}],"about":[{"href":"https:\/\/eurotech-iasi.ro\/magazinonline\/wp-json\/wp\/v2\/types\/product"}],"replies":[{"embeddable":true,"href":"https:\/\/eurotech-iasi.ro\/magazinonline\/wp-json\/wp\/v2\/comments?post=101068"}],"wp:featuredmedia":[{"embeddable":true,"href":"https:\/\/eurotech-iasi.ro\/magazinonline\/wp-json\/wp\/v2\/media\/101070"}],"wp:attachment":[{"href":"https:\/\/eurotech-iasi.ro\/magazinonline\/wp-json\/wp\/v2\/media?parent=101068"}],"wp:term":[{"taxonomy":"product_cat","embeddable":true,"href":"https:\/\/eurotech-iasi.ro\/magazinonline\/wp-json\/wp\/v2\/product_cat?post=101068"},{"taxonomy":"product_tag","embeddable":true,"href":"https:\/\/eurotech-iasi.ro\/magazinonline\/wp-json\/wp\/v2\/product_tag?post=101068"},{"taxonomy":"woo-feed-brand","embeddable":true,"href":"https:\/\/eurotech-iasi.ro\/magazinonline\/wp-json\/wp\/v2\/woo-feed-brand?post=101068"}],"curies":[{"name":"wp","href":"https:\/\/api.w.org\/{rel}","templated":true}]}}