{"id":101987,"date":"2024-02-13T15:24:44","date_gmt":"2024-02-13T13:24:44","guid":{"rendered":"https:\/\/eurotech-iasi.ro\/magazinonline\/?post_type=product&#038;p=101987"},"modified":"2026-02-12T11:13:18","modified_gmt":"2026-02-12T09:13:18","slug":"motoferastrau-stihl-cu-lant-diamantat-gs-461-40cm","status":"publish","type":"product","link":"https:\/\/eurotech-iasi.ro\/magazinonline\/produs\/motoferastrau-stihl-cu-lant-diamantat-gs-461-40cm\/","title":{"rendered":"Motoferastrau STIHL cu lant diamantat GS 461 40cm"},"content":{"rendered":"<p><strong>Motoferastrau STIHL cu lant diamantat GS 461 40cm, 5.8 CP<\/strong>, sina 40 cm, pas 3\/8&#8243; este un motodebitator mobil, puternic de 4,3 kW, echipat cu lant diamantat destinat taierii materialelor de constructii precum beton, piatra naturala, tevi ductile \u015fi ziduri. Cu motorul STIHL 2-MIX \u015fi sistemul de filtrare a aerului cu filtru HD2. Pentru racire, stocarea prafului \u015fi spalarea \u015finei \u015fi lantului se utilizeaza apa. Ideal pentru lucrari de consolidare, renovare \u015fi reconstructie.<\/p>\n<h2>Avantaje constructive &#8211; <strong>Motoferastrau STIHL cu lant diamantat GS 461 40cm<\/strong>:<\/h2>\n<ul>\n<li>Motor STIHL\u00a0<strong>2-MIX<\/strong>\u00a0si sistemul de filtrare a aerului cu\u00a0<strong>filtru HD2<\/strong>.<br \/>\n&#8211; motorul in 2 timpi STIHL cu tehnologie 2-mix economiseste pana la 20% combustibil si reduce pana la 70% gazele de evacuare fata de motoarele in doi timpi STIHL de aceeasi putere, fara tehnologie 2-mix;<br \/>\n&#8211; sistemul de filtrare a aerului cu durata mare de utilizare cu filtru HD2 si filtru suplimentar tine la distanta de mecanism chiar si cele mai fine particule, pentru o durata de viata deosebit de mare;<\/li>\n<li>Pentru racire si spalarea sinei si lantului se utilizeaza apa.<br \/>\n&#8211; sinele de ghidaj sunt prevazute cu un sistem de spalare cu apa la interior, astfel lantul, calea de rulare si steluta sunt spalate si racite, asigurand o durata mare de viata a sinei si lantului;<br \/>\n&#8211; lanturile Stihl pentru debitarea umeda a rocilor au segmente diamantate preascutite, avand astfel un efect total inca de la prima taietura;<br \/>\n&#8211; constructia lanturilor cu element cu cama permite o munca linistita, cu vibratii reduse;<\/li>\n<\/ul>\n<h3>Specificatii tehnice &#8211; Motoferastrau STIHL cu lant diamantat GS 461 40cm:<\/h3>\n<ul>\n<li>Motor: 2-MIX<\/li>\n<li>Putere: 4.3 kW \/ 5.8 CP<\/li>\n<li>Capacitate cilindrica: 76.5 cm\u00b3<\/li>\n<li>Tip motor: 2T<\/li>\n<li>Combustibil: Amestec benzina + ulei<\/li>\n<li>Raport amestec: 1:50 (20 ml la 1 l benzina)<\/li>\n<li>Capacitate rezervor combustibil: 0.78 l<\/li>\n<li>Lungime lama: 40 cm<\/li>\n<li>Pas lant diamantat: 3\/8&#8243;<\/li>\n<li>Grosime lant diamantat: 1.6 mm<\/li>\n<li>Nivel presiune acustica: 105 dB(A)<\/li>\n<li>Nivel putere acustica: 115 dB(A)<\/li>\n<li>Valoarea vibratiilor, stanga: 4.5 m\/s\u00b2<\/li>\n<li>Valoarea vibratiilor, dreapta: 4.0 m\/s\u00b2<\/li>\n<li>Greutate (fara lama si lant): 7.6 kg<\/li>\n<\/ul>\n<p>&nbsp;<\/p>\n","protected":false},"excerpt":{"rendered":"<p><strong>Motoferastrau STIHL cu lant diamantat GS 461 40cm<\/strong>, 5.8 CP, sina 40 cm, pas 3\/8&#8243; este un motodebitator mobil, puternic de 4,3 kW, echipat cu lant diamantat destinat taierii materialelor de constructii precum beton, piatra naturala, \u0163evi ductile \u015fi ziduri. Cu motorul STIHL 2-MIX \u015fi sistemul de filtrare a aerului cu filtru HD2. Pentru racire, stocarea prafului \u015fi spalarea \u015finei \u015fi lantului se utilizeaza apa. Ideal pentru lucrari de consolidare, renovare \u015fi reconstructie.<\/p>\n<p><strong><em>Cod produs: 42522000047<\/em><\/strong><\/p>\n<p><span style=\"color: #ff0000;\"><em><a href=\"https:\/\/www.stihl.ro\/ro\"><img loading=\"lazy\" decoding=\"async\" class=\" wp-image-108363 alignleft\" src=\"https:\/\/eurotech-iasi.ro\/magazinonline\/wp-content\/uploads\/2019\/03\/150-x-75-stihl.png\" alt=\"\" width=\"70\" height=\"35\" \/><\/a><a href=\"https:\/\/eurotech-iasi.ro\/magazinonline\/?attachment_id=87685\" rel=\"attachment wp-att-87685\"><img loading=\"lazy\" decoding=\"async\" class=\"wp-image-87685 aligncenter\" src=\"https:\/\/eurotech-iasi.ro\/magazinonline\/wp-content\/uploads\/2019\/06\/2-1-150x150.png\" alt=\"\" width=\"72\" height=\"72\" srcset=\"https:\/\/eurotech-iasi.ro\/magazinonline\/wp-content\/uploads\/2019\/06\/2-1-150x150.png 150w, https:\/\/eurotech-iasi.ro\/magazinonline\/wp-content\/uploads\/2019\/06\/2-1-100x100.png 100w, https:\/\/eurotech-iasi.ro\/magazinonline\/wp-content\/uploads\/2019\/06\/2-1.png 200w\" sizes=\"auto, (max-width: 72px) 100vw, 72px\" \/><\/a><\/em><\/span><\/p>\n<h5><span style=\"color: #eb782b;\"><em><strong>\u00a0<a href=\"https:\/\/eurotech-iasi.ro\/magazinonline\/termeni-si-conditii\/\">*Garan\u021bie 2 ani<\/a> + 6 luni Extra Garan\u021bie. <\/strong><\/em><\/span><\/h5>\n<h5><span style=\"color: #eb782b;\"><em><strong>\u00cenregistreaz\u0103\u00a0 produsul achizi\u021bionat de la noi, \u00een termen de <\/strong><\/em><\/span><span style=\"color: #003366;\"><em><strong>30 de zile de la cump\u0103rare<\/strong><\/em><\/span><span style=\"color: #eb782b;\"><em><strong>, pe site-ul oficial STIHL la adresa<a href=\"https:\/\/preg.stihl.com\/?lang=RO_ro&amp;country=RO\">\u00a0preg.stihl.com<\/a> \u0219i profit\u0103 de prelungirea gratuit\u0103 a garan\u021biei cu 6 luni !<\/strong><\/em><\/span><\/h5>\n<p>&nbsp;<\/p>\n<p>&nbsp;<\/p>\n","protected":false},"featured_media":101991,"comment_status":"open","ping_status":"closed","template":"","meta":{"_acf_changed":false},"product_cat":[4337,4364],"product_tag":[],"woo-feed-brand":[],"class_list":{"0":"post-101987","1":"product","2":"type-product","3":"status-publish","4":"has-post-thumbnail","6":"product_brand-stihl","7":"product_cat-gradinarit-agricultura","8":"product_cat-motofierastraie","9":"pa_brand-stihl","10":"pa_capacitate-cilindrica-76-5-cm3","11":"pa_greutate-7-6-kg","12":"pa_lungime-de-taiere-40-cm","13":"pa_pas-lant-3-8-2","14":"pa_putere-4-3-kw-5-8-cp","16":"first","17":"instock","18":"purchasable","19":"product-type-simple"},"acf":[],"yoast_head":"<!-- This site is optimized with the Yoast SEO plugin v27.3 - https:\/\/yoast.com\/product\/yoast-seo-wordpress\/ -->\n<title>Motoferastrau STIHL cu lant diamantat GS 461 40cm - Eurotech Iasi<\/title>\n<meta name=\"description\" content=\"Motofierastrau STIHL MS 171 + CADOU 4 l ulei, este un motoferastrau pe benzina modern, cu vibratii reduse, ideal pentru gradinarit.\" \/>\n<meta name=\"robots\" content=\"index, follow, max-snippet:-1, max-image-preview:large, max-video-preview:-1\" \/>\n<link rel=\"canonical\" href=\"https:\/\/eurotech-iasi.ro\/magazinonline\/produs\/motoferastrau-stihl-cu-lant-diamantat-gs-461-40cm\/\" \/>\n<meta property=\"og:locale\" content=\"ro_RO\" \/>\n<meta property=\"og:type\" content=\"article\" \/>\n<meta property=\"og:title\" content=\"Motoferastrau STIHL cu lant diamantat GS 461 40cm - Eurotech Iasi\" \/>\n<meta property=\"og:description\" content=\"Motofierastrau STIHL MS 171 + CADOU 4 l ulei, este un motoferastrau pe benzina modern, cu vibratii reduse, ideal pentru gradinarit.\" \/>\n<meta property=\"og:url\" content=\"https:\/\/eurotech-iasi.ro\/magazinonline\/produs\/motoferastrau-stihl-cu-lant-diamantat-gs-461-40cm\/\" \/>\n<meta property=\"og:site_name\" content=\"Eurotech Iasi\" \/>\n<meta property=\"article:publisher\" content=\"https:\/\/www.facebook.com\/EurotechIasi\/\" \/>\n<meta property=\"article:modified_time\" content=\"2026-02-12T09:13:18+00:00\" \/>\n<meta property=\"og:image\" content=\"https:\/\/eurotech-iasi.ro\/magazinonline\/wp-content\/uploads\/2024\/02\/Motoferastrau-STIHL-cu-lant-diamantat-GS-461-40cm-3.png\" \/>\n\t<meta property=\"og:image:width\" content=\"750\" \/>\n\t<meta property=\"og:image:height\" content=\"750\" \/>\n\t<meta property=\"og:image:type\" content=\"image\/png\" \/>\n<meta name=\"twitter:label1\" content=\"Timp estimat pentru citire\" \/>\n\t<meta name=\"twitter:data1\" content=\"2 minute\" \/>\n<script type=\"application\/ld+json\" class=\"yoast-schema-graph\">{\"@context\":\"https:\\\/\\\/schema.org\",\"@graph\":[{\"@type\":\"WebPage\",\"@id\":\"https:\\\/\\\/eurotech-iasi.ro\\\/magazinonline\\\/produs\\\/motoferastrau-stihl-cu-lant-diamantat-gs-461-40cm\\\/\",\"url\":\"https:\\\/\\\/eurotech-iasi.ro\\\/magazinonline\\\/produs\\\/motoferastrau-stihl-cu-lant-diamantat-gs-461-40cm\\\/\",\"name\":\"Motoferastrau STIHL cu lant diamantat GS 461 40cm - Eurotech Iasi\",\"isPartOf\":{\"@id\":\"https:\\\/\\\/eurotech-iasi.ro\\\/magazinonline\\\/#website\"},\"primaryImageOfPage\":{\"@id\":\"https:\\\/\\\/eurotech-iasi.ro\\\/magazinonline\\\/produs\\\/motoferastrau-stihl-cu-lant-diamantat-gs-461-40cm\\\/#primaryimage\"},\"image\":{\"@id\":\"https:\\\/\\\/eurotech-iasi.ro\\\/magazinonline\\\/produs\\\/motoferastrau-stihl-cu-lant-diamantat-gs-461-40cm\\\/#primaryimage\"},\"thumbnailUrl\":\"https:\\\/\\\/eurotech-iasi.ro\\\/magazinonline\\\/wp-content\\\/uploads\\\/2024\\\/02\\\/Motoferastrau-STIHL-cu-lant-diamantat-GS-461-40cm-3.png\",\"datePublished\":\"2024-02-13T13:24:44+00:00\",\"dateModified\":\"2026-02-12T09:13:18+00:00\",\"description\":\"Motofierastrau STIHL MS 171 + CADOU 4 l ulei, este un motoferastrau pe benzina modern, cu vibratii reduse, ideal pentru gradinarit.\",\"breadcrumb\":{\"@id\":\"https:\\\/\\\/eurotech-iasi.ro\\\/magazinonline\\\/produs\\\/motoferastrau-stihl-cu-lant-diamantat-gs-461-40cm\\\/#breadcrumb\"},\"inLanguage\":\"ro-RO\",\"potentialAction\":[{\"@type\":\"ReadAction\",\"target\":[\"https:\\\/\\\/eurotech-iasi.ro\\\/magazinonline\\\/produs\\\/motoferastrau-stihl-cu-lant-diamantat-gs-461-40cm\\\/\"]}]},{\"@type\":\"ImageObject\",\"inLanguage\":\"ro-RO\",\"@id\":\"https:\\\/\\\/eurotech-iasi.ro\\\/magazinonline\\\/produs\\\/motoferastrau-stihl-cu-lant-diamantat-gs-461-40cm\\\/#primaryimage\",\"url\":\"https:\\\/\\\/eurotech-iasi.ro\\\/magazinonline\\\/wp-content\\\/uploads\\\/2024\\\/02\\\/Motoferastrau-STIHL-cu-lant-diamantat-GS-461-40cm-3.png\",\"contentUrl\":\"https:\\\/\\\/eurotech-iasi.ro\\\/magazinonline\\\/wp-content\\\/uploads\\\/2024\\\/02\\\/Motoferastrau-STIHL-cu-lant-diamantat-GS-461-40cm-3.png\",\"width\":750,\"height\":750,\"caption\":\"Motoferastrau STIHL cu lant diamantat GS 461 40cm\"},{\"@type\":\"BreadcrumbList\",\"@id\":\"https:\\\/\\\/eurotech-iasi.ro\\\/magazinonline\\\/produs\\\/motoferastrau-stihl-cu-lant-diamantat-gs-461-40cm\\\/#breadcrumb\",\"itemListElement\":[{\"@type\":\"ListItem\",\"position\":1,\"name\":\"Prima pagin\u0103\",\"item\":\"https:\\\/\\\/eurotech-iasi.ro\\\/magazinonline\\\/\"},{\"@type\":\"ListItem\",\"position\":2,\"name\":\"Shop\",\"item\":\"https:\\\/\\\/eurotech-iasi.ro\\\/magazinonline\\\/shop\\\/\"},{\"@type\":\"ListItem\",\"position\":3,\"name\":\"Motoferastrau STIHL cu lant diamantat GS 461 40cm\"}]},{\"@type\":\"WebSite\",\"@id\":\"https:\\\/\\\/eurotech-iasi.ro\\\/magazinonline\\\/#website\",\"url\":\"https:\\\/\\\/eurotech-iasi.ro\\\/magazinonline\\\/\",\"name\":\"Eurotech Iasi\",\"description\":\"Cu oameni seriosi\",\"publisher\":{\"@id\":\"https:\\\/\\\/eurotech-iasi.ro\\\/magazinonline\\\/#organization\"},\"potentialAction\":[{\"@type\":\"SearchAction\",\"target\":{\"@type\":\"EntryPoint\",\"urlTemplate\":\"https:\\\/\\\/eurotech-iasi.ro\\\/magazinonline\\\/?s={search_term_string}\"},\"query-input\":{\"@type\":\"PropertyValueSpecification\",\"valueRequired\":true,\"valueName\":\"search_term_string\"}}],\"inLanguage\":\"ro-RO\"},{\"@type\":\"Organization\",\"@id\":\"https:\\\/\\\/eurotech-iasi.ro\\\/magazinonline\\\/#organization\",\"name\":\"Eurotech Iasi\",\"url\":\"https:\\\/\\\/eurotech-iasi.ro\\\/magazinonline\\\/\",\"logo\":{\"@type\":\"ImageObject\",\"inLanguage\":\"ro-RO\",\"@id\":\"https:\\\/\\\/eurotech-iasi.ro\\\/magazinonline\\\/#\\\/schema\\\/logo\\\/image\\\/\",\"url\":\"https:\\\/\\\/eurotech-iasi.ro\\\/magazinonline\\\/wp-content\\\/uploads\\\/2020\\\/08\\\/logo-eurotech.png\",\"contentUrl\":\"https:\\\/\\\/eurotech-iasi.ro\\\/magazinonline\\\/wp-content\\\/uploads\\\/2020\\\/08\\\/logo-eurotech.png\",\"width\":290,\"height\":70,\"caption\":\"Eurotech Iasi\"},\"image\":{\"@id\":\"https:\\\/\\\/eurotech-iasi.ro\\\/magazinonline\\\/#\\\/schema\\\/logo\\\/image\\\/\"},\"sameAs\":[\"https:\\\/\\\/www.facebook.com\\\/EurotechIasi\\\/\"]}]}<\/script>\n<!-- \/ Yoast SEO plugin. -->","yoast_head_json":{"title":"Motoferastrau STIHL cu lant diamantat GS 461 40cm - Eurotech Iasi","description":"Motofierastrau STIHL MS 171 + CADOU 4 l ulei, este un motoferastrau pe benzina modern, cu vibratii reduse, ideal pentru gradinarit.","robots":{"index":"index","follow":"follow","max-snippet":"max-snippet:-1","max-image-preview":"max-image-preview:large","max-video-preview":"max-video-preview:-1"},"canonical":"https:\/\/eurotech-iasi.ro\/magazinonline\/produs\/motoferastrau-stihl-cu-lant-diamantat-gs-461-40cm\/","og_locale":"ro_RO","og_type":"article","og_title":"Motoferastrau STIHL cu lant diamantat GS 461 40cm - Eurotech Iasi","og_description":"Motofierastrau STIHL MS 171 + CADOU 4 l ulei, este un motoferastrau pe benzina modern, cu vibratii reduse, ideal pentru gradinarit.","og_url":"https:\/\/eurotech-iasi.ro\/magazinonline\/produs\/motoferastrau-stihl-cu-lant-diamantat-gs-461-40cm\/","og_site_name":"Eurotech Iasi","article_publisher":"https:\/\/www.facebook.com\/EurotechIasi\/","article_modified_time":"2026-02-12T09:13:18+00:00","og_image":[{"width":750,"height":750,"url":"https:\/\/eurotech-iasi.ro\/magazinonline\/wp-content\/uploads\/2024\/02\/Motoferastrau-STIHL-cu-lant-diamantat-GS-461-40cm-3.png","type":"image\/png"}],"twitter_misc":{"Timp estimat pentru citire":"2 minute"},"schema":{"@context":"https:\/\/schema.org","@graph":[{"@type":"WebPage","@id":"https:\/\/eurotech-iasi.ro\/magazinonline\/produs\/motoferastrau-stihl-cu-lant-diamantat-gs-461-40cm\/","url":"https:\/\/eurotech-iasi.ro\/magazinonline\/produs\/motoferastrau-stihl-cu-lant-diamantat-gs-461-40cm\/","name":"Motoferastrau STIHL cu lant diamantat GS 461 40cm - Eurotech Iasi","isPartOf":{"@id":"https:\/\/eurotech-iasi.ro\/magazinonline\/#website"},"primaryImageOfPage":{"@id":"https:\/\/eurotech-iasi.ro\/magazinonline\/produs\/motoferastrau-stihl-cu-lant-diamantat-gs-461-40cm\/#primaryimage"},"image":{"@id":"https:\/\/eurotech-iasi.ro\/magazinonline\/produs\/motoferastrau-stihl-cu-lant-diamantat-gs-461-40cm\/#primaryimage"},"thumbnailUrl":"https:\/\/eurotech-iasi.ro\/magazinonline\/wp-content\/uploads\/2024\/02\/Motoferastrau-STIHL-cu-lant-diamantat-GS-461-40cm-3.png","datePublished":"2024-02-13T13:24:44+00:00","dateModified":"2026-02-12T09:13:18+00:00","description":"Motofierastrau STIHL MS 171 + CADOU 4 l ulei, este un motoferastrau pe benzina modern, cu vibratii reduse, ideal pentru gradinarit.","breadcrumb":{"@id":"https:\/\/eurotech-iasi.ro\/magazinonline\/produs\/motoferastrau-stihl-cu-lant-diamantat-gs-461-40cm\/#breadcrumb"},"inLanguage":"ro-RO","potentialAction":[{"@type":"ReadAction","target":["https:\/\/eurotech-iasi.ro\/magazinonline\/produs\/motoferastrau-stihl-cu-lant-diamantat-gs-461-40cm\/"]}]},{"@type":"ImageObject","inLanguage":"ro-RO","@id":"https:\/\/eurotech-iasi.ro\/magazinonline\/produs\/motoferastrau-stihl-cu-lant-diamantat-gs-461-40cm\/#primaryimage","url":"https:\/\/eurotech-iasi.ro\/magazinonline\/wp-content\/uploads\/2024\/02\/Motoferastrau-STIHL-cu-lant-diamantat-GS-461-40cm-3.png","contentUrl":"https:\/\/eurotech-iasi.ro\/magazinonline\/wp-content\/uploads\/2024\/02\/Motoferastrau-STIHL-cu-lant-diamantat-GS-461-40cm-3.png","width":750,"height":750,"caption":"Motoferastrau STIHL cu lant diamantat GS 461 40cm"},{"@type":"BreadcrumbList","@id":"https:\/\/eurotech-iasi.ro\/magazinonline\/produs\/motoferastrau-stihl-cu-lant-diamantat-gs-461-40cm\/#breadcrumb","itemListElement":[{"@type":"ListItem","position":1,"name":"Prima pagin\u0103","item":"https:\/\/eurotech-iasi.ro\/magazinonline\/"},{"@type":"ListItem","position":2,"name":"Shop","item":"https:\/\/eurotech-iasi.ro\/magazinonline\/shop\/"},{"@type":"ListItem","position":3,"name":"Motoferastrau STIHL cu lant diamantat GS 461 40cm"}]},{"@type":"WebSite","@id":"https:\/\/eurotech-iasi.ro\/magazinonline\/#website","url":"https:\/\/eurotech-iasi.ro\/magazinonline\/","name":"Eurotech Iasi","description":"Cu oameni seriosi","publisher":{"@id":"https:\/\/eurotech-iasi.ro\/magazinonline\/#organization"},"potentialAction":[{"@type":"SearchAction","target":{"@type":"EntryPoint","urlTemplate":"https:\/\/eurotech-iasi.ro\/magazinonline\/?s={search_term_string}"},"query-input":{"@type":"PropertyValueSpecification","valueRequired":true,"valueName":"search_term_string"}}],"inLanguage":"ro-RO"},{"@type":"Organization","@id":"https:\/\/eurotech-iasi.ro\/magazinonline\/#organization","name":"Eurotech Iasi","url":"https:\/\/eurotech-iasi.ro\/magazinonline\/","logo":{"@type":"ImageObject","inLanguage":"ro-RO","@id":"https:\/\/eurotech-iasi.ro\/magazinonline\/#\/schema\/logo\/image\/","url":"https:\/\/eurotech-iasi.ro\/magazinonline\/wp-content\/uploads\/2020\/08\/logo-eurotech.png","contentUrl":"https:\/\/eurotech-iasi.ro\/magazinonline\/wp-content\/uploads\/2020\/08\/logo-eurotech.png","width":290,"height":70,"caption":"Eurotech Iasi"},"image":{"@id":"https:\/\/eurotech-iasi.ro\/magazinonline\/#\/schema\/logo\/image\/"},"sameAs":["https:\/\/www.facebook.com\/EurotechIasi\/"]}]}},"_links":{"self":[{"href":"https:\/\/eurotech-iasi.ro\/magazinonline\/wp-json\/wp\/v2\/product\/101987","targetHints":{"allow":["GET"]}}],"collection":[{"href":"https:\/\/eurotech-iasi.ro\/magazinonline\/wp-json\/wp\/v2\/product"}],"about":[{"href":"https:\/\/eurotech-iasi.ro\/magazinonline\/wp-json\/wp\/v2\/types\/product"}],"replies":[{"embeddable":true,"href":"https:\/\/eurotech-iasi.ro\/magazinonline\/wp-json\/wp\/v2\/comments?post=101987"}],"wp:featuredmedia":[{"embeddable":true,"href":"https:\/\/eurotech-iasi.ro\/magazinonline\/wp-json\/wp\/v2\/media\/101991"}],"wp:attachment":[{"href":"https:\/\/eurotech-iasi.ro\/magazinonline\/wp-json\/wp\/v2\/media?parent=101987"}],"wp:term":[{"taxonomy":"product_cat","embeddable":true,"href":"https:\/\/eurotech-iasi.ro\/magazinonline\/wp-json\/wp\/v2\/product_cat?post=101987"},{"taxonomy":"product_tag","embeddable":true,"href":"https:\/\/eurotech-iasi.ro\/magazinonline\/wp-json\/wp\/v2\/product_tag?post=101987"},{"taxonomy":"woo-feed-brand","embeddable":true,"href":"https:\/\/eurotech-iasi.ro\/magazinonline\/wp-json\/wp\/v2\/woo-feed-brand?post=101987"}],"curies":[{"name":"wp","href":"https:\/\/api.w.org\/{rel}","templated":true}]}}