{"id":102120,"date":"2024-02-16T16:46:51","date_gmt":"2024-02-16T14:46:51","guid":{"rendered":"https:\/\/eurotech-iasi.ro\/magazinonline\/?post_type=product&#038;p=102120"},"modified":"2026-02-12T11:04:10","modified_gmt":"2026-02-12T09:04:10","slug":"set-suflanta-aspirator-frunze-sha-56-cu-acumulator-ak20-si-incarcator-al101-stihl","status":"publish","type":"product","link":"https:\/\/eurotech-iasi.ro\/magazinonline\/produs\/set-suflanta-aspirator-frunze-sha-56-cu-acumulator-ak20-si-incarcator-al101-stihl\/","title":{"rendered":"Set suflanta-aspirator frunze SHA 56\u00a0cu acumulator AK20 si incarcator AL101 STIHL"},"content":{"rendered":"<p><strong>Set suflanta-aspirator frunze SHA 56\u00a0cu acumulator AK20 si incarcator AL101 STIHL<\/strong> cu efect de aspirare puternic, ce poate fi utilizat si ca suflanta.<\/p>\n<h2>Avantaje constructive -Set suflanta-aspirator frunze SHA 56 cu acumulator AK20 si incarcator AL101 STIHL:<\/h2>\n<ul>\n<li>Centur\u0103 de purtare<\/li>\n<\/ul>\n<div>Chingile STIHL u\u015fureaz\u0103 munca \u00een special \u00een timpul utiliz\u0103rii \u00eendelungate. Acestea ofer\u0103 o mare libertate de mi\u015fcare \u015fi confer\u0103 siguran\u0163\u0103 la utilizarea aparatului. Chinga STIHL potrivit\u0103 pentru fiecare model face parte din dotarea de serie.<\/div>\n<ul>\n<li>Comenzi monobloc<\/li>\n<\/ul>\n<div>Elementele de comand\u0103 pentru comanda motorului sunt integrate \u00een m\u00e2ner. M\u00e2nerul ergonomic cu elementele de comand\u0103 este pozi\u0163ionat deasupra centrului carcasei. Comandarea aparatelor se face simplu \u015fi confortabil, deoarece m\u00e2na r\u0103m\u00e2ne pe m\u00e2ner. Aparatele pot fi purtate dup\u0103 dorin\u0163\u0103, pe dreapta sau pe st\u00e2nga<\/div>\n<ul>\n<li>Pomp\u0103 manual\u0103 de combustibil<\/li>\n<\/ul>\n<div>Pompa de combustibil manual\u0103 transport\u0103 combustibil \u00een carburator printr-o simpl\u0103 ap\u0103sare a degetului mare. Astfel se reduce num\u0103rul de curse de demaraj dup\u0103 o pauz\u0103 de func\u0163ionare mai \u00eendelungat\u0103 a ma\u015finii. Toate motouneltele pentru \u00eengrijirea spa\u0163iilor verzi \u015fi toate suflantele dispun de o pomp\u0103 de combustibil manual\u0103.<\/div>\n<ul>\n<li>Catalizator (D)<\/li>\n<\/ul>\n<div>Evacuarea de substan\u0163e nocive la motounelte &#8211; cunoscut\u0103 ca flamur\u0103 \u00een doi timpi &#8211; poate conduce la irita\u0163ii ale ochilor \u015fi mucoaselor utilizatorului, polu\u00e2nd mediul. Catalizatorul elaborat pentru prima oar\u0103 de STIHL pentru motounelte, cu care STIHL a stabilit repere la nivel interna\u0163ional, reduce partea de hidrocarburi din gazul de evacuare cu p\u00e2n\u0103 la 60%<\/div>\n<h3>Specificatii tehnice &#8211; Set suflanta-aspirator frunze SHA 56\u00a0cu acumulator AK20 si incarcator AL101 STIHL:<\/h3>\n<p>Tip alimentare motor Acumulator<br \/>\nPutere motor 1 CP\/0.75 kW<br \/>\nCap cilindrica 27.2 cm\u00b3<br \/>\nDebit de aer 710 m\u00b3\/h<br \/>\nNivel presiune acustica 93,0 dB(A)<br \/>\nNivel de putere acustic\u0103 104,0 dB(A)<br \/>\nNivel de vibra\u0163ii st\u00e2nga\/dreapta 7.5\/6.3 m\/s\u00b2<br \/>\nGreutate 5.3 kg<\/p>\n","protected":false},"excerpt":{"rendered":"<p><strong>Set suflanta-aspirator frunze SHA 56\u00a0cu acumulator AK20 si incarcator AL101 STIHL<\/strong> cu efect de aspirare puternic, ce poate fi utilizat si ca suflanta.<\/p>\n<p><em><strong>Cod produs: SA022000006<\/strong><\/em><\/p>\n<p><a href=\"https:\/\/eurotech-iasi.ro\/magazinonline\/categorie-produs\/sistemul-cu-acumulator-stihl-ak\/\"><img loading=\"lazy\" decoding=\"async\" class=\"size-full wp-image-108556 alignleft\" src=\"https:\/\/eurotech-iasi.ro\/magazinonline\/wp-content\/uploads\/2025\/02\/21.png\" alt=\"\" width=\"350\" height=\"150\" srcset=\"https:\/\/eurotech-iasi.ro\/magazinonline\/wp-content\/uploads\/2025\/02\/21.png 350w, https:\/\/eurotech-iasi.ro\/magazinonline\/wp-content\/uploads\/2025\/02\/21-300x129.png 300w\" sizes=\"auto, (max-width: 350px) 100vw, 350px\" \/><\/a><\/p>\n<h3><\/h3>\n<h3><\/h3>\n<h3><\/h3>\n<h3><\/h3>\n<p><span style=\"color: #ff0000;\"><em><a href=\"https:\/\/www.stihl.ro\/ro\"><img loading=\"lazy\" decoding=\"async\" class=\" wp-image-108363 alignleft\" src=\"https:\/\/eurotech-iasi.ro\/magazinonline\/wp-content\/uploads\/2019\/03\/150-x-75-stihl.png\" alt=\"\" width=\"70\" height=\"35\" \/><\/a><a href=\"https:\/\/eurotech-iasi.ro\/magazinonline\/?attachment_id=87685\" rel=\"attachment wp-att-87685\"><img loading=\"lazy\" decoding=\"async\" class=\"wp-image-87685 alignleft\" src=\"https:\/\/eurotech-iasi.ro\/magazinonline\/wp-content\/uploads\/2019\/06\/2-1-150x150.png\" alt=\"\" width=\"72\" height=\"72\" srcset=\"https:\/\/eurotech-iasi.ro\/magazinonline\/wp-content\/uploads\/2019\/06\/2-1-150x150.png 150w, https:\/\/eurotech-iasi.ro\/magazinonline\/wp-content\/uploads\/2019\/06\/2-1-100x100.png 100w, https:\/\/eurotech-iasi.ro\/magazinonline\/wp-content\/uploads\/2019\/06\/2-1.png 200w\" sizes=\"auto, (max-width: 72px) 100vw, 72px\" \/><\/a><\/em><\/span><\/p>\n<h5><\/h5>\n<h5><\/h5>\n<h5><\/h5>\n<h5><span style=\"color: #eb782b;\"><em><strong>\u00a0<a href=\"https:\/\/eurotech-iasi.ro\/magazinonline\/termeni-si-conditii\/\">*Garan\u021bie 2 ani<\/a> + 6 luni Extra Garan\u021bie. <\/strong><\/em><\/span><\/h5>\n<h5><span style=\"color: #eb782b;\"><em><strong>\u00cenregistreaz\u0103\u00a0 produsul achizi\u021bionat de la noi, \u00een termen de <\/strong><\/em><\/span><span style=\"color: #003366;\"><em><strong>30 de zile de la cump\u0103rare<\/strong><\/em><\/span><span style=\"color: #eb782b;\"><em><strong>, pe site-ul oficial STIHL la adresa<a href=\"https:\/\/preg.stihl.com\/?lang=RO_ro&amp;country=RO\">\u00a0preg.stihl.com<\/a> \u0219i profit\u0103 de prelungirea gratuit\u0103 a garan\u021biei cu 6 luni !<\/strong><\/em><\/span><\/h5>\n","protected":false},"featured_media":102129,"comment_status":"open","ping_status":"closed","template":"","meta":{"_acf_changed":false},"product_cat":[4337,14504,14506,5695],"product_tag":[],"woo-feed-brand":[],"class_list":{"0":"post-102120","1":"product","2":"type-product","3":"status-publish","4":"has-post-thumbnail","6":"product_brand-stihl","7":"product_cat-gradinarit-agricultura","8":"product_cat-sistemele-cu-acumulator-stihl","9":"product_cat-sistemul-cu-acumulator-stihl-ak","10":"product_cat-suflante-si-pulverizatoare","11":"pa_brand-stihl","12":"pa_debit-aer-710-m-h","13":"pa_greutate-5-3-kg","14":"pa_putere-1-cp-0-75-kw","16":"first","17":"instock","18":"shipping-taxable","19":"purchasable","20":"product-type-simple"},"acf":[],"yoast_head":"<!-- This site is optimized with the Yoast SEO plugin v27.3 - https:\/\/yoast.com\/product\/yoast-seo-wordpress\/ -->\n<title>Set suflanta-aspirator frunze SHA 56\u00a0cu acumulator AK20 si incarcator AL101 STIHL - Eurotech Iasi<\/title>\n<meta name=\"robots\" content=\"index, follow, max-snippet:-1, max-image-preview:large, max-video-preview:-1\" \/>\n<link rel=\"canonical\" href=\"https:\/\/eurotech-iasi.ro\/magazinonline\/produs\/set-suflanta-aspirator-frunze-sha-56-cu-acumulator-ak20-si-incarcator-al101-stihl\/\" \/>\n<meta property=\"og:locale\" content=\"ro_RO\" \/>\n<meta property=\"og:type\" content=\"article\" \/>\n<meta property=\"og:title\" content=\"Set suflanta-aspirator frunze SHA 56\u00a0cu acumulator AK20 si incarcator AL101 STIHL - Eurotech Iasi\" \/>\n<meta property=\"og:description\" content=\"Set suflanta-aspirator frunze SHA 56\u00a0cu acumulator AK20 si incarcator AL101 STIHL cu efect de aspirare puternic, ce poate fi utilizat si ca suflanta.  Cod produs: SA022000006           \u00a0*Garan\u021bie 2 ani + 6 luni Extra Garan\u021bie.  \u00cenregistreaz\u0103\u00a0 produsul achizi\u021bionat de la noi, \u00een termen de 30 de zile de la cump\u0103rare, pe site-ul oficial STIHL la adresa\u00a0preg.stihl.com \u0219i profit\u0103 de prelungirea gratuit\u0103 a garan\u021biei cu 6 luni !\" \/>\n<meta property=\"og:url\" content=\"https:\/\/eurotech-iasi.ro\/magazinonline\/produs\/set-suflanta-aspirator-frunze-sha-56-cu-acumulator-ak20-si-incarcator-al101-stihl\/\" \/>\n<meta property=\"og:site_name\" content=\"Eurotech Iasi\" \/>\n<meta property=\"article:publisher\" content=\"https:\/\/www.facebook.com\/EurotechIasi\/\" \/>\n<meta property=\"article:modified_time\" content=\"2026-02-12T09:04:10+00:00\" \/>\n<meta property=\"og:image\" content=\"https:\/\/eurotech-iasi.ro\/magazinonline\/wp-content\/uploads\/2024\/02\/Set-suflanta-aspirator-frunze-cu-acumulator-si-incarcator-AK20-AL101-STIHL-SHA-56-2.png\" \/>\n\t<meta property=\"og:image:width\" content=\"750\" \/>\n\t<meta property=\"og:image:height\" content=\"750\" \/>\n\t<meta property=\"og:image:type\" content=\"image\/png\" \/>\n<meta name=\"twitter:label1\" content=\"Timp estimat pentru citire\" \/>\n\t<meta name=\"twitter:data1\" content=\"2 minute\" \/>\n<script type=\"application\/ld+json\" class=\"yoast-schema-graph\">{\"@context\":\"https:\\\/\\\/schema.org\",\"@graph\":[{\"@type\":\"WebPage\",\"@id\":\"https:\\\/\\\/eurotech-iasi.ro\\\/magazinonline\\\/produs\\\/set-suflanta-aspirator-frunze-sha-56-cu-acumulator-ak20-si-incarcator-al101-stihl\\\/\",\"url\":\"https:\\\/\\\/eurotech-iasi.ro\\\/magazinonline\\\/produs\\\/set-suflanta-aspirator-frunze-sha-56-cu-acumulator-ak20-si-incarcator-al101-stihl\\\/\",\"name\":\"Set suflanta-aspirator frunze SHA 56\u00a0cu acumulator AK20 si incarcator AL101 STIHL - Eurotech Iasi\",\"isPartOf\":{\"@id\":\"https:\\\/\\\/eurotech-iasi.ro\\\/magazinonline\\\/#website\"},\"primaryImageOfPage\":{\"@id\":\"https:\\\/\\\/eurotech-iasi.ro\\\/magazinonline\\\/produs\\\/set-suflanta-aspirator-frunze-sha-56-cu-acumulator-ak20-si-incarcator-al101-stihl\\\/#primaryimage\"},\"image\":{\"@id\":\"https:\\\/\\\/eurotech-iasi.ro\\\/magazinonline\\\/produs\\\/set-suflanta-aspirator-frunze-sha-56-cu-acumulator-ak20-si-incarcator-al101-stihl\\\/#primaryimage\"},\"thumbnailUrl\":\"https:\\\/\\\/eurotech-iasi.ro\\\/magazinonline\\\/wp-content\\\/uploads\\\/2024\\\/02\\\/Set-suflanta-aspirator-frunze-cu-acumulator-si-incarcator-AK20-AL101-STIHL-SHA-56-2.png\",\"datePublished\":\"2024-02-16T14:46:51+00:00\",\"dateModified\":\"2026-02-12T09:04:10+00:00\",\"breadcrumb\":{\"@id\":\"https:\\\/\\\/eurotech-iasi.ro\\\/magazinonline\\\/produs\\\/set-suflanta-aspirator-frunze-sha-56-cu-acumulator-ak20-si-incarcator-al101-stihl\\\/#breadcrumb\"},\"inLanguage\":\"ro-RO\",\"potentialAction\":[{\"@type\":\"ReadAction\",\"target\":[\"https:\\\/\\\/eurotech-iasi.ro\\\/magazinonline\\\/produs\\\/set-suflanta-aspirator-frunze-sha-56-cu-acumulator-ak20-si-incarcator-al101-stihl\\\/\"]}]},{\"@type\":\"ImageObject\",\"inLanguage\":\"ro-RO\",\"@id\":\"https:\\\/\\\/eurotech-iasi.ro\\\/magazinonline\\\/produs\\\/set-suflanta-aspirator-frunze-sha-56-cu-acumulator-ak20-si-incarcator-al101-stihl\\\/#primaryimage\",\"url\":\"https:\\\/\\\/eurotech-iasi.ro\\\/magazinonline\\\/wp-content\\\/uploads\\\/2024\\\/02\\\/Set-suflanta-aspirator-frunze-cu-acumulator-si-incarcator-AK20-AL101-STIHL-SHA-56-2.png\",\"contentUrl\":\"https:\\\/\\\/eurotech-iasi.ro\\\/magazinonline\\\/wp-content\\\/uploads\\\/2024\\\/02\\\/Set-suflanta-aspirator-frunze-cu-acumulator-si-incarcator-AK20-AL101-STIHL-SHA-56-2.png\",\"width\":750,\"height\":750,\"caption\":\"Set suflanta-aspirator frunze SHA 56\u00a0cu acumulator AK20 si incarcator AL101 STIHL\"},{\"@type\":\"BreadcrumbList\",\"@id\":\"https:\\\/\\\/eurotech-iasi.ro\\\/magazinonline\\\/produs\\\/set-suflanta-aspirator-frunze-sha-56-cu-acumulator-ak20-si-incarcator-al101-stihl\\\/#breadcrumb\",\"itemListElement\":[{\"@type\":\"ListItem\",\"position\":1,\"name\":\"Prima pagin\u0103\",\"item\":\"https:\\\/\\\/eurotech-iasi.ro\\\/magazinonline\\\/\"},{\"@type\":\"ListItem\",\"position\":2,\"name\":\"Shop\",\"item\":\"https:\\\/\\\/eurotech-iasi.ro\\\/magazinonline\\\/shop\\\/\"},{\"@type\":\"ListItem\",\"position\":3,\"name\":\"Set suflanta-aspirator frunze SHA 56\u00a0cu acumulator AK20 si incarcator AL101 STIHL\"}]},{\"@type\":\"WebSite\",\"@id\":\"https:\\\/\\\/eurotech-iasi.ro\\\/magazinonline\\\/#website\",\"url\":\"https:\\\/\\\/eurotech-iasi.ro\\\/magazinonline\\\/\",\"name\":\"Eurotech Iasi\",\"description\":\"Cu oameni seriosi\",\"publisher\":{\"@id\":\"https:\\\/\\\/eurotech-iasi.ro\\\/magazinonline\\\/#organization\"},\"potentialAction\":[{\"@type\":\"SearchAction\",\"target\":{\"@type\":\"EntryPoint\",\"urlTemplate\":\"https:\\\/\\\/eurotech-iasi.ro\\\/magazinonline\\\/?s={search_term_string}\"},\"query-input\":{\"@type\":\"PropertyValueSpecification\",\"valueRequired\":true,\"valueName\":\"search_term_string\"}}],\"inLanguage\":\"ro-RO\"},{\"@type\":\"Organization\",\"@id\":\"https:\\\/\\\/eurotech-iasi.ro\\\/magazinonline\\\/#organization\",\"name\":\"Eurotech Iasi\",\"url\":\"https:\\\/\\\/eurotech-iasi.ro\\\/magazinonline\\\/\",\"logo\":{\"@type\":\"ImageObject\",\"inLanguage\":\"ro-RO\",\"@id\":\"https:\\\/\\\/eurotech-iasi.ro\\\/magazinonline\\\/#\\\/schema\\\/logo\\\/image\\\/\",\"url\":\"https:\\\/\\\/eurotech-iasi.ro\\\/magazinonline\\\/wp-content\\\/uploads\\\/2020\\\/08\\\/logo-eurotech.png\",\"contentUrl\":\"https:\\\/\\\/eurotech-iasi.ro\\\/magazinonline\\\/wp-content\\\/uploads\\\/2020\\\/08\\\/logo-eurotech.png\",\"width\":290,\"height\":70,\"caption\":\"Eurotech Iasi\"},\"image\":{\"@id\":\"https:\\\/\\\/eurotech-iasi.ro\\\/magazinonline\\\/#\\\/schema\\\/logo\\\/image\\\/\"},\"sameAs\":[\"https:\\\/\\\/www.facebook.com\\\/EurotechIasi\\\/\"]}]}<\/script>\n<!-- \/ Yoast SEO plugin. -->","yoast_head_json":{"title":"Set suflanta-aspirator frunze SHA 56\u00a0cu acumulator AK20 si incarcator AL101 STIHL - Eurotech Iasi","robots":{"index":"index","follow":"follow","max-snippet":"max-snippet:-1","max-image-preview":"max-image-preview:large","max-video-preview":"max-video-preview:-1"},"canonical":"https:\/\/eurotech-iasi.ro\/magazinonline\/produs\/set-suflanta-aspirator-frunze-sha-56-cu-acumulator-ak20-si-incarcator-al101-stihl\/","og_locale":"ro_RO","og_type":"article","og_title":"Set suflanta-aspirator frunze SHA 56\u00a0cu acumulator AK20 si incarcator AL101 STIHL - Eurotech Iasi","og_description":"Set suflanta-aspirator frunze SHA 56\u00a0cu acumulator AK20 si incarcator AL101 STIHL cu efect de aspirare puternic, ce poate fi utilizat si ca suflanta.  Cod produs: SA022000006           \u00a0*Garan\u021bie 2 ani + 6 luni Extra Garan\u021bie.  \u00cenregistreaz\u0103\u00a0 produsul achizi\u021bionat de la noi, \u00een termen de 30 de zile de la cump\u0103rare, pe site-ul oficial STIHL la adresa\u00a0preg.stihl.com \u0219i profit\u0103 de prelungirea gratuit\u0103 a garan\u021biei cu 6 luni !","og_url":"https:\/\/eurotech-iasi.ro\/magazinonline\/produs\/set-suflanta-aspirator-frunze-sha-56-cu-acumulator-ak20-si-incarcator-al101-stihl\/","og_site_name":"Eurotech Iasi","article_publisher":"https:\/\/www.facebook.com\/EurotechIasi\/","article_modified_time":"2026-02-12T09:04:10+00:00","og_image":[{"width":750,"height":750,"url":"https:\/\/eurotech-iasi.ro\/magazinonline\/wp-content\/uploads\/2024\/02\/Set-suflanta-aspirator-frunze-cu-acumulator-si-incarcator-AK20-AL101-STIHL-SHA-56-2.png","type":"image\/png"}],"twitter_misc":{"Timp estimat pentru citire":"2 minute"},"schema":{"@context":"https:\/\/schema.org","@graph":[{"@type":"WebPage","@id":"https:\/\/eurotech-iasi.ro\/magazinonline\/produs\/set-suflanta-aspirator-frunze-sha-56-cu-acumulator-ak20-si-incarcator-al101-stihl\/","url":"https:\/\/eurotech-iasi.ro\/magazinonline\/produs\/set-suflanta-aspirator-frunze-sha-56-cu-acumulator-ak20-si-incarcator-al101-stihl\/","name":"Set suflanta-aspirator frunze SHA 56\u00a0cu acumulator AK20 si incarcator AL101 STIHL - Eurotech Iasi","isPartOf":{"@id":"https:\/\/eurotech-iasi.ro\/magazinonline\/#website"},"primaryImageOfPage":{"@id":"https:\/\/eurotech-iasi.ro\/magazinonline\/produs\/set-suflanta-aspirator-frunze-sha-56-cu-acumulator-ak20-si-incarcator-al101-stihl\/#primaryimage"},"image":{"@id":"https:\/\/eurotech-iasi.ro\/magazinonline\/produs\/set-suflanta-aspirator-frunze-sha-56-cu-acumulator-ak20-si-incarcator-al101-stihl\/#primaryimage"},"thumbnailUrl":"https:\/\/eurotech-iasi.ro\/magazinonline\/wp-content\/uploads\/2024\/02\/Set-suflanta-aspirator-frunze-cu-acumulator-si-incarcator-AK20-AL101-STIHL-SHA-56-2.png","datePublished":"2024-02-16T14:46:51+00:00","dateModified":"2026-02-12T09:04:10+00:00","breadcrumb":{"@id":"https:\/\/eurotech-iasi.ro\/magazinonline\/produs\/set-suflanta-aspirator-frunze-sha-56-cu-acumulator-ak20-si-incarcator-al101-stihl\/#breadcrumb"},"inLanguage":"ro-RO","potentialAction":[{"@type":"ReadAction","target":["https:\/\/eurotech-iasi.ro\/magazinonline\/produs\/set-suflanta-aspirator-frunze-sha-56-cu-acumulator-ak20-si-incarcator-al101-stihl\/"]}]},{"@type":"ImageObject","inLanguage":"ro-RO","@id":"https:\/\/eurotech-iasi.ro\/magazinonline\/produs\/set-suflanta-aspirator-frunze-sha-56-cu-acumulator-ak20-si-incarcator-al101-stihl\/#primaryimage","url":"https:\/\/eurotech-iasi.ro\/magazinonline\/wp-content\/uploads\/2024\/02\/Set-suflanta-aspirator-frunze-cu-acumulator-si-incarcator-AK20-AL101-STIHL-SHA-56-2.png","contentUrl":"https:\/\/eurotech-iasi.ro\/magazinonline\/wp-content\/uploads\/2024\/02\/Set-suflanta-aspirator-frunze-cu-acumulator-si-incarcator-AK20-AL101-STIHL-SHA-56-2.png","width":750,"height":750,"caption":"Set suflanta-aspirator frunze SHA 56\u00a0cu acumulator AK20 si incarcator AL101 STIHL"},{"@type":"BreadcrumbList","@id":"https:\/\/eurotech-iasi.ro\/magazinonline\/produs\/set-suflanta-aspirator-frunze-sha-56-cu-acumulator-ak20-si-incarcator-al101-stihl\/#breadcrumb","itemListElement":[{"@type":"ListItem","position":1,"name":"Prima pagin\u0103","item":"https:\/\/eurotech-iasi.ro\/magazinonline\/"},{"@type":"ListItem","position":2,"name":"Shop","item":"https:\/\/eurotech-iasi.ro\/magazinonline\/shop\/"},{"@type":"ListItem","position":3,"name":"Set suflanta-aspirator frunze SHA 56\u00a0cu acumulator AK20 si incarcator AL101 STIHL"}]},{"@type":"WebSite","@id":"https:\/\/eurotech-iasi.ro\/magazinonline\/#website","url":"https:\/\/eurotech-iasi.ro\/magazinonline\/","name":"Eurotech Iasi","description":"Cu oameni seriosi","publisher":{"@id":"https:\/\/eurotech-iasi.ro\/magazinonline\/#organization"},"potentialAction":[{"@type":"SearchAction","target":{"@type":"EntryPoint","urlTemplate":"https:\/\/eurotech-iasi.ro\/magazinonline\/?s={search_term_string}"},"query-input":{"@type":"PropertyValueSpecification","valueRequired":true,"valueName":"search_term_string"}}],"inLanguage":"ro-RO"},{"@type":"Organization","@id":"https:\/\/eurotech-iasi.ro\/magazinonline\/#organization","name":"Eurotech Iasi","url":"https:\/\/eurotech-iasi.ro\/magazinonline\/","logo":{"@type":"ImageObject","inLanguage":"ro-RO","@id":"https:\/\/eurotech-iasi.ro\/magazinonline\/#\/schema\/logo\/image\/","url":"https:\/\/eurotech-iasi.ro\/magazinonline\/wp-content\/uploads\/2020\/08\/logo-eurotech.png","contentUrl":"https:\/\/eurotech-iasi.ro\/magazinonline\/wp-content\/uploads\/2020\/08\/logo-eurotech.png","width":290,"height":70,"caption":"Eurotech Iasi"},"image":{"@id":"https:\/\/eurotech-iasi.ro\/magazinonline\/#\/schema\/logo\/image\/"},"sameAs":["https:\/\/www.facebook.com\/EurotechIasi\/"]}]}},"_links":{"self":[{"href":"https:\/\/eurotech-iasi.ro\/magazinonline\/wp-json\/wp\/v2\/product\/102120","targetHints":{"allow":["GET"]}}],"collection":[{"href":"https:\/\/eurotech-iasi.ro\/magazinonline\/wp-json\/wp\/v2\/product"}],"about":[{"href":"https:\/\/eurotech-iasi.ro\/magazinonline\/wp-json\/wp\/v2\/types\/product"}],"replies":[{"embeddable":true,"href":"https:\/\/eurotech-iasi.ro\/magazinonline\/wp-json\/wp\/v2\/comments?post=102120"}],"wp:featuredmedia":[{"embeddable":true,"href":"https:\/\/eurotech-iasi.ro\/magazinonline\/wp-json\/wp\/v2\/media\/102129"}],"wp:attachment":[{"href":"https:\/\/eurotech-iasi.ro\/magazinonline\/wp-json\/wp\/v2\/media?parent=102120"}],"wp:term":[{"taxonomy":"product_cat","embeddable":true,"href":"https:\/\/eurotech-iasi.ro\/magazinonline\/wp-json\/wp\/v2\/product_cat?post=102120"},{"taxonomy":"product_tag","embeddable":true,"href":"https:\/\/eurotech-iasi.ro\/magazinonline\/wp-json\/wp\/v2\/product_tag?post=102120"},{"taxonomy":"woo-feed-brand","embeddable":true,"href":"https:\/\/eurotech-iasi.ro\/magazinonline\/wp-json\/wp\/v2\/woo-feed-brand?post=102120"}],"curies":[{"name":"wp","href":"https:\/\/api.w.org\/{rel}","templated":true}]}}