{"id":102243,"date":"2024-02-21T11:12:52","date_gmt":"2024-02-21T09:12:52","guid":{"rendered":"https:\/\/eurotech-iasi.ro\/magazinonline\/?post_type=product&#038;p=102243"},"modified":"2026-03-09T10:37:07","modified_gmt":"2026-03-09T08:37:07","slug":"motoferastrau-stihl-ms-462-c-m-50cm-1-6mm","status":"publish","type":"product","link":"https:\/\/eurotech-iasi.ro\/magazinonline\/produs\/motoferastrau-stihl-ms-462-c-m-50cm-1-6mm\/","title":{"rendered":"Motoferastrau STIHL MS 462 C-M 50cm 1.6mm"},"content":{"rendered":"<p><strong>Motoferastrau STIHL MS 462 C-M 50cm 1.6mm <\/strong>3\/8 36 RS de inalta performanta, cu greutate optimizata, de 4,4 kW cu motor 2-MIX este u\u015for de manevrat, cu vibratii reduse si sistem de filtrare cu durata lunga de viata. Consum de combustibil redus cu pana la 20% \u015fi emisii poluante reduse cu 50% fata de motoarele conventionale in 2 timpi fara tehnologie 2-MIX. Foarte eficient la toate lucrarile cu lemn de duritate medie. Acesta este echipat cu pompa de ulei de inalta performanta, reglabila in functie de volum pentru utilizare intensa, filtru HD2 cu etansare radiala, capace pentru rezervor cu deschidere fara alte instrumente pentru o umplere usoara si sigura cu combustibil.<br \/>\nEste cel mai usor motoferastrau de inalta performanta din clasa de capacitate cubica de 70 cm\u00b3 fiind extraordinar de usor de manevrat si cu o accelerare exceptionala. Pentru doborare si taiere arbusti cu densitate medie si inalta. Echipat standard cu M-Tronic; filtru HD2 cu efect de filtrare foarte bun. Piulitele cu siguranta la pierdere de pe capacul rotii de lant usureaza schimbarea lantului; capac de rezervor cu deschidere fara alte instrumente pentru o umplere usoara si sigura cu combustibili si lubrifianti; economic 2-MIX.<\/p>\n<h2>Avantaje constructive &#8211; Motoferastrau STIHL MS 462 C-M 50cm 1.6mm:<\/h2>\n<ul>\n<li>Compensator &#8211; Compensatorul STIHL, un sistem de reglare din carburator, are grija ca in ciuda cresterii gradului de murdarire al filtrului de aer, puterea motorului, calitatea gazelor de evacuare si consumul de combustibil sa ramana aproape constante. Numai daca intervine o cadere de putere sesizabila trebuie curatat filtrul de aer. Astfel sunt posibile si intervale de lucru foarte mari fara intretinere.<\/li>\n<li>Comanda monobloc &#8211; Comanda monobloc &#8211; Functiile masinii, pornirea la rece si la cald, functionarea si oprirea sunt comandate de la o singura maneta. Asta face comanda deosebit de confortabila si sigura, deoarece mana dreapta poate ramane in permanenta pe maner.<\/li>\n<li>Dispozitiv_pentru_intinderea_lantului_am &#8211; Dispozitiv pentru intinderea lantului amplasat lateral<br \/>\nSurubul de intindere a lantului se actioneaza lateral, prin capacul rotii lantului. Acest lucru impiedica contactul mainii cu lantul de ferastrau ascutit si cu varfurile opritorului cu gheare.<\/li>\n<li>Pompa de ulei cu debit reglabil &#8211; Pompa de ulei cu debit reglabil &#8211; Permite o transportare exacta, adaptata necesarului, a cantita\u0163ii de ulei. Marcajul E asigura o cantitate de ulei suficienta pentru orice situa\u0163ie. Profesioni\u015ftii dozeaza mai fin. Este posibila o reducere a cantitatii de ulei transportat cu pana la 50%. similar imagine.<\/li>\n<li>Sistem anti-vibratii &#8211; Vibratiile puternice din locurile de prindere ale motouneltelor pot conduce pe termen lung la tulburari de irigatie sangvina la nivelul mainilor si bratelor. De aceea STIHL a elaborat sistemul antivibratie. La motouneltele cu sistem AV vibratiile din locurile de prindere produse de motorul cu combustie si unealta de lucru in miscare sunt clar reduse.<\/li>\n<li>Busoane pentru rezervor fara scule suplimentare &#8211; Capace speciale brevetate pentru rezervorul de combustibil si ulei. Rezervoarele motouneltelor echipate cu acestea pot fi deschise si reinchise rapid, fara consum de forta si fara vreo alta unealta.<\/li>\n<li>Sistem Ematic pentru ungerea lantului &#8211; Sistemul STIHL Ematic este compus din sina de ghidaj Ematic, lant de ferastrau Oilomatic si pompa de ulei cu reglaj de cantitate sau cantitate de transport redusa. Constructia speciala a sinei si lantului face ca orice picatura de ulei pentru lanturi sa ajunga acolo unde este nevoie pentru lubrifiere. Consumul uleiului poate fi redus cu pana la 50% .<\/li>\n<li>STIHL ElastoStart &#8211; Ca urmare a presiunii de compresiune la pornirea motoarelor cu combustie se genereaza varfuri de forte de soc, ce solicita muschii si articulatiile. Elementul de amortizare din manerul de demarare special ElastoStart absoarbe alternativ for\u0163a in func\u0163ie de evolu\u0163ia compresiunii \u015fi o elibereaza din nou. Acest lucru determina un proces de demarare uniform, fara varfuri de forta de soc.<\/li>\n<li>Ventil de decompresie &#8211; Supapa de decompresiune lasa sa se evacueze la pornire o parte a amestecului compactat din cilindru. Astfel se reduce clar forta de tractiune necesara de la cablul demaror. Utilizatorul este despovarat iar intregul sistem de pornire al motorului este menajat.<\/li>\n<\/ul>\n<h3>Specificatii tehnice &#8211; Motoferastrau STIHL MS 462 C-M 50cm 1.6mm:<\/h3>\n<ul>\n<li>Putere motor 4,4\u00a0 kW \/ 6 CP<\/li>\n<li>Lungimea de taiere 50 cm<\/li>\n<li>Cap cilindrica 72,2 cm\u00b3<\/li>\n<li>Greutate\u00a0 6 kg<\/li>\n<li>Pasul lantului 3\/8\u2033 STIHL Oilomatic<\/li>\n<li>Raport Greutate-Putere kg\/kW\u00a0 1,4<\/li>\n<li>Capacitate rezervor combustibil 0,72 litri<\/li>\n<li>Volum rezervor ulei cm3\u00a0 340<\/li>\n<li>Frana automata lant QuickStop<\/li>\n<li>Nivel presiune acustica 108 dB(A)<\/li>\n<li>Nivel de putere acustic\u0103 119 dB(A)<\/li>\n<li>Nivel de vibra\u0163ii st\u00e2nga\/dreapta stanga 4,8 m\/s2, dreapta 3,6 m\/s2<\/li>\n<li>Durat\u0103 expunere zilnic\u0103 h\u00a0 3,7<\/li>\n<li>STIHL ElastoStart<\/li>\n<li>Buson pentru rezervor fara scule suplimentare<\/li>\n<li>Compensator<\/li>\n<li>Comanda monobloc<\/li>\n<li>Pompa de ulei cu debit reglabil<\/li>\n<li>Sistem Ematic pentru ungerea lantului<\/li>\n<li>Ventil de compresie<\/li>\n<li>Dispozitiv pentru intinderea lantului amplasat lateral<\/li>\n<li>Sistem anti-vibratie<\/li>\n<\/ul>\n<p>INSTRUCTIUNI DE UTILIZARE \u2013\u00a0<a href=\"https:\/\/eurotech-iasi.ro\/magazinonline\/wp-content\/uploads\/2020\/04\/STIHL-MS-462-C-M.pdf\">Descarca de aici instructiuni generale privind siguranta de utilizare.<\/a><\/p>\n","protected":false},"excerpt":{"rendered":"<p><strong>Motoferastrau STIHL MS 462 C-M 50cm 1.6mm\u00a0 <\/strong>3\/8&#8243; 36 RS de inalta performanta, cu greutate optimizata, de 4,4 kW \/ 6 CP cu motor 2-MIX.<\/p>\n<p><em><strong>Cod produs: 11422000016<\/strong><\/em><\/p>\n<p><span style=\"color: #ff0000;\"><em><a href=\"https:\/\/eurotech-iasi.ro\/magazinonline\/wp-content\/uploads\/2024\/02\/CADOU.png\"><img loading=\"lazy\" decoding=\"async\" class=\"alignnone size-medium wp-image-114942\" src=\"https:\/\/eurotech-iasi.ro\/magazinonline\/wp-content\/uploads\/2024\/02\/CADOU-300x300.png\" alt=\"\" width=\"300\" height=\"300\" srcset=\"https:\/\/eurotech-iasi.ro\/magazinonline\/wp-content\/uploads\/2024\/02\/CADOU-300x300.png 300w, https:\/\/eurotech-iasi.ro\/magazinonline\/wp-content\/uploads\/2024\/02\/CADOU-150x150.png 150w, https:\/\/eurotech-iasi.ro\/magazinonline\/wp-content\/uploads\/2024\/02\/CADOU-600x600.png 600w, https:\/\/eurotech-iasi.ro\/magazinonline\/wp-content\/uploads\/2024\/02\/CADOU-100x100.png 100w, https:\/\/eurotech-iasi.ro\/magazinonline\/wp-content\/uploads\/2024\/02\/CADOU-154x154.png 154w, https:\/\/eurotech-iasi.ro\/magazinonline\/wp-content\/uploads\/2024\/02\/CADOU.png 750w\" sizes=\"auto, (max-width: 300px) 100vw, 300px\" \/><\/a><br \/>\n<a href=\"https:\/\/eurotech-iasi.ro\/magazinonline\/?attachment_id=87685\" rel=\"attachment wp-att-87685\"><img loading=\"lazy\" decoding=\"async\" class=\"wp-image-87685 aligncenter\" src=\"https:\/\/eurotech-iasi.ro\/magazinonline\/wp-content\/uploads\/2019\/06\/2-1-150x150.png\" alt=\"\" width=\"72\" height=\"72\" srcset=\"https:\/\/eurotech-iasi.ro\/magazinonline\/wp-content\/uploads\/2019\/06\/2-1-150x150.png 150w, https:\/\/eurotech-iasi.ro\/magazinonline\/wp-content\/uploads\/2019\/06\/2-1-100x100.png 100w, https:\/\/eurotech-iasi.ro\/magazinonline\/wp-content\/uploads\/2019\/06\/2-1.png 200w\" sizes=\"auto, (max-width: 72px) 100vw, 72px\" \/><\/a><\/em><\/span><\/p>\n<p>&nbsp;<\/p>\n<h5><span style=\"color: #eb782b;\"><em><strong>\u00a0<a href=\"https:\/\/eurotech-iasi.ro\/magazinonline\/termeni-si-conditii\/\">*Garan\u021bie 2 ani<\/a> + 6 luni Extra Garan\u021bie. <\/strong><\/em><\/span><\/h5>\n<h5><span style=\"color: #eb782b;\"><em><strong>\u00cenregistreaz\u0103\u00a0 produsul achizi\u021bionat de la noi, \u00een termen de <\/strong><\/em><\/span><span style=\"color: #003366;\"><em><strong>30 de zile de la cump\u0103rare<\/strong><\/em><\/span><span style=\"color: #eb782b;\"><em><strong>, pe site-ul oficial STIHL la adresa<a href=\"https:\/\/preg.stihl.com\/product?lang=RO_ro&amp;country=RO\">\u00a0preg.stihl.com<\/a> \u0219i profit\u0103 de prelungirea gratuit\u0103 a garan\u021biei cu 6 luni !<\/strong><\/em><\/span><\/h5>\n<h5><\/h5>\n<p>&nbsp;<\/p>\n","protected":false},"featured_media":114940,"comment_status":"open","ping_status":"closed","template":"","meta":{"_acf_changed":false},"product_cat":[6413,4337,4364,6412],"product_tag":[],"woo-feed-brand":[],"class_list":{"0":"post-102243","1":"product","2":"type-product","3":"status-publish","4":"has-post-thumbnail","6":"product_brand-stihl","7":"product_cat-extra-reduceri","8":"product_cat-gradinarit-agricultura","9":"product_cat-motofierastraie","10":"product_cat-promotie-stihl","11":"pa_brand-stihl","12":"pa_capacitate-722-cm","13":"pa_greutate-6-kg","14":"pa_pas-lant-3-8p","15":"pa_putere-44-6-kw-cp","16":"pa_volum-rezervor-072-l","18":"first","19":"instock","20":"sale","21":"purchasable","22":"product-type-simple"},"acf":[],"yoast_head":"<!-- This site is optimized with the Yoast SEO plugin v27.3 - https:\/\/yoast.com\/product\/yoast-seo-wordpress\/ -->\n<title>Motoferastrau STIHL MS 462 C-M 50cm 1.6mm - Eurotech Iasi<\/title>\n<meta name=\"description\" content=\"Motofierastrau STIHL MS 462 C-M, este cel mai usor motoferastrau de inalta performanta din clasa sa avand o capacitate cubica de 70 cm\u00b3.\" \/>\n<meta name=\"robots\" content=\"index, follow, max-snippet:-1, max-image-preview:large, max-video-preview:-1\" \/>\n<link rel=\"canonical\" href=\"https:\/\/eurotech-iasi.ro\/magazinonline\/produs\/motoferastrau-stihl-ms-462-c-m-50cm-1-6mm\/\" \/>\n<meta property=\"og:locale\" content=\"ro_RO\" \/>\n<meta property=\"og:type\" content=\"article\" \/>\n<meta property=\"og:title\" content=\"Motoferastrau STIHL MS 462 C-M 50cm 1.6mm - Eurotech Iasi\" \/>\n<meta property=\"og:description\" content=\"Motofierastrau STIHL MS 462 C-M, este cel mai usor motoferastrau de inalta performanta din clasa sa avand o capacitate cubica de 70 cm\u00b3.\" \/>\n<meta property=\"og:url\" content=\"https:\/\/eurotech-iasi.ro\/magazinonline\/produs\/motoferastrau-stihl-ms-462-c-m-50cm-1-6mm\/\" \/>\n<meta property=\"og:site_name\" content=\"Eurotech Iasi\" \/>\n<meta property=\"article:publisher\" content=\"https:\/\/www.facebook.com\/EurotechIasi\/\" \/>\n<meta property=\"article:modified_time\" content=\"2026-03-09T08:37:07+00:00\" \/>\n<meta property=\"og:image\" content=\"https:\/\/eurotech-iasi.ro\/magazinonline\/wp-content\/uploads\/2024\/02\/Motoferastrau-STIHL-MS-462-C-M-50cm-1.6mm.png\" \/>\n\t<meta property=\"og:image:width\" content=\"750\" \/>\n\t<meta property=\"og:image:height\" content=\"750\" \/>\n\t<meta property=\"og:image:type\" content=\"image\/png\" \/>\n<meta name=\"twitter:label1\" content=\"Timp estimat pentru citire\" \/>\n\t<meta name=\"twitter:data1\" content=\"5 minute\" \/>\n<script type=\"application\/ld+json\" class=\"yoast-schema-graph\">{\"@context\":\"https:\\\/\\\/schema.org\",\"@graph\":[{\"@type\":\"WebPage\",\"@id\":\"https:\\\/\\\/eurotech-iasi.ro\\\/magazinonline\\\/produs\\\/motoferastrau-stihl-ms-462-c-m-50cm-1-6mm\\\/\",\"url\":\"https:\\\/\\\/eurotech-iasi.ro\\\/magazinonline\\\/produs\\\/motoferastrau-stihl-ms-462-c-m-50cm-1-6mm\\\/\",\"name\":\"Motoferastrau STIHL MS 462 C-M 50cm 1.6mm - Eurotech Iasi\",\"isPartOf\":{\"@id\":\"https:\\\/\\\/eurotech-iasi.ro\\\/magazinonline\\\/#website\"},\"primaryImageOfPage\":{\"@id\":\"https:\\\/\\\/eurotech-iasi.ro\\\/magazinonline\\\/produs\\\/motoferastrau-stihl-ms-462-c-m-50cm-1-6mm\\\/#primaryimage\"},\"image\":{\"@id\":\"https:\\\/\\\/eurotech-iasi.ro\\\/magazinonline\\\/produs\\\/motoferastrau-stihl-ms-462-c-m-50cm-1-6mm\\\/#primaryimage\"},\"thumbnailUrl\":\"https:\\\/\\\/eurotech-iasi.ro\\\/magazinonline\\\/wp-content\\\/uploads\\\/2024\\\/02\\\/Motoferastrau-STIHL-MS-462-C-M-50cm-1.6mm.png\",\"datePublished\":\"2024-02-21T09:12:52+00:00\",\"dateModified\":\"2026-03-09T08:37:07+00:00\",\"description\":\"Motofierastrau STIHL MS 462 C-M, este cel mai usor motoferastrau de inalta performanta din clasa sa avand o capacitate cubica de 70 cm\u00b3.\",\"breadcrumb\":{\"@id\":\"https:\\\/\\\/eurotech-iasi.ro\\\/magazinonline\\\/produs\\\/motoferastrau-stihl-ms-462-c-m-50cm-1-6mm\\\/#breadcrumb\"},\"inLanguage\":\"ro-RO\",\"potentialAction\":[{\"@type\":\"ReadAction\",\"target\":[\"https:\\\/\\\/eurotech-iasi.ro\\\/magazinonline\\\/produs\\\/motoferastrau-stihl-ms-462-c-m-50cm-1-6mm\\\/\"]}]},{\"@type\":\"ImageObject\",\"inLanguage\":\"ro-RO\",\"@id\":\"https:\\\/\\\/eurotech-iasi.ro\\\/magazinonline\\\/produs\\\/motoferastrau-stihl-ms-462-c-m-50cm-1-6mm\\\/#primaryimage\",\"url\":\"https:\\\/\\\/eurotech-iasi.ro\\\/magazinonline\\\/wp-content\\\/uploads\\\/2024\\\/02\\\/Motoferastrau-STIHL-MS-462-C-M-50cm-1.6mm.png\",\"contentUrl\":\"https:\\\/\\\/eurotech-iasi.ro\\\/magazinonline\\\/wp-content\\\/uploads\\\/2024\\\/02\\\/Motoferastrau-STIHL-MS-462-C-M-50cm-1.6mm.png\",\"width\":750,\"height\":750,\"caption\":\"Motoferastrau STIHL MS 462 C-M 50cm 1.6mm\"},{\"@type\":\"BreadcrumbList\",\"@id\":\"https:\\\/\\\/eurotech-iasi.ro\\\/magazinonline\\\/produs\\\/motoferastrau-stihl-ms-462-c-m-50cm-1-6mm\\\/#breadcrumb\",\"itemListElement\":[{\"@type\":\"ListItem\",\"position\":1,\"name\":\"Prima pagin\u0103\",\"item\":\"https:\\\/\\\/eurotech-iasi.ro\\\/magazinonline\\\/\"},{\"@type\":\"ListItem\",\"position\":2,\"name\":\"Shop\",\"item\":\"https:\\\/\\\/eurotech-iasi.ro\\\/magazinonline\\\/shop\\\/\"},{\"@type\":\"ListItem\",\"position\":3,\"name\":\"Motoferastrau STIHL MS 462 C-M 50cm 1.6mm\"}]},{\"@type\":\"WebSite\",\"@id\":\"https:\\\/\\\/eurotech-iasi.ro\\\/magazinonline\\\/#website\",\"url\":\"https:\\\/\\\/eurotech-iasi.ro\\\/magazinonline\\\/\",\"name\":\"Eurotech Iasi\",\"description\":\"Cu oameni seriosi\",\"publisher\":{\"@id\":\"https:\\\/\\\/eurotech-iasi.ro\\\/magazinonline\\\/#organization\"},\"potentialAction\":[{\"@type\":\"SearchAction\",\"target\":{\"@type\":\"EntryPoint\",\"urlTemplate\":\"https:\\\/\\\/eurotech-iasi.ro\\\/magazinonline\\\/?s={search_term_string}\"},\"query-input\":{\"@type\":\"PropertyValueSpecification\",\"valueRequired\":true,\"valueName\":\"search_term_string\"}}],\"inLanguage\":\"ro-RO\"},{\"@type\":\"Organization\",\"@id\":\"https:\\\/\\\/eurotech-iasi.ro\\\/magazinonline\\\/#organization\",\"name\":\"Eurotech Iasi\",\"url\":\"https:\\\/\\\/eurotech-iasi.ro\\\/magazinonline\\\/\",\"logo\":{\"@type\":\"ImageObject\",\"inLanguage\":\"ro-RO\",\"@id\":\"https:\\\/\\\/eurotech-iasi.ro\\\/magazinonline\\\/#\\\/schema\\\/logo\\\/image\\\/\",\"url\":\"https:\\\/\\\/eurotech-iasi.ro\\\/magazinonline\\\/wp-content\\\/uploads\\\/2020\\\/08\\\/logo-eurotech.png\",\"contentUrl\":\"https:\\\/\\\/eurotech-iasi.ro\\\/magazinonline\\\/wp-content\\\/uploads\\\/2020\\\/08\\\/logo-eurotech.png\",\"width\":290,\"height\":70,\"caption\":\"Eurotech Iasi\"},\"image\":{\"@id\":\"https:\\\/\\\/eurotech-iasi.ro\\\/magazinonline\\\/#\\\/schema\\\/logo\\\/image\\\/\"},\"sameAs\":[\"https:\\\/\\\/www.facebook.com\\\/EurotechIasi\\\/\"]}]}<\/script>\n<!-- \/ Yoast SEO plugin. -->","yoast_head_json":{"title":"Motoferastrau STIHL MS 462 C-M 50cm 1.6mm - Eurotech Iasi","description":"Motofierastrau STIHL MS 462 C-M, este cel mai usor motoferastrau de inalta performanta din clasa sa avand o capacitate cubica de 70 cm\u00b3.","robots":{"index":"index","follow":"follow","max-snippet":"max-snippet:-1","max-image-preview":"max-image-preview:large","max-video-preview":"max-video-preview:-1"},"canonical":"https:\/\/eurotech-iasi.ro\/magazinonline\/produs\/motoferastrau-stihl-ms-462-c-m-50cm-1-6mm\/","og_locale":"ro_RO","og_type":"article","og_title":"Motoferastrau STIHL MS 462 C-M 50cm 1.6mm - Eurotech Iasi","og_description":"Motofierastrau STIHL MS 462 C-M, este cel mai usor motoferastrau de inalta performanta din clasa sa avand o capacitate cubica de 70 cm\u00b3.","og_url":"https:\/\/eurotech-iasi.ro\/magazinonline\/produs\/motoferastrau-stihl-ms-462-c-m-50cm-1-6mm\/","og_site_name":"Eurotech Iasi","article_publisher":"https:\/\/www.facebook.com\/EurotechIasi\/","article_modified_time":"2026-03-09T08:37:07+00:00","og_image":[{"width":750,"height":750,"url":"https:\/\/eurotech-iasi.ro\/magazinonline\/wp-content\/uploads\/2024\/02\/Motoferastrau-STIHL-MS-462-C-M-50cm-1.6mm.png","type":"image\/png"}],"twitter_misc":{"Timp estimat pentru citire":"5 minute"},"schema":{"@context":"https:\/\/schema.org","@graph":[{"@type":"WebPage","@id":"https:\/\/eurotech-iasi.ro\/magazinonline\/produs\/motoferastrau-stihl-ms-462-c-m-50cm-1-6mm\/","url":"https:\/\/eurotech-iasi.ro\/magazinonline\/produs\/motoferastrau-stihl-ms-462-c-m-50cm-1-6mm\/","name":"Motoferastrau STIHL MS 462 C-M 50cm 1.6mm - Eurotech Iasi","isPartOf":{"@id":"https:\/\/eurotech-iasi.ro\/magazinonline\/#website"},"primaryImageOfPage":{"@id":"https:\/\/eurotech-iasi.ro\/magazinonline\/produs\/motoferastrau-stihl-ms-462-c-m-50cm-1-6mm\/#primaryimage"},"image":{"@id":"https:\/\/eurotech-iasi.ro\/magazinonline\/produs\/motoferastrau-stihl-ms-462-c-m-50cm-1-6mm\/#primaryimage"},"thumbnailUrl":"https:\/\/eurotech-iasi.ro\/magazinonline\/wp-content\/uploads\/2024\/02\/Motoferastrau-STIHL-MS-462-C-M-50cm-1.6mm.png","datePublished":"2024-02-21T09:12:52+00:00","dateModified":"2026-03-09T08:37:07+00:00","description":"Motofierastrau STIHL MS 462 C-M, este cel mai usor motoferastrau de inalta performanta din clasa sa avand o capacitate cubica de 70 cm\u00b3.","breadcrumb":{"@id":"https:\/\/eurotech-iasi.ro\/magazinonline\/produs\/motoferastrau-stihl-ms-462-c-m-50cm-1-6mm\/#breadcrumb"},"inLanguage":"ro-RO","potentialAction":[{"@type":"ReadAction","target":["https:\/\/eurotech-iasi.ro\/magazinonline\/produs\/motoferastrau-stihl-ms-462-c-m-50cm-1-6mm\/"]}]},{"@type":"ImageObject","inLanguage":"ro-RO","@id":"https:\/\/eurotech-iasi.ro\/magazinonline\/produs\/motoferastrau-stihl-ms-462-c-m-50cm-1-6mm\/#primaryimage","url":"https:\/\/eurotech-iasi.ro\/magazinonline\/wp-content\/uploads\/2024\/02\/Motoferastrau-STIHL-MS-462-C-M-50cm-1.6mm.png","contentUrl":"https:\/\/eurotech-iasi.ro\/magazinonline\/wp-content\/uploads\/2024\/02\/Motoferastrau-STIHL-MS-462-C-M-50cm-1.6mm.png","width":750,"height":750,"caption":"Motoferastrau STIHL MS 462 C-M 50cm 1.6mm"},{"@type":"BreadcrumbList","@id":"https:\/\/eurotech-iasi.ro\/magazinonline\/produs\/motoferastrau-stihl-ms-462-c-m-50cm-1-6mm\/#breadcrumb","itemListElement":[{"@type":"ListItem","position":1,"name":"Prima pagin\u0103","item":"https:\/\/eurotech-iasi.ro\/magazinonline\/"},{"@type":"ListItem","position":2,"name":"Shop","item":"https:\/\/eurotech-iasi.ro\/magazinonline\/shop\/"},{"@type":"ListItem","position":3,"name":"Motoferastrau STIHL MS 462 C-M 50cm 1.6mm"}]},{"@type":"WebSite","@id":"https:\/\/eurotech-iasi.ro\/magazinonline\/#website","url":"https:\/\/eurotech-iasi.ro\/magazinonline\/","name":"Eurotech Iasi","description":"Cu oameni seriosi","publisher":{"@id":"https:\/\/eurotech-iasi.ro\/magazinonline\/#organization"},"potentialAction":[{"@type":"SearchAction","target":{"@type":"EntryPoint","urlTemplate":"https:\/\/eurotech-iasi.ro\/magazinonline\/?s={search_term_string}"},"query-input":{"@type":"PropertyValueSpecification","valueRequired":true,"valueName":"search_term_string"}}],"inLanguage":"ro-RO"},{"@type":"Organization","@id":"https:\/\/eurotech-iasi.ro\/magazinonline\/#organization","name":"Eurotech Iasi","url":"https:\/\/eurotech-iasi.ro\/magazinonline\/","logo":{"@type":"ImageObject","inLanguage":"ro-RO","@id":"https:\/\/eurotech-iasi.ro\/magazinonline\/#\/schema\/logo\/image\/","url":"https:\/\/eurotech-iasi.ro\/magazinonline\/wp-content\/uploads\/2020\/08\/logo-eurotech.png","contentUrl":"https:\/\/eurotech-iasi.ro\/magazinonline\/wp-content\/uploads\/2020\/08\/logo-eurotech.png","width":290,"height":70,"caption":"Eurotech Iasi"},"image":{"@id":"https:\/\/eurotech-iasi.ro\/magazinonline\/#\/schema\/logo\/image\/"},"sameAs":["https:\/\/www.facebook.com\/EurotechIasi\/"]}]}},"_links":{"self":[{"href":"https:\/\/eurotech-iasi.ro\/magazinonline\/wp-json\/wp\/v2\/product\/102243","targetHints":{"allow":["GET"]}}],"collection":[{"href":"https:\/\/eurotech-iasi.ro\/magazinonline\/wp-json\/wp\/v2\/product"}],"about":[{"href":"https:\/\/eurotech-iasi.ro\/magazinonline\/wp-json\/wp\/v2\/types\/product"}],"replies":[{"embeddable":true,"href":"https:\/\/eurotech-iasi.ro\/magazinonline\/wp-json\/wp\/v2\/comments?post=102243"}],"wp:featuredmedia":[{"embeddable":true,"href":"https:\/\/eurotech-iasi.ro\/magazinonline\/wp-json\/wp\/v2\/media\/114940"}],"wp:attachment":[{"href":"https:\/\/eurotech-iasi.ro\/magazinonline\/wp-json\/wp\/v2\/media?parent=102243"}],"wp:term":[{"taxonomy":"product_cat","embeddable":true,"href":"https:\/\/eurotech-iasi.ro\/magazinonline\/wp-json\/wp\/v2\/product_cat?post=102243"},{"taxonomy":"product_tag","embeddable":true,"href":"https:\/\/eurotech-iasi.ro\/magazinonline\/wp-json\/wp\/v2\/product_tag?post=102243"},{"taxonomy":"woo-feed-brand","embeddable":true,"href":"https:\/\/eurotech-iasi.ro\/magazinonline\/wp-json\/wp\/v2\/woo-feed-brand?post=102243"}],"curies":[{"name":"wp","href":"https:\/\/api.w.org\/{rel}","templated":true}]}}