{"id":102277,"date":"2024-02-22T11:22:25","date_gmt":"2024-02-22T09:22:25","guid":{"rendered":"https:\/\/eurotech-iasi.ro\/magazinonline\/?post_type=product&#038;p=102277"},"modified":"2026-02-13T15:19:55","modified_gmt":"2026-02-13T13:19:55","slug":"motoferastrau-stihl-ms-271-d45cm-325-1-6mm-26-rs","status":"publish","type":"product","link":"https:\/\/eurotech-iasi.ro\/magazinonline\/produs\/motoferastrau-stihl-ms-271-d45cm-325-1-6mm-26-rs\/","title":{"rendered":"Motoferastrau benzina STIHL MS 271"},"content":{"rendered":"<p><strong>Motoferastrau STIHL MS 271 D45CM .325 1.6MM 26 RS<\/strong> este un ferastrau pe benzina, versatil \u015fi rezistent, de 2,6 kW cu motor 2-MIX economic si sistem de filtrare cu durata lunga de viata cu prefiltrare de tip ciclon. Indeplineste normele de mediu EU II. Ajutor practic, universal pentru activitati precum agricultura, peisagistica, constructii cu lemn si tamplarie.<\/p>\n<h2>Dotare standard &#8211; Motoferastrau STIHL MS 271 D45CM .325 1.6MM 26 RS:<\/h2>\n<ul>\n<li>Busoane pentru rezervor fara scule suplimentare &#8211; Capace speciale brevetate pentru rezervorul de combustibil si ulei. Rezervoarele motouneltelor echipate cu acestea pot fi deschise \u015fi reinchise rapid, fara consum de forta si fara vreo alta unealta.<\/li>\n<li>Comanda monobloc &#8211; Functiile masinii, pornirea la rece si la cald, func\u0163ionarea \u015fi oprirea sunt comandate de la o singura maneta. Asta face comanda deosebit de confortabila si sigura, deoarece mana dreapta poate ramane in permanenta pe maner.<\/li>\n<li>Compensator &#8211; Compensatorul STIHL, un sistem de reglare din carburator, are grija ca in ciuda cre\u015fterii gradului de murdarire al filtrului de aer, puterea motorului, calitatea gazelor de evacuare si consumul de combustibil sa ramana aproape constante. Numai daca intervine o cadere de putere sesizabila trebuie cura\u0163at filtrul de aer. Astfel sunt posibile si intervale de lucru foarte mari fara intretinere.<\/li>\n<li>Dispozitiv pentru intinderea lan\u0163ului amplasat lat &#8211; Surubul de intindere a lan\u0163ului se ac\u0163ioneaza lateral, prin capacul ro\u0163ii lantului. Acest lucru impiedica contactul mainii cu lantul de ferastrau ascu\u0163it \u015fi cu varfurile opritorului cu gheare.<\/li>\n<li>Sistem anti-vibra\u0163ii &#8211; Vibratiile puternice din locurile de prindere ale motouneltelor pot conduce pe termen lung la tulburari de irigatie sangvina la nivelul mainilor si bratelor. De aceea STIHL a elaborat sistemul antivibratie. La motouneltele cu sistem AV vibratiile din locurile de prindere produse de motorul cu combustie \u015fi unealta de lucru in miscare sunt clar reduse.<\/li>\n<li>Sistem Ematic pentru ungerea lantului &#8211; Sistemul STIHL Ematic este compus din sina de ghidaj Ematic, lant de ferastrau Oilomatic si pompa de ulei cu reglaj de cantitate sau cantitate de transport redusa. Constructia speciala a sinei si lantului face ca orice picatura de ulei pentru lanturi sa ajunga acolo unde este nevoie pentru lubrifiere. Consumul de ulei poate fi redus astfel cu pana la 50% .<\/li>\n<\/ul>\n<h3>Specificatii tehnice &#8211; Motoferastrau STIHL MS 271 D45CM .325 1.6MM 26 RS:<\/h3>\n<ul>\n<li><strong>Putere motor:\u00a0<\/strong>2.6 kW<\/li>\n<li><strong>Putere motor:\u00a0<\/strong>3.5 CP<\/li>\n<li><strong>Capacitate cilindrica:\u00a0<\/strong>50.2 cmc<\/li>\n<li><strong>Lungime sina:\u00a0<\/strong>45 cm<\/li>\n<li><strong>Pas lant:\u00a0<\/strong>0.325&#8243;<\/li>\n<li><strong>Grosime element antrenare:\u00a0<\/strong>1.6 mm<\/li>\n<li><strong>Volum rezervor benzina:\u00a0<\/strong>0.50 l<\/li>\n<li><strong>Volum rezervor ulei:\u00a0<\/strong>240 ml<\/li>\n<li><strong>Nivel presiune acustica (Factor K conform DIR 2006\/42\/EC = 2.5 dB (A)):\u00a0<\/strong>103 dB(A)<\/li>\n<li><strong>Nivel putere acustica (Factor K conform DIR 2006\/42\/EC = 2.5 dB (A)):\u00a0<\/strong>115 dB(A)<\/li>\n<li><strong>Valoarea vibratiilor, stanga (Factor K conform DIR 2006\/42\/EC = 2 m\/s \u00b2):\u00a0<\/strong>4.5 m\/s\u00b2<\/li>\n<li><strong>Valoarea vibratiilor, dreapta (Factor K conform DIR 2006\/42\/EC = 2 m\/s \u00b2):\u00a0<\/strong>4.5 m\/s \u00b2<\/li>\n<li><strong>Greutate:\u00a0<\/strong>5.6 kg<\/li>\n<\/ul>\n<p>INSTRUCTIUNI DE UTILIZARE \u2013\u00a0<a href=\"https:\/\/eurotech-iasi.ro\/magazinonline\/wp-content\/uploads\/2020\/04\/STIHL-MS-271_-291.pdf\">Descarca de aici instructiuni generale privind siguranta de utilizare.<\/a><\/p>\n<p>&nbsp;<\/p>\n<p>&nbsp;<\/p>\n","protected":false},"excerpt":{"rendered":"<p><strong>Motoferastrau STIHL MS 271 D45CM .325 1.6MM 26 RS<\/strong> este un ferastrau pe benzina, versatil \u015fi rezistent, de 2,6 kW cu motor 2-MIX economic si sistem de filtrare<\/p>\n<p><em><strong>Cod produs: 11412000763<\/strong><\/em><\/p>\n<p><span style=\"color: #ff0000;\"><em><a href=\"https:\/\/www.stihl.ro\/ro\"><img loading=\"lazy\" decoding=\"async\" class=\" wp-image-108363 alignleft\" src=\"https:\/\/eurotech-iasi.ro\/magazinonline\/wp-content\/uploads\/2019\/03\/150-x-75-stihl.png\" alt=\"\" width=\"70\" height=\"35\" \/><\/a><a href=\"https:\/\/eurotech-iasi.ro\/magazinonline\/?attachment_id=87685\" rel=\"attachment wp-att-87685\"><img loading=\"lazy\" decoding=\"async\" class=\"wp-image-87685 aligncenter\" src=\"https:\/\/eurotech-iasi.ro\/magazinonline\/wp-content\/uploads\/2019\/06\/2-1-150x150.png\" alt=\"\" width=\"72\" height=\"72\" srcset=\"https:\/\/eurotech-iasi.ro\/magazinonline\/wp-content\/uploads\/2019\/06\/2-1-150x150.png 150w, https:\/\/eurotech-iasi.ro\/magazinonline\/wp-content\/uploads\/2019\/06\/2-1-100x100.png 100w, https:\/\/eurotech-iasi.ro\/magazinonline\/wp-content\/uploads\/2019\/06\/2-1.png 200w\" sizes=\"auto, (max-width: 72px) 100vw, 72px\" \/><\/a><\/em><\/span><\/p>\n<h5><span style=\"color: #eb782b;\"><em><strong>\u00a0<a href=\"https:\/\/eurotech-iasi.ro\/magazinonline\/termeni-si-conditii\/\">*Garan\u021bie 2 ani<\/a> + 6 luni Extra Garan\u021bie. <\/strong><\/em><\/span><\/h5>\n<h5><span style=\"color: #eb782b;\"><em><strong>\u00cenregistreaz\u0103\u00a0 produsul achizi\u021bionat de la noi, \u00een termen de <\/strong><\/em><\/span><span style=\"color: #003366;\"><em><strong>30 de zile de la cump\u0103rare<\/strong><\/em><\/span><span style=\"color: #eb782b;\"><em><strong>, pe site-ul oficial STIHL la adresa<a href=\"https:\/\/preg.stihl.com\/?lang=RO_ro&amp;country=RO\">\u00a0preg.stihl.com<\/a> \u0219i profit\u0103 de prelungirea gratuit\u0103 a garan\u021biei cu 6 luni !<\/strong><\/em><\/span><\/h5>\n<p>&nbsp;<\/p>\n<p>&nbsp;<\/p>\n<p>&nbsp;<\/p>\n<p>&nbsp;<\/p>\n<p>&nbsp;<\/p>\n<h5><\/h5>\n<p>&nbsp;<\/p>\n","protected":false},"featured_media":102278,"comment_status":"open","ping_status":"closed","template":"","meta":{"_acf_changed":false},"product_cat":[4337,4364],"product_tag":[],"woo-feed-brand":[],"class_list":{"0":"post-102277","1":"product","2":"type-product","3":"status-publish","4":"has-post-thumbnail","6":"product_brand-stihl","7":"product_cat-gradinarit-agricultura","8":"product_cat-motofierastraie","9":"pa_brand-stihl","10":"pa_capacitate-cilindrica-502-cm","11":"pa_frana-de-lant-quickstop","12":"pa_greutate-56-kg","13":"pa_pas-lant-5796","14":"pa_putere-26-35-kw-cp","15":"pa_volum-rezervor-050-l","17":"first","18":"outofstock","19":"purchasable","20":"product-type-simple"},"acf":[],"yoast_head":"<!-- This site is optimized with the Yoast SEO plugin v27.5 - https:\/\/yoast.com\/product\/yoast-seo-wordpress\/ -->\n<title>Motoferastrau benzina STIHL MS 271 - Eurotech Iasi<\/title>\n<meta name=\"description\" content=\"Motofierastrau STIHL MS 271, echipat cu motor economic 2-MIX de 2,6 kW si sistem de filtrare cu durata lunga de viata cu prefiltrare de tip ciclon.\" \/>\n<meta name=\"robots\" content=\"index, follow, max-snippet:-1, max-image-preview:large, max-video-preview:-1\" \/>\n<link rel=\"canonical\" href=\"https:\/\/eurotech-iasi.ro\/magazinonline\/produs\/motoferastrau-stihl-ms-271-d45cm-325-1-6mm-26-rs\/\" \/>\n<meta property=\"og:locale\" content=\"ro_RO\" \/>\n<meta property=\"og:type\" content=\"article\" \/>\n<meta property=\"og:title\" content=\"Motoferastrau benzina STIHL MS 271 - Eurotech Iasi\" \/>\n<meta property=\"og:description\" content=\"Motofierastrau STIHL MS 271, echipat cu motor economic 2-MIX de 2,6 kW si sistem de filtrare cu durata lunga de viata cu prefiltrare de tip ciclon.\" \/>\n<meta property=\"og:url\" content=\"https:\/\/eurotech-iasi.ro\/magazinonline\/produs\/motoferastrau-stihl-ms-271-d45cm-325-1-6mm-26-rs\/\" \/>\n<meta property=\"og:site_name\" content=\"Eurotech Iasi\" \/>\n<meta property=\"article:publisher\" content=\"https:\/\/www.facebook.com\/EurotechIasi\/\" \/>\n<meta property=\"article:modified_time\" content=\"2026-02-13T13:19:55+00:00\" \/>\n<meta property=\"og:image\" content=\"https:\/\/eurotech-iasi.ro\/magazinonline\/wp-content\/uploads\/2024\/02\/Motoferastrau-cu-benzina-STIHL-MS-231-C-BE-35CM-1.3MM-38-PM3-1-1.png\" \/>\n\t<meta property=\"og:image:width\" content=\"750\" \/>\n\t<meta property=\"og:image:height\" content=\"750\" \/>\n\t<meta property=\"og:image:type\" content=\"image\/png\" \/>\n<meta name=\"twitter:label1\" content=\"Timp estimat pentru citire\" \/>\n\t<meta name=\"twitter:data1\" content=\"2 minute\" \/>\n<script type=\"application\/ld+json\" class=\"yoast-schema-graph\">{\"@context\":\"https:\\\/\\\/schema.org\",\"@graph\":[{\"@type\":\"WebPage\",\"@id\":\"https:\\\/\\\/eurotech-iasi.ro\\\/magazinonline\\\/produs\\\/motoferastrau-stihl-ms-271-d45cm-325-1-6mm-26-rs\\\/\",\"url\":\"https:\\\/\\\/eurotech-iasi.ro\\\/magazinonline\\\/produs\\\/motoferastrau-stihl-ms-271-d45cm-325-1-6mm-26-rs\\\/\",\"name\":\"Motoferastrau benzina STIHL MS 271 - Eurotech Iasi\",\"isPartOf\":{\"@id\":\"https:\\\/\\\/eurotech-iasi.ro\\\/magazinonline\\\/#website\"},\"primaryImageOfPage\":{\"@id\":\"https:\\\/\\\/eurotech-iasi.ro\\\/magazinonline\\\/produs\\\/motoferastrau-stihl-ms-271-d45cm-325-1-6mm-26-rs\\\/#primaryimage\"},\"image\":{\"@id\":\"https:\\\/\\\/eurotech-iasi.ro\\\/magazinonline\\\/produs\\\/motoferastrau-stihl-ms-271-d45cm-325-1-6mm-26-rs\\\/#primaryimage\"},\"thumbnailUrl\":\"https:\\\/\\\/eurotech-iasi.ro\\\/magazinonline\\\/wp-content\\\/uploads\\\/2024\\\/02\\\/Motoferastrau-cu-benzina-STIHL-MS-231-C-BE-35CM-1.3MM-38-PM3-1-1.png\",\"datePublished\":\"2024-02-22T09:22:25+00:00\",\"dateModified\":\"2026-02-13T13:19:55+00:00\",\"description\":\"Motofierastrau STIHL MS 271, echipat cu motor economic 2-MIX de 2,6 kW si sistem de filtrare cu durata lunga de viata cu prefiltrare de tip ciclon.\",\"breadcrumb\":{\"@id\":\"https:\\\/\\\/eurotech-iasi.ro\\\/magazinonline\\\/produs\\\/motoferastrau-stihl-ms-271-d45cm-325-1-6mm-26-rs\\\/#breadcrumb\"},\"inLanguage\":\"ro-RO\",\"potentialAction\":[{\"@type\":\"ReadAction\",\"target\":[\"https:\\\/\\\/eurotech-iasi.ro\\\/magazinonline\\\/produs\\\/motoferastrau-stihl-ms-271-d45cm-325-1-6mm-26-rs\\\/\"]}]},{\"@type\":\"ImageObject\",\"inLanguage\":\"ro-RO\",\"@id\":\"https:\\\/\\\/eurotech-iasi.ro\\\/magazinonline\\\/produs\\\/motoferastrau-stihl-ms-271-d45cm-325-1-6mm-26-rs\\\/#primaryimage\",\"url\":\"https:\\\/\\\/eurotech-iasi.ro\\\/magazinonline\\\/wp-content\\\/uploads\\\/2024\\\/02\\\/Motoferastrau-cu-benzina-STIHL-MS-231-C-BE-35CM-1.3MM-38-PM3-1-1.png\",\"contentUrl\":\"https:\\\/\\\/eurotech-iasi.ro\\\/magazinonline\\\/wp-content\\\/uploads\\\/2024\\\/02\\\/Motoferastrau-cu-benzina-STIHL-MS-231-C-BE-35CM-1.3MM-38-PM3-1-1.png\",\"width\":750,\"height\":750,\"caption\":\"Motoferastrau STIHL MS 271 D45CM .325 1.6MM 26 RS\"},{\"@type\":\"BreadcrumbList\",\"@id\":\"https:\\\/\\\/eurotech-iasi.ro\\\/magazinonline\\\/produs\\\/motoferastrau-stihl-ms-271-d45cm-325-1-6mm-26-rs\\\/#breadcrumb\",\"itemListElement\":[{\"@type\":\"ListItem\",\"position\":1,\"name\":\"Prima pagin\u0103\",\"item\":\"https:\\\/\\\/eurotech-iasi.ro\\\/magazinonline\\\/\"},{\"@type\":\"ListItem\",\"position\":2,\"name\":\"Shop\",\"item\":\"https:\\\/\\\/eurotech-iasi.ro\\\/magazinonline\\\/shop\\\/\"},{\"@type\":\"ListItem\",\"position\":3,\"name\":\"Motoferastrau benzina STIHL MS 271\"}]},{\"@type\":\"WebSite\",\"@id\":\"https:\\\/\\\/eurotech-iasi.ro\\\/magazinonline\\\/#website\",\"url\":\"https:\\\/\\\/eurotech-iasi.ro\\\/magazinonline\\\/\",\"name\":\"Eurotech Iasi\",\"description\":\"Cu oameni seriosi\",\"publisher\":{\"@id\":\"https:\\\/\\\/eurotech-iasi.ro\\\/magazinonline\\\/#organization\"},\"potentialAction\":[{\"@type\":\"SearchAction\",\"target\":{\"@type\":\"EntryPoint\",\"urlTemplate\":\"https:\\\/\\\/eurotech-iasi.ro\\\/magazinonline\\\/?s={search_term_string}\"},\"query-input\":{\"@type\":\"PropertyValueSpecification\",\"valueRequired\":true,\"valueName\":\"search_term_string\"}}],\"inLanguage\":\"ro-RO\"},{\"@type\":\"Organization\",\"@id\":\"https:\\\/\\\/eurotech-iasi.ro\\\/magazinonline\\\/#organization\",\"name\":\"Eurotech Iasi\",\"url\":\"https:\\\/\\\/eurotech-iasi.ro\\\/magazinonline\\\/\",\"logo\":{\"@type\":\"ImageObject\",\"inLanguage\":\"ro-RO\",\"@id\":\"https:\\\/\\\/eurotech-iasi.ro\\\/magazinonline\\\/#\\\/schema\\\/logo\\\/image\\\/\",\"url\":\"https:\\\/\\\/eurotech-iasi.ro\\\/magazinonline\\\/wp-content\\\/uploads\\\/2020\\\/08\\\/logo-eurotech.png\",\"contentUrl\":\"https:\\\/\\\/eurotech-iasi.ro\\\/magazinonline\\\/wp-content\\\/uploads\\\/2020\\\/08\\\/logo-eurotech.png\",\"width\":290,\"height\":70,\"caption\":\"Eurotech Iasi\"},\"image\":{\"@id\":\"https:\\\/\\\/eurotech-iasi.ro\\\/magazinonline\\\/#\\\/schema\\\/logo\\\/image\\\/\"},\"sameAs\":[\"https:\\\/\\\/www.facebook.com\\\/EurotechIasi\\\/\"]}]}<\/script>\n<!-- \/ Yoast SEO plugin. -->","yoast_head_json":{"title":"Motoferastrau benzina STIHL MS 271 - Eurotech Iasi","description":"Motofierastrau STIHL MS 271, echipat cu motor economic 2-MIX de 2,6 kW si sistem de filtrare cu durata lunga de viata cu prefiltrare de tip ciclon.","robots":{"index":"index","follow":"follow","max-snippet":"max-snippet:-1","max-image-preview":"max-image-preview:large","max-video-preview":"max-video-preview:-1"},"canonical":"https:\/\/eurotech-iasi.ro\/magazinonline\/produs\/motoferastrau-stihl-ms-271-d45cm-325-1-6mm-26-rs\/","og_locale":"ro_RO","og_type":"article","og_title":"Motoferastrau benzina STIHL MS 271 - Eurotech Iasi","og_description":"Motofierastrau STIHL MS 271, echipat cu motor economic 2-MIX de 2,6 kW si sistem de filtrare cu durata lunga de viata cu prefiltrare de tip ciclon.","og_url":"https:\/\/eurotech-iasi.ro\/magazinonline\/produs\/motoferastrau-stihl-ms-271-d45cm-325-1-6mm-26-rs\/","og_site_name":"Eurotech Iasi","article_publisher":"https:\/\/www.facebook.com\/EurotechIasi\/","article_modified_time":"2026-02-13T13:19:55+00:00","og_image":[{"width":750,"height":750,"url":"https:\/\/eurotech-iasi.ro\/magazinonline\/wp-content\/uploads\/2024\/02\/Motoferastrau-cu-benzina-STIHL-MS-231-C-BE-35CM-1.3MM-38-PM3-1-1.png","type":"image\/png"}],"twitter_misc":{"Timp estimat pentru citire":"2 minute"},"schema":{"@context":"https:\/\/schema.org","@graph":[{"@type":"WebPage","@id":"https:\/\/eurotech-iasi.ro\/magazinonline\/produs\/motoferastrau-stihl-ms-271-d45cm-325-1-6mm-26-rs\/","url":"https:\/\/eurotech-iasi.ro\/magazinonline\/produs\/motoferastrau-stihl-ms-271-d45cm-325-1-6mm-26-rs\/","name":"Motoferastrau benzina STIHL MS 271 - Eurotech Iasi","isPartOf":{"@id":"https:\/\/eurotech-iasi.ro\/magazinonline\/#website"},"primaryImageOfPage":{"@id":"https:\/\/eurotech-iasi.ro\/magazinonline\/produs\/motoferastrau-stihl-ms-271-d45cm-325-1-6mm-26-rs\/#primaryimage"},"image":{"@id":"https:\/\/eurotech-iasi.ro\/magazinonline\/produs\/motoferastrau-stihl-ms-271-d45cm-325-1-6mm-26-rs\/#primaryimage"},"thumbnailUrl":"https:\/\/eurotech-iasi.ro\/magazinonline\/wp-content\/uploads\/2024\/02\/Motoferastrau-cu-benzina-STIHL-MS-231-C-BE-35CM-1.3MM-38-PM3-1-1.png","datePublished":"2024-02-22T09:22:25+00:00","dateModified":"2026-02-13T13:19:55+00:00","description":"Motofierastrau STIHL MS 271, echipat cu motor economic 2-MIX de 2,6 kW si sistem de filtrare cu durata lunga de viata cu prefiltrare de tip ciclon.","breadcrumb":{"@id":"https:\/\/eurotech-iasi.ro\/magazinonline\/produs\/motoferastrau-stihl-ms-271-d45cm-325-1-6mm-26-rs\/#breadcrumb"},"inLanguage":"ro-RO","potentialAction":[{"@type":"ReadAction","target":["https:\/\/eurotech-iasi.ro\/magazinonline\/produs\/motoferastrau-stihl-ms-271-d45cm-325-1-6mm-26-rs\/"]}]},{"@type":"ImageObject","inLanguage":"ro-RO","@id":"https:\/\/eurotech-iasi.ro\/magazinonline\/produs\/motoferastrau-stihl-ms-271-d45cm-325-1-6mm-26-rs\/#primaryimage","url":"https:\/\/eurotech-iasi.ro\/magazinonline\/wp-content\/uploads\/2024\/02\/Motoferastrau-cu-benzina-STIHL-MS-231-C-BE-35CM-1.3MM-38-PM3-1-1.png","contentUrl":"https:\/\/eurotech-iasi.ro\/magazinonline\/wp-content\/uploads\/2024\/02\/Motoferastrau-cu-benzina-STIHL-MS-231-C-BE-35CM-1.3MM-38-PM3-1-1.png","width":750,"height":750,"caption":"Motoferastrau STIHL MS 271 D45CM .325 1.6MM 26 RS"},{"@type":"BreadcrumbList","@id":"https:\/\/eurotech-iasi.ro\/magazinonline\/produs\/motoferastrau-stihl-ms-271-d45cm-325-1-6mm-26-rs\/#breadcrumb","itemListElement":[{"@type":"ListItem","position":1,"name":"Prima pagin\u0103","item":"https:\/\/eurotech-iasi.ro\/magazinonline\/"},{"@type":"ListItem","position":2,"name":"Shop","item":"https:\/\/eurotech-iasi.ro\/magazinonline\/shop\/"},{"@type":"ListItem","position":3,"name":"Motoferastrau benzina STIHL MS 271"}]},{"@type":"WebSite","@id":"https:\/\/eurotech-iasi.ro\/magazinonline\/#website","url":"https:\/\/eurotech-iasi.ro\/magazinonline\/","name":"Eurotech Iasi","description":"Cu oameni seriosi","publisher":{"@id":"https:\/\/eurotech-iasi.ro\/magazinonline\/#organization"},"potentialAction":[{"@type":"SearchAction","target":{"@type":"EntryPoint","urlTemplate":"https:\/\/eurotech-iasi.ro\/magazinonline\/?s={search_term_string}"},"query-input":{"@type":"PropertyValueSpecification","valueRequired":true,"valueName":"search_term_string"}}],"inLanguage":"ro-RO"},{"@type":"Organization","@id":"https:\/\/eurotech-iasi.ro\/magazinonline\/#organization","name":"Eurotech Iasi","url":"https:\/\/eurotech-iasi.ro\/magazinonline\/","logo":{"@type":"ImageObject","inLanguage":"ro-RO","@id":"https:\/\/eurotech-iasi.ro\/magazinonline\/#\/schema\/logo\/image\/","url":"https:\/\/eurotech-iasi.ro\/magazinonline\/wp-content\/uploads\/2020\/08\/logo-eurotech.png","contentUrl":"https:\/\/eurotech-iasi.ro\/magazinonline\/wp-content\/uploads\/2020\/08\/logo-eurotech.png","width":290,"height":70,"caption":"Eurotech Iasi"},"image":{"@id":"https:\/\/eurotech-iasi.ro\/magazinonline\/#\/schema\/logo\/image\/"},"sameAs":["https:\/\/www.facebook.com\/EurotechIasi\/"]}]}},"_links":{"self":[{"href":"https:\/\/eurotech-iasi.ro\/magazinonline\/wp-json\/wp\/v2\/product\/102277","targetHints":{"allow":["GET"]}}],"collection":[{"href":"https:\/\/eurotech-iasi.ro\/magazinonline\/wp-json\/wp\/v2\/product"}],"about":[{"href":"https:\/\/eurotech-iasi.ro\/magazinonline\/wp-json\/wp\/v2\/types\/product"}],"replies":[{"embeddable":true,"href":"https:\/\/eurotech-iasi.ro\/magazinonline\/wp-json\/wp\/v2\/comments?post=102277"}],"wp:featuredmedia":[{"embeddable":true,"href":"https:\/\/eurotech-iasi.ro\/magazinonline\/wp-json\/wp\/v2\/media\/102278"}],"wp:attachment":[{"href":"https:\/\/eurotech-iasi.ro\/magazinonline\/wp-json\/wp\/v2\/media?parent=102277"}],"wp:term":[{"taxonomy":"product_cat","embeddable":true,"href":"https:\/\/eurotech-iasi.ro\/magazinonline\/wp-json\/wp\/v2\/product_cat?post=102277"},{"taxonomy":"product_tag","embeddable":true,"href":"https:\/\/eurotech-iasi.ro\/magazinonline\/wp-json\/wp\/v2\/product_tag?post=102277"},{"taxonomy":"woo-feed-brand","embeddable":true,"href":"https:\/\/eurotech-iasi.ro\/magazinonline\/wp-json\/wp\/v2\/woo-feed-brand?post=102277"}],"curies":[{"name":"wp","href":"https:\/\/api.w.org\/{rel}","templated":true}]}}