{"id":102581,"date":"2024-02-28T16:35:23","date_gmt":"2024-02-28T14:35:23","guid":{"rendered":"https:\/\/eurotech-iasi.ro\/magazinonline\/?post_type=product&#038;p=102581"},"modified":"2026-01-05T15:00:50","modified_gmt":"2026-01-05T13:00:50","slug":"masina-de-frezat-caneluri-bosch-gnf-65-ca","status":"publish","type":"product","link":"https:\/\/eurotech-iasi.ro\/magazinonline\/produs\/masina-de-frezat-caneluri-bosch-gnf-65-ca\/","title":{"rendered":"Masina de frezat caneluri BOSCH GNF 65 CA"},"content":{"rendered":"<p><strong>Masina de frezat caneluri BOSCH GNF 65 CA<\/strong> este o masina puternica cu manevrare foarte confortabila, avand taierea prin alunecare, pentru un consum de forta redus.<\/p>\n<div id=\"descriere_goto\" class=\"produs-wrap\">\n<div class=\"pr-descriere-view-more\">\n<div class=\"pr-descriere\">\n<div class=\"pr-descriere-inner\">\n<h2 class=\"continut\">Avantaje client &#8211; Masina de frezat caneluri BOSCH GNF 65 CA:<\/h2>\n<ul>\n<li class=\"continut\">Motor puternic de 2.400 W<\/li>\n<li class=\"continut\">Manevrare confortabil\u0103 gratie limit\u0103rii curentului la pornire \u015fi pornirii line, pentru lucrul mai precis<\/li>\n<li class=\"continut\">Adancimea de t\u0103iere reglabila fara trepte<\/li>\n<li class=\"continut\">Protectie la repornire<\/li>\n<li class=\"continut\">Protectie la suprasarcina<\/li>\n<li class=\"continut\">Reglare rapida a aparatoarei de protectiei<\/li>\n<li class=\"continut\">Aspirarea prafului<\/li>\n<li class=\"continut\">Taiere prin alunecare, pentru un consum de forta redus<\/li>\n<li class=\"continut\">Blocarea axului pentru inlocuirea simpa a discurilor<strong>\n<p>Set de livrare:<\/strong><\/li>\n<\/ul>\n<\/div>\n<div class=\"pr-descriere-inner\">\n<ul>\n<li class=\"continut\">Cheie pentru \u015fplinturi cotit\u0103 (1 607 950 004)<\/li>\n<li class=\"continut\">Flansa de prindere (nr. ET 3 609 202 039)<\/li>\n<li class=\"continut\">Piulita rotund\u0103 (nr. ET 3 609 202 040)<\/li>\n<li class=\"continut\">Extractor (nr. ET 3 607 959 005)<\/li>\n<li class=\"continut\">Coturi de aspirare (1 600 793 007)<\/li>\n<li class=\"continut\">Maner suplimentar (2 602 025 075)<\/li>\n<li class=\"continut\">Valiza profesionala (2 605 438 348)<\/li>\n<li class=\"continut\">3 saibe de distantare 4 mm (nr. ET 3 609 202 041)<\/li>\n<li class=\"continut\">4 saibe de distantare 6 mm (nr. ET 3 609 202 042)<\/li>\n<\/ul>\n<\/div>\n<\/div>\n<\/div>\n<\/div>\n<h3><strong>Specificatii tehnice &#8211; Masina de frezat caneluri BOSCH GNF 65 CA<\/strong>:<\/h3>\n<ul>\n<li>Adancime reglabila a canelurilor: 20 \u2013 65 mm<\/li>\n<li>Latime caneluri: 3 \u2013 40 mm<\/li>\n<li>Turatie la mersul \u00een gol: 5.200 rot\/min<\/li>\n<li>Diam.discuri: 230 mm<\/li>\n<li>Putere nominala: 2.400 W<\/li>\n<li>Putere utila: 1.670 W<\/li>\n<li>Greutate: 8,4 kg<\/li>\n<li>Lungime: 690 mm<\/li>\n<li>Inaltime: 455 mm<\/li>\n<li>Blocare ax<\/li>\n<li>Aspirarea prafului<\/li>\n<li>Limitarea curentului de pornire<\/li>\n<\/ul>\n<p>&nbsp;<\/p>\n","protected":false},"excerpt":{"rendered":"<p><strong>Masina de frezat caneluri BOSCH GNF 65 CA<\/strong> este o masina puternica cu manevrare foarte confortabila, avand taierea prin alunecare, pentru un consum de forta redus.<\/p>\n<p><strong><em>Cod produs: 0601368708<\/em><\/strong><\/p>\n","protected":false},"featured_media":102582,"comment_status":"open","ping_status":"closed","template":"","meta":{"_acf_changed":false},"product_cat":[4306],"product_tag":[],"woo-feed-brand":[],"class_list":{"0":"post-102581","1":"product","2":"type-product","3":"status-publish","4":"has-post-thumbnail","6":"product_brand-bosch","7":"product_cat-scule-electrice","8":"pa_brand-bosch","9":"pa_diametru-disc-230-mm","10":"pa_greutate-8-4-kg","11":"pa_latime-taiere-3-40-mm","12":"pa_putere-nominala-2400-w-2","14":"first","15":"outofstock","16":"purchasable","17":"product-type-simple"},"acf":[],"yoast_head":"<!-- This site is optimized with the Yoast SEO plugin v27.3 - https:\/\/yoast.com\/product\/yoast-seo-wordpress\/ -->\n<title>Masina de frezat caneluri BOSCH GNF 65 CA - Eurotech Iasi<\/title>\n<meta name=\"description\" content=\"Masina de frezat caneluri BOSCH GNF 35 CA, usor de manevrat cu un design ergonomic al manerului si posibilitati de prindere flexibile.\" \/>\n<meta name=\"robots\" content=\"index, follow, max-snippet:-1, max-image-preview:large, max-video-preview:-1\" \/>\n<link rel=\"canonical\" href=\"https:\/\/eurotech-iasi.ro\/magazinonline\/produs\/masina-de-frezat-caneluri-bosch-gnf-65-ca\/\" \/>\n<meta property=\"og:locale\" content=\"ro_RO\" \/>\n<meta property=\"og:type\" content=\"article\" \/>\n<meta property=\"og:title\" content=\"Masina de frezat caneluri BOSCH GNF 65 CA - Eurotech Iasi\" \/>\n<meta property=\"og:description\" content=\"Masina de frezat caneluri BOSCH GNF 35 CA, usor de manevrat cu un design ergonomic al manerului si posibilitati de prindere flexibile.\" \/>\n<meta property=\"og:url\" content=\"https:\/\/eurotech-iasi.ro\/magazinonline\/produs\/masina-de-frezat-caneluri-bosch-gnf-65-ca\/\" \/>\n<meta property=\"og:site_name\" content=\"Eurotech Iasi\" \/>\n<meta property=\"article:publisher\" content=\"https:\/\/www.facebook.com\/EurotechIasi\/\" \/>\n<meta property=\"article:modified_time\" content=\"2026-01-05T13:00:50+00:00\" \/>\n<meta property=\"og:image\" content=\"https:\/\/eurotech-iasi.ro\/magazinonline\/wp-content\/uploads\/2024\/02\/Masina-de-frezat-caneluri-BOSCH-GNF-65-CA-.jpg\" \/>\n\t<meta property=\"og:image:width\" content=\"750\" \/>\n\t<meta property=\"og:image:height\" content=\"750\" \/>\n\t<meta property=\"og:image:type\" content=\"image\/jpeg\" \/>\n<meta name=\"twitter:label1\" content=\"Timp estimat pentru citire\" \/>\n\t<meta name=\"twitter:data1\" content=\"1 minut\" \/>\n<script type=\"application\/ld+json\" class=\"yoast-schema-graph\">{\"@context\":\"https:\\\/\\\/schema.org\",\"@graph\":[{\"@type\":\"WebPage\",\"@id\":\"https:\\\/\\\/eurotech-iasi.ro\\\/magazinonline\\\/produs\\\/masina-de-frezat-caneluri-bosch-gnf-65-ca\\\/\",\"url\":\"https:\\\/\\\/eurotech-iasi.ro\\\/magazinonline\\\/produs\\\/masina-de-frezat-caneluri-bosch-gnf-65-ca\\\/\",\"name\":\"Masina de frezat caneluri BOSCH GNF 65 CA - Eurotech Iasi\",\"isPartOf\":{\"@id\":\"https:\\\/\\\/eurotech-iasi.ro\\\/magazinonline\\\/#website\"},\"primaryImageOfPage\":{\"@id\":\"https:\\\/\\\/eurotech-iasi.ro\\\/magazinonline\\\/produs\\\/masina-de-frezat-caneluri-bosch-gnf-65-ca\\\/#primaryimage\"},\"image\":{\"@id\":\"https:\\\/\\\/eurotech-iasi.ro\\\/magazinonline\\\/produs\\\/masina-de-frezat-caneluri-bosch-gnf-65-ca\\\/#primaryimage\"},\"thumbnailUrl\":\"https:\\\/\\\/eurotech-iasi.ro\\\/magazinonline\\\/wp-content\\\/uploads\\\/2024\\\/02\\\/Masina-de-frezat-caneluri-BOSCH-GNF-65-CA-.jpg\",\"datePublished\":\"2024-02-28T14:35:23+00:00\",\"dateModified\":\"2026-01-05T13:00:50+00:00\",\"description\":\"Masina de frezat caneluri BOSCH GNF 35 CA, usor de manevrat cu un design ergonomic al manerului si posibilitati de prindere flexibile.\",\"breadcrumb\":{\"@id\":\"https:\\\/\\\/eurotech-iasi.ro\\\/magazinonline\\\/produs\\\/masina-de-frezat-caneluri-bosch-gnf-65-ca\\\/#breadcrumb\"},\"inLanguage\":\"ro-RO\",\"potentialAction\":[{\"@type\":\"ReadAction\",\"target\":[\"https:\\\/\\\/eurotech-iasi.ro\\\/magazinonline\\\/produs\\\/masina-de-frezat-caneluri-bosch-gnf-65-ca\\\/\"]}]},{\"@type\":\"ImageObject\",\"inLanguage\":\"ro-RO\",\"@id\":\"https:\\\/\\\/eurotech-iasi.ro\\\/magazinonline\\\/produs\\\/masina-de-frezat-caneluri-bosch-gnf-65-ca\\\/#primaryimage\",\"url\":\"https:\\\/\\\/eurotech-iasi.ro\\\/magazinonline\\\/wp-content\\\/uploads\\\/2024\\\/02\\\/Masina-de-frezat-caneluri-BOSCH-GNF-65-CA-.jpg\",\"contentUrl\":\"https:\\\/\\\/eurotech-iasi.ro\\\/magazinonline\\\/wp-content\\\/uploads\\\/2024\\\/02\\\/Masina-de-frezat-caneluri-BOSCH-GNF-65-CA-.jpg\",\"width\":750,\"height\":750,\"caption\":\"Masina de frezat caneluri BOSCH GNF 65 CA\"},{\"@type\":\"BreadcrumbList\",\"@id\":\"https:\\\/\\\/eurotech-iasi.ro\\\/magazinonline\\\/produs\\\/masina-de-frezat-caneluri-bosch-gnf-65-ca\\\/#breadcrumb\",\"itemListElement\":[{\"@type\":\"ListItem\",\"position\":1,\"name\":\"Prima pagin\u0103\",\"item\":\"https:\\\/\\\/eurotech-iasi.ro\\\/magazinonline\\\/\"},{\"@type\":\"ListItem\",\"position\":2,\"name\":\"Shop\",\"item\":\"https:\\\/\\\/eurotech-iasi.ro\\\/magazinonline\\\/shop\\\/\"},{\"@type\":\"ListItem\",\"position\":3,\"name\":\"Masina de frezat caneluri BOSCH GNF 65 CA\"}]},{\"@type\":\"WebSite\",\"@id\":\"https:\\\/\\\/eurotech-iasi.ro\\\/magazinonline\\\/#website\",\"url\":\"https:\\\/\\\/eurotech-iasi.ro\\\/magazinonline\\\/\",\"name\":\"Eurotech Iasi\",\"description\":\"Cu oameni seriosi\",\"publisher\":{\"@id\":\"https:\\\/\\\/eurotech-iasi.ro\\\/magazinonline\\\/#organization\"},\"potentialAction\":[{\"@type\":\"SearchAction\",\"target\":{\"@type\":\"EntryPoint\",\"urlTemplate\":\"https:\\\/\\\/eurotech-iasi.ro\\\/magazinonline\\\/?s={search_term_string}\"},\"query-input\":{\"@type\":\"PropertyValueSpecification\",\"valueRequired\":true,\"valueName\":\"search_term_string\"}}],\"inLanguage\":\"ro-RO\"},{\"@type\":\"Organization\",\"@id\":\"https:\\\/\\\/eurotech-iasi.ro\\\/magazinonline\\\/#organization\",\"name\":\"Eurotech Iasi\",\"url\":\"https:\\\/\\\/eurotech-iasi.ro\\\/magazinonline\\\/\",\"logo\":{\"@type\":\"ImageObject\",\"inLanguage\":\"ro-RO\",\"@id\":\"https:\\\/\\\/eurotech-iasi.ro\\\/magazinonline\\\/#\\\/schema\\\/logo\\\/image\\\/\",\"url\":\"https:\\\/\\\/eurotech-iasi.ro\\\/magazinonline\\\/wp-content\\\/uploads\\\/2020\\\/08\\\/logo-eurotech.png\",\"contentUrl\":\"https:\\\/\\\/eurotech-iasi.ro\\\/magazinonline\\\/wp-content\\\/uploads\\\/2020\\\/08\\\/logo-eurotech.png\",\"width\":290,\"height\":70,\"caption\":\"Eurotech Iasi\"},\"image\":{\"@id\":\"https:\\\/\\\/eurotech-iasi.ro\\\/magazinonline\\\/#\\\/schema\\\/logo\\\/image\\\/\"},\"sameAs\":[\"https:\\\/\\\/www.facebook.com\\\/EurotechIasi\\\/\"]}]}<\/script>\n<!-- \/ Yoast SEO plugin. -->","yoast_head_json":{"title":"Masina de frezat caneluri BOSCH GNF 65 CA - Eurotech Iasi","description":"Masina de frezat caneluri BOSCH GNF 35 CA, usor de manevrat cu un design ergonomic al manerului si posibilitati de prindere flexibile.","robots":{"index":"index","follow":"follow","max-snippet":"max-snippet:-1","max-image-preview":"max-image-preview:large","max-video-preview":"max-video-preview:-1"},"canonical":"https:\/\/eurotech-iasi.ro\/magazinonline\/produs\/masina-de-frezat-caneluri-bosch-gnf-65-ca\/","og_locale":"ro_RO","og_type":"article","og_title":"Masina de frezat caneluri BOSCH GNF 65 CA - Eurotech Iasi","og_description":"Masina de frezat caneluri BOSCH GNF 35 CA, usor de manevrat cu un design ergonomic al manerului si posibilitati de prindere flexibile.","og_url":"https:\/\/eurotech-iasi.ro\/magazinonline\/produs\/masina-de-frezat-caneluri-bosch-gnf-65-ca\/","og_site_name":"Eurotech Iasi","article_publisher":"https:\/\/www.facebook.com\/EurotechIasi\/","article_modified_time":"2026-01-05T13:00:50+00:00","og_image":[{"width":750,"height":750,"url":"https:\/\/eurotech-iasi.ro\/magazinonline\/wp-content\/uploads\/2024\/02\/Masina-de-frezat-caneluri-BOSCH-GNF-65-CA-.jpg","type":"image\/jpeg"}],"twitter_misc":{"Timp estimat pentru citire":"1 minut"},"schema":{"@context":"https:\/\/schema.org","@graph":[{"@type":"WebPage","@id":"https:\/\/eurotech-iasi.ro\/magazinonline\/produs\/masina-de-frezat-caneluri-bosch-gnf-65-ca\/","url":"https:\/\/eurotech-iasi.ro\/magazinonline\/produs\/masina-de-frezat-caneluri-bosch-gnf-65-ca\/","name":"Masina de frezat caneluri BOSCH GNF 65 CA - Eurotech Iasi","isPartOf":{"@id":"https:\/\/eurotech-iasi.ro\/magazinonline\/#website"},"primaryImageOfPage":{"@id":"https:\/\/eurotech-iasi.ro\/magazinonline\/produs\/masina-de-frezat-caneluri-bosch-gnf-65-ca\/#primaryimage"},"image":{"@id":"https:\/\/eurotech-iasi.ro\/magazinonline\/produs\/masina-de-frezat-caneluri-bosch-gnf-65-ca\/#primaryimage"},"thumbnailUrl":"https:\/\/eurotech-iasi.ro\/magazinonline\/wp-content\/uploads\/2024\/02\/Masina-de-frezat-caneluri-BOSCH-GNF-65-CA-.jpg","datePublished":"2024-02-28T14:35:23+00:00","dateModified":"2026-01-05T13:00:50+00:00","description":"Masina de frezat caneluri BOSCH GNF 35 CA, usor de manevrat cu un design ergonomic al manerului si posibilitati de prindere flexibile.","breadcrumb":{"@id":"https:\/\/eurotech-iasi.ro\/magazinonline\/produs\/masina-de-frezat-caneluri-bosch-gnf-65-ca\/#breadcrumb"},"inLanguage":"ro-RO","potentialAction":[{"@type":"ReadAction","target":["https:\/\/eurotech-iasi.ro\/magazinonline\/produs\/masina-de-frezat-caneluri-bosch-gnf-65-ca\/"]}]},{"@type":"ImageObject","inLanguage":"ro-RO","@id":"https:\/\/eurotech-iasi.ro\/magazinonline\/produs\/masina-de-frezat-caneluri-bosch-gnf-65-ca\/#primaryimage","url":"https:\/\/eurotech-iasi.ro\/magazinonline\/wp-content\/uploads\/2024\/02\/Masina-de-frezat-caneluri-BOSCH-GNF-65-CA-.jpg","contentUrl":"https:\/\/eurotech-iasi.ro\/magazinonline\/wp-content\/uploads\/2024\/02\/Masina-de-frezat-caneluri-BOSCH-GNF-65-CA-.jpg","width":750,"height":750,"caption":"Masina de frezat caneluri BOSCH GNF 65 CA"},{"@type":"BreadcrumbList","@id":"https:\/\/eurotech-iasi.ro\/magazinonline\/produs\/masina-de-frezat-caneluri-bosch-gnf-65-ca\/#breadcrumb","itemListElement":[{"@type":"ListItem","position":1,"name":"Prima pagin\u0103","item":"https:\/\/eurotech-iasi.ro\/magazinonline\/"},{"@type":"ListItem","position":2,"name":"Shop","item":"https:\/\/eurotech-iasi.ro\/magazinonline\/shop\/"},{"@type":"ListItem","position":3,"name":"Masina de frezat caneluri BOSCH GNF 65 CA"}]},{"@type":"WebSite","@id":"https:\/\/eurotech-iasi.ro\/magazinonline\/#website","url":"https:\/\/eurotech-iasi.ro\/magazinonline\/","name":"Eurotech Iasi","description":"Cu oameni seriosi","publisher":{"@id":"https:\/\/eurotech-iasi.ro\/magazinonline\/#organization"},"potentialAction":[{"@type":"SearchAction","target":{"@type":"EntryPoint","urlTemplate":"https:\/\/eurotech-iasi.ro\/magazinonline\/?s={search_term_string}"},"query-input":{"@type":"PropertyValueSpecification","valueRequired":true,"valueName":"search_term_string"}}],"inLanguage":"ro-RO"},{"@type":"Organization","@id":"https:\/\/eurotech-iasi.ro\/magazinonline\/#organization","name":"Eurotech Iasi","url":"https:\/\/eurotech-iasi.ro\/magazinonline\/","logo":{"@type":"ImageObject","inLanguage":"ro-RO","@id":"https:\/\/eurotech-iasi.ro\/magazinonline\/#\/schema\/logo\/image\/","url":"https:\/\/eurotech-iasi.ro\/magazinonline\/wp-content\/uploads\/2020\/08\/logo-eurotech.png","contentUrl":"https:\/\/eurotech-iasi.ro\/magazinonline\/wp-content\/uploads\/2020\/08\/logo-eurotech.png","width":290,"height":70,"caption":"Eurotech Iasi"},"image":{"@id":"https:\/\/eurotech-iasi.ro\/magazinonline\/#\/schema\/logo\/image\/"},"sameAs":["https:\/\/www.facebook.com\/EurotechIasi\/"]}]}},"_links":{"self":[{"href":"https:\/\/eurotech-iasi.ro\/magazinonline\/wp-json\/wp\/v2\/product\/102581","targetHints":{"allow":["GET"]}}],"collection":[{"href":"https:\/\/eurotech-iasi.ro\/magazinonline\/wp-json\/wp\/v2\/product"}],"about":[{"href":"https:\/\/eurotech-iasi.ro\/magazinonline\/wp-json\/wp\/v2\/types\/product"}],"replies":[{"embeddable":true,"href":"https:\/\/eurotech-iasi.ro\/magazinonline\/wp-json\/wp\/v2\/comments?post=102581"}],"wp:featuredmedia":[{"embeddable":true,"href":"https:\/\/eurotech-iasi.ro\/magazinonline\/wp-json\/wp\/v2\/media\/102582"}],"wp:attachment":[{"href":"https:\/\/eurotech-iasi.ro\/magazinonline\/wp-json\/wp\/v2\/media?parent=102581"}],"wp:term":[{"taxonomy":"product_cat","embeddable":true,"href":"https:\/\/eurotech-iasi.ro\/magazinonline\/wp-json\/wp\/v2\/product_cat?post=102581"},{"taxonomy":"product_tag","embeddable":true,"href":"https:\/\/eurotech-iasi.ro\/magazinonline\/wp-json\/wp\/v2\/product_tag?post=102581"},{"taxonomy":"woo-feed-brand","embeddable":true,"href":"https:\/\/eurotech-iasi.ro\/magazinonline\/wp-json\/wp\/v2\/woo-feed-brand?post=102581"}],"curies":[{"name":"wp","href":"https:\/\/api.w.org\/{rel}","templated":true}]}}