{"id":102746,"date":"2024-03-04T14:04:03","date_gmt":"2024-03-04T12:04:03","guid":{"rendered":"https:\/\/eurotech-iasi.ro\/magazinonline\/?post_type=product&#038;p=102746"},"modified":"2026-04-30T15:50:43","modified_gmt":"2026-04-30T12:50:43","slug":"robot-de-tuns-iarba-fara-fir-perimetral-segway-navimow-h1500e","status":"publish","type":"product","link":"https:\/\/eurotech-iasi.ro\/magazinonline\/produs\/robot-de-tuns-iarba-fara-fir-perimetral-segway-navimow-h1500e\/","title":{"rendered":"Robot de tuns iarba fara fir perimetral Segway Navimow H1500E"},"content":{"rendered":"<p><strong>Robot de tuns iarba fara fir perimetral Segway Navimow H1500E <\/strong>face parte din noua serie Navimow de la Segway. Cu bateria de 7,8 Ah, robotul este recomandat pentru suprafe\u021be mari de gazon de pana la 1.500 mp. Datorita tehnologiei inovatoare, cablurile de delimitare nu mai sunt necesare la utilizarea robotilor Navimow. Modulul 4G permite o conexiune complet automata prin 4G, ceea ce inseamna ca nu este necesara nicio conexiune WLAN. Acest lucru permite robotului sa fie controlat in orice moment si de oriunde.<\/p>\n<p>Datorita sistemului EFLS (Exact Fusion Locating System), robotul isi determina pozitia in gradina cu o precizie de pana la 2 cm. Procesul de tuns in sine este, de asemenea, mai usor si mai eficient ca niciodata cu modelele Navimow. Pentru ca inainte de tuns, robotul determina zona si creeaza un traseu fix pe care il va tunde. Masina de tuns iarba robotizata tunde astfel gradina in mod sistematic si rezultatul este o taietura placuta, uniforma.<\/p>\n<p>Ma\u0219ina de tuns iarba robotizat\u0103 nu numai c\u0103 urm\u0103re\u0219te eficient traseele, dar se asigur\u0103 \u0219i c\u0103 gazonul este t\u0103iat uniform de sus cu sistemul Frequent Soft Cut System (FCFS). Se realizeaz\u0103 astfel \u00een\u0103l\u021bimea de t\u0103iere dorit\u0103 pe \u00eentreaga zon\u0103 de cosit.<\/p>\n<h2>BENEFICIILE PRODUSULUI &#8211; Robot de tuns iarba fara fir perimetral Segway Navimow H1500E:<\/h2>\n<ul>\n<li>Ultra silentios la doar 54 dB(A) &#8211; motorul incorporat in butul rotii<\/li>\n<li>Protectie la apa IPX6<\/li>\n<li>Reglare electrica a inaltimii de taiere de la 30-60 mm<\/li>\n<li>Gradiente de pana la 45% posibile<\/li>\n<li>Cel mai bun rezultat posibil pe gazon<\/li>\n<li>Siguranta maxima prin senzori ultrasonici<\/li>\n<li>Senzor de ploaie si inghet<\/li>\n<li>sistem cu 3 lame<\/li>\n<li>Motor fara perii<\/li>\n<\/ul>\n<p><em>ACCESORII OPTIONALE:<\/em><\/p>\n<ul>\n<li>senzor ultrasonic<\/li>\n<li>Garaj robot<\/li>\n<li>gard temporar<\/li>\n<li>accesorii pentru lame<\/li>\n<li>kit de extensie a antenei<\/li>\n<li>cablu prelungitor de antena<\/li>\n<\/ul>\n<p><em>Caracteristici Avansate:<\/em><\/p>\n<ul>\n<li>Nota: Robotul pentru tuns gazon este echipat cu un modul GSM care permite conectarea la smartphone.<\/li>\n<li>Actualizari automate de software \u00een statia de incarcare.<\/li>\n<li>Aplicatia pentru smartphone permite utilizatorului sa controleze, sa programeze si sa interogheze status robot.<\/li>\n<\/ul>\n<h2>Functionalitati Inteligente &#8211; Robot de tuns iarba fara fir perimetral Segway Navimow H1500E:<\/h2>\n<ul>\n<li><strong>conexiune WIFI<\/strong> &#8211; Aplicatia pentru smartphone permite utilizatorului sa controleze, sa programeze si sa interogheze status robot.<br \/>\nInstructiuni de instalare asistata video &#8211; Este necesara acoperirea zonei de lucru cu semnal WiFi.<br \/>\nRobotul pentru tuns iarba se conecteaza automat la reteaua 4G prin intermediul WIFI<\/li>\n<li>Senzor cu ultrasunete (optional)<br \/>\nSenzorul cu ultrasunete foarte sensibil permite robotului pentru tuns iarba sa evite obstacolele existente in zona de lucru (mingi de fotbal, jucarii sau oameni).<br \/>\n<strong>FIABIL<\/strong><\/li>\n<li>Fara cablu de ghidare (fir perimetral)<br \/>\nSistemul EFLS (Exact Fusion Locating System) face posibila renuntarea completa la instalarea unui cablu de ghidare.<br \/>\nIn combinatie cu o antena GNSS si un satelit, robotul isi determina pozitia exacta in gradina (cu o precizie de pana la 2 cm). Configurarea zonelor de lucru se face extrem de usor prin intermediul aplicatiei.<\/li>\n<li>Tundere eficienta a gazonului<br \/>\nRobotul nu numai ca se misca extrem de eficient pe suprafata de gazon, dar sistemul FSCS (Frequent Soft Cut System) asigura ca gazonul este taiat de sus si se atinge treptat inaltimea dorita. Tundere sistematica a gazonului.<\/li>\n<li>Senzor de ploaie si inghet<br \/>\nCand ploua sau atunci cand apare inghetul, robotul de tuns iarba detecteaza automat daca iarba poate fi tunsa sau nu datorita protectiei sale inteligente impotriva ploii si inghetului..<br \/>\n<strong>SILENTIOS<\/strong><\/li>\n<li>Sistem de taiere cu 3 cutite retractabile<br \/>\nMotorul fara perii, ultramodern si puternic, in combinatie cu sistemul de taiere cu 3 cutite retractabile garanteaza o cosire extrem de silentioasa si sigura.<br \/>\nAcest sistem de taiere permite miscarea individuala a cutitelor atunci cand acestea intra in contact cu obiecte dure (pietre, ramuri etc.). Acest lucru prelungeste durata de viata a cutitelor<br \/>\ntaietoare<\/li>\n<\/ul>\n<h3>Specificatii tehnice &#8211; Robot de tuns iarba fara fir perimetral Segway Navimow H1500E:<\/h3>\n<p>Greutate bruta\/ neta 26.5 \/ 15.9 kg<br \/>\nDimensiuni 875 x 850x 318 cm<br \/>\nMOTOR Fara perii<br \/>\nActiune automata\u00a0 Da<br \/>\nLatime de taiere 21 cm<br \/>\nInaltime de taiare 30 &#8211; 60 mm<br \/>\nNivel de zgomot 54 dB<br \/>\nPanta maxima 45%<br \/>\nViteza taiere 0,4 m\/s<br \/>\nEficienta cosire 100 m\u00b2\/ora<br \/>\nCosire pe ploaie Da<br \/>\nAcumulator 7,8 Ah<br \/>\nTimp incarcare\/autonomie acumulator 240 min\/240 min<\/p>\n","protected":false},"excerpt":{"rendered":"<p><strong>Robot de tuns iarba fara fir perimetral Segway Navimow H1500E <\/strong>face parte din noua serie Navimow de la Segway. Cu bateria de 7,8 Ah, robotul este recomandat pentru suprafe\u021be mari de gazon de pana la 1.500 mp.<\/p>\n<p><em><strong>Cod produs: AA.00.0004.31<\/strong><\/em><\/p>\n<p><em><strong><span style=\"color: #ff0000;\">*Livrare in cca. 7 zile de la comanda<\/span><\/strong><\/em><\/p>\n","protected":false},"featured_media":102759,"comment_status":"open","ping_status":"closed","template":"","meta":{"_acf_changed":false},"product_cat":[4337,13975],"product_tag":[13979],"woo-feed-brand":[],"class_list":{"0":"post-102746","1":"product","2":"type-product","3":"status-publish","4":"has-post-thumbnail","6":"product_brand-segway","7":"product_cat-gradinarit-agricultura","8":"product_cat-roboti-de-tuns-iarba","9":"product_tag-cramer","10":"pa_brand-segway","11":"pa_greutate-15-9-kg","13":"first","14":"outofstock","15":"shipping-taxable","16":"purchasable","17":"product-type-simple"},"acf":[],"yoast_head":"<!-- This site is optimized with the Yoast SEO plugin v27.5 - https:\/\/yoast.com\/product\/yoast-seo-wordpress\/ -->\n<title>Robot de tuns iarba fara fir perimetral Segway Navimow H1500E - Eurotech Iasi<\/title>\n<meta name=\"robots\" content=\"index, follow, max-snippet:-1, max-image-preview:large, max-video-preview:-1\" \/>\n<link rel=\"canonical\" href=\"https:\/\/eurotech-iasi.ro\/magazinonline\/produs\/robot-de-tuns-iarba-fara-fir-perimetral-segway-navimow-h1500e\/\" \/>\n<meta property=\"og:locale\" content=\"ro_RO\" \/>\n<meta property=\"og:type\" content=\"article\" \/>\n<meta property=\"og:title\" content=\"Robot de tuns iarba fara fir perimetral Segway Navimow H1500E - Eurotech Iasi\" \/>\n<meta property=\"og:description\" content=\"Robot de tuns iarba fara fir perimetral Segway Navimow H1500E face parte din noua serie Navimow de la Segway. Cu bateria de 7,8 Ah, robotul este recomandat pentru suprafe\u021be mari de gazon de pana la 1.500 mp.  Cod produs: AA.00.0004.31  *Livrare in cca. 7 zile de la comanda\" \/>\n<meta property=\"og:url\" content=\"https:\/\/eurotech-iasi.ro\/magazinonline\/produs\/robot-de-tuns-iarba-fara-fir-perimetral-segway-navimow-h1500e\/\" \/>\n<meta property=\"og:site_name\" content=\"Eurotech Iasi\" \/>\n<meta property=\"article:publisher\" content=\"https:\/\/www.facebook.com\/EurotechIasi\/\" \/>\n<meta property=\"article:modified_time\" content=\"2026-04-30T12:50:43+00:00\" \/>\n<meta property=\"og:image\" content=\"https:\/\/eurotech-iasi.ro\/magazinonline\/wp-content\/uploads\/2024\/03\/Robot-de-tuns-iarba-fara-fir-perimetral-Segway-Navimow-H1500E.png\" \/>\n\t<meta property=\"og:image:width\" content=\"750\" \/>\n\t<meta property=\"og:image:height\" content=\"750\" \/>\n\t<meta property=\"og:image:type\" content=\"image\/png\" \/>\n<meta name=\"twitter:label1\" content=\"Timp estimat pentru citire\" \/>\n\t<meta name=\"twitter:data1\" content=\"3 minute\" \/>\n<script type=\"application\/ld+json\" class=\"yoast-schema-graph\">{\"@context\":\"https:\\\/\\\/schema.org\",\"@graph\":[{\"@type\":\"WebPage\",\"@id\":\"https:\\\/\\\/eurotech-iasi.ro\\\/magazinonline\\\/produs\\\/robot-de-tuns-iarba-fara-fir-perimetral-segway-navimow-h1500e\\\/\",\"url\":\"https:\\\/\\\/eurotech-iasi.ro\\\/magazinonline\\\/produs\\\/robot-de-tuns-iarba-fara-fir-perimetral-segway-navimow-h1500e\\\/\",\"name\":\"Robot de tuns iarba fara fir perimetral Segway Navimow H1500E - Eurotech Iasi\",\"isPartOf\":{\"@id\":\"https:\\\/\\\/eurotech-iasi.ro\\\/magazinonline\\\/#website\"},\"primaryImageOfPage\":{\"@id\":\"https:\\\/\\\/eurotech-iasi.ro\\\/magazinonline\\\/produs\\\/robot-de-tuns-iarba-fara-fir-perimetral-segway-navimow-h1500e\\\/#primaryimage\"},\"image\":{\"@id\":\"https:\\\/\\\/eurotech-iasi.ro\\\/magazinonline\\\/produs\\\/robot-de-tuns-iarba-fara-fir-perimetral-segway-navimow-h1500e\\\/#primaryimage\"},\"thumbnailUrl\":\"https:\\\/\\\/eurotech-iasi.ro\\\/magazinonline\\\/wp-content\\\/uploads\\\/2024\\\/03\\\/Robot-de-tuns-iarba-fara-fir-perimetral-Segway-Navimow-H1500E.png\",\"datePublished\":\"2024-03-04T12:04:03+00:00\",\"dateModified\":\"2026-04-30T12:50:43+00:00\",\"breadcrumb\":{\"@id\":\"https:\\\/\\\/eurotech-iasi.ro\\\/magazinonline\\\/produs\\\/robot-de-tuns-iarba-fara-fir-perimetral-segway-navimow-h1500e\\\/#breadcrumb\"},\"inLanguage\":\"ro-RO\",\"potentialAction\":[{\"@type\":\"ReadAction\",\"target\":[\"https:\\\/\\\/eurotech-iasi.ro\\\/magazinonline\\\/produs\\\/robot-de-tuns-iarba-fara-fir-perimetral-segway-navimow-h1500e\\\/\"]}]},{\"@type\":\"ImageObject\",\"inLanguage\":\"ro-RO\",\"@id\":\"https:\\\/\\\/eurotech-iasi.ro\\\/magazinonline\\\/produs\\\/robot-de-tuns-iarba-fara-fir-perimetral-segway-navimow-h1500e\\\/#primaryimage\",\"url\":\"https:\\\/\\\/eurotech-iasi.ro\\\/magazinonline\\\/wp-content\\\/uploads\\\/2024\\\/03\\\/Robot-de-tuns-iarba-fara-fir-perimetral-Segway-Navimow-H1500E.png\",\"contentUrl\":\"https:\\\/\\\/eurotech-iasi.ro\\\/magazinonline\\\/wp-content\\\/uploads\\\/2024\\\/03\\\/Robot-de-tuns-iarba-fara-fir-perimetral-Segway-Navimow-H1500E.png\",\"width\":750,\"height\":750,\"caption\":\"Robot de tuns iarba fara fir perimetral Segway Navimow H1500E\"},{\"@type\":\"BreadcrumbList\",\"@id\":\"https:\\\/\\\/eurotech-iasi.ro\\\/magazinonline\\\/produs\\\/robot-de-tuns-iarba-fara-fir-perimetral-segway-navimow-h1500e\\\/#breadcrumb\",\"itemListElement\":[{\"@type\":\"ListItem\",\"position\":1,\"name\":\"Prima pagin\u0103\",\"item\":\"https:\\\/\\\/eurotech-iasi.ro\\\/magazinonline\\\/\"},{\"@type\":\"ListItem\",\"position\":2,\"name\":\"Shop\",\"item\":\"https:\\\/\\\/eurotech-iasi.ro\\\/magazinonline\\\/shop\\\/\"},{\"@type\":\"ListItem\",\"position\":3,\"name\":\"Robot de tuns iarba fara fir perimetral Segway Navimow H1500E\"}]},{\"@type\":\"WebSite\",\"@id\":\"https:\\\/\\\/eurotech-iasi.ro\\\/magazinonline\\\/#website\",\"url\":\"https:\\\/\\\/eurotech-iasi.ro\\\/magazinonline\\\/\",\"name\":\"Eurotech Iasi\",\"description\":\"Cu oameni seriosi\",\"publisher\":{\"@id\":\"https:\\\/\\\/eurotech-iasi.ro\\\/magazinonline\\\/#organization\"},\"potentialAction\":[{\"@type\":\"SearchAction\",\"target\":{\"@type\":\"EntryPoint\",\"urlTemplate\":\"https:\\\/\\\/eurotech-iasi.ro\\\/magazinonline\\\/?s={search_term_string}\"},\"query-input\":{\"@type\":\"PropertyValueSpecification\",\"valueRequired\":true,\"valueName\":\"search_term_string\"}}],\"inLanguage\":\"ro-RO\"},{\"@type\":\"Organization\",\"@id\":\"https:\\\/\\\/eurotech-iasi.ro\\\/magazinonline\\\/#organization\",\"name\":\"Eurotech Iasi\",\"url\":\"https:\\\/\\\/eurotech-iasi.ro\\\/magazinonline\\\/\",\"logo\":{\"@type\":\"ImageObject\",\"inLanguage\":\"ro-RO\",\"@id\":\"https:\\\/\\\/eurotech-iasi.ro\\\/magazinonline\\\/#\\\/schema\\\/logo\\\/image\\\/\",\"url\":\"https:\\\/\\\/eurotech-iasi.ro\\\/magazinonline\\\/wp-content\\\/uploads\\\/2020\\\/08\\\/logo-eurotech.png\",\"contentUrl\":\"https:\\\/\\\/eurotech-iasi.ro\\\/magazinonline\\\/wp-content\\\/uploads\\\/2020\\\/08\\\/logo-eurotech.png\",\"width\":290,\"height\":70,\"caption\":\"Eurotech Iasi\"},\"image\":{\"@id\":\"https:\\\/\\\/eurotech-iasi.ro\\\/magazinonline\\\/#\\\/schema\\\/logo\\\/image\\\/\"},\"sameAs\":[\"https:\\\/\\\/www.facebook.com\\\/EurotechIasi\\\/\"]}]}<\/script>\n<!-- \/ Yoast SEO plugin. -->","yoast_head_json":{"title":"Robot de tuns iarba fara fir perimetral Segway Navimow H1500E - Eurotech Iasi","robots":{"index":"index","follow":"follow","max-snippet":"max-snippet:-1","max-image-preview":"max-image-preview:large","max-video-preview":"max-video-preview:-1"},"canonical":"https:\/\/eurotech-iasi.ro\/magazinonline\/produs\/robot-de-tuns-iarba-fara-fir-perimetral-segway-navimow-h1500e\/","og_locale":"ro_RO","og_type":"article","og_title":"Robot de tuns iarba fara fir perimetral Segway Navimow H1500E - Eurotech Iasi","og_description":"Robot de tuns iarba fara fir perimetral Segway Navimow H1500E face parte din noua serie Navimow de la Segway. Cu bateria de 7,8 Ah, robotul este recomandat pentru suprafe\u021be mari de gazon de pana la 1.500 mp.  Cod produs: AA.00.0004.31  *Livrare in cca. 7 zile de la comanda","og_url":"https:\/\/eurotech-iasi.ro\/magazinonline\/produs\/robot-de-tuns-iarba-fara-fir-perimetral-segway-navimow-h1500e\/","og_site_name":"Eurotech Iasi","article_publisher":"https:\/\/www.facebook.com\/EurotechIasi\/","article_modified_time":"2026-04-30T12:50:43+00:00","og_image":[{"width":750,"height":750,"url":"https:\/\/eurotech-iasi.ro\/magazinonline\/wp-content\/uploads\/2024\/03\/Robot-de-tuns-iarba-fara-fir-perimetral-Segway-Navimow-H1500E.png","type":"image\/png"}],"twitter_misc":{"Timp estimat pentru citire":"3 minute"},"schema":{"@context":"https:\/\/schema.org","@graph":[{"@type":"WebPage","@id":"https:\/\/eurotech-iasi.ro\/magazinonline\/produs\/robot-de-tuns-iarba-fara-fir-perimetral-segway-navimow-h1500e\/","url":"https:\/\/eurotech-iasi.ro\/magazinonline\/produs\/robot-de-tuns-iarba-fara-fir-perimetral-segway-navimow-h1500e\/","name":"Robot de tuns iarba fara fir perimetral Segway Navimow H1500E - Eurotech Iasi","isPartOf":{"@id":"https:\/\/eurotech-iasi.ro\/magazinonline\/#website"},"primaryImageOfPage":{"@id":"https:\/\/eurotech-iasi.ro\/magazinonline\/produs\/robot-de-tuns-iarba-fara-fir-perimetral-segway-navimow-h1500e\/#primaryimage"},"image":{"@id":"https:\/\/eurotech-iasi.ro\/magazinonline\/produs\/robot-de-tuns-iarba-fara-fir-perimetral-segway-navimow-h1500e\/#primaryimage"},"thumbnailUrl":"https:\/\/eurotech-iasi.ro\/magazinonline\/wp-content\/uploads\/2024\/03\/Robot-de-tuns-iarba-fara-fir-perimetral-Segway-Navimow-H1500E.png","datePublished":"2024-03-04T12:04:03+00:00","dateModified":"2026-04-30T12:50:43+00:00","breadcrumb":{"@id":"https:\/\/eurotech-iasi.ro\/magazinonline\/produs\/robot-de-tuns-iarba-fara-fir-perimetral-segway-navimow-h1500e\/#breadcrumb"},"inLanguage":"ro-RO","potentialAction":[{"@type":"ReadAction","target":["https:\/\/eurotech-iasi.ro\/magazinonline\/produs\/robot-de-tuns-iarba-fara-fir-perimetral-segway-navimow-h1500e\/"]}]},{"@type":"ImageObject","inLanguage":"ro-RO","@id":"https:\/\/eurotech-iasi.ro\/magazinonline\/produs\/robot-de-tuns-iarba-fara-fir-perimetral-segway-navimow-h1500e\/#primaryimage","url":"https:\/\/eurotech-iasi.ro\/magazinonline\/wp-content\/uploads\/2024\/03\/Robot-de-tuns-iarba-fara-fir-perimetral-Segway-Navimow-H1500E.png","contentUrl":"https:\/\/eurotech-iasi.ro\/magazinonline\/wp-content\/uploads\/2024\/03\/Robot-de-tuns-iarba-fara-fir-perimetral-Segway-Navimow-H1500E.png","width":750,"height":750,"caption":"Robot de tuns iarba fara fir perimetral Segway Navimow H1500E"},{"@type":"BreadcrumbList","@id":"https:\/\/eurotech-iasi.ro\/magazinonline\/produs\/robot-de-tuns-iarba-fara-fir-perimetral-segway-navimow-h1500e\/#breadcrumb","itemListElement":[{"@type":"ListItem","position":1,"name":"Prima pagin\u0103","item":"https:\/\/eurotech-iasi.ro\/magazinonline\/"},{"@type":"ListItem","position":2,"name":"Shop","item":"https:\/\/eurotech-iasi.ro\/magazinonline\/shop\/"},{"@type":"ListItem","position":3,"name":"Robot de tuns iarba fara fir perimetral Segway Navimow H1500E"}]},{"@type":"WebSite","@id":"https:\/\/eurotech-iasi.ro\/magazinonline\/#website","url":"https:\/\/eurotech-iasi.ro\/magazinonline\/","name":"Eurotech Iasi","description":"Cu oameni seriosi","publisher":{"@id":"https:\/\/eurotech-iasi.ro\/magazinonline\/#organization"},"potentialAction":[{"@type":"SearchAction","target":{"@type":"EntryPoint","urlTemplate":"https:\/\/eurotech-iasi.ro\/magazinonline\/?s={search_term_string}"},"query-input":{"@type":"PropertyValueSpecification","valueRequired":true,"valueName":"search_term_string"}}],"inLanguage":"ro-RO"},{"@type":"Organization","@id":"https:\/\/eurotech-iasi.ro\/magazinonline\/#organization","name":"Eurotech Iasi","url":"https:\/\/eurotech-iasi.ro\/magazinonline\/","logo":{"@type":"ImageObject","inLanguage":"ro-RO","@id":"https:\/\/eurotech-iasi.ro\/magazinonline\/#\/schema\/logo\/image\/","url":"https:\/\/eurotech-iasi.ro\/magazinonline\/wp-content\/uploads\/2020\/08\/logo-eurotech.png","contentUrl":"https:\/\/eurotech-iasi.ro\/magazinonline\/wp-content\/uploads\/2020\/08\/logo-eurotech.png","width":290,"height":70,"caption":"Eurotech Iasi"},"image":{"@id":"https:\/\/eurotech-iasi.ro\/magazinonline\/#\/schema\/logo\/image\/"},"sameAs":["https:\/\/www.facebook.com\/EurotechIasi\/"]}]}},"_links":{"self":[{"href":"https:\/\/eurotech-iasi.ro\/magazinonline\/wp-json\/wp\/v2\/product\/102746","targetHints":{"allow":["GET"]}}],"collection":[{"href":"https:\/\/eurotech-iasi.ro\/magazinonline\/wp-json\/wp\/v2\/product"}],"about":[{"href":"https:\/\/eurotech-iasi.ro\/magazinonline\/wp-json\/wp\/v2\/types\/product"}],"replies":[{"embeddable":true,"href":"https:\/\/eurotech-iasi.ro\/magazinonline\/wp-json\/wp\/v2\/comments?post=102746"}],"wp:featuredmedia":[{"embeddable":true,"href":"https:\/\/eurotech-iasi.ro\/magazinonline\/wp-json\/wp\/v2\/media\/102759"}],"wp:attachment":[{"href":"https:\/\/eurotech-iasi.ro\/magazinonline\/wp-json\/wp\/v2\/media?parent=102746"}],"wp:term":[{"taxonomy":"product_cat","embeddable":true,"href":"https:\/\/eurotech-iasi.ro\/magazinonline\/wp-json\/wp\/v2\/product_cat?post=102746"},{"taxonomy":"product_tag","embeddable":true,"href":"https:\/\/eurotech-iasi.ro\/magazinonline\/wp-json\/wp\/v2\/product_tag?post=102746"},{"taxonomy":"woo-feed-brand","embeddable":true,"href":"https:\/\/eurotech-iasi.ro\/magazinonline\/wp-json\/wp\/v2\/woo-feed-brand?post=102746"}],"curies":[{"name":"wp","href":"https:\/\/api.w.org\/{rel}","templated":true}]}}