{"id":103377,"date":"2024-03-21T10:31:29","date_gmt":"2024-03-21T08:31:29","guid":{"rendered":"https:\/\/eurotech-iasi.ro\/magazinonline\/?post_type=product&#038;p=103377"},"modified":"2026-02-12T09:58:04","modified_gmt":"2026-02-12T07:58:04","slug":"acumulator-stihl-ap-300-s","status":"publish","type":"product","link":"https:\/\/eurotech-iasi.ro\/magazinonline\/produs\/acumulator-stihl-ap-300-s\/","title":{"rendered":"Acumulator STIHL AP 300 S"},"content":{"rendered":"<h3>Acumulator STIHL AP 300 S este un acumulator Stihl Litiu-Ion usor si puternic cu o tensiune de 36V si energie acumulator 281 Wh este o baterie de mare capacitate care alimenteaz\u0103 orice unealt\u0103 din sistemul STIHL AP.<\/h3>\n<p>Cu o capacitate de energie de 281 Wh, aceast\u0103 baterie ofer\u0103 o cre\u0219tere impresionant\u0103 cu 25% a capacit\u0103\u021bii \u00een compara\u021bie cu AP 300, ceea ce \u00eenseamn\u0103 c\u0103 aceast\u0103 baterie va alimenta \u00een mod constant instrumentele AP System pentru mai mult timp. Bateria are un indicator LED de \u00eenc\u0103rcare integrat, care afi\u0219eaz\u0103 clar pe m\u0103sur\u0103 ce bateria trebuie \u00eenc\u0103rcat\u0103. Compatibil cu \u00eenc\u0103rc\u0103torul AL 101, AL 301, AL 301-4 \u0219i AL 500.<\/p>\n<h4>Avantaje Acumulator STIHL AP 300 S:<\/h4>\n<ul>\n<li>acumulator puternic litiu-ion<\/li>\n<li>afisare stare de incarcare si continutul de energie prin intermediul celor 4 led-uri verzi<\/li>\n<li>greutate redusa &#8211;\u00a0 Baterie de 227 Wh cu o greutate de 1,8 kg<\/li>\n<li>poate fi folosit in ploaie &#8211; IPX4<\/li>\n<\/ul>\n<h4>Specificatii tehnice Acumulator STIHL AP 300 S:<\/h4>\n<div class=\"elementor-element elementor-element-5dec1b7 DetaliiTehnice elementor-widget elementor-widget-wd_text_block\" data-id=\"5dec1b7\" data-element_type=\"widget\" data-widget_type=\"wd_text_block.default\">\n<div class=\"elementor-widget-container\">\n<div class=\"wd-text-block reset-last-child text-left\">\n<ul>\n<li>Tensiune nominal\u0103 V 36<\/li>\n<li>Greutatea bateriei kg 1,8<\/li>\n<li>Capacitate Wh 1) 281<\/li>\n<li>Capacitate ah 7,2<\/li>\n<li>Capacitatea nominal\u0103 a celulei (conform produc\u0103torului) Ah 2,6<\/li>\n<li>Tehnologia celulelor bateriei Litiu Ion<\/li>\n<li>Tensiune de \u00eenc\u0103rcare V 42<\/li>\n<li>Interval de temperatur\u0103 \u00b0C 5-40<\/li>\n<li>Interval de temperatur\u0103 de desc\u0103rcare \u00b0C -10-50<\/li>\n<\/ul>\n<\/div>\n<\/div>\n<\/div>\n","protected":false},"excerpt":{"rendered":"<h4>Acumulator STIHL AP 300 S este un acumulator Stihl Litiu-Ion usor si puternic cu o tensiune de 36V si energie acumulator 281 Wh este o baterie de mare capacitate care alimenteaz\u0103 orice unealt\u0103 din sistemul STIHL AP.<\/h4>\n<p><em><strong>Cod produs:48504006578<\/strong><\/em><\/p>\n<p><a href=\"https:\/\/eurotech-iasi.ro\/magazinonline\/categorie-produs\/sistemul-cu-acumulator-stihl-ap\/\"><img loading=\"lazy\" decoding=\"async\" class=\" wp-image-108570\" src=\"https:\/\/eurotech-iasi.ro\/magazinonline\/wp-content\/uploads\/2019\/03\/11.png\" alt=\"Sistemul cu acumulator STIHL AP\" width=\"254\" height=\"109\" srcset=\"https:\/\/eurotech-iasi.ro\/magazinonline\/wp-content\/uploads\/2019\/03\/11.png 350w, https:\/\/eurotech-iasi.ro\/magazinonline\/wp-content\/uploads\/2019\/03\/11-300x129.png 300w\" sizes=\"auto, (max-width: 254px) 100vw, 254px\" \/><\/a><\/p>\n<p><span style=\"color: #ff0000;\"><em><a href=\"https:\/\/www.stihl.ro\/ro\"><img loading=\"lazy\" decoding=\"async\" class=\" wp-image-108363 alignleft\" src=\"https:\/\/eurotech-iasi.ro\/magazinonline\/wp-content\/uploads\/2019\/03\/150-x-75-stihl.png\" alt=\"\" width=\"70\" height=\"35\" \/><\/a><a href=\"https:\/\/eurotech-iasi.ro\/magazinonline\/?attachment_id=87685\" rel=\"attachment wp-att-87685\"><img loading=\"lazy\" decoding=\"async\" class=\"wp-image-87685 alignleft\" src=\"https:\/\/eurotech-iasi.ro\/magazinonline\/wp-content\/uploads\/2019\/06\/2-1-150x150.png\" alt=\"\" width=\"72\" height=\"72\" srcset=\"https:\/\/eurotech-iasi.ro\/magazinonline\/wp-content\/uploads\/2019\/06\/2-1-150x150.png 150w, https:\/\/eurotech-iasi.ro\/magazinonline\/wp-content\/uploads\/2019\/06\/2-1-100x100.png 100w, https:\/\/eurotech-iasi.ro\/magazinonline\/wp-content\/uploads\/2019\/06\/2-1.png 200w\" sizes=\"auto, (max-width: 72px) 100vw, 72px\" \/><\/a><\/em><\/span><\/p>\n<h5><\/h5>\n<h5><\/h5>\n<h5><\/h5>\n<h5><span style=\"color: #eb782b;\"><em><strong>\u00a0<a href=\"https:\/\/eurotech-iasi.ro\/magazinonline\/termeni-si-conditii\/\">*Garan\u021bie 2 ani<\/a> + 6 luni Extra Garan\u021bie. <\/strong><\/em><\/span><\/h5>\n<h5><span style=\"color: #eb782b;\"><em><strong>\u00cenregistreaz\u0103\u00a0 produsul achizi\u021bionat de la noi, \u00een termen de <\/strong><\/em><\/span><span style=\"color: #003366;\"><em><strong>30 de zile de la cump\u0103rare<\/strong><\/em><\/span><span style=\"color: #eb782b;\"><em><strong>, pe site-ul oficial STIHL la adresa<a href=\"https:\/\/preg.stihl.com\/?lang=RO_ro&amp;country=RO\">\u00a0preg.stihl.com<\/a> \u0219i profit\u0103 de prelungirea gratuit\u0103 a garan\u021biei cu 6 luni !<\/strong><\/em><\/span><\/h5>\n","protected":false},"featured_media":103382,"comment_status":"open","ping_status":"closed","template":"","meta":{"_acf_changed":false},"product_cat":[4336,4373,4337,5043,4306,4335,14504,14505],"product_tag":[],"woo-feed-brand":[],"class_list":{"0":"post-103377","1":"product","2":"type-product","3":"status-publish","4":"has-post-thumbnail","6":"product_brand-stihl","7":"product_cat-accesorii-scule-electrice","8":"product_cat-accesorii-utilaje-gradinarit-si-agricultura","9":"product_cat-gradinarit-agricultura","10":"product_cat-incarcatoare-acumulatori-si-acumulatori","11":"product_cat-scule-electrice","12":"product_cat-scule-electrice-cu-acumulatori","13":"product_cat-sistemele-cu-acumulator-stihl","14":"product_cat-sistemul-cu-acumulator-stihl-ap","15":"pa_brand-stihl","16":"pa_greutate-1-8-kg","18":"first","19":"instock","20":"shipping-taxable","21":"purchasable","22":"product-type-simple"},"acf":[],"yoast_head":"<!-- This site is optimized with the Yoast SEO plugin v27.5 - https:\/\/yoast.com\/product\/yoast-seo-wordpress\/ -->\n<title>Acumulator STIHL AP 300 S - Eurotech Iasi<\/title>\n<meta name=\"description\" content=\"Acumulator STIHL AP 300 S este un acumulator Stihl Litiu-Ion usor si puternic care alimenteaz\u0103 orice unealt\u0103 din sistemul STIHL AP.\" \/>\n<meta name=\"robots\" content=\"index, follow, max-snippet:-1, max-image-preview:large, max-video-preview:-1\" \/>\n<link rel=\"canonical\" href=\"https:\/\/eurotech-iasi.ro\/magazinonline\/produs\/acumulator-stihl-ap-300-s\/\" \/>\n<meta property=\"og:locale\" content=\"ro_RO\" \/>\n<meta property=\"og:type\" content=\"article\" \/>\n<meta property=\"og:title\" content=\"Acumulator STIHL AP 300 S - Eurotech Iasi\" \/>\n<meta property=\"og:description\" content=\"Acumulator STIHL AP 300 S este un acumulator Stihl Litiu-Ion usor si puternic care alimenteaz\u0103 orice unealt\u0103 din sistemul STIHL AP.\" \/>\n<meta property=\"og:url\" content=\"https:\/\/eurotech-iasi.ro\/magazinonline\/produs\/acumulator-stihl-ap-300-s\/\" \/>\n<meta property=\"og:site_name\" content=\"Eurotech Iasi\" \/>\n<meta property=\"article:publisher\" content=\"https:\/\/www.facebook.com\/EurotechIasi\/\" \/>\n<meta property=\"article:modified_time\" content=\"2026-02-12T07:58:04+00:00\" \/>\n<meta property=\"og:image\" content=\"https:\/\/eurotech-iasi.ro\/magazinonline\/wp-content\/uploads\/2024\/03\/Acumulator-STIHL-AP-300-S.png\" \/>\n\t<meta property=\"og:image:width\" content=\"750\" \/>\n\t<meta property=\"og:image:height\" content=\"750\" \/>\n\t<meta property=\"og:image:type\" content=\"image\/png\" \/>\n<meta name=\"twitter:label1\" content=\"Timp estimat pentru citire\" \/>\n\t<meta name=\"twitter:data1\" content=\"2 minute\" \/>\n<script type=\"application\/ld+json\" class=\"yoast-schema-graph\">{\"@context\":\"https:\\\/\\\/schema.org\",\"@graph\":[{\"@type\":\"WebPage\",\"@id\":\"https:\\\/\\\/eurotech-iasi.ro\\\/magazinonline\\\/produs\\\/acumulator-stihl-ap-300-s\\\/\",\"url\":\"https:\\\/\\\/eurotech-iasi.ro\\\/magazinonline\\\/produs\\\/acumulator-stihl-ap-300-s\\\/\",\"name\":\"Acumulator STIHL AP 300 S - Eurotech Iasi\",\"isPartOf\":{\"@id\":\"https:\\\/\\\/eurotech-iasi.ro\\\/magazinonline\\\/#website\"},\"primaryImageOfPage\":{\"@id\":\"https:\\\/\\\/eurotech-iasi.ro\\\/magazinonline\\\/produs\\\/acumulator-stihl-ap-300-s\\\/#primaryimage\"},\"image\":{\"@id\":\"https:\\\/\\\/eurotech-iasi.ro\\\/magazinonline\\\/produs\\\/acumulator-stihl-ap-300-s\\\/#primaryimage\"},\"thumbnailUrl\":\"https:\\\/\\\/eurotech-iasi.ro\\\/magazinonline\\\/wp-content\\\/uploads\\\/2024\\\/03\\\/Acumulator-STIHL-AP-300-S.png\",\"datePublished\":\"2024-03-21T08:31:29+00:00\",\"dateModified\":\"2026-02-12T07:58:04+00:00\",\"description\":\"Acumulator STIHL AP 300 S este un acumulator Stihl Litiu-Ion usor si puternic care alimenteaz\u0103 orice unealt\u0103 din sistemul STIHL AP.\",\"breadcrumb\":{\"@id\":\"https:\\\/\\\/eurotech-iasi.ro\\\/magazinonline\\\/produs\\\/acumulator-stihl-ap-300-s\\\/#breadcrumb\"},\"inLanguage\":\"ro-RO\",\"potentialAction\":[{\"@type\":\"ReadAction\",\"target\":[\"https:\\\/\\\/eurotech-iasi.ro\\\/magazinonline\\\/produs\\\/acumulator-stihl-ap-300-s\\\/\"]}]},{\"@type\":\"ImageObject\",\"inLanguage\":\"ro-RO\",\"@id\":\"https:\\\/\\\/eurotech-iasi.ro\\\/magazinonline\\\/produs\\\/acumulator-stihl-ap-300-s\\\/#primaryimage\",\"url\":\"https:\\\/\\\/eurotech-iasi.ro\\\/magazinonline\\\/wp-content\\\/uploads\\\/2024\\\/03\\\/Acumulator-STIHL-AP-300-S.png\",\"contentUrl\":\"https:\\\/\\\/eurotech-iasi.ro\\\/magazinonline\\\/wp-content\\\/uploads\\\/2024\\\/03\\\/Acumulator-STIHL-AP-300-S.png\",\"width\":750,\"height\":750,\"caption\":\"Acumulator STIHL AP 300 S\"},{\"@type\":\"BreadcrumbList\",\"@id\":\"https:\\\/\\\/eurotech-iasi.ro\\\/magazinonline\\\/produs\\\/acumulator-stihl-ap-300-s\\\/#breadcrumb\",\"itemListElement\":[{\"@type\":\"ListItem\",\"position\":1,\"name\":\"Prima pagin\u0103\",\"item\":\"https:\\\/\\\/eurotech-iasi.ro\\\/magazinonline\\\/\"},{\"@type\":\"ListItem\",\"position\":2,\"name\":\"Shop\",\"item\":\"https:\\\/\\\/eurotech-iasi.ro\\\/magazinonline\\\/shop\\\/\"},{\"@type\":\"ListItem\",\"position\":3,\"name\":\"Acumulator STIHL AP 300 S\"}]},{\"@type\":\"WebSite\",\"@id\":\"https:\\\/\\\/eurotech-iasi.ro\\\/magazinonline\\\/#website\",\"url\":\"https:\\\/\\\/eurotech-iasi.ro\\\/magazinonline\\\/\",\"name\":\"Eurotech Iasi\",\"description\":\"Cu oameni seriosi\",\"publisher\":{\"@id\":\"https:\\\/\\\/eurotech-iasi.ro\\\/magazinonline\\\/#organization\"},\"potentialAction\":[{\"@type\":\"SearchAction\",\"target\":{\"@type\":\"EntryPoint\",\"urlTemplate\":\"https:\\\/\\\/eurotech-iasi.ro\\\/magazinonline\\\/?s={search_term_string}\"},\"query-input\":{\"@type\":\"PropertyValueSpecification\",\"valueRequired\":true,\"valueName\":\"search_term_string\"}}],\"inLanguage\":\"ro-RO\"},{\"@type\":\"Organization\",\"@id\":\"https:\\\/\\\/eurotech-iasi.ro\\\/magazinonline\\\/#organization\",\"name\":\"Eurotech Iasi\",\"url\":\"https:\\\/\\\/eurotech-iasi.ro\\\/magazinonline\\\/\",\"logo\":{\"@type\":\"ImageObject\",\"inLanguage\":\"ro-RO\",\"@id\":\"https:\\\/\\\/eurotech-iasi.ro\\\/magazinonline\\\/#\\\/schema\\\/logo\\\/image\\\/\",\"url\":\"https:\\\/\\\/eurotech-iasi.ro\\\/magazinonline\\\/wp-content\\\/uploads\\\/2020\\\/08\\\/logo-eurotech.png\",\"contentUrl\":\"https:\\\/\\\/eurotech-iasi.ro\\\/magazinonline\\\/wp-content\\\/uploads\\\/2020\\\/08\\\/logo-eurotech.png\",\"width\":290,\"height\":70,\"caption\":\"Eurotech Iasi\"},\"image\":{\"@id\":\"https:\\\/\\\/eurotech-iasi.ro\\\/magazinonline\\\/#\\\/schema\\\/logo\\\/image\\\/\"},\"sameAs\":[\"https:\\\/\\\/www.facebook.com\\\/EurotechIasi\\\/\"]}]}<\/script>\n<!-- \/ Yoast SEO plugin. -->","yoast_head_json":{"title":"Acumulator STIHL AP 300 S - Eurotech Iasi","description":"Acumulator STIHL AP 300 S este un acumulator Stihl Litiu-Ion usor si puternic care alimenteaz\u0103 orice unealt\u0103 din sistemul STIHL AP.","robots":{"index":"index","follow":"follow","max-snippet":"max-snippet:-1","max-image-preview":"max-image-preview:large","max-video-preview":"max-video-preview:-1"},"canonical":"https:\/\/eurotech-iasi.ro\/magazinonline\/produs\/acumulator-stihl-ap-300-s\/","og_locale":"ro_RO","og_type":"article","og_title":"Acumulator STIHL AP 300 S - Eurotech Iasi","og_description":"Acumulator STIHL AP 300 S este un acumulator Stihl Litiu-Ion usor si puternic care alimenteaz\u0103 orice unealt\u0103 din sistemul STIHL AP.","og_url":"https:\/\/eurotech-iasi.ro\/magazinonline\/produs\/acumulator-stihl-ap-300-s\/","og_site_name":"Eurotech Iasi","article_publisher":"https:\/\/www.facebook.com\/EurotechIasi\/","article_modified_time":"2026-02-12T07:58:04+00:00","og_image":[{"width":750,"height":750,"url":"https:\/\/eurotech-iasi.ro\/magazinonline\/wp-content\/uploads\/2024\/03\/Acumulator-STIHL-AP-300-S.png","type":"image\/png"}],"twitter_misc":{"Timp estimat pentru citire":"2 minute"},"schema":{"@context":"https:\/\/schema.org","@graph":[{"@type":"WebPage","@id":"https:\/\/eurotech-iasi.ro\/magazinonline\/produs\/acumulator-stihl-ap-300-s\/","url":"https:\/\/eurotech-iasi.ro\/magazinonline\/produs\/acumulator-stihl-ap-300-s\/","name":"Acumulator STIHL AP 300 S - Eurotech Iasi","isPartOf":{"@id":"https:\/\/eurotech-iasi.ro\/magazinonline\/#website"},"primaryImageOfPage":{"@id":"https:\/\/eurotech-iasi.ro\/magazinonline\/produs\/acumulator-stihl-ap-300-s\/#primaryimage"},"image":{"@id":"https:\/\/eurotech-iasi.ro\/magazinonline\/produs\/acumulator-stihl-ap-300-s\/#primaryimage"},"thumbnailUrl":"https:\/\/eurotech-iasi.ro\/magazinonline\/wp-content\/uploads\/2024\/03\/Acumulator-STIHL-AP-300-S.png","datePublished":"2024-03-21T08:31:29+00:00","dateModified":"2026-02-12T07:58:04+00:00","description":"Acumulator STIHL AP 300 S este un acumulator Stihl Litiu-Ion usor si puternic care alimenteaz\u0103 orice unealt\u0103 din sistemul STIHL AP.","breadcrumb":{"@id":"https:\/\/eurotech-iasi.ro\/magazinonline\/produs\/acumulator-stihl-ap-300-s\/#breadcrumb"},"inLanguage":"ro-RO","potentialAction":[{"@type":"ReadAction","target":["https:\/\/eurotech-iasi.ro\/magazinonline\/produs\/acumulator-stihl-ap-300-s\/"]}]},{"@type":"ImageObject","inLanguage":"ro-RO","@id":"https:\/\/eurotech-iasi.ro\/magazinonline\/produs\/acumulator-stihl-ap-300-s\/#primaryimage","url":"https:\/\/eurotech-iasi.ro\/magazinonline\/wp-content\/uploads\/2024\/03\/Acumulator-STIHL-AP-300-S.png","contentUrl":"https:\/\/eurotech-iasi.ro\/magazinonline\/wp-content\/uploads\/2024\/03\/Acumulator-STIHL-AP-300-S.png","width":750,"height":750,"caption":"Acumulator STIHL AP 300 S"},{"@type":"BreadcrumbList","@id":"https:\/\/eurotech-iasi.ro\/magazinonline\/produs\/acumulator-stihl-ap-300-s\/#breadcrumb","itemListElement":[{"@type":"ListItem","position":1,"name":"Prima pagin\u0103","item":"https:\/\/eurotech-iasi.ro\/magazinonline\/"},{"@type":"ListItem","position":2,"name":"Shop","item":"https:\/\/eurotech-iasi.ro\/magazinonline\/shop\/"},{"@type":"ListItem","position":3,"name":"Acumulator STIHL AP 300 S"}]},{"@type":"WebSite","@id":"https:\/\/eurotech-iasi.ro\/magazinonline\/#website","url":"https:\/\/eurotech-iasi.ro\/magazinonline\/","name":"Eurotech Iasi","description":"Cu oameni seriosi","publisher":{"@id":"https:\/\/eurotech-iasi.ro\/magazinonline\/#organization"},"potentialAction":[{"@type":"SearchAction","target":{"@type":"EntryPoint","urlTemplate":"https:\/\/eurotech-iasi.ro\/magazinonline\/?s={search_term_string}"},"query-input":{"@type":"PropertyValueSpecification","valueRequired":true,"valueName":"search_term_string"}}],"inLanguage":"ro-RO"},{"@type":"Organization","@id":"https:\/\/eurotech-iasi.ro\/magazinonline\/#organization","name":"Eurotech Iasi","url":"https:\/\/eurotech-iasi.ro\/magazinonline\/","logo":{"@type":"ImageObject","inLanguage":"ro-RO","@id":"https:\/\/eurotech-iasi.ro\/magazinonline\/#\/schema\/logo\/image\/","url":"https:\/\/eurotech-iasi.ro\/magazinonline\/wp-content\/uploads\/2020\/08\/logo-eurotech.png","contentUrl":"https:\/\/eurotech-iasi.ro\/magazinonline\/wp-content\/uploads\/2020\/08\/logo-eurotech.png","width":290,"height":70,"caption":"Eurotech Iasi"},"image":{"@id":"https:\/\/eurotech-iasi.ro\/magazinonline\/#\/schema\/logo\/image\/"},"sameAs":["https:\/\/www.facebook.com\/EurotechIasi\/"]}]}},"_links":{"self":[{"href":"https:\/\/eurotech-iasi.ro\/magazinonline\/wp-json\/wp\/v2\/product\/103377","targetHints":{"allow":["GET"]}}],"collection":[{"href":"https:\/\/eurotech-iasi.ro\/magazinonline\/wp-json\/wp\/v2\/product"}],"about":[{"href":"https:\/\/eurotech-iasi.ro\/magazinonline\/wp-json\/wp\/v2\/types\/product"}],"replies":[{"embeddable":true,"href":"https:\/\/eurotech-iasi.ro\/magazinonline\/wp-json\/wp\/v2\/comments?post=103377"}],"wp:featuredmedia":[{"embeddable":true,"href":"https:\/\/eurotech-iasi.ro\/magazinonline\/wp-json\/wp\/v2\/media\/103382"}],"wp:attachment":[{"href":"https:\/\/eurotech-iasi.ro\/magazinonline\/wp-json\/wp\/v2\/media?parent=103377"}],"wp:term":[{"taxonomy":"product_cat","embeddable":true,"href":"https:\/\/eurotech-iasi.ro\/magazinonline\/wp-json\/wp\/v2\/product_cat?post=103377"},{"taxonomy":"product_tag","embeddable":true,"href":"https:\/\/eurotech-iasi.ro\/magazinonline\/wp-json\/wp\/v2\/product_tag?post=103377"},{"taxonomy":"woo-feed-brand","embeddable":true,"href":"https:\/\/eurotech-iasi.ro\/magazinonline\/wp-json\/wp\/v2\/woo-feed-brand?post=103377"}],"curies":[{"name":"wp","href":"https:\/\/api.w.org\/{rel}","templated":true}]}}