{"id":103529,"date":"2024-03-25T15:30:12","date_gmt":"2024-03-25T13:30:12","guid":{"rendered":"https:\/\/eurotech-iasi.ro\/magazinonline\/?post_type=product&#038;p=103529"},"modified":"2025-12-11T12:07:00","modified_gmt":"2025-12-11T10:07:00","slug":"motocoasa-agt3df-alpine-cu-motor-honda-gx270-si-bara-de-taiere-paioase-127sf","status":"publish","type":"product","link":"https:\/\/eurotech-iasi.ro\/magazinonline\/produs\/motocoasa-agt3df-alpine-cu-motor-honda-gx270-si-bara-de-taiere-paioase-127sf\/","title":{"rendered":"Motocoasa AGT3DF ALPINE cu motor Honda GX270 si bara de taiere paioase 127SF"},"content":{"rendered":"<p><strong>Motocoasa AGT3DF ALPINE cu motor Honda GX270 si bara de taiere paioase 127SF<\/strong> cu motor Honda GX270 , putere motor 9 cp , cu bara de taiere 127 SF (paioase) este special conceputa pentru utilizare pe pante inclinate de pana la 30 \u030a datorita motorului profesional HONDA GX270 HIGH INCLINATION si a dotarilor speciale ale motocositoarei.<\/p>\n<h2>Avantaje &#8211; Motocoasa AGT3DF ALPINE cu motor Honda GX270 si bara de taiere paioase 127SF :<\/h2>\n<ul>\n<li>Permite lucrul in pante cu inclinare pana la 30 grade fiind dotata cu pompa de ulei speciala, pompa de combustibil si rezervor inaltat.<\/li>\n<li>Motocositoarea AGT3 cu motor Honda GX270 Alpine este special conceputa pentru utilizare pe pante inclinate de pana la 30 \u030a datorita motorului profesional HONDA GX270 HIGH INCLINATION si a dotarilor speciale ale motocositoarei:<\/li>\n<li>frana de parcare \u015fi ambreiaje pentru viraj intependent e pe cele doua roti ce func\u0163ioneaza combinat.<\/li>\n<li>roti duble cu dimensiuni mari pentru aderenta sporita;<\/li>\n<li>pompa de benzina pentru alimentarea optima cu combustibil;<\/li>\n<li>sistem de lubrifiere al motorului imbunatatit;<\/li>\n<li>carburator si sistem de umplere al rezervorului cu protectie la scurgerea combustibilului pe pante inclinate.<\/li>\n<li>MOTOCOSITOARE:Ambreiaj:conic cu control inversat<\/li>\n<li>Cutie de viteze:in baie de ulei, 6 viteze (3 inainte + 3 inapoi)Viteze1\u00b0: 1,3 km\/h -2\u00b0: 2,4 km\/h -3\u00b0: 3.6 km\/h1\u00b0R: 1,3 km\/h -2\u00b0R: 2,4 km\/h -3\u00b0R: 3,6 km\/h<\/li>\n<li>Diferential:cu dispozitiv de blocare \u015fi manet\u0103 de control<\/li>\n<li>Sistem de franare:independent pe fiecare roata, cu maneta separata de control si dispozitiv de blocare pentru stationare.<\/li>\n<li>Transmisie:profesional\u0103, \u00een baie de ulei<\/li>\n<li>Bara de taiere:127SF cm (paioase)<\/li>\n<li>Dispozitive de siguranta:maneta de ambreiaj cu dubla actionare si debreiere in cazul pierderii controlului asupra masini (fara oprirea motorului);<\/li>\n<li>Priza de putere:independenta, 965 rpm cu motorul la 3600 rpm<\/li>\n<li>Ghidonul:reglabil \u00een \u00een\u0103l\u0163ime \u015fi \u00een lateral, rotire la 180\u00b0, sistem antivibra\u0163ii<\/li>\n<\/ul>\n<h3>Specificatii tehnice &#8211; Motocoasa AGT3DF ALPINE cu motor Honda GX270 si bara de taiere paioase 127SF :<\/h3>\n<p><strong>Putere motor ( CP )<\/strong> &#8211; 9<br \/>\n<strong>Tip transmisie &#8211;<\/strong> in baie de ulei<br \/>\n<strong>Cutia de viteze<\/strong> &#8211; 6 v (3 inainte + 3 inapoi)<br \/>\n<strong>Motor<\/strong> &#8211; Honda GX 270<br \/>\n<strong>Tip motor<\/strong> &#8211; 4 timpi\/1 cilindru\/racire cu aer<br \/>\n<strong>Bara de taiere ( cm )<\/strong> &#8211; 127SF (paioase)<br \/>\n<strong>Ambreiaj<\/strong> &#8211; Conic cu control inversat<br \/>\n<strong>Priza de forta<\/strong> &#8211; Independenta la 965 rpm cu motorul la 3600 rpm<br \/>\n<strong>Dispozitiv de siguranta<\/strong> &#8211; Oprire automata a motorului in cazul pierderii controlului asupra masinii<br \/>\n<strong>Ghidon<\/strong> &#8211; Reglabil in lateral si in inaltime, reversibil 180\u00b0 cu sistem antivibratii<br \/>\n<strong>Combustibil<\/strong> &#8211; Benzina fara plumb<br \/>\n<strong>Roti motoare<\/strong> &#8211; pneumatice 20*10-8\u201d, ecartament fix<br \/>\n<strong>Panta recomandata<\/strong> &#8211; pana la 30\u00b0<br \/>\n<strong>Greutate ( Kg )<\/strong> &#8211; 122<\/p>\n","protected":false},"excerpt":{"rendered":"<p><strong>Motocoasa AGT3DF ALPINE cu motor Honda GX270 si bara de taiere paioase 127SF<\/strong> cu motor Honda GX270 , putere motor 9 cp , cu bara de taiere 127 SF (paioase) este special conceputa pentru utilizare pe pante inclinate de pana la 30 \u030a datorita motorului profesional HONDA GX270 HIGH INCLINATION si a dotarilor speciale ale motocositoarei.<\/p>\n<p><em><strong>Cod produs: PFAGT3DFGX227SF<\/strong><\/em><\/p>\n<p><em><strong><span style=\"color: #ff0000;\">*Din cauza greutatii acest tip de echipament nu poate fi expediat prin intermediul serviciului de curierat rapid. Dupa plasarea comenzii va vom confirma pe e-mail sau veti fi contactat\/a telefonic pentru a vi se comunica costul de transport, ce va fi calculat in functie de locatia dvs.\u00a0<\/span><\/strong><\/em><\/p>\n","protected":false},"featured_media":103537,"comment_status":"open","ping_status":"closed","template":"","meta":{"_acf_changed":false},"product_cat":[4337,4366],"product_tag":[],"woo-feed-brand":[],"class_list":{"0":"post-103529","1":"product","2":"type-product","3":"status-publish","4":"has-post-thumbnail","6":"product_brand-agent-trade","7":"product_cat-gradinarit-agricultura","8":"product_cat-motocoase","9":"pa_brand-agent-trade","10":"pa_combustibil-benzina-fara-plumb-2","11":"pa_greutate-122-kg-2","12":"pa_motor-honda-gx-270-9-cp","13":"pa_putere-9-cp","14":"pa_tip-motor-4-timpi-1-cilindru-racire-cu-aer","16":"first","17":"outofstock","18":"purchasable","19":"product-type-simple"},"acf":[],"yoast_head":"<!-- This site is optimized with the Yoast SEO plugin v27.5 - https:\/\/yoast.com\/product\/yoast-seo-wordpress\/ -->\n<title>Motocoasa AGT3DF ALPINE cu motor Honda GX270 si bara de taiere paioase 127SF - Eurotech Iasi<\/title>\n<meta name=\"description\" content=\"Motocositoare Bertolini AGT B53 GP160 este o motocositoare ce este dotata cu motor puternic si aparatoare laterale ce asigura protectia barii de taiere.\" \/>\n<meta name=\"robots\" content=\"index, follow, max-snippet:-1, max-image-preview:large, max-video-preview:-1\" \/>\n<link rel=\"canonical\" href=\"https:\/\/eurotech-iasi.ro\/magazinonline\/produs\/motocoasa-agt3df-alpine-cu-motor-honda-gx270-si-bara-de-taiere-paioase-127sf\/\" \/>\n<meta property=\"og:locale\" content=\"ro_RO\" \/>\n<meta property=\"og:type\" content=\"article\" \/>\n<meta property=\"og:title\" content=\"Motocoasa AGT3DF ALPINE cu motor Honda GX270 si bara de taiere paioase 127SF - Eurotech Iasi\" \/>\n<meta property=\"og:description\" content=\"Motocositoare Bertolini AGT B53 GP160 este o motocositoare ce este dotata cu motor puternic si aparatoare laterale ce asigura protectia barii de taiere.\" \/>\n<meta property=\"og:url\" content=\"https:\/\/eurotech-iasi.ro\/magazinonline\/produs\/motocoasa-agt3df-alpine-cu-motor-honda-gx270-si-bara-de-taiere-paioase-127sf\/\" \/>\n<meta property=\"og:site_name\" content=\"Eurotech Iasi\" \/>\n<meta property=\"article:publisher\" content=\"https:\/\/www.facebook.com\/EurotechIasi\/\" \/>\n<meta property=\"article:modified_time\" content=\"2025-12-11T10:07:00+00:00\" \/>\n<meta property=\"og:image\" content=\"https:\/\/eurotech-iasi.ro\/magazinonline\/wp-content\/uploads\/2024\/03\/Motocoasa-AGT3DF-ALPINE-cu-motor-Honda-GX270-si-bara-de-taiere-paioase-127SF.png\" \/>\n\t<meta property=\"og:image:width\" content=\"750\" \/>\n\t<meta property=\"og:image:height\" content=\"750\" \/>\n\t<meta property=\"og:image:type\" content=\"image\/png\" \/>\n<meta name=\"twitter:label1\" content=\"Timp estimat pentru citire\" \/>\n\t<meta name=\"twitter:data1\" content=\"2 minute\" \/>\n<script type=\"application\/ld+json\" class=\"yoast-schema-graph\">{\"@context\":\"https:\\\/\\\/schema.org\",\"@graph\":[{\"@type\":\"WebPage\",\"@id\":\"https:\\\/\\\/eurotech-iasi.ro\\\/magazinonline\\\/produs\\\/motocoasa-agt3df-alpine-cu-motor-honda-gx270-si-bara-de-taiere-paioase-127sf\\\/\",\"url\":\"https:\\\/\\\/eurotech-iasi.ro\\\/magazinonline\\\/produs\\\/motocoasa-agt3df-alpine-cu-motor-honda-gx270-si-bara-de-taiere-paioase-127sf\\\/\",\"name\":\"Motocoasa AGT3DF ALPINE cu motor Honda GX270 si bara de taiere paioase 127SF - Eurotech Iasi\",\"isPartOf\":{\"@id\":\"https:\\\/\\\/eurotech-iasi.ro\\\/magazinonline\\\/#website\"},\"primaryImageOfPage\":{\"@id\":\"https:\\\/\\\/eurotech-iasi.ro\\\/magazinonline\\\/produs\\\/motocoasa-agt3df-alpine-cu-motor-honda-gx270-si-bara-de-taiere-paioase-127sf\\\/#primaryimage\"},\"image\":{\"@id\":\"https:\\\/\\\/eurotech-iasi.ro\\\/magazinonline\\\/produs\\\/motocoasa-agt3df-alpine-cu-motor-honda-gx270-si-bara-de-taiere-paioase-127sf\\\/#primaryimage\"},\"thumbnailUrl\":\"https:\\\/\\\/eurotech-iasi.ro\\\/magazinonline\\\/wp-content\\\/uploads\\\/2024\\\/03\\\/Motocoasa-AGT3DF-ALPINE-cu-motor-Honda-GX270-si-bara-de-taiere-paioase-127SF.png\",\"datePublished\":\"2024-03-25T13:30:12+00:00\",\"dateModified\":\"2025-12-11T10:07:00+00:00\",\"description\":\"Motocositoare Bertolini AGT B53 GP160 este o motocositoare ce este dotata cu motor puternic si aparatoare laterale ce asigura protectia barii de taiere.\",\"breadcrumb\":{\"@id\":\"https:\\\/\\\/eurotech-iasi.ro\\\/magazinonline\\\/produs\\\/motocoasa-agt3df-alpine-cu-motor-honda-gx270-si-bara-de-taiere-paioase-127sf\\\/#breadcrumb\"},\"inLanguage\":\"ro-RO\",\"potentialAction\":[{\"@type\":\"ReadAction\",\"target\":[\"https:\\\/\\\/eurotech-iasi.ro\\\/magazinonline\\\/produs\\\/motocoasa-agt3df-alpine-cu-motor-honda-gx270-si-bara-de-taiere-paioase-127sf\\\/\"]}]},{\"@type\":\"ImageObject\",\"inLanguage\":\"ro-RO\",\"@id\":\"https:\\\/\\\/eurotech-iasi.ro\\\/magazinonline\\\/produs\\\/motocoasa-agt3df-alpine-cu-motor-honda-gx270-si-bara-de-taiere-paioase-127sf\\\/#primaryimage\",\"url\":\"https:\\\/\\\/eurotech-iasi.ro\\\/magazinonline\\\/wp-content\\\/uploads\\\/2024\\\/03\\\/Motocoasa-AGT3DF-ALPINE-cu-motor-Honda-GX270-si-bara-de-taiere-paioase-127SF.png\",\"contentUrl\":\"https:\\\/\\\/eurotech-iasi.ro\\\/magazinonline\\\/wp-content\\\/uploads\\\/2024\\\/03\\\/Motocoasa-AGT3DF-ALPINE-cu-motor-Honda-GX270-si-bara-de-taiere-paioase-127SF.png\",\"width\":750,\"height\":750,\"caption\":\"Motocoasa AGT3DF ALPINE cu motor Honda GX270 si bara de taiere paioase 127SF\"},{\"@type\":\"BreadcrumbList\",\"@id\":\"https:\\\/\\\/eurotech-iasi.ro\\\/magazinonline\\\/produs\\\/motocoasa-agt3df-alpine-cu-motor-honda-gx270-si-bara-de-taiere-paioase-127sf\\\/#breadcrumb\",\"itemListElement\":[{\"@type\":\"ListItem\",\"position\":1,\"name\":\"Prima pagin\u0103\",\"item\":\"https:\\\/\\\/eurotech-iasi.ro\\\/magazinonline\\\/\"},{\"@type\":\"ListItem\",\"position\":2,\"name\":\"Shop\",\"item\":\"https:\\\/\\\/eurotech-iasi.ro\\\/magazinonline\\\/shop\\\/\"},{\"@type\":\"ListItem\",\"position\":3,\"name\":\"Motocoasa AGT3DF ALPINE cu motor Honda GX270 si bara de taiere paioase 127SF\"}]},{\"@type\":\"WebSite\",\"@id\":\"https:\\\/\\\/eurotech-iasi.ro\\\/magazinonline\\\/#website\",\"url\":\"https:\\\/\\\/eurotech-iasi.ro\\\/magazinonline\\\/\",\"name\":\"Eurotech Iasi\",\"description\":\"Cu oameni seriosi\",\"publisher\":{\"@id\":\"https:\\\/\\\/eurotech-iasi.ro\\\/magazinonline\\\/#organization\"},\"potentialAction\":[{\"@type\":\"SearchAction\",\"target\":{\"@type\":\"EntryPoint\",\"urlTemplate\":\"https:\\\/\\\/eurotech-iasi.ro\\\/magazinonline\\\/?s={search_term_string}\"},\"query-input\":{\"@type\":\"PropertyValueSpecification\",\"valueRequired\":true,\"valueName\":\"search_term_string\"}}],\"inLanguage\":\"ro-RO\"},{\"@type\":\"Organization\",\"@id\":\"https:\\\/\\\/eurotech-iasi.ro\\\/magazinonline\\\/#organization\",\"name\":\"Eurotech Iasi\",\"url\":\"https:\\\/\\\/eurotech-iasi.ro\\\/magazinonline\\\/\",\"logo\":{\"@type\":\"ImageObject\",\"inLanguage\":\"ro-RO\",\"@id\":\"https:\\\/\\\/eurotech-iasi.ro\\\/magazinonline\\\/#\\\/schema\\\/logo\\\/image\\\/\",\"url\":\"https:\\\/\\\/eurotech-iasi.ro\\\/magazinonline\\\/wp-content\\\/uploads\\\/2020\\\/08\\\/logo-eurotech.png\",\"contentUrl\":\"https:\\\/\\\/eurotech-iasi.ro\\\/magazinonline\\\/wp-content\\\/uploads\\\/2020\\\/08\\\/logo-eurotech.png\",\"width\":290,\"height\":70,\"caption\":\"Eurotech Iasi\"},\"image\":{\"@id\":\"https:\\\/\\\/eurotech-iasi.ro\\\/magazinonline\\\/#\\\/schema\\\/logo\\\/image\\\/\"},\"sameAs\":[\"https:\\\/\\\/www.facebook.com\\\/EurotechIasi\\\/\"]}]}<\/script>\n<!-- \/ Yoast SEO plugin. -->","yoast_head_json":{"title":"Motocoasa AGT3DF ALPINE cu motor Honda GX270 si bara de taiere paioase 127SF - Eurotech Iasi","description":"Motocositoare Bertolini AGT B53 GP160 este o motocositoare ce este dotata cu motor puternic si aparatoare laterale ce asigura protectia barii de taiere.","robots":{"index":"index","follow":"follow","max-snippet":"max-snippet:-1","max-image-preview":"max-image-preview:large","max-video-preview":"max-video-preview:-1"},"canonical":"https:\/\/eurotech-iasi.ro\/magazinonline\/produs\/motocoasa-agt3df-alpine-cu-motor-honda-gx270-si-bara-de-taiere-paioase-127sf\/","og_locale":"ro_RO","og_type":"article","og_title":"Motocoasa AGT3DF ALPINE cu motor Honda GX270 si bara de taiere paioase 127SF - Eurotech Iasi","og_description":"Motocositoare Bertolini AGT B53 GP160 este o motocositoare ce este dotata cu motor puternic si aparatoare laterale ce asigura protectia barii de taiere.","og_url":"https:\/\/eurotech-iasi.ro\/magazinonline\/produs\/motocoasa-agt3df-alpine-cu-motor-honda-gx270-si-bara-de-taiere-paioase-127sf\/","og_site_name":"Eurotech Iasi","article_publisher":"https:\/\/www.facebook.com\/EurotechIasi\/","article_modified_time":"2025-12-11T10:07:00+00:00","og_image":[{"width":750,"height":750,"url":"https:\/\/eurotech-iasi.ro\/magazinonline\/wp-content\/uploads\/2024\/03\/Motocoasa-AGT3DF-ALPINE-cu-motor-Honda-GX270-si-bara-de-taiere-paioase-127SF.png","type":"image\/png"}],"twitter_misc":{"Timp estimat pentru citire":"2 minute"},"schema":{"@context":"https:\/\/schema.org","@graph":[{"@type":"WebPage","@id":"https:\/\/eurotech-iasi.ro\/magazinonline\/produs\/motocoasa-agt3df-alpine-cu-motor-honda-gx270-si-bara-de-taiere-paioase-127sf\/","url":"https:\/\/eurotech-iasi.ro\/magazinonline\/produs\/motocoasa-agt3df-alpine-cu-motor-honda-gx270-si-bara-de-taiere-paioase-127sf\/","name":"Motocoasa AGT3DF ALPINE cu motor Honda GX270 si bara de taiere paioase 127SF - Eurotech Iasi","isPartOf":{"@id":"https:\/\/eurotech-iasi.ro\/magazinonline\/#website"},"primaryImageOfPage":{"@id":"https:\/\/eurotech-iasi.ro\/magazinonline\/produs\/motocoasa-agt3df-alpine-cu-motor-honda-gx270-si-bara-de-taiere-paioase-127sf\/#primaryimage"},"image":{"@id":"https:\/\/eurotech-iasi.ro\/magazinonline\/produs\/motocoasa-agt3df-alpine-cu-motor-honda-gx270-si-bara-de-taiere-paioase-127sf\/#primaryimage"},"thumbnailUrl":"https:\/\/eurotech-iasi.ro\/magazinonline\/wp-content\/uploads\/2024\/03\/Motocoasa-AGT3DF-ALPINE-cu-motor-Honda-GX270-si-bara-de-taiere-paioase-127SF.png","datePublished":"2024-03-25T13:30:12+00:00","dateModified":"2025-12-11T10:07:00+00:00","description":"Motocositoare Bertolini AGT B53 GP160 este o motocositoare ce este dotata cu motor puternic si aparatoare laterale ce asigura protectia barii de taiere.","breadcrumb":{"@id":"https:\/\/eurotech-iasi.ro\/magazinonline\/produs\/motocoasa-agt3df-alpine-cu-motor-honda-gx270-si-bara-de-taiere-paioase-127sf\/#breadcrumb"},"inLanguage":"ro-RO","potentialAction":[{"@type":"ReadAction","target":["https:\/\/eurotech-iasi.ro\/magazinonline\/produs\/motocoasa-agt3df-alpine-cu-motor-honda-gx270-si-bara-de-taiere-paioase-127sf\/"]}]},{"@type":"ImageObject","inLanguage":"ro-RO","@id":"https:\/\/eurotech-iasi.ro\/magazinonline\/produs\/motocoasa-agt3df-alpine-cu-motor-honda-gx270-si-bara-de-taiere-paioase-127sf\/#primaryimage","url":"https:\/\/eurotech-iasi.ro\/magazinonline\/wp-content\/uploads\/2024\/03\/Motocoasa-AGT3DF-ALPINE-cu-motor-Honda-GX270-si-bara-de-taiere-paioase-127SF.png","contentUrl":"https:\/\/eurotech-iasi.ro\/magazinonline\/wp-content\/uploads\/2024\/03\/Motocoasa-AGT3DF-ALPINE-cu-motor-Honda-GX270-si-bara-de-taiere-paioase-127SF.png","width":750,"height":750,"caption":"Motocoasa AGT3DF ALPINE cu motor Honda GX270 si bara de taiere paioase 127SF"},{"@type":"BreadcrumbList","@id":"https:\/\/eurotech-iasi.ro\/magazinonline\/produs\/motocoasa-agt3df-alpine-cu-motor-honda-gx270-si-bara-de-taiere-paioase-127sf\/#breadcrumb","itemListElement":[{"@type":"ListItem","position":1,"name":"Prima pagin\u0103","item":"https:\/\/eurotech-iasi.ro\/magazinonline\/"},{"@type":"ListItem","position":2,"name":"Shop","item":"https:\/\/eurotech-iasi.ro\/magazinonline\/shop\/"},{"@type":"ListItem","position":3,"name":"Motocoasa AGT3DF ALPINE cu motor Honda GX270 si bara de taiere paioase 127SF"}]},{"@type":"WebSite","@id":"https:\/\/eurotech-iasi.ro\/magazinonline\/#website","url":"https:\/\/eurotech-iasi.ro\/magazinonline\/","name":"Eurotech Iasi","description":"Cu oameni seriosi","publisher":{"@id":"https:\/\/eurotech-iasi.ro\/magazinonline\/#organization"},"potentialAction":[{"@type":"SearchAction","target":{"@type":"EntryPoint","urlTemplate":"https:\/\/eurotech-iasi.ro\/magazinonline\/?s={search_term_string}"},"query-input":{"@type":"PropertyValueSpecification","valueRequired":true,"valueName":"search_term_string"}}],"inLanguage":"ro-RO"},{"@type":"Organization","@id":"https:\/\/eurotech-iasi.ro\/magazinonline\/#organization","name":"Eurotech Iasi","url":"https:\/\/eurotech-iasi.ro\/magazinonline\/","logo":{"@type":"ImageObject","inLanguage":"ro-RO","@id":"https:\/\/eurotech-iasi.ro\/magazinonline\/#\/schema\/logo\/image\/","url":"https:\/\/eurotech-iasi.ro\/magazinonline\/wp-content\/uploads\/2020\/08\/logo-eurotech.png","contentUrl":"https:\/\/eurotech-iasi.ro\/magazinonline\/wp-content\/uploads\/2020\/08\/logo-eurotech.png","width":290,"height":70,"caption":"Eurotech Iasi"},"image":{"@id":"https:\/\/eurotech-iasi.ro\/magazinonline\/#\/schema\/logo\/image\/"},"sameAs":["https:\/\/www.facebook.com\/EurotechIasi\/"]}]}},"_links":{"self":[{"href":"https:\/\/eurotech-iasi.ro\/magazinonline\/wp-json\/wp\/v2\/product\/103529","targetHints":{"allow":["GET"]}}],"collection":[{"href":"https:\/\/eurotech-iasi.ro\/magazinonline\/wp-json\/wp\/v2\/product"}],"about":[{"href":"https:\/\/eurotech-iasi.ro\/magazinonline\/wp-json\/wp\/v2\/types\/product"}],"replies":[{"embeddable":true,"href":"https:\/\/eurotech-iasi.ro\/magazinonline\/wp-json\/wp\/v2\/comments?post=103529"}],"wp:featuredmedia":[{"embeddable":true,"href":"https:\/\/eurotech-iasi.ro\/magazinonline\/wp-json\/wp\/v2\/media\/103537"}],"wp:attachment":[{"href":"https:\/\/eurotech-iasi.ro\/magazinonline\/wp-json\/wp\/v2\/media?parent=103529"}],"wp:term":[{"taxonomy":"product_cat","embeddable":true,"href":"https:\/\/eurotech-iasi.ro\/magazinonline\/wp-json\/wp\/v2\/product_cat?post=103529"},{"taxonomy":"product_tag","embeddable":true,"href":"https:\/\/eurotech-iasi.ro\/magazinonline\/wp-json\/wp\/v2\/product_tag?post=103529"},{"taxonomy":"woo-feed-brand","embeddable":true,"href":"https:\/\/eurotech-iasi.ro\/magazinonline\/wp-json\/wp\/v2\/woo-feed-brand?post=103529"}],"curies":[{"name":"wp","href":"https:\/\/api.w.org\/{rel}","templated":true}]}}