{"id":103649,"date":"2024-03-27T15:50:58","date_gmt":"2024-03-27T13:50:58","guid":{"rendered":"https:\/\/eurotech-iasi.ro\/magazinonline\/?post_type=product&#038;p=103649"},"modified":"2026-02-13T14:44:04","modified_gmt":"2026-02-13T12:44:04","slug":"masina-de-tuns-iarba-stihl-rma-235-cu-acumulator-si-incarcator","status":"publish","type":"product","link":"https:\/\/eurotech-iasi.ro\/magazinonline\/produs\/masina-de-tuns-iarba-stihl-rma-235-cu-acumulator-si-incarcator\/","title":{"rendered":"Masina de tuns iarba STIHL RMA 235 cu acumulator si incarcator"},"content":{"rendered":"<p><strong>Masina de tuns iarba STIHL RMA 235 cu acumulator si incarcator<\/strong> ideala pentru tunderea gazonului de dimensiuni mici dotata cu cos colector rabatabil, lama optimizata, permite reglarea inaltimii pe 5 nivele si are un mod Eco permanent activat.<\/p>\n<p><strong>Masina de tuns iarba STIHL RMA 235 cu acumulator si incarcator<\/strong>\u00a0are o greutate de doar 14 kg si are rezervor pliabil pentru iarba: rezervorul cu sistem inovator de prindere pentru resturile de iarba este din plastic si dispune de un mecanism de pliere care-l face deosebit de usor de deschis \u0219i de golit.<\/p>\n<p>Daca doriti sa incepeti imediat sa tundeti gazonul in timp ce lucrati in gradina, dar nu aveti inca o baterie de la sistemul STIHL AK, merita sa cumparati masina de tuns iarba fara fir STIHL RMA 235 intr-un set cu un STIHL AK 20 acumulator si incarcatorul standard STIHL AL 101.<\/p>\n<p>Datorita carcasei sale compacte din polimer si greutatii reduse, masina de tuns iarba fara fir STIHL RMA 235 este deosebit de usor de utilizat si poate fi transportata cu usurinta intre utilizari. Puteti regla lungimea dorita a gazonului dvs. folosind reglarea centrala a inaltimii de taiere in 5 niveluri de la 25 mm la 65 mm. Designul pliabil al cosului de colectare a iarba de 30 l il face usor de golit. Ca masina de tuns iarba fara fir, STIHL RMA 235 functioneaza deosebit de silentios si fara emisii intr-un set cu o baterie AK 20 si un incarcator standard AL 101. Manerul pliabil si designul sau usor si compact asigura ca masina de tuns iarba ocupa putin spatiu, chiar si atunci cand este depozitata.<\/p>\n<p>In prezentarea noastra de ansamblu asupra duratei de functionare a bateriei si a timpilor de incarcare STIHL, puteti vedea cata suprafata de gazon puteti lucra cu o singura incarcare a bateriei masinii dvs. de tuns iarba fara fir STIHL RMA 235 si cat timp dureaza incarcarea bateriei utilizate.<\/p>\n<ul>\n<li>Intr-un set cu acumulator AK 20 si incarcator standard AL 101<\/li>\n<li>Masina de tuns iarba usoara fara fir cu o latime de taiere de 33 cm<\/li>\n<li>Pentru utilizare cu zgomot redus pe gazon mici<\/li>\n<li>Reglare centrala a inaltimii de taiere in 5 nivele<\/li>\n<li>Golire usoara a cosului de colectare a iarba de 30 l datorita mecanismului de pliere<\/li>\n<\/ul>\n<p><strong>Set de livrare:<\/strong><\/p>\n<ul>\n<li>1 x Masina de tuns iarba STIHL RMA 235<\/li>\n<li>1 x AK 20 \/ 2.8 Ah \/ 108 Wh \/ 36 V<\/li>\n<li>1 x Incarcator standard AL 101<\/li>\n<\/ul>\n<h2>Specificatii tehnice &#8211; <strong>Masina de tuns iarba STIHL RMA 235 cu acumulator si incarcator<\/strong><strong>:<\/strong><\/h2>\n<ul>\n<li><strong>Tensiune acumulator:\u00a0<\/strong>36.0 V<\/li>\n<li><strong>Capacitate acumulator:\u00a0<\/strong>Se livreaza fara acumulatori<\/li>\n<li><strong>Tip acumulator:\u00a0<\/strong>Li-Ion, 36 V<\/li>\n<li><strong>Autotractare:\u00a0<\/strong>Nu<\/li>\n<li><strong>Latime de lucru:\u00a0<\/strong>33 cm<\/li>\n<li><strong>Inaltime min. de lucru:\u00a0<\/strong>25 mm<\/li>\n<li><strong>Inaltime max. de lucru:\u00a0<\/strong>60 mm<\/li>\n<li><strong>Volum colector iarba:\u00a0<\/strong>30 l<\/li>\n<li><strong>Suprafata de gazon recomandata:\u00a0<\/strong>300 m\u00b2<\/li>\n<li><strong>Greutate:\u00a0<\/strong>14,2 kg<\/li>\n<\/ul>\n","protected":false},"excerpt":{"rendered":"<h4><strong>Masina de tuns iarba STIHL RMA 235 cu acumulator si incarcator <\/strong>(2 acumulatori AK 20 \u0219i \u00eenc\u0103rc\u0103tor AL 101<strong>)<\/strong> ideala pentru tunderea gazonului de dimensiuni mici de pana la 300 m\u00b2 dotata cu cos colector rabatabil, lama optimizata, permite reglarea inaltimii pe 5 nivele si are un mod Eco permanent activat.<\/h4>\n<p><em><strong>Cod produs: 63112000046<\/strong><\/em><\/p>\n<p><a href=\"https:\/\/eurotech-iasi.ro\/magazinonline\/categorie-produs\/sistemul-cu-acumulator-stihl-ak\/\"><img loading=\"lazy\" decoding=\"async\" class=\"size-full wp-image-108556 alignleft\" src=\"https:\/\/eurotech-iasi.ro\/magazinonline\/wp-content\/uploads\/2025\/02\/21.png\" alt=\"\" width=\"350\" height=\"150\" srcset=\"https:\/\/eurotech-iasi.ro\/magazinonline\/wp-content\/uploads\/2025\/02\/21.png 350w, https:\/\/eurotech-iasi.ro\/magazinonline\/wp-content\/uploads\/2025\/02\/21-300x129.png 300w\" sizes=\"auto, (max-width: 350px) 100vw, 350px\" \/><\/a><\/p>\n<h3><\/h3>\n<h3><\/h3>\n<h3><\/h3>\n<h3><\/h3>\n<p><span style=\"color: #ff0000;\"><em><a href=\"https:\/\/www.stihl.ro\/ro\"><img loading=\"lazy\" decoding=\"async\" class=\" wp-image-108363 alignleft\" src=\"https:\/\/eurotech-iasi.ro\/magazinonline\/wp-content\/uploads\/2019\/03\/150-x-75-stihl.png\" alt=\"\" width=\"70\" height=\"35\" \/><\/a><a href=\"https:\/\/eurotech-iasi.ro\/magazinonline\/?attachment_id=87685\" rel=\"attachment wp-att-87685\"><img loading=\"lazy\" decoding=\"async\" class=\"wp-image-87685 alignleft\" src=\"https:\/\/eurotech-iasi.ro\/magazinonline\/wp-content\/uploads\/2019\/06\/2-1-150x150.png\" alt=\"\" width=\"72\" height=\"72\" srcset=\"https:\/\/eurotech-iasi.ro\/magazinonline\/wp-content\/uploads\/2019\/06\/2-1-150x150.png 150w, https:\/\/eurotech-iasi.ro\/magazinonline\/wp-content\/uploads\/2019\/06\/2-1-100x100.png 100w, https:\/\/eurotech-iasi.ro\/magazinonline\/wp-content\/uploads\/2019\/06\/2-1.png 200w\" sizes=\"auto, (max-width: 72px) 100vw, 72px\" \/><\/a><\/em><\/span><\/p>\n<h5><\/h5>\n<h5><\/h5>\n<h5><\/h5>\n<h5><span style=\"color: #eb782b;\"><em><strong>\u00a0<a href=\"https:\/\/eurotech-iasi.ro\/magazinonline\/termeni-si-conditii\/\">*Garan\u021bie 2 ani<\/a> + 6 luni Extra Garan\u021bie. <\/strong><\/em><\/span><\/h5>\n<h5><span style=\"color: #eb782b;\"><em><strong>\u00cenregistreaz\u0103\u00a0 produsul achizi\u021bionat de la noi, \u00een termen de <\/strong><\/em><\/span><span style=\"color: #003366;\"><em><strong>30 de zile de la cump\u0103rare<\/strong><\/em><\/span><span style=\"color: #eb782b;\"><em><strong>, pe site-ul oficial STIHL la adresa<a href=\"https:\/\/preg.stihl.com\/?lang=RO_ro&amp;country=RO\">\u00a0preg.stihl.com<\/a> \u0219i profit\u0103 de prelungirea gratuit\u0103 a garan\u021biei cu 6 luni !<\/strong><\/em><\/span><\/h5>\n","protected":false},"featured_media":113962,"comment_status":"open","ping_status":"closed","template":"","meta":{"_acf_changed":false},"product_cat":[4337,4368,14504,14506],"product_tag":[],"woo-feed-brand":[],"class_list":{"0":"post-103649","1":"product","2":"type-product","3":"status-publish","4":"has-post-thumbnail","6":"product_brand-stihl","7":"product_cat-gradinarit-agricultura","8":"product_cat-masini-de-tuns-gazonul","9":"product_cat-sistemele-cu-acumulator-stihl","10":"product_cat-sistemul-cu-acumulator-stihl-ak","11":"pa_brand-stihl","12":"pa_greutate-14-kg-2","13":"pa_inaltime-de-taiere-25-60-mm","14":"pa_latime-taiere-33-cm","15":"pa_putere-nominala-1-200-w","16":"pa_suprafata-max-lucru-3000-mp","18":"first","19":"instock","20":"purchasable","21":"product-type-simple"},"acf":[],"yoast_head":"<!-- This site is optimized with the Yoast SEO plugin v27.3 - https:\/\/yoast.com\/product\/yoast-seo-wordpress\/ -->\n<title>Masina de tuns iarba STIHL RMA 235 cu acumulator si incarcator - Eurotech Iasi<\/title>\n<meta name=\"description\" content=\"Masina de tuns iarba STIHL RMA 235 cu acumulator si incarcator (2 xAK 20 \u0219i 1x 101) ideala pentru tunderea gazonului de dimensiuni mici de pana la 300 m\u00b2.\" \/>\n<meta name=\"robots\" content=\"index, follow, max-snippet:-1, max-image-preview:large, max-video-preview:-1\" \/>\n<link rel=\"canonical\" href=\"https:\/\/eurotech-iasi.ro\/magazinonline\/produs\/masina-de-tuns-iarba-stihl-rma-235-cu-acumulator-si-incarcator\/\" \/>\n<meta property=\"og:locale\" content=\"ro_RO\" \/>\n<meta property=\"og:type\" content=\"article\" \/>\n<meta property=\"og:title\" content=\"Masina de tuns iarba STIHL RMA 235 cu acumulator si incarcator - Eurotech Iasi\" \/>\n<meta property=\"og:description\" content=\"Masina de tuns iarba STIHL RMA 235 cu acumulator si incarcator (2 xAK 20 \u0219i 1x 101) ideala pentru tunderea gazonului de dimensiuni mici de pana la 300 m\u00b2.\" \/>\n<meta property=\"og:url\" content=\"https:\/\/eurotech-iasi.ro\/magazinonline\/produs\/masina-de-tuns-iarba-stihl-rma-235-cu-acumulator-si-incarcator\/\" \/>\n<meta property=\"og:site_name\" content=\"Eurotech Iasi\" \/>\n<meta property=\"article:publisher\" content=\"https:\/\/www.facebook.com\/EurotechIasi\/\" \/>\n<meta property=\"article:modified_time\" content=\"2026-02-13T12:44:04+00:00\" \/>\n<meta property=\"og:image\" content=\"https:\/\/eurotech-iasi.ro\/magazinonline\/wp-content\/uploads\/2024\/03\/Masina-de-tuns-iarba-STIHL-RMA-235-cu-acumulator-si-incarcator-1.png\" \/>\n\t<meta property=\"og:image:width\" content=\"750\" \/>\n\t<meta property=\"og:image:height\" content=\"750\" \/>\n\t<meta property=\"og:image:type\" content=\"image\/png\" \/>\n<meta name=\"twitter:label1\" content=\"Timp estimat pentru citire\" \/>\n\t<meta name=\"twitter:data1\" content=\"3 minute\" \/>\n<script type=\"application\/ld+json\" class=\"yoast-schema-graph\">{\"@context\":\"https:\\\/\\\/schema.org\",\"@graph\":[{\"@type\":\"WebPage\",\"@id\":\"https:\\\/\\\/eurotech-iasi.ro\\\/magazinonline\\\/produs\\\/masina-de-tuns-iarba-stihl-rma-235-cu-acumulator-si-incarcator\\\/\",\"url\":\"https:\\\/\\\/eurotech-iasi.ro\\\/magazinonline\\\/produs\\\/masina-de-tuns-iarba-stihl-rma-235-cu-acumulator-si-incarcator\\\/\",\"name\":\"Masina de tuns iarba STIHL RMA 235 cu acumulator si incarcator - Eurotech Iasi\",\"isPartOf\":{\"@id\":\"https:\\\/\\\/eurotech-iasi.ro\\\/magazinonline\\\/#website\"},\"primaryImageOfPage\":{\"@id\":\"https:\\\/\\\/eurotech-iasi.ro\\\/magazinonline\\\/produs\\\/masina-de-tuns-iarba-stihl-rma-235-cu-acumulator-si-incarcator\\\/#primaryimage\"},\"image\":{\"@id\":\"https:\\\/\\\/eurotech-iasi.ro\\\/magazinonline\\\/produs\\\/masina-de-tuns-iarba-stihl-rma-235-cu-acumulator-si-incarcator\\\/#primaryimage\"},\"thumbnailUrl\":\"https:\\\/\\\/eurotech-iasi.ro\\\/magazinonline\\\/wp-content\\\/uploads\\\/2024\\\/03\\\/Masina-de-tuns-iarba-STIHL-RMA-235-cu-acumulator-si-incarcator-1.png\",\"datePublished\":\"2024-03-27T13:50:58+00:00\",\"dateModified\":\"2026-02-13T12:44:04+00:00\",\"description\":\"Masina de tuns iarba STIHL RMA 235 cu acumulator si incarcator (2 xAK 20 \u0219i 1x 101) ideala pentru tunderea gazonului de dimensiuni mici de pana la 300 m\u00b2.\",\"breadcrumb\":{\"@id\":\"https:\\\/\\\/eurotech-iasi.ro\\\/magazinonline\\\/produs\\\/masina-de-tuns-iarba-stihl-rma-235-cu-acumulator-si-incarcator\\\/#breadcrumb\"},\"inLanguage\":\"ro-RO\",\"potentialAction\":[{\"@type\":\"ReadAction\",\"target\":[\"https:\\\/\\\/eurotech-iasi.ro\\\/magazinonline\\\/produs\\\/masina-de-tuns-iarba-stihl-rma-235-cu-acumulator-si-incarcator\\\/\"]}]},{\"@type\":\"ImageObject\",\"inLanguage\":\"ro-RO\",\"@id\":\"https:\\\/\\\/eurotech-iasi.ro\\\/magazinonline\\\/produs\\\/masina-de-tuns-iarba-stihl-rma-235-cu-acumulator-si-incarcator\\\/#primaryimage\",\"url\":\"https:\\\/\\\/eurotech-iasi.ro\\\/magazinonline\\\/wp-content\\\/uploads\\\/2024\\\/03\\\/Masina-de-tuns-iarba-STIHL-RMA-235-cu-acumulator-si-incarcator-1.png\",\"contentUrl\":\"https:\\\/\\\/eurotech-iasi.ro\\\/magazinonline\\\/wp-content\\\/uploads\\\/2024\\\/03\\\/Masina-de-tuns-iarba-STIHL-RMA-235-cu-acumulator-si-incarcator-1.png\",\"width\":750,\"height\":750,\"caption\":\"Masina de tuns iarba STIHL RMA 235 cu acumulator si incarcator\"},{\"@type\":\"BreadcrumbList\",\"@id\":\"https:\\\/\\\/eurotech-iasi.ro\\\/magazinonline\\\/produs\\\/masina-de-tuns-iarba-stihl-rma-235-cu-acumulator-si-incarcator\\\/#breadcrumb\",\"itemListElement\":[{\"@type\":\"ListItem\",\"position\":1,\"name\":\"Prima pagin\u0103\",\"item\":\"https:\\\/\\\/eurotech-iasi.ro\\\/magazinonline\\\/\"},{\"@type\":\"ListItem\",\"position\":2,\"name\":\"Shop\",\"item\":\"https:\\\/\\\/eurotech-iasi.ro\\\/magazinonline\\\/shop\\\/\"},{\"@type\":\"ListItem\",\"position\":3,\"name\":\"Masina de tuns iarba STIHL RMA 235 cu acumulator si incarcator\"}]},{\"@type\":\"WebSite\",\"@id\":\"https:\\\/\\\/eurotech-iasi.ro\\\/magazinonline\\\/#website\",\"url\":\"https:\\\/\\\/eurotech-iasi.ro\\\/magazinonline\\\/\",\"name\":\"Eurotech Iasi\",\"description\":\"Cu oameni seriosi\",\"publisher\":{\"@id\":\"https:\\\/\\\/eurotech-iasi.ro\\\/magazinonline\\\/#organization\"},\"potentialAction\":[{\"@type\":\"SearchAction\",\"target\":{\"@type\":\"EntryPoint\",\"urlTemplate\":\"https:\\\/\\\/eurotech-iasi.ro\\\/magazinonline\\\/?s={search_term_string}\"},\"query-input\":{\"@type\":\"PropertyValueSpecification\",\"valueRequired\":true,\"valueName\":\"search_term_string\"}}],\"inLanguage\":\"ro-RO\"},{\"@type\":\"Organization\",\"@id\":\"https:\\\/\\\/eurotech-iasi.ro\\\/magazinonline\\\/#organization\",\"name\":\"Eurotech Iasi\",\"url\":\"https:\\\/\\\/eurotech-iasi.ro\\\/magazinonline\\\/\",\"logo\":{\"@type\":\"ImageObject\",\"inLanguage\":\"ro-RO\",\"@id\":\"https:\\\/\\\/eurotech-iasi.ro\\\/magazinonline\\\/#\\\/schema\\\/logo\\\/image\\\/\",\"url\":\"https:\\\/\\\/eurotech-iasi.ro\\\/magazinonline\\\/wp-content\\\/uploads\\\/2020\\\/08\\\/logo-eurotech.png\",\"contentUrl\":\"https:\\\/\\\/eurotech-iasi.ro\\\/magazinonline\\\/wp-content\\\/uploads\\\/2020\\\/08\\\/logo-eurotech.png\",\"width\":290,\"height\":70,\"caption\":\"Eurotech Iasi\"},\"image\":{\"@id\":\"https:\\\/\\\/eurotech-iasi.ro\\\/magazinonline\\\/#\\\/schema\\\/logo\\\/image\\\/\"},\"sameAs\":[\"https:\\\/\\\/www.facebook.com\\\/EurotechIasi\\\/\"]}]}<\/script>\n<!-- \/ Yoast SEO plugin. -->","yoast_head_json":{"title":"Masina de tuns iarba STIHL RMA 235 cu acumulator si incarcator - Eurotech Iasi","description":"Masina de tuns iarba STIHL RMA 235 cu acumulator si incarcator (2 xAK 20 \u0219i 1x 101) ideala pentru tunderea gazonului de dimensiuni mici de pana la 300 m\u00b2.","robots":{"index":"index","follow":"follow","max-snippet":"max-snippet:-1","max-image-preview":"max-image-preview:large","max-video-preview":"max-video-preview:-1"},"canonical":"https:\/\/eurotech-iasi.ro\/magazinonline\/produs\/masina-de-tuns-iarba-stihl-rma-235-cu-acumulator-si-incarcator\/","og_locale":"ro_RO","og_type":"article","og_title":"Masina de tuns iarba STIHL RMA 235 cu acumulator si incarcator - Eurotech Iasi","og_description":"Masina de tuns iarba STIHL RMA 235 cu acumulator si incarcator (2 xAK 20 \u0219i 1x 101) ideala pentru tunderea gazonului de dimensiuni mici de pana la 300 m\u00b2.","og_url":"https:\/\/eurotech-iasi.ro\/magazinonline\/produs\/masina-de-tuns-iarba-stihl-rma-235-cu-acumulator-si-incarcator\/","og_site_name":"Eurotech Iasi","article_publisher":"https:\/\/www.facebook.com\/EurotechIasi\/","article_modified_time":"2026-02-13T12:44:04+00:00","og_image":[{"width":750,"height":750,"url":"https:\/\/eurotech-iasi.ro\/magazinonline\/wp-content\/uploads\/2024\/03\/Masina-de-tuns-iarba-STIHL-RMA-235-cu-acumulator-si-incarcator-1.png","type":"image\/png"}],"twitter_misc":{"Timp estimat pentru citire":"3 minute"},"schema":{"@context":"https:\/\/schema.org","@graph":[{"@type":"WebPage","@id":"https:\/\/eurotech-iasi.ro\/magazinonline\/produs\/masina-de-tuns-iarba-stihl-rma-235-cu-acumulator-si-incarcator\/","url":"https:\/\/eurotech-iasi.ro\/magazinonline\/produs\/masina-de-tuns-iarba-stihl-rma-235-cu-acumulator-si-incarcator\/","name":"Masina de tuns iarba STIHL RMA 235 cu acumulator si incarcator - Eurotech Iasi","isPartOf":{"@id":"https:\/\/eurotech-iasi.ro\/magazinonline\/#website"},"primaryImageOfPage":{"@id":"https:\/\/eurotech-iasi.ro\/magazinonline\/produs\/masina-de-tuns-iarba-stihl-rma-235-cu-acumulator-si-incarcator\/#primaryimage"},"image":{"@id":"https:\/\/eurotech-iasi.ro\/magazinonline\/produs\/masina-de-tuns-iarba-stihl-rma-235-cu-acumulator-si-incarcator\/#primaryimage"},"thumbnailUrl":"https:\/\/eurotech-iasi.ro\/magazinonline\/wp-content\/uploads\/2024\/03\/Masina-de-tuns-iarba-STIHL-RMA-235-cu-acumulator-si-incarcator-1.png","datePublished":"2024-03-27T13:50:58+00:00","dateModified":"2026-02-13T12:44:04+00:00","description":"Masina de tuns iarba STIHL RMA 235 cu acumulator si incarcator (2 xAK 20 \u0219i 1x 101) ideala pentru tunderea gazonului de dimensiuni mici de pana la 300 m\u00b2.","breadcrumb":{"@id":"https:\/\/eurotech-iasi.ro\/magazinonline\/produs\/masina-de-tuns-iarba-stihl-rma-235-cu-acumulator-si-incarcator\/#breadcrumb"},"inLanguage":"ro-RO","potentialAction":[{"@type":"ReadAction","target":["https:\/\/eurotech-iasi.ro\/magazinonline\/produs\/masina-de-tuns-iarba-stihl-rma-235-cu-acumulator-si-incarcator\/"]}]},{"@type":"ImageObject","inLanguage":"ro-RO","@id":"https:\/\/eurotech-iasi.ro\/magazinonline\/produs\/masina-de-tuns-iarba-stihl-rma-235-cu-acumulator-si-incarcator\/#primaryimage","url":"https:\/\/eurotech-iasi.ro\/magazinonline\/wp-content\/uploads\/2024\/03\/Masina-de-tuns-iarba-STIHL-RMA-235-cu-acumulator-si-incarcator-1.png","contentUrl":"https:\/\/eurotech-iasi.ro\/magazinonline\/wp-content\/uploads\/2024\/03\/Masina-de-tuns-iarba-STIHL-RMA-235-cu-acumulator-si-incarcator-1.png","width":750,"height":750,"caption":"Masina de tuns iarba STIHL RMA 235 cu acumulator si incarcator"},{"@type":"BreadcrumbList","@id":"https:\/\/eurotech-iasi.ro\/magazinonline\/produs\/masina-de-tuns-iarba-stihl-rma-235-cu-acumulator-si-incarcator\/#breadcrumb","itemListElement":[{"@type":"ListItem","position":1,"name":"Prima pagin\u0103","item":"https:\/\/eurotech-iasi.ro\/magazinonline\/"},{"@type":"ListItem","position":2,"name":"Shop","item":"https:\/\/eurotech-iasi.ro\/magazinonline\/shop\/"},{"@type":"ListItem","position":3,"name":"Masina de tuns iarba STIHL RMA 235 cu acumulator si incarcator"}]},{"@type":"WebSite","@id":"https:\/\/eurotech-iasi.ro\/magazinonline\/#website","url":"https:\/\/eurotech-iasi.ro\/magazinonline\/","name":"Eurotech Iasi","description":"Cu oameni seriosi","publisher":{"@id":"https:\/\/eurotech-iasi.ro\/magazinonline\/#organization"},"potentialAction":[{"@type":"SearchAction","target":{"@type":"EntryPoint","urlTemplate":"https:\/\/eurotech-iasi.ro\/magazinonline\/?s={search_term_string}"},"query-input":{"@type":"PropertyValueSpecification","valueRequired":true,"valueName":"search_term_string"}}],"inLanguage":"ro-RO"},{"@type":"Organization","@id":"https:\/\/eurotech-iasi.ro\/magazinonline\/#organization","name":"Eurotech Iasi","url":"https:\/\/eurotech-iasi.ro\/magazinonline\/","logo":{"@type":"ImageObject","inLanguage":"ro-RO","@id":"https:\/\/eurotech-iasi.ro\/magazinonline\/#\/schema\/logo\/image\/","url":"https:\/\/eurotech-iasi.ro\/magazinonline\/wp-content\/uploads\/2020\/08\/logo-eurotech.png","contentUrl":"https:\/\/eurotech-iasi.ro\/magazinonline\/wp-content\/uploads\/2020\/08\/logo-eurotech.png","width":290,"height":70,"caption":"Eurotech Iasi"},"image":{"@id":"https:\/\/eurotech-iasi.ro\/magazinonline\/#\/schema\/logo\/image\/"},"sameAs":["https:\/\/www.facebook.com\/EurotechIasi\/"]}]}},"_links":{"self":[{"href":"https:\/\/eurotech-iasi.ro\/magazinonline\/wp-json\/wp\/v2\/product\/103649","targetHints":{"allow":["GET"]}}],"collection":[{"href":"https:\/\/eurotech-iasi.ro\/magazinonline\/wp-json\/wp\/v2\/product"}],"about":[{"href":"https:\/\/eurotech-iasi.ro\/magazinonline\/wp-json\/wp\/v2\/types\/product"}],"replies":[{"embeddable":true,"href":"https:\/\/eurotech-iasi.ro\/magazinonline\/wp-json\/wp\/v2\/comments?post=103649"}],"wp:featuredmedia":[{"embeddable":true,"href":"https:\/\/eurotech-iasi.ro\/magazinonline\/wp-json\/wp\/v2\/media\/113962"}],"wp:attachment":[{"href":"https:\/\/eurotech-iasi.ro\/magazinonline\/wp-json\/wp\/v2\/media?parent=103649"}],"wp:term":[{"taxonomy":"product_cat","embeddable":true,"href":"https:\/\/eurotech-iasi.ro\/magazinonline\/wp-json\/wp\/v2\/product_cat?post=103649"},{"taxonomy":"product_tag","embeddable":true,"href":"https:\/\/eurotech-iasi.ro\/magazinonline\/wp-json\/wp\/v2\/product_tag?post=103649"},{"taxonomy":"woo-feed-brand","embeddable":true,"href":"https:\/\/eurotech-iasi.ro\/magazinonline\/wp-json\/wp\/v2\/woo-feed-brand?post=103649"}],"curies":[{"name":"wp","href":"https:\/\/api.w.org\/{rel}","templated":true}]}}