{"id":103781,"date":"2024-04-01T10:28:56","date_gmt":"2024-04-01T07:28:56","guid":{"rendered":"https:\/\/eurotech-iasi.ro\/magazinonline\/?post_type=product&#038;p=103781"},"modified":"2025-02-10T09:48:08","modified_gmt":"2025-02-10T07:48:08","slug":"aspirator-geamuri-karcher-cu-1-acumulator-wv-2-plus-n","status":"publish","type":"product","link":"https:\/\/eurotech-iasi.ro\/magazinonline\/produs\/aspirator-geamuri-karcher-cu-1-acumulator-wv-2-plus-n\/","title":{"rendered":"Aspirator geamuri Karcher cu 1 acumulator WV 2 PLUS N"},"content":{"rendered":"<h4>Aspirator geamuri Karcher cu 1 acumulator WV 2 PLUS N ideal pentru curatare fara efort a geamurilor tale. Combinatia inteligenta a sticlei de pulverizare si a dispozitivului WV, cu functia de aspirare, asigura curatarea si stralucirea geamurilor &#8211; fara dungi sau reziduuri.<\/h4>\n<p>Obtineti cel mai inalt standard in curatarea geamurilor cu WV 5 Plus N de la K\u00e4rcher, pionierii tehnologiei Window Vac alimentata de baterie. Acest dispozitiv inovator asigura o curatare a geamurilor fara efort, fara urme si fara picurare, oferind rezultate impecabile. Kit-ul WV 5 Plus N include un aspirator de geamuri, o duza de aspirare ingusta (special conceputa pentru geamurile de dimensiuni mici si suprafete inguste), o sticla pulverizatoare cu laveta din microfibra, detergent, o statie de incarcare si o baterie suplimentara (pentru curatare continua). Interactiunea perfecta intre sticla pulverizatoare si laveta din microfibra asigura o curatare deosebit de eficienta. Durata extinsa a bateriei depaseste performantele modelelor anterioare. Distantierele de pe duza de aspirare contribuie la rezultate mai bune de curatare pana la margini. Componentele moi ale manerului aduc un plus de confort, facand WV 5 si mai ergonomic decat modelele anterioare. Statia de incarcare serveste la incarcarea bateriilor individuale si la stocarea sigura a aspiratorului. Ridicati-va experienta de curatare a geamurilor cu WV 5 Plus N.<\/p>\n<h2>Caracteristici<\/h2>\n<div class=\"ki-features-area\">\n<p><b>Curatare confortabila a marginilor<\/b><\/p>\n<ul>\n<li>Distantierul reglabil manual permite curatarea perfecta, fara cute, pana la margini.<\/li>\n<\/ul>\n<p><b>M\u00e2ner confortabil cu indicator al nivelului bateriei<\/b><\/p>\n<ul>\n<li>Manerul moale, Soft-Grip face manipularea dispozitivului mai usoara.<\/li>\n<li>Trei LED-uri deasupra intrerupatorului de pornire\/oprire prezinta starea curenta de incarcare.<\/li>\n<\/ul>\n<p><b>Duz\u0103 de aspirare interschimbabil\u0103<\/b><\/p>\n<ul>\n<li>Alege\u021bi \u00eentre o duz\u0103 mare sau mic\u0103 de aspira\u021bie, \u00een func\u021bie de m\u0103rimea suprafe\u021bei de cur\u0103\u021bat<\/li>\n<\/ul>\n<p><b>Silentios<\/b><\/p>\n<ul>\n<li>Zgomotul redus al aspiratorului pentru feamuri face munca chiar mai confortabila.<\/li>\n<\/ul>\n<p><b>Original<\/b><\/p>\n<ul>\n<li>Calitate originala K\u00e4rcher, de la inventatorul aspiratorului de geamuri.<\/li>\n<\/ul>\n<p><b>De 3 ori mai rapid<\/b><\/p>\n<ul>\n<li>Curatarea ferestrelor este de 3 ori mai rapida cu aspiratorul pentru ferestre decat prin metodele conventionale.<\/li>\n<\/ul>\n<p><b>Rezultat fara picaturi si urme<\/b><\/p>\n<ul>\n<li>Datorita aspirarii apei, urmele deranjante nu mai exista. Pentru geamuri curate, stralucitoare.<\/li>\n<\/ul>\n<p><b>Complet igienic<\/b><\/p>\n<ul>\n<li>Golire rapida si simpla a rezervorului, fara a intra in contact cu apa murdara.<\/li>\n<\/ul>\n<p><b>Include bateriea de schimb \u0219i sta\u021ba de \u00eenc\u0103rcare<\/b><\/p>\n<ul>\n<li>Cur\u0103\u021ba\u021bi f\u0103r\u0103 pauze datorit\u0103 bateriei de schimb.<\/li>\n<\/ul>\n<p><b>Aplicatii multiple<\/b><\/p>\n<ul>\n<li>Aspiratorul de geamuri poate fi folosit pe toate suprafe\u021bele netede cum ar fi faian\u021b\u0103, oglinzi sau cabine de dus.<\/li>\n<\/ul>\n<\/div>\n<p><strong>Beneficii:<\/strong><\/p>\n<div id=\"one\" class=\"product-detail-content-item\">\n<div class=\"container\">\n<ul>\n<li>Aspiratorul de geamuri K\u00e4rcher simplifica curatarea si economiseste timp si efort considerabil.<\/li>\n<li>Aspirarea face ca picaturile sa fie un lucru din trecut.<\/li>\n<li>Combinatia inteligenta a sticlei de pulverizare si a dispozitivului WV, cu functia de aspirare, asigura curatarea si stralucirea geamurilor &#8211; fara dungi sau reziduuri.<\/li>\n<li>In plus, face curatarea geamurilor igienica, deoarece elimina contactul direct cu apa murdara.<\/li>\n<li>Datorita duzei de aspirare inguste, chiar si locuri mici sau greu accesibile, cum ar fi ferestrele cu geamuri mici si dulapurile din sticla, pot fi curatate fara efort.<\/li>\n<li>Posibilitatile de curatare sunt nelimitate.<\/li>\n<li>Curatare fara urme si stropi<\/li>\n<li>Manevrare usoara si confortabila<\/li>\n<li>Design compact si portabil<\/li>\n<li>Tehnologie fara fir pentru libertate de miscare<\/li>\n<\/ul>\n<p>Achizitioneaza acum si bucura-te de geamuri stralucitoare in fiecare zi cu aspiratorul de geamuri Karcher WV2plus!<\/p>\n<h2>Aplicatii<\/h2>\n<div class=\"ki-product-list\">\n<ul>\n<li>Geamuri<\/li>\n<li>Geamuri cu grilaj<\/li>\n<li>Toate suprafe\u021bele netede<\/li>\n<li>Oglinzi<\/li>\n<li>Gresie \u0219i faian\u021b\u0103<\/li>\n<li>Mese de sticl\u0103<\/li>\n<li>Cabin\u0103 de dus<\/li>\n<\/ul>\n<\/div>\n<\/div>\n<div class=\"col-md-9\">\n<div class=\"row ki-tabs-container-sub-tab\">\n<div class=\"col-md-6\">\n<div class=\"ki-row-container\">\n<h2>Specificatii tehnice<\/h2>\n<ul>\n<li>Capacitate rezervor de ap\u0103 murdar\u0103 &#8211; 100 ml<\/li>\n<li>Timpul de lucru al acumulatorului &#8211; 35 min<\/li>\n<li>Durata de \u00eenc\u0103rcare al acumulatorului &#8211; 185 min<\/li>\n<li>Tipul bateriei. &#8211; Baterie litiu-ion deta\u0219abil\u0103<\/li>\n<li>Latime de lucru duza de aspirare &#8211; 280 mm<\/li>\n<li>Putere de cur\u0103\u021bare per acumulator \u00eenc\u0103rcat &#8211; Aproximativ 210 m\u00b2 = 70 ferestre<\/li>\n<li>Tipul de curent. &#8211; 1 \/ 100 \u2013 240 \/ 50 \u2013 60 Ph \/ V \/ Hz<\/li>\n<li>Greutate f\u0103r\u0103 accesorii. &#8211; 0,7 kg<\/li>\n<li>Greutate (inclusiv acumulator) &#8211; 0,7 kg<\/li>\n<li>Greutate cu ambalaj. &#8211; 1,6 kg<\/li>\n<li>Dimensiuni (L x l x H). &#8211; 125 x 280 x 325 mm<\/li>\n<\/ul>\n<div class=\"row ki-row\">\n<h3><span style=\"text-decoration: underline;\"><em><strong>Documentatie tehnica:<\/strong><\/em><\/span><\/h3>\n<p><a href=\"https:\/\/eurotech-iasi.ro\/magazinonline\/wp-content\/uploads\/2024\/04\/manual-1.pdf\"><strong><em><u>\ud83d\udce5 Manual de utilizare<\/u><\/em><\/strong><\/a><\/p>\n<\/div>\n<\/div>\n<\/div>\n<\/div>\n<\/div>\n<\/div>\n<div id=\"two\" class=\"product-detail-content-item\">\n<div class=\"container\"><\/div>\n<\/div>\n","protected":false},"excerpt":{"rendered":"<h4>Aspirator geamuri Karcher cu 1 acumulator WV 2 PLUS N ideal pentru curatarea umeda si uscata fara efort a geamurilor tale. Combinatia inteligenta a sticlei de pulverizare si a dispozitivului WV, cu functia de aspirare, asigura curatarea si stralucirea geamurilor &#8211; fara dungi sau reziduuri.<\/h4>\n<p><em><strong>Cod produs:1.633-702.0<\/strong><\/em><\/p>\n","protected":false},"featured_media":103789,"comment_status":"open","ping_status":"closed","template":"","meta":{"_acf_changed":false},"product_cat":[13629,8757],"product_tag":[],"woo-feed-brand":[],"class_list":{"0":"post-103781","1":"product","2":"type-product","3":"status-publish","4":"has-post-thumbnail","6":"product_brand-karcher","7":"product_cat-aspiratoare","8":"product_cat-aspiratoare-pentru-geamuri","9":"pa_brand-karcher","10":"pa_capacitate-rezervor-100-ml","11":"pa_greutate-162-kg-2","13":"first","14":"instock","15":"shipping-taxable","16":"purchasable","17":"product-type-simple"},"acf":[],"yoast_head":"<!-- This site is optimized with the Yoast SEO plugin v27.5 - https:\/\/yoast.com\/product\/yoast-seo-wordpress\/ -->\n<title>Aspirator geamuri Karcher cu 1 acumulator WV 2 PLUS N - Eurotech Iasi<\/title>\n<meta name=\"robots\" content=\"index, follow, max-snippet:-1, max-image-preview:large, max-video-preview:-1\" \/>\n<link rel=\"canonical\" href=\"https:\/\/eurotech-iasi.ro\/magazinonline\/produs\/aspirator-geamuri-karcher-cu-1-acumulator-wv-2-plus-n\/\" \/>\n<meta property=\"og:locale\" content=\"ro_RO\" \/>\n<meta property=\"og:type\" content=\"article\" \/>\n<meta property=\"og:title\" content=\"Aspirator geamuri Karcher cu 1 acumulator WV 2 PLUS N - Eurotech Iasi\" \/>\n<meta property=\"og:description\" content=\"Aspirator geamuri Karcher cu 1 acumulator WV 2 PLUS N ideal pentru curatarea umeda si uscata fara efort a geamurilor tale. Combinatia inteligenta a sticlei de pulverizare si a dispozitivului WV, cu functia de aspirare, asigura curatarea si stralucirea geamurilor - fara dungi sau reziduuri. Cod produs:1.633-702.0\" \/>\n<meta property=\"og:url\" content=\"https:\/\/eurotech-iasi.ro\/magazinonline\/produs\/aspirator-geamuri-karcher-cu-1-acumulator-wv-2-plus-n\/\" \/>\n<meta property=\"og:site_name\" content=\"Eurotech Iasi\" \/>\n<meta property=\"article:publisher\" content=\"https:\/\/www.facebook.com\/EurotechIasi\/\" \/>\n<meta property=\"article:modified_time\" content=\"2025-02-10T07:48:08+00:00\" \/>\n<meta property=\"og:image\" content=\"https:\/\/eurotech-iasi.ro\/magazinonline\/wp-content\/uploads\/2024\/04\/Aspirator-geamuri-Karcher-cu-1-acumulator-WV-2-PLUS-N.png\" \/>\n\t<meta property=\"og:image:width\" content=\"750\" \/>\n\t<meta property=\"og:image:height\" content=\"750\" \/>\n\t<meta property=\"og:image:type\" content=\"image\/png\" \/>\n<meta name=\"twitter:label1\" content=\"Timp estimat pentru citire\" \/>\n\t<meta name=\"twitter:data1\" content=\"3 minute\" \/>\n<script type=\"application\/ld+json\" class=\"yoast-schema-graph\">{\"@context\":\"https:\\\/\\\/schema.org\",\"@graph\":[{\"@type\":\"WebPage\",\"@id\":\"https:\\\/\\\/eurotech-iasi.ro\\\/magazinonline\\\/produs\\\/aspirator-geamuri-karcher-cu-1-acumulator-wv-2-plus-n\\\/\",\"url\":\"https:\\\/\\\/eurotech-iasi.ro\\\/magazinonline\\\/produs\\\/aspirator-geamuri-karcher-cu-1-acumulator-wv-2-plus-n\\\/\",\"name\":\"Aspirator geamuri Karcher cu 1 acumulator WV 2 PLUS N - Eurotech Iasi\",\"isPartOf\":{\"@id\":\"https:\\\/\\\/eurotech-iasi.ro\\\/magazinonline\\\/#website\"},\"primaryImageOfPage\":{\"@id\":\"https:\\\/\\\/eurotech-iasi.ro\\\/magazinonline\\\/produs\\\/aspirator-geamuri-karcher-cu-1-acumulator-wv-2-plus-n\\\/#primaryimage\"},\"image\":{\"@id\":\"https:\\\/\\\/eurotech-iasi.ro\\\/magazinonline\\\/produs\\\/aspirator-geamuri-karcher-cu-1-acumulator-wv-2-plus-n\\\/#primaryimage\"},\"thumbnailUrl\":\"https:\\\/\\\/eurotech-iasi.ro\\\/magazinonline\\\/wp-content\\\/uploads\\\/2024\\\/04\\\/Aspirator-geamuri-Karcher-cu-1-acumulator-WV-2-PLUS-N.png\",\"datePublished\":\"2024-04-01T07:28:56+00:00\",\"dateModified\":\"2025-02-10T07:48:08+00:00\",\"breadcrumb\":{\"@id\":\"https:\\\/\\\/eurotech-iasi.ro\\\/magazinonline\\\/produs\\\/aspirator-geamuri-karcher-cu-1-acumulator-wv-2-plus-n\\\/#breadcrumb\"},\"inLanguage\":\"ro-RO\",\"potentialAction\":[{\"@type\":\"ReadAction\",\"target\":[\"https:\\\/\\\/eurotech-iasi.ro\\\/magazinonline\\\/produs\\\/aspirator-geamuri-karcher-cu-1-acumulator-wv-2-plus-n\\\/\"]}]},{\"@type\":\"ImageObject\",\"inLanguage\":\"ro-RO\",\"@id\":\"https:\\\/\\\/eurotech-iasi.ro\\\/magazinonline\\\/produs\\\/aspirator-geamuri-karcher-cu-1-acumulator-wv-2-plus-n\\\/#primaryimage\",\"url\":\"https:\\\/\\\/eurotech-iasi.ro\\\/magazinonline\\\/wp-content\\\/uploads\\\/2024\\\/04\\\/Aspirator-geamuri-Karcher-cu-1-acumulator-WV-2-PLUS-N.png\",\"contentUrl\":\"https:\\\/\\\/eurotech-iasi.ro\\\/magazinonline\\\/wp-content\\\/uploads\\\/2024\\\/04\\\/Aspirator-geamuri-Karcher-cu-1-acumulator-WV-2-PLUS-N.png\",\"width\":750,\"height\":750,\"caption\":\"Aspirator geamuri Karcher cu 1 acumulator WV 2 PLUS N\"},{\"@type\":\"BreadcrumbList\",\"@id\":\"https:\\\/\\\/eurotech-iasi.ro\\\/magazinonline\\\/produs\\\/aspirator-geamuri-karcher-cu-1-acumulator-wv-2-plus-n\\\/#breadcrumb\",\"itemListElement\":[{\"@type\":\"ListItem\",\"position\":1,\"name\":\"Prima pagin\u0103\",\"item\":\"https:\\\/\\\/eurotech-iasi.ro\\\/magazinonline\\\/\"},{\"@type\":\"ListItem\",\"position\":2,\"name\":\"Shop\",\"item\":\"https:\\\/\\\/eurotech-iasi.ro\\\/magazinonline\\\/shop\\\/\"},{\"@type\":\"ListItem\",\"position\":3,\"name\":\"Aspirator geamuri Karcher cu 1 acumulator WV 2 PLUS N\"}]},{\"@type\":\"WebSite\",\"@id\":\"https:\\\/\\\/eurotech-iasi.ro\\\/magazinonline\\\/#website\",\"url\":\"https:\\\/\\\/eurotech-iasi.ro\\\/magazinonline\\\/\",\"name\":\"Eurotech Iasi\",\"description\":\"Cu oameni seriosi\",\"publisher\":{\"@id\":\"https:\\\/\\\/eurotech-iasi.ro\\\/magazinonline\\\/#organization\"},\"potentialAction\":[{\"@type\":\"SearchAction\",\"target\":{\"@type\":\"EntryPoint\",\"urlTemplate\":\"https:\\\/\\\/eurotech-iasi.ro\\\/magazinonline\\\/?s={search_term_string}\"},\"query-input\":{\"@type\":\"PropertyValueSpecification\",\"valueRequired\":true,\"valueName\":\"search_term_string\"}}],\"inLanguage\":\"ro-RO\"},{\"@type\":\"Organization\",\"@id\":\"https:\\\/\\\/eurotech-iasi.ro\\\/magazinonline\\\/#organization\",\"name\":\"Eurotech Iasi\",\"url\":\"https:\\\/\\\/eurotech-iasi.ro\\\/magazinonline\\\/\",\"logo\":{\"@type\":\"ImageObject\",\"inLanguage\":\"ro-RO\",\"@id\":\"https:\\\/\\\/eurotech-iasi.ro\\\/magazinonline\\\/#\\\/schema\\\/logo\\\/image\\\/\",\"url\":\"https:\\\/\\\/eurotech-iasi.ro\\\/magazinonline\\\/wp-content\\\/uploads\\\/2020\\\/08\\\/logo-eurotech.png\",\"contentUrl\":\"https:\\\/\\\/eurotech-iasi.ro\\\/magazinonline\\\/wp-content\\\/uploads\\\/2020\\\/08\\\/logo-eurotech.png\",\"width\":290,\"height\":70,\"caption\":\"Eurotech Iasi\"},\"image\":{\"@id\":\"https:\\\/\\\/eurotech-iasi.ro\\\/magazinonline\\\/#\\\/schema\\\/logo\\\/image\\\/\"},\"sameAs\":[\"https:\\\/\\\/www.facebook.com\\\/EurotechIasi\\\/\"]}]}<\/script>\n<!-- \/ Yoast SEO plugin. -->","yoast_head_json":{"title":"Aspirator geamuri Karcher cu 1 acumulator WV 2 PLUS N - Eurotech Iasi","robots":{"index":"index","follow":"follow","max-snippet":"max-snippet:-1","max-image-preview":"max-image-preview:large","max-video-preview":"max-video-preview:-1"},"canonical":"https:\/\/eurotech-iasi.ro\/magazinonline\/produs\/aspirator-geamuri-karcher-cu-1-acumulator-wv-2-plus-n\/","og_locale":"ro_RO","og_type":"article","og_title":"Aspirator geamuri Karcher cu 1 acumulator WV 2 PLUS N - Eurotech Iasi","og_description":"Aspirator geamuri Karcher cu 1 acumulator WV 2 PLUS N ideal pentru curatarea umeda si uscata fara efort a geamurilor tale. Combinatia inteligenta a sticlei de pulverizare si a dispozitivului WV, cu functia de aspirare, asigura curatarea si stralucirea geamurilor - fara dungi sau reziduuri. Cod produs:1.633-702.0","og_url":"https:\/\/eurotech-iasi.ro\/magazinonline\/produs\/aspirator-geamuri-karcher-cu-1-acumulator-wv-2-plus-n\/","og_site_name":"Eurotech Iasi","article_publisher":"https:\/\/www.facebook.com\/EurotechIasi\/","article_modified_time":"2025-02-10T07:48:08+00:00","og_image":[{"width":750,"height":750,"url":"https:\/\/eurotech-iasi.ro\/magazinonline\/wp-content\/uploads\/2024\/04\/Aspirator-geamuri-Karcher-cu-1-acumulator-WV-2-PLUS-N.png","type":"image\/png"}],"twitter_misc":{"Timp estimat pentru citire":"3 minute"},"schema":{"@context":"https:\/\/schema.org","@graph":[{"@type":"WebPage","@id":"https:\/\/eurotech-iasi.ro\/magazinonline\/produs\/aspirator-geamuri-karcher-cu-1-acumulator-wv-2-plus-n\/","url":"https:\/\/eurotech-iasi.ro\/magazinonline\/produs\/aspirator-geamuri-karcher-cu-1-acumulator-wv-2-plus-n\/","name":"Aspirator geamuri Karcher cu 1 acumulator WV 2 PLUS N - Eurotech Iasi","isPartOf":{"@id":"https:\/\/eurotech-iasi.ro\/magazinonline\/#website"},"primaryImageOfPage":{"@id":"https:\/\/eurotech-iasi.ro\/magazinonline\/produs\/aspirator-geamuri-karcher-cu-1-acumulator-wv-2-plus-n\/#primaryimage"},"image":{"@id":"https:\/\/eurotech-iasi.ro\/magazinonline\/produs\/aspirator-geamuri-karcher-cu-1-acumulator-wv-2-plus-n\/#primaryimage"},"thumbnailUrl":"https:\/\/eurotech-iasi.ro\/magazinonline\/wp-content\/uploads\/2024\/04\/Aspirator-geamuri-Karcher-cu-1-acumulator-WV-2-PLUS-N.png","datePublished":"2024-04-01T07:28:56+00:00","dateModified":"2025-02-10T07:48:08+00:00","breadcrumb":{"@id":"https:\/\/eurotech-iasi.ro\/magazinonline\/produs\/aspirator-geamuri-karcher-cu-1-acumulator-wv-2-plus-n\/#breadcrumb"},"inLanguage":"ro-RO","potentialAction":[{"@type":"ReadAction","target":["https:\/\/eurotech-iasi.ro\/magazinonline\/produs\/aspirator-geamuri-karcher-cu-1-acumulator-wv-2-plus-n\/"]}]},{"@type":"ImageObject","inLanguage":"ro-RO","@id":"https:\/\/eurotech-iasi.ro\/magazinonline\/produs\/aspirator-geamuri-karcher-cu-1-acumulator-wv-2-plus-n\/#primaryimage","url":"https:\/\/eurotech-iasi.ro\/magazinonline\/wp-content\/uploads\/2024\/04\/Aspirator-geamuri-Karcher-cu-1-acumulator-WV-2-PLUS-N.png","contentUrl":"https:\/\/eurotech-iasi.ro\/magazinonline\/wp-content\/uploads\/2024\/04\/Aspirator-geamuri-Karcher-cu-1-acumulator-WV-2-PLUS-N.png","width":750,"height":750,"caption":"Aspirator geamuri Karcher cu 1 acumulator WV 2 PLUS N"},{"@type":"BreadcrumbList","@id":"https:\/\/eurotech-iasi.ro\/magazinonline\/produs\/aspirator-geamuri-karcher-cu-1-acumulator-wv-2-plus-n\/#breadcrumb","itemListElement":[{"@type":"ListItem","position":1,"name":"Prima pagin\u0103","item":"https:\/\/eurotech-iasi.ro\/magazinonline\/"},{"@type":"ListItem","position":2,"name":"Shop","item":"https:\/\/eurotech-iasi.ro\/magazinonline\/shop\/"},{"@type":"ListItem","position":3,"name":"Aspirator geamuri Karcher cu 1 acumulator WV 2 PLUS N"}]},{"@type":"WebSite","@id":"https:\/\/eurotech-iasi.ro\/magazinonline\/#website","url":"https:\/\/eurotech-iasi.ro\/magazinonline\/","name":"Eurotech Iasi","description":"Cu oameni seriosi","publisher":{"@id":"https:\/\/eurotech-iasi.ro\/magazinonline\/#organization"},"potentialAction":[{"@type":"SearchAction","target":{"@type":"EntryPoint","urlTemplate":"https:\/\/eurotech-iasi.ro\/magazinonline\/?s={search_term_string}"},"query-input":{"@type":"PropertyValueSpecification","valueRequired":true,"valueName":"search_term_string"}}],"inLanguage":"ro-RO"},{"@type":"Organization","@id":"https:\/\/eurotech-iasi.ro\/magazinonline\/#organization","name":"Eurotech Iasi","url":"https:\/\/eurotech-iasi.ro\/magazinonline\/","logo":{"@type":"ImageObject","inLanguage":"ro-RO","@id":"https:\/\/eurotech-iasi.ro\/magazinonline\/#\/schema\/logo\/image\/","url":"https:\/\/eurotech-iasi.ro\/magazinonline\/wp-content\/uploads\/2020\/08\/logo-eurotech.png","contentUrl":"https:\/\/eurotech-iasi.ro\/magazinonline\/wp-content\/uploads\/2020\/08\/logo-eurotech.png","width":290,"height":70,"caption":"Eurotech Iasi"},"image":{"@id":"https:\/\/eurotech-iasi.ro\/magazinonline\/#\/schema\/logo\/image\/"},"sameAs":["https:\/\/www.facebook.com\/EurotechIasi\/"]}]}},"_links":{"self":[{"href":"https:\/\/eurotech-iasi.ro\/magazinonline\/wp-json\/wp\/v2\/product\/103781","targetHints":{"allow":["GET"]}}],"collection":[{"href":"https:\/\/eurotech-iasi.ro\/magazinonline\/wp-json\/wp\/v2\/product"}],"about":[{"href":"https:\/\/eurotech-iasi.ro\/magazinonline\/wp-json\/wp\/v2\/types\/product"}],"replies":[{"embeddable":true,"href":"https:\/\/eurotech-iasi.ro\/magazinonline\/wp-json\/wp\/v2\/comments?post=103781"}],"wp:featuredmedia":[{"embeddable":true,"href":"https:\/\/eurotech-iasi.ro\/magazinonline\/wp-json\/wp\/v2\/media\/103789"}],"wp:attachment":[{"href":"https:\/\/eurotech-iasi.ro\/magazinonline\/wp-json\/wp\/v2\/media?parent=103781"}],"wp:term":[{"taxonomy":"product_cat","embeddable":true,"href":"https:\/\/eurotech-iasi.ro\/magazinonline\/wp-json\/wp\/v2\/product_cat?post=103781"},{"taxonomy":"product_tag","embeddable":true,"href":"https:\/\/eurotech-iasi.ro\/magazinonline\/wp-json\/wp\/v2\/product_tag?post=103781"},{"taxonomy":"woo-feed-brand","embeddable":true,"href":"https:\/\/eurotech-iasi.ro\/magazinonline\/wp-json\/wp\/v2\/woo-feed-brand?post=103781"}],"curies":[{"name":"wp","href":"https:\/\/api.w.org\/{rel}","templated":true}]}}