{"id":104389,"date":"2024-04-16T15:28:57","date_gmt":"2024-04-16T12:28:57","guid":{"rendered":"https:\/\/eurotech-iasi.ro\/magazinonline\/?post_type=product&#038;p=104389"},"modified":"2026-04-14T16:19:43","modified_gmt":"2026-04-14T13:19:43","slug":"pachet-acumulatori-lxt-makita-2-buc-bl1850b-si-incarcator-rapid-dc18rc","status":"publish","type":"product","link":"https:\/\/eurotech-iasi.ro\/magazinonline\/produs\/pachet-acumulatori-lxt-makita-2-buc-bl1850b-si-incarcator-rapid-dc18rc\/","title":{"rendered":"Pachet acumulatori LXT Makita 2 buc BL1850B si incarcator rapid DC18RC"},"content":{"rendered":"<p><strong>Pachet acumulatori LXT Makita 2 buc BL1850B si incarcator rapid DC18RC<\/strong> este un pachet cu 2 acumulatori LXT 18V BL1850B de 5.0Ah \u0219i \u00eenc\u0103rc\u0103tor rapid DC18RC, compatibil cu toate masinile Makita.<\/p>\n<h2>Specificatii tehnice &#8211; Pachet acumulatori LXT Makita 2 buc BL1850B si incarcator rapid DC18RC:<\/h2>\n<div class=\"spec_div spec_altrow_main\">\n<ul>\n<li class=\"tech_spec_name\">Platforma &#8211; LXT 18V<\/li>\n<li class=\"clear_both\">Capacitate &#8211; 5.0 Ah<\/li>\n<li class=\"clear_both\">Indicator incarcare &#8211; DA<\/li>\n<li class=\"clear_both\">Ambalare &#8211; CUTIE CARTON<\/li>\n<li class=\"clear_both\">Acumulatori inclusi &#8211; 2<\/li>\n<\/ul>\n<\/div>\n","protected":false},"excerpt":{"rendered":"<p><strong>Pachet acumulatori LXT Makita 2 buc BL1850B si incarcator rapid DC18RC<\/strong> este un pachet cu 2 acumulatori LXT 18V BL1850B de 5.0Ah \u0219i \u00eenc\u0103rc\u0103tor rapid DC18RC, compatibil cu toate masinile Makita.<\/p>\n<p><em><strong>Cod produs: 197570-9<\/strong><\/em><\/p>\n","protected":false},"featured_media":104391,"comment_status":"open","ping_status":"closed","template":"","meta":{"_acf_changed":false},"product_cat":[5043],"product_tag":[],"woo-feed-brand":[],"class_list":{"0":"post-104389","1":"product","2":"type-product","3":"status-publish","4":"has-post-thumbnail","6":"product_brand-makita","7":"product_cat-incarcatoare-acumulatori-si-acumulatori","8":"pa_brand-makita","9":"pa_capacitate-5-ah","11":"first","12":"instock","13":"shipping-taxable","14":"purchasable","15":"product-type-simple"},"acf":[],"yoast_head":"<!-- This site is optimized with the Yoast SEO plugin v27.5 - https:\/\/yoast.com\/product\/yoast-seo-wordpress\/ -->\n<title>Pachet acumulatori LXT Makita 2 buc BL1850B si incarcator rapid DC18RC - Eurotech Iasi<\/title>\n<meta name=\"robots\" content=\"index, follow, max-snippet:-1, max-image-preview:large, max-video-preview:-1\" \/>\n<link rel=\"canonical\" href=\"https:\/\/eurotech-iasi.ro\/magazinonline\/produs\/pachet-acumulatori-lxt-makita-2-buc-bl1850b-si-incarcator-rapid-dc18rc\/\" \/>\n<meta property=\"og:locale\" content=\"ro_RO\" \/>\n<meta property=\"og:type\" content=\"article\" \/>\n<meta property=\"og:title\" content=\"Pachet acumulatori LXT Makita 2 buc BL1850B si incarcator rapid DC18RC - Eurotech Iasi\" \/>\n<meta property=\"og:description\" content=\"Pachet acumulatori LXT Makita 2 buc BL1850B si incarcator rapid DC18RC este un pachet cu 2 acumulatori LXT 18V BL1850B de 5.0Ah \u0219i \u00eenc\u0103rc\u0103tor rapid DC18RC, compatibil cu toate masinile Makita.  Cod produs: 197570-9\" \/>\n<meta property=\"og:url\" content=\"https:\/\/eurotech-iasi.ro\/magazinonline\/produs\/pachet-acumulatori-lxt-makita-2-buc-bl1850b-si-incarcator-rapid-dc18rc\/\" \/>\n<meta property=\"og:site_name\" content=\"Eurotech Iasi\" \/>\n<meta property=\"article:publisher\" content=\"https:\/\/www.facebook.com\/EurotechIasi\/\" \/>\n<meta property=\"article:modified_time\" content=\"2026-04-14T13:19:43+00:00\" \/>\n<meta property=\"og:image\" content=\"https:\/\/eurotech-iasi.ro\/magazinonline\/wp-content\/uploads\/2024\/04\/Pachet-acumulatori-LXT-Makita-2-buc-BL1850B-si-incarcator-rapid-DC18RC.png\" \/>\n\t<meta property=\"og:image:width\" content=\"750\" \/>\n\t<meta property=\"og:image:height\" content=\"750\" \/>\n\t<meta property=\"og:image:type\" content=\"image\/png\" \/>\n<script type=\"application\/ld+json\" class=\"yoast-schema-graph\">{\"@context\":\"https:\\\/\\\/schema.org\",\"@graph\":[{\"@type\":\"WebPage\",\"@id\":\"https:\\\/\\\/eurotech-iasi.ro\\\/magazinonline\\\/produs\\\/pachet-acumulatori-lxt-makita-2-buc-bl1850b-si-incarcator-rapid-dc18rc\\\/\",\"url\":\"https:\\\/\\\/eurotech-iasi.ro\\\/magazinonline\\\/produs\\\/pachet-acumulatori-lxt-makita-2-buc-bl1850b-si-incarcator-rapid-dc18rc\\\/\",\"name\":\"Pachet acumulatori LXT Makita 2 buc BL1850B si incarcator rapid DC18RC - Eurotech Iasi\",\"isPartOf\":{\"@id\":\"https:\\\/\\\/eurotech-iasi.ro\\\/magazinonline\\\/#website\"},\"primaryImageOfPage\":{\"@id\":\"https:\\\/\\\/eurotech-iasi.ro\\\/magazinonline\\\/produs\\\/pachet-acumulatori-lxt-makita-2-buc-bl1850b-si-incarcator-rapid-dc18rc\\\/#primaryimage\"},\"image\":{\"@id\":\"https:\\\/\\\/eurotech-iasi.ro\\\/magazinonline\\\/produs\\\/pachet-acumulatori-lxt-makita-2-buc-bl1850b-si-incarcator-rapid-dc18rc\\\/#primaryimage\"},\"thumbnailUrl\":\"https:\\\/\\\/eurotech-iasi.ro\\\/magazinonline\\\/wp-content\\\/uploads\\\/2024\\\/04\\\/Pachet-acumulatori-LXT-Makita-2-buc-BL1850B-si-incarcator-rapid-DC18RC.png\",\"datePublished\":\"2024-04-16T12:28:57+00:00\",\"dateModified\":\"2026-04-14T13:19:43+00:00\",\"breadcrumb\":{\"@id\":\"https:\\\/\\\/eurotech-iasi.ro\\\/magazinonline\\\/produs\\\/pachet-acumulatori-lxt-makita-2-buc-bl1850b-si-incarcator-rapid-dc18rc\\\/#breadcrumb\"},\"inLanguage\":\"ro-RO\",\"potentialAction\":[{\"@type\":\"ReadAction\",\"target\":[\"https:\\\/\\\/eurotech-iasi.ro\\\/magazinonline\\\/produs\\\/pachet-acumulatori-lxt-makita-2-buc-bl1850b-si-incarcator-rapid-dc18rc\\\/\"]}]},{\"@type\":\"ImageObject\",\"inLanguage\":\"ro-RO\",\"@id\":\"https:\\\/\\\/eurotech-iasi.ro\\\/magazinonline\\\/produs\\\/pachet-acumulatori-lxt-makita-2-buc-bl1850b-si-incarcator-rapid-dc18rc\\\/#primaryimage\",\"url\":\"https:\\\/\\\/eurotech-iasi.ro\\\/magazinonline\\\/wp-content\\\/uploads\\\/2024\\\/04\\\/Pachet-acumulatori-LXT-Makita-2-buc-BL1850B-si-incarcator-rapid-DC18RC.png\",\"contentUrl\":\"https:\\\/\\\/eurotech-iasi.ro\\\/magazinonline\\\/wp-content\\\/uploads\\\/2024\\\/04\\\/Pachet-acumulatori-LXT-Makita-2-buc-BL1850B-si-incarcator-rapid-DC18RC.png\",\"width\":750,\"height\":750,\"caption\":\"Pachet acumulatori LXT Makita 2 buc BL1850B si incarcator rapid DC18RC\"},{\"@type\":\"BreadcrumbList\",\"@id\":\"https:\\\/\\\/eurotech-iasi.ro\\\/magazinonline\\\/produs\\\/pachet-acumulatori-lxt-makita-2-buc-bl1850b-si-incarcator-rapid-dc18rc\\\/#breadcrumb\",\"itemListElement\":[{\"@type\":\"ListItem\",\"position\":1,\"name\":\"Prima pagin\u0103\",\"item\":\"https:\\\/\\\/eurotech-iasi.ro\\\/magazinonline\\\/\"},{\"@type\":\"ListItem\",\"position\":2,\"name\":\"Shop\",\"item\":\"https:\\\/\\\/eurotech-iasi.ro\\\/magazinonline\\\/shop\\\/\"},{\"@type\":\"ListItem\",\"position\":3,\"name\":\"Pachet acumulatori LXT Makita 2 buc BL1850B si incarcator rapid DC18RC\"}]},{\"@type\":\"WebSite\",\"@id\":\"https:\\\/\\\/eurotech-iasi.ro\\\/magazinonline\\\/#website\",\"url\":\"https:\\\/\\\/eurotech-iasi.ro\\\/magazinonline\\\/\",\"name\":\"Eurotech Iasi\",\"description\":\"Cu oameni seriosi\",\"publisher\":{\"@id\":\"https:\\\/\\\/eurotech-iasi.ro\\\/magazinonline\\\/#organization\"},\"potentialAction\":[{\"@type\":\"SearchAction\",\"target\":{\"@type\":\"EntryPoint\",\"urlTemplate\":\"https:\\\/\\\/eurotech-iasi.ro\\\/magazinonline\\\/?s={search_term_string}\"},\"query-input\":{\"@type\":\"PropertyValueSpecification\",\"valueRequired\":true,\"valueName\":\"search_term_string\"}}],\"inLanguage\":\"ro-RO\"},{\"@type\":\"Organization\",\"@id\":\"https:\\\/\\\/eurotech-iasi.ro\\\/magazinonline\\\/#organization\",\"name\":\"Eurotech Iasi\",\"url\":\"https:\\\/\\\/eurotech-iasi.ro\\\/magazinonline\\\/\",\"logo\":{\"@type\":\"ImageObject\",\"inLanguage\":\"ro-RO\",\"@id\":\"https:\\\/\\\/eurotech-iasi.ro\\\/magazinonline\\\/#\\\/schema\\\/logo\\\/image\\\/\",\"url\":\"https:\\\/\\\/eurotech-iasi.ro\\\/magazinonline\\\/wp-content\\\/uploads\\\/2020\\\/08\\\/logo-eurotech.png\",\"contentUrl\":\"https:\\\/\\\/eurotech-iasi.ro\\\/magazinonline\\\/wp-content\\\/uploads\\\/2020\\\/08\\\/logo-eurotech.png\",\"width\":290,\"height\":70,\"caption\":\"Eurotech Iasi\"},\"image\":{\"@id\":\"https:\\\/\\\/eurotech-iasi.ro\\\/magazinonline\\\/#\\\/schema\\\/logo\\\/image\\\/\"},\"sameAs\":[\"https:\\\/\\\/www.facebook.com\\\/EurotechIasi\\\/\"]}]}<\/script>\n<!-- \/ Yoast SEO plugin. -->","yoast_head_json":{"title":"Pachet acumulatori LXT Makita 2 buc BL1850B si incarcator rapid DC18RC - Eurotech Iasi","robots":{"index":"index","follow":"follow","max-snippet":"max-snippet:-1","max-image-preview":"max-image-preview:large","max-video-preview":"max-video-preview:-1"},"canonical":"https:\/\/eurotech-iasi.ro\/magazinonline\/produs\/pachet-acumulatori-lxt-makita-2-buc-bl1850b-si-incarcator-rapid-dc18rc\/","og_locale":"ro_RO","og_type":"article","og_title":"Pachet acumulatori LXT Makita 2 buc BL1850B si incarcator rapid DC18RC - Eurotech Iasi","og_description":"Pachet acumulatori LXT Makita 2 buc BL1850B si incarcator rapid DC18RC este un pachet cu 2 acumulatori LXT 18V BL1850B de 5.0Ah \u0219i \u00eenc\u0103rc\u0103tor rapid DC18RC, compatibil cu toate masinile Makita.  Cod produs: 197570-9","og_url":"https:\/\/eurotech-iasi.ro\/magazinonline\/produs\/pachet-acumulatori-lxt-makita-2-buc-bl1850b-si-incarcator-rapid-dc18rc\/","og_site_name":"Eurotech Iasi","article_publisher":"https:\/\/www.facebook.com\/EurotechIasi\/","article_modified_time":"2026-04-14T13:19:43+00:00","og_image":[{"width":750,"height":750,"url":"https:\/\/eurotech-iasi.ro\/magazinonline\/wp-content\/uploads\/2024\/04\/Pachet-acumulatori-LXT-Makita-2-buc-BL1850B-si-incarcator-rapid-DC18RC.png","type":"image\/png"}],"schema":{"@context":"https:\/\/schema.org","@graph":[{"@type":"WebPage","@id":"https:\/\/eurotech-iasi.ro\/magazinonline\/produs\/pachet-acumulatori-lxt-makita-2-buc-bl1850b-si-incarcator-rapid-dc18rc\/","url":"https:\/\/eurotech-iasi.ro\/magazinonline\/produs\/pachet-acumulatori-lxt-makita-2-buc-bl1850b-si-incarcator-rapid-dc18rc\/","name":"Pachet acumulatori LXT Makita 2 buc BL1850B si incarcator rapid DC18RC - Eurotech Iasi","isPartOf":{"@id":"https:\/\/eurotech-iasi.ro\/magazinonline\/#website"},"primaryImageOfPage":{"@id":"https:\/\/eurotech-iasi.ro\/magazinonline\/produs\/pachet-acumulatori-lxt-makita-2-buc-bl1850b-si-incarcator-rapid-dc18rc\/#primaryimage"},"image":{"@id":"https:\/\/eurotech-iasi.ro\/magazinonline\/produs\/pachet-acumulatori-lxt-makita-2-buc-bl1850b-si-incarcator-rapid-dc18rc\/#primaryimage"},"thumbnailUrl":"https:\/\/eurotech-iasi.ro\/magazinonline\/wp-content\/uploads\/2024\/04\/Pachet-acumulatori-LXT-Makita-2-buc-BL1850B-si-incarcator-rapid-DC18RC.png","datePublished":"2024-04-16T12:28:57+00:00","dateModified":"2026-04-14T13:19:43+00:00","breadcrumb":{"@id":"https:\/\/eurotech-iasi.ro\/magazinonline\/produs\/pachet-acumulatori-lxt-makita-2-buc-bl1850b-si-incarcator-rapid-dc18rc\/#breadcrumb"},"inLanguage":"ro-RO","potentialAction":[{"@type":"ReadAction","target":["https:\/\/eurotech-iasi.ro\/magazinonline\/produs\/pachet-acumulatori-lxt-makita-2-buc-bl1850b-si-incarcator-rapid-dc18rc\/"]}]},{"@type":"ImageObject","inLanguage":"ro-RO","@id":"https:\/\/eurotech-iasi.ro\/magazinonline\/produs\/pachet-acumulatori-lxt-makita-2-buc-bl1850b-si-incarcator-rapid-dc18rc\/#primaryimage","url":"https:\/\/eurotech-iasi.ro\/magazinonline\/wp-content\/uploads\/2024\/04\/Pachet-acumulatori-LXT-Makita-2-buc-BL1850B-si-incarcator-rapid-DC18RC.png","contentUrl":"https:\/\/eurotech-iasi.ro\/magazinonline\/wp-content\/uploads\/2024\/04\/Pachet-acumulatori-LXT-Makita-2-buc-BL1850B-si-incarcator-rapid-DC18RC.png","width":750,"height":750,"caption":"Pachet acumulatori LXT Makita 2 buc BL1850B si incarcator rapid DC18RC"},{"@type":"BreadcrumbList","@id":"https:\/\/eurotech-iasi.ro\/magazinonline\/produs\/pachet-acumulatori-lxt-makita-2-buc-bl1850b-si-incarcator-rapid-dc18rc\/#breadcrumb","itemListElement":[{"@type":"ListItem","position":1,"name":"Prima pagin\u0103","item":"https:\/\/eurotech-iasi.ro\/magazinonline\/"},{"@type":"ListItem","position":2,"name":"Shop","item":"https:\/\/eurotech-iasi.ro\/magazinonline\/shop\/"},{"@type":"ListItem","position":3,"name":"Pachet acumulatori LXT Makita 2 buc BL1850B si incarcator rapid DC18RC"}]},{"@type":"WebSite","@id":"https:\/\/eurotech-iasi.ro\/magazinonline\/#website","url":"https:\/\/eurotech-iasi.ro\/magazinonline\/","name":"Eurotech Iasi","description":"Cu oameni seriosi","publisher":{"@id":"https:\/\/eurotech-iasi.ro\/magazinonline\/#organization"},"potentialAction":[{"@type":"SearchAction","target":{"@type":"EntryPoint","urlTemplate":"https:\/\/eurotech-iasi.ro\/magazinonline\/?s={search_term_string}"},"query-input":{"@type":"PropertyValueSpecification","valueRequired":true,"valueName":"search_term_string"}}],"inLanguage":"ro-RO"},{"@type":"Organization","@id":"https:\/\/eurotech-iasi.ro\/magazinonline\/#organization","name":"Eurotech Iasi","url":"https:\/\/eurotech-iasi.ro\/magazinonline\/","logo":{"@type":"ImageObject","inLanguage":"ro-RO","@id":"https:\/\/eurotech-iasi.ro\/magazinonline\/#\/schema\/logo\/image\/","url":"https:\/\/eurotech-iasi.ro\/magazinonline\/wp-content\/uploads\/2020\/08\/logo-eurotech.png","contentUrl":"https:\/\/eurotech-iasi.ro\/magazinonline\/wp-content\/uploads\/2020\/08\/logo-eurotech.png","width":290,"height":70,"caption":"Eurotech Iasi"},"image":{"@id":"https:\/\/eurotech-iasi.ro\/magazinonline\/#\/schema\/logo\/image\/"},"sameAs":["https:\/\/www.facebook.com\/EurotechIasi\/"]}]}},"_links":{"self":[{"href":"https:\/\/eurotech-iasi.ro\/magazinonline\/wp-json\/wp\/v2\/product\/104389","targetHints":{"allow":["GET"]}}],"collection":[{"href":"https:\/\/eurotech-iasi.ro\/magazinonline\/wp-json\/wp\/v2\/product"}],"about":[{"href":"https:\/\/eurotech-iasi.ro\/magazinonline\/wp-json\/wp\/v2\/types\/product"}],"replies":[{"embeddable":true,"href":"https:\/\/eurotech-iasi.ro\/magazinonline\/wp-json\/wp\/v2\/comments?post=104389"}],"wp:featuredmedia":[{"embeddable":true,"href":"https:\/\/eurotech-iasi.ro\/magazinonline\/wp-json\/wp\/v2\/media\/104391"}],"wp:attachment":[{"href":"https:\/\/eurotech-iasi.ro\/magazinonline\/wp-json\/wp\/v2\/media?parent=104389"}],"wp:term":[{"taxonomy":"product_cat","embeddable":true,"href":"https:\/\/eurotech-iasi.ro\/magazinonline\/wp-json\/wp\/v2\/product_cat?post=104389"},{"taxonomy":"product_tag","embeddable":true,"href":"https:\/\/eurotech-iasi.ro\/magazinonline\/wp-json\/wp\/v2\/product_tag?post=104389"},{"taxonomy":"woo-feed-brand","embeddable":true,"href":"https:\/\/eurotech-iasi.ro\/magazinonline\/wp-json\/wp\/v2\/woo-feed-brand?post=104389"}],"curies":[{"name":"wp","href":"https:\/\/api.w.org\/{rel}","templated":true}]}}