{"id":104397,"date":"2024-04-16T15:52:10","date_gmt":"2024-04-16T12:52:10","guid":{"rendered":"https:\/\/eurotech-iasi.ro\/magazinonline\/?post_type=product&#038;p=104397"},"modified":"2025-08-06T09:03:27","modified_gmt":"2025-08-06T06:03:27","slug":"masina-tuns-gazon-makita-dlm462z","status":"publish","type":"product","link":"https:\/\/eurotech-iasi.ro\/magazinonline\/produs\/masina-tuns-gazon-makita-dlm462z\/","title":{"rendered":"Masina tuns gazon Makita DLM462Z"},"content":{"rendered":"<p><strong>Masina tuns gazon Makita DLM462Z <\/strong>este echipata cu o carcasa metalica robusta si are o latime de taiere de 46 cm. Modelul beneficiaza de sistem de autopropulsie ce ofera o viteza maxima de 5 km pe ora. Masina de tuns iarba are reglaj al taierii pe inaltime cuprinsa intre 20 mm la 100 mm. Desi functioneaza cu 2 acumulatori de 18V, aceasta beneficiaza de 4 sloturi disponibile ce ofera o autonomie extinsa, cu posibilitatea de comutare manuala. Varianta Z se livreaza fara acumulatori si incarcator.<\/p>\n<h2>Beneficii utilizator &#8211; Masina tuns gazon Makita DLM462Z:<\/h2>\n<ul>\n<li>Are 4 sloturi pentru acumulatori cu posibilitatea de comutare manuala. Utilizeaza simultan 2 acumulatori LXT de 18V si poate acoperi o suprafata aproximativa de 1900 mp cu o singura incarcare a 2 acumulatori de 6 Ah.<\/li>\n<li>Functia de autopropulsie ce ofera o viteza intre 2,5 &#8211; 5.0km\/h.<\/li>\n<li>Motorul Brushless (fara perii de carbon) imbunatateste performanta masinii prin reducerea rezistentei mecanice si are o durata de viata mai mare intrucat se raceste mai bine.<\/li>\n<li>Modul Soft No Load reduce automat turatia motorului atunci cand nu este detectata iarba de taiat.<\/li>\n<li>Tehnologia XPT (eXtreme Protection Technology) ofera protectie impotriva prafului si umezelii.<\/li>\n<li>3 in 1 (taiere \/ colectare \/ mulcire)<\/li>\n<li>Zero emisii poluante.<\/li>\n<li>Se livreaza fara acumulatori si incarcator.<\/li>\n<\/ul>\n<h3>Specificatii tehnice &#8211; Masina tuns gazon Makita DLM462Z:<\/h3>\n<ul>\n<li>Putere &#8211; 1600 W<\/li>\n<li>Volum sac colector &#8211; 60 l<\/li>\n<li>Inal\u0163ime de tundere &#8211; 20-100 mm<\/li>\n<li>Vibratii &#8211; 2,5 m\/s\u00b2<\/li>\n<li>Nivel presiune acustica (mers in gol) &#8211; 82,7 dB(A)<\/li>\n<li>Nivel putere sonora (mers in gol) &#8211; 90,9 dB(A)<\/li>\n<li>Latime tundere &#8211; 46 cm<\/li>\n<li>Mulcire &#8211; DA<\/li>\n<li>Platforma acumulatori &#8211; LXT 18V<\/li>\n<li>Turatie de mers in gol &#8211; 2.500 &#8211; 3.300 RPM<\/li>\n<li>Autopropulsie &#8211; DA<\/li>\n<li>Dimensiuni (L x l x H) &#8211; 1.690 x 535 x 1.090 mm<\/li>\n<li>Greutate neta &#8211; 39,8 kg<\/li>\n<\/ul>\n<p><span style=\"color: #ff0000;\"><strong>*Masina se livreaza fara acumulatori si incarcator.<\/strong><\/span><\/p>\n","protected":false},"excerpt":{"rendered":"<p><strong>Masina tuns gazon Makita DLM462Z <\/strong>este echipata cu o carcasa metalica robusta si are o latime de taiere de 46 cm. Modelul beneficiaza de sistem de autopropulsie ce ofera o viteza maxima de 5 km pe ora.<\/p>\n<p><em><strong>Cod produs: DLM462Z<\/strong><\/em><\/p>\n<p>&nbsp;<\/p>\n","protected":false},"featured_media":104405,"comment_status":"open","ping_status":"closed","template":"","meta":{"_acf_changed":false},"product_cat":[4337,4368],"product_tag":[],"woo-feed-brand":[],"class_list":{"0":"post-104397","1":"product","2":"type-product","3":"status-publish","4":"has-post-thumbnail","6":"product_brand-makita","7":"product_cat-gradinarit-agricultura","8":"product_cat-masini-de-tuns-gazonul","9":"pa_brand-makita","10":"pa_diametru-tundere-46-cm","11":"pa_dimensiune-max-tundere-1900-mp","12":"pa_dimensiuni-1-690-x-535-x-1-090-mm","13":"pa_greutate-39-8-kg","14":"pa_inaltime-de-taiere-20-100-mm","15":"pa_trepte-reglare-inaltime-da","16":"pa_volum-cos-colector-60-l","18":"first","19":"instock","20":"purchasable","21":"product-type-simple"},"acf":[],"yoast_head":"<!-- This site is optimized with the Yoast SEO plugin v27.3 - https:\/\/yoast.com\/product\/yoast-seo-wordpress\/ -->\n<title>Masina tuns gazon Makita DLM462Z - Eurotech Iasi<\/title>\n<meta name=\"description\" content=\"Masina de tuns gazonul Makita DLM460Z, suprafa\u0163\u0103 maxim\u0103 de tundere 1.400 m\u00b2, trepte reglare \u00een\u0103l\u0163ime tundere 5 Volum co\u015f colector 60 l\" \/>\n<meta name=\"robots\" content=\"index, follow, max-snippet:-1, max-image-preview:large, max-video-preview:-1\" \/>\n<link rel=\"canonical\" href=\"https:\/\/eurotech-iasi.ro\/magazinonline\/produs\/masina-tuns-gazon-makita-dlm462z\/\" \/>\n<meta property=\"og:locale\" content=\"ro_RO\" \/>\n<meta property=\"og:type\" content=\"article\" \/>\n<meta property=\"og:title\" content=\"Masina tuns gazon Makita DLM462Z - Eurotech Iasi\" \/>\n<meta property=\"og:description\" content=\"Masina de tuns gazonul Makita DLM460Z, suprafa\u0163\u0103 maxim\u0103 de tundere 1.400 m\u00b2, trepte reglare \u00een\u0103l\u0163ime tundere 5 Volum co\u015f colector 60 l\" \/>\n<meta property=\"og:url\" content=\"https:\/\/eurotech-iasi.ro\/magazinonline\/produs\/masina-tuns-gazon-makita-dlm462z\/\" \/>\n<meta property=\"og:site_name\" content=\"Eurotech Iasi\" \/>\n<meta property=\"article:publisher\" content=\"https:\/\/www.facebook.com\/EurotechIasi\/\" \/>\n<meta property=\"article:modified_time\" content=\"2025-08-06T06:03:27+00:00\" \/>\n<meta property=\"og:image\" content=\"https:\/\/eurotech-iasi.ro\/magazinonline\/wp-content\/uploads\/2024\/04\/Masina-tuns-gazon-Makita-DLM462Z-2.jpg\" \/>\n\t<meta property=\"og:image:width\" content=\"750\" \/>\n\t<meta property=\"og:image:height\" content=\"750\" \/>\n\t<meta property=\"og:image:type\" content=\"image\/jpeg\" \/>\n<meta name=\"twitter:label1\" content=\"Timp estimat pentru citire\" \/>\n\t<meta name=\"twitter:data1\" content=\"1 minut\" \/>\n<script type=\"application\/ld+json\" class=\"yoast-schema-graph\">{\"@context\":\"https:\\\/\\\/schema.org\",\"@graph\":[{\"@type\":\"WebPage\",\"@id\":\"https:\\\/\\\/eurotech-iasi.ro\\\/magazinonline\\\/produs\\\/masina-tuns-gazon-makita-dlm462z\\\/\",\"url\":\"https:\\\/\\\/eurotech-iasi.ro\\\/magazinonline\\\/produs\\\/masina-tuns-gazon-makita-dlm462z\\\/\",\"name\":\"Masina tuns gazon Makita DLM462Z - Eurotech Iasi\",\"isPartOf\":{\"@id\":\"https:\\\/\\\/eurotech-iasi.ro\\\/magazinonline\\\/#website\"},\"primaryImageOfPage\":{\"@id\":\"https:\\\/\\\/eurotech-iasi.ro\\\/magazinonline\\\/produs\\\/masina-tuns-gazon-makita-dlm462z\\\/#primaryimage\"},\"image\":{\"@id\":\"https:\\\/\\\/eurotech-iasi.ro\\\/magazinonline\\\/produs\\\/masina-tuns-gazon-makita-dlm462z\\\/#primaryimage\"},\"thumbnailUrl\":\"https:\\\/\\\/eurotech-iasi.ro\\\/magazinonline\\\/wp-content\\\/uploads\\\/2024\\\/04\\\/Masina-tuns-gazon-Makita-DLM462Z-2.jpg\",\"datePublished\":\"2024-04-16T12:52:10+00:00\",\"dateModified\":\"2025-08-06T06:03:27+00:00\",\"description\":\"Masina de tuns gazonul Makita DLM460Z, suprafa\u0163\u0103 maxim\u0103 de tundere 1.400 m\u00b2, trepte reglare \u00een\u0103l\u0163ime tundere 5 Volum co\u015f colector 60 l\",\"breadcrumb\":{\"@id\":\"https:\\\/\\\/eurotech-iasi.ro\\\/magazinonline\\\/produs\\\/masina-tuns-gazon-makita-dlm462z\\\/#breadcrumb\"},\"inLanguage\":\"ro-RO\",\"potentialAction\":[{\"@type\":\"ReadAction\",\"target\":[\"https:\\\/\\\/eurotech-iasi.ro\\\/magazinonline\\\/produs\\\/masina-tuns-gazon-makita-dlm462z\\\/\"]}]},{\"@type\":\"ImageObject\",\"inLanguage\":\"ro-RO\",\"@id\":\"https:\\\/\\\/eurotech-iasi.ro\\\/magazinonline\\\/produs\\\/masina-tuns-gazon-makita-dlm462z\\\/#primaryimage\",\"url\":\"https:\\\/\\\/eurotech-iasi.ro\\\/magazinonline\\\/wp-content\\\/uploads\\\/2024\\\/04\\\/Masina-tuns-gazon-Makita-DLM462Z-2.jpg\",\"contentUrl\":\"https:\\\/\\\/eurotech-iasi.ro\\\/magazinonline\\\/wp-content\\\/uploads\\\/2024\\\/04\\\/Masina-tuns-gazon-Makita-DLM462Z-2.jpg\",\"width\":750,\"height\":750,\"caption\":\"Masina tuns gazon Makita DLM462Z\"},{\"@type\":\"BreadcrumbList\",\"@id\":\"https:\\\/\\\/eurotech-iasi.ro\\\/magazinonline\\\/produs\\\/masina-tuns-gazon-makita-dlm462z\\\/#breadcrumb\",\"itemListElement\":[{\"@type\":\"ListItem\",\"position\":1,\"name\":\"Prima pagin\u0103\",\"item\":\"https:\\\/\\\/eurotech-iasi.ro\\\/magazinonline\\\/\"},{\"@type\":\"ListItem\",\"position\":2,\"name\":\"Shop\",\"item\":\"https:\\\/\\\/eurotech-iasi.ro\\\/magazinonline\\\/shop\\\/\"},{\"@type\":\"ListItem\",\"position\":3,\"name\":\"Masina tuns gazon Makita DLM462Z\"}]},{\"@type\":\"WebSite\",\"@id\":\"https:\\\/\\\/eurotech-iasi.ro\\\/magazinonline\\\/#website\",\"url\":\"https:\\\/\\\/eurotech-iasi.ro\\\/magazinonline\\\/\",\"name\":\"Eurotech Iasi\",\"description\":\"Cu oameni seriosi\",\"publisher\":{\"@id\":\"https:\\\/\\\/eurotech-iasi.ro\\\/magazinonline\\\/#organization\"},\"potentialAction\":[{\"@type\":\"SearchAction\",\"target\":{\"@type\":\"EntryPoint\",\"urlTemplate\":\"https:\\\/\\\/eurotech-iasi.ro\\\/magazinonline\\\/?s={search_term_string}\"},\"query-input\":{\"@type\":\"PropertyValueSpecification\",\"valueRequired\":true,\"valueName\":\"search_term_string\"}}],\"inLanguage\":\"ro-RO\"},{\"@type\":\"Organization\",\"@id\":\"https:\\\/\\\/eurotech-iasi.ro\\\/magazinonline\\\/#organization\",\"name\":\"Eurotech Iasi\",\"url\":\"https:\\\/\\\/eurotech-iasi.ro\\\/magazinonline\\\/\",\"logo\":{\"@type\":\"ImageObject\",\"inLanguage\":\"ro-RO\",\"@id\":\"https:\\\/\\\/eurotech-iasi.ro\\\/magazinonline\\\/#\\\/schema\\\/logo\\\/image\\\/\",\"url\":\"https:\\\/\\\/eurotech-iasi.ro\\\/magazinonline\\\/wp-content\\\/uploads\\\/2020\\\/08\\\/logo-eurotech.png\",\"contentUrl\":\"https:\\\/\\\/eurotech-iasi.ro\\\/magazinonline\\\/wp-content\\\/uploads\\\/2020\\\/08\\\/logo-eurotech.png\",\"width\":290,\"height\":70,\"caption\":\"Eurotech Iasi\"},\"image\":{\"@id\":\"https:\\\/\\\/eurotech-iasi.ro\\\/magazinonline\\\/#\\\/schema\\\/logo\\\/image\\\/\"},\"sameAs\":[\"https:\\\/\\\/www.facebook.com\\\/EurotechIasi\\\/\"]}]}<\/script>\n<!-- \/ Yoast SEO plugin. -->","yoast_head_json":{"title":"Masina tuns gazon Makita DLM462Z - Eurotech Iasi","description":"Masina de tuns gazonul Makita DLM460Z, suprafa\u0163\u0103 maxim\u0103 de tundere 1.400 m\u00b2, trepte reglare \u00een\u0103l\u0163ime tundere 5 Volum co\u015f colector 60 l","robots":{"index":"index","follow":"follow","max-snippet":"max-snippet:-1","max-image-preview":"max-image-preview:large","max-video-preview":"max-video-preview:-1"},"canonical":"https:\/\/eurotech-iasi.ro\/magazinonline\/produs\/masina-tuns-gazon-makita-dlm462z\/","og_locale":"ro_RO","og_type":"article","og_title":"Masina tuns gazon Makita DLM462Z - Eurotech Iasi","og_description":"Masina de tuns gazonul Makita DLM460Z, suprafa\u0163\u0103 maxim\u0103 de tundere 1.400 m\u00b2, trepte reglare \u00een\u0103l\u0163ime tundere 5 Volum co\u015f colector 60 l","og_url":"https:\/\/eurotech-iasi.ro\/magazinonline\/produs\/masina-tuns-gazon-makita-dlm462z\/","og_site_name":"Eurotech Iasi","article_publisher":"https:\/\/www.facebook.com\/EurotechIasi\/","article_modified_time":"2025-08-06T06:03:27+00:00","og_image":[{"width":750,"height":750,"url":"https:\/\/eurotech-iasi.ro\/magazinonline\/wp-content\/uploads\/2024\/04\/Masina-tuns-gazon-Makita-DLM462Z-2.jpg","type":"image\/jpeg"}],"twitter_misc":{"Timp estimat pentru citire":"1 minut"},"schema":{"@context":"https:\/\/schema.org","@graph":[{"@type":"WebPage","@id":"https:\/\/eurotech-iasi.ro\/magazinonline\/produs\/masina-tuns-gazon-makita-dlm462z\/","url":"https:\/\/eurotech-iasi.ro\/magazinonline\/produs\/masina-tuns-gazon-makita-dlm462z\/","name":"Masina tuns gazon Makita DLM462Z - Eurotech Iasi","isPartOf":{"@id":"https:\/\/eurotech-iasi.ro\/magazinonline\/#website"},"primaryImageOfPage":{"@id":"https:\/\/eurotech-iasi.ro\/magazinonline\/produs\/masina-tuns-gazon-makita-dlm462z\/#primaryimage"},"image":{"@id":"https:\/\/eurotech-iasi.ro\/magazinonline\/produs\/masina-tuns-gazon-makita-dlm462z\/#primaryimage"},"thumbnailUrl":"https:\/\/eurotech-iasi.ro\/magazinonline\/wp-content\/uploads\/2024\/04\/Masina-tuns-gazon-Makita-DLM462Z-2.jpg","datePublished":"2024-04-16T12:52:10+00:00","dateModified":"2025-08-06T06:03:27+00:00","description":"Masina de tuns gazonul Makita DLM460Z, suprafa\u0163\u0103 maxim\u0103 de tundere 1.400 m\u00b2, trepte reglare \u00een\u0103l\u0163ime tundere 5 Volum co\u015f colector 60 l","breadcrumb":{"@id":"https:\/\/eurotech-iasi.ro\/magazinonline\/produs\/masina-tuns-gazon-makita-dlm462z\/#breadcrumb"},"inLanguage":"ro-RO","potentialAction":[{"@type":"ReadAction","target":["https:\/\/eurotech-iasi.ro\/magazinonline\/produs\/masina-tuns-gazon-makita-dlm462z\/"]}]},{"@type":"ImageObject","inLanguage":"ro-RO","@id":"https:\/\/eurotech-iasi.ro\/magazinonline\/produs\/masina-tuns-gazon-makita-dlm462z\/#primaryimage","url":"https:\/\/eurotech-iasi.ro\/magazinonline\/wp-content\/uploads\/2024\/04\/Masina-tuns-gazon-Makita-DLM462Z-2.jpg","contentUrl":"https:\/\/eurotech-iasi.ro\/magazinonline\/wp-content\/uploads\/2024\/04\/Masina-tuns-gazon-Makita-DLM462Z-2.jpg","width":750,"height":750,"caption":"Masina tuns gazon Makita DLM462Z"},{"@type":"BreadcrumbList","@id":"https:\/\/eurotech-iasi.ro\/magazinonline\/produs\/masina-tuns-gazon-makita-dlm462z\/#breadcrumb","itemListElement":[{"@type":"ListItem","position":1,"name":"Prima pagin\u0103","item":"https:\/\/eurotech-iasi.ro\/magazinonline\/"},{"@type":"ListItem","position":2,"name":"Shop","item":"https:\/\/eurotech-iasi.ro\/magazinonline\/shop\/"},{"@type":"ListItem","position":3,"name":"Masina tuns gazon Makita DLM462Z"}]},{"@type":"WebSite","@id":"https:\/\/eurotech-iasi.ro\/magazinonline\/#website","url":"https:\/\/eurotech-iasi.ro\/magazinonline\/","name":"Eurotech Iasi","description":"Cu oameni seriosi","publisher":{"@id":"https:\/\/eurotech-iasi.ro\/magazinonline\/#organization"},"potentialAction":[{"@type":"SearchAction","target":{"@type":"EntryPoint","urlTemplate":"https:\/\/eurotech-iasi.ro\/magazinonline\/?s={search_term_string}"},"query-input":{"@type":"PropertyValueSpecification","valueRequired":true,"valueName":"search_term_string"}}],"inLanguage":"ro-RO"},{"@type":"Organization","@id":"https:\/\/eurotech-iasi.ro\/magazinonline\/#organization","name":"Eurotech Iasi","url":"https:\/\/eurotech-iasi.ro\/magazinonline\/","logo":{"@type":"ImageObject","inLanguage":"ro-RO","@id":"https:\/\/eurotech-iasi.ro\/magazinonline\/#\/schema\/logo\/image\/","url":"https:\/\/eurotech-iasi.ro\/magazinonline\/wp-content\/uploads\/2020\/08\/logo-eurotech.png","contentUrl":"https:\/\/eurotech-iasi.ro\/magazinonline\/wp-content\/uploads\/2020\/08\/logo-eurotech.png","width":290,"height":70,"caption":"Eurotech Iasi"},"image":{"@id":"https:\/\/eurotech-iasi.ro\/magazinonline\/#\/schema\/logo\/image\/"},"sameAs":["https:\/\/www.facebook.com\/EurotechIasi\/"]}]}},"_links":{"self":[{"href":"https:\/\/eurotech-iasi.ro\/magazinonline\/wp-json\/wp\/v2\/product\/104397","targetHints":{"allow":["GET"]}}],"collection":[{"href":"https:\/\/eurotech-iasi.ro\/magazinonline\/wp-json\/wp\/v2\/product"}],"about":[{"href":"https:\/\/eurotech-iasi.ro\/magazinonline\/wp-json\/wp\/v2\/types\/product"}],"replies":[{"embeddable":true,"href":"https:\/\/eurotech-iasi.ro\/magazinonline\/wp-json\/wp\/v2\/comments?post=104397"}],"wp:featuredmedia":[{"embeddable":true,"href":"https:\/\/eurotech-iasi.ro\/magazinonline\/wp-json\/wp\/v2\/media\/104405"}],"wp:attachment":[{"href":"https:\/\/eurotech-iasi.ro\/magazinonline\/wp-json\/wp\/v2\/media?parent=104397"}],"wp:term":[{"taxonomy":"product_cat","embeddable":true,"href":"https:\/\/eurotech-iasi.ro\/magazinonline\/wp-json\/wp\/v2\/product_cat?post=104397"},{"taxonomy":"product_tag","embeddable":true,"href":"https:\/\/eurotech-iasi.ro\/magazinonline\/wp-json\/wp\/v2\/product_tag?post=104397"},{"taxonomy":"woo-feed-brand","embeddable":true,"href":"https:\/\/eurotech-iasi.ro\/magazinonline\/wp-json\/wp\/v2\/woo-feed-brand?post=104397"}],"curies":[{"name":"wp","href":"https:\/\/api.w.org\/{rel}","templated":true}]}}