{"id":104752,"date":"2024-04-25T14:14:54","date_gmt":"2024-04-25T11:14:54","guid":{"rendered":"https:\/\/eurotech-iasi.ro\/magazinonline\/?post_type=product&#038;p=104752"},"modified":"2025-02-05T14:46:00","modified_gmt":"2025-02-05T12:46:00","slug":"transpalet-cu-lift-1000-kg-inox-hx10m-pramac","status":"publish","type":"product","link":"https:\/\/eurotech-iasi.ro\/magazinonline\/produs\/transpalet-cu-lift-1000-kg-inox-hx10m-pramac\/","title":{"rendered":"Transpalet cu lift 1000 kg INOX HX10M PRAMAC"},"content":{"rendered":"<p><strong><span class=\"base\" data-ui-id=\"page-title-wrapper\">Transpalet cu lift<\/span> 1000 kg <span class=\"base\" data-ui-id=\"page-title-wrapper\">INOX <\/span><span class=\"base\" data-ui-id=\"page-title-wrapper\">HX10M<\/span> PRAMAC, <\/strong>dimensiuni furci <span class=\"base\" data-ui-id=\"page-title-wrapper\">1150X540,<\/span> <span class=\"base\" data-ui-id=\"page-title-wrapper\"> face posibila ridicarea la o inaltime de pana la 800 mm datorita pompei hidraulice manuale fiabile si mentinerea marfurilor la inaltimea adecvata pentru colectarea\/depunerea\/ sortarea incarcaturilor cu reducerea efortului operatorului.<\/span><\/p>\n<p><strong><span class=\"base\" data-ui-id=\"page-title-wrapper\">Transpalet cu lift<\/span> 1000 kg <span class=\"base\" data-ui-id=\"page-title-wrapper\">INOX <\/span><span class=\"base\" data-ui-id=\"page-title-wrapper\">HX10M<\/span> PRAMAC<\/strong> este construit in intregime din otel inoxidabil AISI 304 (inclusiv pompa si pistonul) potrivite pentru a lucra in mediu agresiv si medii corozive unde curatenia si igiena sunt cerinte obligatorii si unde exista o problema serioasa de coroziune legata de utilizarea acizilor corozivi si a solutiilor saline.<\/p>\n<p><strong>Caracteristici constructive &#8211; <span class=\"base\" data-ui-id=\"page-title-wrapper\">Transpalet cu lift<\/span> 1000 kg <span class=\"base\" data-ui-id=\"page-title-wrapper\">INOX <\/span><span class=\"base\" data-ui-id=\"page-title-wrapper\">HX10M<\/span> PRAMAC:<\/strong><\/p>\n<ul>\n<li>\u00a0ridicarea se face facil datorita unitatii hidraulice, putand ridica greutati de pana la 150 kg si transporta in pozitie normala pana la 1000 kg.<\/li>\n<li>datorita cadrului din otel inoxidabil Inox AISI 304, electrofinisat, si a componentelor turnate din alama, transpaletul are rezistenta optima impotriva coroziunii si garanteaza maxima igiena si poate fi utilizat in industrii precum cea alimentara, farmaceutica sau chimica.<\/li>\n<\/ul>\n<h2><strong>Avantaje &#8211; <span class=\"base\" data-ui-id=\"page-title-wrapper\">Transpalet cu lift<\/span> 1000 kg <span class=\"base\" data-ui-id=\"page-title-wrapper\">INOX <\/span><span class=\"base\" data-ui-id=\"page-title-wrapper\">HX10M<\/span> PRAMAC:<\/strong><\/h2>\n<ul>\n<li>Sasiu personalizat pentru a face fata sarcinilor speciale<\/li>\n<li>Lungime si latime furci personalizate<\/li>\n<li>Otel inoxidabil AISI 304 electrolustruit, rulmenti impermeabili etansati, bucsele din poliamida fac ca <strong>HX10M INOX<\/strong> sa se potriveasca cu industria alimentara, industria agroalimentara, chimica si farmaceutica. Este rezistent la coroziune, manevrabil si ergonomic si este construit pentru a rezista la curatarea si dezinfectia regulate la inalta presiune, satisfacand cele mai stricte norme igienice si reguli.<\/li>\n<li>Stabilitatea masinii este obtinuta prin utilizarea rolelor mai mari a stabilizatorilor din spate<\/li>\n<li>Pompa rezistenta si fiabila din otel inoxidabil, dintr-o singura piesa, care include: \u2022 PISTON DE RIDICARE: Tip monopiston pentru a permite stabilitate maxima si cu greutati incarcaturi si asigurand o mare fiabilitate \u2022 VALVA DE PRESIUNE MAXIMA: dispozitiv de siguranta care asigura transpaletul impotriva supraincarcarilor. Cand presiunea din interiorul circuitului hidraulic depaseste valoarea de calibrare setata in functie de debitul nominal maxim, supapa blocheaza automat furcile.<\/li>\n<\/ul>\n<h3>Specificatii tehnice &#8211; Masa hidraulica de ridicat LT15 PRAMAC:<\/h3>\n<p><em><strong>Descriere<\/strong><\/em><\/p>\n<ul>\n<li>Comanda Manual<\/li>\n<li>Pozi\u0163ie operare Pedestru<\/li>\n<li>Capacitate maxima Q Kg 1000<\/li>\n<li>Distan\u0163a la centrul de aplicare al sarcinii c mm 600<\/li>\n<li>Sarcina de la osie la capatul furcilor x mm 155<\/li>\n<li>Ampatament y mm 1230<\/li>\n<\/ul>\n<p><em><strong>Greutati<\/strong><\/em><\/p>\n<ul>\n<li>Greutate de operare Kg 110<\/li>\n<li>Sarcina osie, incarcare pe spate Kg 568<\/li>\n<li>Sarcina osie, incarcare pe fa\u0163a Kg 542<\/li>\n<li>Sarcina osie, liber fa\u0163a Kg 42<\/li>\n<li>Sarcina osie, liber spate Kg 68<\/li>\n<\/ul>\n<p><em><strong>Cauciucuri\/\u015easiuri<\/strong><\/em><\/p>\n<ul>\n<li>Cauciucuri: ro\u0163i direc\u0163ie NYLON\/POLY<\/li>\n<li>Cauciucuri: transportoare cu role POLY<\/li>\n<li>Marime cauciuc: ro\u0163i direc\u0163ie &#8211; La\u0163ime mm 85<\/li>\n<li>Marime cauciuc: ro\u0163i direc\u0163ie &#8211; Diametru mm 175<\/li>\n<li>Marime cauciuc: transportoare cu role &#8211; Diametru mm 82<\/li>\n<li>Marime cauciuc: transportoare cu role &#8211; La\u0163ime mm 90<\/li>\n<li>Dimensiune cauciuc: roti spate nr 2<\/li>\n<li>Dimensiune cauciuc: roti fata nr 2<\/li>\n<li>Ecartament, fa\u0163a b10 mm 550<\/li>\n<li>Ecartament, spate b11 mm 550<\/li>\n<\/ul>\n<p>Dimensiuni<\/p>\n<ul>\n<li>Inaltime stivuitor h3 mm 715<\/li>\n<li>Height of tiller in drive position min h14 mm 1190<\/li>\n<li>Inaltime, coborat h13 mm 85<\/li>\n<li>Lungime globala l1 mm 1500<\/li>\n<li>Distanta pana la suprafa\u0163a frontala a furcilor l2 mm 355<\/li>\n<li>Latime globala b1\/ b2 &#8211; mm 550<\/li>\n<li>Dimensiuni furca &#8211; grosime s mm 85<\/li>\n<li>Dimensiuni furca &#8211; Latime e mm 170<\/li>\n<li>Dimensiuni furca &#8211; Lungime l mm 1150<\/li>\n<li>Distanta intre furci b5 mm 550<\/li>\n<li>Garda la sol \u015fi mijloc ampatament m2 mm 15<\/li>\n<li>La\u0163ime culoar Ast mm 1707<\/li>\n<li>Raza de virare Wa mm 1345<\/li>\n<\/ul>\n<p>Performante<\/p>\n<ul>\n<li>Viteza de ridicare, incarcat strokes 48<\/li>\n<li>Viteza de ridicare, descarcat strokes 16<\/li>\n<\/ul>\n","protected":false},"excerpt":{"rendered":"<p><strong><span class=\"base\" data-ui-id=\"page-title-wrapper\">Transpalet cu lift<\/span> 1000 kg <span class=\"base\" data-ui-id=\"page-title-wrapper\">INOX <\/span><span class=\"base\" data-ui-id=\"page-title-wrapper\">HX10M<\/span> PRAMAC, <\/strong>dimensiuni furci <span class=\"base\" data-ui-id=\"page-title-wrapper\">1150X540,<\/span> <span class=\"base\" data-ui-id=\"page-title-wrapper\"> face posibila ridicarea la o inaltime de pana la 800 mm datorita pompei hidraulice manuale fiabile si mentinerea marfurilor la inaltimea adecvata pentru colectarea\/depunerea\/ sortarea incarcaturilor cu reducerea efortului operatorului.<\/span><\/p>\n<p><em><strong>Cod produs: <span class=\"base\" data-ui-id=\"page-title-wrapper\">GT0420VB8I0<\/span><\/strong><\/em><\/p>\n<p><span style=\"color: #ff0000;\"><em><strong>*Livrare in 7-10 zile de la comanda. *Costul de transport se va discuta la comanda ferma!<\/strong><\/em><\/span><\/p>\n","protected":false},"featured_media":104909,"comment_status":"open","ping_status":"closed","template":"","meta":{"_acf_changed":false},"product_cat":[8028,4345,8187],"product_tag":[],"woo-feed-brand":[],"class_list":{"0":"post-104752","1":"product","2":"type-product","3":"status-publish","4":"has-post-thumbnail","6":"product_brand-pramac","7":"product_cat-transpaleti","8":"product_cat-utilaje-de-constructii","9":"product_cat-utilaje-de-ridicat-si-transport","10":"pa_brand-pramac","11":"pa_elevare-totala-510-mm","12":"pa_sarcina-maxima-150-kg","14":"first","15":"instock","16":"purchasable","17":"product-type-simple"},"acf":[],"yoast_head":"<!-- This site is optimized with the Yoast SEO plugin v27.5 - https:\/\/yoast.com\/product\/yoast-seo-wordpress\/ -->\n<title>Transpalet cu lift 1000 kg INOX HX10M PRAMAC - Eurotech Iasi<\/title>\n<meta name=\"description\" content=\"Transpalet manual PRAMAC GS BASIC 22S4 este ideal pentru ridicarea si transportul de sarcini in paleti sau containere de dimensiuni standard.\" \/>\n<meta name=\"robots\" content=\"index, follow, max-snippet:-1, max-image-preview:large, max-video-preview:-1\" \/>\n<link rel=\"canonical\" href=\"https:\/\/eurotech-iasi.ro\/magazinonline\/produs\/transpalet-cu-lift-1000-kg-inox-hx10m-pramac\/\" \/>\n<meta property=\"og:locale\" content=\"ro_RO\" \/>\n<meta property=\"og:type\" content=\"article\" \/>\n<meta property=\"og:title\" content=\"Transpalet cu lift 1000 kg INOX HX10M PRAMAC - Eurotech Iasi\" \/>\n<meta property=\"og:description\" content=\"Transpalet manual PRAMAC GS BASIC 22S4 este ideal pentru ridicarea si transportul de sarcini in paleti sau containere de dimensiuni standard.\" \/>\n<meta property=\"og:url\" content=\"https:\/\/eurotech-iasi.ro\/magazinonline\/produs\/transpalet-cu-lift-1000-kg-inox-hx10m-pramac\/\" \/>\n<meta property=\"og:site_name\" content=\"Eurotech Iasi\" \/>\n<meta property=\"article:publisher\" content=\"https:\/\/www.facebook.com\/EurotechIasi\/\" \/>\n<meta property=\"article:modified_time\" content=\"2025-02-05T12:46:00+00:00\" \/>\n<meta property=\"og:image\" content=\"https:\/\/eurotech-iasi.ro\/magazinonline\/wp-content\/uploads\/2024\/04\/Transpalet-cu-lift-1000-kg-INOX-HX10M-PRAMAC-3.jpg\" \/>\n\t<meta property=\"og:image:width\" content=\"750\" \/>\n\t<meta property=\"og:image:height\" content=\"750\" \/>\n\t<meta property=\"og:image:type\" content=\"image\/jpeg\" \/>\n<meta name=\"twitter:label1\" content=\"Timp estimat pentru citire\" \/>\n\t<meta name=\"twitter:data1\" content=\"3 minute\" \/>\n<script type=\"application\/ld+json\" class=\"yoast-schema-graph\">{\"@context\":\"https:\\\/\\\/schema.org\",\"@graph\":[{\"@type\":\"WebPage\",\"@id\":\"https:\\\/\\\/eurotech-iasi.ro\\\/magazinonline\\\/produs\\\/transpalet-cu-lift-1000-kg-inox-hx10m-pramac\\\/\",\"url\":\"https:\\\/\\\/eurotech-iasi.ro\\\/magazinonline\\\/produs\\\/transpalet-cu-lift-1000-kg-inox-hx10m-pramac\\\/\",\"name\":\"Transpalet cu lift 1000 kg INOX HX10M PRAMAC - Eurotech Iasi\",\"isPartOf\":{\"@id\":\"https:\\\/\\\/eurotech-iasi.ro\\\/magazinonline\\\/#website\"},\"primaryImageOfPage\":{\"@id\":\"https:\\\/\\\/eurotech-iasi.ro\\\/magazinonline\\\/produs\\\/transpalet-cu-lift-1000-kg-inox-hx10m-pramac\\\/#primaryimage\"},\"image\":{\"@id\":\"https:\\\/\\\/eurotech-iasi.ro\\\/magazinonline\\\/produs\\\/transpalet-cu-lift-1000-kg-inox-hx10m-pramac\\\/#primaryimage\"},\"thumbnailUrl\":\"https:\\\/\\\/eurotech-iasi.ro\\\/magazinonline\\\/wp-content\\\/uploads\\\/2024\\\/04\\\/Transpalet-cu-lift-1000-kg-INOX-HX10M-PRAMAC-3.jpg\",\"datePublished\":\"2024-04-25T11:14:54+00:00\",\"dateModified\":\"2025-02-05T12:46:00+00:00\",\"description\":\"Transpalet manual PRAMAC GS BASIC 22S4 este ideal pentru ridicarea si transportul de sarcini in paleti sau containere de dimensiuni standard.\",\"breadcrumb\":{\"@id\":\"https:\\\/\\\/eurotech-iasi.ro\\\/magazinonline\\\/produs\\\/transpalet-cu-lift-1000-kg-inox-hx10m-pramac\\\/#breadcrumb\"},\"inLanguage\":\"ro-RO\",\"potentialAction\":[{\"@type\":\"ReadAction\",\"target\":[\"https:\\\/\\\/eurotech-iasi.ro\\\/magazinonline\\\/produs\\\/transpalet-cu-lift-1000-kg-inox-hx10m-pramac\\\/\"]}]},{\"@type\":\"ImageObject\",\"inLanguage\":\"ro-RO\",\"@id\":\"https:\\\/\\\/eurotech-iasi.ro\\\/magazinonline\\\/produs\\\/transpalet-cu-lift-1000-kg-inox-hx10m-pramac\\\/#primaryimage\",\"url\":\"https:\\\/\\\/eurotech-iasi.ro\\\/magazinonline\\\/wp-content\\\/uploads\\\/2024\\\/04\\\/Transpalet-cu-lift-1000-kg-INOX-HX10M-PRAMAC-3.jpg\",\"contentUrl\":\"https:\\\/\\\/eurotech-iasi.ro\\\/magazinonline\\\/wp-content\\\/uploads\\\/2024\\\/04\\\/Transpalet-cu-lift-1000-kg-INOX-HX10M-PRAMAC-3.jpg\",\"width\":750,\"height\":750,\"caption\":\"Transpalet cu lift 1000 kg INOX HX10M PRAMAC\"},{\"@type\":\"BreadcrumbList\",\"@id\":\"https:\\\/\\\/eurotech-iasi.ro\\\/magazinonline\\\/produs\\\/transpalet-cu-lift-1000-kg-inox-hx10m-pramac\\\/#breadcrumb\",\"itemListElement\":[{\"@type\":\"ListItem\",\"position\":1,\"name\":\"Prima pagin\u0103\",\"item\":\"https:\\\/\\\/eurotech-iasi.ro\\\/magazinonline\\\/\"},{\"@type\":\"ListItem\",\"position\":2,\"name\":\"Shop\",\"item\":\"https:\\\/\\\/eurotech-iasi.ro\\\/magazinonline\\\/shop\\\/\"},{\"@type\":\"ListItem\",\"position\":3,\"name\":\"Transpalet cu lift 1000 kg INOX HX10M PRAMAC\"}]},{\"@type\":\"WebSite\",\"@id\":\"https:\\\/\\\/eurotech-iasi.ro\\\/magazinonline\\\/#website\",\"url\":\"https:\\\/\\\/eurotech-iasi.ro\\\/magazinonline\\\/\",\"name\":\"Eurotech Iasi\",\"description\":\"Cu oameni seriosi\",\"publisher\":{\"@id\":\"https:\\\/\\\/eurotech-iasi.ro\\\/magazinonline\\\/#organization\"},\"potentialAction\":[{\"@type\":\"SearchAction\",\"target\":{\"@type\":\"EntryPoint\",\"urlTemplate\":\"https:\\\/\\\/eurotech-iasi.ro\\\/magazinonline\\\/?s={search_term_string}\"},\"query-input\":{\"@type\":\"PropertyValueSpecification\",\"valueRequired\":true,\"valueName\":\"search_term_string\"}}],\"inLanguage\":\"ro-RO\"},{\"@type\":\"Organization\",\"@id\":\"https:\\\/\\\/eurotech-iasi.ro\\\/magazinonline\\\/#organization\",\"name\":\"Eurotech Iasi\",\"url\":\"https:\\\/\\\/eurotech-iasi.ro\\\/magazinonline\\\/\",\"logo\":{\"@type\":\"ImageObject\",\"inLanguage\":\"ro-RO\",\"@id\":\"https:\\\/\\\/eurotech-iasi.ro\\\/magazinonline\\\/#\\\/schema\\\/logo\\\/image\\\/\",\"url\":\"https:\\\/\\\/eurotech-iasi.ro\\\/magazinonline\\\/wp-content\\\/uploads\\\/2020\\\/08\\\/logo-eurotech.png\",\"contentUrl\":\"https:\\\/\\\/eurotech-iasi.ro\\\/magazinonline\\\/wp-content\\\/uploads\\\/2020\\\/08\\\/logo-eurotech.png\",\"width\":290,\"height\":70,\"caption\":\"Eurotech Iasi\"},\"image\":{\"@id\":\"https:\\\/\\\/eurotech-iasi.ro\\\/magazinonline\\\/#\\\/schema\\\/logo\\\/image\\\/\"},\"sameAs\":[\"https:\\\/\\\/www.facebook.com\\\/EurotechIasi\\\/\"]}]}<\/script>\n<!-- \/ Yoast SEO plugin. -->","yoast_head_json":{"title":"Transpalet cu lift 1000 kg INOX HX10M PRAMAC - Eurotech Iasi","description":"Transpalet manual PRAMAC GS BASIC 22S4 este ideal pentru ridicarea si transportul de sarcini in paleti sau containere de dimensiuni standard.","robots":{"index":"index","follow":"follow","max-snippet":"max-snippet:-1","max-image-preview":"max-image-preview:large","max-video-preview":"max-video-preview:-1"},"canonical":"https:\/\/eurotech-iasi.ro\/magazinonline\/produs\/transpalet-cu-lift-1000-kg-inox-hx10m-pramac\/","og_locale":"ro_RO","og_type":"article","og_title":"Transpalet cu lift 1000 kg INOX HX10M PRAMAC - Eurotech Iasi","og_description":"Transpalet manual PRAMAC GS BASIC 22S4 este ideal pentru ridicarea si transportul de sarcini in paleti sau containere de dimensiuni standard.","og_url":"https:\/\/eurotech-iasi.ro\/magazinonline\/produs\/transpalet-cu-lift-1000-kg-inox-hx10m-pramac\/","og_site_name":"Eurotech Iasi","article_publisher":"https:\/\/www.facebook.com\/EurotechIasi\/","article_modified_time":"2025-02-05T12:46:00+00:00","og_image":[{"width":750,"height":750,"url":"https:\/\/eurotech-iasi.ro\/magazinonline\/wp-content\/uploads\/2024\/04\/Transpalet-cu-lift-1000-kg-INOX-HX10M-PRAMAC-3.jpg","type":"image\/jpeg"}],"twitter_misc":{"Timp estimat pentru citire":"3 minute"},"schema":{"@context":"https:\/\/schema.org","@graph":[{"@type":"WebPage","@id":"https:\/\/eurotech-iasi.ro\/magazinonline\/produs\/transpalet-cu-lift-1000-kg-inox-hx10m-pramac\/","url":"https:\/\/eurotech-iasi.ro\/magazinonline\/produs\/transpalet-cu-lift-1000-kg-inox-hx10m-pramac\/","name":"Transpalet cu lift 1000 kg INOX HX10M PRAMAC - Eurotech Iasi","isPartOf":{"@id":"https:\/\/eurotech-iasi.ro\/magazinonline\/#website"},"primaryImageOfPage":{"@id":"https:\/\/eurotech-iasi.ro\/magazinonline\/produs\/transpalet-cu-lift-1000-kg-inox-hx10m-pramac\/#primaryimage"},"image":{"@id":"https:\/\/eurotech-iasi.ro\/magazinonline\/produs\/transpalet-cu-lift-1000-kg-inox-hx10m-pramac\/#primaryimage"},"thumbnailUrl":"https:\/\/eurotech-iasi.ro\/magazinonline\/wp-content\/uploads\/2024\/04\/Transpalet-cu-lift-1000-kg-INOX-HX10M-PRAMAC-3.jpg","datePublished":"2024-04-25T11:14:54+00:00","dateModified":"2025-02-05T12:46:00+00:00","description":"Transpalet manual PRAMAC GS BASIC 22S4 este ideal pentru ridicarea si transportul de sarcini in paleti sau containere de dimensiuni standard.","breadcrumb":{"@id":"https:\/\/eurotech-iasi.ro\/magazinonline\/produs\/transpalet-cu-lift-1000-kg-inox-hx10m-pramac\/#breadcrumb"},"inLanguage":"ro-RO","potentialAction":[{"@type":"ReadAction","target":["https:\/\/eurotech-iasi.ro\/magazinonline\/produs\/transpalet-cu-lift-1000-kg-inox-hx10m-pramac\/"]}]},{"@type":"ImageObject","inLanguage":"ro-RO","@id":"https:\/\/eurotech-iasi.ro\/magazinonline\/produs\/transpalet-cu-lift-1000-kg-inox-hx10m-pramac\/#primaryimage","url":"https:\/\/eurotech-iasi.ro\/magazinonline\/wp-content\/uploads\/2024\/04\/Transpalet-cu-lift-1000-kg-INOX-HX10M-PRAMAC-3.jpg","contentUrl":"https:\/\/eurotech-iasi.ro\/magazinonline\/wp-content\/uploads\/2024\/04\/Transpalet-cu-lift-1000-kg-INOX-HX10M-PRAMAC-3.jpg","width":750,"height":750,"caption":"Transpalet cu lift 1000 kg INOX HX10M PRAMAC"},{"@type":"BreadcrumbList","@id":"https:\/\/eurotech-iasi.ro\/magazinonline\/produs\/transpalet-cu-lift-1000-kg-inox-hx10m-pramac\/#breadcrumb","itemListElement":[{"@type":"ListItem","position":1,"name":"Prima pagin\u0103","item":"https:\/\/eurotech-iasi.ro\/magazinonline\/"},{"@type":"ListItem","position":2,"name":"Shop","item":"https:\/\/eurotech-iasi.ro\/magazinonline\/shop\/"},{"@type":"ListItem","position":3,"name":"Transpalet cu lift 1000 kg INOX HX10M PRAMAC"}]},{"@type":"WebSite","@id":"https:\/\/eurotech-iasi.ro\/magazinonline\/#website","url":"https:\/\/eurotech-iasi.ro\/magazinonline\/","name":"Eurotech Iasi","description":"Cu oameni seriosi","publisher":{"@id":"https:\/\/eurotech-iasi.ro\/magazinonline\/#organization"},"potentialAction":[{"@type":"SearchAction","target":{"@type":"EntryPoint","urlTemplate":"https:\/\/eurotech-iasi.ro\/magazinonline\/?s={search_term_string}"},"query-input":{"@type":"PropertyValueSpecification","valueRequired":true,"valueName":"search_term_string"}}],"inLanguage":"ro-RO"},{"@type":"Organization","@id":"https:\/\/eurotech-iasi.ro\/magazinonline\/#organization","name":"Eurotech Iasi","url":"https:\/\/eurotech-iasi.ro\/magazinonline\/","logo":{"@type":"ImageObject","inLanguage":"ro-RO","@id":"https:\/\/eurotech-iasi.ro\/magazinonline\/#\/schema\/logo\/image\/","url":"https:\/\/eurotech-iasi.ro\/magazinonline\/wp-content\/uploads\/2020\/08\/logo-eurotech.png","contentUrl":"https:\/\/eurotech-iasi.ro\/magazinonline\/wp-content\/uploads\/2020\/08\/logo-eurotech.png","width":290,"height":70,"caption":"Eurotech Iasi"},"image":{"@id":"https:\/\/eurotech-iasi.ro\/magazinonline\/#\/schema\/logo\/image\/"},"sameAs":["https:\/\/www.facebook.com\/EurotechIasi\/"]}]}},"_links":{"self":[{"href":"https:\/\/eurotech-iasi.ro\/magazinonline\/wp-json\/wp\/v2\/product\/104752","targetHints":{"allow":["GET"]}}],"collection":[{"href":"https:\/\/eurotech-iasi.ro\/magazinonline\/wp-json\/wp\/v2\/product"}],"about":[{"href":"https:\/\/eurotech-iasi.ro\/magazinonline\/wp-json\/wp\/v2\/types\/product"}],"replies":[{"embeddable":true,"href":"https:\/\/eurotech-iasi.ro\/magazinonline\/wp-json\/wp\/v2\/comments?post=104752"}],"wp:featuredmedia":[{"embeddable":true,"href":"https:\/\/eurotech-iasi.ro\/magazinonline\/wp-json\/wp\/v2\/media\/104909"}],"wp:attachment":[{"href":"https:\/\/eurotech-iasi.ro\/magazinonline\/wp-json\/wp\/v2\/media?parent=104752"}],"wp:term":[{"taxonomy":"product_cat","embeddable":true,"href":"https:\/\/eurotech-iasi.ro\/magazinonline\/wp-json\/wp\/v2\/product_cat?post=104752"},{"taxonomy":"product_tag","embeddable":true,"href":"https:\/\/eurotech-iasi.ro\/magazinonline\/wp-json\/wp\/v2\/product_tag?post=104752"},{"taxonomy":"woo-feed-brand","embeddable":true,"href":"https:\/\/eurotech-iasi.ro\/magazinonline\/wp-json\/wp\/v2\/woo-feed-brand?post=104752"}],"curies":[{"name":"wp","href":"https:\/\/api.w.org\/{rel}","templated":true}]}}