{"id":104940,"date":"2024-05-02T10:14:12","date_gmt":"2024-05-02T07:14:12","guid":{"rendered":"https:\/\/eurotech-iasi.ro\/magazinonline\/?post_type=product&#038;p=104940"},"modified":"2025-01-24T22:22:36","modified_gmt":"2025-01-24T20:22:36","slug":"generator-curent-inverter-monofazat-2-kw-pmi2000-pramac","status":"publish","type":"product","link":"https:\/\/eurotech-iasi.ro\/magazinonline\/produs\/generator-curent-inverter-monofazat-2-kw-pmi2000-pramac\/","title":{"rendered":"Generator curent inverter monofazat 2 kW PMi2000 PRAMAC"},"content":{"rendered":"<p><strong>Generator curent inverter monofazat 2 kW PMi2000 PRAMAC <\/strong>este solutia optima pentru cei care doresc sa combine functionarea silentioasa cu consumul scazut de combustibil si cu o tensiune stabilizata.<br \/>\nGeneratorul este echipat cu aceasta tehnologie INVERTER si poate suporta dispozitive electrice cu componente sensibile.<br \/>\nGenerator portabil, compact, silentios, u\u015for de manipulat \u015fi recomandat pentru alimentarea consumatorilor sensibili la fluctuatii de tensiune sau frecventa cum ar fi echipamentele de masura mobile, computere, sisteme audio-video, case de vacanta etc.<\/p>\n<h2>Avantaje &#8211; Generator curent inverter monofazat 2 kW PMi2000 PRAMAC :<\/h2>\n<ul>\n<li>Design compact, generator digital cu tehnologie &#8220;inverter&#8221;.<\/li>\n<li>Motor Pramac monocilindru, OHV, 4 timpi, racire cu aer<\/li>\n<li>Tehnologia INVERTER foloseste un microprocesor pentru a stabiliza tensiunea, astfel incat nu vor fi fluctuatii de tensiune. Invertorul este capabil sa ajusteze viteza motorului in functie de incarcarea necesara. Aceasta reduce consumul de combustibil, emisiile de carbon si zgomotul.<\/li>\n<li>Datorita greutatii reduse si designului compact, permite o flexibilitate si o usurinta la utilizare crescuta. Generatoarele echipate cu aceasta tehnologie INVERTER pot suporta dispozitive electrice cu componente sensibile.<\/li>\n<li>Esapament din INOX cu carcasa fonoizolanta.<\/li>\n<li>Buson umplere benzina prevazut cu filtru, supapa de aerisire si pompa primer pentru pornire usoara la rece.<\/li>\n<li>Ideal pentru alimentarea celor mai pretentiosi consumatori, instrumente electronice si muzicale, calculatoare, camping etc.<\/li>\n<li>Poate fi folosit cu succes si ca sursa secundara de curent pentru locuinte sau case de vacanta.<\/li>\n<li>Iesire curent continuu: 12V-6 A<\/li>\n<li>Motor Pramac 160F monocilindru, 113cmc, 2,2kW<\/li>\n<li>Tip motor: OHC, 4 timpi, racire cu aer<\/li>\n<li>Turatie nominala: 3900 rpm<\/li>\n<li>Autonomie la 75%: 3,5 ore<\/li>\n<li>Ulei motor SAE 10W40, 0.4l<\/li>\n<li>Carcasa: insonorizata<\/li>\n<li>Presiuen acustica: 89 dB<\/li>\n<li>Nivel de zgomot: 61 dB(A) la 7m<\/li>\n<\/ul>\n<h3>Specificatii tehnice &#8211; Generator curent inverter monofazat 2 kW PMi2000 PRAMAC :<\/h3>\n<ul>\n<li><strong>Tensiune iesire:\u00a0<\/strong>220 V<\/li>\n<li><strong>Putere maxima:\u00a0<\/strong>2.0 kW<\/li>\n<li><strong>Putere continua la 220V:\u00a0<\/strong>01.6 kW<\/li>\n<li><strong>Regulator de tensiune (AVR):\u00a0<\/strong>Da<\/li>\n<li><strong>Marca motor:\u00a0<\/strong>Pramac<\/li>\n<li><strong>Tip motor: 160F &#8211; <\/strong>OHV &#8211; 1 cilindru, 4 timpi, racire cu aer<\/li>\n<li><strong>Combustibil:\u00a0<\/strong>Benzina<\/li>\n<li><strong>Tip pornire:\u00a0<\/strong>la sfoara<\/li>\n<li><strong>Capacitate cilindrica:\u00a0<\/strong>55 cmc<\/li>\n<li><strong>Consum combustibil (@50%): <\/strong>1.2 l\/h<\/li>\n<li><strong>Capacitate rezervor combustibil:\u00a0<\/strong>3.5 l<\/li>\n<li><strong>Autonomie (@ 50%): <\/strong>3.0 h<\/li>\n<li><strong>Volum baie ulei:\u00a0<\/strong>0.45 l<\/li>\n<li><strong>Contor ore:\u00a0<\/strong>Da<\/li>\n<li><strong>Voltmetru:\u00a0<\/strong>Da<\/li>\n<li><strong>Prize:<\/strong> 2 x 220 V Schuko 16 A<\/li>\n<li><strong>Senzor lipsa ulei :\u00a0<\/strong>Da<\/li>\n<li><strong>Clasa de protectie:\u00a0<\/strong>IP23<\/li>\n<li><strong>Putere sonora LwA:\u00a0<\/strong>89 dB<\/li>\n<li><strong>Nivel de zgomot (LpA, la 7m):\u00a0<\/strong>61 dB(A)<\/li>\n<li><strong>Dimensiuni: <\/strong>535 x 305 x 460 mm<\/li>\n<li><strong>Greutate:<\/strong> 22\u00a0kg<\/li>\n<\/ul>\n<p><strong><em>Set de livrare:<\/em><\/strong><\/p>\n<ul>\n<li>Protectie lipsa ulei<\/li>\n<li>Cabluri 12V cu cleme-crocodil<\/li>\n<li>Stabilizator de tensiune (AVR)<\/li>\n<li>2 Prize monofazate schuko de 16 A<\/li>\n<li>Priza 12V 6A pentru incarcat acumulatori sau alte aplicatii<\/li>\n<\/ul>\n<p>&nbsp;<\/p>\n","protected":false},"excerpt":{"rendered":"<p><strong>Generator curent inverter monofazat 2 kW PMi2000 PRAMAC <\/strong>este echipat cu aceasta tehnologie INVERTER si poate suporta dispozitive electrice cu componente sensibile. Generator portabil, compact, silentios, u\u015for de manipulat \u015fi recomandat pentru alimentarea consumatorilor sensibili la fluctua\u0163ii de tensiune sau frecventa cum ar fi echipamentele de masura mobile, computere, sisteme audio-video, case de vacanta etc.<\/p>\n<p><em><strong>Cod produs: PR162SXIY00<\/strong><\/em><\/p>\n<p><span style=\"color: #ff0000;\"><em><strong>*Livrare in cca. 3-5 zile<\/strong><\/em><\/span><\/p>\n","protected":false},"featured_media":104946,"comment_status":"open","ping_status":"closed","template":"","meta":{"_acf_changed":false},"product_cat":[4340,4395],"product_tag":[],"woo-feed-brand":[],"class_list":{"0":"post-104940","1":"product","2":"type-product","3":"status-publish","4":"has-post-thumbnail","6":"product_brand-pramac","7":"product_cat-generatoare-de-curent","8":"product_cat-generatoare-monofazate","9":"pa_brand-pramac","10":"pa_capacitate-rezervor-3-5-l","11":"pa_capacitate-rezervor-ulei-0-45-l","12":"pa_combustibil-benzina-2","13":"pa_dimensiuni-535-x-305-x-460-mm","14":"pa_frecventa-50-hz","15":"pa_greutate-22-kg-2","16":"pa_putere-maxima-2-0-kw","17":"pa_voltaj-motor-230-v","19":"first","20":"instock","21":"shipping-taxable","22":"purchasable","23":"product-type-simple"},"acf":[],"yoast_head":"<!-- This site is optimized with the Yoast SEO plugin v27.5 - https:\/\/yoast.com\/product\/yoast-seo-wordpress\/ -->\n<title>Generator curent inverter monofazat 2 kW PMi2000 PRAMAC - Eurotech Iasi<\/title>\n<meta name=\"description\" content=\"Generator invertor de curent SENCI SC4000iE-O este ideal pentru uz casnic dar si comercial si are o greutate redusa.\" \/>\n<meta name=\"robots\" content=\"index, follow, max-snippet:-1, max-image-preview:large, max-video-preview:-1\" \/>\n<link rel=\"canonical\" href=\"https:\/\/eurotech-iasi.ro\/magazinonline\/produs\/generator-curent-inverter-monofazat-2-kw-pmi2000-pramac\/\" \/>\n<meta property=\"og:locale\" content=\"ro_RO\" \/>\n<meta property=\"og:type\" content=\"article\" \/>\n<meta property=\"og:title\" content=\"Generator curent inverter monofazat 2 kW PMi2000 PRAMAC - Eurotech Iasi\" \/>\n<meta property=\"og:description\" content=\"Generator invertor de curent SENCI SC4000iE-O este ideal pentru uz casnic dar si comercial si are o greutate redusa.\" \/>\n<meta property=\"og:url\" content=\"https:\/\/eurotech-iasi.ro\/magazinonline\/produs\/generator-curent-inverter-monofazat-2-kw-pmi2000-pramac\/\" \/>\n<meta property=\"og:site_name\" content=\"Eurotech Iasi\" \/>\n<meta property=\"article:publisher\" content=\"https:\/\/www.facebook.com\/EurotechIasi\/\" \/>\n<meta property=\"article:modified_time\" content=\"2025-01-24T20:22:36+00:00\" \/>\n<meta property=\"og:image\" content=\"https:\/\/eurotech-iasi.ro\/magazinonline\/wp-content\/uploads\/2024\/05\/Generator-curent-inverter-monofazat-2-kW-PMi2000-PRAMAC-2.png\" \/>\n\t<meta property=\"og:image:width\" content=\"750\" \/>\n\t<meta property=\"og:image:height\" content=\"750\" \/>\n\t<meta property=\"og:image:type\" content=\"image\/png\" \/>\n<meta name=\"twitter:label1\" content=\"Timp estimat pentru citire\" \/>\n\t<meta name=\"twitter:data1\" content=\"2 minute\" \/>\n<script type=\"application\/ld+json\" class=\"yoast-schema-graph\">{\"@context\":\"https:\\\/\\\/schema.org\",\"@graph\":[{\"@type\":\"WebPage\",\"@id\":\"https:\\\/\\\/eurotech-iasi.ro\\\/magazinonline\\\/produs\\\/generator-curent-inverter-monofazat-2-kw-pmi2000-pramac\\\/\",\"url\":\"https:\\\/\\\/eurotech-iasi.ro\\\/magazinonline\\\/produs\\\/generator-curent-inverter-monofazat-2-kw-pmi2000-pramac\\\/\",\"name\":\"Generator curent inverter monofazat 2 kW PMi2000 PRAMAC - Eurotech Iasi\",\"isPartOf\":{\"@id\":\"https:\\\/\\\/eurotech-iasi.ro\\\/magazinonline\\\/#website\"},\"primaryImageOfPage\":{\"@id\":\"https:\\\/\\\/eurotech-iasi.ro\\\/magazinonline\\\/produs\\\/generator-curent-inverter-monofazat-2-kw-pmi2000-pramac\\\/#primaryimage\"},\"image\":{\"@id\":\"https:\\\/\\\/eurotech-iasi.ro\\\/magazinonline\\\/produs\\\/generator-curent-inverter-monofazat-2-kw-pmi2000-pramac\\\/#primaryimage\"},\"thumbnailUrl\":\"https:\\\/\\\/eurotech-iasi.ro\\\/magazinonline\\\/wp-content\\\/uploads\\\/2024\\\/05\\\/Generator-curent-inverter-monofazat-2-kW-PMi2000-PRAMAC-2.png\",\"datePublished\":\"2024-05-02T07:14:12+00:00\",\"dateModified\":\"2025-01-24T20:22:36+00:00\",\"description\":\"Generator invertor de curent SENCI SC4000iE-O este ideal pentru uz casnic dar si comercial si are o greutate redusa.\",\"breadcrumb\":{\"@id\":\"https:\\\/\\\/eurotech-iasi.ro\\\/magazinonline\\\/produs\\\/generator-curent-inverter-monofazat-2-kw-pmi2000-pramac\\\/#breadcrumb\"},\"inLanguage\":\"ro-RO\",\"potentialAction\":[{\"@type\":\"ReadAction\",\"target\":[\"https:\\\/\\\/eurotech-iasi.ro\\\/magazinonline\\\/produs\\\/generator-curent-inverter-monofazat-2-kw-pmi2000-pramac\\\/\"]}]},{\"@type\":\"ImageObject\",\"inLanguage\":\"ro-RO\",\"@id\":\"https:\\\/\\\/eurotech-iasi.ro\\\/magazinonline\\\/produs\\\/generator-curent-inverter-monofazat-2-kw-pmi2000-pramac\\\/#primaryimage\",\"url\":\"https:\\\/\\\/eurotech-iasi.ro\\\/magazinonline\\\/wp-content\\\/uploads\\\/2024\\\/05\\\/Generator-curent-inverter-monofazat-2-kW-PMi2000-PRAMAC-2.png\",\"contentUrl\":\"https:\\\/\\\/eurotech-iasi.ro\\\/magazinonline\\\/wp-content\\\/uploads\\\/2024\\\/05\\\/Generator-curent-inverter-monofazat-2-kW-PMi2000-PRAMAC-2.png\",\"width\":750,\"height\":750,\"caption\":\"Generator curent inverter monofazat 2 kW PMi2000 PRAMAC\"},{\"@type\":\"BreadcrumbList\",\"@id\":\"https:\\\/\\\/eurotech-iasi.ro\\\/magazinonline\\\/produs\\\/generator-curent-inverter-monofazat-2-kw-pmi2000-pramac\\\/#breadcrumb\",\"itemListElement\":[{\"@type\":\"ListItem\",\"position\":1,\"name\":\"Prima pagin\u0103\",\"item\":\"https:\\\/\\\/eurotech-iasi.ro\\\/magazinonline\\\/\"},{\"@type\":\"ListItem\",\"position\":2,\"name\":\"Shop\",\"item\":\"https:\\\/\\\/eurotech-iasi.ro\\\/magazinonline\\\/shop\\\/\"},{\"@type\":\"ListItem\",\"position\":3,\"name\":\"Generator curent inverter monofazat 2 kW PMi2000 PRAMAC\"}]},{\"@type\":\"WebSite\",\"@id\":\"https:\\\/\\\/eurotech-iasi.ro\\\/magazinonline\\\/#website\",\"url\":\"https:\\\/\\\/eurotech-iasi.ro\\\/magazinonline\\\/\",\"name\":\"Eurotech Iasi\",\"description\":\"Cu oameni seriosi\",\"publisher\":{\"@id\":\"https:\\\/\\\/eurotech-iasi.ro\\\/magazinonline\\\/#organization\"},\"potentialAction\":[{\"@type\":\"SearchAction\",\"target\":{\"@type\":\"EntryPoint\",\"urlTemplate\":\"https:\\\/\\\/eurotech-iasi.ro\\\/magazinonline\\\/?s={search_term_string}\"},\"query-input\":{\"@type\":\"PropertyValueSpecification\",\"valueRequired\":true,\"valueName\":\"search_term_string\"}}],\"inLanguage\":\"ro-RO\"},{\"@type\":\"Organization\",\"@id\":\"https:\\\/\\\/eurotech-iasi.ro\\\/magazinonline\\\/#organization\",\"name\":\"Eurotech Iasi\",\"url\":\"https:\\\/\\\/eurotech-iasi.ro\\\/magazinonline\\\/\",\"logo\":{\"@type\":\"ImageObject\",\"inLanguage\":\"ro-RO\",\"@id\":\"https:\\\/\\\/eurotech-iasi.ro\\\/magazinonline\\\/#\\\/schema\\\/logo\\\/image\\\/\",\"url\":\"https:\\\/\\\/eurotech-iasi.ro\\\/magazinonline\\\/wp-content\\\/uploads\\\/2020\\\/08\\\/logo-eurotech.png\",\"contentUrl\":\"https:\\\/\\\/eurotech-iasi.ro\\\/magazinonline\\\/wp-content\\\/uploads\\\/2020\\\/08\\\/logo-eurotech.png\",\"width\":290,\"height\":70,\"caption\":\"Eurotech Iasi\"},\"image\":{\"@id\":\"https:\\\/\\\/eurotech-iasi.ro\\\/magazinonline\\\/#\\\/schema\\\/logo\\\/image\\\/\"},\"sameAs\":[\"https:\\\/\\\/www.facebook.com\\\/EurotechIasi\\\/\"]}]}<\/script>\n<!-- \/ Yoast SEO plugin. -->","yoast_head_json":{"title":"Generator curent inverter monofazat 2 kW PMi2000 PRAMAC - Eurotech Iasi","description":"Generator invertor de curent SENCI SC4000iE-O este ideal pentru uz casnic dar si comercial si are o greutate redusa.","robots":{"index":"index","follow":"follow","max-snippet":"max-snippet:-1","max-image-preview":"max-image-preview:large","max-video-preview":"max-video-preview:-1"},"canonical":"https:\/\/eurotech-iasi.ro\/magazinonline\/produs\/generator-curent-inverter-monofazat-2-kw-pmi2000-pramac\/","og_locale":"ro_RO","og_type":"article","og_title":"Generator curent inverter monofazat 2 kW PMi2000 PRAMAC - Eurotech Iasi","og_description":"Generator invertor de curent SENCI SC4000iE-O este ideal pentru uz casnic dar si comercial si are o greutate redusa.","og_url":"https:\/\/eurotech-iasi.ro\/magazinonline\/produs\/generator-curent-inverter-monofazat-2-kw-pmi2000-pramac\/","og_site_name":"Eurotech Iasi","article_publisher":"https:\/\/www.facebook.com\/EurotechIasi\/","article_modified_time":"2025-01-24T20:22:36+00:00","og_image":[{"width":750,"height":750,"url":"https:\/\/eurotech-iasi.ro\/magazinonline\/wp-content\/uploads\/2024\/05\/Generator-curent-inverter-monofazat-2-kW-PMi2000-PRAMAC-2.png","type":"image\/png"}],"twitter_misc":{"Timp estimat pentru citire":"2 minute"},"schema":{"@context":"https:\/\/schema.org","@graph":[{"@type":"WebPage","@id":"https:\/\/eurotech-iasi.ro\/magazinonline\/produs\/generator-curent-inverter-monofazat-2-kw-pmi2000-pramac\/","url":"https:\/\/eurotech-iasi.ro\/magazinonline\/produs\/generator-curent-inverter-monofazat-2-kw-pmi2000-pramac\/","name":"Generator curent inverter monofazat 2 kW PMi2000 PRAMAC - Eurotech Iasi","isPartOf":{"@id":"https:\/\/eurotech-iasi.ro\/magazinonline\/#website"},"primaryImageOfPage":{"@id":"https:\/\/eurotech-iasi.ro\/magazinonline\/produs\/generator-curent-inverter-monofazat-2-kw-pmi2000-pramac\/#primaryimage"},"image":{"@id":"https:\/\/eurotech-iasi.ro\/magazinonline\/produs\/generator-curent-inverter-monofazat-2-kw-pmi2000-pramac\/#primaryimage"},"thumbnailUrl":"https:\/\/eurotech-iasi.ro\/magazinonline\/wp-content\/uploads\/2024\/05\/Generator-curent-inverter-monofazat-2-kW-PMi2000-PRAMAC-2.png","datePublished":"2024-05-02T07:14:12+00:00","dateModified":"2025-01-24T20:22:36+00:00","description":"Generator invertor de curent SENCI SC4000iE-O este ideal pentru uz casnic dar si comercial si are o greutate redusa.","breadcrumb":{"@id":"https:\/\/eurotech-iasi.ro\/magazinonline\/produs\/generator-curent-inverter-monofazat-2-kw-pmi2000-pramac\/#breadcrumb"},"inLanguage":"ro-RO","potentialAction":[{"@type":"ReadAction","target":["https:\/\/eurotech-iasi.ro\/magazinonline\/produs\/generator-curent-inverter-monofazat-2-kw-pmi2000-pramac\/"]}]},{"@type":"ImageObject","inLanguage":"ro-RO","@id":"https:\/\/eurotech-iasi.ro\/magazinonline\/produs\/generator-curent-inverter-monofazat-2-kw-pmi2000-pramac\/#primaryimage","url":"https:\/\/eurotech-iasi.ro\/magazinonline\/wp-content\/uploads\/2024\/05\/Generator-curent-inverter-monofazat-2-kW-PMi2000-PRAMAC-2.png","contentUrl":"https:\/\/eurotech-iasi.ro\/magazinonline\/wp-content\/uploads\/2024\/05\/Generator-curent-inverter-monofazat-2-kW-PMi2000-PRAMAC-2.png","width":750,"height":750,"caption":"Generator curent inverter monofazat 2 kW PMi2000 PRAMAC"},{"@type":"BreadcrumbList","@id":"https:\/\/eurotech-iasi.ro\/magazinonline\/produs\/generator-curent-inverter-monofazat-2-kw-pmi2000-pramac\/#breadcrumb","itemListElement":[{"@type":"ListItem","position":1,"name":"Prima pagin\u0103","item":"https:\/\/eurotech-iasi.ro\/magazinonline\/"},{"@type":"ListItem","position":2,"name":"Shop","item":"https:\/\/eurotech-iasi.ro\/magazinonline\/shop\/"},{"@type":"ListItem","position":3,"name":"Generator curent inverter monofazat 2 kW PMi2000 PRAMAC"}]},{"@type":"WebSite","@id":"https:\/\/eurotech-iasi.ro\/magazinonline\/#website","url":"https:\/\/eurotech-iasi.ro\/magazinonline\/","name":"Eurotech Iasi","description":"Cu oameni seriosi","publisher":{"@id":"https:\/\/eurotech-iasi.ro\/magazinonline\/#organization"},"potentialAction":[{"@type":"SearchAction","target":{"@type":"EntryPoint","urlTemplate":"https:\/\/eurotech-iasi.ro\/magazinonline\/?s={search_term_string}"},"query-input":{"@type":"PropertyValueSpecification","valueRequired":true,"valueName":"search_term_string"}}],"inLanguage":"ro-RO"},{"@type":"Organization","@id":"https:\/\/eurotech-iasi.ro\/magazinonline\/#organization","name":"Eurotech Iasi","url":"https:\/\/eurotech-iasi.ro\/magazinonline\/","logo":{"@type":"ImageObject","inLanguage":"ro-RO","@id":"https:\/\/eurotech-iasi.ro\/magazinonline\/#\/schema\/logo\/image\/","url":"https:\/\/eurotech-iasi.ro\/magazinonline\/wp-content\/uploads\/2020\/08\/logo-eurotech.png","contentUrl":"https:\/\/eurotech-iasi.ro\/magazinonline\/wp-content\/uploads\/2020\/08\/logo-eurotech.png","width":290,"height":70,"caption":"Eurotech Iasi"},"image":{"@id":"https:\/\/eurotech-iasi.ro\/magazinonline\/#\/schema\/logo\/image\/"},"sameAs":["https:\/\/www.facebook.com\/EurotechIasi\/"]}]}},"_links":{"self":[{"href":"https:\/\/eurotech-iasi.ro\/magazinonline\/wp-json\/wp\/v2\/product\/104940","targetHints":{"allow":["GET"]}}],"collection":[{"href":"https:\/\/eurotech-iasi.ro\/magazinonline\/wp-json\/wp\/v2\/product"}],"about":[{"href":"https:\/\/eurotech-iasi.ro\/magazinonline\/wp-json\/wp\/v2\/types\/product"}],"replies":[{"embeddable":true,"href":"https:\/\/eurotech-iasi.ro\/magazinonline\/wp-json\/wp\/v2\/comments?post=104940"}],"wp:featuredmedia":[{"embeddable":true,"href":"https:\/\/eurotech-iasi.ro\/magazinonline\/wp-json\/wp\/v2\/media\/104946"}],"wp:attachment":[{"href":"https:\/\/eurotech-iasi.ro\/magazinonline\/wp-json\/wp\/v2\/media?parent=104940"}],"wp:term":[{"taxonomy":"product_cat","embeddable":true,"href":"https:\/\/eurotech-iasi.ro\/magazinonline\/wp-json\/wp\/v2\/product_cat?post=104940"},{"taxonomy":"product_tag","embeddable":true,"href":"https:\/\/eurotech-iasi.ro\/magazinonline\/wp-json\/wp\/v2\/product_tag?post=104940"},{"taxonomy":"woo-feed-brand","embeddable":true,"href":"https:\/\/eurotech-iasi.ro\/magazinonline\/wp-json\/wp\/v2\/woo-feed-brand?post=104940"}],"curies":[{"name":"wp","href":"https:\/\/api.w.org\/{rel}","templated":true}]}}