{"id":105429,"date":"2024-05-22T13:21:05","date_gmt":"2024-05-22T10:21:05","guid":{"rendered":"https:\/\/eurotech-iasi.ro\/magazinonline\/?post_type=product&#038;p=105429"},"modified":"2025-02-05T16:42:44","modified_gmt":"2025-02-05T14:42:44","slug":"generator-curent-trifazat-carcasat-automatizat-pramac-gbw15p","status":"publish","type":"product","link":"https:\/\/eurotech-iasi.ro\/magazinonline\/produs\/generator-curent-trifazat-carcasat-automatizat-pramac-gbw15p\/","title":{"rendered":"Generator curent trifazat carcasat automatizat PRAMAC GBW15P"},"content":{"rendered":"<p><strong>Pramac<\/strong> este unul din cei mai consacrati producatori de generatoare profesionale din lume, oferind service si piese de schimb pentru orice model de generator Pramac produs vreodata, ofera consultanta personalizata pentru fiecare proiect in parte si solutiile cele mai bune.<\/p>\n<p><strong><span class=\"base\" data-ui-id=\"page-title-wrapper\">Generator curent trifazat carcasat automatizat PRAMAC GBW15P <\/span><\/strong><span class=\"base\" data-ui-id=\"page-title-wrapper\">cu o putere maxima de <\/span><span class=\"base\" data-ui-id=\"page-title-wrapper\"><strong>14 kVA<\/strong>, face parte din seria generatoarelor profesionale diesel, racit cu apa, carcasat. Alternatorul are o structura mecanica robusta care permite accesul usor la conexiuni si componente in timpul interven\u0163iilor de intretinere de rutina.<br \/>\n<\/span><\/p>\n<p>Prime power (PRP) reprezinta puterea continua pe care un grup electrogen este capabil sa o asigure in mod continuu in timp ce alimenteaza o sarcina electrica variabila, atunci cand functioneaza pentru un numar nelimitat de ore pe an, in conditiile de exploatare convenite, intervalele de mentenanta si procedurile fiind efectuate in modul stabilit de catre producator.<\/p>\n<p>Standby power (ESP) reprezinta puterea maxima disponibila la o sarcina variabila, in conditiile de functionare prevazute, pe care un grup electrogen este capabil sa o asigure, in caz de pana de curent sau in conditii de testare, intervalele si procedurile de mentenanta fiind efectuate in modul stabilit de producator.<\/p>\n<h2 class=\"page-title\">Echipare generator &#8211; Generator curent trifazat carcasat automatizat PRAMAC GBW15P<span class=\"base\" data-ui-id=\"page-title-wrapper\">:<\/span><\/h2>\n<p>SASIU DE BAZA FABRICAT DIN PROFIL SUDAT DE OTEL DOTAT CU:<br \/>\n\u2022 Suporti anti-vibratie dimensionati corespunzator<br \/>\n\u2022 Picioare de sustinere sudate.<br \/>\n\u2022 Indicator vizual al nivelului de combustibil<\/p>\n<p>REZERVOR COMBUSTIBIL DIN PLASTIC DOTAT CU:<br \/>\n\u2022 Stut de umplere<br \/>\n\u2022 Gura de aer (tub ventilatie)<br \/>\n\u2022 Realimentare extern\u0103 combustibil<\/p>\n<p>TUB SCURGERE ULEI CU CAPAC:<br \/>\n\u2022 Facilitati de scurgere a uleiului<\/p>\n<p>CARCASA:<br \/>\n\u2022 Carcasa (armatura) generatorului este izolata fonic, individuala, dotat\u0103 cu brate si manere pneumatice pentru ridicarea armaturii, pentru a permite accesul facil la grupul electrogen \u00een vederea i\u00eentretinerii.<br \/>\n\u2022 Operatiuni simple de manipulare cu ochet individual de ridicare<\/p>\n<p>IZOLARE FONICA:<br \/>\n\u2022 Atenuarea zgomotului datorata materialului izolator fonic (spuma poliuretanica) si amortizor propriu eficient plasat in interiorul carcasei.<\/p>\n<h3>Specificatii tehnice &#8211; Generator curent trifazat carcasat automatizat PRAMAC GBW15P:<\/h3>\n<p><strong>Tensiune\u00a0 \u00a0&#8211; <\/strong>400<strong> \/<\/strong>\u00a050 Hz<br \/>\n<strong>Putere maxima ESP &#8211; <\/strong>14.10 kVA<strong>\u00a0 \/ <\/strong>11.28 kW<br \/>\n<strong>Putere nominala continua PRP &#8211;\u00a0<\/strong> 12.72 kVA <strong>\/ <\/strong>10.18 kW<br \/>\n<strong>Sistem de racire motor &#8211;<\/strong> apa<br \/>\n<strong>Factor de putere &#8211; cos \u03d5<\/strong> &#8211; 0.8<br \/>\n<strong>Marca motor &#8211; Perkins\u00a0<\/strong><br \/>\n<strong>Model motor &#8211;<\/strong> 403D-15G<br \/>\n<strong>Emisii de e\u015fapament optimizate pentru 97\/68 50Hz (COM)<\/strong> &#8211; Nereglementat<br \/>\n<strong>Sistem de reglare viteza<\/strong> &#8211; Mecanic<br \/>\n<strong>Tip alternator &#8211; cu perii<\/strong><br \/>\n<strong>Combustibil &#8211; <\/strong>Motorina (diesel)<br \/>\n<strong>Tip pornire &#8211; <\/strong>Electrica la cheie<br \/>\n<strong>Tip constructiv<\/strong> &#8211; cu carcasa insonorizata<br \/>\n<strong>Capacitate cilindrica &#8211; <\/strong>1496 cmc<br \/>\n<strong>Nr. cilindri \/ dispunere<\/strong> &#8211; 3 \/ in linie<br \/>\n<strong>Model alternator &#8211;<\/strong> E1S13SB<br \/>\n<strong>Producator alternator &#8211;<\/strong>\u00a0 Linz, model E1S13MD<br \/>\n<strong>Tip alternator<\/strong> &#8211; cu perii<br \/>\n<strong>Toleranta tensiune<\/strong> &#8211; 4 %<br \/>\n<strong>Turatie nominala motor &#8211; <\/strong>3000 rpm<br \/>\n<strong>Control turatie &#8211;<\/strong> mecanic<br \/>\n<strong>Consum combustibil (@75%) &#8211; <\/strong>2.74 l\/h<br \/>\n<strong>Consum combustibil (@ 100%) &#8211; <\/strong>3.60 l\/h<br \/>\n<strong>Capacitate rezervor combustibil &#8211; <\/strong>51 l<br \/>\n<strong>Material rezervor de combustibil<\/strong> &#8211; plastic<br \/>\n<strong>Autonomie (@ 75%) &#8211;\u00a0 <\/strong>18.61 h<br \/>\n<strong>Autonomie (@ 100%) &#8211; <\/strong>14.17 h<br \/>\n<strong>ACP &#8211; Panou de comanda automat<\/strong>\u00a0&#8211; da<br \/>\n<strong>Capacitate baterie<\/strong> &#8211; 70 Ah<br \/>\n<strong>Volum baie ulei &#8211; <\/strong>6\u00a0l<br \/>\n<strong>Volum lichid de racire<\/strong> &#8211; 6 l<br \/>\n<strong>Putere sonora LwA &#8211; <\/strong>95 dB<br \/>\n<strong>Nivel de zgomot (LpA, la 7m) &#8211; <\/strong>66 dB(A)<br \/>\n<strong>Dimensiuni (Lxlxh) &#8211; <\/strong>1645 x 870 x 1072 mm<br \/>\n<strong>Greutate fara combustibil &#8211; <\/strong>550 kg<\/p>\n<p id=\"tab-Set de livrare\" class=\"section-title t-font-heading t-config-submenu-items-color\"><em><strong>Set de livrare:<\/strong><\/em><\/p>\n<div class=\"content pb-50\">\n<div class=\"product-description-content\">\n<ul>\n<li>Sistem de alimentare cu &#8211; Pompa de tip rotativ<\/li>\n<li>Sistem de ulei de lubrifiere &#8211; Baia de otel umeda cu umplere si joja<\/li>\n<li>Filtre:<br \/>\n\u2022 Filtru de combustibil<br \/>\n\u2022 Filtru de aer<br \/>\n\u2022 Filtru de ulei<\/li>\n<li>Sistem de racire &#8211; Radiator montat &#8211; Sistem controlat termostatic cu pompa de lichid de racire actionata cu curea si ventilator impingator<\/li>\n<li>MPF &#8211; PANOU COMANDA MANUAL OPTIUNI COMPLETE STATIONAR &#8211; Montat pe grupul electrogen si dotat cu: instrumentar analog, comenzi, protectia grupul generator, protejat prin usa cu maner blocabil<\/li>\n<li>Voltmetru<\/li>\n<li>Ampermetru<\/li>\n<li>Contor orar<\/li>\n<li>1 priza x 3P+N+T CEE 400V 32A<\/li>\n<li>1 priza x 3P+N+T CEE 400V 16A<\/li>\n<li>2 priza x 2P+T CEE 230V 16A<\/li>\n<li>1 priza x 230V 16A SCHUKO<\/li>\n<\/ul>\n<\/div>\n<div class=\"product-description-content\">\n<p><em><strong>Documente tehnice:<\/strong><\/em><br \/>\n<a href=\"https:\/\/eurotech-iasi.ro\/magazinonline\/wp-content\/uploads\/2024\/05\/GBW15P-2024-05-22-14-37-31.pdf\"><em><strong>Fisa tehnica<\/strong><\/em><\/a><\/p>\n<\/div>\n<\/div>\n","protected":false},"excerpt":{"rendered":"<p><span class=\"base\" data-ui-id=\"page-title-wrapper\"><strong>Generator curent trifazat carcasat automatizat PRAMAC GBW15P<\/strong> cu o putere maxima de <\/span><span class=\"base\" data-ui-id=\"page-title-wrapper\"><strong>14 kVA<\/strong>, face parte din seria generatoarelor profesionale diesel, racit cu apa, carcasat.<\/span><\/p>\n<p><em><strong>Cod produs: SB130TPAY02<\/strong><\/em><\/p>\n<p><span style=\"color: #ff0000;\"><em><strong>*Livrare in 7-10 zile de la comanda. *Costul de transport se va discuta la comanda ferma!<\/strong><\/em><\/span><\/p>\n<p>&nbsp;<\/p>\n","protected":false},"featured_media":105441,"comment_status":"open","ping_status":"closed","template":"","meta":{"_acf_changed":false},"product_cat":[4340,4396],"product_tag":[],"woo-feed-brand":[],"class_list":{"0":"post-105429","1":"product","2":"type-product","3":"status-publish","4":"has-post-thumbnail","6":"product_brand-pramac","7":"product_cat-generatoare-de-curent","8":"product_cat-generatoare-trifazate","9":"pa_brand-pramac","10":"pa_capacitate-rezervor-51-l","11":"pa_dimensiuni-1645-x-870-x-1072-mm","12":"pa_greutate-550-kg","14":"first","15":"instock","16":"purchasable","17":"product-type-simple"},"acf":[],"yoast_head":"<!-- This site is optimized with the Yoast SEO plugin v27.5 - https:\/\/yoast.com\/product\/yoast-seo-wordpress\/ -->\n<title>Generator curent trifazat carcasat automatizat PRAMAC GBW15P - Eurotech Iasi<\/title>\n<meta name=\"description\" content=\"Generator de curent monofazat PX 4000 PRAMAC, puternic, fiabil, montat pe un cadru robust cu roti pentru a fi gata mereu de deplasare si manipulare.\" \/>\n<meta name=\"robots\" content=\"index, follow, max-snippet:-1, max-image-preview:large, max-video-preview:-1\" \/>\n<link rel=\"canonical\" href=\"https:\/\/eurotech-iasi.ro\/magazinonline\/produs\/generator-curent-trifazat-carcasat-automatizat-pramac-gbw15p\/\" \/>\n<meta property=\"og:locale\" content=\"ro_RO\" \/>\n<meta property=\"og:type\" content=\"article\" \/>\n<meta property=\"og:title\" content=\"Generator curent trifazat carcasat automatizat PRAMAC GBW15P - Eurotech Iasi\" \/>\n<meta property=\"og:description\" content=\"Generator de curent monofazat PX 4000 PRAMAC, puternic, fiabil, montat pe un cadru robust cu roti pentru a fi gata mereu de deplasare si manipulare.\" \/>\n<meta property=\"og:url\" content=\"https:\/\/eurotech-iasi.ro\/magazinonline\/produs\/generator-curent-trifazat-carcasat-automatizat-pramac-gbw15p\/\" \/>\n<meta property=\"og:site_name\" content=\"Eurotech Iasi\" \/>\n<meta property=\"article:publisher\" content=\"https:\/\/www.facebook.com\/EurotechIasi\/\" \/>\n<meta property=\"article:modified_time\" content=\"2025-02-05T14:42:44+00:00\" \/>\n<meta property=\"og:image\" content=\"https:\/\/eurotech-iasi.ro\/magazinonline\/wp-content\/uploads\/2024\/05\/Generator-curent-trifazat-carcasat-automatizat-PRAMAC-GBW15P.png\" \/>\n\t<meta property=\"og:image:width\" content=\"750\" \/>\n\t<meta property=\"og:image:height\" content=\"750\" \/>\n\t<meta property=\"og:image:type\" content=\"image\/png\" \/>\n<meta name=\"twitter:label1\" content=\"Timp estimat pentru citire\" \/>\n\t<meta name=\"twitter:data1\" content=\"3 minute\" \/>\n<script type=\"application\/ld+json\" class=\"yoast-schema-graph\">{\"@context\":\"https:\\\/\\\/schema.org\",\"@graph\":[{\"@type\":\"WebPage\",\"@id\":\"https:\\\/\\\/eurotech-iasi.ro\\\/magazinonline\\\/produs\\\/generator-curent-trifazat-carcasat-automatizat-pramac-gbw15p\\\/\",\"url\":\"https:\\\/\\\/eurotech-iasi.ro\\\/magazinonline\\\/produs\\\/generator-curent-trifazat-carcasat-automatizat-pramac-gbw15p\\\/\",\"name\":\"Generator curent trifazat carcasat automatizat PRAMAC GBW15P - Eurotech Iasi\",\"isPartOf\":{\"@id\":\"https:\\\/\\\/eurotech-iasi.ro\\\/magazinonline\\\/#website\"},\"primaryImageOfPage\":{\"@id\":\"https:\\\/\\\/eurotech-iasi.ro\\\/magazinonline\\\/produs\\\/generator-curent-trifazat-carcasat-automatizat-pramac-gbw15p\\\/#primaryimage\"},\"image\":{\"@id\":\"https:\\\/\\\/eurotech-iasi.ro\\\/magazinonline\\\/produs\\\/generator-curent-trifazat-carcasat-automatizat-pramac-gbw15p\\\/#primaryimage\"},\"thumbnailUrl\":\"https:\\\/\\\/eurotech-iasi.ro\\\/magazinonline\\\/wp-content\\\/uploads\\\/2024\\\/05\\\/Generator-curent-trifazat-carcasat-automatizat-PRAMAC-GBW15P.png\",\"datePublished\":\"2024-05-22T10:21:05+00:00\",\"dateModified\":\"2025-02-05T14:42:44+00:00\",\"description\":\"Generator de curent monofazat PX 4000 PRAMAC, puternic, fiabil, montat pe un cadru robust cu roti pentru a fi gata mereu de deplasare si manipulare.\",\"breadcrumb\":{\"@id\":\"https:\\\/\\\/eurotech-iasi.ro\\\/magazinonline\\\/produs\\\/generator-curent-trifazat-carcasat-automatizat-pramac-gbw15p\\\/#breadcrumb\"},\"inLanguage\":\"ro-RO\",\"potentialAction\":[{\"@type\":\"ReadAction\",\"target\":[\"https:\\\/\\\/eurotech-iasi.ro\\\/magazinonline\\\/produs\\\/generator-curent-trifazat-carcasat-automatizat-pramac-gbw15p\\\/\"]}]},{\"@type\":\"ImageObject\",\"inLanguage\":\"ro-RO\",\"@id\":\"https:\\\/\\\/eurotech-iasi.ro\\\/magazinonline\\\/produs\\\/generator-curent-trifazat-carcasat-automatizat-pramac-gbw15p\\\/#primaryimage\",\"url\":\"https:\\\/\\\/eurotech-iasi.ro\\\/magazinonline\\\/wp-content\\\/uploads\\\/2024\\\/05\\\/Generator-curent-trifazat-carcasat-automatizat-PRAMAC-GBW15P.png\",\"contentUrl\":\"https:\\\/\\\/eurotech-iasi.ro\\\/magazinonline\\\/wp-content\\\/uploads\\\/2024\\\/05\\\/Generator-curent-trifazat-carcasat-automatizat-PRAMAC-GBW15P.png\",\"width\":750,\"height\":750,\"caption\":\"Generator curent trifazat carcasat automatizat PRAMAC GBW15P\"},{\"@type\":\"BreadcrumbList\",\"@id\":\"https:\\\/\\\/eurotech-iasi.ro\\\/magazinonline\\\/produs\\\/generator-curent-trifazat-carcasat-automatizat-pramac-gbw15p\\\/#breadcrumb\",\"itemListElement\":[{\"@type\":\"ListItem\",\"position\":1,\"name\":\"Prima pagin\u0103\",\"item\":\"https:\\\/\\\/eurotech-iasi.ro\\\/magazinonline\\\/\"},{\"@type\":\"ListItem\",\"position\":2,\"name\":\"Shop\",\"item\":\"https:\\\/\\\/eurotech-iasi.ro\\\/magazinonline\\\/shop\\\/\"},{\"@type\":\"ListItem\",\"position\":3,\"name\":\"Generator curent trifazat carcasat automatizat PRAMAC GBW15P\"}]},{\"@type\":\"WebSite\",\"@id\":\"https:\\\/\\\/eurotech-iasi.ro\\\/magazinonline\\\/#website\",\"url\":\"https:\\\/\\\/eurotech-iasi.ro\\\/magazinonline\\\/\",\"name\":\"Eurotech Iasi\",\"description\":\"Cu oameni seriosi\",\"publisher\":{\"@id\":\"https:\\\/\\\/eurotech-iasi.ro\\\/magazinonline\\\/#organization\"},\"potentialAction\":[{\"@type\":\"SearchAction\",\"target\":{\"@type\":\"EntryPoint\",\"urlTemplate\":\"https:\\\/\\\/eurotech-iasi.ro\\\/magazinonline\\\/?s={search_term_string}\"},\"query-input\":{\"@type\":\"PropertyValueSpecification\",\"valueRequired\":true,\"valueName\":\"search_term_string\"}}],\"inLanguage\":\"ro-RO\"},{\"@type\":\"Organization\",\"@id\":\"https:\\\/\\\/eurotech-iasi.ro\\\/magazinonline\\\/#organization\",\"name\":\"Eurotech Iasi\",\"url\":\"https:\\\/\\\/eurotech-iasi.ro\\\/magazinonline\\\/\",\"logo\":{\"@type\":\"ImageObject\",\"inLanguage\":\"ro-RO\",\"@id\":\"https:\\\/\\\/eurotech-iasi.ro\\\/magazinonline\\\/#\\\/schema\\\/logo\\\/image\\\/\",\"url\":\"https:\\\/\\\/eurotech-iasi.ro\\\/magazinonline\\\/wp-content\\\/uploads\\\/2020\\\/08\\\/logo-eurotech.png\",\"contentUrl\":\"https:\\\/\\\/eurotech-iasi.ro\\\/magazinonline\\\/wp-content\\\/uploads\\\/2020\\\/08\\\/logo-eurotech.png\",\"width\":290,\"height\":70,\"caption\":\"Eurotech Iasi\"},\"image\":{\"@id\":\"https:\\\/\\\/eurotech-iasi.ro\\\/magazinonline\\\/#\\\/schema\\\/logo\\\/image\\\/\"},\"sameAs\":[\"https:\\\/\\\/www.facebook.com\\\/EurotechIasi\\\/\"]}]}<\/script>\n<!-- \/ Yoast SEO plugin. -->","yoast_head_json":{"title":"Generator curent trifazat carcasat automatizat PRAMAC GBW15P - Eurotech Iasi","description":"Generator de curent monofazat PX 4000 PRAMAC, puternic, fiabil, montat pe un cadru robust cu roti pentru a fi gata mereu de deplasare si manipulare.","robots":{"index":"index","follow":"follow","max-snippet":"max-snippet:-1","max-image-preview":"max-image-preview:large","max-video-preview":"max-video-preview:-1"},"canonical":"https:\/\/eurotech-iasi.ro\/magazinonline\/produs\/generator-curent-trifazat-carcasat-automatizat-pramac-gbw15p\/","og_locale":"ro_RO","og_type":"article","og_title":"Generator curent trifazat carcasat automatizat PRAMAC GBW15P - Eurotech Iasi","og_description":"Generator de curent monofazat PX 4000 PRAMAC, puternic, fiabil, montat pe un cadru robust cu roti pentru a fi gata mereu de deplasare si manipulare.","og_url":"https:\/\/eurotech-iasi.ro\/magazinonline\/produs\/generator-curent-trifazat-carcasat-automatizat-pramac-gbw15p\/","og_site_name":"Eurotech Iasi","article_publisher":"https:\/\/www.facebook.com\/EurotechIasi\/","article_modified_time":"2025-02-05T14:42:44+00:00","og_image":[{"width":750,"height":750,"url":"https:\/\/eurotech-iasi.ro\/magazinonline\/wp-content\/uploads\/2024\/05\/Generator-curent-trifazat-carcasat-automatizat-PRAMAC-GBW15P.png","type":"image\/png"}],"twitter_misc":{"Timp estimat pentru citire":"3 minute"},"schema":{"@context":"https:\/\/schema.org","@graph":[{"@type":"WebPage","@id":"https:\/\/eurotech-iasi.ro\/magazinonline\/produs\/generator-curent-trifazat-carcasat-automatizat-pramac-gbw15p\/","url":"https:\/\/eurotech-iasi.ro\/magazinonline\/produs\/generator-curent-trifazat-carcasat-automatizat-pramac-gbw15p\/","name":"Generator curent trifazat carcasat automatizat PRAMAC GBW15P - Eurotech Iasi","isPartOf":{"@id":"https:\/\/eurotech-iasi.ro\/magazinonline\/#website"},"primaryImageOfPage":{"@id":"https:\/\/eurotech-iasi.ro\/magazinonline\/produs\/generator-curent-trifazat-carcasat-automatizat-pramac-gbw15p\/#primaryimage"},"image":{"@id":"https:\/\/eurotech-iasi.ro\/magazinonline\/produs\/generator-curent-trifazat-carcasat-automatizat-pramac-gbw15p\/#primaryimage"},"thumbnailUrl":"https:\/\/eurotech-iasi.ro\/magazinonline\/wp-content\/uploads\/2024\/05\/Generator-curent-trifazat-carcasat-automatizat-PRAMAC-GBW15P.png","datePublished":"2024-05-22T10:21:05+00:00","dateModified":"2025-02-05T14:42:44+00:00","description":"Generator de curent monofazat PX 4000 PRAMAC, puternic, fiabil, montat pe un cadru robust cu roti pentru a fi gata mereu de deplasare si manipulare.","breadcrumb":{"@id":"https:\/\/eurotech-iasi.ro\/magazinonline\/produs\/generator-curent-trifazat-carcasat-automatizat-pramac-gbw15p\/#breadcrumb"},"inLanguage":"ro-RO","potentialAction":[{"@type":"ReadAction","target":["https:\/\/eurotech-iasi.ro\/magazinonline\/produs\/generator-curent-trifazat-carcasat-automatizat-pramac-gbw15p\/"]}]},{"@type":"ImageObject","inLanguage":"ro-RO","@id":"https:\/\/eurotech-iasi.ro\/magazinonline\/produs\/generator-curent-trifazat-carcasat-automatizat-pramac-gbw15p\/#primaryimage","url":"https:\/\/eurotech-iasi.ro\/magazinonline\/wp-content\/uploads\/2024\/05\/Generator-curent-trifazat-carcasat-automatizat-PRAMAC-GBW15P.png","contentUrl":"https:\/\/eurotech-iasi.ro\/magazinonline\/wp-content\/uploads\/2024\/05\/Generator-curent-trifazat-carcasat-automatizat-PRAMAC-GBW15P.png","width":750,"height":750,"caption":"Generator curent trifazat carcasat automatizat PRAMAC GBW15P"},{"@type":"BreadcrumbList","@id":"https:\/\/eurotech-iasi.ro\/magazinonline\/produs\/generator-curent-trifazat-carcasat-automatizat-pramac-gbw15p\/#breadcrumb","itemListElement":[{"@type":"ListItem","position":1,"name":"Prima pagin\u0103","item":"https:\/\/eurotech-iasi.ro\/magazinonline\/"},{"@type":"ListItem","position":2,"name":"Shop","item":"https:\/\/eurotech-iasi.ro\/magazinonline\/shop\/"},{"@type":"ListItem","position":3,"name":"Generator curent trifazat carcasat automatizat PRAMAC GBW15P"}]},{"@type":"WebSite","@id":"https:\/\/eurotech-iasi.ro\/magazinonline\/#website","url":"https:\/\/eurotech-iasi.ro\/magazinonline\/","name":"Eurotech Iasi","description":"Cu oameni seriosi","publisher":{"@id":"https:\/\/eurotech-iasi.ro\/magazinonline\/#organization"},"potentialAction":[{"@type":"SearchAction","target":{"@type":"EntryPoint","urlTemplate":"https:\/\/eurotech-iasi.ro\/magazinonline\/?s={search_term_string}"},"query-input":{"@type":"PropertyValueSpecification","valueRequired":true,"valueName":"search_term_string"}}],"inLanguage":"ro-RO"},{"@type":"Organization","@id":"https:\/\/eurotech-iasi.ro\/magazinonline\/#organization","name":"Eurotech Iasi","url":"https:\/\/eurotech-iasi.ro\/magazinonline\/","logo":{"@type":"ImageObject","inLanguage":"ro-RO","@id":"https:\/\/eurotech-iasi.ro\/magazinonline\/#\/schema\/logo\/image\/","url":"https:\/\/eurotech-iasi.ro\/magazinonline\/wp-content\/uploads\/2020\/08\/logo-eurotech.png","contentUrl":"https:\/\/eurotech-iasi.ro\/magazinonline\/wp-content\/uploads\/2020\/08\/logo-eurotech.png","width":290,"height":70,"caption":"Eurotech Iasi"},"image":{"@id":"https:\/\/eurotech-iasi.ro\/magazinonline\/#\/schema\/logo\/image\/"},"sameAs":["https:\/\/www.facebook.com\/EurotechIasi\/"]}]}},"_links":{"self":[{"href":"https:\/\/eurotech-iasi.ro\/magazinonline\/wp-json\/wp\/v2\/product\/105429","targetHints":{"allow":["GET"]}}],"collection":[{"href":"https:\/\/eurotech-iasi.ro\/magazinonline\/wp-json\/wp\/v2\/product"}],"about":[{"href":"https:\/\/eurotech-iasi.ro\/magazinonline\/wp-json\/wp\/v2\/types\/product"}],"replies":[{"embeddable":true,"href":"https:\/\/eurotech-iasi.ro\/magazinonline\/wp-json\/wp\/v2\/comments?post=105429"}],"wp:featuredmedia":[{"embeddable":true,"href":"https:\/\/eurotech-iasi.ro\/magazinonline\/wp-json\/wp\/v2\/media\/105441"}],"wp:attachment":[{"href":"https:\/\/eurotech-iasi.ro\/magazinonline\/wp-json\/wp\/v2\/media?parent=105429"}],"wp:term":[{"taxonomy":"product_cat","embeddable":true,"href":"https:\/\/eurotech-iasi.ro\/magazinonline\/wp-json\/wp\/v2\/product_cat?post=105429"},{"taxonomy":"product_tag","embeddable":true,"href":"https:\/\/eurotech-iasi.ro\/magazinonline\/wp-json\/wp\/v2\/product_tag?post=105429"},{"taxonomy":"woo-feed-brand","embeddable":true,"href":"https:\/\/eurotech-iasi.ro\/magazinonline\/wp-json\/wp\/v2\/woo-feed-brand?post=105429"}],"curies":[{"name":"wp","href":"https:\/\/api.w.org\/{rel}","templated":true}]}}