{"id":105838,"date":"2024-06-12T11:03:24","date_gmt":"2024-06-12T08:03:24","guid":{"rendered":"https:\/\/eurotech-iasi.ro\/magazinonline\/?post_type=product&#038;p=105838"},"modified":"2024-06-12T13:28:31","modified_gmt":"2024-06-12T10:28:31","slug":"pompa-airless-wagner-semi-profesionale-finecoat-9700-l","status":"publish","type":"product","link":"https:\/\/eurotech-iasi.ro\/magazinonline\/produs\/pompa-airless-wagner-semi-profesionale-finecoat-9700-l\/","title":{"rendered":"Pompa Airless Wagner Semi-Profesionale FineCoat 9700 L"},"content":{"rendered":"<p><strong>Pompa Airless Wagner Semi-Profesionale FineCoat 9700 L<\/strong>, tehnologie XVLP\/HVLP, putere motor 1.15 kW este ideala pentru emailuri, grunduri, lacuri, materiale pe baza de ulei,<br \/>\npentru proiecte de pana la 200 m\u00b2. Sistemul de pulverizare fina FineCoat 9700 cu tehnologie HVLP este noul specialist in vopsire de la WAGNER.<\/p>\n<h2>Avantaje &#8211; Pompa Airless Wagner Semi-Profesionale FineCoat 9700 L:<\/h2>\n<div class=\"content pb-50\">\n<div class=\"product-description-content blured-desc all-desc-full\">\n<ul>\n<li><strong>Pulverizare fin\u0103 HVLP<\/strong> \u2013 Func\u021bionare simpl\u0103 \u0219i suprafe\u021be perfecte<\/li>\n<li><strong>Filtre de aer duble<\/strong> \u2013 Filtre u\u0219or accesibile cu suprafa\u021b\u0103 mare pentru o atomizare optim\u0103<\/li>\n<li><strong>Pistol HVLP<\/strong> \u2013 Design ergonomic pentru pulverizare usoara<\/li>\n<li><strong>Suport pistol<\/strong> \u2013 Pentru pistoale HVLP cu cup\u0103 de alimentare gravita\u021bional\u0103 (pistol cu cup\u0103 de alimentare gravita\u021bional\u0103 disponibil\u0103 ca accesoriu optional)<\/li>\n<li><strong>Suport pentru pistol FineCoat<\/strong> \u2013 Pentru pauze de lucru, depozitare si transport<\/li>\n<li><strong>Cutie de depozitare integrat\u0103<\/strong> \u2013 Ideal\u0103 pentru accesorii, duze material, unelte \u0219i accesorii de cur\u0103\u021bare<\/li>\n<li><strong>Led de avertizare a filtrului<\/strong>\u00a0\u2013 Arat\u0103 c\u00e2nd trebuie cur\u0103\u021bat sau \u00eenlocuit filtrul<\/li>\n<li>Turbina puternica permite o gama larga de aplicatii interioare si exterioare, care pot fi extinse cu accesorii suplimentare.<\/li>\n<li>Cu pistolul HVLP Ultra rezistent la solventi, toate vopselele obisnuite pe baza de apa si solventi pot fi procesate.<\/li>\n<li>In plus, cu tehnologia de joasa presiune a pulverizatorului FineCoat 9700 suprapulverizarea este minima.<\/li>\n<li>Toate setarile pentru cantitatea de aer si material sunt complet reglabile pe pistol pentru a se potrivi cu obiectul ce trebuie acoperit. In functie de directia de lucru dorita, jetul de pulverizare poate fi reglat orizontal, vertical sau jet rotund pentru suprafete mai mici si lucrari de detaliu.<\/li>\n<li>Tava de depozitare integrata pentru pistol poate fi folosita in pauzele de lucru, pentru depozitare si transport.<\/li>\n<\/ul>\n<h3>Specificatii tehnice &#8211;<strong>Pompa Airless Wagner Semi-Profesionale FineCoat 9700 L<\/strong>:<\/h3>\n<\/div>\n<div>TEHNOLOGIE &#8211; XVLP\/HVLP<br \/>\nVOLTAJ &#8211; 230 V \/ 50 Hz<br \/>\nPORNIRE &#8211; ELECTRICA<br \/>\nPUTERE MOTOR &#8211; 1.15 kW<br \/>\nPRESIUNE OPERARE &#8211; 0,3 bar<br \/>\nFURTUN AER &#8211; 7,6 m<br \/>\nCABLU ELECTRIC &#8211; 4 m<br \/>\nCLASA PROTECTIE &#8211; I<br \/>\nTEMPERATURA MAX. MATERIAL &#8211; 43\u00baC<br \/>\nNIVELUL DE ZGOMOT &#8211; 80 dB(A)<br \/>\nGREUTATE &#8211; 6,8 Kg<\/div>\n<\/div>\n<div>\n<p><strong>Documentatie tehnica:\u00a0<\/strong><\/p>\n<p><a href=\"https:\/\/eurotech-iasi.ro\/magazinonline\/wp-content\/uploads\/2024\/06\/FinishControl-4000-Pulverizator-XVLP-Distribuitor.pdf\"><strong><em>\ud83d\udce5 Fisa tehnica<\/em><\/strong><\/a><br \/>\n<a href=\"https:\/\/eurotech-iasi.ro\/magazinonline\/wp-content\/uploads\/2024\/06\/Manual-de-utilizare-FINE-COAT-9700-Wagner.pdf\"><strong><em>\ud83d\udce5 Manual de utilizare<\/em><\/strong><\/a><\/p>\n<\/div>\n","protected":false},"excerpt":{"rendered":"<p><strong>Pompa Airless Wagner Semi-Profesionale FineCoat 9700 L<\/strong>, tehnologie XVLP\/HVLP, putere motor 1.15 kW este ideala pentru emailuri, grunduri, lacuri, materiale pe baza de ulei,<br \/>\npentru proiecte de pana la 200 m\u00b2<\/p>\n<p><em><strong>Cod produs: 4004025129964<\/strong><\/em><\/p>\n<p>&nbsp;<\/p>\n","protected":false},"featured_media":105850,"comment_status":"open","ping_status":"closed","template":"","meta":{"_acf_changed":false},"product_cat":[7053,12817,12066],"product_tag":[12174,12173,12175],"woo-feed-brand":[],"class_list":{"0":"post-105838","1":"product","2":"type-product","3":"status-publish","4":"has-post-thumbnail","6":"product_brand-wagner","7":"product_cat-pompe-airless","8":"product_cat-pompe-airless-xvlp-hvlp","9":"product_cat-sisteme-de-pompare-si-finisaje-interioare","10":"product_tag-pompa-zopsit","11":"product_tag-pompa-zugravit-si-vopsit-cu-membrana-wagner","12":"product_tag-popma-wagner","13":"pa_brand-wagner","14":"pa_greutate-6-8-kg","15":"pa_putere-motor-1-15-kw","17":"first","18":"instock","19":"purchasable","20":"product-type-simple"},"acf":[],"yoast_head":"<!-- This site is optimized with the Yoast SEO plugin v27.5 - https:\/\/yoast.com\/product\/yoast-seo-wordpress\/ -->\n<title>Pompa Airless Wagner Semi-Profesionale FineCoat 9700 L - Eurotech Iasi<\/title>\n<meta name=\"description\" content=\"Pompa airless WAGNER SuperFinish 23 Plus HEA, este cea mai mica din clasa sa, compacta, usoara si robusta ideala pentru utilizarea pe santier.\" \/>\n<meta name=\"robots\" content=\"index, follow, max-snippet:-1, max-image-preview:large, max-video-preview:-1\" \/>\n<link rel=\"canonical\" href=\"https:\/\/eurotech-iasi.ro\/magazinonline\/produs\/pompa-airless-wagner-semi-profesionale-finecoat-9700-l\/\" \/>\n<meta property=\"og:locale\" content=\"ro_RO\" \/>\n<meta property=\"og:type\" content=\"article\" \/>\n<meta property=\"og:title\" content=\"Pompa Airless Wagner Semi-Profesionale FineCoat 9700 L - Eurotech Iasi\" \/>\n<meta property=\"og:description\" content=\"Pompa airless WAGNER SuperFinish 23 Plus HEA, este cea mai mica din clasa sa, compacta, usoara si robusta ideala pentru utilizarea pe santier.\" \/>\n<meta property=\"og:url\" content=\"https:\/\/eurotech-iasi.ro\/magazinonline\/produs\/pompa-airless-wagner-semi-profesionale-finecoat-9700-l\/\" \/>\n<meta property=\"og:site_name\" content=\"Eurotech Iasi\" \/>\n<meta property=\"article:publisher\" content=\"https:\/\/www.facebook.com\/EurotechIasi\/\" \/>\n<meta property=\"article:modified_time\" content=\"2024-06-12T10:28:31+00:00\" \/>\n<meta property=\"og:image\" content=\"https:\/\/eurotech-iasi.ro\/magazinonline\/wp-content\/uploads\/2024\/06\/Pompa-Airless-Wagner-Semi-Profesionale-FineCoat-9700-L-2.png\" \/>\n\t<meta property=\"og:image:width\" content=\"750\" \/>\n\t<meta property=\"og:image:height\" content=\"750\" \/>\n\t<meta property=\"og:image:type\" content=\"image\/png\" \/>\n<meta name=\"twitter:label1\" content=\"Timp estimat pentru citire\" \/>\n\t<meta name=\"twitter:data1\" content=\"2 minute\" \/>\n<script type=\"application\/ld+json\" class=\"yoast-schema-graph\">{\"@context\":\"https:\\\/\\\/schema.org\",\"@graph\":[{\"@type\":\"WebPage\",\"@id\":\"https:\\\/\\\/eurotech-iasi.ro\\\/magazinonline\\\/produs\\\/pompa-airless-wagner-semi-profesionale-finecoat-9700-l\\\/\",\"url\":\"https:\\\/\\\/eurotech-iasi.ro\\\/magazinonline\\\/produs\\\/pompa-airless-wagner-semi-profesionale-finecoat-9700-l\\\/\",\"name\":\"Pompa Airless Wagner Semi-Profesionale FineCoat 9700 L - Eurotech Iasi\",\"isPartOf\":{\"@id\":\"https:\\\/\\\/eurotech-iasi.ro\\\/magazinonline\\\/#website\"},\"primaryImageOfPage\":{\"@id\":\"https:\\\/\\\/eurotech-iasi.ro\\\/magazinonline\\\/produs\\\/pompa-airless-wagner-semi-profesionale-finecoat-9700-l\\\/#primaryimage\"},\"image\":{\"@id\":\"https:\\\/\\\/eurotech-iasi.ro\\\/magazinonline\\\/produs\\\/pompa-airless-wagner-semi-profesionale-finecoat-9700-l\\\/#primaryimage\"},\"thumbnailUrl\":\"https:\\\/\\\/eurotech-iasi.ro\\\/magazinonline\\\/wp-content\\\/uploads\\\/2024\\\/06\\\/Pompa-Airless-Wagner-Semi-Profesionale-FineCoat-9700-L-2.png\",\"datePublished\":\"2024-06-12T08:03:24+00:00\",\"dateModified\":\"2024-06-12T10:28:31+00:00\",\"description\":\"Pompa airless WAGNER SuperFinish 23 Plus HEA, este cea mai mica din clasa sa, compacta, usoara si robusta ideala pentru utilizarea pe santier.\",\"breadcrumb\":{\"@id\":\"https:\\\/\\\/eurotech-iasi.ro\\\/magazinonline\\\/produs\\\/pompa-airless-wagner-semi-profesionale-finecoat-9700-l\\\/#breadcrumb\"},\"inLanguage\":\"ro-RO\",\"potentialAction\":[{\"@type\":\"ReadAction\",\"target\":[\"https:\\\/\\\/eurotech-iasi.ro\\\/magazinonline\\\/produs\\\/pompa-airless-wagner-semi-profesionale-finecoat-9700-l\\\/\"]}]},{\"@type\":\"ImageObject\",\"inLanguage\":\"ro-RO\",\"@id\":\"https:\\\/\\\/eurotech-iasi.ro\\\/magazinonline\\\/produs\\\/pompa-airless-wagner-semi-profesionale-finecoat-9700-l\\\/#primaryimage\",\"url\":\"https:\\\/\\\/eurotech-iasi.ro\\\/magazinonline\\\/wp-content\\\/uploads\\\/2024\\\/06\\\/Pompa-Airless-Wagner-Semi-Profesionale-FineCoat-9700-L-2.png\",\"contentUrl\":\"https:\\\/\\\/eurotech-iasi.ro\\\/magazinonline\\\/wp-content\\\/uploads\\\/2024\\\/06\\\/Pompa-Airless-Wagner-Semi-Profesionale-FineCoat-9700-L-2.png\",\"width\":750,\"height\":750,\"caption\":\"Pompa Airless Wagner Semi-Profesionale FineCoat 9700 L\"},{\"@type\":\"BreadcrumbList\",\"@id\":\"https:\\\/\\\/eurotech-iasi.ro\\\/magazinonline\\\/produs\\\/pompa-airless-wagner-semi-profesionale-finecoat-9700-l\\\/#breadcrumb\",\"itemListElement\":[{\"@type\":\"ListItem\",\"position\":1,\"name\":\"Prima pagin\u0103\",\"item\":\"https:\\\/\\\/eurotech-iasi.ro\\\/magazinonline\\\/\"},{\"@type\":\"ListItem\",\"position\":2,\"name\":\"Shop\",\"item\":\"https:\\\/\\\/eurotech-iasi.ro\\\/magazinonline\\\/shop\\\/\"},{\"@type\":\"ListItem\",\"position\":3,\"name\":\"Pompa Airless Wagner Semi-Profesionale FineCoat 9700 L\"}]},{\"@type\":\"WebSite\",\"@id\":\"https:\\\/\\\/eurotech-iasi.ro\\\/magazinonline\\\/#website\",\"url\":\"https:\\\/\\\/eurotech-iasi.ro\\\/magazinonline\\\/\",\"name\":\"Eurotech Iasi\",\"description\":\"Cu oameni seriosi\",\"publisher\":{\"@id\":\"https:\\\/\\\/eurotech-iasi.ro\\\/magazinonline\\\/#organization\"},\"potentialAction\":[{\"@type\":\"SearchAction\",\"target\":{\"@type\":\"EntryPoint\",\"urlTemplate\":\"https:\\\/\\\/eurotech-iasi.ro\\\/magazinonline\\\/?s={search_term_string}\"},\"query-input\":{\"@type\":\"PropertyValueSpecification\",\"valueRequired\":true,\"valueName\":\"search_term_string\"}}],\"inLanguage\":\"ro-RO\"},{\"@type\":\"Organization\",\"@id\":\"https:\\\/\\\/eurotech-iasi.ro\\\/magazinonline\\\/#organization\",\"name\":\"Eurotech Iasi\",\"url\":\"https:\\\/\\\/eurotech-iasi.ro\\\/magazinonline\\\/\",\"logo\":{\"@type\":\"ImageObject\",\"inLanguage\":\"ro-RO\",\"@id\":\"https:\\\/\\\/eurotech-iasi.ro\\\/magazinonline\\\/#\\\/schema\\\/logo\\\/image\\\/\",\"url\":\"https:\\\/\\\/eurotech-iasi.ro\\\/magazinonline\\\/wp-content\\\/uploads\\\/2020\\\/08\\\/logo-eurotech.png\",\"contentUrl\":\"https:\\\/\\\/eurotech-iasi.ro\\\/magazinonline\\\/wp-content\\\/uploads\\\/2020\\\/08\\\/logo-eurotech.png\",\"width\":290,\"height\":70,\"caption\":\"Eurotech Iasi\"},\"image\":{\"@id\":\"https:\\\/\\\/eurotech-iasi.ro\\\/magazinonline\\\/#\\\/schema\\\/logo\\\/image\\\/\"},\"sameAs\":[\"https:\\\/\\\/www.facebook.com\\\/EurotechIasi\\\/\"]}]}<\/script>\n<!-- \/ Yoast SEO plugin. -->","yoast_head_json":{"title":"Pompa Airless Wagner Semi-Profesionale FineCoat 9700 L - Eurotech Iasi","description":"Pompa airless WAGNER SuperFinish 23 Plus HEA, este cea mai mica din clasa sa, compacta, usoara si robusta ideala pentru utilizarea pe santier.","robots":{"index":"index","follow":"follow","max-snippet":"max-snippet:-1","max-image-preview":"max-image-preview:large","max-video-preview":"max-video-preview:-1"},"canonical":"https:\/\/eurotech-iasi.ro\/magazinonline\/produs\/pompa-airless-wagner-semi-profesionale-finecoat-9700-l\/","og_locale":"ro_RO","og_type":"article","og_title":"Pompa Airless Wagner Semi-Profesionale FineCoat 9700 L - Eurotech Iasi","og_description":"Pompa airless WAGNER SuperFinish 23 Plus HEA, este cea mai mica din clasa sa, compacta, usoara si robusta ideala pentru utilizarea pe santier.","og_url":"https:\/\/eurotech-iasi.ro\/magazinonline\/produs\/pompa-airless-wagner-semi-profesionale-finecoat-9700-l\/","og_site_name":"Eurotech Iasi","article_publisher":"https:\/\/www.facebook.com\/EurotechIasi\/","article_modified_time":"2024-06-12T10:28:31+00:00","og_image":[{"width":750,"height":750,"url":"https:\/\/eurotech-iasi.ro\/magazinonline\/wp-content\/uploads\/2024\/06\/Pompa-Airless-Wagner-Semi-Profesionale-FineCoat-9700-L-2.png","type":"image\/png"}],"twitter_misc":{"Timp estimat pentru citire":"2 minute"},"schema":{"@context":"https:\/\/schema.org","@graph":[{"@type":"WebPage","@id":"https:\/\/eurotech-iasi.ro\/magazinonline\/produs\/pompa-airless-wagner-semi-profesionale-finecoat-9700-l\/","url":"https:\/\/eurotech-iasi.ro\/magazinonline\/produs\/pompa-airless-wagner-semi-profesionale-finecoat-9700-l\/","name":"Pompa Airless Wagner Semi-Profesionale FineCoat 9700 L - Eurotech Iasi","isPartOf":{"@id":"https:\/\/eurotech-iasi.ro\/magazinonline\/#website"},"primaryImageOfPage":{"@id":"https:\/\/eurotech-iasi.ro\/magazinonline\/produs\/pompa-airless-wagner-semi-profesionale-finecoat-9700-l\/#primaryimage"},"image":{"@id":"https:\/\/eurotech-iasi.ro\/magazinonline\/produs\/pompa-airless-wagner-semi-profesionale-finecoat-9700-l\/#primaryimage"},"thumbnailUrl":"https:\/\/eurotech-iasi.ro\/magazinonline\/wp-content\/uploads\/2024\/06\/Pompa-Airless-Wagner-Semi-Profesionale-FineCoat-9700-L-2.png","datePublished":"2024-06-12T08:03:24+00:00","dateModified":"2024-06-12T10:28:31+00:00","description":"Pompa airless WAGNER SuperFinish 23 Plus HEA, este cea mai mica din clasa sa, compacta, usoara si robusta ideala pentru utilizarea pe santier.","breadcrumb":{"@id":"https:\/\/eurotech-iasi.ro\/magazinonline\/produs\/pompa-airless-wagner-semi-profesionale-finecoat-9700-l\/#breadcrumb"},"inLanguage":"ro-RO","potentialAction":[{"@type":"ReadAction","target":["https:\/\/eurotech-iasi.ro\/magazinonline\/produs\/pompa-airless-wagner-semi-profesionale-finecoat-9700-l\/"]}]},{"@type":"ImageObject","inLanguage":"ro-RO","@id":"https:\/\/eurotech-iasi.ro\/magazinonline\/produs\/pompa-airless-wagner-semi-profesionale-finecoat-9700-l\/#primaryimage","url":"https:\/\/eurotech-iasi.ro\/magazinonline\/wp-content\/uploads\/2024\/06\/Pompa-Airless-Wagner-Semi-Profesionale-FineCoat-9700-L-2.png","contentUrl":"https:\/\/eurotech-iasi.ro\/magazinonline\/wp-content\/uploads\/2024\/06\/Pompa-Airless-Wagner-Semi-Profesionale-FineCoat-9700-L-2.png","width":750,"height":750,"caption":"Pompa Airless Wagner Semi-Profesionale FineCoat 9700 L"},{"@type":"BreadcrumbList","@id":"https:\/\/eurotech-iasi.ro\/magazinonline\/produs\/pompa-airless-wagner-semi-profesionale-finecoat-9700-l\/#breadcrumb","itemListElement":[{"@type":"ListItem","position":1,"name":"Prima pagin\u0103","item":"https:\/\/eurotech-iasi.ro\/magazinonline\/"},{"@type":"ListItem","position":2,"name":"Shop","item":"https:\/\/eurotech-iasi.ro\/magazinonline\/shop\/"},{"@type":"ListItem","position":3,"name":"Pompa Airless Wagner Semi-Profesionale FineCoat 9700 L"}]},{"@type":"WebSite","@id":"https:\/\/eurotech-iasi.ro\/magazinonline\/#website","url":"https:\/\/eurotech-iasi.ro\/magazinonline\/","name":"Eurotech Iasi","description":"Cu oameni seriosi","publisher":{"@id":"https:\/\/eurotech-iasi.ro\/magazinonline\/#organization"},"potentialAction":[{"@type":"SearchAction","target":{"@type":"EntryPoint","urlTemplate":"https:\/\/eurotech-iasi.ro\/magazinonline\/?s={search_term_string}"},"query-input":{"@type":"PropertyValueSpecification","valueRequired":true,"valueName":"search_term_string"}}],"inLanguage":"ro-RO"},{"@type":"Organization","@id":"https:\/\/eurotech-iasi.ro\/magazinonline\/#organization","name":"Eurotech Iasi","url":"https:\/\/eurotech-iasi.ro\/magazinonline\/","logo":{"@type":"ImageObject","inLanguage":"ro-RO","@id":"https:\/\/eurotech-iasi.ro\/magazinonline\/#\/schema\/logo\/image\/","url":"https:\/\/eurotech-iasi.ro\/magazinonline\/wp-content\/uploads\/2020\/08\/logo-eurotech.png","contentUrl":"https:\/\/eurotech-iasi.ro\/magazinonline\/wp-content\/uploads\/2020\/08\/logo-eurotech.png","width":290,"height":70,"caption":"Eurotech Iasi"},"image":{"@id":"https:\/\/eurotech-iasi.ro\/magazinonline\/#\/schema\/logo\/image\/"},"sameAs":["https:\/\/www.facebook.com\/EurotechIasi\/"]}]}},"_links":{"self":[{"href":"https:\/\/eurotech-iasi.ro\/magazinonline\/wp-json\/wp\/v2\/product\/105838","targetHints":{"allow":["GET"]}}],"collection":[{"href":"https:\/\/eurotech-iasi.ro\/magazinonline\/wp-json\/wp\/v2\/product"}],"about":[{"href":"https:\/\/eurotech-iasi.ro\/magazinonline\/wp-json\/wp\/v2\/types\/product"}],"replies":[{"embeddable":true,"href":"https:\/\/eurotech-iasi.ro\/magazinonline\/wp-json\/wp\/v2\/comments?post=105838"}],"wp:featuredmedia":[{"embeddable":true,"href":"https:\/\/eurotech-iasi.ro\/magazinonline\/wp-json\/wp\/v2\/media\/105850"}],"wp:attachment":[{"href":"https:\/\/eurotech-iasi.ro\/magazinonline\/wp-json\/wp\/v2\/media?parent=105838"}],"wp:term":[{"taxonomy":"product_cat","embeddable":true,"href":"https:\/\/eurotech-iasi.ro\/magazinonline\/wp-json\/wp\/v2\/product_cat?post=105838"},{"taxonomy":"product_tag","embeddable":true,"href":"https:\/\/eurotech-iasi.ro\/magazinonline\/wp-json\/wp\/v2\/product_tag?post=105838"},{"taxonomy":"woo-feed-brand","embeddable":true,"href":"https:\/\/eurotech-iasi.ro\/magazinonline\/wp-json\/wp\/v2\/woo-feed-brand?post=105838"}],"curies":[{"name":"wp","href":"https:\/\/api.w.org\/{rel}","templated":true}]}}