{"id":106191,"date":"2024-06-28T15:37:11","date_gmt":"2024-06-28T12:37:11","guid":{"rendered":"https:\/\/eurotech-iasi.ro\/magazinonline\/?post_type=product&#038;p=106191"},"modified":"2025-04-02T16:20:36","modified_gmt":"2025-04-02T13:20:36","slug":"aspirator-industrial-bosch-professional-gas-400-a-1200-w","status":"publish","type":"product","link":"https:\/\/eurotech-iasi.ro\/magazinonline\/produs\/aspirator-industrial-bosch-professional-gas-400-a-1200-w\/","title":{"rendered":"Aspirator industrial BOSCH Professional GAS 400 A, 1200 W"},"content":{"rendered":"<p class=\"bba--big m-a-product_highlights__description\"><strong>Aspirator industrial BOSCH Professional GAS 400 A, 1200 W<\/strong> te ajuta sa economise\u015fte timp prin \u00eempiedicarea \u00eenfund\u0103rii filtrului, datorit\u0103 tehnologiei de cur\u0103\u0163are automat\u0103 a filtrului (AFC) exclusiv\u0103 a Bosch. Fluxul de aer puternic \u015fi constant ajut\u0103 la finalizarea mai rapid\u0103 a lucr\u0103rii. Bosch GAS 400 A Professional face ca aruncarea prafului s\u0103 fie mai rapid\u0103 \u015fi mai u\u015foar\u0103, datorit\u0103 rezervorului f\u0103r\u0103 furtun \u015fi a capului motorului independent, cu protec\u0163ie \u00eempotriva alunec\u0103rii.<\/p>\n<h3 class=\"bba--problue bba--fw-bold bba--big m-a-product_highlights__space\">Echipament \u0219i aplica\u021bii<\/h3>\n<p class=\"bba--big m-a-product_highlights__description\">Bosch GAS 400 A Professional aspir\u0103 marea majoritate a materialelor, inclusiv cele umede \u015fi uscate, \u00een special praful fin \u015fi greu. Puterea sa de aspirare maxim\u0103 \u015fi continu\u0103 men\u0163ine o eficien\u0163\u0103 \u00eenalt\u0103 de aspirare a prafului, ceea ce contribuie la finalizarea mai rapid\u0103 a lucr\u0103rilor.<\/p>\n<h4>Beneficii pentru utilizatori<\/h4>\n<ul class=\"salesInfo\">\n<li class=\"salesInfo\">Productivitate sporit\u0103 datorit\u0103 puterii maxime \u015fi continue de aspirare \u015fi tehnologiei exclusive de cur\u0103\u0163are automat\u0103 a filtrului (AFC), marca Bosch<\/li>\n<li class=\"salesInfo\">Golirea rezervorului de praf este mai rapid\u0103 \u015fi mai u\u015foar\u0103 datorit\u0103 designului rezervorului f\u0103r\u0103 furtun \u015fi a capului motorului independent, cu protec\u0163ie \u00eempotriva alunec\u0103rii<\/li>\n<li class=\"salesInfo\">Economise\u015fte spa\u0163iul de depozitare \u015fi faciliteaz\u0103 ridicarea datorit\u0103 designului de depozitare a furtunului integral<\/li>\n<\/ul>\n<p>&nbsp;<\/p>\n<p><strong>Set de livrare Aspirator industrial BOSCH Professional GAS 400 A, 1200 W:<\/strong><br \/>\n1 x adaptor combinat PT<br \/>\n1 x duz\u0103 de perie combinat\u0103<br \/>\n1 x filtru principal<br \/>\n1 x furtun<br \/>\n1 x tub curbat<br \/>\n2 x sac de eliminare<\/p>\n<p>&nbsp;<\/p>\n<p><strong>Specificatii tehnice Aspirator industrial BOSCH Professional GAS 400 A, 1200 W:<\/strong><\/p>\n<p>Putere nominal\u0103 &#8211; 1.200 W<br \/>\nGreutate* -14 kg<br \/>\nVolumul net al rezervorului -28 l<br \/>\nTensiune, electric\u0103 &#8211; 230 V<br \/>\nVolumul recipientului bruto &#8211; 40 l<br \/>\nVolum rezervor, net ap\u0103 -20 l<br \/>\nClas\u0103 de praf aspirator universal -L<br \/>\nClasa emisiilor de praf -L<br \/>\nSuprafa\u0163\u0103 de filtrare -3.600 cm\u00b2<br \/>\nFlux maxim de aer (turbin\u0103) -80 l\/s<br \/>\nSubpresiune maxim\u0103 (turbin\u0103)- 240 mbari<br \/>\nRo\u0163i, num\u0103r- 4<br \/>\nSistem de cur\u0103\u0163are a filtrului -AFC<br \/>\nFurtun antistatic -Da<br \/>\nSistem antistatic -Da<br \/>\nPutere absorbit\u0103 maxim\u0103 \u00een linie (turbin\u0103) -1.200 W<\/p>\n","protected":false},"excerpt":{"rendered":"<p><strong>Aspirator industrial BOSCH Professional GAS 400 A, 1200 W<\/strong> aspir\u0103 marea majoritate a materialelor, inclusiv cele umede \u015fi uscate, \u00een special praful fin \u015fi greu. Puterea sa de aspirare maxim\u0103 \u015fi continu\u0103 men\u0163ine o eficien\u0163\u0103 \u00eenalt\u0103 de aspirare a prafului, ceea ce contribuie la finalizarea mai rapid\u0103 a lucr\u0103rilor.<\/p>\n<p><em><strong>Cod produs:\u00a00 601 9M0 020\u00a0<\/strong><\/em><\/p>\n","protected":false},"featured_media":106195,"comment_status":"open","ping_status":"closed","template":"","meta":{"_acf_changed":false},"product_cat":[13629,13641],"product_tag":[],"woo-feed-brand":[],"class_list":{"0":"post-106191","1":"product","2":"type-product","3":"status-publish","4":"has-post-thumbnail","6":"product_brand-bosch","7":"product_cat-aspiratoare","8":"product_cat-aspiratoare-industriale-speciale","10":"first","11":"instock","12":"shipping-taxable","13":"purchasable","14":"product-type-simple"},"acf":[],"yoast_head":"<!-- This site is optimized with the Yoast SEO plugin v27.5 - https:\/\/yoast.com\/product\/yoast-seo-wordpress\/ -->\n<title>Aspirator industrial BOSCH Professional GAS 400 A, 1200 W - Eurotech Iasi<\/title>\n<meta name=\"robots\" content=\"index, follow, max-snippet:-1, max-image-preview:large, max-video-preview:-1\" \/>\n<link rel=\"canonical\" href=\"https:\/\/eurotech-iasi.ro\/magazinonline\/produs\/aspirator-industrial-bosch-professional-gas-400-a-1200-w\/\" \/>\n<meta property=\"og:locale\" content=\"ro_RO\" \/>\n<meta property=\"og:type\" content=\"article\" \/>\n<meta property=\"og:title\" content=\"Aspirator industrial BOSCH Professional GAS 400 A, 1200 W - Eurotech Iasi\" \/>\n<meta property=\"og:description\" content=\"Aspirator industrial BOSCH Professional GAS 400 A, 1200 W aspir\u0103 marea majoritate a materialelor, inclusiv cele umede \u015fi uscate, \u00een special praful fin \u015fi greu. Puterea sa de aspirare maxim\u0103 \u015fi continu\u0103 men\u0163ine o eficien\u0163\u0103 \u00eenalt\u0103 de aspirare a prafului, ceea ce contribuie la finalizarea mai rapid\u0103 a lucr\u0103rilor.  Cod produs:\u00a00 601 9M0 020\u00a0\" \/>\n<meta property=\"og:url\" content=\"https:\/\/eurotech-iasi.ro\/magazinonline\/produs\/aspirator-industrial-bosch-professional-gas-400-a-1200-w\/\" \/>\n<meta property=\"og:site_name\" content=\"Eurotech Iasi\" \/>\n<meta property=\"article:publisher\" content=\"https:\/\/www.facebook.com\/EurotechIasi\/\" \/>\n<meta property=\"article:modified_time\" content=\"2025-04-02T13:20:36+00:00\" \/>\n<meta property=\"og:image\" content=\"https:\/\/eurotech-iasi.ro\/magazinonline\/wp-content\/uploads\/2024\/06\/Aspirator-industrial-BOSCH-Professional-GAS-400-A-1200-W-1.png\" \/>\n\t<meta property=\"og:image:width\" content=\"750\" \/>\n\t<meta property=\"og:image:height\" content=\"750\" \/>\n\t<meta property=\"og:image:type\" content=\"image\/png\" \/>\n<meta name=\"twitter:label1\" content=\"Timp estimat pentru citire\" \/>\n\t<meta name=\"twitter:data1\" content=\"2 minute\" \/>\n<script type=\"application\/ld+json\" class=\"yoast-schema-graph\">{\"@context\":\"https:\\\/\\\/schema.org\",\"@graph\":[{\"@type\":\"WebPage\",\"@id\":\"https:\\\/\\\/eurotech-iasi.ro\\\/magazinonline\\\/produs\\\/aspirator-industrial-bosch-professional-gas-400-a-1200-w\\\/\",\"url\":\"https:\\\/\\\/eurotech-iasi.ro\\\/magazinonline\\\/produs\\\/aspirator-industrial-bosch-professional-gas-400-a-1200-w\\\/\",\"name\":\"Aspirator industrial BOSCH Professional GAS 400 A, 1200 W - Eurotech Iasi\",\"isPartOf\":{\"@id\":\"https:\\\/\\\/eurotech-iasi.ro\\\/magazinonline\\\/#website\"},\"primaryImageOfPage\":{\"@id\":\"https:\\\/\\\/eurotech-iasi.ro\\\/magazinonline\\\/produs\\\/aspirator-industrial-bosch-professional-gas-400-a-1200-w\\\/#primaryimage\"},\"image\":{\"@id\":\"https:\\\/\\\/eurotech-iasi.ro\\\/magazinonline\\\/produs\\\/aspirator-industrial-bosch-professional-gas-400-a-1200-w\\\/#primaryimage\"},\"thumbnailUrl\":\"https:\\\/\\\/eurotech-iasi.ro\\\/magazinonline\\\/wp-content\\\/uploads\\\/2024\\\/06\\\/Aspirator-industrial-BOSCH-Professional-GAS-400-A-1200-W-1.png\",\"datePublished\":\"2024-06-28T12:37:11+00:00\",\"dateModified\":\"2025-04-02T13:20:36+00:00\",\"breadcrumb\":{\"@id\":\"https:\\\/\\\/eurotech-iasi.ro\\\/magazinonline\\\/produs\\\/aspirator-industrial-bosch-professional-gas-400-a-1200-w\\\/#breadcrumb\"},\"inLanguage\":\"ro-RO\",\"potentialAction\":[{\"@type\":\"ReadAction\",\"target\":[\"https:\\\/\\\/eurotech-iasi.ro\\\/magazinonline\\\/produs\\\/aspirator-industrial-bosch-professional-gas-400-a-1200-w\\\/\"]}]},{\"@type\":\"ImageObject\",\"inLanguage\":\"ro-RO\",\"@id\":\"https:\\\/\\\/eurotech-iasi.ro\\\/magazinonline\\\/produs\\\/aspirator-industrial-bosch-professional-gas-400-a-1200-w\\\/#primaryimage\",\"url\":\"https:\\\/\\\/eurotech-iasi.ro\\\/magazinonline\\\/wp-content\\\/uploads\\\/2024\\\/06\\\/Aspirator-industrial-BOSCH-Professional-GAS-400-A-1200-W-1.png\",\"contentUrl\":\"https:\\\/\\\/eurotech-iasi.ro\\\/magazinonline\\\/wp-content\\\/uploads\\\/2024\\\/06\\\/Aspirator-industrial-BOSCH-Professional-GAS-400-A-1200-W-1.png\",\"width\":750,\"height\":750,\"caption\":\"Aspirator industrial BOSCH Professional GAS 400 A, 1200 W\"},{\"@type\":\"BreadcrumbList\",\"@id\":\"https:\\\/\\\/eurotech-iasi.ro\\\/magazinonline\\\/produs\\\/aspirator-industrial-bosch-professional-gas-400-a-1200-w\\\/#breadcrumb\",\"itemListElement\":[{\"@type\":\"ListItem\",\"position\":1,\"name\":\"Prima pagin\u0103\",\"item\":\"https:\\\/\\\/eurotech-iasi.ro\\\/magazinonline\\\/\"},{\"@type\":\"ListItem\",\"position\":2,\"name\":\"Shop\",\"item\":\"https:\\\/\\\/eurotech-iasi.ro\\\/magazinonline\\\/shop\\\/\"},{\"@type\":\"ListItem\",\"position\":3,\"name\":\"Aspirator industrial BOSCH Professional GAS 400 A, 1200 W\"}]},{\"@type\":\"WebSite\",\"@id\":\"https:\\\/\\\/eurotech-iasi.ro\\\/magazinonline\\\/#website\",\"url\":\"https:\\\/\\\/eurotech-iasi.ro\\\/magazinonline\\\/\",\"name\":\"Eurotech Iasi\",\"description\":\"Cu oameni seriosi\",\"publisher\":{\"@id\":\"https:\\\/\\\/eurotech-iasi.ro\\\/magazinonline\\\/#organization\"},\"potentialAction\":[{\"@type\":\"SearchAction\",\"target\":{\"@type\":\"EntryPoint\",\"urlTemplate\":\"https:\\\/\\\/eurotech-iasi.ro\\\/magazinonline\\\/?s={search_term_string}\"},\"query-input\":{\"@type\":\"PropertyValueSpecification\",\"valueRequired\":true,\"valueName\":\"search_term_string\"}}],\"inLanguage\":\"ro-RO\"},{\"@type\":\"Organization\",\"@id\":\"https:\\\/\\\/eurotech-iasi.ro\\\/magazinonline\\\/#organization\",\"name\":\"Eurotech Iasi\",\"url\":\"https:\\\/\\\/eurotech-iasi.ro\\\/magazinonline\\\/\",\"logo\":{\"@type\":\"ImageObject\",\"inLanguage\":\"ro-RO\",\"@id\":\"https:\\\/\\\/eurotech-iasi.ro\\\/magazinonline\\\/#\\\/schema\\\/logo\\\/image\\\/\",\"url\":\"https:\\\/\\\/eurotech-iasi.ro\\\/magazinonline\\\/wp-content\\\/uploads\\\/2020\\\/08\\\/logo-eurotech.png\",\"contentUrl\":\"https:\\\/\\\/eurotech-iasi.ro\\\/magazinonline\\\/wp-content\\\/uploads\\\/2020\\\/08\\\/logo-eurotech.png\",\"width\":290,\"height\":70,\"caption\":\"Eurotech Iasi\"},\"image\":{\"@id\":\"https:\\\/\\\/eurotech-iasi.ro\\\/magazinonline\\\/#\\\/schema\\\/logo\\\/image\\\/\"},\"sameAs\":[\"https:\\\/\\\/www.facebook.com\\\/EurotechIasi\\\/\"]}]}<\/script>\n<!-- \/ Yoast SEO plugin. -->","yoast_head_json":{"title":"Aspirator industrial BOSCH Professional GAS 400 A, 1200 W - Eurotech Iasi","robots":{"index":"index","follow":"follow","max-snippet":"max-snippet:-1","max-image-preview":"max-image-preview:large","max-video-preview":"max-video-preview:-1"},"canonical":"https:\/\/eurotech-iasi.ro\/magazinonline\/produs\/aspirator-industrial-bosch-professional-gas-400-a-1200-w\/","og_locale":"ro_RO","og_type":"article","og_title":"Aspirator industrial BOSCH Professional GAS 400 A, 1200 W - Eurotech Iasi","og_description":"Aspirator industrial BOSCH Professional GAS 400 A, 1200 W aspir\u0103 marea majoritate a materialelor, inclusiv cele umede \u015fi uscate, \u00een special praful fin \u015fi greu. Puterea sa de aspirare maxim\u0103 \u015fi continu\u0103 men\u0163ine o eficien\u0163\u0103 \u00eenalt\u0103 de aspirare a prafului, ceea ce contribuie la finalizarea mai rapid\u0103 a lucr\u0103rilor.  Cod produs:\u00a00 601 9M0 020\u00a0","og_url":"https:\/\/eurotech-iasi.ro\/magazinonline\/produs\/aspirator-industrial-bosch-professional-gas-400-a-1200-w\/","og_site_name":"Eurotech Iasi","article_publisher":"https:\/\/www.facebook.com\/EurotechIasi\/","article_modified_time":"2025-04-02T13:20:36+00:00","og_image":[{"width":750,"height":750,"url":"https:\/\/eurotech-iasi.ro\/magazinonline\/wp-content\/uploads\/2024\/06\/Aspirator-industrial-BOSCH-Professional-GAS-400-A-1200-W-1.png","type":"image\/png"}],"twitter_misc":{"Timp estimat pentru citire":"2 minute"},"schema":{"@context":"https:\/\/schema.org","@graph":[{"@type":"WebPage","@id":"https:\/\/eurotech-iasi.ro\/magazinonline\/produs\/aspirator-industrial-bosch-professional-gas-400-a-1200-w\/","url":"https:\/\/eurotech-iasi.ro\/magazinonline\/produs\/aspirator-industrial-bosch-professional-gas-400-a-1200-w\/","name":"Aspirator industrial BOSCH Professional GAS 400 A, 1200 W - Eurotech Iasi","isPartOf":{"@id":"https:\/\/eurotech-iasi.ro\/magazinonline\/#website"},"primaryImageOfPage":{"@id":"https:\/\/eurotech-iasi.ro\/magazinonline\/produs\/aspirator-industrial-bosch-professional-gas-400-a-1200-w\/#primaryimage"},"image":{"@id":"https:\/\/eurotech-iasi.ro\/magazinonline\/produs\/aspirator-industrial-bosch-professional-gas-400-a-1200-w\/#primaryimage"},"thumbnailUrl":"https:\/\/eurotech-iasi.ro\/magazinonline\/wp-content\/uploads\/2024\/06\/Aspirator-industrial-BOSCH-Professional-GAS-400-A-1200-W-1.png","datePublished":"2024-06-28T12:37:11+00:00","dateModified":"2025-04-02T13:20:36+00:00","breadcrumb":{"@id":"https:\/\/eurotech-iasi.ro\/magazinonline\/produs\/aspirator-industrial-bosch-professional-gas-400-a-1200-w\/#breadcrumb"},"inLanguage":"ro-RO","potentialAction":[{"@type":"ReadAction","target":["https:\/\/eurotech-iasi.ro\/magazinonline\/produs\/aspirator-industrial-bosch-professional-gas-400-a-1200-w\/"]}]},{"@type":"ImageObject","inLanguage":"ro-RO","@id":"https:\/\/eurotech-iasi.ro\/magazinonline\/produs\/aspirator-industrial-bosch-professional-gas-400-a-1200-w\/#primaryimage","url":"https:\/\/eurotech-iasi.ro\/magazinonline\/wp-content\/uploads\/2024\/06\/Aspirator-industrial-BOSCH-Professional-GAS-400-A-1200-W-1.png","contentUrl":"https:\/\/eurotech-iasi.ro\/magazinonline\/wp-content\/uploads\/2024\/06\/Aspirator-industrial-BOSCH-Professional-GAS-400-A-1200-W-1.png","width":750,"height":750,"caption":"Aspirator industrial BOSCH Professional GAS 400 A, 1200 W"},{"@type":"BreadcrumbList","@id":"https:\/\/eurotech-iasi.ro\/magazinonline\/produs\/aspirator-industrial-bosch-professional-gas-400-a-1200-w\/#breadcrumb","itemListElement":[{"@type":"ListItem","position":1,"name":"Prima pagin\u0103","item":"https:\/\/eurotech-iasi.ro\/magazinonline\/"},{"@type":"ListItem","position":2,"name":"Shop","item":"https:\/\/eurotech-iasi.ro\/magazinonline\/shop\/"},{"@type":"ListItem","position":3,"name":"Aspirator industrial BOSCH Professional GAS 400 A, 1200 W"}]},{"@type":"WebSite","@id":"https:\/\/eurotech-iasi.ro\/magazinonline\/#website","url":"https:\/\/eurotech-iasi.ro\/magazinonline\/","name":"Eurotech Iasi","description":"Cu oameni seriosi","publisher":{"@id":"https:\/\/eurotech-iasi.ro\/magazinonline\/#organization"},"potentialAction":[{"@type":"SearchAction","target":{"@type":"EntryPoint","urlTemplate":"https:\/\/eurotech-iasi.ro\/magazinonline\/?s={search_term_string}"},"query-input":{"@type":"PropertyValueSpecification","valueRequired":true,"valueName":"search_term_string"}}],"inLanguage":"ro-RO"},{"@type":"Organization","@id":"https:\/\/eurotech-iasi.ro\/magazinonline\/#organization","name":"Eurotech Iasi","url":"https:\/\/eurotech-iasi.ro\/magazinonline\/","logo":{"@type":"ImageObject","inLanguage":"ro-RO","@id":"https:\/\/eurotech-iasi.ro\/magazinonline\/#\/schema\/logo\/image\/","url":"https:\/\/eurotech-iasi.ro\/magazinonline\/wp-content\/uploads\/2020\/08\/logo-eurotech.png","contentUrl":"https:\/\/eurotech-iasi.ro\/magazinonline\/wp-content\/uploads\/2020\/08\/logo-eurotech.png","width":290,"height":70,"caption":"Eurotech Iasi"},"image":{"@id":"https:\/\/eurotech-iasi.ro\/magazinonline\/#\/schema\/logo\/image\/"},"sameAs":["https:\/\/www.facebook.com\/EurotechIasi\/"]}]}},"_links":{"self":[{"href":"https:\/\/eurotech-iasi.ro\/magazinonline\/wp-json\/wp\/v2\/product\/106191","targetHints":{"allow":["GET"]}}],"collection":[{"href":"https:\/\/eurotech-iasi.ro\/magazinonline\/wp-json\/wp\/v2\/product"}],"about":[{"href":"https:\/\/eurotech-iasi.ro\/magazinonline\/wp-json\/wp\/v2\/types\/product"}],"replies":[{"embeddable":true,"href":"https:\/\/eurotech-iasi.ro\/magazinonline\/wp-json\/wp\/v2\/comments?post=106191"}],"wp:featuredmedia":[{"embeddable":true,"href":"https:\/\/eurotech-iasi.ro\/magazinonline\/wp-json\/wp\/v2\/media\/106195"}],"wp:attachment":[{"href":"https:\/\/eurotech-iasi.ro\/magazinonline\/wp-json\/wp\/v2\/media?parent=106191"}],"wp:term":[{"taxonomy":"product_cat","embeddable":true,"href":"https:\/\/eurotech-iasi.ro\/magazinonline\/wp-json\/wp\/v2\/product_cat?post=106191"},{"taxonomy":"product_tag","embeddable":true,"href":"https:\/\/eurotech-iasi.ro\/magazinonline\/wp-json\/wp\/v2\/product_tag?post=106191"},{"taxonomy":"woo-feed-brand","embeddable":true,"href":"https:\/\/eurotech-iasi.ro\/magazinonline\/wp-json\/wp\/v2\/woo-feed-brand?post=106191"}],"curies":[{"name":"wp","href":"https:\/\/api.w.org\/{rel}","templated":true}]}}