{"id":106636,"date":"2024-07-23T14:07:59","date_gmt":"2024-07-23T11:07:59","guid":{"rendered":"https:\/\/eurotech-iasi.ro\/magazinonline\/?post_type=product&#038;p=106636"},"modified":"2024-09-25T16:08:38","modified_gmt":"2024-09-25T13:08:38","slug":"polizor-umed-electric-1100-w-metabo-pwe-11-100","status":"publish","type":"product","link":"https:\/\/eurotech-iasi.ro\/magazinonline\/produs\/polizor-umed-electric-1100-w-metabo-pwe-11-100\/","title":{"rendered":"Polizor umed electric 1100 W Metabo PWE 11-100"},"content":{"rendered":"<h4><strong>Polizor umed electric 1100 W Metabo PWE 11-10<\/strong>0\u00a0este solu\u021bia profesional\u0103 ideal\u0103 pentru prelucrarea umed\u0103 a materialelor dure, precum granit, marmur\u0103 \u0219i pietre funerare. Echipat cu motorul puternic Metabo Marathon, acest polizor ofer\u0103 performan\u021b\u0103 excep\u021bional\u0103, durabilitate \u0219i eficien\u021b\u0103 \u00een orice proiect de t\u0103iere sau \u0219lefuire.<\/h4>\n<h4>Designul ergonomic asigur\u0103 confortul utilizatorului, \u00een timp ce tehnologia avansat\u0103 protejeaz\u0103 motorul \u00eempotriva supra\u00eenc\u0103lzirii \u0219i prelungeste durata de via\u021b\u0103 a sculei.<\/h4>\n<h4>Ideal pentru ateliere de prelucrare a pietrei \u0219i me\u0219te\u0219ugari profesioni\u0219ti, acest polizor umed Metabo garanteaz\u0103 rezultate precise \u0219i finisaje de calitate superioar\u0103.<\/h4>\n<div>\n<p>&nbsp;<\/p>\n<\/div>\n<div class=\"shortcut-wrapper -v1\" data-v-404108ea=\"\">\n<div class=\"content -height\" data-v-404108ea=\"\">\n<h3 class=\"typography heading v5 \" data-v-2a0bbf6b=\"\" data-v-404108ea=\"\">Caracteristici ale <strong>Polizorului umed electric 1100 W Metabo PWE 11-10<\/strong>0<\/h3>\n<div data-v-404108ea=\"\">\n<table border=\"0\" cellspacing=\"10\" cellpadding=\"1\">\n<tbody>\n<tr>\n<td><img loading=\"lazy\" decoding=\"async\" src=\"https:\/\/cdn.vseinstrumenti.ru\/res\/content\/description\/20\/204311\/13509184.jpg\" alt=\"\" width=\"110\" height=\"74\" \/><\/td>\n<td><strong>Munc\u0103 confortabil\u0103<\/strong><br \/>\nAcest model are un m\u00e2ner rotativ &#8211; pentru o func\u021bionare mai confortabil\u0103 a operatorului.<\/td>\n<\/tr>\n<tr>\n<td><img loading=\"lazy\" decoding=\"async\" src=\"https:\/\/cdn.vseinstrumenti.ru\/res\/content\/description\/20\/204311\/13509185.jpg\" alt=\"\" width=\"110\" height=\"80\" \/><\/td>\n<td><strong>R\u0103cirea motorului<\/strong><br \/>\nVentila\u021bia \u00eencorporat\u0103 r\u0103ce\u0219te motorul \u0219i \u00eel protejeaz\u0103 de supra\u00eenc\u0103lzire.<\/td>\n<\/tr>\n<tr>\n<td><img loading=\"lazy\" decoding=\"async\" src=\"https:\/\/cdn.vseinstrumenti.ru\/res\/content\/description\/20\/204311\/13509186.jpg\" alt=\"\" width=\"110\" height=\"83\" \/><\/td>\n<td><strong>U\u0219urin\u021ba de gestionare<\/strong><br \/>\nButon glisor convenabil &#8211; pentru u\u0219urin\u021ba controlului sculei.<\/td>\n<\/tr>\n<tr>\n<td><img loading=\"lazy\" decoding=\"async\" src=\"https:\/\/cdn.vseinstrumenti.ru\/res\/content\/description\/20\/204311\/13509187.jpg\" alt=\"\" width=\"110\" height=\"76\" \/><\/td>\n<td><strong>Utilizare convenabil\u0103<\/strong><br \/>\nCorpul \u00eengust al ma\u0219inii Metabo PWE11-100 este proiectat pentru o func\u021bionare convenabil\u0103 a operatorului.<\/td>\n<\/tr>\n<tr>\n<td><img loading=\"lazy\" decoding=\"async\" src=\"https:\/\/cdn.vseinstrumenti.ru\/res\/content\/description\/20\/204311\/13509188.jpg\" alt=\"\" width=\"110\" height=\"94\" \/><\/td>\n<td><strong>\u00cenlocuire u\u0219oar\u0103 snap-in<\/strong><br \/>\nPentru simplitatea \u0219i comoditatea schimb\u0103rii sculelor, modelul este echipat sistema blocarea axului.<\/td>\n<\/tr>\n<tr>\n<td><img loading=\"lazy\" decoding=\"async\" src=\"https:\/\/cdn.vseinstrumenti.ru\/res\/content\/description\/20\/204311\/13509189.jpg\" alt=\"\" width=\"110\" height=\"76\" \/><\/td>\n<td><strong>Alimentare cu ap\u0103<\/strong><br \/>\nPentru o func\u021bionare optim\u0103, se efectueaz\u0103 o alimentare extern\u0103 cu ap\u0103 \u00een partea de jos a carcasei.<\/td>\n<\/tr>\n<\/tbody>\n<\/table>\n<\/div>\n<\/div>\n<\/div>\n<div class=\"bUSHJi xrclr7\">\n<h3 data-v-2a0bbf6b=\"\"><\/h3>\n<h3 class=\"typography heading v5 \" data-v-2a0bbf6b=\"\">Avantajele Polizorului umed electric 1100 W Metabo PWE 11-100:<\/h3>\n<div>\n<ul>\n<li>Periile de c\u0103rbune sunt oprite \u00een timpul uzurii &#8211; pentru a proteja motorul de defec\u021biuni;<\/li>\n<li>Modelul este echipat cu un motor Metabo Marathon de 1100 W cu gril\u0103 de protec\u021bie, protectie patentata impotriva prafului pentru o durata lunga de viata;<\/li>\n<li>\u00cen cablul ma\u0219inii este \u00eencorporat un filtru de tensiune (Intrerupator de siguranta PRCD), ceea ce ofer\u0103 o siguran\u021b\u0103 electric\u0103 suplimentar\u0103 \u00een timpul func\u021bion\u0103rii;<\/li>\n<li>Instrumentul este protejat de praf, stropi \u0219i supra\u00eenc\u0103rc\u0103ri, carcasa cutiei de viteze este realizat\u0103 din aluminiu &#8211; toate acestea pentru func\u021bionarea corect\u0103 a ma\u0219inii pe toat\u0103 durata sa de via\u021b\u0103;<\/li>\n<li>Instrumentul este echipat cu electronice Vario-Tacho-Constamatic (VTC) cu und\u0103 complet\u0103, ceea ce face posibil\u0103 reglarea electronic\u0103 a vitezei de func\u021bionare, pornirea lin\u0103 a lucrului, precum \u0219i men\u021binerea rota\u021biilor chiar \u0219i sub sarcin\u0103;<\/li>\n<li>Alimentare cu apa reglabila, externa pentru dozare exacta;<\/li>\n<li>Maner frontal reglabil pentru ghidare sigura si uniforma la lustruire;<\/li>\n<li>Pornire soft electronica pentru o pornire lina;<\/li>\n<li>Protectie la repornire: previne pornirea neintentionata dupa intreruperea sursei de alimentare.<\/li>\n<\/ul>\n<\/div>\n<\/div>\n<div class=\"product__box-content p-3\">\n<div class=\"product__sub-product-item\">\n<div class=\"row\"><\/div>\n<\/div>\n<\/div>\n<h3>Specificatii tehnice &#8211; Polizor umed electric 1100 W Metabo PWE 11-100:<\/h3>\n<ul>\n<li>Putere absorbita &#8211; 1100 W<\/li>\n<li>Reglarea turatii &#8211; DA<\/li>\n<li>Diametrul discului &#8211;\u00a0125 mm<\/li>\n<li>Filetul arborelui &#8211; M14<\/li>\n<li>Soft start &#8211; DA<\/li>\n<li>Turatie in gol &#8211; 1700-6100 min-1<\/li>\n<li>Greutate (EPTA) &#8211;\u00a02.2 kg<\/li>\n<li>Lungime cablu &#8211; 4 m<\/li>\n<\/ul>\n<p><iframe loading=\"lazy\" title=\"YouTube video player\" src=\"https:\/\/www.youtube.com\/embed\/WST9zlzEMhI?si=o3chdqCk8FKUSxua\" width=\"560\" height=\"315\" frameborder=\"0\" allowfullscreen=\"allowfullscreen\"><\/iframe><\/p>\n","protected":false},"excerpt":{"rendered":"<h4><strong>Polizor umed electric 1100 W Metabo PWE 11-10<\/strong>0\u00a0este solu\u021bia profesional\u0103 ideal\u0103 pentru prelucrarea umed\u0103 a materialelor dure, precum granit, marmur\u0103 \u0219i pietre funerare.<\/h4>\n<p><em><strong>Cod produs: 602050000<\/strong><\/em><\/p>\n<div id=\"product\">\n<div class=\"form-group cart\"><\/div>\n<\/div>\n","protected":false},"featured_media":106863,"comment_status":"open","ping_status":"closed","template":"","meta":{"_acf_changed":false},"product_cat":[4310,4328,4306],"product_tag":[],"woo-feed-brand":[],"class_list":{"0":"post-106636","1":"product","2":"type-product","3":"status-publish","4":"has-post-thumbnail","6":"product_brand-metabo","7":"product_cat-polizoare-unghiulare","8":"product_cat-polizoare-unghiulare-cu-disc-de-180-230-mm","9":"product_cat-scule-electrice","10":"pa_brand-metabo","11":"pa_putere-1100-w","13":"first","14":"outofstock","15":"shipping-taxable","16":"purchasable","17":"product-type-simple"},"acf":[],"yoast_head":"<!-- This site is optimized with the Yoast SEO plugin v27.3 - https:\/\/yoast.com\/product\/yoast-seo-wordpress\/ -->\n<title>Polizor umed electric 1100 W Metabo PWE 11-100 - Eurotech Iasi<\/title>\n<meta name=\"robots\" content=\"index, follow, max-snippet:-1, max-image-preview:large, max-video-preview:-1\" \/>\n<link rel=\"canonical\" href=\"https:\/\/eurotech-iasi.ro\/magazinonline\/produs\/polizor-umed-electric-1100-w-metabo-pwe-11-100\/\" \/>\n<meta property=\"og:locale\" content=\"ro_RO\" \/>\n<meta property=\"og:type\" content=\"article\" \/>\n<meta property=\"og:title\" content=\"Polizor umed electric 1100 W Metabo PWE 11-100 - Eurotech Iasi\" \/>\n<meta property=\"og:description\" content=\"Polizor umed electric 1100 W Metabo PWE 11-100\u00a0este solu\u021bia profesional\u0103 ideal\u0103 pentru prelucrarea umed\u0103 a materialelor dure, precum granit, marmur\u0103 \u0219i pietre funerare. Cod produs: 602050000\" \/>\n<meta property=\"og:url\" content=\"https:\/\/eurotech-iasi.ro\/magazinonline\/produs\/polizor-umed-electric-1100-w-metabo-pwe-11-100\/\" \/>\n<meta property=\"og:site_name\" content=\"Eurotech Iasi\" \/>\n<meta property=\"article:publisher\" content=\"https:\/\/www.facebook.com\/EurotechIasi\/\" \/>\n<meta property=\"article:modified_time\" content=\"2024-09-25T13:08:38+00:00\" \/>\n<meta property=\"og:image\" content=\"https:\/\/eurotech-iasi.ro\/magazinonline\/wp-content\/uploads\/2024\/07\/polizor-umed-metabo.png\" \/>\n\t<meta property=\"og:image:width\" content=\"750\" \/>\n\t<meta property=\"og:image:height\" content=\"750\" \/>\n\t<meta property=\"og:image:type\" content=\"image\/png\" \/>\n<meta name=\"twitter:label1\" content=\"Timp estimat pentru citire\" \/>\n\t<meta name=\"twitter:data1\" content=\"2 minute\" \/>\n<script type=\"application\/ld+json\" class=\"yoast-schema-graph\">{\"@context\":\"https:\\\/\\\/schema.org\",\"@graph\":[{\"@type\":\"WebPage\",\"@id\":\"https:\\\/\\\/eurotech-iasi.ro\\\/magazinonline\\\/produs\\\/polizor-umed-electric-1100-w-metabo-pwe-11-100\\\/\",\"url\":\"https:\\\/\\\/eurotech-iasi.ro\\\/magazinonline\\\/produs\\\/polizor-umed-electric-1100-w-metabo-pwe-11-100\\\/\",\"name\":\"Polizor umed electric 1100 W Metabo PWE 11-100 - Eurotech Iasi\",\"isPartOf\":{\"@id\":\"https:\\\/\\\/eurotech-iasi.ro\\\/magazinonline\\\/#website\"},\"primaryImageOfPage\":{\"@id\":\"https:\\\/\\\/eurotech-iasi.ro\\\/magazinonline\\\/produs\\\/polizor-umed-electric-1100-w-metabo-pwe-11-100\\\/#primaryimage\"},\"image\":{\"@id\":\"https:\\\/\\\/eurotech-iasi.ro\\\/magazinonline\\\/produs\\\/polizor-umed-electric-1100-w-metabo-pwe-11-100\\\/#primaryimage\"},\"thumbnailUrl\":\"https:\\\/\\\/eurotech-iasi.ro\\\/magazinonline\\\/wp-content\\\/uploads\\\/2024\\\/07\\\/polizor-umed-metabo.png\",\"datePublished\":\"2024-07-23T11:07:59+00:00\",\"dateModified\":\"2024-09-25T13:08:38+00:00\",\"breadcrumb\":{\"@id\":\"https:\\\/\\\/eurotech-iasi.ro\\\/magazinonline\\\/produs\\\/polizor-umed-electric-1100-w-metabo-pwe-11-100\\\/#breadcrumb\"},\"inLanguage\":\"ro-RO\",\"potentialAction\":[{\"@type\":\"ReadAction\",\"target\":[\"https:\\\/\\\/eurotech-iasi.ro\\\/magazinonline\\\/produs\\\/polizor-umed-electric-1100-w-metabo-pwe-11-100\\\/\"]}]},{\"@type\":\"ImageObject\",\"inLanguage\":\"ro-RO\",\"@id\":\"https:\\\/\\\/eurotech-iasi.ro\\\/magazinonline\\\/produs\\\/polizor-umed-electric-1100-w-metabo-pwe-11-100\\\/#primaryimage\",\"url\":\"https:\\\/\\\/eurotech-iasi.ro\\\/magazinonline\\\/wp-content\\\/uploads\\\/2024\\\/07\\\/polizor-umed-metabo.png\",\"contentUrl\":\"https:\\\/\\\/eurotech-iasi.ro\\\/magazinonline\\\/wp-content\\\/uploads\\\/2024\\\/07\\\/polizor-umed-metabo.png\",\"width\":750,\"height\":750,\"caption\":\"Polizor umed electric 1100 W Metabo PWE 11-100\"},{\"@type\":\"BreadcrumbList\",\"@id\":\"https:\\\/\\\/eurotech-iasi.ro\\\/magazinonline\\\/produs\\\/polizor-umed-electric-1100-w-metabo-pwe-11-100\\\/#breadcrumb\",\"itemListElement\":[{\"@type\":\"ListItem\",\"position\":1,\"name\":\"Prima pagin\u0103\",\"item\":\"https:\\\/\\\/eurotech-iasi.ro\\\/magazinonline\\\/\"},{\"@type\":\"ListItem\",\"position\":2,\"name\":\"Shop\",\"item\":\"https:\\\/\\\/eurotech-iasi.ro\\\/magazinonline\\\/shop\\\/\"},{\"@type\":\"ListItem\",\"position\":3,\"name\":\"Polizor umed electric 1100 W Metabo PWE 11-100\"}]},{\"@type\":\"WebSite\",\"@id\":\"https:\\\/\\\/eurotech-iasi.ro\\\/magazinonline\\\/#website\",\"url\":\"https:\\\/\\\/eurotech-iasi.ro\\\/magazinonline\\\/\",\"name\":\"Eurotech Iasi\",\"description\":\"Cu oameni seriosi\",\"publisher\":{\"@id\":\"https:\\\/\\\/eurotech-iasi.ro\\\/magazinonline\\\/#organization\"},\"potentialAction\":[{\"@type\":\"SearchAction\",\"target\":{\"@type\":\"EntryPoint\",\"urlTemplate\":\"https:\\\/\\\/eurotech-iasi.ro\\\/magazinonline\\\/?s={search_term_string}\"},\"query-input\":{\"@type\":\"PropertyValueSpecification\",\"valueRequired\":true,\"valueName\":\"search_term_string\"}}],\"inLanguage\":\"ro-RO\"},{\"@type\":\"Organization\",\"@id\":\"https:\\\/\\\/eurotech-iasi.ro\\\/magazinonline\\\/#organization\",\"name\":\"Eurotech Iasi\",\"url\":\"https:\\\/\\\/eurotech-iasi.ro\\\/magazinonline\\\/\",\"logo\":{\"@type\":\"ImageObject\",\"inLanguage\":\"ro-RO\",\"@id\":\"https:\\\/\\\/eurotech-iasi.ro\\\/magazinonline\\\/#\\\/schema\\\/logo\\\/image\\\/\",\"url\":\"https:\\\/\\\/eurotech-iasi.ro\\\/magazinonline\\\/wp-content\\\/uploads\\\/2020\\\/08\\\/logo-eurotech.png\",\"contentUrl\":\"https:\\\/\\\/eurotech-iasi.ro\\\/magazinonline\\\/wp-content\\\/uploads\\\/2020\\\/08\\\/logo-eurotech.png\",\"width\":290,\"height\":70,\"caption\":\"Eurotech Iasi\"},\"image\":{\"@id\":\"https:\\\/\\\/eurotech-iasi.ro\\\/magazinonline\\\/#\\\/schema\\\/logo\\\/image\\\/\"},\"sameAs\":[\"https:\\\/\\\/www.facebook.com\\\/EurotechIasi\\\/\"]}]}<\/script>\n<!-- \/ Yoast SEO plugin. -->","yoast_head_json":{"title":"Polizor umed electric 1100 W Metabo PWE 11-100 - Eurotech Iasi","robots":{"index":"index","follow":"follow","max-snippet":"max-snippet:-1","max-image-preview":"max-image-preview:large","max-video-preview":"max-video-preview:-1"},"canonical":"https:\/\/eurotech-iasi.ro\/magazinonline\/produs\/polizor-umed-electric-1100-w-metabo-pwe-11-100\/","og_locale":"ro_RO","og_type":"article","og_title":"Polizor umed electric 1100 W Metabo PWE 11-100 - Eurotech Iasi","og_description":"Polizor umed electric 1100 W Metabo PWE 11-100\u00a0este solu\u021bia profesional\u0103 ideal\u0103 pentru prelucrarea umed\u0103 a materialelor dure, precum granit, marmur\u0103 \u0219i pietre funerare. Cod produs: 602050000","og_url":"https:\/\/eurotech-iasi.ro\/magazinonline\/produs\/polizor-umed-electric-1100-w-metabo-pwe-11-100\/","og_site_name":"Eurotech Iasi","article_publisher":"https:\/\/www.facebook.com\/EurotechIasi\/","article_modified_time":"2024-09-25T13:08:38+00:00","og_image":[{"width":750,"height":750,"url":"https:\/\/eurotech-iasi.ro\/magazinonline\/wp-content\/uploads\/2024\/07\/polizor-umed-metabo.png","type":"image\/png"}],"twitter_misc":{"Timp estimat pentru citire":"2 minute"},"schema":{"@context":"https:\/\/schema.org","@graph":[{"@type":"WebPage","@id":"https:\/\/eurotech-iasi.ro\/magazinonline\/produs\/polizor-umed-electric-1100-w-metabo-pwe-11-100\/","url":"https:\/\/eurotech-iasi.ro\/magazinonline\/produs\/polizor-umed-electric-1100-w-metabo-pwe-11-100\/","name":"Polizor umed electric 1100 W Metabo PWE 11-100 - Eurotech Iasi","isPartOf":{"@id":"https:\/\/eurotech-iasi.ro\/magazinonline\/#website"},"primaryImageOfPage":{"@id":"https:\/\/eurotech-iasi.ro\/magazinonline\/produs\/polizor-umed-electric-1100-w-metabo-pwe-11-100\/#primaryimage"},"image":{"@id":"https:\/\/eurotech-iasi.ro\/magazinonline\/produs\/polizor-umed-electric-1100-w-metabo-pwe-11-100\/#primaryimage"},"thumbnailUrl":"https:\/\/eurotech-iasi.ro\/magazinonline\/wp-content\/uploads\/2024\/07\/polizor-umed-metabo.png","datePublished":"2024-07-23T11:07:59+00:00","dateModified":"2024-09-25T13:08:38+00:00","breadcrumb":{"@id":"https:\/\/eurotech-iasi.ro\/magazinonline\/produs\/polizor-umed-electric-1100-w-metabo-pwe-11-100\/#breadcrumb"},"inLanguage":"ro-RO","potentialAction":[{"@type":"ReadAction","target":["https:\/\/eurotech-iasi.ro\/magazinonline\/produs\/polizor-umed-electric-1100-w-metabo-pwe-11-100\/"]}]},{"@type":"ImageObject","inLanguage":"ro-RO","@id":"https:\/\/eurotech-iasi.ro\/magazinonline\/produs\/polizor-umed-electric-1100-w-metabo-pwe-11-100\/#primaryimage","url":"https:\/\/eurotech-iasi.ro\/magazinonline\/wp-content\/uploads\/2024\/07\/polizor-umed-metabo.png","contentUrl":"https:\/\/eurotech-iasi.ro\/magazinonline\/wp-content\/uploads\/2024\/07\/polizor-umed-metabo.png","width":750,"height":750,"caption":"Polizor umed electric 1100 W Metabo PWE 11-100"},{"@type":"BreadcrumbList","@id":"https:\/\/eurotech-iasi.ro\/magazinonline\/produs\/polizor-umed-electric-1100-w-metabo-pwe-11-100\/#breadcrumb","itemListElement":[{"@type":"ListItem","position":1,"name":"Prima pagin\u0103","item":"https:\/\/eurotech-iasi.ro\/magazinonline\/"},{"@type":"ListItem","position":2,"name":"Shop","item":"https:\/\/eurotech-iasi.ro\/magazinonline\/shop\/"},{"@type":"ListItem","position":3,"name":"Polizor umed electric 1100 W Metabo PWE 11-100"}]},{"@type":"WebSite","@id":"https:\/\/eurotech-iasi.ro\/magazinonline\/#website","url":"https:\/\/eurotech-iasi.ro\/magazinonline\/","name":"Eurotech Iasi","description":"Cu oameni seriosi","publisher":{"@id":"https:\/\/eurotech-iasi.ro\/magazinonline\/#organization"},"potentialAction":[{"@type":"SearchAction","target":{"@type":"EntryPoint","urlTemplate":"https:\/\/eurotech-iasi.ro\/magazinonline\/?s={search_term_string}"},"query-input":{"@type":"PropertyValueSpecification","valueRequired":true,"valueName":"search_term_string"}}],"inLanguage":"ro-RO"},{"@type":"Organization","@id":"https:\/\/eurotech-iasi.ro\/magazinonline\/#organization","name":"Eurotech Iasi","url":"https:\/\/eurotech-iasi.ro\/magazinonline\/","logo":{"@type":"ImageObject","inLanguage":"ro-RO","@id":"https:\/\/eurotech-iasi.ro\/magazinonline\/#\/schema\/logo\/image\/","url":"https:\/\/eurotech-iasi.ro\/magazinonline\/wp-content\/uploads\/2020\/08\/logo-eurotech.png","contentUrl":"https:\/\/eurotech-iasi.ro\/magazinonline\/wp-content\/uploads\/2020\/08\/logo-eurotech.png","width":290,"height":70,"caption":"Eurotech Iasi"},"image":{"@id":"https:\/\/eurotech-iasi.ro\/magazinonline\/#\/schema\/logo\/image\/"},"sameAs":["https:\/\/www.facebook.com\/EurotechIasi\/"]}]}},"_links":{"self":[{"href":"https:\/\/eurotech-iasi.ro\/magazinonline\/wp-json\/wp\/v2\/product\/106636","targetHints":{"allow":["GET"]}}],"collection":[{"href":"https:\/\/eurotech-iasi.ro\/magazinonline\/wp-json\/wp\/v2\/product"}],"about":[{"href":"https:\/\/eurotech-iasi.ro\/magazinonline\/wp-json\/wp\/v2\/types\/product"}],"replies":[{"embeddable":true,"href":"https:\/\/eurotech-iasi.ro\/magazinonline\/wp-json\/wp\/v2\/comments?post=106636"}],"wp:featuredmedia":[{"embeddable":true,"href":"https:\/\/eurotech-iasi.ro\/magazinonline\/wp-json\/wp\/v2\/media\/106863"}],"wp:attachment":[{"href":"https:\/\/eurotech-iasi.ro\/magazinonline\/wp-json\/wp\/v2\/media?parent=106636"}],"wp:term":[{"taxonomy":"product_cat","embeddable":true,"href":"https:\/\/eurotech-iasi.ro\/magazinonline\/wp-json\/wp\/v2\/product_cat?post=106636"},{"taxonomy":"product_tag","embeddable":true,"href":"https:\/\/eurotech-iasi.ro\/magazinonline\/wp-json\/wp\/v2\/product_tag?post=106636"},{"taxonomy":"woo-feed-brand","embeddable":true,"href":"https:\/\/eurotech-iasi.ro\/magazinonline\/wp-json\/wp\/v2\/woo-feed-brand?post=106636"}],"curies":[{"name":"wp","href":"https:\/\/api.w.org\/{rel}","templated":true}]}}