{"id":106642,"date":"2024-07-23T14:35:03","date_gmt":"2024-07-23T11:35:03","guid":{"rendered":"https:\/\/eurotech-iasi.ro\/magazinonline\/?post_type=product&#038;p=106642"},"modified":"2025-02-24T09:57:11","modified_gmt":"2025-02-24T07:57:11","slug":"polizor-unghiular-pentru-restaurare-metabo-pe-15-25","status":"publish","type":"product","link":"https:\/\/eurotech-iasi.ro\/magazinonline\/produs\/polizor-unghiular-pentru-restaurare-metabo-pe-15-25\/","title":{"rendered":"Polizor unghiular pentru restaurare METABO PE 15-25"},"content":{"rendered":"<h4>Polizor unghiular METABO PE 15-25 cu cuplu mare, ideal pentru restaurarea structurilor de lemn \u0219i grinzi antichizate.<\/h4>\n<p>Proiectat pentru a oferi performan\u021b\u0103 maxim\u0103, acest polizor de 1.500 W dispune de un angrenaj planetar cu cuplu ridicat \u0219i electronic\u0103 Vario-Tacho-Constamatic (VTC) pentru lucr\u0103ri la viteze constante sub sarcin\u0103.<\/p>\n<p>Cu un maner reglabil f\u0103r\u0103 scule, protec\u021bie la suprasarcin\u0103 \u0219i demaraj electronic soft, METABO PE 15-25 asigur\u0103 siguran\u021b\u0103 \u0219i eficien\u021b\u0103 \u00een fiecare proiect de recondi\u021bionare. Livrat cu metaBOX \u0219i accesorii, este solu\u021bia ideal\u0103 pentru profesioni\u0219ti. Specifica\u021bii tehnice avansate pentru performan\u021be de top.<\/p>\n<p><strong>Caracteristici Polizor unghiular pentru restaurare METABO PE 15-25<\/strong><\/p>\n<ul>\n<li>Set de renovare cu slefuitor puternic pentru restaurarea grinzilor caselor cu cherestea si pentru restructurarea lemnului<\/li>\n<li>Productivitate maxima datorita motorului puternic de 1.500 de wati si angrenaj planetar cu un cuplu mare<\/li>\n<li>Electronica cu arbore complet Vario-Tacho-Constamatic (VTC) cu roata de reglare: pentru lucrul la viteze specifice materialului care raman constante sub sarcina<\/li>\n<li>Maner reglabil fara scule pentru o ghidare sigura si stabila in timpul lucrului<\/li>\n<li>Protectie la suprasarcina: Protejeaza motorul impotriva supraincalzirii<\/li>\n<li>Demaraj electronic soft pentru pornire fara smucituri<\/li>\n<li>Protectie la repornire: previne pornirea neintentionata dupa intreruperea alimentarii cu energie electrica<\/li>\n<li>Peste perii de carbon taiate pentru a proteja motorul<\/li>\n<li>Cu metaBOX, solutia inteligenta pentru transport si depozitare<\/li>\n<\/ul>\n<p><strong>Specificatii tehnice &#8211; Polizor unghiular pentru restaurare METABO PE 15-25:\u00a0<\/strong><\/p>\n<p>Puterea de iesire: 870 W<br \/>\nCuplu de torsiune: 18 Nm<br \/>\nViteza la sarcina nominala: 2250 \/min<br \/>\nPentru placute suport pana la max.: 180 mm<br \/>\nGreutate fara cablu de retea: 2.4 kg<br \/>\nLungimea cablului: 4 m<br \/>\nViteza fara sarcina: 700 &#8211; 2500 \/min<br \/>\nIncertitudine K: 1.5 m\/s\u00b2<br \/>\nIncertitudine K: 3 dB(A)<br \/>\nPutere nominala de intrare: 1500 W<br \/>\nPolizare: 2.9 m\/s\u00b2<br \/>\nNivelul presiunii sonore: 90 dB(A)<br \/>\nNivelul de putere acustica (LwA): 101 dB(A)<br \/>\nRectificare cu foaie abraziva: 2.8 m\/s\u00b2<br \/>\nFirul axului: M 14<br \/>\n<strong>Emisia de zgomot<\/strong><br \/>\nNivel de presiune acustica 90 dB(A)<br \/>\nNivel de putere sonora (LwA) 101 dB(A)<br \/>\nIncertitudinea masuratorii K 3 dB(A)<\/p>\n<p><em><strong>Set de livrare:<\/strong><\/em><\/p>\n<ul class=\"attributes\">\n<li class=\"attrValue_1_1\">Maner lateral<\/li>\n<li class=\"attrValue_2_1\">metaBOX 165 L<\/li>\n<li class=\"attrValue_3_1\">ochelari de protectie<\/li>\n<li class=\"attrValue_4_1\">3 Discuri perie (130 mm; P46, P60, P80)<\/li>\n<\/ul>\n<p><iframe loading=\"lazy\" title=\"YouTube video player\" src=\"https:\/\/www.youtube.com\/embed\/pSIB32Qy7Bw?si=ncegG91T8REe7yTy\" width=\"560\" height=\"315\" frameborder=\"0\" allowfullscreen=\"allowfullscreen\"><\/iframe><\/p>\n","protected":false},"excerpt":{"rendered":"<p><strong>Polizor unghiular pentru restaurare METABO PE 15-25<\/strong> cu cuplu mare pentru restaurarea fermelor si a structurilor de lemn.<\/p>\n<p><em><strong>Cod produs: 615250500<\/strong><\/em><\/p>\n","protected":false},"featured_media":106645,"comment_status":"open","ping_status":"closed","template":"","meta":{"_acf_changed":false},"product_cat":[4310,4306],"product_tag":[],"woo-feed-brand":[],"class_list":{"0":"post-106642","1":"product","2":"type-product","3":"status-publish","4":"has-post-thumbnail","6":"product_brand-metabo","7":"product_cat-polizoare-unghiulare","8":"product_cat-scule-electrice","9":"pa_brand-metabo","10":"pa_cuplu-18-nm","11":"pa_greutate-2-4-kg","12":"pa_putere-motor-870-w","13":"pa_tensiune-alimentare-230-v-50-hz","14":"pa_turatie-6-600-rot-min","16":"first","17":"instock","18":"purchasable","19":"product-type-simple"},"acf":[],"yoast_head":"<!-- This site is optimized with the Yoast SEO plugin v27.5 - https:\/\/yoast.com\/product\/yoast-seo-wordpress\/ -->\n<title>Polizor unghiular pentru restaurare METABO PE 15-25 - Eurotech Iasi<\/title>\n<meta name=\"description\" content=\"Polizor unghiular METABO WEA 26-230 MVT Quick, echipat cu motor puternic si durabil Metabo Marathon cu protectie patentata anti-praf.\" \/>\n<meta name=\"robots\" content=\"index, follow, max-snippet:-1, max-image-preview:large, max-video-preview:-1\" \/>\n<link rel=\"canonical\" href=\"https:\/\/eurotech-iasi.ro\/magazinonline\/produs\/polizor-unghiular-pentru-restaurare-metabo-pe-15-25\/\" \/>\n<meta property=\"og:locale\" content=\"ro_RO\" \/>\n<meta property=\"og:type\" content=\"article\" \/>\n<meta property=\"og:title\" content=\"Polizor unghiular pentru restaurare METABO PE 15-25 - Eurotech Iasi\" \/>\n<meta property=\"og:description\" content=\"Polizor unghiular METABO WEA 26-230 MVT Quick, echipat cu motor puternic si durabil Metabo Marathon cu protectie patentata anti-praf.\" \/>\n<meta property=\"og:url\" content=\"https:\/\/eurotech-iasi.ro\/magazinonline\/produs\/polizor-unghiular-pentru-restaurare-metabo-pe-15-25\/\" \/>\n<meta property=\"og:site_name\" content=\"Eurotech Iasi\" \/>\n<meta property=\"article:publisher\" content=\"https:\/\/www.facebook.com\/EurotechIasi\/\" \/>\n<meta property=\"article:modified_time\" content=\"2025-02-24T07:57:11+00:00\" \/>\n<meta property=\"og:image\" content=\"https:\/\/eurotech-iasi.ro\/magazinonline\/wp-content\/uploads\/2024\/07\/Polizor-unghiular-pentru-restaurare-METABO-PE-15-25.png\" \/>\n\t<meta property=\"og:image:width\" content=\"750\" \/>\n\t<meta property=\"og:image:height\" content=\"750\" \/>\n\t<meta property=\"og:image:type\" content=\"image\/png\" \/>\n<meta name=\"twitter:label1\" content=\"Timp estimat pentru citire\" \/>\n\t<meta name=\"twitter:data1\" content=\"2 minute\" \/>\n<script type=\"application\/ld+json\" class=\"yoast-schema-graph\">{\"@context\":\"https:\\\/\\\/schema.org\",\"@graph\":[{\"@type\":\"WebPage\",\"@id\":\"https:\\\/\\\/eurotech-iasi.ro\\\/magazinonline\\\/produs\\\/polizor-unghiular-pentru-restaurare-metabo-pe-15-25\\\/\",\"url\":\"https:\\\/\\\/eurotech-iasi.ro\\\/magazinonline\\\/produs\\\/polizor-unghiular-pentru-restaurare-metabo-pe-15-25\\\/\",\"name\":\"Polizor unghiular pentru restaurare METABO PE 15-25 - Eurotech Iasi\",\"isPartOf\":{\"@id\":\"https:\\\/\\\/eurotech-iasi.ro\\\/magazinonline\\\/#website\"},\"primaryImageOfPage\":{\"@id\":\"https:\\\/\\\/eurotech-iasi.ro\\\/magazinonline\\\/produs\\\/polizor-unghiular-pentru-restaurare-metabo-pe-15-25\\\/#primaryimage\"},\"image\":{\"@id\":\"https:\\\/\\\/eurotech-iasi.ro\\\/magazinonline\\\/produs\\\/polizor-unghiular-pentru-restaurare-metabo-pe-15-25\\\/#primaryimage\"},\"thumbnailUrl\":\"https:\\\/\\\/eurotech-iasi.ro\\\/magazinonline\\\/wp-content\\\/uploads\\\/2024\\\/07\\\/Polizor-unghiular-pentru-restaurare-METABO-PE-15-25.png\",\"datePublished\":\"2024-07-23T11:35:03+00:00\",\"dateModified\":\"2025-02-24T07:57:11+00:00\",\"description\":\"Polizor unghiular METABO WEA 26-230 MVT Quick, echipat cu motor puternic si durabil Metabo Marathon cu protectie patentata anti-praf.\",\"breadcrumb\":{\"@id\":\"https:\\\/\\\/eurotech-iasi.ro\\\/magazinonline\\\/produs\\\/polizor-unghiular-pentru-restaurare-metabo-pe-15-25\\\/#breadcrumb\"},\"inLanguage\":\"ro-RO\",\"potentialAction\":[{\"@type\":\"ReadAction\",\"target\":[\"https:\\\/\\\/eurotech-iasi.ro\\\/magazinonline\\\/produs\\\/polizor-unghiular-pentru-restaurare-metabo-pe-15-25\\\/\"]}]},{\"@type\":\"ImageObject\",\"inLanguage\":\"ro-RO\",\"@id\":\"https:\\\/\\\/eurotech-iasi.ro\\\/magazinonline\\\/produs\\\/polizor-unghiular-pentru-restaurare-metabo-pe-15-25\\\/#primaryimage\",\"url\":\"https:\\\/\\\/eurotech-iasi.ro\\\/magazinonline\\\/wp-content\\\/uploads\\\/2024\\\/07\\\/Polizor-unghiular-pentru-restaurare-METABO-PE-15-25.png\",\"contentUrl\":\"https:\\\/\\\/eurotech-iasi.ro\\\/magazinonline\\\/wp-content\\\/uploads\\\/2024\\\/07\\\/Polizor-unghiular-pentru-restaurare-METABO-PE-15-25.png\",\"width\":750,\"height\":750,\"caption\":\"Polizor unghiular pentru restaurare METABO PE 15-25\"},{\"@type\":\"BreadcrumbList\",\"@id\":\"https:\\\/\\\/eurotech-iasi.ro\\\/magazinonline\\\/produs\\\/polizor-unghiular-pentru-restaurare-metabo-pe-15-25\\\/#breadcrumb\",\"itemListElement\":[{\"@type\":\"ListItem\",\"position\":1,\"name\":\"Prima pagin\u0103\",\"item\":\"https:\\\/\\\/eurotech-iasi.ro\\\/magazinonline\\\/\"},{\"@type\":\"ListItem\",\"position\":2,\"name\":\"Shop\",\"item\":\"https:\\\/\\\/eurotech-iasi.ro\\\/magazinonline\\\/shop\\\/\"},{\"@type\":\"ListItem\",\"position\":3,\"name\":\"Polizor unghiular pentru restaurare METABO PE 15-25\"}]},{\"@type\":\"WebSite\",\"@id\":\"https:\\\/\\\/eurotech-iasi.ro\\\/magazinonline\\\/#website\",\"url\":\"https:\\\/\\\/eurotech-iasi.ro\\\/magazinonline\\\/\",\"name\":\"Eurotech Iasi\",\"description\":\"Cu oameni seriosi\",\"publisher\":{\"@id\":\"https:\\\/\\\/eurotech-iasi.ro\\\/magazinonline\\\/#organization\"},\"potentialAction\":[{\"@type\":\"SearchAction\",\"target\":{\"@type\":\"EntryPoint\",\"urlTemplate\":\"https:\\\/\\\/eurotech-iasi.ro\\\/magazinonline\\\/?s={search_term_string}\"},\"query-input\":{\"@type\":\"PropertyValueSpecification\",\"valueRequired\":true,\"valueName\":\"search_term_string\"}}],\"inLanguage\":\"ro-RO\"},{\"@type\":\"Organization\",\"@id\":\"https:\\\/\\\/eurotech-iasi.ro\\\/magazinonline\\\/#organization\",\"name\":\"Eurotech Iasi\",\"url\":\"https:\\\/\\\/eurotech-iasi.ro\\\/magazinonline\\\/\",\"logo\":{\"@type\":\"ImageObject\",\"inLanguage\":\"ro-RO\",\"@id\":\"https:\\\/\\\/eurotech-iasi.ro\\\/magazinonline\\\/#\\\/schema\\\/logo\\\/image\\\/\",\"url\":\"https:\\\/\\\/eurotech-iasi.ro\\\/magazinonline\\\/wp-content\\\/uploads\\\/2020\\\/08\\\/logo-eurotech.png\",\"contentUrl\":\"https:\\\/\\\/eurotech-iasi.ro\\\/magazinonline\\\/wp-content\\\/uploads\\\/2020\\\/08\\\/logo-eurotech.png\",\"width\":290,\"height\":70,\"caption\":\"Eurotech Iasi\"},\"image\":{\"@id\":\"https:\\\/\\\/eurotech-iasi.ro\\\/magazinonline\\\/#\\\/schema\\\/logo\\\/image\\\/\"},\"sameAs\":[\"https:\\\/\\\/www.facebook.com\\\/EurotechIasi\\\/\"]}]}<\/script>\n<!-- \/ Yoast SEO plugin. -->","yoast_head_json":{"title":"Polizor unghiular pentru restaurare METABO PE 15-25 - Eurotech Iasi","description":"Polizor unghiular METABO WEA 26-230 MVT Quick, echipat cu motor puternic si durabil Metabo Marathon cu protectie patentata anti-praf.","robots":{"index":"index","follow":"follow","max-snippet":"max-snippet:-1","max-image-preview":"max-image-preview:large","max-video-preview":"max-video-preview:-1"},"canonical":"https:\/\/eurotech-iasi.ro\/magazinonline\/produs\/polizor-unghiular-pentru-restaurare-metabo-pe-15-25\/","og_locale":"ro_RO","og_type":"article","og_title":"Polizor unghiular pentru restaurare METABO PE 15-25 - Eurotech Iasi","og_description":"Polizor unghiular METABO WEA 26-230 MVT Quick, echipat cu motor puternic si durabil Metabo Marathon cu protectie patentata anti-praf.","og_url":"https:\/\/eurotech-iasi.ro\/magazinonline\/produs\/polizor-unghiular-pentru-restaurare-metabo-pe-15-25\/","og_site_name":"Eurotech Iasi","article_publisher":"https:\/\/www.facebook.com\/EurotechIasi\/","article_modified_time":"2025-02-24T07:57:11+00:00","og_image":[{"width":750,"height":750,"url":"https:\/\/eurotech-iasi.ro\/magazinonline\/wp-content\/uploads\/2024\/07\/Polizor-unghiular-pentru-restaurare-METABO-PE-15-25.png","type":"image\/png"}],"twitter_misc":{"Timp estimat pentru citire":"2 minute"},"schema":{"@context":"https:\/\/schema.org","@graph":[{"@type":"WebPage","@id":"https:\/\/eurotech-iasi.ro\/magazinonline\/produs\/polizor-unghiular-pentru-restaurare-metabo-pe-15-25\/","url":"https:\/\/eurotech-iasi.ro\/magazinonline\/produs\/polizor-unghiular-pentru-restaurare-metabo-pe-15-25\/","name":"Polizor unghiular pentru restaurare METABO PE 15-25 - Eurotech Iasi","isPartOf":{"@id":"https:\/\/eurotech-iasi.ro\/magazinonline\/#website"},"primaryImageOfPage":{"@id":"https:\/\/eurotech-iasi.ro\/magazinonline\/produs\/polizor-unghiular-pentru-restaurare-metabo-pe-15-25\/#primaryimage"},"image":{"@id":"https:\/\/eurotech-iasi.ro\/magazinonline\/produs\/polizor-unghiular-pentru-restaurare-metabo-pe-15-25\/#primaryimage"},"thumbnailUrl":"https:\/\/eurotech-iasi.ro\/magazinonline\/wp-content\/uploads\/2024\/07\/Polizor-unghiular-pentru-restaurare-METABO-PE-15-25.png","datePublished":"2024-07-23T11:35:03+00:00","dateModified":"2025-02-24T07:57:11+00:00","description":"Polizor unghiular METABO WEA 26-230 MVT Quick, echipat cu motor puternic si durabil Metabo Marathon cu protectie patentata anti-praf.","breadcrumb":{"@id":"https:\/\/eurotech-iasi.ro\/magazinonline\/produs\/polizor-unghiular-pentru-restaurare-metabo-pe-15-25\/#breadcrumb"},"inLanguage":"ro-RO","potentialAction":[{"@type":"ReadAction","target":["https:\/\/eurotech-iasi.ro\/magazinonline\/produs\/polizor-unghiular-pentru-restaurare-metabo-pe-15-25\/"]}]},{"@type":"ImageObject","inLanguage":"ro-RO","@id":"https:\/\/eurotech-iasi.ro\/magazinonline\/produs\/polizor-unghiular-pentru-restaurare-metabo-pe-15-25\/#primaryimage","url":"https:\/\/eurotech-iasi.ro\/magazinonline\/wp-content\/uploads\/2024\/07\/Polizor-unghiular-pentru-restaurare-METABO-PE-15-25.png","contentUrl":"https:\/\/eurotech-iasi.ro\/magazinonline\/wp-content\/uploads\/2024\/07\/Polizor-unghiular-pentru-restaurare-METABO-PE-15-25.png","width":750,"height":750,"caption":"Polizor unghiular pentru restaurare METABO PE 15-25"},{"@type":"BreadcrumbList","@id":"https:\/\/eurotech-iasi.ro\/magazinonline\/produs\/polizor-unghiular-pentru-restaurare-metabo-pe-15-25\/#breadcrumb","itemListElement":[{"@type":"ListItem","position":1,"name":"Prima pagin\u0103","item":"https:\/\/eurotech-iasi.ro\/magazinonline\/"},{"@type":"ListItem","position":2,"name":"Shop","item":"https:\/\/eurotech-iasi.ro\/magazinonline\/shop\/"},{"@type":"ListItem","position":3,"name":"Polizor unghiular pentru restaurare METABO PE 15-25"}]},{"@type":"WebSite","@id":"https:\/\/eurotech-iasi.ro\/magazinonline\/#website","url":"https:\/\/eurotech-iasi.ro\/magazinonline\/","name":"Eurotech Iasi","description":"Cu oameni seriosi","publisher":{"@id":"https:\/\/eurotech-iasi.ro\/magazinonline\/#organization"},"potentialAction":[{"@type":"SearchAction","target":{"@type":"EntryPoint","urlTemplate":"https:\/\/eurotech-iasi.ro\/magazinonline\/?s={search_term_string}"},"query-input":{"@type":"PropertyValueSpecification","valueRequired":true,"valueName":"search_term_string"}}],"inLanguage":"ro-RO"},{"@type":"Organization","@id":"https:\/\/eurotech-iasi.ro\/magazinonline\/#organization","name":"Eurotech Iasi","url":"https:\/\/eurotech-iasi.ro\/magazinonline\/","logo":{"@type":"ImageObject","inLanguage":"ro-RO","@id":"https:\/\/eurotech-iasi.ro\/magazinonline\/#\/schema\/logo\/image\/","url":"https:\/\/eurotech-iasi.ro\/magazinonline\/wp-content\/uploads\/2020\/08\/logo-eurotech.png","contentUrl":"https:\/\/eurotech-iasi.ro\/magazinonline\/wp-content\/uploads\/2020\/08\/logo-eurotech.png","width":290,"height":70,"caption":"Eurotech Iasi"},"image":{"@id":"https:\/\/eurotech-iasi.ro\/magazinonline\/#\/schema\/logo\/image\/"},"sameAs":["https:\/\/www.facebook.com\/EurotechIasi\/"]}]}},"_links":{"self":[{"href":"https:\/\/eurotech-iasi.ro\/magazinonline\/wp-json\/wp\/v2\/product\/106642","targetHints":{"allow":["GET"]}}],"collection":[{"href":"https:\/\/eurotech-iasi.ro\/magazinonline\/wp-json\/wp\/v2\/product"}],"about":[{"href":"https:\/\/eurotech-iasi.ro\/magazinonline\/wp-json\/wp\/v2\/types\/product"}],"replies":[{"embeddable":true,"href":"https:\/\/eurotech-iasi.ro\/magazinonline\/wp-json\/wp\/v2\/comments?post=106642"}],"wp:featuredmedia":[{"embeddable":true,"href":"https:\/\/eurotech-iasi.ro\/magazinonline\/wp-json\/wp\/v2\/media\/106645"}],"wp:attachment":[{"href":"https:\/\/eurotech-iasi.ro\/magazinonline\/wp-json\/wp\/v2\/media?parent=106642"}],"wp:term":[{"taxonomy":"product_cat","embeddable":true,"href":"https:\/\/eurotech-iasi.ro\/magazinonline\/wp-json\/wp\/v2\/product_cat?post=106642"},{"taxonomy":"product_tag","embeddable":true,"href":"https:\/\/eurotech-iasi.ro\/magazinonline\/wp-json\/wp\/v2\/product_tag?post=106642"},{"taxonomy":"woo-feed-brand","embeddable":true,"href":"https:\/\/eurotech-iasi.ro\/magazinonline\/wp-json\/wp\/v2\/woo-feed-brand?post=106642"}],"curies":[{"name":"wp","href":"https:\/\/api.w.org\/{rel}","templated":true}]}}