{"id":106907,"date":"2024-08-19T16:22:22","date_gmt":"2024-08-19T13:22:22","guid":{"rendered":"https:\/\/eurotech-iasi.ro\/magazinonline\/?post_type=product&#038;p=106907"},"modified":"2026-01-05T16:36:54","modified_gmt":"2026-01-05T14:36:54","slug":"carota-pentru-beton-cu-filet-interior-klingspor-dk-654-b-supra","status":"publish","type":"product","link":"https:\/\/eurotech-iasi.ro\/magazinonline\/produs\/carota-pentru-beton-cu-filet-interior-klingspor-dk-654-b-supra\/","title":{"rendered":"Carota pentru beton cu filet interior Klingspor DK 654 B Supra"},"content":{"rendered":"<p><strong>Carota pentru beton cu filet interior Klingspor DK 654 B Supra cu diametru cuprins intre 52 si 300 mm, ideala pentru aplica\u021bii universale pe beton, beton armat pentru o t\u0103iere foarte rapid\u0103 si rezisten\u021b\u0103 mare la uzur\u0103 &#8211; segmente cu v\u00e2rf de centrare ca la DK612B &#8211; utilizabile at\u00e2t pe ma\u0219ini electrice c\u00e2t \u0219i pe ma\u0219ini pneumatice &#8211; segmente de schimb de tip DE600B.<\/strong><\/p>\n<p>DK 654 B Supra<span class=\"h2 unterueberschrift\">Carote de 1 \u00bc\u201c UNC cu filet interior pentru Beton.<\/span><\/p>\n<p><span style=\"text-decoration: underline;\"><strong>Proprietati Carota pentru beton cu filet interior Klingspor DK 654 B Supra<\/strong><\/span><\/p>\n<ul>\n<li>Clas\u0103 Supra<\/li>\n<li>Form\u0103 t\u0103i\u0219 segmente standard<\/li>\n<li>\u00cembinare t\u0103i\u0219 sudat cu laser<\/li>\n<li>Agresivitate <a href=\"https:\/\/eurotech-iasi.ro\/magazinonline\/wp-content\/uploads\/2024\/08\/2024-08-19-16_31_18-Window.png\"><img loading=\"lazy\" decoding=\"async\" class=\" wp-image-106909 alignnone\" src=\"https:\/\/eurotech-iasi.ro\/magazinonline\/wp-content\/uploads\/2024\/08\/2024-08-19-16_31_18-Window.png\" alt=\"\" width=\"104\" height=\"18\" srcset=\"https:\/\/eurotech-iasi.ro\/magazinonline\/wp-content\/uploads\/2024\/08\/2024-08-19-16_31_18-Window.png 156w, https:\/\/eurotech-iasi.ro\/magazinonline\/wp-content\/uploads\/2024\/08\/2024-08-19-16_31_18-Window-150x27.png 150w\" sizes=\"auto, (max-width: 104px) 100vw, 104px\" \/><\/a><\/li>\n<li>Durata de viata <a href=\"https:\/\/eurotech-iasi.ro\/magazinonline\/wp-content\/uploads\/2024\/08\/2024-08-19-16_31_18-Window.png\"><img loading=\"lazy\" decoding=\"async\" class=\" wp-image-106909 alignnone\" src=\"https:\/\/eurotech-iasi.ro\/magazinonline\/wp-content\/uploads\/2024\/08\/2024-08-19-16_31_18-Window.png\" alt=\"\" width=\"104\" height=\"18\" srcset=\"https:\/\/eurotech-iasi.ro\/magazinonline\/wp-content\/uploads\/2024\/08\/2024-08-19-16_31_18-Window.png 156w, https:\/\/eurotech-iasi.ro\/magazinonline\/wp-content\/uploads\/2024\/08\/2024-08-19-16_31_18-Window-150x27.png 150w\" sizes=\"auto, (max-width: 104px) 100vw, 104px\" \/><\/a><\/li>\n<\/ul>\n<p><span style=\"text-decoration: underline;\"><strong>Materiale &#8211; Beton<\/strong><\/span><\/p>\n<p><span style=\"text-decoration: underline;\">Domenii de utilizare Carota pentru beton cu filet interior Klingspor DK 654 B Supra<\/span><\/p>\n<ul>\n<li>Construc\u021bii la \u00een\u0103l\u021bime<\/li>\n<li>Fabrici de beton<\/li>\n<li>\u00cenc\u0103lzire, instala\u021bii sanitare<\/li>\n<\/ul>\n<p><a title=\"Fisa tehnica carote pentru beton klingspor DK 654 B SUPRA\" href=\"https:\/\/eurotech-iasi.ro\/magazinonline\/wp-content\/uploads\/2024\/08\/Fisa-tehnica-produs-DK-654-B-Supra.pdf-2.pdf\"><strong><em><u>\ud83d\udce5 Fisa tehnica<\/u><\/em><\/strong><\/a><\/p>\n<p><a href=\"https:\/\/eurotech-iasi.ro\/magazinonline\/wp-content\/uploads\/2024\/08\/Design-fara-titlu-60.png\"><img loading=\"lazy\" decoding=\"async\" class=\" wp-image-106940 alignleft\" src=\"https:\/\/eurotech-iasi.ro\/magazinonline\/wp-content\/uploads\/2024\/08\/Design-fara-titlu-60.png\" alt=\"\" width=\"683\" height=\"569\" srcset=\"https:\/\/eurotech-iasi.ro\/magazinonline\/wp-content\/uploads\/2024\/08\/Design-fara-titlu-60.png 709w, https:\/\/eurotech-iasi.ro\/magazinonline\/wp-content\/uploads\/2024\/08\/Design-fara-titlu-60-300x250.png 300w, https:\/\/eurotech-iasi.ro\/magazinonline\/wp-content\/uploads\/2024\/08\/Design-fara-titlu-60-600x500.png 600w\" sizes=\"auto, (max-width: 683px) 100vw, 683px\" \/><\/a><\/p>\n<p>&nbsp;<\/p>\n","protected":false},"excerpt":{"rendered":"<p><strong>Carota pentru beton cu filet interior Klingspor DK 654 B Supra cu diametru cuprins intre 52 si 300 mm, ideala pentru aplica\u021bii universale pe beton, beton armat pentru o t\u0103iere foarte rapid\u0103 si rezisten\u021b\u0103 mare la uzur\u0103 &#8211; segmente cu v\u00e2rf de centrare ca la DK612B &#8211; utilizabile at\u00e2t pe ma\u0219ini electrice c\u00e2t \u0219i pe ma\u0219ini pneumatice &#8211; segmente de schimb de tip DE600B.\u00a0<\/strong><\/p>\n<p>Cod produs: 325xxx<\/p>\n","protected":false},"featured_media":106976,"comment_status":"open","ping_status":"closed","template":"","meta":{"_acf_changed":false},"product_cat":[10054,4336,4306],"product_tag":[],"woo-feed-brand":[],"class_list":{"0":"post-106907","1":"product","2":"type-product","3":"status-publish","4":"has-post-thumbnail","6":"product_brand-klingspor","7":"product_cat-accesorii-scule-electrice-scule-electrice","8":"product_cat-accesorii-scule-electrice","9":"product_cat-scule-electrice","10":"pa_brand-klingspor","11":"pa_diametru-102-mm","12":"pa_diametru-112-mm","13":"pa_diametru-122-mm","14":"pa_diametru-132-mm","15":"pa_diametru-142-mm","16":"pa_diametru-152-mm","17":"pa_diametru-162-mm","18":"pa_diametru-172-mm","19":"pa_diametru-182-mm","20":"pa_diametru-202-mm","21":"pa_diametru-225-mm","22":"pa_diametru-250-mm","23":"pa_diametru-300-mm","24":"pa_diametru-52-mm","25":"pa_diametru-56-mm","26":"pa_diametru-61-mm","27":"pa_diametru-62-mm","28":"pa_diametru-66-mm","29":"pa_diametru-72-mm","30":"pa_diametru-82-mm","31":"pa_diametru-92-mm","33":"first","34":"instock","35":"sale","36":"shipping-taxable","37":"purchasable","38":"product-type-variable"},"acf":[],"yoast_head":"<!-- This site is optimized with the Yoast SEO plugin v27.3 - https:\/\/yoast.com\/product\/yoast-seo-wordpress\/ -->\n<title>Carota pentru beton cu filet interior Klingspor DK 654 B Supra - Eurotech Iasi<\/title>\n<meta name=\"robots\" content=\"index, follow, max-snippet:-1, max-image-preview:large, max-video-preview:-1\" \/>\n<link rel=\"canonical\" href=\"https:\/\/eurotech-iasi.ro\/magazinonline\/produs\/carota-pentru-beton-cu-filet-interior-klingspor-dk-654-b-supra\/\" \/>\n<meta property=\"og:locale\" content=\"ro_RO\" \/>\n<meta property=\"og:type\" content=\"article\" \/>\n<meta property=\"og:title\" content=\"Carota pentru beton cu filet interior Klingspor DK 654 B Supra - Eurotech Iasi\" \/>\n<meta property=\"og:description\" content=\"Carota pentru beton cu filet interior Klingspor DK 654 B Supra cu diametru cuprins intre 52 si 300 mm, ideala pentru aplica\u021bii universale pe beton, beton armat pentru o t\u0103iere foarte rapid\u0103 si rezisten\u021b\u0103 mare la uzur\u0103 - segmente cu v\u00e2rf de centrare ca la DK612B - utilizabile at\u00e2t pe ma\u0219ini electrice c\u00e2t \u0219i pe ma\u0219ini pneumatice - segmente de schimb de tip DE600B.\u00a0  Cod produs: 325xxx\" \/>\n<meta property=\"og:url\" content=\"https:\/\/eurotech-iasi.ro\/magazinonline\/produs\/carota-pentru-beton-cu-filet-interior-klingspor-dk-654-b-supra\/\" \/>\n<meta property=\"og:site_name\" content=\"Eurotech Iasi\" \/>\n<meta property=\"article:publisher\" content=\"https:\/\/www.facebook.com\/EurotechIasi\/\" \/>\n<meta property=\"article:modified_time\" content=\"2026-01-05T14:36:54+00:00\" \/>\n<meta property=\"og:image\" content=\"https:\/\/eurotech-iasi.ro\/magazinonline\/wp-content\/uploads\/2024\/08\/Carota-pentru-beton-cu-filet-interior-Klingspor-DK-654-B-Supra.png\" \/>\n\t<meta property=\"og:image:width\" content=\"750\" \/>\n\t<meta property=\"og:image:height\" content=\"750\" \/>\n\t<meta property=\"og:image:type\" content=\"image\/png\" \/>\n<meta name=\"twitter:label1\" content=\"Timp estimat pentru citire\" \/>\n\t<meta name=\"twitter:data1\" content=\"2 minute\" \/>\n<script type=\"application\/ld+json\" class=\"yoast-schema-graph\">{\"@context\":\"https:\\\/\\\/schema.org\",\"@graph\":[{\"@type\":\"WebPage\",\"@id\":\"https:\\\/\\\/eurotech-iasi.ro\\\/magazinonline\\\/produs\\\/carota-pentru-beton-cu-filet-interior-klingspor-dk-654-b-supra\\\/\",\"url\":\"https:\\\/\\\/eurotech-iasi.ro\\\/magazinonline\\\/produs\\\/carota-pentru-beton-cu-filet-interior-klingspor-dk-654-b-supra\\\/\",\"name\":\"Carota pentru beton cu filet interior Klingspor DK 654 B Supra - Eurotech Iasi\",\"isPartOf\":{\"@id\":\"https:\\\/\\\/eurotech-iasi.ro\\\/magazinonline\\\/#website\"},\"primaryImageOfPage\":{\"@id\":\"https:\\\/\\\/eurotech-iasi.ro\\\/magazinonline\\\/produs\\\/carota-pentru-beton-cu-filet-interior-klingspor-dk-654-b-supra\\\/#primaryimage\"},\"image\":{\"@id\":\"https:\\\/\\\/eurotech-iasi.ro\\\/magazinonline\\\/produs\\\/carota-pentru-beton-cu-filet-interior-klingspor-dk-654-b-supra\\\/#primaryimage\"},\"thumbnailUrl\":\"https:\\\/\\\/eurotech-iasi.ro\\\/magazinonline\\\/wp-content\\\/uploads\\\/2024\\\/08\\\/Carota-pentru-beton-cu-filet-interior-Klingspor-DK-654-B-Supra.png\",\"datePublished\":\"2024-08-19T13:22:22+00:00\",\"dateModified\":\"2026-01-05T14:36:54+00:00\",\"breadcrumb\":{\"@id\":\"https:\\\/\\\/eurotech-iasi.ro\\\/magazinonline\\\/produs\\\/carota-pentru-beton-cu-filet-interior-klingspor-dk-654-b-supra\\\/#breadcrumb\"},\"inLanguage\":\"ro-RO\",\"potentialAction\":[{\"@type\":\"ReadAction\",\"target\":[\"https:\\\/\\\/eurotech-iasi.ro\\\/magazinonline\\\/produs\\\/carota-pentru-beton-cu-filet-interior-klingspor-dk-654-b-supra\\\/\"]}]},{\"@type\":\"ImageObject\",\"inLanguage\":\"ro-RO\",\"@id\":\"https:\\\/\\\/eurotech-iasi.ro\\\/magazinonline\\\/produs\\\/carota-pentru-beton-cu-filet-interior-klingspor-dk-654-b-supra\\\/#primaryimage\",\"url\":\"https:\\\/\\\/eurotech-iasi.ro\\\/magazinonline\\\/wp-content\\\/uploads\\\/2024\\\/08\\\/Carota-pentru-beton-cu-filet-interior-Klingspor-DK-654-B-Supra.png\",\"contentUrl\":\"https:\\\/\\\/eurotech-iasi.ro\\\/magazinonline\\\/wp-content\\\/uploads\\\/2024\\\/08\\\/Carota-pentru-beton-cu-filet-interior-Klingspor-DK-654-B-Supra.png\",\"width\":750,\"height\":750},{\"@type\":\"BreadcrumbList\",\"@id\":\"https:\\\/\\\/eurotech-iasi.ro\\\/magazinonline\\\/produs\\\/carota-pentru-beton-cu-filet-interior-klingspor-dk-654-b-supra\\\/#breadcrumb\",\"itemListElement\":[{\"@type\":\"ListItem\",\"position\":1,\"name\":\"Prima pagin\u0103\",\"item\":\"https:\\\/\\\/eurotech-iasi.ro\\\/magazinonline\\\/\"},{\"@type\":\"ListItem\",\"position\":2,\"name\":\"Shop\",\"item\":\"https:\\\/\\\/eurotech-iasi.ro\\\/magazinonline\\\/shop\\\/\"},{\"@type\":\"ListItem\",\"position\":3,\"name\":\"Carota pentru beton cu filet interior Klingspor DK 654 B Supra\"}]},{\"@type\":\"WebSite\",\"@id\":\"https:\\\/\\\/eurotech-iasi.ro\\\/magazinonline\\\/#website\",\"url\":\"https:\\\/\\\/eurotech-iasi.ro\\\/magazinonline\\\/\",\"name\":\"Eurotech Iasi\",\"description\":\"Cu oameni seriosi\",\"publisher\":{\"@id\":\"https:\\\/\\\/eurotech-iasi.ro\\\/magazinonline\\\/#organization\"},\"potentialAction\":[{\"@type\":\"SearchAction\",\"target\":{\"@type\":\"EntryPoint\",\"urlTemplate\":\"https:\\\/\\\/eurotech-iasi.ro\\\/magazinonline\\\/?s={search_term_string}\"},\"query-input\":{\"@type\":\"PropertyValueSpecification\",\"valueRequired\":true,\"valueName\":\"search_term_string\"}}],\"inLanguage\":\"ro-RO\"},{\"@type\":\"Organization\",\"@id\":\"https:\\\/\\\/eurotech-iasi.ro\\\/magazinonline\\\/#organization\",\"name\":\"Eurotech Iasi\",\"url\":\"https:\\\/\\\/eurotech-iasi.ro\\\/magazinonline\\\/\",\"logo\":{\"@type\":\"ImageObject\",\"inLanguage\":\"ro-RO\",\"@id\":\"https:\\\/\\\/eurotech-iasi.ro\\\/magazinonline\\\/#\\\/schema\\\/logo\\\/image\\\/\",\"url\":\"https:\\\/\\\/eurotech-iasi.ro\\\/magazinonline\\\/wp-content\\\/uploads\\\/2020\\\/08\\\/logo-eurotech.png\",\"contentUrl\":\"https:\\\/\\\/eurotech-iasi.ro\\\/magazinonline\\\/wp-content\\\/uploads\\\/2020\\\/08\\\/logo-eurotech.png\",\"width\":290,\"height\":70,\"caption\":\"Eurotech Iasi\"},\"image\":{\"@id\":\"https:\\\/\\\/eurotech-iasi.ro\\\/magazinonline\\\/#\\\/schema\\\/logo\\\/image\\\/\"},\"sameAs\":[\"https:\\\/\\\/www.facebook.com\\\/EurotechIasi\\\/\"]}]}<\/script>\n<!-- \/ Yoast SEO plugin. -->","yoast_head_json":{"title":"Carota pentru beton cu filet interior Klingspor DK 654 B Supra - Eurotech Iasi","robots":{"index":"index","follow":"follow","max-snippet":"max-snippet:-1","max-image-preview":"max-image-preview:large","max-video-preview":"max-video-preview:-1"},"canonical":"https:\/\/eurotech-iasi.ro\/magazinonline\/produs\/carota-pentru-beton-cu-filet-interior-klingspor-dk-654-b-supra\/","og_locale":"ro_RO","og_type":"article","og_title":"Carota pentru beton cu filet interior Klingspor DK 654 B Supra - Eurotech Iasi","og_description":"Carota pentru beton cu filet interior Klingspor DK 654 B Supra cu diametru cuprins intre 52 si 300 mm, ideala pentru aplica\u021bii universale pe beton, beton armat pentru o t\u0103iere foarte rapid\u0103 si rezisten\u021b\u0103 mare la uzur\u0103 - segmente cu v\u00e2rf de centrare ca la DK612B - utilizabile at\u00e2t pe ma\u0219ini electrice c\u00e2t \u0219i pe ma\u0219ini pneumatice - segmente de schimb de tip DE600B.\u00a0  Cod produs: 325xxx","og_url":"https:\/\/eurotech-iasi.ro\/magazinonline\/produs\/carota-pentru-beton-cu-filet-interior-klingspor-dk-654-b-supra\/","og_site_name":"Eurotech Iasi","article_publisher":"https:\/\/www.facebook.com\/EurotechIasi\/","article_modified_time":"2026-01-05T14:36:54+00:00","og_image":[{"width":750,"height":750,"url":"https:\/\/eurotech-iasi.ro\/magazinonline\/wp-content\/uploads\/2024\/08\/Carota-pentru-beton-cu-filet-interior-Klingspor-DK-654-B-Supra.png","type":"image\/png"}],"twitter_misc":{"Timp estimat pentru citire":"2 minute"},"schema":{"@context":"https:\/\/schema.org","@graph":[{"@type":"WebPage","@id":"https:\/\/eurotech-iasi.ro\/magazinonline\/produs\/carota-pentru-beton-cu-filet-interior-klingspor-dk-654-b-supra\/","url":"https:\/\/eurotech-iasi.ro\/magazinonline\/produs\/carota-pentru-beton-cu-filet-interior-klingspor-dk-654-b-supra\/","name":"Carota pentru beton cu filet interior Klingspor DK 654 B Supra - Eurotech Iasi","isPartOf":{"@id":"https:\/\/eurotech-iasi.ro\/magazinonline\/#website"},"primaryImageOfPage":{"@id":"https:\/\/eurotech-iasi.ro\/magazinonline\/produs\/carota-pentru-beton-cu-filet-interior-klingspor-dk-654-b-supra\/#primaryimage"},"image":{"@id":"https:\/\/eurotech-iasi.ro\/magazinonline\/produs\/carota-pentru-beton-cu-filet-interior-klingspor-dk-654-b-supra\/#primaryimage"},"thumbnailUrl":"https:\/\/eurotech-iasi.ro\/magazinonline\/wp-content\/uploads\/2024\/08\/Carota-pentru-beton-cu-filet-interior-Klingspor-DK-654-B-Supra.png","datePublished":"2024-08-19T13:22:22+00:00","dateModified":"2026-01-05T14:36:54+00:00","breadcrumb":{"@id":"https:\/\/eurotech-iasi.ro\/magazinonline\/produs\/carota-pentru-beton-cu-filet-interior-klingspor-dk-654-b-supra\/#breadcrumb"},"inLanguage":"ro-RO","potentialAction":[{"@type":"ReadAction","target":["https:\/\/eurotech-iasi.ro\/magazinonline\/produs\/carota-pentru-beton-cu-filet-interior-klingspor-dk-654-b-supra\/"]}]},{"@type":"ImageObject","inLanguage":"ro-RO","@id":"https:\/\/eurotech-iasi.ro\/magazinonline\/produs\/carota-pentru-beton-cu-filet-interior-klingspor-dk-654-b-supra\/#primaryimage","url":"https:\/\/eurotech-iasi.ro\/magazinonline\/wp-content\/uploads\/2024\/08\/Carota-pentru-beton-cu-filet-interior-Klingspor-DK-654-B-Supra.png","contentUrl":"https:\/\/eurotech-iasi.ro\/magazinonline\/wp-content\/uploads\/2024\/08\/Carota-pentru-beton-cu-filet-interior-Klingspor-DK-654-B-Supra.png","width":750,"height":750},{"@type":"BreadcrumbList","@id":"https:\/\/eurotech-iasi.ro\/magazinonline\/produs\/carota-pentru-beton-cu-filet-interior-klingspor-dk-654-b-supra\/#breadcrumb","itemListElement":[{"@type":"ListItem","position":1,"name":"Prima pagin\u0103","item":"https:\/\/eurotech-iasi.ro\/magazinonline\/"},{"@type":"ListItem","position":2,"name":"Shop","item":"https:\/\/eurotech-iasi.ro\/magazinonline\/shop\/"},{"@type":"ListItem","position":3,"name":"Carota pentru beton cu filet interior Klingspor DK 654 B Supra"}]},{"@type":"WebSite","@id":"https:\/\/eurotech-iasi.ro\/magazinonline\/#website","url":"https:\/\/eurotech-iasi.ro\/magazinonline\/","name":"Eurotech Iasi","description":"Cu oameni seriosi","publisher":{"@id":"https:\/\/eurotech-iasi.ro\/magazinonline\/#organization"},"potentialAction":[{"@type":"SearchAction","target":{"@type":"EntryPoint","urlTemplate":"https:\/\/eurotech-iasi.ro\/magazinonline\/?s={search_term_string}"},"query-input":{"@type":"PropertyValueSpecification","valueRequired":true,"valueName":"search_term_string"}}],"inLanguage":"ro-RO"},{"@type":"Organization","@id":"https:\/\/eurotech-iasi.ro\/magazinonline\/#organization","name":"Eurotech Iasi","url":"https:\/\/eurotech-iasi.ro\/magazinonline\/","logo":{"@type":"ImageObject","inLanguage":"ro-RO","@id":"https:\/\/eurotech-iasi.ro\/magazinonline\/#\/schema\/logo\/image\/","url":"https:\/\/eurotech-iasi.ro\/magazinonline\/wp-content\/uploads\/2020\/08\/logo-eurotech.png","contentUrl":"https:\/\/eurotech-iasi.ro\/magazinonline\/wp-content\/uploads\/2020\/08\/logo-eurotech.png","width":290,"height":70,"caption":"Eurotech Iasi"},"image":{"@id":"https:\/\/eurotech-iasi.ro\/magazinonline\/#\/schema\/logo\/image\/"},"sameAs":["https:\/\/www.facebook.com\/EurotechIasi\/"]}]}},"_links":{"self":[{"href":"https:\/\/eurotech-iasi.ro\/magazinonline\/wp-json\/wp\/v2\/product\/106907","targetHints":{"allow":["GET"]}}],"collection":[{"href":"https:\/\/eurotech-iasi.ro\/magazinonline\/wp-json\/wp\/v2\/product"}],"about":[{"href":"https:\/\/eurotech-iasi.ro\/magazinonline\/wp-json\/wp\/v2\/types\/product"}],"replies":[{"embeddable":true,"href":"https:\/\/eurotech-iasi.ro\/magazinonline\/wp-json\/wp\/v2\/comments?post=106907"}],"wp:featuredmedia":[{"embeddable":true,"href":"https:\/\/eurotech-iasi.ro\/magazinonline\/wp-json\/wp\/v2\/media\/106976"}],"wp:attachment":[{"href":"https:\/\/eurotech-iasi.ro\/magazinonline\/wp-json\/wp\/v2\/media?parent=106907"}],"wp:term":[{"taxonomy":"product_cat","embeddable":true,"href":"https:\/\/eurotech-iasi.ro\/magazinonline\/wp-json\/wp\/v2\/product_cat?post=106907"},{"taxonomy":"product_tag","embeddable":true,"href":"https:\/\/eurotech-iasi.ro\/magazinonline\/wp-json\/wp\/v2\/product_tag?post=106907"},{"taxonomy":"woo-feed-brand","embeddable":true,"href":"https:\/\/eurotech-iasi.ro\/magazinonline\/wp-json\/wp\/v2\/woo-feed-brand?post=106907"}],"curies":[{"name":"wp","href":"https:\/\/api.w.org\/{rel}","templated":true}]}}