{"id":107471,"date":"2024-11-19T16:20:05","date_gmt":"2024-11-19T14:20:05","guid":{"rendered":"https:\/\/eurotech-iasi.ro\/magazinonline\/?post_type=product&#038;p=107471"},"modified":"2025-12-11T12:30:59","modified_gmt":"2025-12-11T10:30:59","slug":"fierastrau-circular-cu-masa-bernardo-bks-500","status":"publish","type":"product","link":"https:\/\/eurotech-iasi.ro\/magazinonline\/produs\/fierastrau-circular-cu-masa-bernardo-bks-500\/","title":{"rendered":"Fierastrau circular cu masa Bernardo BKS 500"},"content":{"rendered":"<h4 class=\"h1 page-title\">Fierastrau circular cu masa Bernardo BKS 500 este proiectat pentru utilizare zilnica intensa si rezista in celor mai dure conditii de pe santiere. Accesoriile standard extinse si, in special, capota de protectie pendulara, ofera utilizatorului un nivel maxim de siguranta, transformand aceasta masina intr-o unealta profesionala si de incredere.<\/h4>\n<div class=\"section-content\">\n<div class=\"product-description \">\n<div class=\"rte-content\">\n<h4>Caracteristici principale Fierastrau circular de santier Bernardo BKS 500 :<\/h4>\n<ul>\n<li>Comutator PORNIT-OPRIT conform IP 54, cu eliberare la subtensiune \u2013 opre\u0219te ma\u0219ina \u00een caz de \u00eentrerupere a curentului \u0219i previne pornirea automat\u0103 la restabilirea aliment\u0103rii.<\/li>\n<li>Dispozitivul de fr\u00e2nare conform CE opre\u0219te lama fier\u0103str\u0103ului \u00een maximum 10 secunde.<\/li>\n<li>Func\u021bia de deschidere \u0219i \u00eenchidere automat\u0103 a capotei de protec\u021bie reduce semnificativ riscul de accidente.<\/li>\n<li>Motorul puternic asigur\u0103 t\u0103ieturi precise chiar \u0219i \u00een condi\u021bii de utilizare prelungit\u0103.<\/li>\n<li>Suprafa\u021ba de lucru galvanizat\u0103 ofer\u0103 o durat\u0103 de via\u021b\u0103 \u00eendelungat\u0103.<\/li>\n<li>Prev\u0103zut standard cu extensie de mas\u0103 pentru a sus\u021bine pl\u0103ci mari.<\/li>\n<\/ul>\n<h4>Accesorii standard Fierastrau circular de santier Bernardo BKS 500 :<\/h4>\n<ul>\n<li>Lam\u0103 de fier\u0103str\u0103u din carbur\u0103 500 x 4,0 x 30 mm \/ 44T<\/li>\n<li>Opritor rabatabil pentru t\u0103iere \u00een unghi, cu m\u0103sur\u0103 integrat\u0103 pentru t\u0103ierea pe muchie<\/li>\n<li>Extensie de mas\u0103 rabatabil\u0103<\/li>\n<li>Ghidaj paralel<\/li>\n<li>Capot\u0103 de protec\u021bie<\/li>\n<li>Comutator-\u00eentrerup\u0103tor cu inversor de faz\u0103 integrat<\/li>\n<li>Ap\u0103r\u0103toare de \u00eempingere<\/li>\n<li>\u0218asiu<\/li>\n<li>M\u00e2ner de \u00eempingere<\/li>\n<\/ul>\n<p><strong>Specificatii tehnice :<\/strong><\/p>\n<p>Dimensiunea mesei &#8211; 1000 x 600 mm<br \/>\nDiametru maxim lama &#8211; 500 x 30 mm<br \/>\nInaltime maxima de taiere la 90\u00b0 &#8211; 155 mm<br \/>\nLatime de taiere cu ghidaj paralel &#8211; 300 mm<br \/>\nAdancime de taiere cu ghidaj unghiular &#8211; 270 mm<br \/>\nInaltime masa &#8211; 860 mm<br \/>\nExtensie masa &#8211; 800 x 400 mm<br \/>\nViteza lama principala &#8211; 2800 rpm<br \/>\nDiametru racord aspirare praf &#8211; 95 mm<br \/>\nPutere motor S1 100% &#8211; 4,2 kW (5,7 CP)<br \/>\nConsum motor S6 40% &#8211; 5,8 kW (7,8 CP)<br \/>\nTensiune &#8211; 400 V<br \/>\nDimensiuni masina (L x l x I) &#8211; 940 x 1900 x 1160 mm<br \/>\nGreutate aprox &#8211; 99 kg<\/p>\n<\/div>\n<\/div>\n<\/div>\n","protected":false},"excerpt":{"rendered":"<p>Fierastrau circular cu masa Bernardo BKS 500 este proiectat pentru utilizare zilnica intensa in santier si rezista in celor mai dure conditii de pe santiere. Accesoriile standard extinse si, in special, capota de protectie pendulara, ofera utilizatorului un nivel maxim de siguranta, transformand aceasta masina intr-o unealta profesionala si de incredere.<\/p>\n<p><em><strong>Cod produs: 09-1018<\/strong><\/em><\/p>\n","protected":false},"featured_media":107472,"comment_status":"open","ping_status":"closed","template":"","meta":{"_acf_changed":false},"product_cat":[4313,4330],"product_tag":[],"woo-feed-brand":[],"class_list":{"0":"post-107471","1":"product","2":"type-product","3":"status-publish","4":"has-post-thumbnail","6":"product_brand-bernardo","7":"product_cat-fierastraie-circulare","8":"product_cat-fierastraie-circulare-stationare","9":"pa_dimensiune-masa-1000-x-600-mm","10":"pa_greutate-99-kg","12":"first","13":"outofstock","14":"shipping-taxable","15":"purchasable","16":"product-type-simple"},"acf":[],"yoast_head":"<!-- This site is optimized with the Yoast SEO plugin v27.5 - https:\/\/yoast.com\/product\/yoast-seo-wordpress\/ -->\n<title>Fierastrau circular cu masa Bernardo BKS 500 - Eurotech Iasi<\/title>\n<meta name=\"robots\" content=\"index, follow, max-snippet:-1, max-image-preview:large, max-video-preview:-1\" \/>\n<link rel=\"canonical\" href=\"https:\/\/eurotech-iasi.ro\/magazinonline\/produs\/fierastrau-circular-cu-masa-bernardo-bks-500\/\" \/>\n<meta property=\"og:locale\" content=\"ro_RO\" \/>\n<meta property=\"og:type\" content=\"article\" \/>\n<meta property=\"og:title\" content=\"Fierastrau circular cu masa Bernardo BKS 500 - Eurotech Iasi\" \/>\n<meta property=\"og:description\" content=\"Fierastrau circular cu masa Bernardo BKS 500 este proiectat pentru utilizare zilnica intensa in santier si rezista in celor mai dure conditii de pe santiere. Accesoriile standard extinse si, in special, capota de protectie pendulara, ofera utilizatorului un nivel maxim de siguranta, transformand aceasta masina intr-o unealta profesionala si de incredere.  Cod produs: 09-1018\" \/>\n<meta property=\"og:url\" content=\"https:\/\/eurotech-iasi.ro\/magazinonline\/produs\/fierastrau-circular-cu-masa-bernardo-bks-500\/\" \/>\n<meta property=\"og:site_name\" content=\"Eurotech Iasi\" \/>\n<meta property=\"article:publisher\" content=\"https:\/\/www.facebook.com\/EurotechIasi\/\" \/>\n<meta property=\"article:modified_time\" content=\"2025-12-11T10:30:59+00:00\" \/>\n<meta property=\"og:image\" content=\"https:\/\/eurotech-iasi.ro\/magazinonline\/wp-content\/uploads\/2024\/11\/Fierastrau-circular-de-santier-Bernardo-BKS-500-6.png\" \/>\n\t<meta property=\"og:image:width\" content=\"750\" \/>\n\t<meta property=\"og:image:height\" content=\"750\" \/>\n\t<meta property=\"og:image:type\" content=\"image\/png\" \/>\n<meta name=\"twitter:label1\" content=\"Timp estimat pentru citire\" \/>\n\t<meta name=\"twitter:data1\" content=\"2 minute\" \/>\n<script type=\"application\/ld+json\" class=\"yoast-schema-graph\">{\"@context\":\"https:\\\/\\\/schema.org\",\"@graph\":[{\"@type\":\"WebPage\",\"@id\":\"https:\\\/\\\/eurotech-iasi.ro\\\/magazinonline\\\/produs\\\/fierastrau-circular-cu-masa-bernardo-bks-500\\\/\",\"url\":\"https:\\\/\\\/eurotech-iasi.ro\\\/magazinonline\\\/produs\\\/fierastrau-circular-cu-masa-bernardo-bks-500\\\/\",\"name\":\"Fierastrau circular cu masa Bernardo BKS 500 - Eurotech Iasi\",\"isPartOf\":{\"@id\":\"https:\\\/\\\/eurotech-iasi.ro\\\/magazinonline\\\/#website\"},\"primaryImageOfPage\":{\"@id\":\"https:\\\/\\\/eurotech-iasi.ro\\\/magazinonline\\\/produs\\\/fierastrau-circular-cu-masa-bernardo-bks-500\\\/#primaryimage\"},\"image\":{\"@id\":\"https:\\\/\\\/eurotech-iasi.ro\\\/magazinonline\\\/produs\\\/fierastrau-circular-cu-masa-bernardo-bks-500\\\/#primaryimage\"},\"thumbnailUrl\":\"https:\\\/\\\/eurotech-iasi.ro\\\/magazinonline\\\/wp-content\\\/uploads\\\/2024\\\/11\\\/Fierastrau-circular-de-santier-Bernardo-BKS-500-6.png\",\"datePublished\":\"2024-11-19T14:20:05+00:00\",\"dateModified\":\"2025-12-11T10:30:59+00:00\",\"breadcrumb\":{\"@id\":\"https:\\\/\\\/eurotech-iasi.ro\\\/magazinonline\\\/produs\\\/fierastrau-circular-cu-masa-bernardo-bks-500\\\/#breadcrumb\"},\"inLanguage\":\"ro-RO\",\"potentialAction\":[{\"@type\":\"ReadAction\",\"target\":[\"https:\\\/\\\/eurotech-iasi.ro\\\/magazinonline\\\/produs\\\/fierastrau-circular-cu-masa-bernardo-bks-500\\\/\"]}]},{\"@type\":\"ImageObject\",\"inLanguage\":\"ro-RO\",\"@id\":\"https:\\\/\\\/eurotech-iasi.ro\\\/magazinonline\\\/produs\\\/fierastrau-circular-cu-masa-bernardo-bks-500\\\/#primaryimage\",\"url\":\"https:\\\/\\\/eurotech-iasi.ro\\\/magazinonline\\\/wp-content\\\/uploads\\\/2024\\\/11\\\/Fierastrau-circular-de-santier-Bernardo-BKS-500-6.png\",\"contentUrl\":\"https:\\\/\\\/eurotech-iasi.ro\\\/magazinonline\\\/wp-content\\\/uploads\\\/2024\\\/11\\\/Fierastrau-circular-de-santier-Bernardo-BKS-500-6.png\",\"width\":750,\"height\":750,\"caption\":\"Fierastrau circular cu masa Bernardo BKS 500\"},{\"@type\":\"BreadcrumbList\",\"@id\":\"https:\\\/\\\/eurotech-iasi.ro\\\/magazinonline\\\/produs\\\/fierastrau-circular-cu-masa-bernardo-bks-500\\\/#breadcrumb\",\"itemListElement\":[{\"@type\":\"ListItem\",\"position\":1,\"name\":\"Prima pagin\u0103\",\"item\":\"https:\\\/\\\/eurotech-iasi.ro\\\/magazinonline\\\/\"},{\"@type\":\"ListItem\",\"position\":2,\"name\":\"Shop\",\"item\":\"https:\\\/\\\/eurotech-iasi.ro\\\/magazinonline\\\/shop\\\/\"},{\"@type\":\"ListItem\",\"position\":3,\"name\":\"Fierastrau circular cu masa Bernardo BKS 500\"}]},{\"@type\":\"WebSite\",\"@id\":\"https:\\\/\\\/eurotech-iasi.ro\\\/magazinonline\\\/#website\",\"url\":\"https:\\\/\\\/eurotech-iasi.ro\\\/magazinonline\\\/\",\"name\":\"Eurotech Iasi\",\"description\":\"Cu oameni seriosi\",\"publisher\":{\"@id\":\"https:\\\/\\\/eurotech-iasi.ro\\\/magazinonline\\\/#organization\"},\"potentialAction\":[{\"@type\":\"SearchAction\",\"target\":{\"@type\":\"EntryPoint\",\"urlTemplate\":\"https:\\\/\\\/eurotech-iasi.ro\\\/magazinonline\\\/?s={search_term_string}\"},\"query-input\":{\"@type\":\"PropertyValueSpecification\",\"valueRequired\":true,\"valueName\":\"search_term_string\"}}],\"inLanguage\":\"ro-RO\"},{\"@type\":\"Organization\",\"@id\":\"https:\\\/\\\/eurotech-iasi.ro\\\/magazinonline\\\/#organization\",\"name\":\"Eurotech Iasi\",\"url\":\"https:\\\/\\\/eurotech-iasi.ro\\\/magazinonline\\\/\",\"logo\":{\"@type\":\"ImageObject\",\"inLanguage\":\"ro-RO\",\"@id\":\"https:\\\/\\\/eurotech-iasi.ro\\\/magazinonline\\\/#\\\/schema\\\/logo\\\/image\\\/\",\"url\":\"https:\\\/\\\/eurotech-iasi.ro\\\/magazinonline\\\/wp-content\\\/uploads\\\/2020\\\/08\\\/logo-eurotech.png\",\"contentUrl\":\"https:\\\/\\\/eurotech-iasi.ro\\\/magazinonline\\\/wp-content\\\/uploads\\\/2020\\\/08\\\/logo-eurotech.png\",\"width\":290,\"height\":70,\"caption\":\"Eurotech Iasi\"},\"image\":{\"@id\":\"https:\\\/\\\/eurotech-iasi.ro\\\/magazinonline\\\/#\\\/schema\\\/logo\\\/image\\\/\"},\"sameAs\":[\"https:\\\/\\\/www.facebook.com\\\/EurotechIasi\\\/\"]}]}<\/script>\n<!-- \/ Yoast SEO plugin. -->","yoast_head_json":{"title":"Fierastrau circular cu masa Bernardo BKS 500 - Eurotech Iasi","robots":{"index":"index","follow":"follow","max-snippet":"max-snippet:-1","max-image-preview":"max-image-preview:large","max-video-preview":"max-video-preview:-1"},"canonical":"https:\/\/eurotech-iasi.ro\/magazinonline\/produs\/fierastrau-circular-cu-masa-bernardo-bks-500\/","og_locale":"ro_RO","og_type":"article","og_title":"Fierastrau circular cu masa Bernardo BKS 500 - Eurotech Iasi","og_description":"Fierastrau circular cu masa Bernardo BKS 500 este proiectat pentru utilizare zilnica intensa in santier si rezista in celor mai dure conditii de pe santiere. Accesoriile standard extinse si, in special, capota de protectie pendulara, ofera utilizatorului un nivel maxim de siguranta, transformand aceasta masina intr-o unealta profesionala si de incredere.  Cod produs: 09-1018","og_url":"https:\/\/eurotech-iasi.ro\/magazinonline\/produs\/fierastrau-circular-cu-masa-bernardo-bks-500\/","og_site_name":"Eurotech Iasi","article_publisher":"https:\/\/www.facebook.com\/EurotechIasi\/","article_modified_time":"2025-12-11T10:30:59+00:00","og_image":[{"width":750,"height":750,"url":"https:\/\/eurotech-iasi.ro\/magazinonline\/wp-content\/uploads\/2024\/11\/Fierastrau-circular-de-santier-Bernardo-BKS-500-6.png","type":"image\/png"}],"twitter_misc":{"Timp estimat pentru citire":"2 minute"},"schema":{"@context":"https:\/\/schema.org","@graph":[{"@type":"WebPage","@id":"https:\/\/eurotech-iasi.ro\/magazinonline\/produs\/fierastrau-circular-cu-masa-bernardo-bks-500\/","url":"https:\/\/eurotech-iasi.ro\/magazinonline\/produs\/fierastrau-circular-cu-masa-bernardo-bks-500\/","name":"Fierastrau circular cu masa Bernardo BKS 500 - Eurotech Iasi","isPartOf":{"@id":"https:\/\/eurotech-iasi.ro\/magazinonline\/#website"},"primaryImageOfPage":{"@id":"https:\/\/eurotech-iasi.ro\/magazinonline\/produs\/fierastrau-circular-cu-masa-bernardo-bks-500\/#primaryimage"},"image":{"@id":"https:\/\/eurotech-iasi.ro\/magazinonline\/produs\/fierastrau-circular-cu-masa-bernardo-bks-500\/#primaryimage"},"thumbnailUrl":"https:\/\/eurotech-iasi.ro\/magazinonline\/wp-content\/uploads\/2024\/11\/Fierastrau-circular-de-santier-Bernardo-BKS-500-6.png","datePublished":"2024-11-19T14:20:05+00:00","dateModified":"2025-12-11T10:30:59+00:00","breadcrumb":{"@id":"https:\/\/eurotech-iasi.ro\/magazinonline\/produs\/fierastrau-circular-cu-masa-bernardo-bks-500\/#breadcrumb"},"inLanguage":"ro-RO","potentialAction":[{"@type":"ReadAction","target":["https:\/\/eurotech-iasi.ro\/magazinonline\/produs\/fierastrau-circular-cu-masa-bernardo-bks-500\/"]}]},{"@type":"ImageObject","inLanguage":"ro-RO","@id":"https:\/\/eurotech-iasi.ro\/magazinonline\/produs\/fierastrau-circular-cu-masa-bernardo-bks-500\/#primaryimage","url":"https:\/\/eurotech-iasi.ro\/magazinonline\/wp-content\/uploads\/2024\/11\/Fierastrau-circular-de-santier-Bernardo-BKS-500-6.png","contentUrl":"https:\/\/eurotech-iasi.ro\/magazinonline\/wp-content\/uploads\/2024\/11\/Fierastrau-circular-de-santier-Bernardo-BKS-500-6.png","width":750,"height":750,"caption":"Fierastrau circular cu masa Bernardo BKS 500"},{"@type":"BreadcrumbList","@id":"https:\/\/eurotech-iasi.ro\/magazinonline\/produs\/fierastrau-circular-cu-masa-bernardo-bks-500\/#breadcrumb","itemListElement":[{"@type":"ListItem","position":1,"name":"Prima pagin\u0103","item":"https:\/\/eurotech-iasi.ro\/magazinonline\/"},{"@type":"ListItem","position":2,"name":"Shop","item":"https:\/\/eurotech-iasi.ro\/magazinonline\/shop\/"},{"@type":"ListItem","position":3,"name":"Fierastrau circular cu masa Bernardo BKS 500"}]},{"@type":"WebSite","@id":"https:\/\/eurotech-iasi.ro\/magazinonline\/#website","url":"https:\/\/eurotech-iasi.ro\/magazinonline\/","name":"Eurotech Iasi","description":"Cu oameni seriosi","publisher":{"@id":"https:\/\/eurotech-iasi.ro\/magazinonline\/#organization"},"potentialAction":[{"@type":"SearchAction","target":{"@type":"EntryPoint","urlTemplate":"https:\/\/eurotech-iasi.ro\/magazinonline\/?s={search_term_string}"},"query-input":{"@type":"PropertyValueSpecification","valueRequired":true,"valueName":"search_term_string"}}],"inLanguage":"ro-RO"},{"@type":"Organization","@id":"https:\/\/eurotech-iasi.ro\/magazinonline\/#organization","name":"Eurotech Iasi","url":"https:\/\/eurotech-iasi.ro\/magazinonline\/","logo":{"@type":"ImageObject","inLanguage":"ro-RO","@id":"https:\/\/eurotech-iasi.ro\/magazinonline\/#\/schema\/logo\/image\/","url":"https:\/\/eurotech-iasi.ro\/magazinonline\/wp-content\/uploads\/2020\/08\/logo-eurotech.png","contentUrl":"https:\/\/eurotech-iasi.ro\/magazinonline\/wp-content\/uploads\/2020\/08\/logo-eurotech.png","width":290,"height":70,"caption":"Eurotech Iasi"},"image":{"@id":"https:\/\/eurotech-iasi.ro\/magazinonline\/#\/schema\/logo\/image\/"},"sameAs":["https:\/\/www.facebook.com\/EurotechIasi\/"]}]}},"_links":{"self":[{"href":"https:\/\/eurotech-iasi.ro\/magazinonline\/wp-json\/wp\/v2\/product\/107471","targetHints":{"allow":["GET"]}}],"collection":[{"href":"https:\/\/eurotech-iasi.ro\/magazinonline\/wp-json\/wp\/v2\/product"}],"about":[{"href":"https:\/\/eurotech-iasi.ro\/magazinonline\/wp-json\/wp\/v2\/types\/product"}],"replies":[{"embeddable":true,"href":"https:\/\/eurotech-iasi.ro\/magazinonline\/wp-json\/wp\/v2\/comments?post=107471"}],"wp:featuredmedia":[{"embeddable":true,"href":"https:\/\/eurotech-iasi.ro\/magazinonline\/wp-json\/wp\/v2\/media\/107472"}],"wp:attachment":[{"href":"https:\/\/eurotech-iasi.ro\/magazinonline\/wp-json\/wp\/v2\/media?parent=107471"}],"wp:term":[{"taxonomy":"product_cat","embeddable":true,"href":"https:\/\/eurotech-iasi.ro\/magazinonline\/wp-json\/wp\/v2\/product_cat?post=107471"},{"taxonomy":"product_tag","embeddable":true,"href":"https:\/\/eurotech-iasi.ro\/magazinonline\/wp-json\/wp\/v2\/product_tag?post=107471"},{"taxonomy":"woo-feed-brand","embeddable":true,"href":"https:\/\/eurotech-iasi.ro\/magazinonline\/wp-json\/wp\/v2\/woo-feed-brand?post=107471"}],"curies":[{"name":"wp","href":"https:\/\/api.w.org\/{rel}","templated":true}]}}