{"id":108149,"date":"2025-01-30T21:38:55","date_gmt":"2025-01-30T19:38:55","guid":{"rendered":"https:\/\/eurotech-iasi.ro\/magazinonline\/?post_type=product&#038;p=108149"},"modified":"2025-03-17T11:17:35","modified_gmt":"2025-03-17T09:17:35","slug":"tractoras-de-tuns-iarba-cu-pornire-electrica-tgr-61-224e","status":"publish","type":"product","link":"https:\/\/eurotech-iasi.ro\/magazinonline\/produs\/tractoras-de-tuns-iarba-cu-pornire-electrica-tgr-61-224e\/","title":{"rendered":"Tractoras de tuns iarba cu pornire electrica TGR 61-224E"},"content":{"rendered":"<h4><strong>Tractoras de tuns iarba cu pornire electrica TGR 61-224E <\/strong>este echipat cu un motor puternic pe benzina cu puterea de 5,9 CP, carcasa din otel,\u00a0 latimea de tundere a gazonului de 61 cm si un cos colector de 150l ideal pentru gradini de dimensiuni mari.<\/h4>\n<h2>Functii &#8211; <strong>Tractoras de tuns iarba cu pornire electrica TGR 61-224E<\/strong>:<\/h2>\n<ul>\n<li>desc\u0103rcare \u00een sac colector<\/li>\n<li>desc\u0103rcare lateral\u0103<\/li>\n<li>mulching.<\/li>\n<\/ul>\n<h2>Specificatii tehnice &#8211; Tractoras de tuns iarba cu pornire electrica TGR 61-224E<\/h2>\n<p>Putere: 5,9 CP<br \/>\nPornire: electric\u0103<br \/>\nTip motor: 4 timpi, vertical, OHV<br \/>\nCapacitate cilindric\u0103: 224 cm\u00b3<br \/>\nCombustibil: Benzin\u0103 f\u0103r\u0103 plumb<br \/>\nCarcas\u0103: o\u0163el<br \/>\nL\u0103\u0163imea de t\u0103iere: 61 cm<br \/>\nReglare ad\u00e2ncime de t\u0103iere: centralizat\u0103, 5 trepte<br \/>\nAd\u00e2ncime de t\u0103iere: de la 35 mm la 75 mm<br \/>\nDimensiuni ro\u021bi fa\u021b\u0103: 10&#215;4.00-4<br \/>\nDimensiuni ro\u021bi spate: 13&#215;5.00-6<br \/>\nCapacitatea co\u015fului de colectare: 150 l<br \/>\nVitez\u0103 deplasare \u00eenainte: 1,5 \/ 2,0 \/ 4,0 \/ 6,0 km\/h<br \/>\nVitez\u0103 deplasare \u00eenapoi: 2,4 km\/h<br \/>\nMasa net\u0103: 120 kg<\/p>\n","protected":false},"excerpt":{"rendered":"<p><strong>Tractoras de tuns iarba cu pornire electrica TGR 61-224E <\/strong>este echipat cu un motor puternic pe benzina cu puterea de 5,9 CP, carcasa din otel,\u00a0 latimea de tundere a gazonului de 61 cm si un cos colector de 150l ideal pentru gradini de dimensiuni mari.<\/p>\n<p><em><strong>Cod produs: TGR61224E<\/strong><\/em><\/p>\n","protected":false},"featured_media":108154,"comment_status":"open","ping_status":"closed","template":"","meta":{"_acf_changed":false},"product_cat":[4337,14028],"product_tag":[],"woo-feed-brand":[],"class_list":{"0":"post-108149","1":"product","2":"type-product","3":"status-publish","4":"has-post-thumbnail","6":"product_brand-medialine","7":"product_cat-gradinarit-agricultura","8":"product_cat-tractorase-de-tuns-iarba","9":"pa_brand-medialine","10":"pa_combustibil-benzina-fara-plumb-2","11":"pa_greutate-120-kg","12":"pa_inaltime-de-taiere-35-75-mm","13":"pa_latime-taiere-610-mm","14":"pa_putere-nominala-59-cp","15":"pa_volum-cos-colector-150-l","17":"first","18":"instock","19":"shipping-taxable","20":"purchasable","21":"product-type-simple"},"acf":[],"yoast_head":"<!-- This site is optimized with the Yoast SEO plugin v27.5 - https:\/\/yoast.com\/product\/yoast-seo-wordpress\/ -->\n<title>Tractoras de tuns iarba cu pornire electrica TGR 61-224E - Eurotech Iasi<\/title>\n<meta name=\"robots\" content=\"index, follow, max-snippet:-1, max-image-preview:large, max-video-preview:-1\" \/>\n<link rel=\"canonical\" href=\"https:\/\/eurotech-iasi.ro\/magazinonline\/produs\/tractoras-de-tuns-iarba-cu-pornire-electrica-tgr-61-224e\/\" \/>\n<meta property=\"og:locale\" content=\"ro_RO\" \/>\n<meta property=\"og:type\" content=\"article\" \/>\n<meta property=\"og:title\" content=\"Tractoras de tuns iarba cu pornire electrica TGR 61-224E - Eurotech Iasi\" \/>\n<meta property=\"og:description\" content=\"Tractoras de tuns iarba cu pornire electrica TGR 61-224E este echipat cu un motor puternic pe benzina cu puterea de 5,9 CP, carcasa din otel,\u00a0 latimea de tundere a gazonului de 61 cm si un cos colector de 150l ideal pentru gradini de dimensiuni mari.  Cod produs: TGR61224E\" \/>\n<meta property=\"og:url\" content=\"https:\/\/eurotech-iasi.ro\/magazinonline\/produs\/tractoras-de-tuns-iarba-cu-pornire-electrica-tgr-61-224e\/\" \/>\n<meta property=\"og:site_name\" content=\"Eurotech Iasi\" \/>\n<meta property=\"article:publisher\" content=\"https:\/\/www.facebook.com\/EurotechIasi\/\" \/>\n<meta property=\"article:modified_time\" content=\"2025-03-17T09:17:35+00:00\" \/>\n<meta property=\"og:image\" content=\"https:\/\/eurotech-iasi.ro\/magazinonline\/wp-content\/uploads\/2025\/01\/1-1.png\" \/>\n\t<meta property=\"og:image:width\" content=\"750\" \/>\n\t<meta property=\"og:image:height\" content=\"750\" \/>\n\t<meta property=\"og:image:type\" content=\"image\/png\" \/>\n<meta name=\"twitter:label1\" content=\"Timp estimat pentru citire\" \/>\n\t<meta name=\"twitter:data1\" content=\"1 minut\" \/>\n<script type=\"application\/ld+json\" class=\"yoast-schema-graph\">{\"@context\":\"https:\\\/\\\/schema.org\",\"@graph\":[{\"@type\":\"WebPage\",\"@id\":\"https:\\\/\\\/eurotech-iasi.ro\\\/magazinonline\\\/produs\\\/tractoras-de-tuns-iarba-cu-pornire-electrica-tgr-61-224e\\\/\",\"url\":\"https:\\\/\\\/eurotech-iasi.ro\\\/magazinonline\\\/produs\\\/tractoras-de-tuns-iarba-cu-pornire-electrica-tgr-61-224e\\\/\",\"name\":\"Tractoras de tuns iarba cu pornire electrica TGR 61-224E - Eurotech Iasi\",\"isPartOf\":{\"@id\":\"https:\\\/\\\/eurotech-iasi.ro\\\/magazinonline\\\/#website\"},\"primaryImageOfPage\":{\"@id\":\"https:\\\/\\\/eurotech-iasi.ro\\\/magazinonline\\\/produs\\\/tractoras-de-tuns-iarba-cu-pornire-electrica-tgr-61-224e\\\/#primaryimage\"},\"image\":{\"@id\":\"https:\\\/\\\/eurotech-iasi.ro\\\/magazinonline\\\/produs\\\/tractoras-de-tuns-iarba-cu-pornire-electrica-tgr-61-224e\\\/#primaryimage\"},\"thumbnailUrl\":\"https:\\\/\\\/eurotech-iasi.ro\\\/magazinonline\\\/wp-content\\\/uploads\\\/2025\\\/01\\\/1-1.png\",\"datePublished\":\"2025-01-30T19:38:55+00:00\",\"dateModified\":\"2025-03-17T09:17:35+00:00\",\"breadcrumb\":{\"@id\":\"https:\\\/\\\/eurotech-iasi.ro\\\/magazinonline\\\/produs\\\/tractoras-de-tuns-iarba-cu-pornire-electrica-tgr-61-224e\\\/#breadcrumb\"},\"inLanguage\":\"ro-RO\",\"potentialAction\":[{\"@type\":\"ReadAction\",\"target\":[\"https:\\\/\\\/eurotech-iasi.ro\\\/magazinonline\\\/produs\\\/tractoras-de-tuns-iarba-cu-pornire-electrica-tgr-61-224e\\\/\"]}]},{\"@type\":\"ImageObject\",\"inLanguage\":\"ro-RO\",\"@id\":\"https:\\\/\\\/eurotech-iasi.ro\\\/magazinonline\\\/produs\\\/tractoras-de-tuns-iarba-cu-pornire-electrica-tgr-61-224e\\\/#primaryimage\",\"url\":\"https:\\\/\\\/eurotech-iasi.ro\\\/magazinonline\\\/wp-content\\\/uploads\\\/2025\\\/01\\\/1-1.png\",\"contentUrl\":\"https:\\\/\\\/eurotech-iasi.ro\\\/magazinonline\\\/wp-content\\\/uploads\\\/2025\\\/01\\\/1-1.png\",\"width\":750,\"height\":750,\"caption\":\"Tractoras de tuns iarba cu pornire electrica TGR 61-224E\"},{\"@type\":\"BreadcrumbList\",\"@id\":\"https:\\\/\\\/eurotech-iasi.ro\\\/magazinonline\\\/produs\\\/tractoras-de-tuns-iarba-cu-pornire-electrica-tgr-61-224e\\\/#breadcrumb\",\"itemListElement\":[{\"@type\":\"ListItem\",\"position\":1,\"name\":\"Prima pagin\u0103\",\"item\":\"https:\\\/\\\/eurotech-iasi.ro\\\/magazinonline\\\/\"},{\"@type\":\"ListItem\",\"position\":2,\"name\":\"Shop\",\"item\":\"https:\\\/\\\/eurotech-iasi.ro\\\/magazinonline\\\/shop\\\/\"},{\"@type\":\"ListItem\",\"position\":3,\"name\":\"Tractoras de tuns iarba cu pornire electrica TGR 61-224E\"}]},{\"@type\":\"WebSite\",\"@id\":\"https:\\\/\\\/eurotech-iasi.ro\\\/magazinonline\\\/#website\",\"url\":\"https:\\\/\\\/eurotech-iasi.ro\\\/magazinonline\\\/\",\"name\":\"Eurotech Iasi\",\"description\":\"Cu oameni seriosi\",\"publisher\":{\"@id\":\"https:\\\/\\\/eurotech-iasi.ro\\\/magazinonline\\\/#organization\"},\"potentialAction\":[{\"@type\":\"SearchAction\",\"target\":{\"@type\":\"EntryPoint\",\"urlTemplate\":\"https:\\\/\\\/eurotech-iasi.ro\\\/magazinonline\\\/?s={search_term_string}\"},\"query-input\":{\"@type\":\"PropertyValueSpecification\",\"valueRequired\":true,\"valueName\":\"search_term_string\"}}],\"inLanguage\":\"ro-RO\"},{\"@type\":\"Organization\",\"@id\":\"https:\\\/\\\/eurotech-iasi.ro\\\/magazinonline\\\/#organization\",\"name\":\"Eurotech Iasi\",\"url\":\"https:\\\/\\\/eurotech-iasi.ro\\\/magazinonline\\\/\",\"logo\":{\"@type\":\"ImageObject\",\"inLanguage\":\"ro-RO\",\"@id\":\"https:\\\/\\\/eurotech-iasi.ro\\\/magazinonline\\\/#\\\/schema\\\/logo\\\/image\\\/\",\"url\":\"https:\\\/\\\/eurotech-iasi.ro\\\/magazinonline\\\/wp-content\\\/uploads\\\/2020\\\/08\\\/logo-eurotech.png\",\"contentUrl\":\"https:\\\/\\\/eurotech-iasi.ro\\\/magazinonline\\\/wp-content\\\/uploads\\\/2020\\\/08\\\/logo-eurotech.png\",\"width\":290,\"height\":70,\"caption\":\"Eurotech Iasi\"},\"image\":{\"@id\":\"https:\\\/\\\/eurotech-iasi.ro\\\/magazinonline\\\/#\\\/schema\\\/logo\\\/image\\\/\"},\"sameAs\":[\"https:\\\/\\\/www.facebook.com\\\/EurotechIasi\\\/\"]}]}<\/script>\n<!-- \/ Yoast SEO plugin. -->","yoast_head_json":{"title":"Tractoras de tuns iarba cu pornire electrica TGR 61-224E - Eurotech Iasi","robots":{"index":"index","follow":"follow","max-snippet":"max-snippet:-1","max-image-preview":"max-image-preview:large","max-video-preview":"max-video-preview:-1"},"canonical":"https:\/\/eurotech-iasi.ro\/magazinonline\/produs\/tractoras-de-tuns-iarba-cu-pornire-electrica-tgr-61-224e\/","og_locale":"ro_RO","og_type":"article","og_title":"Tractoras de tuns iarba cu pornire electrica TGR 61-224E - Eurotech Iasi","og_description":"Tractoras de tuns iarba cu pornire electrica TGR 61-224E este echipat cu un motor puternic pe benzina cu puterea de 5,9 CP, carcasa din otel,\u00a0 latimea de tundere a gazonului de 61 cm si un cos colector de 150l ideal pentru gradini de dimensiuni mari.  Cod produs: TGR61224E","og_url":"https:\/\/eurotech-iasi.ro\/magazinonline\/produs\/tractoras-de-tuns-iarba-cu-pornire-electrica-tgr-61-224e\/","og_site_name":"Eurotech Iasi","article_publisher":"https:\/\/www.facebook.com\/EurotechIasi\/","article_modified_time":"2025-03-17T09:17:35+00:00","og_image":[{"width":750,"height":750,"url":"https:\/\/eurotech-iasi.ro\/magazinonline\/wp-content\/uploads\/2025\/01\/1-1.png","type":"image\/png"}],"twitter_misc":{"Timp estimat pentru citire":"1 minut"},"schema":{"@context":"https:\/\/schema.org","@graph":[{"@type":"WebPage","@id":"https:\/\/eurotech-iasi.ro\/magazinonline\/produs\/tractoras-de-tuns-iarba-cu-pornire-electrica-tgr-61-224e\/","url":"https:\/\/eurotech-iasi.ro\/magazinonline\/produs\/tractoras-de-tuns-iarba-cu-pornire-electrica-tgr-61-224e\/","name":"Tractoras de tuns iarba cu pornire electrica TGR 61-224E - Eurotech Iasi","isPartOf":{"@id":"https:\/\/eurotech-iasi.ro\/magazinonline\/#website"},"primaryImageOfPage":{"@id":"https:\/\/eurotech-iasi.ro\/magazinonline\/produs\/tractoras-de-tuns-iarba-cu-pornire-electrica-tgr-61-224e\/#primaryimage"},"image":{"@id":"https:\/\/eurotech-iasi.ro\/magazinonline\/produs\/tractoras-de-tuns-iarba-cu-pornire-electrica-tgr-61-224e\/#primaryimage"},"thumbnailUrl":"https:\/\/eurotech-iasi.ro\/magazinonline\/wp-content\/uploads\/2025\/01\/1-1.png","datePublished":"2025-01-30T19:38:55+00:00","dateModified":"2025-03-17T09:17:35+00:00","breadcrumb":{"@id":"https:\/\/eurotech-iasi.ro\/magazinonline\/produs\/tractoras-de-tuns-iarba-cu-pornire-electrica-tgr-61-224e\/#breadcrumb"},"inLanguage":"ro-RO","potentialAction":[{"@type":"ReadAction","target":["https:\/\/eurotech-iasi.ro\/magazinonline\/produs\/tractoras-de-tuns-iarba-cu-pornire-electrica-tgr-61-224e\/"]}]},{"@type":"ImageObject","inLanguage":"ro-RO","@id":"https:\/\/eurotech-iasi.ro\/magazinonline\/produs\/tractoras-de-tuns-iarba-cu-pornire-electrica-tgr-61-224e\/#primaryimage","url":"https:\/\/eurotech-iasi.ro\/magazinonline\/wp-content\/uploads\/2025\/01\/1-1.png","contentUrl":"https:\/\/eurotech-iasi.ro\/magazinonline\/wp-content\/uploads\/2025\/01\/1-1.png","width":750,"height":750,"caption":"Tractoras de tuns iarba cu pornire electrica TGR 61-224E"},{"@type":"BreadcrumbList","@id":"https:\/\/eurotech-iasi.ro\/magazinonline\/produs\/tractoras-de-tuns-iarba-cu-pornire-electrica-tgr-61-224e\/#breadcrumb","itemListElement":[{"@type":"ListItem","position":1,"name":"Prima pagin\u0103","item":"https:\/\/eurotech-iasi.ro\/magazinonline\/"},{"@type":"ListItem","position":2,"name":"Shop","item":"https:\/\/eurotech-iasi.ro\/magazinonline\/shop\/"},{"@type":"ListItem","position":3,"name":"Tractoras de tuns iarba cu pornire electrica TGR 61-224E"}]},{"@type":"WebSite","@id":"https:\/\/eurotech-iasi.ro\/magazinonline\/#website","url":"https:\/\/eurotech-iasi.ro\/magazinonline\/","name":"Eurotech Iasi","description":"Cu oameni seriosi","publisher":{"@id":"https:\/\/eurotech-iasi.ro\/magazinonline\/#organization"},"potentialAction":[{"@type":"SearchAction","target":{"@type":"EntryPoint","urlTemplate":"https:\/\/eurotech-iasi.ro\/magazinonline\/?s={search_term_string}"},"query-input":{"@type":"PropertyValueSpecification","valueRequired":true,"valueName":"search_term_string"}}],"inLanguage":"ro-RO"},{"@type":"Organization","@id":"https:\/\/eurotech-iasi.ro\/magazinonline\/#organization","name":"Eurotech Iasi","url":"https:\/\/eurotech-iasi.ro\/magazinonline\/","logo":{"@type":"ImageObject","inLanguage":"ro-RO","@id":"https:\/\/eurotech-iasi.ro\/magazinonline\/#\/schema\/logo\/image\/","url":"https:\/\/eurotech-iasi.ro\/magazinonline\/wp-content\/uploads\/2020\/08\/logo-eurotech.png","contentUrl":"https:\/\/eurotech-iasi.ro\/magazinonline\/wp-content\/uploads\/2020\/08\/logo-eurotech.png","width":290,"height":70,"caption":"Eurotech Iasi"},"image":{"@id":"https:\/\/eurotech-iasi.ro\/magazinonline\/#\/schema\/logo\/image\/"},"sameAs":["https:\/\/www.facebook.com\/EurotechIasi\/"]}]}},"_links":{"self":[{"href":"https:\/\/eurotech-iasi.ro\/magazinonline\/wp-json\/wp\/v2\/product\/108149","targetHints":{"allow":["GET"]}}],"collection":[{"href":"https:\/\/eurotech-iasi.ro\/magazinonline\/wp-json\/wp\/v2\/product"}],"about":[{"href":"https:\/\/eurotech-iasi.ro\/magazinonline\/wp-json\/wp\/v2\/types\/product"}],"replies":[{"embeddable":true,"href":"https:\/\/eurotech-iasi.ro\/magazinonline\/wp-json\/wp\/v2\/comments?post=108149"}],"wp:featuredmedia":[{"embeddable":true,"href":"https:\/\/eurotech-iasi.ro\/magazinonline\/wp-json\/wp\/v2\/media\/108154"}],"wp:attachment":[{"href":"https:\/\/eurotech-iasi.ro\/magazinonline\/wp-json\/wp\/v2\/media?parent=108149"}],"wp:term":[{"taxonomy":"product_cat","embeddable":true,"href":"https:\/\/eurotech-iasi.ro\/magazinonline\/wp-json\/wp\/v2\/product_cat?post=108149"},{"taxonomy":"product_tag","embeddable":true,"href":"https:\/\/eurotech-iasi.ro\/magazinonline\/wp-json\/wp\/v2\/product_tag?post=108149"},{"taxonomy":"woo-feed-brand","embeddable":true,"href":"https:\/\/eurotech-iasi.ro\/magazinonline\/wp-json\/wp\/v2\/woo-feed-brand?post=108149"}],"curies":[{"name":"wp","href":"https:\/\/api.w.org\/{rel}","templated":true}]}}