{"id":108289,"date":"2025-02-02T21:05:04","date_gmt":"2025-02-02T19:05:04","guid":{"rendered":"https:\/\/eurotech-iasi.ro\/magazinonline\/?post_type=product&#038;p=108289"},"modified":"2026-02-11T16:57:13","modified_gmt":"2026-02-11T14:57:13","slug":"suflanta-de-frunze-cu-acumulator-si-incarcator-stihl-bga-50","status":"publish","type":"product","link":"https:\/\/eurotech-iasi.ro\/magazinonline\/produs\/suflanta-de-frunze-cu-acumulator-si-incarcator-stihl-bga-50\/","title":{"rendered":"Suflanta de frunze cu acumulator si incarcator STIHL BGA 50"},"content":{"rendered":"<h3><strong>Suflanta de frunze cu acumulator si incarcator STIHL BGA 50 este <\/strong>\u00a0ideala pentru intretinerea spatiilor exterioare. Conceputa pentru lucrari casnice pe suprafete pavate de dimensiuni mici si medii, aceasta unealta moderna este perfecta pentru curatarea teraselor, aleilor, garajelor si balcoanelor.<\/h3>\n<p>flanta de frunze cu acumulator STIHL BGA 50, compact\u0103 \u0219i versatil\u0103, din sistemul STIHL AK, v\u0103 ajut\u0103 cu lucr\u0103rile de cur\u0103\u021bare solicitante pe suprafe\u021be mici \u0219i medii. Frunzele \u0219i alte impurit\u0103\u021bi pot fi \u00eendep\u0103rtate eficient din zonele din jurul casei, cum ar fi aleile, trotuarele, terasele sau peluzele. Un avantaj important al acestei suflante cu acumulator este puterea sa de suflare constant\u0103 pe toat\u0103 durata acumulatorului.<\/p>\n<p>Pentru a v\u0103 asigura c\u0103 pute\u021bi \u00eencepe sarcinile de cur\u0103\u021bare imediat dup\u0103 livrare, suflanta cu frunze cu acumulator BGA 50 este disponibil\u0103 \u00een acest set practic cu un acumulator STIHL AK 20 \u0219i \u00eenc\u0103rc\u0103torul STIHL AL 101 corespunz\u0103tor.<\/p>\n<p>Suflanta este bine echilibrat\u0103 \u0219i u\u0219oar\u0103. Acest lucru faciliteaz\u0103 lucrul f\u0103r\u0103 oboseal\u0103. For\u021ba de suflare reglabil\u0103 variabil v\u0103 permite s\u0103 adapta\u021bi \u00een mod flexibil puterea la diferite situa\u021bii de cur\u0103\u021bare. De exemplu, dac\u0103 dori\u021bi s\u0103 sufla\u021bi frunzele de pe o c\u0103rare de pietri\u0219, selecta\u021bi viteza de suflare astfel \u00eenc\u00e2t s\u0103 fie suflate doar frunzele \u0219i nu pietri\u0219ul. Acest lucru v\u0103 permite s\u0103 evita\u021bi retu\u0219area \u0219i s\u0103 economisi\u021bi timp.<\/p>\n<p>Tubul suflantei poate fi scos din carcas\u0103 f\u0103r\u0103 unelte \u0219i pute\u021bi depozita cele dou\u0103 p\u0103r\u021bi \u00een atelier, garaj sau subsol pentru a economisi spa\u021biu. Alternativ, BGA 50 poate fi, de asemenea, u\u0219or ag\u0103\u021bat pe perete folosind inelul de transport din partea de jos a dispozitivului.<\/p>\n<p>Pute\u021bi verifica c\u00e2t timp pute\u021bi lucra cu suflanta de frunze STIHL BGA 50 \u0219i c\u00e2t timp dureaz\u0103 \u00eenc\u0103rcarea acumulatorului utilizat \u00een prezentarea noastr\u0103 general\u0103 a duratei de via\u021b\u0103 a acumulatorului STIHL \u0219i a timpilor de \u00eenc\u0103rcare.<\/p>\n<h3>Specificatii tehnice Suflanta de frunze cu acumulator si incarcator STIHL BGA 50<strong>:<\/strong><\/h3>\n<ul>\n<li>Tensiune nominal\u0103 36 V<\/li>\n<li>Tensiune maxim\u0103 40 V<\/li>\n<li>Sistem acumulator AK<\/li>\n<li>Acumulator recomandat AK 20<\/li>\n<li>Putere de suflare cu duz\u0103 rotund\u0103 11 N 1)<\/li>\n<li>Greutatea utilajului f\u0103r\u0103 acumulator 2.2 kg<\/li>\n<li>Grad de protec\u021bie IP N\/A<\/li>\n<li>Max. viteza aerului cu duz\u0103 rotund\u0103 55 m\/s<\/li>\n<li>Flux de aer cu duz\u0103 rotund\u0103 770 m\u00b3\/h<\/li>\n<li>Timp minim de func\u021bionare a acumulatorului AK 10 10 min. 2)<\/li>\n<li>Timp maxim de func\u021bionare a acumulatorului AK 10 55 min. 2)<\/li>\n<li>Timp minim de func\u021bionare a acumulatorului AK 20 20 min. 2)<\/li>\n<li>Timp maxim de func\u021bionare a acumulatorului AK 20 115 min. 2)<\/li>\n<li>Timp minim de func\u021bionare a acumulatorului AK 30 25 min. 2)<\/li>\n<li>Timp maxim de func\u021bionare a acumulatorului AK 30 140 min. 2)<\/li>\n<li>Timp minim de func\u021bionare a acumulatorului AK 30 S 25 min. 2)<\/li>\n<li>Timp maxim de func\u021bionare a acumulatorului AK 30 S 140 min. 2)<\/li>\n<li>Nivelul presiunii sonore 78 dB(A) 3)<\/li>\n<li>Nivel de presiune acustic\u0103 15 m distan\u021b\u0103 55 dB(A) 4)<\/li>\n<li>Nivelul puterii sonore 88 dB(A) 3)<\/li>\n<li>Valoarea vibra\u021biilor dreapta 0.6 m\/s\u00b2 5)<\/li>\n<\/ul>\n","protected":false},"excerpt":{"rendered":"<p><strong>Suflanta de frunze cu acumulator si incarcator STIHL BGA 50 este <\/strong>\u00a0ideala pentru intretinerea spatiilor exterioare. Conceputa pentru lucrari casnice pe suprafete pavate de dimensiuni mici si medii, aceasta unealta moderna este perfecta pentru curatarea teraselor, aleilor, garajelor si balcoanelor.<\/p>\n<p><em><strong>Cod produs: BA050115917<\/strong><\/em><\/p>\n<h3><span style=\"color: #ff0000;\"><em><strong>*BGA 50 cu acumulator AK 20 \u015fi \u00eenc\u0103rc\u0103tor AL 101<\/strong><\/em><\/span><\/h3>\n<h3><span style=\"color: #ff0000;\"><em><a href=\"https:\/\/eurotech-iasi.ro\/magazinonline\/?attachment_id=87685\" rel=\"attachment wp-att-87685\"><img loading=\"lazy\" decoding=\"async\" class=\"wp-image-87685 aligncenter\" src=\"https:\/\/eurotech-iasi.ro\/magazinonline\/wp-content\/uploads\/2019\/06\/2-1-150x150.png\" alt=\"\" width=\"72\" height=\"72\" srcset=\"https:\/\/eurotech-iasi.ro\/magazinonline\/wp-content\/uploads\/2019\/06\/2-1-150x150.png 150w, https:\/\/eurotech-iasi.ro\/magazinonline\/wp-content\/uploads\/2019\/06\/2-1-100x100.png 100w, https:\/\/eurotech-iasi.ro\/magazinonline\/wp-content\/uploads\/2019\/06\/2-1.png 200w\" sizes=\"auto, (max-width: 72px) 100vw, 72px\" \/><\/a><\/em><\/span><\/h3>\n<h5><span style=\"color: #eb782b;\"><em><strong>\u00a0<a href=\"https:\/\/eurotech-iasi.ro\/magazinonline\/termeni-si-conditii\/\">*Garan\u021bie 2 ani<\/a> + 6 luni Extra Garan\u021bie. <\/strong><\/em><\/span><\/h5>\n<h5><span style=\"color: #eb782b;\"><em><strong>\u00cenregistreaz\u0103\u00a0 produsul achizi\u021bionat de la noi, \u00een termen de <\/strong><\/em><\/span><span style=\"color: #003366;\"><em><strong>30 de zile de la cump\u0103rare<\/strong><\/em><\/span><span style=\"color: #eb782b;\"><em><strong>, pe site-ul oficial STIHL la adresa<a href=\"https:\/\/preg.stihl.com\/product?lang=RO_ro&amp;country=RO\">\u00a0preg.stihl.com<\/a> \u0219i profit\u0103 de prelungirea gratuit\u0103 a garan\u021biei cu 6 luni !<\/strong><\/em><\/span><\/h5>\n<h5><span style=\"color: #eb782b;\"><em><strong>\u00a0<\/strong><\/em><\/span><\/h5>\n","protected":false},"featured_media":113908,"comment_status":"open","ping_status":"closed","template":"","meta":{"_acf_changed":false},"product_cat":[4337,14479,5695],"product_tag":[14497],"woo-feed-brand":[],"class_list":{"0":"post-108289","1":"product","2":"type-product","3":"status-publish","4":"has-post-thumbnail","6":"product_brand-stihl","7":"product_cat-gradinarit-agricultura","8":"product_cat-produse-noi-stihl","9":"product_cat-suflante-si-pulverizatoare","10":"product_tag-suflanta-de-frunze-fara-acumulato-si-incarcator-stihl-bga-50","11":"pa_brand-stihl","12":"pa_greutate-15-kg","13":"pa_presiune-acustica-73-dba","15":"first","16":"instock","17":"shipping-taxable","18":"purchasable","19":"product-type-simple"},"acf":[],"yoast_head":"<!-- This site is optimized with the Yoast SEO plugin v27.3 - https:\/\/yoast.com\/product\/yoast-seo-wordpress\/ -->\n<title>Suflanta de frunze cu acumulator si incarcator STIHL BGA 50 - Eurotech Iasi<\/title>\n<meta name=\"description\" content=\"Suflanta de frunze BGA 50 cu acumulator AK 20 \u015fi \u00eenc\u0103rc\u0103tor AL 101\" \/>\n<meta name=\"robots\" content=\"index, follow, max-snippet:-1, max-image-preview:large, max-video-preview:-1\" \/>\n<link rel=\"canonical\" href=\"https:\/\/eurotech-iasi.ro\/magazinonline\/produs\/suflanta-de-frunze-cu-acumulator-si-incarcator-stihl-bga-50\/\" \/>\n<meta property=\"og:locale\" content=\"ro_RO\" \/>\n<meta property=\"og:type\" content=\"article\" \/>\n<meta property=\"og:title\" content=\"Suflanta de frunze cu acumulator si incarcator STIHL BGA 50 - Eurotech Iasi\" \/>\n<meta property=\"og:description\" content=\"Suflanta de frunze BGA 50 cu acumulator AK 20 \u015fi \u00eenc\u0103rc\u0103tor AL 101\" \/>\n<meta property=\"og:url\" content=\"https:\/\/eurotech-iasi.ro\/magazinonline\/produs\/suflanta-de-frunze-cu-acumulator-si-incarcator-stihl-bga-50\/\" \/>\n<meta property=\"og:site_name\" content=\"Eurotech Iasi\" \/>\n<meta property=\"article:publisher\" content=\"https:\/\/www.facebook.com\/EurotechIasi\/\" \/>\n<meta property=\"article:modified_time\" content=\"2026-02-11T14:57:13+00:00\" \/>\n<meta property=\"og:image\" content=\"https:\/\/eurotech-iasi.ro\/magazinonline\/wp-content\/uploads\/2025\/02\/Suflanta-de-frunze-cu-acumulator-si-incarcator-STIHL-BGA-50-1.png\" \/>\n\t<meta property=\"og:image:width\" content=\"750\" \/>\n\t<meta property=\"og:image:height\" content=\"750\" \/>\n\t<meta property=\"og:image:type\" content=\"image\/png\" \/>\n<meta name=\"twitter:label1\" content=\"Timp estimat pentru citire\" \/>\n\t<meta name=\"twitter:data1\" content=\"3 minute\" \/>\n<script type=\"application\/ld+json\" class=\"yoast-schema-graph\">{\"@context\":\"https:\\\/\\\/schema.org\",\"@graph\":[{\"@type\":\"WebPage\",\"@id\":\"https:\\\/\\\/eurotech-iasi.ro\\\/magazinonline\\\/produs\\\/suflanta-de-frunze-cu-acumulator-si-incarcator-stihl-bga-50\\\/\",\"url\":\"https:\\\/\\\/eurotech-iasi.ro\\\/magazinonline\\\/produs\\\/suflanta-de-frunze-cu-acumulator-si-incarcator-stihl-bga-50\\\/\",\"name\":\"Suflanta de frunze cu acumulator si incarcator STIHL BGA 50 - Eurotech Iasi\",\"isPartOf\":{\"@id\":\"https:\\\/\\\/eurotech-iasi.ro\\\/magazinonline\\\/#website\"},\"primaryImageOfPage\":{\"@id\":\"https:\\\/\\\/eurotech-iasi.ro\\\/magazinonline\\\/produs\\\/suflanta-de-frunze-cu-acumulator-si-incarcator-stihl-bga-50\\\/#primaryimage\"},\"image\":{\"@id\":\"https:\\\/\\\/eurotech-iasi.ro\\\/magazinonline\\\/produs\\\/suflanta-de-frunze-cu-acumulator-si-incarcator-stihl-bga-50\\\/#primaryimage\"},\"thumbnailUrl\":\"https:\\\/\\\/eurotech-iasi.ro\\\/magazinonline\\\/wp-content\\\/uploads\\\/2025\\\/02\\\/Suflanta-de-frunze-cu-acumulator-si-incarcator-STIHL-BGA-50-1.png\",\"datePublished\":\"2025-02-02T19:05:04+00:00\",\"dateModified\":\"2026-02-11T14:57:13+00:00\",\"description\":\"Suflanta de frunze BGA 50 cu acumulator AK 20 \u015fi \u00eenc\u0103rc\u0103tor AL 101\",\"breadcrumb\":{\"@id\":\"https:\\\/\\\/eurotech-iasi.ro\\\/magazinonline\\\/produs\\\/suflanta-de-frunze-cu-acumulator-si-incarcator-stihl-bga-50\\\/#breadcrumb\"},\"inLanguage\":\"ro-RO\",\"potentialAction\":[{\"@type\":\"ReadAction\",\"target\":[\"https:\\\/\\\/eurotech-iasi.ro\\\/magazinonline\\\/produs\\\/suflanta-de-frunze-cu-acumulator-si-incarcator-stihl-bga-50\\\/\"]}]},{\"@type\":\"ImageObject\",\"inLanguage\":\"ro-RO\",\"@id\":\"https:\\\/\\\/eurotech-iasi.ro\\\/magazinonline\\\/produs\\\/suflanta-de-frunze-cu-acumulator-si-incarcator-stihl-bga-50\\\/#primaryimage\",\"url\":\"https:\\\/\\\/eurotech-iasi.ro\\\/magazinonline\\\/wp-content\\\/uploads\\\/2025\\\/02\\\/Suflanta-de-frunze-cu-acumulator-si-incarcator-STIHL-BGA-50-1.png\",\"contentUrl\":\"https:\\\/\\\/eurotech-iasi.ro\\\/magazinonline\\\/wp-content\\\/uploads\\\/2025\\\/02\\\/Suflanta-de-frunze-cu-acumulator-si-incarcator-STIHL-BGA-50-1.png\",\"width\":750,\"height\":750,\"caption\":\"Suflanta de frunze cu acumulator si incarcator STIHL BGA 50\"},{\"@type\":\"BreadcrumbList\",\"@id\":\"https:\\\/\\\/eurotech-iasi.ro\\\/magazinonline\\\/produs\\\/suflanta-de-frunze-cu-acumulator-si-incarcator-stihl-bga-50\\\/#breadcrumb\",\"itemListElement\":[{\"@type\":\"ListItem\",\"position\":1,\"name\":\"Prima pagin\u0103\",\"item\":\"https:\\\/\\\/eurotech-iasi.ro\\\/magazinonline\\\/\"},{\"@type\":\"ListItem\",\"position\":2,\"name\":\"Shop\",\"item\":\"https:\\\/\\\/eurotech-iasi.ro\\\/magazinonline\\\/shop\\\/\"},{\"@type\":\"ListItem\",\"position\":3,\"name\":\"Suflanta de frunze cu acumulator si incarcator STIHL BGA 50\"}]},{\"@type\":\"WebSite\",\"@id\":\"https:\\\/\\\/eurotech-iasi.ro\\\/magazinonline\\\/#website\",\"url\":\"https:\\\/\\\/eurotech-iasi.ro\\\/magazinonline\\\/\",\"name\":\"Eurotech Iasi\",\"description\":\"Cu oameni seriosi\",\"publisher\":{\"@id\":\"https:\\\/\\\/eurotech-iasi.ro\\\/magazinonline\\\/#organization\"},\"potentialAction\":[{\"@type\":\"SearchAction\",\"target\":{\"@type\":\"EntryPoint\",\"urlTemplate\":\"https:\\\/\\\/eurotech-iasi.ro\\\/magazinonline\\\/?s={search_term_string}\"},\"query-input\":{\"@type\":\"PropertyValueSpecification\",\"valueRequired\":true,\"valueName\":\"search_term_string\"}}],\"inLanguage\":\"ro-RO\"},{\"@type\":\"Organization\",\"@id\":\"https:\\\/\\\/eurotech-iasi.ro\\\/magazinonline\\\/#organization\",\"name\":\"Eurotech Iasi\",\"url\":\"https:\\\/\\\/eurotech-iasi.ro\\\/magazinonline\\\/\",\"logo\":{\"@type\":\"ImageObject\",\"inLanguage\":\"ro-RO\",\"@id\":\"https:\\\/\\\/eurotech-iasi.ro\\\/magazinonline\\\/#\\\/schema\\\/logo\\\/image\\\/\",\"url\":\"https:\\\/\\\/eurotech-iasi.ro\\\/magazinonline\\\/wp-content\\\/uploads\\\/2020\\\/08\\\/logo-eurotech.png\",\"contentUrl\":\"https:\\\/\\\/eurotech-iasi.ro\\\/magazinonline\\\/wp-content\\\/uploads\\\/2020\\\/08\\\/logo-eurotech.png\",\"width\":290,\"height\":70,\"caption\":\"Eurotech Iasi\"},\"image\":{\"@id\":\"https:\\\/\\\/eurotech-iasi.ro\\\/magazinonline\\\/#\\\/schema\\\/logo\\\/image\\\/\"},\"sameAs\":[\"https:\\\/\\\/www.facebook.com\\\/EurotechIasi\\\/\"]}]}<\/script>\n<!-- \/ Yoast SEO plugin. -->","yoast_head_json":{"title":"Suflanta de frunze cu acumulator si incarcator STIHL BGA 50 - Eurotech Iasi","description":"Suflanta de frunze BGA 50 cu acumulator AK 20 \u015fi \u00eenc\u0103rc\u0103tor AL 101","robots":{"index":"index","follow":"follow","max-snippet":"max-snippet:-1","max-image-preview":"max-image-preview:large","max-video-preview":"max-video-preview:-1"},"canonical":"https:\/\/eurotech-iasi.ro\/magazinonline\/produs\/suflanta-de-frunze-cu-acumulator-si-incarcator-stihl-bga-50\/","og_locale":"ro_RO","og_type":"article","og_title":"Suflanta de frunze cu acumulator si incarcator STIHL BGA 50 - Eurotech Iasi","og_description":"Suflanta de frunze BGA 50 cu acumulator AK 20 \u015fi \u00eenc\u0103rc\u0103tor AL 101","og_url":"https:\/\/eurotech-iasi.ro\/magazinonline\/produs\/suflanta-de-frunze-cu-acumulator-si-incarcator-stihl-bga-50\/","og_site_name":"Eurotech Iasi","article_publisher":"https:\/\/www.facebook.com\/EurotechIasi\/","article_modified_time":"2026-02-11T14:57:13+00:00","og_image":[{"width":750,"height":750,"url":"https:\/\/eurotech-iasi.ro\/magazinonline\/wp-content\/uploads\/2025\/02\/Suflanta-de-frunze-cu-acumulator-si-incarcator-STIHL-BGA-50-1.png","type":"image\/png"}],"twitter_misc":{"Timp estimat pentru citire":"3 minute"},"schema":{"@context":"https:\/\/schema.org","@graph":[{"@type":"WebPage","@id":"https:\/\/eurotech-iasi.ro\/magazinonline\/produs\/suflanta-de-frunze-cu-acumulator-si-incarcator-stihl-bga-50\/","url":"https:\/\/eurotech-iasi.ro\/magazinonline\/produs\/suflanta-de-frunze-cu-acumulator-si-incarcator-stihl-bga-50\/","name":"Suflanta de frunze cu acumulator si incarcator STIHL BGA 50 - Eurotech Iasi","isPartOf":{"@id":"https:\/\/eurotech-iasi.ro\/magazinonline\/#website"},"primaryImageOfPage":{"@id":"https:\/\/eurotech-iasi.ro\/magazinonline\/produs\/suflanta-de-frunze-cu-acumulator-si-incarcator-stihl-bga-50\/#primaryimage"},"image":{"@id":"https:\/\/eurotech-iasi.ro\/magazinonline\/produs\/suflanta-de-frunze-cu-acumulator-si-incarcator-stihl-bga-50\/#primaryimage"},"thumbnailUrl":"https:\/\/eurotech-iasi.ro\/magazinonline\/wp-content\/uploads\/2025\/02\/Suflanta-de-frunze-cu-acumulator-si-incarcator-STIHL-BGA-50-1.png","datePublished":"2025-02-02T19:05:04+00:00","dateModified":"2026-02-11T14:57:13+00:00","description":"Suflanta de frunze BGA 50 cu acumulator AK 20 \u015fi \u00eenc\u0103rc\u0103tor AL 101","breadcrumb":{"@id":"https:\/\/eurotech-iasi.ro\/magazinonline\/produs\/suflanta-de-frunze-cu-acumulator-si-incarcator-stihl-bga-50\/#breadcrumb"},"inLanguage":"ro-RO","potentialAction":[{"@type":"ReadAction","target":["https:\/\/eurotech-iasi.ro\/magazinonline\/produs\/suflanta-de-frunze-cu-acumulator-si-incarcator-stihl-bga-50\/"]}]},{"@type":"ImageObject","inLanguage":"ro-RO","@id":"https:\/\/eurotech-iasi.ro\/magazinonline\/produs\/suflanta-de-frunze-cu-acumulator-si-incarcator-stihl-bga-50\/#primaryimage","url":"https:\/\/eurotech-iasi.ro\/magazinonline\/wp-content\/uploads\/2025\/02\/Suflanta-de-frunze-cu-acumulator-si-incarcator-STIHL-BGA-50-1.png","contentUrl":"https:\/\/eurotech-iasi.ro\/magazinonline\/wp-content\/uploads\/2025\/02\/Suflanta-de-frunze-cu-acumulator-si-incarcator-STIHL-BGA-50-1.png","width":750,"height":750,"caption":"Suflanta de frunze cu acumulator si incarcator STIHL BGA 50"},{"@type":"BreadcrumbList","@id":"https:\/\/eurotech-iasi.ro\/magazinonline\/produs\/suflanta-de-frunze-cu-acumulator-si-incarcator-stihl-bga-50\/#breadcrumb","itemListElement":[{"@type":"ListItem","position":1,"name":"Prima pagin\u0103","item":"https:\/\/eurotech-iasi.ro\/magazinonline\/"},{"@type":"ListItem","position":2,"name":"Shop","item":"https:\/\/eurotech-iasi.ro\/magazinonline\/shop\/"},{"@type":"ListItem","position":3,"name":"Suflanta de frunze cu acumulator si incarcator STIHL BGA 50"}]},{"@type":"WebSite","@id":"https:\/\/eurotech-iasi.ro\/magazinonline\/#website","url":"https:\/\/eurotech-iasi.ro\/magazinonline\/","name":"Eurotech Iasi","description":"Cu oameni seriosi","publisher":{"@id":"https:\/\/eurotech-iasi.ro\/magazinonline\/#organization"},"potentialAction":[{"@type":"SearchAction","target":{"@type":"EntryPoint","urlTemplate":"https:\/\/eurotech-iasi.ro\/magazinonline\/?s={search_term_string}"},"query-input":{"@type":"PropertyValueSpecification","valueRequired":true,"valueName":"search_term_string"}}],"inLanguage":"ro-RO"},{"@type":"Organization","@id":"https:\/\/eurotech-iasi.ro\/magazinonline\/#organization","name":"Eurotech Iasi","url":"https:\/\/eurotech-iasi.ro\/magazinonline\/","logo":{"@type":"ImageObject","inLanguage":"ro-RO","@id":"https:\/\/eurotech-iasi.ro\/magazinonline\/#\/schema\/logo\/image\/","url":"https:\/\/eurotech-iasi.ro\/magazinonline\/wp-content\/uploads\/2020\/08\/logo-eurotech.png","contentUrl":"https:\/\/eurotech-iasi.ro\/magazinonline\/wp-content\/uploads\/2020\/08\/logo-eurotech.png","width":290,"height":70,"caption":"Eurotech Iasi"},"image":{"@id":"https:\/\/eurotech-iasi.ro\/magazinonline\/#\/schema\/logo\/image\/"},"sameAs":["https:\/\/www.facebook.com\/EurotechIasi\/"]}]}},"_links":{"self":[{"href":"https:\/\/eurotech-iasi.ro\/magazinonline\/wp-json\/wp\/v2\/product\/108289","targetHints":{"allow":["GET"]}}],"collection":[{"href":"https:\/\/eurotech-iasi.ro\/magazinonline\/wp-json\/wp\/v2\/product"}],"about":[{"href":"https:\/\/eurotech-iasi.ro\/magazinonline\/wp-json\/wp\/v2\/types\/product"}],"replies":[{"embeddable":true,"href":"https:\/\/eurotech-iasi.ro\/magazinonline\/wp-json\/wp\/v2\/comments?post=108289"}],"wp:featuredmedia":[{"embeddable":true,"href":"https:\/\/eurotech-iasi.ro\/magazinonline\/wp-json\/wp\/v2\/media\/113908"}],"wp:attachment":[{"href":"https:\/\/eurotech-iasi.ro\/magazinonline\/wp-json\/wp\/v2\/media?parent=108289"}],"wp:term":[{"taxonomy":"product_cat","embeddable":true,"href":"https:\/\/eurotech-iasi.ro\/magazinonline\/wp-json\/wp\/v2\/product_cat?post=108289"},{"taxonomy":"product_tag","embeddable":true,"href":"https:\/\/eurotech-iasi.ro\/magazinonline\/wp-json\/wp\/v2\/product_tag?post=108289"},{"taxonomy":"woo-feed-brand","embeddable":true,"href":"https:\/\/eurotech-iasi.ro\/magazinonline\/wp-json\/wp\/v2\/woo-feed-brand?post=108289"}],"curies":[{"name":"wp","href":"https:\/\/api.w.org\/{rel}","templated":true}]}}