{"id":10892,"date":"2018-04-27T13:04:11","date_gmt":"2018-04-27T10:04:11","guid":{"rendered":"https:\/\/eurotech-iasi.ro\/?post_type=product&#038;p=10892"},"modified":"2025-04-02T16:10:14","modified_gmt":"2025-04-02T13:10:14","slug":"polizor-unghiular-mic-makita-ga5021-125mm-1050w-2-2kg","status":"publish","type":"product","link":"https:\/\/eurotech-iasi.ro\/magazinonline\/produs\/polizor-unghiular-mic-makita-ga5021-125mm-1050w-2-2kg\/","title":{"rendered":"Polizor unghiular MAKITA GA5021"},"content":{"rendered":"<p><strong>Polizor unghiular MAKITA GA5021<\/strong>, dotat cu un motor de <strong>1.050 W<\/strong>, avand o incarcare maxima eficienta. Acest model de polizor unghiular dispune de un amortizor de torsiune SJS care ajuta la evitarea reculurilor si care permite pornirea fara socuri.<br \/>\nEste echipat cu o constructie de tip labirint care protejeaza rulmentii impotriva socurilor. Este echipat si cu o carcasa a motorului subtire si rezistenta, de 253 de mm, lucru care faciliteaza confortul si siguranta in timpul folosirii.<\/p>\n","protected":false},"excerpt":{"rendered":"<p><strong>Polizor unghiular MAKITA GA5021<\/strong>\u00a0este o scula profesionala care poate fi folosita in activitatile de lunga durata.<\/p>\n<p>Cod produs: GA5021<\/p>\n","protected":false},"featured_media":10893,"comment_status":"open","ping_status":"closed","template":"","meta":{"_acf_changed":false},"product_cat":[4310,4306],"product_tag":[3190,2363,3189,2361,2362],"woo-feed-brand":[],"class_list":{"0":"post-10892","1":"product","2":"type-product","3":"status-publish","4":"has-post-thumbnail","6":"product_brand-makita","7":"product_cat-polizoare-unghiulare","8":"product_cat-scule-electrice","9":"product_tag-ga5021","10":"product_tag-makita","11":"product_tag-makita-ga5021","12":"product_tag-polizor","13":"product_tag-polizor-unghiular","14":"pa_brand-makita","15":"pa_diametru-disc-125-mm","16":"pa_greutate-29-kg","17":"pa_nivel-vibratii-13-5-m-s2","18":"pa_nivel-zgomot-104-db","19":"pa_putere-1050-w","20":"pa_turatie-de-mers-in-gol-11-000-rpm","22":"first","23":"instock","24":"purchasable","25":"product-type-simple"},"acf":[],"yoast_head":"<!-- This site is optimized with the Yoast SEO plugin v27.5 - https:\/\/yoast.com\/product\/yoast-seo-wordpress\/ -->\n<title>Polizor unghiular MAKITA GA5021 - Eurotech Iasi<\/title>\n<meta name=\"description\" content=\"Polizor unghiular MAKITA GA5021, dotat cu un motor de 1.050 W, este o scul\u0103 profesional\u0103 care poate fi folosit\u0103 \u00een activit\u0103\u021bile de lung\u0103 durat\u0103.\" \/>\n<meta name=\"robots\" content=\"index, follow, max-snippet:-1, max-image-preview:large, max-video-preview:-1\" \/>\n<link rel=\"canonical\" href=\"https:\/\/eurotech-iasi.ro\/magazinonline\/produs\/polizor-unghiular-mic-makita-ga5021-125mm-1050w-2-2kg\/\" \/>\n<meta property=\"og:locale\" content=\"ro_RO\" \/>\n<meta property=\"og:type\" content=\"article\" \/>\n<meta property=\"og:title\" content=\"Polizor unghiular MAKITA GA5021 - Eurotech Iasi\" \/>\n<meta property=\"og:description\" content=\"Polizor unghiular MAKITA GA5021, dotat cu un motor de 1.050 W, este o scul\u0103 profesional\u0103 care poate fi folosit\u0103 \u00een activit\u0103\u021bile de lung\u0103 durat\u0103.\" \/>\n<meta property=\"og:url\" content=\"https:\/\/eurotech-iasi.ro\/magazinonline\/produs\/polizor-unghiular-mic-makita-ga5021-125mm-1050w-2-2kg\/\" \/>\n<meta property=\"og:site_name\" content=\"Eurotech Iasi\" \/>\n<meta property=\"article:publisher\" content=\"https:\/\/www.facebook.com\/EurotechIasi\/\" \/>\n<meta property=\"article:modified_time\" content=\"2025-04-02T13:10:14+00:00\" \/>\n<meta property=\"og:image\" content=\"https:\/\/eurotech-iasi.ro\/magazinonline\/wp-content\/uploads\/2018\/04\/Polizor-unghiular-mic-Makita-GA95021-125mm-1050W-2.2Kg.jpg\" \/>\n\t<meta property=\"og:image:width\" content=\"710\" \/>\n\t<meta property=\"og:image:height\" content=\"710\" \/>\n\t<meta property=\"og:image:type\" content=\"image\/jpeg\" \/>\n<script type=\"application\/ld+json\" class=\"yoast-schema-graph\">{\"@context\":\"https:\\\/\\\/schema.org\",\"@graph\":[{\"@type\":\"WebPage\",\"@id\":\"https:\\\/\\\/eurotech-iasi.ro\\\/magazinonline\\\/produs\\\/polizor-unghiular-mic-makita-ga5021-125mm-1050w-2-2kg\\\/\",\"url\":\"https:\\\/\\\/eurotech-iasi.ro\\\/magazinonline\\\/produs\\\/polizor-unghiular-mic-makita-ga5021-125mm-1050w-2-2kg\\\/\",\"name\":\"Polizor unghiular MAKITA GA5021 - Eurotech Iasi\",\"isPartOf\":{\"@id\":\"https:\\\/\\\/eurotech-iasi.ro\\\/magazinonline\\\/#website\"},\"primaryImageOfPage\":{\"@id\":\"https:\\\/\\\/eurotech-iasi.ro\\\/magazinonline\\\/produs\\\/polizor-unghiular-mic-makita-ga5021-125mm-1050w-2-2kg\\\/#primaryimage\"},\"image\":{\"@id\":\"https:\\\/\\\/eurotech-iasi.ro\\\/magazinonline\\\/produs\\\/polizor-unghiular-mic-makita-ga5021-125mm-1050w-2-2kg\\\/#primaryimage\"},\"thumbnailUrl\":\"https:\\\/\\\/eurotech-iasi.ro\\\/magazinonline\\\/wp-content\\\/uploads\\\/2018\\\/04\\\/Polizor-unghiular-mic-Makita-GA95021-125mm-1050W-2.2Kg.jpg\",\"datePublished\":\"2018-04-27T10:04:11+00:00\",\"dateModified\":\"2025-04-02T13:10:14+00:00\",\"description\":\"Polizor unghiular MAKITA GA5021, dotat cu un motor de 1.050 W, este o scul\u0103 profesional\u0103 care poate fi folosit\u0103 \u00een activit\u0103\u021bile de lung\u0103 durat\u0103.\",\"breadcrumb\":{\"@id\":\"https:\\\/\\\/eurotech-iasi.ro\\\/magazinonline\\\/produs\\\/polizor-unghiular-mic-makita-ga5021-125mm-1050w-2-2kg\\\/#breadcrumb\"},\"inLanguage\":\"ro-RO\",\"potentialAction\":[{\"@type\":\"ReadAction\",\"target\":[\"https:\\\/\\\/eurotech-iasi.ro\\\/magazinonline\\\/produs\\\/polizor-unghiular-mic-makita-ga5021-125mm-1050w-2-2kg\\\/\"]}]},{\"@type\":\"ImageObject\",\"inLanguage\":\"ro-RO\",\"@id\":\"https:\\\/\\\/eurotech-iasi.ro\\\/magazinonline\\\/produs\\\/polizor-unghiular-mic-makita-ga5021-125mm-1050w-2-2kg\\\/#primaryimage\",\"url\":\"https:\\\/\\\/eurotech-iasi.ro\\\/magazinonline\\\/wp-content\\\/uploads\\\/2018\\\/04\\\/Polizor-unghiular-mic-Makita-GA95021-125mm-1050W-2.2Kg.jpg\",\"contentUrl\":\"https:\\\/\\\/eurotech-iasi.ro\\\/magazinonline\\\/wp-content\\\/uploads\\\/2018\\\/04\\\/Polizor-unghiular-mic-Makita-GA95021-125mm-1050W-2.2Kg.jpg\",\"width\":710,\"height\":710},{\"@type\":\"BreadcrumbList\",\"@id\":\"https:\\\/\\\/eurotech-iasi.ro\\\/magazinonline\\\/produs\\\/polizor-unghiular-mic-makita-ga5021-125mm-1050w-2-2kg\\\/#breadcrumb\",\"itemListElement\":[{\"@type\":\"ListItem\",\"position\":1,\"name\":\"Prima pagin\u0103\",\"item\":\"https:\\\/\\\/eurotech-iasi.ro\\\/magazinonline\\\/\"},{\"@type\":\"ListItem\",\"position\":2,\"name\":\"Shop\",\"item\":\"https:\\\/\\\/eurotech-iasi.ro\\\/magazinonline\\\/shop\\\/\"},{\"@type\":\"ListItem\",\"position\":3,\"name\":\"Polizor unghiular MAKITA GA5021\"}]},{\"@type\":\"WebSite\",\"@id\":\"https:\\\/\\\/eurotech-iasi.ro\\\/magazinonline\\\/#website\",\"url\":\"https:\\\/\\\/eurotech-iasi.ro\\\/magazinonline\\\/\",\"name\":\"Eurotech Iasi\",\"description\":\"Cu oameni seriosi\",\"publisher\":{\"@id\":\"https:\\\/\\\/eurotech-iasi.ro\\\/magazinonline\\\/#organization\"},\"potentialAction\":[{\"@type\":\"SearchAction\",\"target\":{\"@type\":\"EntryPoint\",\"urlTemplate\":\"https:\\\/\\\/eurotech-iasi.ro\\\/magazinonline\\\/?s={search_term_string}\"},\"query-input\":{\"@type\":\"PropertyValueSpecification\",\"valueRequired\":true,\"valueName\":\"search_term_string\"}}],\"inLanguage\":\"ro-RO\"},{\"@type\":\"Organization\",\"@id\":\"https:\\\/\\\/eurotech-iasi.ro\\\/magazinonline\\\/#organization\",\"name\":\"Eurotech Iasi\",\"url\":\"https:\\\/\\\/eurotech-iasi.ro\\\/magazinonline\\\/\",\"logo\":{\"@type\":\"ImageObject\",\"inLanguage\":\"ro-RO\",\"@id\":\"https:\\\/\\\/eurotech-iasi.ro\\\/magazinonline\\\/#\\\/schema\\\/logo\\\/image\\\/\",\"url\":\"https:\\\/\\\/eurotech-iasi.ro\\\/magazinonline\\\/wp-content\\\/uploads\\\/2020\\\/08\\\/logo-eurotech.png\",\"contentUrl\":\"https:\\\/\\\/eurotech-iasi.ro\\\/magazinonline\\\/wp-content\\\/uploads\\\/2020\\\/08\\\/logo-eurotech.png\",\"width\":290,\"height\":70,\"caption\":\"Eurotech Iasi\"},\"image\":{\"@id\":\"https:\\\/\\\/eurotech-iasi.ro\\\/magazinonline\\\/#\\\/schema\\\/logo\\\/image\\\/\"},\"sameAs\":[\"https:\\\/\\\/www.facebook.com\\\/EurotechIasi\\\/\"]}]}<\/script>\n<!-- \/ Yoast SEO plugin. -->","yoast_head_json":{"title":"Polizor unghiular MAKITA GA5021 - Eurotech Iasi","description":"Polizor unghiular MAKITA GA5021, dotat cu un motor de 1.050 W, este o scul\u0103 profesional\u0103 care poate fi folosit\u0103 \u00een activit\u0103\u021bile de lung\u0103 durat\u0103.","robots":{"index":"index","follow":"follow","max-snippet":"max-snippet:-1","max-image-preview":"max-image-preview:large","max-video-preview":"max-video-preview:-1"},"canonical":"https:\/\/eurotech-iasi.ro\/magazinonline\/produs\/polizor-unghiular-mic-makita-ga5021-125mm-1050w-2-2kg\/","og_locale":"ro_RO","og_type":"article","og_title":"Polizor unghiular MAKITA GA5021 - Eurotech Iasi","og_description":"Polizor unghiular MAKITA GA5021, dotat cu un motor de 1.050 W, este o scul\u0103 profesional\u0103 care poate fi folosit\u0103 \u00een activit\u0103\u021bile de lung\u0103 durat\u0103.","og_url":"https:\/\/eurotech-iasi.ro\/magazinonline\/produs\/polizor-unghiular-mic-makita-ga5021-125mm-1050w-2-2kg\/","og_site_name":"Eurotech Iasi","article_publisher":"https:\/\/www.facebook.com\/EurotechIasi\/","article_modified_time":"2025-04-02T13:10:14+00:00","og_image":[{"width":710,"height":710,"url":"https:\/\/eurotech-iasi.ro\/magazinonline\/wp-content\/uploads\/2018\/04\/Polizor-unghiular-mic-Makita-GA95021-125mm-1050W-2.2Kg.jpg","type":"image\/jpeg"}],"schema":{"@context":"https:\/\/schema.org","@graph":[{"@type":"WebPage","@id":"https:\/\/eurotech-iasi.ro\/magazinonline\/produs\/polizor-unghiular-mic-makita-ga5021-125mm-1050w-2-2kg\/","url":"https:\/\/eurotech-iasi.ro\/magazinonline\/produs\/polizor-unghiular-mic-makita-ga5021-125mm-1050w-2-2kg\/","name":"Polizor unghiular MAKITA GA5021 - Eurotech Iasi","isPartOf":{"@id":"https:\/\/eurotech-iasi.ro\/magazinonline\/#website"},"primaryImageOfPage":{"@id":"https:\/\/eurotech-iasi.ro\/magazinonline\/produs\/polizor-unghiular-mic-makita-ga5021-125mm-1050w-2-2kg\/#primaryimage"},"image":{"@id":"https:\/\/eurotech-iasi.ro\/magazinonline\/produs\/polizor-unghiular-mic-makita-ga5021-125mm-1050w-2-2kg\/#primaryimage"},"thumbnailUrl":"https:\/\/eurotech-iasi.ro\/magazinonline\/wp-content\/uploads\/2018\/04\/Polizor-unghiular-mic-Makita-GA95021-125mm-1050W-2.2Kg.jpg","datePublished":"2018-04-27T10:04:11+00:00","dateModified":"2025-04-02T13:10:14+00:00","description":"Polizor unghiular MAKITA GA5021, dotat cu un motor de 1.050 W, este o scul\u0103 profesional\u0103 care poate fi folosit\u0103 \u00een activit\u0103\u021bile de lung\u0103 durat\u0103.","breadcrumb":{"@id":"https:\/\/eurotech-iasi.ro\/magazinonline\/produs\/polizor-unghiular-mic-makita-ga5021-125mm-1050w-2-2kg\/#breadcrumb"},"inLanguage":"ro-RO","potentialAction":[{"@type":"ReadAction","target":["https:\/\/eurotech-iasi.ro\/magazinonline\/produs\/polizor-unghiular-mic-makita-ga5021-125mm-1050w-2-2kg\/"]}]},{"@type":"ImageObject","inLanguage":"ro-RO","@id":"https:\/\/eurotech-iasi.ro\/magazinonline\/produs\/polizor-unghiular-mic-makita-ga5021-125mm-1050w-2-2kg\/#primaryimage","url":"https:\/\/eurotech-iasi.ro\/magazinonline\/wp-content\/uploads\/2018\/04\/Polizor-unghiular-mic-Makita-GA95021-125mm-1050W-2.2Kg.jpg","contentUrl":"https:\/\/eurotech-iasi.ro\/magazinonline\/wp-content\/uploads\/2018\/04\/Polizor-unghiular-mic-Makita-GA95021-125mm-1050W-2.2Kg.jpg","width":710,"height":710},{"@type":"BreadcrumbList","@id":"https:\/\/eurotech-iasi.ro\/magazinonline\/produs\/polizor-unghiular-mic-makita-ga5021-125mm-1050w-2-2kg\/#breadcrumb","itemListElement":[{"@type":"ListItem","position":1,"name":"Prima pagin\u0103","item":"https:\/\/eurotech-iasi.ro\/magazinonline\/"},{"@type":"ListItem","position":2,"name":"Shop","item":"https:\/\/eurotech-iasi.ro\/magazinonline\/shop\/"},{"@type":"ListItem","position":3,"name":"Polizor unghiular MAKITA GA5021"}]},{"@type":"WebSite","@id":"https:\/\/eurotech-iasi.ro\/magazinonline\/#website","url":"https:\/\/eurotech-iasi.ro\/magazinonline\/","name":"Eurotech Iasi","description":"Cu oameni seriosi","publisher":{"@id":"https:\/\/eurotech-iasi.ro\/magazinonline\/#organization"},"potentialAction":[{"@type":"SearchAction","target":{"@type":"EntryPoint","urlTemplate":"https:\/\/eurotech-iasi.ro\/magazinonline\/?s={search_term_string}"},"query-input":{"@type":"PropertyValueSpecification","valueRequired":true,"valueName":"search_term_string"}}],"inLanguage":"ro-RO"},{"@type":"Organization","@id":"https:\/\/eurotech-iasi.ro\/magazinonline\/#organization","name":"Eurotech Iasi","url":"https:\/\/eurotech-iasi.ro\/magazinonline\/","logo":{"@type":"ImageObject","inLanguage":"ro-RO","@id":"https:\/\/eurotech-iasi.ro\/magazinonline\/#\/schema\/logo\/image\/","url":"https:\/\/eurotech-iasi.ro\/magazinonline\/wp-content\/uploads\/2020\/08\/logo-eurotech.png","contentUrl":"https:\/\/eurotech-iasi.ro\/magazinonline\/wp-content\/uploads\/2020\/08\/logo-eurotech.png","width":290,"height":70,"caption":"Eurotech Iasi"},"image":{"@id":"https:\/\/eurotech-iasi.ro\/magazinonline\/#\/schema\/logo\/image\/"},"sameAs":["https:\/\/www.facebook.com\/EurotechIasi\/"]}]}},"_links":{"self":[{"href":"https:\/\/eurotech-iasi.ro\/magazinonline\/wp-json\/wp\/v2\/product\/10892","targetHints":{"allow":["GET"]}}],"collection":[{"href":"https:\/\/eurotech-iasi.ro\/magazinonline\/wp-json\/wp\/v2\/product"}],"about":[{"href":"https:\/\/eurotech-iasi.ro\/magazinonline\/wp-json\/wp\/v2\/types\/product"}],"replies":[{"embeddable":true,"href":"https:\/\/eurotech-iasi.ro\/magazinonline\/wp-json\/wp\/v2\/comments?post=10892"}],"wp:featuredmedia":[{"embeddable":true,"href":"https:\/\/eurotech-iasi.ro\/magazinonline\/wp-json\/wp\/v2\/media\/10893"}],"wp:attachment":[{"href":"https:\/\/eurotech-iasi.ro\/magazinonline\/wp-json\/wp\/v2\/media?parent=10892"}],"wp:term":[{"taxonomy":"product_cat","embeddable":true,"href":"https:\/\/eurotech-iasi.ro\/magazinonline\/wp-json\/wp\/v2\/product_cat?post=10892"},{"taxonomy":"product_tag","embeddable":true,"href":"https:\/\/eurotech-iasi.ro\/magazinonline\/wp-json\/wp\/v2\/product_tag?post=10892"},{"taxonomy":"woo-feed-brand","embeddable":true,"href":"https:\/\/eurotech-iasi.ro\/magazinonline\/wp-json\/wp\/v2\/woo-feed-brand?post=10892"}],"curies":[{"name":"wp","href":"https:\/\/api.w.org\/{rel}","templated":true}]}}