{"id":109051,"date":"2025-03-07T20:29:18","date_gmt":"2025-03-07T18:29:18","guid":{"rendered":"https:\/\/eurotech-iasi.ro\/magazinonline\/?post_type=product&#038;p=109051"},"modified":"2026-01-08T13:54:35","modified_gmt":"2026-01-08T11:54:35","slug":"recuperator-freon-r32-rorec-pro-a3-rothenberger","status":"publish","type":"product","link":"https:\/\/eurotech-iasi.ro\/magazinonline\/produs\/recuperator-freon-r32-rorec-pro-a3-rothenberger\/","title":{"rendered":"Recuperator freon R32 ROREC PRO A3 Rothenberger"},"content":{"rendered":"<h4><strong>Recuperator freon R32 ROREC PRO A3 Rothenberger<\/strong> este o unitate de recuperare a agentului frigorific 230 V cu o capacitate mare de extractie, conceputa pentru golirtea completa a sistemelor de refrigerare si aer conditionat.<\/h4>\n<p>Extractorul de agent frigorific este conceput pentru a elimina agentii frigorifici din sistemele de refrigerare si aer conditionat.<\/p>\n<p><strong>Avantaje \u00een utilizare<\/strong><\/p>\n<ul>\n<li><strong>Rezistent la explozie:<\/strong> Potrivit pentru agen\u021bi frigorifici din clasa A1, A2L, A2 \u0219i A3 (de exemplu, R290).<\/li>\n<li><strong>Construc\u021bie compact\u0103:<\/strong> Greutate mai mic\u0103 de 12 kg pentru o manevrare u\u0219oar\u0103.Afi\u0219aj digital: operare cu un singur buton pentru u\u0219urin\u021b\u0103 \u00een utilizare.<\/li>\n<li><strong>F\u0103r\u0103 \u00eentre\u021binere:<\/strong> Datorit\u0103 unui compresor cu 2 cilindri f\u0103r\u0103 ulei.<\/li>\n<li><strong>Motor durabil:<\/strong> motorul cu 4 poli garanteaz\u0103 o via\u021b\u0103 lung\u0103 a ma\u0219inii.<\/li>\n<li><strong>Oprire \u0219i pornire automat\u0103:<\/strong> se opre\u0219te \u0219i reporne\u0219te automat c\u00e2nd presiunea cre\u0219te din nou.<\/li>\n<li><strong>Func\u021bia de purjare:<\/strong> Pentru golirea reziduurilor r\u0103mase de agent frigorific.<\/li>\n<li><strong>Capacitate mare de extrac\u021bie:<\/strong> Pentru golirea complet\u0103 a sistemelor de refrigerare \u0219i aer condi\u021bionat.<\/li>\n<\/ul>\n<p><strong>Specificatii tehnice<\/strong><\/p>\n<ul>\n<li>Alimentare: cablu<\/li>\n<li>Putere: 750 W<\/li>\n<li>Tensiune de intrare: 220 &#8211; 240 V<\/li>\n<li>Presiune de lucru: 0 &#8211; 38,5 bar<\/li>\n<li>Filet de conectare: 1\/4&#8243; SAE<\/li>\n<li>Dimensiuni: Lungime: 380 mm, Inaltime: 310 mm, Latime: 250 mm<\/li>\n<\/ul>\n<p><strong>Set de livrare:<\/strong><\/p>\n<ul>\n<li>Extractor de agent frigorific ROREC Pro A3<\/li>\n<li>Filtra<\/li>\n<li>Furtun de conectare pentru filtru<\/li>\n<li>Cablu de alimentare<\/li>\n<li>Cablu OFP<\/li>\n<li>Curea de umar<\/li>\n<li>Manual de utilizare<\/li>\n<\/ul>\n","protected":false},"excerpt":{"rendered":"<h5><strong>Recuperator freon R32 ROREC PRO A3 Rothenberger<\/strong> este o unitate de recuperare a agentului frigorific 230 V cu o capacitate mare de extractie, conceputa pentru golirtea completa a sistemelor de refrigerare si aer conditionat.<\/h5>\n<p><em><strong>Cod produs: 1500004451<\/strong><\/em><\/p>\n","protected":false},"featured_media":109156,"comment_status":"open","ping_status":"closed","template":"","meta":{"_acf_changed":false},"product_cat":[10054,4997],"product_tag":[],"woo-feed-brand":[],"class_list":{"0":"post-109051","1":"product","2":"type-product","3":"status-publish","4":"has-post-thumbnail","6":"product_brand-rothenberger","7":"product_cat-accesorii-scule-electrice-scule-electrice","8":"product_cat-instalatii","9":"pa_brand-rothenberger","10":"pa_presiune-de-lucru-0-385-bar","11":"pa_putere-750-w","13":"first","14":"instock","15":"shipping-taxable","16":"purchasable","17":"product-type-simple"},"acf":[],"yoast_head":"<!-- This site is optimized with the Yoast SEO plugin v27.5 - https:\/\/yoast.com\/product\/yoast-seo-wordpress\/ -->\n<title>Recuperator freon R32 ROREC PRO A3 Rothenberger - Eurotech Iasi<\/title>\n<meta name=\"robots\" content=\"index, follow, max-snippet:-1, max-image-preview:large, max-video-preview:-1\" \/>\n<link rel=\"canonical\" href=\"https:\/\/eurotech-iasi.ro\/magazinonline\/produs\/recuperator-freon-r32-rorec-pro-a3-rothenberger\/\" \/>\n<meta property=\"og:locale\" content=\"ro_RO\" \/>\n<meta property=\"og:type\" content=\"article\" \/>\n<meta property=\"og:title\" content=\"Recuperator freon R32 ROREC PRO A3 Rothenberger - Eurotech Iasi\" \/>\n<meta property=\"og:description\" content=\"Recuperator freon R32 ROREC PRO A3 Rothenberger este o unitate de recuperare a agentului frigorific 230 V cu o capacitate mare de extractie, conceputa pentru golirtea completa a sistemelor de refrigerare si aer conditionat. Cod produs: 1500004451\" \/>\n<meta property=\"og:url\" content=\"https:\/\/eurotech-iasi.ro\/magazinonline\/produs\/recuperator-freon-r32-rorec-pro-a3-rothenberger\/\" \/>\n<meta property=\"og:site_name\" content=\"Eurotech Iasi\" \/>\n<meta property=\"article:publisher\" content=\"https:\/\/www.facebook.com\/EurotechIasi\/\" \/>\n<meta property=\"article:modified_time\" content=\"2026-01-08T11:54:35+00:00\" \/>\n<meta property=\"og:image\" content=\"https:\/\/eurotech-iasi.ro\/magazinonline\/wp-content\/uploads\/2025\/03\/Recuperator-freon-R32-ROREC-PRO-A3-Rothenberger-5.png\" \/>\n\t<meta property=\"og:image:width\" content=\"750\" \/>\n\t<meta property=\"og:image:height\" content=\"750\" \/>\n\t<meta property=\"og:image:type\" content=\"image\/png\" \/>\n<meta name=\"twitter:label1\" content=\"Timp estimat pentru citire\" \/>\n\t<meta name=\"twitter:data1\" content=\"2 minute\" \/>\n<script type=\"application\/ld+json\" class=\"yoast-schema-graph\">{\"@context\":\"https:\\\/\\\/schema.org\",\"@graph\":[{\"@type\":\"WebPage\",\"@id\":\"https:\\\/\\\/eurotech-iasi.ro\\\/magazinonline\\\/produs\\\/recuperator-freon-r32-rorec-pro-a3-rothenberger\\\/\",\"url\":\"https:\\\/\\\/eurotech-iasi.ro\\\/magazinonline\\\/produs\\\/recuperator-freon-r32-rorec-pro-a3-rothenberger\\\/\",\"name\":\"Recuperator freon R32 ROREC PRO A3 Rothenberger - Eurotech Iasi\",\"isPartOf\":{\"@id\":\"https:\\\/\\\/eurotech-iasi.ro\\\/magazinonline\\\/#website\"},\"primaryImageOfPage\":{\"@id\":\"https:\\\/\\\/eurotech-iasi.ro\\\/magazinonline\\\/produs\\\/recuperator-freon-r32-rorec-pro-a3-rothenberger\\\/#primaryimage\"},\"image\":{\"@id\":\"https:\\\/\\\/eurotech-iasi.ro\\\/magazinonline\\\/produs\\\/recuperator-freon-r32-rorec-pro-a3-rothenberger\\\/#primaryimage\"},\"thumbnailUrl\":\"https:\\\/\\\/eurotech-iasi.ro\\\/magazinonline\\\/wp-content\\\/uploads\\\/2025\\\/03\\\/Recuperator-freon-R32-ROREC-PRO-A3-Rothenberger-5.png\",\"datePublished\":\"2025-03-07T18:29:18+00:00\",\"dateModified\":\"2026-01-08T11:54:35+00:00\",\"breadcrumb\":{\"@id\":\"https:\\\/\\\/eurotech-iasi.ro\\\/magazinonline\\\/produs\\\/recuperator-freon-r32-rorec-pro-a3-rothenberger\\\/#breadcrumb\"},\"inLanguage\":\"ro-RO\",\"potentialAction\":[{\"@type\":\"ReadAction\",\"target\":[\"https:\\\/\\\/eurotech-iasi.ro\\\/magazinonline\\\/produs\\\/recuperator-freon-r32-rorec-pro-a3-rothenberger\\\/\"]}]},{\"@type\":\"ImageObject\",\"inLanguage\":\"ro-RO\",\"@id\":\"https:\\\/\\\/eurotech-iasi.ro\\\/magazinonline\\\/produs\\\/recuperator-freon-r32-rorec-pro-a3-rothenberger\\\/#primaryimage\",\"url\":\"https:\\\/\\\/eurotech-iasi.ro\\\/magazinonline\\\/wp-content\\\/uploads\\\/2025\\\/03\\\/Recuperator-freon-R32-ROREC-PRO-A3-Rothenberger-5.png\",\"contentUrl\":\"https:\\\/\\\/eurotech-iasi.ro\\\/magazinonline\\\/wp-content\\\/uploads\\\/2025\\\/03\\\/Recuperator-freon-R32-ROREC-PRO-A3-Rothenberger-5.png\",\"width\":750,\"height\":750,\"caption\":\"Recuperator freon R32 ROREC PRO A3 Rothenberger\"},{\"@type\":\"BreadcrumbList\",\"@id\":\"https:\\\/\\\/eurotech-iasi.ro\\\/magazinonline\\\/produs\\\/recuperator-freon-r32-rorec-pro-a3-rothenberger\\\/#breadcrumb\",\"itemListElement\":[{\"@type\":\"ListItem\",\"position\":1,\"name\":\"Prima pagin\u0103\",\"item\":\"https:\\\/\\\/eurotech-iasi.ro\\\/magazinonline\\\/\"},{\"@type\":\"ListItem\",\"position\":2,\"name\":\"Shop\",\"item\":\"https:\\\/\\\/eurotech-iasi.ro\\\/magazinonline\\\/shop\\\/\"},{\"@type\":\"ListItem\",\"position\":3,\"name\":\"Recuperator freon R32 ROREC PRO A3 Rothenberger\"}]},{\"@type\":\"WebSite\",\"@id\":\"https:\\\/\\\/eurotech-iasi.ro\\\/magazinonline\\\/#website\",\"url\":\"https:\\\/\\\/eurotech-iasi.ro\\\/magazinonline\\\/\",\"name\":\"Eurotech Iasi\",\"description\":\"Cu oameni seriosi\",\"publisher\":{\"@id\":\"https:\\\/\\\/eurotech-iasi.ro\\\/magazinonline\\\/#organization\"},\"potentialAction\":[{\"@type\":\"SearchAction\",\"target\":{\"@type\":\"EntryPoint\",\"urlTemplate\":\"https:\\\/\\\/eurotech-iasi.ro\\\/magazinonline\\\/?s={search_term_string}\"},\"query-input\":{\"@type\":\"PropertyValueSpecification\",\"valueRequired\":true,\"valueName\":\"search_term_string\"}}],\"inLanguage\":\"ro-RO\"},{\"@type\":\"Organization\",\"@id\":\"https:\\\/\\\/eurotech-iasi.ro\\\/magazinonline\\\/#organization\",\"name\":\"Eurotech Iasi\",\"url\":\"https:\\\/\\\/eurotech-iasi.ro\\\/magazinonline\\\/\",\"logo\":{\"@type\":\"ImageObject\",\"inLanguage\":\"ro-RO\",\"@id\":\"https:\\\/\\\/eurotech-iasi.ro\\\/magazinonline\\\/#\\\/schema\\\/logo\\\/image\\\/\",\"url\":\"https:\\\/\\\/eurotech-iasi.ro\\\/magazinonline\\\/wp-content\\\/uploads\\\/2020\\\/08\\\/logo-eurotech.png\",\"contentUrl\":\"https:\\\/\\\/eurotech-iasi.ro\\\/magazinonline\\\/wp-content\\\/uploads\\\/2020\\\/08\\\/logo-eurotech.png\",\"width\":290,\"height\":70,\"caption\":\"Eurotech Iasi\"},\"image\":{\"@id\":\"https:\\\/\\\/eurotech-iasi.ro\\\/magazinonline\\\/#\\\/schema\\\/logo\\\/image\\\/\"},\"sameAs\":[\"https:\\\/\\\/www.facebook.com\\\/EurotechIasi\\\/\"]}]}<\/script>\n<!-- \/ Yoast SEO plugin. -->","yoast_head_json":{"title":"Recuperator freon R32 ROREC PRO A3 Rothenberger - Eurotech Iasi","robots":{"index":"index","follow":"follow","max-snippet":"max-snippet:-1","max-image-preview":"max-image-preview:large","max-video-preview":"max-video-preview:-1"},"canonical":"https:\/\/eurotech-iasi.ro\/magazinonline\/produs\/recuperator-freon-r32-rorec-pro-a3-rothenberger\/","og_locale":"ro_RO","og_type":"article","og_title":"Recuperator freon R32 ROREC PRO A3 Rothenberger - Eurotech Iasi","og_description":"Recuperator freon R32 ROREC PRO A3 Rothenberger este o unitate de recuperare a agentului frigorific 230 V cu o capacitate mare de extractie, conceputa pentru golirtea completa a sistemelor de refrigerare si aer conditionat. Cod produs: 1500004451","og_url":"https:\/\/eurotech-iasi.ro\/magazinonline\/produs\/recuperator-freon-r32-rorec-pro-a3-rothenberger\/","og_site_name":"Eurotech Iasi","article_publisher":"https:\/\/www.facebook.com\/EurotechIasi\/","article_modified_time":"2026-01-08T11:54:35+00:00","og_image":[{"width":750,"height":750,"url":"https:\/\/eurotech-iasi.ro\/magazinonline\/wp-content\/uploads\/2025\/03\/Recuperator-freon-R32-ROREC-PRO-A3-Rothenberger-5.png","type":"image\/png"}],"twitter_misc":{"Timp estimat pentru citire":"2 minute"},"schema":{"@context":"https:\/\/schema.org","@graph":[{"@type":"WebPage","@id":"https:\/\/eurotech-iasi.ro\/magazinonline\/produs\/recuperator-freon-r32-rorec-pro-a3-rothenberger\/","url":"https:\/\/eurotech-iasi.ro\/magazinonline\/produs\/recuperator-freon-r32-rorec-pro-a3-rothenberger\/","name":"Recuperator freon R32 ROREC PRO A3 Rothenberger - Eurotech Iasi","isPartOf":{"@id":"https:\/\/eurotech-iasi.ro\/magazinonline\/#website"},"primaryImageOfPage":{"@id":"https:\/\/eurotech-iasi.ro\/magazinonline\/produs\/recuperator-freon-r32-rorec-pro-a3-rothenberger\/#primaryimage"},"image":{"@id":"https:\/\/eurotech-iasi.ro\/magazinonline\/produs\/recuperator-freon-r32-rorec-pro-a3-rothenberger\/#primaryimage"},"thumbnailUrl":"https:\/\/eurotech-iasi.ro\/magazinonline\/wp-content\/uploads\/2025\/03\/Recuperator-freon-R32-ROREC-PRO-A3-Rothenberger-5.png","datePublished":"2025-03-07T18:29:18+00:00","dateModified":"2026-01-08T11:54:35+00:00","breadcrumb":{"@id":"https:\/\/eurotech-iasi.ro\/magazinonline\/produs\/recuperator-freon-r32-rorec-pro-a3-rothenberger\/#breadcrumb"},"inLanguage":"ro-RO","potentialAction":[{"@type":"ReadAction","target":["https:\/\/eurotech-iasi.ro\/magazinonline\/produs\/recuperator-freon-r32-rorec-pro-a3-rothenberger\/"]}]},{"@type":"ImageObject","inLanguage":"ro-RO","@id":"https:\/\/eurotech-iasi.ro\/magazinonline\/produs\/recuperator-freon-r32-rorec-pro-a3-rothenberger\/#primaryimage","url":"https:\/\/eurotech-iasi.ro\/magazinonline\/wp-content\/uploads\/2025\/03\/Recuperator-freon-R32-ROREC-PRO-A3-Rothenberger-5.png","contentUrl":"https:\/\/eurotech-iasi.ro\/magazinonline\/wp-content\/uploads\/2025\/03\/Recuperator-freon-R32-ROREC-PRO-A3-Rothenberger-5.png","width":750,"height":750,"caption":"Recuperator freon R32 ROREC PRO A3 Rothenberger"},{"@type":"BreadcrumbList","@id":"https:\/\/eurotech-iasi.ro\/magazinonline\/produs\/recuperator-freon-r32-rorec-pro-a3-rothenberger\/#breadcrumb","itemListElement":[{"@type":"ListItem","position":1,"name":"Prima pagin\u0103","item":"https:\/\/eurotech-iasi.ro\/magazinonline\/"},{"@type":"ListItem","position":2,"name":"Shop","item":"https:\/\/eurotech-iasi.ro\/magazinonline\/shop\/"},{"@type":"ListItem","position":3,"name":"Recuperator freon R32 ROREC PRO A3 Rothenberger"}]},{"@type":"WebSite","@id":"https:\/\/eurotech-iasi.ro\/magazinonline\/#website","url":"https:\/\/eurotech-iasi.ro\/magazinonline\/","name":"Eurotech Iasi","description":"Cu oameni seriosi","publisher":{"@id":"https:\/\/eurotech-iasi.ro\/magazinonline\/#organization"},"potentialAction":[{"@type":"SearchAction","target":{"@type":"EntryPoint","urlTemplate":"https:\/\/eurotech-iasi.ro\/magazinonline\/?s={search_term_string}"},"query-input":{"@type":"PropertyValueSpecification","valueRequired":true,"valueName":"search_term_string"}}],"inLanguage":"ro-RO"},{"@type":"Organization","@id":"https:\/\/eurotech-iasi.ro\/magazinonline\/#organization","name":"Eurotech Iasi","url":"https:\/\/eurotech-iasi.ro\/magazinonline\/","logo":{"@type":"ImageObject","inLanguage":"ro-RO","@id":"https:\/\/eurotech-iasi.ro\/magazinonline\/#\/schema\/logo\/image\/","url":"https:\/\/eurotech-iasi.ro\/magazinonline\/wp-content\/uploads\/2020\/08\/logo-eurotech.png","contentUrl":"https:\/\/eurotech-iasi.ro\/magazinonline\/wp-content\/uploads\/2020\/08\/logo-eurotech.png","width":290,"height":70,"caption":"Eurotech Iasi"},"image":{"@id":"https:\/\/eurotech-iasi.ro\/magazinonline\/#\/schema\/logo\/image\/"},"sameAs":["https:\/\/www.facebook.com\/EurotechIasi\/"]}]}},"_links":{"self":[{"href":"https:\/\/eurotech-iasi.ro\/magazinonline\/wp-json\/wp\/v2\/product\/109051","targetHints":{"allow":["GET"]}}],"collection":[{"href":"https:\/\/eurotech-iasi.ro\/magazinonline\/wp-json\/wp\/v2\/product"}],"about":[{"href":"https:\/\/eurotech-iasi.ro\/magazinonline\/wp-json\/wp\/v2\/types\/product"}],"replies":[{"embeddable":true,"href":"https:\/\/eurotech-iasi.ro\/magazinonline\/wp-json\/wp\/v2\/comments?post=109051"}],"wp:featuredmedia":[{"embeddable":true,"href":"https:\/\/eurotech-iasi.ro\/magazinonline\/wp-json\/wp\/v2\/media\/109156"}],"wp:attachment":[{"href":"https:\/\/eurotech-iasi.ro\/magazinonline\/wp-json\/wp\/v2\/media?parent=109051"}],"wp:term":[{"taxonomy":"product_cat","embeddable":true,"href":"https:\/\/eurotech-iasi.ro\/magazinonline\/wp-json\/wp\/v2\/product_cat?post=109051"},{"taxonomy":"product_tag","embeddable":true,"href":"https:\/\/eurotech-iasi.ro\/magazinonline\/wp-json\/wp\/v2\/product_tag?post=109051"},{"taxonomy":"woo-feed-brand","embeddable":true,"href":"https:\/\/eurotech-iasi.ro\/magazinonline\/wp-json\/wp\/v2\/woo-feed-brand?post=109051"}],"curies":[{"name":"wp","href":"https:\/\/api.w.org\/{rel}","templated":true}]}}