{"id":10953,"date":"2018-05-08T09:32:15","date_gmt":"2018-05-08T06:32:15","guid":{"rendered":"https:\/\/eurotech-iasi.ro\/?post_type=product&#038;p=10953"},"modified":"2025-04-02T15:25:38","modified_gmt":"2025-04-02T12:25:38","slug":"masina-de-spalat-cu-presiune-makita-hw1200-120-bar-30-l-h","status":"publish","type":"product","link":"https:\/\/eurotech-iasi.ro\/magazinonline\/produs\/masina-de-spalat-cu-presiune-makita-hw1200-120-bar-30-l-h\/","title":{"rendered":"Masina de spalat cu presiune MAKITA HW1200"},"content":{"rendered":"<p><strong>Masina de spalat cu presiune MAKITA HW1200<\/strong>, dotata cu un motor de<strong> 1.800 W<\/strong>, are un motor clasic cu perii. Ideala pentru indepartarea mizeriei de pe aleile curtii, fatadelor cladirilor sau mizeria de pe terase. Este prevazuta cu 2 reglaje pentru presiunea de lucru.<\/p>\n","protected":false},"excerpt":{"rendered":"<p><strong>Masina de spalat cu presiune MAKITA HW1200<\/strong>\u00a0este destinata curatirii, bicicletelor, pardoselelor, motocicletelor etc.<\/p>\n<p>Cod produs: HW1200<\/p>\n","protected":false},"featured_media":10955,"comment_status":"open","ping_status":"closed","template":"","meta":{"_acf_changed":false},"product_cat":[4387,4339],"product_tag":[3215,3217,3216,3214],"woo-feed-brand":[],"class_list":{"0":"post-10953","1":"product","2":"type-product","3":"status-publish","4":"has-post-thumbnail","6":"product_brand-makita","7":"product_cat-aparate-de-spalat-cu-presiune-turbojet","8":"product_cat-echipamente-pentru-curatenie","9":"product_tag-makita-hw1200","10":"product_tag-masina-de-spalat-cu-presiune-eurotech-iasi","11":"product_tag-masina-de-spalat-cu-presiune-makita","12":"product_tag-masina-de-spalat-cu-presiune-makita-hw1200","13":"pa_brand-makita","14":"pa_dimensiuni-292x358x830-mm","15":"pa_greutate-11-kg","16":"pa_nivel-vibratii-48-m-s2","17":"pa_nivel-zgomot-80-db","18":"pa_putere-motor-1-800-w","19":"pa_tensiune-230-v","21":"first","22":"instock","23":"purchasable","24":"product-type-simple"},"acf":[],"yoast_head":"<!-- This site is optimized with the Yoast SEO plugin v27.3 - https:\/\/yoast.com\/product\/yoast-seo-wordpress\/ -->\n<title>Masina de spalat cu presiune MAKITA HW1200 - Eurotech Iasi<\/title>\n<meta name=\"description\" content=\"Ma\u0219in\u0103 de sp\u0103lat cu presiune MAKITA HW1200, dotat\u0103 cu un motor de 1.800 W, este destinat\u0103 cur\u0103\u021birii, bicicletelor, pardoselelor, motocicletelor etc.\" \/>\n<meta name=\"robots\" content=\"index, follow, max-snippet:-1, max-image-preview:large, max-video-preview:-1\" \/>\n<link rel=\"canonical\" href=\"https:\/\/eurotech-iasi.ro\/magazinonline\/produs\/masina-de-spalat-cu-presiune-makita-hw1200-120-bar-30-l-h\/\" \/>\n<meta property=\"og:locale\" content=\"ro_RO\" \/>\n<meta property=\"og:type\" content=\"article\" \/>\n<meta property=\"og:title\" content=\"Masina de spalat cu presiune MAKITA HW1200 - Eurotech Iasi\" \/>\n<meta property=\"og:description\" content=\"Ma\u0219in\u0103 de sp\u0103lat cu presiune MAKITA HW1200, dotat\u0103 cu un motor de 1.800 W, este destinat\u0103 cur\u0103\u021birii, bicicletelor, pardoselelor, motocicletelor etc.\" \/>\n<meta property=\"og:url\" content=\"https:\/\/eurotech-iasi.ro\/magazinonline\/produs\/masina-de-spalat-cu-presiune-makita-hw1200-120-bar-30-l-h\/\" \/>\n<meta property=\"og:site_name\" content=\"Eurotech Iasi\" \/>\n<meta property=\"article:publisher\" content=\"https:\/\/www.facebook.com\/EurotechIasi\/\" \/>\n<meta property=\"article:modified_time\" content=\"2025-04-02T12:25:38+00:00\" \/>\n<meta property=\"og:image\" content=\"https:\/\/eurotech-iasi.ro\/magazinonline\/wp-content\/uploads\/2018\/05\/Masina-de-spalat-cu-presiune-MAKITA-HW1200-120-bar-30-l-h.jpg\" \/>\n\t<meta property=\"og:image:width\" content=\"1000\" \/>\n\t<meta property=\"og:image:height\" content=\"1000\" \/>\n\t<meta property=\"og:image:type\" content=\"image\/jpeg\" \/>\n<script type=\"application\/ld+json\" class=\"yoast-schema-graph\">{\"@context\":\"https:\\\/\\\/schema.org\",\"@graph\":[{\"@type\":\"WebPage\",\"@id\":\"https:\\\/\\\/eurotech-iasi.ro\\\/magazinonline\\\/produs\\\/masina-de-spalat-cu-presiune-makita-hw1200-120-bar-30-l-h\\\/\",\"url\":\"https:\\\/\\\/eurotech-iasi.ro\\\/magazinonline\\\/produs\\\/masina-de-spalat-cu-presiune-makita-hw1200-120-bar-30-l-h\\\/\",\"name\":\"Masina de spalat cu presiune MAKITA HW1200 - Eurotech Iasi\",\"isPartOf\":{\"@id\":\"https:\\\/\\\/eurotech-iasi.ro\\\/magazinonline\\\/#website\"},\"primaryImageOfPage\":{\"@id\":\"https:\\\/\\\/eurotech-iasi.ro\\\/magazinonline\\\/produs\\\/masina-de-spalat-cu-presiune-makita-hw1200-120-bar-30-l-h\\\/#primaryimage\"},\"image\":{\"@id\":\"https:\\\/\\\/eurotech-iasi.ro\\\/magazinonline\\\/produs\\\/masina-de-spalat-cu-presiune-makita-hw1200-120-bar-30-l-h\\\/#primaryimage\"},\"thumbnailUrl\":\"https:\\\/\\\/eurotech-iasi.ro\\\/magazinonline\\\/wp-content\\\/uploads\\\/2018\\\/05\\\/Masina-de-spalat-cu-presiune-MAKITA-HW1200-120-bar-30-l-h.jpg\",\"datePublished\":\"2018-05-08T06:32:15+00:00\",\"dateModified\":\"2025-04-02T12:25:38+00:00\",\"description\":\"Ma\u0219in\u0103 de sp\u0103lat cu presiune MAKITA HW1200, dotat\u0103 cu un motor de 1.800 W, este destinat\u0103 cur\u0103\u021birii, bicicletelor, pardoselelor, motocicletelor etc.\",\"breadcrumb\":{\"@id\":\"https:\\\/\\\/eurotech-iasi.ro\\\/magazinonline\\\/produs\\\/masina-de-spalat-cu-presiune-makita-hw1200-120-bar-30-l-h\\\/#breadcrumb\"},\"inLanguage\":\"ro-RO\",\"potentialAction\":[{\"@type\":\"ReadAction\",\"target\":[\"https:\\\/\\\/eurotech-iasi.ro\\\/magazinonline\\\/produs\\\/masina-de-spalat-cu-presiune-makita-hw1200-120-bar-30-l-h\\\/\"]}]},{\"@type\":\"ImageObject\",\"inLanguage\":\"ro-RO\",\"@id\":\"https:\\\/\\\/eurotech-iasi.ro\\\/magazinonline\\\/produs\\\/masina-de-spalat-cu-presiune-makita-hw1200-120-bar-30-l-h\\\/#primaryimage\",\"url\":\"https:\\\/\\\/eurotech-iasi.ro\\\/magazinonline\\\/wp-content\\\/uploads\\\/2018\\\/05\\\/Masina-de-spalat-cu-presiune-MAKITA-HW1200-120-bar-30-l-h.jpg\",\"contentUrl\":\"https:\\\/\\\/eurotech-iasi.ro\\\/magazinonline\\\/wp-content\\\/uploads\\\/2018\\\/05\\\/Masina-de-spalat-cu-presiune-MAKITA-HW1200-120-bar-30-l-h.jpg\",\"width\":1000,\"height\":1000},{\"@type\":\"BreadcrumbList\",\"@id\":\"https:\\\/\\\/eurotech-iasi.ro\\\/magazinonline\\\/produs\\\/masina-de-spalat-cu-presiune-makita-hw1200-120-bar-30-l-h\\\/#breadcrumb\",\"itemListElement\":[{\"@type\":\"ListItem\",\"position\":1,\"name\":\"Prima pagin\u0103\",\"item\":\"https:\\\/\\\/eurotech-iasi.ro\\\/magazinonline\\\/\"},{\"@type\":\"ListItem\",\"position\":2,\"name\":\"Shop\",\"item\":\"https:\\\/\\\/eurotech-iasi.ro\\\/magazinonline\\\/shop\\\/\"},{\"@type\":\"ListItem\",\"position\":3,\"name\":\"Masina de spalat cu presiune MAKITA HW1200\"}]},{\"@type\":\"WebSite\",\"@id\":\"https:\\\/\\\/eurotech-iasi.ro\\\/magazinonline\\\/#website\",\"url\":\"https:\\\/\\\/eurotech-iasi.ro\\\/magazinonline\\\/\",\"name\":\"Eurotech Iasi\",\"description\":\"Cu oameni seriosi\",\"publisher\":{\"@id\":\"https:\\\/\\\/eurotech-iasi.ro\\\/magazinonline\\\/#organization\"},\"potentialAction\":[{\"@type\":\"SearchAction\",\"target\":{\"@type\":\"EntryPoint\",\"urlTemplate\":\"https:\\\/\\\/eurotech-iasi.ro\\\/magazinonline\\\/?s={search_term_string}\"},\"query-input\":{\"@type\":\"PropertyValueSpecification\",\"valueRequired\":true,\"valueName\":\"search_term_string\"}}],\"inLanguage\":\"ro-RO\"},{\"@type\":\"Organization\",\"@id\":\"https:\\\/\\\/eurotech-iasi.ro\\\/magazinonline\\\/#organization\",\"name\":\"Eurotech Iasi\",\"url\":\"https:\\\/\\\/eurotech-iasi.ro\\\/magazinonline\\\/\",\"logo\":{\"@type\":\"ImageObject\",\"inLanguage\":\"ro-RO\",\"@id\":\"https:\\\/\\\/eurotech-iasi.ro\\\/magazinonline\\\/#\\\/schema\\\/logo\\\/image\\\/\",\"url\":\"https:\\\/\\\/eurotech-iasi.ro\\\/magazinonline\\\/wp-content\\\/uploads\\\/2020\\\/08\\\/logo-eurotech.png\",\"contentUrl\":\"https:\\\/\\\/eurotech-iasi.ro\\\/magazinonline\\\/wp-content\\\/uploads\\\/2020\\\/08\\\/logo-eurotech.png\",\"width\":290,\"height\":70,\"caption\":\"Eurotech Iasi\"},\"image\":{\"@id\":\"https:\\\/\\\/eurotech-iasi.ro\\\/magazinonline\\\/#\\\/schema\\\/logo\\\/image\\\/\"},\"sameAs\":[\"https:\\\/\\\/www.facebook.com\\\/EurotechIasi\\\/\"]}]}<\/script>\n<!-- \/ Yoast SEO plugin. -->","yoast_head_json":{"title":"Masina de spalat cu presiune MAKITA HW1200 - Eurotech Iasi","description":"Ma\u0219in\u0103 de sp\u0103lat cu presiune MAKITA HW1200, dotat\u0103 cu un motor de 1.800 W, este destinat\u0103 cur\u0103\u021birii, bicicletelor, pardoselelor, motocicletelor etc.","robots":{"index":"index","follow":"follow","max-snippet":"max-snippet:-1","max-image-preview":"max-image-preview:large","max-video-preview":"max-video-preview:-1"},"canonical":"https:\/\/eurotech-iasi.ro\/magazinonline\/produs\/masina-de-spalat-cu-presiune-makita-hw1200-120-bar-30-l-h\/","og_locale":"ro_RO","og_type":"article","og_title":"Masina de spalat cu presiune MAKITA HW1200 - Eurotech Iasi","og_description":"Ma\u0219in\u0103 de sp\u0103lat cu presiune MAKITA HW1200, dotat\u0103 cu un motor de 1.800 W, este destinat\u0103 cur\u0103\u021birii, bicicletelor, pardoselelor, motocicletelor etc.","og_url":"https:\/\/eurotech-iasi.ro\/magazinonline\/produs\/masina-de-spalat-cu-presiune-makita-hw1200-120-bar-30-l-h\/","og_site_name":"Eurotech Iasi","article_publisher":"https:\/\/www.facebook.com\/EurotechIasi\/","article_modified_time":"2025-04-02T12:25:38+00:00","og_image":[{"width":1000,"height":1000,"url":"https:\/\/eurotech-iasi.ro\/magazinonline\/wp-content\/uploads\/2018\/05\/Masina-de-spalat-cu-presiune-MAKITA-HW1200-120-bar-30-l-h.jpg","type":"image\/jpeg"}],"schema":{"@context":"https:\/\/schema.org","@graph":[{"@type":"WebPage","@id":"https:\/\/eurotech-iasi.ro\/magazinonline\/produs\/masina-de-spalat-cu-presiune-makita-hw1200-120-bar-30-l-h\/","url":"https:\/\/eurotech-iasi.ro\/magazinonline\/produs\/masina-de-spalat-cu-presiune-makita-hw1200-120-bar-30-l-h\/","name":"Masina de spalat cu presiune MAKITA HW1200 - Eurotech Iasi","isPartOf":{"@id":"https:\/\/eurotech-iasi.ro\/magazinonline\/#website"},"primaryImageOfPage":{"@id":"https:\/\/eurotech-iasi.ro\/magazinonline\/produs\/masina-de-spalat-cu-presiune-makita-hw1200-120-bar-30-l-h\/#primaryimage"},"image":{"@id":"https:\/\/eurotech-iasi.ro\/magazinonline\/produs\/masina-de-spalat-cu-presiune-makita-hw1200-120-bar-30-l-h\/#primaryimage"},"thumbnailUrl":"https:\/\/eurotech-iasi.ro\/magazinonline\/wp-content\/uploads\/2018\/05\/Masina-de-spalat-cu-presiune-MAKITA-HW1200-120-bar-30-l-h.jpg","datePublished":"2018-05-08T06:32:15+00:00","dateModified":"2025-04-02T12:25:38+00:00","description":"Ma\u0219in\u0103 de sp\u0103lat cu presiune MAKITA HW1200, dotat\u0103 cu un motor de 1.800 W, este destinat\u0103 cur\u0103\u021birii, bicicletelor, pardoselelor, motocicletelor etc.","breadcrumb":{"@id":"https:\/\/eurotech-iasi.ro\/magazinonline\/produs\/masina-de-spalat-cu-presiune-makita-hw1200-120-bar-30-l-h\/#breadcrumb"},"inLanguage":"ro-RO","potentialAction":[{"@type":"ReadAction","target":["https:\/\/eurotech-iasi.ro\/magazinonline\/produs\/masina-de-spalat-cu-presiune-makita-hw1200-120-bar-30-l-h\/"]}]},{"@type":"ImageObject","inLanguage":"ro-RO","@id":"https:\/\/eurotech-iasi.ro\/magazinonline\/produs\/masina-de-spalat-cu-presiune-makita-hw1200-120-bar-30-l-h\/#primaryimage","url":"https:\/\/eurotech-iasi.ro\/magazinonline\/wp-content\/uploads\/2018\/05\/Masina-de-spalat-cu-presiune-MAKITA-HW1200-120-bar-30-l-h.jpg","contentUrl":"https:\/\/eurotech-iasi.ro\/magazinonline\/wp-content\/uploads\/2018\/05\/Masina-de-spalat-cu-presiune-MAKITA-HW1200-120-bar-30-l-h.jpg","width":1000,"height":1000},{"@type":"BreadcrumbList","@id":"https:\/\/eurotech-iasi.ro\/magazinonline\/produs\/masina-de-spalat-cu-presiune-makita-hw1200-120-bar-30-l-h\/#breadcrumb","itemListElement":[{"@type":"ListItem","position":1,"name":"Prima pagin\u0103","item":"https:\/\/eurotech-iasi.ro\/magazinonline\/"},{"@type":"ListItem","position":2,"name":"Shop","item":"https:\/\/eurotech-iasi.ro\/magazinonline\/shop\/"},{"@type":"ListItem","position":3,"name":"Masina de spalat cu presiune MAKITA HW1200"}]},{"@type":"WebSite","@id":"https:\/\/eurotech-iasi.ro\/magazinonline\/#website","url":"https:\/\/eurotech-iasi.ro\/magazinonline\/","name":"Eurotech Iasi","description":"Cu oameni seriosi","publisher":{"@id":"https:\/\/eurotech-iasi.ro\/magazinonline\/#organization"},"potentialAction":[{"@type":"SearchAction","target":{"@type":"EntryPoint","urlTemplate":"https:\/\/eurotech-iasi.ro\/magazinonline\/?s={search_term_string}"},"query-input":{"@type":"PropertyValueSpecification","valueRequired":true,"valueName":"search_term_string"}}],"inLanguage":"ro-RO"},{"@type":"Organization","@id":"https:\/\/eurotech-iasi.ro\/magazinonline\/#organization","name":"Eurotech Iasi","url":"https:\/\/eurotech-iasi.ro\/magazinonline\/","logo":{"@type":"ImageObject","inLanguage":"ro-RO","@id":"https:\/\/eurotech-iasi.ro\/magazinonline\/#\/schema\/logo\/image\/","url":"https:\/\/eurotech-iasi.ro\/magazinonline\/wp-content\/uploads\/2020\/08\/logo-eurotech.png","contentUrl":"https:\/\/eurotech-iasi.ro\/magazinonline\/wp-content\/uploads\/2020\/08\/logo-eurotech.png","width":290,"height":70,"caption":"Eurotech Iasi"},"image":{"@id":"https:\/\/eurotech-iasi.ro\/magazinonline\/#\/schema\/logo\/image\/"},"sameAs":["https:\/\/www.facebook.com\/EurotechIasi\/"]}]}},"_links":{"self":[{"href":"https:\/\/eurotech-iasi.ro\/magazinonline\/wp-json\/wp\/v2\/product\/10953","targetHints":{"allow":["GET"]}}],"collection":[{"href":"https:\/\/eurotech-iasi.ro\/magazinonline\/wp-json\/wp\/v2\/product"}],"about":[{"href":"https:\/\/eurotech-iasi.ro\/magazinonline\/wp-json\/wp\/v2\/types\/product"}],"replies":[{"embeddable":true,"href":"https:\/\/eurotech-iasi.ro\/magazinonline\/wp-json\/wp\/v2\/comments?post=10953"}],"wp:featuredmedia":[{"embeddable":true,"href":"https:\/\/eurotech-iasi.ro\/magazinonline\/wp-json\/wp\/v2\/media\/10955"}],"wp:attachment":[{"href":"https:\/\/eurotech-iasi.ro\/magazinonline\/wp-json\/wp\/v2\/media?parent=10953"}],"wp:term":[{"taxonomy":"product_cat","embeddable":true,"href":"https:\/\/eurotech-iasi.ro\/magazinonline\/wp-json\/wp\/v2\/product_cat?post=10953"},{"taxonomy":"product_tag","embeddable":true,"href":"https:\/\/eurotech-iasi.ro\/magazinonline\/wp-json\/wp\/v2\/product_tag?post=10953"},{"taxonomy":"woo-feed-brand","embeddable":true,"href":"https:\/\/eurotech-iasi.ro\/magazinonline\/wp-json\/wp\/v2\/woo-feed-brand?post=10953"}],"curies":[{"name":"wp","href":"https:\/\/api.w.org\/{rel}","templated":true}]}}