{"id":109587,"date":"2025-03-28T16:12:17","date_gmt":"2025-03-28T14:12:17","guid":{"rendered":"https:\/\/eurotech-iasi.ro\/magazinonline\/?post_type=product&#038;p=109587"},"modified":"2026-02-02T12:12:03","modified_gmt":"2026-02-02T10:12:03","slug":"pachet-complet-de-sudura-cap-la-cap-roweld-p250b-professional-basic","status":"publish","type":"product","link":"https:\/\/eurotech-iasi.ro\/magazinonline\/produs\/pachet-complet-de-sudura-cap-la-cap-roweld-p250b-professional-basic\/","title":{"rendered":"Pachet complet de sudura cap la cap ROWELD P250B PROFESSIONAL BASIC"},"content":{"rendered":"<h4>Pachet complet de sudura cap la cap ROWELD P250B PROFESSIONAL BASIC\u00a0 \u00a0d40 \u00f7 160 mm Proiectat pentru sudarea tevilor si fitingurilor din PE, PP si<br \/>\nPVDF, ROWELD P250B va asigura imbinari de inalta calitate in diverse medii de lucru.<\/h4>\n<ul>\n<li>Unitate hidraulica asigura un reglaj continuu al presiunii, manometru usor de citit si pompa hidraulica de presiune inalta, conform standardelor DVS si altor norme internationale.<\/li>\n<li>Design robust si intretinere redusa, asigurand o durata de viata indelungata si fiabilitate in operare.<\/li>\n<li>Cadru metalic rigid, optimizat pentru greutate, facilitand transportul si manevrarea in conditii dificile de santier.<\/li>\n<li>Set complet de reductii din aluminiu, incluzand 6 bacuri late si 2 bacuri inguste pentru fiecare dimensiune, asigurand o fixare robusta si aliniere perfecta.<\/li>\n<li>Acest echipament este ideal pentru profesionistii din domeniul instalatiilor care cauta o solutie eficienta si durabila pentru sudarea cap la cap a tevilor si fitingurilor.<\/li>\n<\/ul>\n<p><strong>SPECIFICA\u021aII:<\/strong><\/p>\n<ul>\n<li>Interval de sudare \u021bevi \u00d8: 90 &#8211; 250 mm<\/li>\n<li>Greutate max. 56,7 SA kg<\/li>\n<\/ul>\n<p><strong>FREZ\u0102:<\/strong><\/p>\n<ul>\n<li>Alimentare cu energie: 230V, 50\/60Hz, 3,5A<\/li>\n<li>Putere nominal\u0103 intrare\/ie\u0219ire: 750\/470 W<\/li>\n<li>Vitez\u0103 de rota\u021bie: 660 min-1<\/li>\n<li>Vitez\u0103 de func\u021bionare la gol: 85 min-1<\/li>\n<li>Protec\u021bie \/ Clas\u0103 de protec\u021bie: I \/ IP20<\/li>\n<li>Greutate: 15 kg<\/li>\n<\/ul>\n<p><strong>PLAC\u0102 DE \u00ceNC\u0102LZIRE CNC SA\/VA:<\/strong><\/p>\n<ul>\n<li>Alimentare cu energie: 230V, 50\/60Hz, 1500W<\/li>\n<li>Protec\u021bie \/ Clas\u0103 de protec\u021bie: I \/ IP20<\/li>\n<li>\u00cenc\u0103lzire &#8211; diametru: 300 mm<\/li>\n<li>Greutate: 9,1 kg<\/li>\n<\/ul>\n<p><strong>UNITATE HIDRAULIC\u0102:<\/strong><\/p>\n<ul>\n<li>Alimentare cu energie: 230V \u2013 50 Hz &#8211; 2,5A<\/li>\n<li>Putere nominal\u0103 intrare\/ie\u0219ire: 580\/370 W<\/li>\n<li>Capacitate pomp\u0103: 2,45 \/2,80 l\/min<\/li>\n<li>Capacitate rezervor ulei: 0,7 l<\/li>\n<li>Presiune max.: 100 bari<\/li>\n<li>Ulei hidraulic: HLP \u2013 46 (nr.: 53649)<\/li>\n<li>Dimensiuni LxGxH: 540mm x 340mm x 340mm<\/li>\n<li>Protec\u021bie \/ Clas\u0103 de protec\u021bie: I \/ IP54<\/li>\n<li>Greutate: 28 kg<\/li>\n<li>Sarcina total\u0103 conectat\u0103: 2,9 kW<\/li>\n<\/ul>\n<p><strong>DIMENSIUNI CUTIE DE TRANSPORT:<\/strong><\/p>\n<ul>\n<li>Lungime x L\u0103\u021bime x \u00cen\u0103l\u021bime: 1200mm X 800mm X 900mm<\/li>\n<\/ul>\n","protected":false},"excerpt":{"rendered":"<h4>Pachet complet de sudura cap la cap ROWELD P250B PROFESSIONAL BASIC\u00a0 \u00a0d40 \u00f7 160 mm Proiectat pentru sudarea tevilor si fitingurilor din PE, PP si<br \/>\nPVDF, ROWELD P250B va asigura imbinari de inalta calitate in diverse medii de lucru.<\/h4>\n<p><em><strong>Cod produs: 1000001080<\/strong><\/em><\/p>\n","protected":false},"featured_media":109589,"comment_status":"open","ping_status":"closed","template":"","meta":{"_acf_changed":false},"product_cat":[4997,5000],"product_tag":[],"woo-feed-brand":[],"class_list":{"0":"post-109587","1":"product","2":"type-product","3":"status-publish","4":"has-post-thumbnail","6":"product_brand-rothenberger","7":"product_cat-instalatii","8":"product_cat-tehnica-pentru-lipire-si-sudare","9":"pa_brand-rothenberger","11":"first","12":"outofstock","13":"shipping-taxable","14":"purchasable","15":"product-type-simple"},"acf":[],"yoast_head":"<!-- This site is optimized with the Yoast SEO plugin v27.5 - https:\/\/yoast.com\/product\/yoast-seo-wordpress\/ -->\n<title>Pachet complet de sudura cap la cap ROWELD P250B PROFESSIONAL BASIC - Eurotech Iasi<\/title>\n<meta name=\"robots\" content=\"index, follow, max-snippet:-1, max-image-preview:large, max-video-preview:-1\" \/>\n<link rel=\"canonical\" href=\"https:\/\/eurotech-iasi.ro\/magazinonline\/produs\/pachet-complet-de-sudura-cap-la-cap-roweld-p250b-professional-basic\/\" \/>\n<meta property=\"og:locale\" content=\"ro_RO\" \/>\n<meta property=\"og:type\" content=\"article\" \/>\n<meta property=\"og:title\" content=\"Pachet complet de sudura cap la cap ROWELD P250B PROFESSIONAL BASIC - Eurotech Iasi\" \/>\n<meta property=\"og:description\" content=\"Pachet complet de sudura cap la cap ROWELD P250B PROFESSIONAL BASIC\u00a0 \u00a0d40 \u00f7 160 mm Proiectat pentru sudarea tevilor si fitingurilor din PE, PP si PVDF, ROWELD P250B va asigura imbinari de inalta calitate in diverse medii de lucru. Cod produs: 1000001080\" \/>\n<meta property=\"og:url\" content=\"https:\/\/eurotech-iasi.ro\/magazinonline\/produs\/pachet-complet-de-sudura-cap-la-cap-roweld-p250b-professional-basic\/\" \/>\n<meta property=\"og:site_name\" content=\"Eurotech Iasi\" \/>\n<meta property=\"article:publisher\" content=\"https:\/\/www.facebook.com\/EurotechIasi\/\" \/>\n<meta property=\"article:modified_time\" content=\"2026-02-02T10:12:03+00:00\" \/>\n<meta property=\"og:image\" content=\"https:\/\/eurotech-iasi.ro\/magazinonline\/wp-content\/uploads\/2025\/03\/Pachet-complet-de-sudura-cap-la-cap-ROWELD-P250B-PROFESSIONAL-BASIC-1.png\" \/>\n\t<meta property=\"og:image:width\" content=\"750\" \/>\n\t<meta property=\"og:image:height\" content=\"750\" \/>\n\t<meta property=\"og:image:type\" content=\"image\/png\" \/>\n<meta name=\"twitter:label1\" content=\"Timp estimat pentru citire\" \/>\n\t<meta name=\"twitter:data1\" content=\"1 minut\" \/>\n<script type=\"application\/ld+json\" class=\"yoast-schema-graph\">{\"@context\":\"https:\\\/\\\/schema.org\",\"@graph\":[{\"@type\":\"WebPage\",\"@id\":\"https:\\\/\\\/eurotech-iasi.ro\\\/magazinonline\\\/produs\\\/pachet-complet-de-sudura-cap-la-cap-roweld-p250b-professional-basic\\\/\",\"url\":\"https:\\\/\\\/eurotech-iasi.ro\\\/magazinonline\\\/produs\\\/pachet-complet-de-sudura-cap-la-cap-roweld-p250b-professional-basic\\\/\",\"name\":\"Pachet complet de sudura cap la cap ROWELD P250B PROFESSIONAL BASIC - Eurotech Iasi\",\"isPartOf\":{\"@id\":\"https:\\\/\\\/eurotech-iasi.ro\\\/magazinonline\\\/#website\"},\"primaryImageOfPage\":{\"@id\":\"https:\\\/\\\/eurotech-iasi.ro\\\/magazinonline\\\/produs\\\/pachet-complet-de-sudura-cap-la-cap-roweld-p250b-professional-basic\\\/#primaryimage\"},\"image\":{\"@id\":\"https:\\\/\\\/eurotech-iasi.ro\\\/magazinonline\\\/produs\\\/pachet-complet-de-sudura-cap-la-cap-roweld-p250b-professional-basic\\\/#primaryimage\"},\"thumbnailUrl\":\"https:\\\/\\\/eurotech-iasi.ro\\\/magazinonline\\\/wp-content\\\/uploads\\\/2025\\\/03\\\/Pachet-complet-de-sudura-cap-la-cap-ROWELD-P250B-PROFESSIONAL-BASIC-1.png\",\"datePublished\":\"2025-03-28T14:12:17+00:00\",\"dateModified\":\"2026-02-02T10:12:03+00:00\",\"breadcrumb\":{\"@id\":\"https:\\\/\\\/eurotech-iasi.ro\\\/magazinonline\\\/produs\\\/pachet-complet-de-sudura-cap-la-cap-roweld-p250b-professional-basic\\\/#breadcrumb\"},\"inLanguage\":\"ro-RO\",\"potentialAction\":[{\"@type\":\"ReadAction\",\"target\":[\"https:\\\/\\\/eurotech-iasi.ro\\\/magazinonline\\\/produs\\\/pachet-complet-de-sudura-cap-la-cap-roweld-p250b-professional-basic\\\/\"]}]},{\"@type\":\"ImageObject\",\"inLanguage\":\"ro-RO\",\"@id\":\"https:\\\/\\\/eurotech-iasi.ro\\\/magazinonline\\\/produs\\\/pachet-complet-de-sudura-cap-la-cap-roweld-p250b-professional-basic\\\/#primaryimage\",\"url\":\"https:\\\/\\\/eurotech-iasi.ro\\\/magazinonline\\\/wp-content\\\/uploads\\\/2025\\\/03\\\/Pachet-complet-de-sudura-cap-la-cap-ROWELD-P250B-PROFESSIONAL-BASIC-1.png\",\"contentUrl\":\"https:\\\/\\\/eurotech-iasi.ro\\\/magazinonline\\\/wp-content\\\/uploads\\\/2025\\\/03\\\/Pachet-complet-de-sudura-cap-la-cap-ROWELD-P250B-PROFESSIONAL-BASIC-1.png\",\"width\":750,\"height\":750,\"caption\":\"Pachet complet de sudura cap la cap ROWELD P250B PROFESSIONAL BASIC\"},{\"@type\":\"BreadcrumbList\",\"@id\":\"https:\\\/\\\/eurotech-iasi.ro\\\/magazinonline\\\/produs\\\/pachet-complet-de-sudura-cap-la-cap-roweld-p250b-professional-basic\\\/#breadcrumb\",\"itemListElement\":[{\"@type\":\"ListItem\",\"position\":1,\"name\":\"Prima pagin\u0103\",\"item\":\"https:\\\/\\\/eurotech-iasi.ro\\\/magazinonline\\\/\"},{\"@type\":\"ListItem\",\"position\":2,\"name\":\"Shop\",\"item\":\"https:\\\/\\\/eurotech-iasi.ro\\\/magazinonline\\\/shop\\\/\"},{\"@type\":\"ListItem\",\"position\":3,\"name\":\"Pachet complet de sudura cap la cap ROWELD P250B PROFESSIONAL BASIC\"}]},{\"@type\":\"WebSite\",\"@id\":\"https:\\\/\\\/eurotech-iasi.ro\\\/magazinonline\\\/#website\",\"url\":\"https:\\\/\\\/eurotech-iasi.ro\\\/magazinonline\\\/\",\"name\":\"Eurotech Iasi\",\"description\":\"Cu oameni seriosi\",\"publisher\":{\"@id\":\"https:\\\/\\\/eurotech-iasi.ro\\\/magazinonline\\\/#organization\"},\"potentialAction\":[{\"@type\":\"SearchAction\",\"target\":{\"@type\":\"EntryPoint\",\"urlTemplate\":\"https:\\\/\\\/eurotech-iasi.ro\\\/magazinonline\\\/?s={search_term_string}\"},\"query-input\":{\"@type\":\"PropertyValueSpecification\",\"valueRequired\":true,\"valueName\":\"search_term_string\"}}],\"inLanguage\":\"ro-RO\"},{\"@type\":\"Organization\",\"@id\":\"https:\\\/\\\/eurotech-iasi.ro\\\/magazinonline\\\/#organization\",\"name\":\"Eurotech Iasi\",\"url\":\"https:\\\/\\\/eurotech-iasi.ro\\\/magazinonline\\\/\",\"logo\":{\"@type\":\"ImageObject\",\"inLanguage\":\"ro-RO\",\"@id\":\"https:\\\/\\\/eurotech-iasi.ro\\\/magazinonline\\\/#\\\/schema\\\/logo\\\/image\\\/\",\"url\":\"https:\\\/\\\/eurotech-iasi.ro\\\/magazinonline\\\/wp-content\\\/uploads\\\/2020\\\/08\\\/logo-eurotech.png\",\"contentUrl\":\"https:\\\/\\\/eurotech-iasi.ro\\\/magazinonline\\\/wp-content\\\/uploads\\\/2020\\\/08\\\/logo-eurotech.png\",\"width\":290,\"height\":70,\"caption\":\"Eurotech Iasi\"},\"image\":{\"@id\":\"https:\\\/\\\/eurotech-iasi.ro\\\/magazinonline\\\/#\\\/schema\\\/logo\\\/image\\\/\"},\"sameAs\":[\"https:\\\/\\\/www.facebook.com\\\/EurotechIasi\\\/\"]}]}<\/script>\n<!-- \/ Yoast SEO plugin. -->","yoast_head_json":{"title":"Pachet complet de sudura cap la cap ROWELD P250B PROFESSIONAL BASIC - Eurotech Iasi","robots":{"index":"index","follow":"follow","max-snippet":"max-snippet:-1","max-image-preview":"max-image-preview:large","max-video-preview":"max-video-preview:-1"},"canonical":"https:\/\/eurotech-iasi.ro\/magazinonline\/produs\/pachet-complet-de-sudura-cap-la-cap-roweld-p250b-professional-basic\/","og_locale":"ro_RO","og_type":"article","og_title":"Pachet complet de sudura cap la cap ROWELD P250B PROFESSIONAL BASIC - Eurotech Iasi","og_description":"Pachet complet de sudura cap la cap ROWELD P250B PROFESSIONAL BASIC\u00a0 \u00a0d40 \u00f7 160 mm Proiectat pentru sudarea tevilor si fitingurilor din PE, PP si PVDF, ROWELD P250B va asigura imbinari de inalta calitate in diverse medii de lucru. Cod produs: 1000001080","og_url":"https:\/\/eurotech-iasi.ro\/magazinonline\/produs\/pachet-complet-de-sudura-cap-la-cap-roweld-p250b-professional-basic\/","og_site_name":"Eurotech Iasi","article_publisher":"https:\/\/www.facebook.com\/EurotechIasi\/","article_modified_time":"2026-02-02T10:12:03+00:00","og_image":[{"width":750,"height":750,"url":"https:\/\/eurotech-iasi.ro\/magazinonline\/wp-content\/uploads\/2025\/03\/Pachet-complet-de-sudura-cap-la-cap-ROWELD-P250B-PROFESSIONAL-BASIC-1.png","type":"image\/png"}],"twitter_misc":{"Timp estimat pentru citire":"1 minut"},"schema":{"@context":"https:\/\/schema.org","@graph":[{"@type":"WebPage","@id":"https:\/\/eurotech-iasi.ro\/magazinonline\/produs\/pachet-complet-de-sudura-cap-la-cap-roweld-p250b-professional-basic\/","url":"https:\/\/eurotech-iasi.ro\/magazinonline\/produs\/pachet-complet-de-sudura-cap-la-cap-roweld-p250b-professional-basic\/","name":"Pachet complet de sudura cap la cap ROWELD P250B PROFESSIONAL BASIC - Eurotech Iasi","isPartOf":{"@id":"https:\/\/eurotech-iasi.ro\/magazinonline\/#website"},"primaryImageOfPage":{"@id":"https:\/\/eurotech-iasi.ro\/magazinonline\/produs\/pachet-complet-de-sudura-cap-la-cap-roweld-p250b-professional-basic\/#primaryimage"},"image":{"@id":"https:\/\/eurotech-iasi.ro\/magazinonline\/produs\/pachet-complet-de-sudura-cap-la-cap-roweld-p250b-professional-basic\/#primaryimage"},"thumbnailUrl":"https:\/\/eurotech-iasi.ro\/magazinonline\/wp-content\/uploads\/2025\/03\/Pachet-complet-de-sudura-cap-la-cap-ROWELD-P250B-PROFESSIONAL-BASIC-1.png","datePublished":"2025-03-28T14:12:17+00:00","dateModified":"2026-02-02T10:12:03+00:00","breadcrumb":{"@id":"https:\/\/eurotech-iasi.ro\/magazinonline\/produs\/pachet-complet-de-sudura-cap-la-cap-roweld-p250b-professional-basic\/#breadcrumb"},"inLanguage":"ro-RO","potentialAction":[{"@type":"ReadAction","target":["https:\/\/eurotech-iasi.ro\/magazinonline\/produs\/pachet-complet-de-sudura-cap-la-cap-roweld-p250b-professional-basic\/"]}]},{"@type":"ImageObject","inLanguage":"ro-RO","@id":"https:\/\/eurotech-iasi.ro\/magazinonline\/produs\/pachet-complet-de-sudura-cap-la-cap-roweld-p250b-professional-basic\/#primaryimage","url":"https:\/\/eurotech-iasi.ro\/magazinonline\/wp-content\/uploads\/2025\/03\/Pachet-complet-de-sudura-cap-la-cap-ROWELD-P250B-PROFESSIONAL-BASIC-1.png","contentUrl":"https:\/\/eurotech-iasi.ro\/magazinonline\/wp-content\/uploads\/2025\/03\/Pachet-complet-de-sudura-cap-la-cap-ROWELD-P250B-PROFESSIONAL-BASIC-1.png","width":750,"height":750,"caption":"Pachet complet de sudura cap la cap ROWELD P250B PROFESSIONAL BASIC"},{"@type":"BreadcrumbList","@id":"https:\/\/eurotech-iasi.ro\/magazinonline\/produs\/pachet-complet-de-sudura-cap-la-cap-roweld-p250b-professional-basic\/#breadcrumb","itemListElement":[{"@type":"ListItem","position":1,"name":"Prima pagin\u0103","item":"https:\/\/eurotech-iasi.ro\/magazinonline\/"},{"@type":"ListItem","position":2,"name":"Shop","item":"https:\/\/eurotech-iasi.ro\/magazinonline\/shop\/"},{"@type":"ListItem","position":3,"name":"Pachet complet de sudura cap la cap ROWELD P250B PROFESSIONAL BASIC"}]},{"@type":"WebSite","@id":"https:\/\/eurotech-iasi.ro\/magazinonline\/#website","url":"https:\/\/eurotech-iasi.ro\/magazinonline\/","name":"Eurotech Iasi","description":"Cu oameni seriosi","publisher":{"@id":"https:\/\/eurotech-iasi.ro\/magazinonline\/#organization"},"potentialAction":[{"@type":"SearchAction","target":{"@type":"EntryPoint","urlTemplate":"https:\/\/eurotech-iasi.ro\/magazinonline\/?s={search_term_string}"},"query-input":{"@type":"PropertyValueSpecification","valueRequired":true,"valueName":"search_term_string"}}],"inLanguage":"ro-RO"},{"@type":"Organization","@id":"https:\/\/eurotech-iasi.ro\/magazinonline\/#organization","name":"Eurotech Iasi","url":"https:\/\/eurotech-iasi.ro\/magazinonline\/","logo":{"@type":"ImageObject","inLanguage":"ro-RO","@id":"https:\/\/eurotech-iasi.ro\/magazinonline\/#\/schema\/logo\/image\/","url":"https:\/\/eurotech-iasi.ro\/magazinonline\/wp-content\/uploads\/2020\/08\/logo-eurotech.png","contentUrl":"https:\/\/eurotech-iasi.ro\/magazinonline\/wp-content\/uploads\/2020\/08\/logo-eurotech.png","width":290,"height":70,"caption":"Eurotech Iasi"},"image":{"@id":"https:\/\/eurotech-iasi.ro\/magazinonline\/#\/schema\/logo\/image\/"},"sameAs":["https:\/\/www.facebook.com\/EurotechIasi\/"]}]}},"_links":{"self":[{"href":"https:\/\/eurotech-iasi.ro\/magazinonline\/wp-json\/wp\/v2\/product\/109587","targetHints":{"allow":["GET"]}}],"collection":[{"href":"https:\/\/eurotech-iasi.ro\/magazinonline\/wp-json\/wp\/v2\/product"}],"about":[{"href":"https:\/\/eurotech-iasi.ro\/magazinonline\/wp-json\/wp\/v2\/types\/product"}],"replies":[{"embeddable":true,"href":"https:\/\/eurotech-iasi.ro\/magazinonline\/wp-json\/wp\/v2\/comments?post=109587"}],"wp:featuredmedia":[{"embeddable":true,"href":"https:\/\/eurotech-iasi.ro\/magazinonline\/wp-json\/wp\/v2\/media\/109589"}],"wp:attachment":[{"href":"https:\/\/eurotech-iasi.ro\/magazinonline\/wp-json\/wp\/v2\/media?parent=109587"}],"wp:term":[{"taxonomy":"product_cat","embeddable":true,"href":"https:\/\/eurotech-iasi.ro\/magazinonline\/wp-json\/wp\/v2\/product_cat?post=109587"},{"taxonomy":"product_tag","embeddable":true,"href":"https:\/\/eurotech-iasi.ro\/magazinonline\/wp-json\/wp\/v2\/product_tag?post=109587"},{"taxonomy":"woo-feed-brand","embeddable":true,"href":"https:\/\/eurotech-iasi.ro\/magazinonline\/wp-json\/wp\/v2\/woo-feed-brand?post=109587"}],"curies":[{"name":"wp","href":"https:\/\/api.w.org\/{rel}","templated":true}]}}