{"id":10960,"date":"2018-05-08T11:20:24","date_gmt":"2018-05-08T08:20:24","guid":{"rendered":"https:\/\/eurotech-iasi.ro\/?post_type=product&#038;p=10960"},"modified":"2025-04-02T15:24:36","modified_gmt":"2025-04-02T12:24:36","slug":"masina-de-spalat-cu-presiune-makita-hw132-2100-w-140-bar-420-l-h","status":"publish","type":"product","link":"https:\/\/eurotech-iasi.ro\/magazinonline\/produs\/masina-de-spalat-cu-presiune-makita-hw132-2100-w-140-bar-420-l-h\/","title":{"rendered":"Masina de spalat cu presiune MAKITA HW132"},"content":{"rendered":"<p><strong>Masina de spalat cu presiune MAKITA HW132<\/strong>, dotata cu un motor de <strong>2.100 W<\/strong>, este dedicata uzului profesional. aceasta este prevazuta cu rola pentru furtun, furtun cu insertie metalica, maner ergonomic bicolor. Cuplaj rapid al furtunului atat la pistol cat si la masina. Rezervor intern pentru detergent. Modelul <strong>HW132 <\/strong>este prevazut cu buzunare pentru toate accesoriile, buzunar pentru cablu, locas pentru rola de furtun si pistol metalic.<\/p>\n","protected":false},"excerpt":{"rendered":"<p><strong>Masina de spalat cu presiune MAKITA HW132<\/strong>, excelenta petru curatarea pardoselilor si a masinilor.<\/p>\n<p>Cod produs: HW132<\/p>\n","protected":false},"featured_media":10963,"comment_status":"open","ping_status":"closed","template":"","meta":{"_acf_changed":false},"product_cat":[4387,4339],"product_tag":[3221,3217,3216,3220],"woo-feed-brand":[],"class_list":{"0":"post-10960","1":"product","2":"type-product","3":"status-publish","4":"has-post-thumbnail","6":"product_brand-makita","7":"product_cat-aparate-de-spalat-cu-presiune-turbojet","8":"product_cat-echipamente-pentru-curatenie","9":"product_tag-makita-hw132","10":"product_tag-masina-de-spalat-cu-presiune-eurotech-iasi","11":"product_tag-masina-de-spalat-cu-presiune-makita","12":"product_tag-masina-de-spalat-cu-presiune-makita-hw132","13":"pa_brand-makita","14":"pa_greutate-188-kg","15":"pa_nivel-vibratii-1-75-m-s2","16":"pa_nivel-zgomot-85-db","17":"pa_putere-motor-2-100-w","18":"pa_tensiune-230-v","20":"first","21":"instock","22":"purchasable","23":"product-type-simple"},"acf":[],"yoast_head":"<!-- This site is optimized with the Yoast SEO plugin v27.3 - https:\/\/yoast.com\/product\/yoast-seo-wordpress\/ -->\n<title>Masina de spalat cu presiune MAKITA HW132 - Eurotech Iasi<\/title>\n<meta name=\"description\" content=\"Ma\u0219in\u0103 de sp\u0103lat cu presiune MAKITA HW132, dotat\u0103 cu un motor de 2.100 W, este excelent\u0103 petru cur\u0103\u021barea pardoselilor, a ma\u0219inilor etc.\" \/>\n<meta name=\"robots\" content=\"index, follow, max-snippet:-1, max-image-preview:large, max-video-preview:-1\" \/>\n<link rel=\"canonical\" href=\"https:\/\/eurotech-iasi.ro\/magazinonline\/produs\/masina-de-spalat-cu-presiune-makita-hw132-2100-w-140-bar-420-l-h\/\" \/>\n<meta property=\"og:locale\" content=\"ro_RO\" \/>\n<meta property=\"og:type\" content=\"article\" \/>\n<meta property=\"og:title\" content=\"Masina de spalat cu presiune MAKITA HW132 - Eurotech Iasi\" \/>\n<meta property=\"og:description\" content=\"Ma\u0219in\u0103 de sp\u0103lat cu presiune MAKITA HW132, dotat\u0103 cu un motor de 2.100 W, este excelent\u0103 petru cur\u0103\u021barea pardoselilor, a ma\u0219inilor etc.\" \/>\n<meta property=\"og:url\" content=\"https:\/\/eurotech-iasi.ro\/magazinonline\/produs\/masina-de-spalat-cu-presiune-makita-hw132-2100-w-140-bar-420-l-h\/\" \/>\n<meta property=\"og:site_name\" content=\"Eurotech Iasi\" \/>\n<meta property=\"article:publisher\" content=\"https:\/\/www.facebook.com\/EurotechIasi\/\" \/>\n<meta property=\"article:modified_time\" content=\"2025-04-02T12:24:36+00:00\" \/>\n<meta property=\"og:image\" content=\"https:\/\/eurotech-iasi.ro\/magazinonline\/wp-content\/uploads\/2018\/05\/Masina-de-spalat-cu-presiune-MAKITA-HW132.jpg\" \/>\n\t<meta property=\"og:image:width\" content=\"600\" \/>\n\t<meta property=\"og:image:height\" content=\"600\" \/>\n\t<meta property=\"og:image:type\" content=\"image\/jpeg\" \/>\n<script type=\"application\/ld+json\" class=\"yoast-schema-graph\">{\"@context\":\"https:\\\/\\\/schema.org\",\"@graph\":[{\"@type\":\"WebPage\",\"@id\":\"https:\\\/\\\/eurotech-iasi.ro\\\/magazinonline\\\/produs\\\/masina-de-spalat-cu-presiune-makita-hw132-2100-w-140-bar-420-l-h\\\/\",\"url\":\"https:\\\/\\\/eurotech-iasi.ro\\\/magazinonline\\\/produs\\\/masina-de-spalat-cu-presiune-makita-hw132-2100-w-140-bar-420-l-h\\\/\",\"name\":\"Masina de spalat cu presiune MAKITA HW132 - Eurotech Iasi\",\"isPartOf\":{\"@id\":\"https:\\\/\\\/eurotech-iasi.ro\\\/magazinonline\\\/#website\"},\"primaryImageOfPage\":{\"@id\":\"https:\\\/\\\/eurotech-iasi.ro\\\/magazinonline\\\/produs\\\/masina-de-spalat-cu-presiune-makita-hw132-2100-w-140-bar-420-l-h\\\/#primaryimage\"},\"image\":{\"@id\":\"https:\\\/\\\/eurotech-iasi.ro\\\/magazinonline\\\/produs\\\/masina-de-spalat-cu-presiune-makita-hw132-2100-w-140-bar-420-l-h\\\/#primaryimage\"},\"thumbnailUrl\":\"https:\\\/\\\/eurotech-iasi.ro\\\/magazinonline\\\/wp-content\\\/uploads\\\/2018\\\/05\\\/Masina-de-spalat-cu-presiune-MAKITA-HW132.jpg\",\"datePublished\":\"2018-05-08T08:20:24+00:00\",\"dateModified\":\"2025-04-02T12:24:36+00:00\",\"description\":\"Ma\u0219in\u0103 de sp\u0103lat cu presiune MAKITA HW132, dotat\u0103 cu un motor de 2.100 W, este excelent\u0103 petru cur\u0103\u021barea pardoselilor, a ma\u0219inilor etc.\",\"breadcrumb\":{\"@id\":\"https:\\\/\\\/eurotech-iasi.ro\\\/magazinonline\\\/produs\\\/masina-de-spalat-cu-presiune-makita-hw132-2100-w-140-bar-420-l-h\\\/#breadcrumb\"},\"inLanguage\":\"ro-RO\",\"potentialAction\":[{\"@type\":\"ReadAction\",\"target\":[\"https:\\\/\\\/eurotech-iasi.ro\\\/magazinonline\\\/produs\\\/masina-de-spalat-cu-presiune-makita-hw132-2100-w-140-bar-420-l-h\\\/\"]}]},{\"@type\":\"ImageObject\",\"inLanguage\":\"ro-RO\",\"@id\":\"https:\\\/\\\/eurotech-iasi.ro\\\/magazinonline\\\/produs\\\/masina-de-spalat-cu-presiune-makita-hw132-2100-w-140-bar-420-l-h\\\/#primaryimage\",\"url\":\"https:\\\/\\\/eurotech-iasi.ro\\\/magazinonline\\\/wp-content\\\/uploads\\\/2018\\\/05\\\/Masina-de-spalat-cu-presiune-MAKITA-HW132.jpg\",\"contentUrl\":\"https:\\\/\\\/eurotech-iasi.ro\\\/magazinonline\\\/wp-content\\\/uploads\\\/2018\\\/05\\\/Masina-de-spalat-cu-presiune-MAKITA-HW132.jpg\",\"width\":600,\"height\":600},{\"@type\":\"BreadcrumbList\",\"@id\":\"https:\\\/\\\/eurotech-iasi.ro\\\/magazinonline\\\/produs\\\/masina-de-spalat-cu-presiune-makita-hw132-2100-w-140-bar-420-l-h\\\/#breadcrumb\",\"itemListElement\":[{\"@type\":\"ListItem\",\"position\":1,\"name\":\"Prima pagin\u0103\",\"item\":\"https:\\\/\\\/eurotech-iasi.ro\\\/magazinonline\\\/\"},{\"@type\":\"ListItem\",\"position\":2,\"name\":\"Shop\",\"item\":\"https:\\\/\\\/eurotech-iasi.ro\\\/magazinonline\\\/shop\\\/\"},{\"@type\":\"ListItem\",\"position\":3,\"name\":\"Masina de spalat cu presiune MAKITA HW132\"}]},{\"@type\":\"WebSite\",\"@id\":\"https:\\\/\\\/eurotech-iasi.ro\\\/magazinonline\\\/#website\",\"url\":\"https:\\\/\\\/eurotech-iasi.ro\\\/magazinonline\\\/\",\"name\":\"Eurotech Iasi\",\"description\":\"Cu oameni seriosi\",\"publisher\":{\"@id\":\"https:\\\/\\\/eurotech-iasi.ro\\\/magazinonline\\\/#organization\"},\"potentialAction\":[{\"@type\":\"SearchAction\",\"target\":{\"@type\":\"EntryPoint\",\"urlTemplate\":\"https:\\\/\\\/eurotech-iasi.ro\\\/magazinonline\\\/?s={search_term_string}\"},\"query-input\":{\"@type\":\"PropertyValueSpecification\",\"valueRequired\":true,\"valueName\":\"search_term_string\"}}],\"inLanguage\":\"ro-RO\"},{\"@type\":\"Organization\",\"@id\":\"https:\\\/\\\/eurotech-iasi.ro\\\/magazinonline\\\/#organization\",\"name\":\"Eurotech Iasi\",\"url\":\"https:\\\/\\\/eurotech-iasi.ro\\\/magazinonline\\\/\",\"logo\":{\"@type\":\"ImageObject\",\"inLanguage\":\"ro-RO\",\"@id\":\"https:\\\/\\\/eurotech-iasi.ro\\\/magazinonline\\\/#\\\/schema\\\/logo\\\/image\\\/\",\"url\":\"https:\\\/\\\/eurotech-iasi.ro\\\/magazinonline\\\/wp-content\\\/uploads\\\/2020\\\/08\\\/logo-eurotech.png\",\"contentUrl\":\"https:\\\/\\\/eurotech-iasi.ro\\\/magazinonline\\\/wp-content\\\/uploads\\\/2020\\\/08\\\/logo-eurotech.png\",\"width\":290,\"height\":70,\"caption\":\"Eurotech Iasi\"},\"image\":{\"@id\":\"https:\\\/\\\/eurotech-iasi.ro\\\/magazinonline\\\/#\\\/schema\\\/logo\\\/image\\\/\"},\"sameAs\":[\"https:\\\/\\\/www.facebook.com\\\/EurotechIasi\\\/\"]}]}<\/script>\n<!-- \/ Yoast SEO plugin. -->","yoast_head_json":{"title":"Masina de spalat cu presiune MAKITA HW132 - Eurotech Iasi","description":"Ma\u0219in\u0103 de sp\u0103lat cu presiune MAKITA HW132, dotat\u0103 cu un motor de 2.100 W, este excelent\u0103 petru cur\u0103\u021barea pardoselilor, a ma\u0219inilor etc.","robots":{"index":"index","follow":"follow","max-snippet":"max-snippet:-1","max-image-preview":"max-image-preview:large","max-video-preview":"max-video-preview:-1"},"canonical":"https:\/\/eurotech-iasi.ro\/magazinonline\/produs\/masina-de-spalat-cu-presiune-makita-hw132-2100-w-140-bar-420-l-h\/","og_locale":"ro_RO","og_type":"article","og_title":"Masina de spalat cu presiune MAKITA HW132 - Eurotech Iasi","og_description":"Ma\u0219in\u0103 de sp\u0103lat cu presiune MAKITA HW132, dotat\u0103 cu un motor de 2.100 W, este excelent\u0103 petru cur\u0103\u021barea pardoselilor, a ma\u0219inilor etc.","og_url":"https:\/\/eurotech-iasi.ro\/magazinonline\/produs\/masina-de-spalat-cu-presiune-makita-hw132-2100-w-140-bar-420-l-h\/","og_site_name":"Eurotech Iasi","article_publisher":"https:\/\/www.facebook.com\/EurotechIasi\/","article_modified_time":"2025-04-02T12:24:36+00:00","og_image":[{"width":600,"height":600,"url":"https:\/\/eurotech-iasi.ro\/magazinonline\/wp-content\/uploads\/2018\/05\/Masina-de-spalat-cu-presiune-MAKITA-HW132.jpg","type":"image\/jpeg"}],"schema":{"@context":"https:\/\/schema.org","@graph":[{"@type":"WebPage","@id":"https:\/\/eurotech-iasi.ro\/magazinonline\/produs\/masina-de-spalat-cu-presiune-makita-hw132-2100-w-140-bar-420-l-h\/","url":"https:\/\/eurotech-iasi.ro\/magazinonline\/produs\/masina-de-spalat-cu-presiune-makita-hw132-2100-w-140-bar-420-l-h\/","name":"Masina de spalat cu presiune MAKITA HW132 - Eurotech Iasi","isPartOf":{"@id":"https:\/\/eurotech-iasi.ro\/magazinonline\/#website"},"primaryImageOfPage":{"@id":"https:\/\/eurotech-iasi.ro\/magazinonline\/produs\/masina-de-spalat-cu-presiune-makita-hw132-2100-w-140-bar-420-l-h\/#primaryimage"},"image":{"@id":"https:\/\/eurotech-iasi.ro\/magazinonline\/produs\/masina-de-spalat-cu-presiune-makita-hw132-2100-w-140-bar-420-l-h\/#primaryimage"},"thumbnailUrl":"https:\/\/eurotech-iasi.ro\/magazinonline\/wp-content\/uploads\/2018\/05\/Masina-de-spalat-cu-presiune-MAKITA-HW132.jpg","datePublished":"2018-05-08T08:20:24+00:00","dateModified":"2025-04-02T12:24:36+00:00","description":"Ma\u0219in\u0103 de sp\u0103lat cu presiune MAKITA HW132, dotat\u0103 cu un motor de 2.100 W, este excelent\u0103 petru cur\u0103\u021barea pardoselilor, a ma\u0219inilor etc.","breadcrumb":{"@id":"https:\/\/eurotech-iasi.ro\/magazinonline\/produs\/masina-de-spalat-cu-presiune-makita-hw132-2100-w-140-bar-420-l-h\/#breadcrumb"},"inLanguage":"ro-RO","potentialAction":[{"@type":"ReadAction","target":["https:\/\/eurotech-iasi.ro\/magazinonline\/produs\/masina-de-spalat-cu-presiune-makita-hw132-2100-w-140-bar-420-l-h\/"]}]},{"@type":"ImageObject","inLanguage":"ro-RO","@id":"https:\/\/eurotech-iasi.ro\/magazinonline\/produs\/masina-de-spalat-cu-presiune-makita-hw132-2100-w-140-bar-420-l-h\/#primaryimage","url":"https:\/\/eurotech-iasi.ro\/magazinonline\/wp-content\/uploads\/2018\/05\/Masina-de-spalat-cu-presiune-MAKITA-HW132.jpg","contentUrl":"https:\/\/eurotech-iasi.ro\/magazinonline\/wp-content\/uploads\/2018\/05\/Masina-de-spalat-cu-presiune-MAKITA-HW132.jpg","width":600,"height":600},{"@type":"BreadcrumbList","@id":"https:\/\/eurotech-iasi.ro\/magazinonline\/produs\/masina-de-spalat-cu-presiune-makita-hw132-2100-w-140-bar-420-l-h\/#breadcrumb","itemListElement":[{"@type":"ListItem","position":1,"name":"Prima pagin\u0103","item":"https:\/\/eurotech-iasi.ro\/magazinonline\/"},{"@type":"ListItem","position":2,"name":"Shop","item":"https:\/\/eurotech-iasi.ro\/magazinonline\/shop\/"},{"@type":"ListItem","position":3,"name":"Masina de spalat cu presiune MAKITA HW132"}]},{"@type":"WebSite","@id":"https:\/\/eurotech-iasi.ro\/magazinonline\/#website","url":"https:\/\/eurotech-iasi.ro\/magazinonline\/","name":"Eurotech Iasi","description":"Cu oameni seriosi","publisher":{"@id":"https:\/\/eurotech-iasi.ro\/magazinonline\/#organization"},"potentialAction":[{"@type":"SearchAction","target":{"@type":"EntryPoint","urlTemplate":"https:\/\/eurotech-iasi.ro\/magazinonline\/?s={search_term_string}"},"query-input":{"@type":"PropertyValueSpecification","valueRequired":true,"valueName":"search_term_string"}}],"inLanguage":"ro-RO"},{"@type":"Organization","@id":"https:\/\/eurotech-iasi.ro\/magazinonline\/#organization","name":"Eurotech Iasi","url":"https:\/\/eurotech-iasi.ro\/magazinonline\/","logo":{"@type":"ImageObject","inLanguage":"ro-RO","@id":"https:\/\/eurotech-iasi.ro\/magazinonline\/#\/schema\/logo\/image\/","url":"https:\/\/eurotech-iasi.ro\/magazinonline\/wp-content\/uploads\/2020\/08\/logo-eurotech.png","contentUrl":"https:\/\/eurotech-iasi.ro\/magazinonline\/wp-content\/uploads\/2020\/08\/logo-eurotech.png","width":290,"height":70,"caption":"Eurotech Iasi"},"image":{"@id":"https:\/\/eurotech-iasi.ro\/magazinonline\/#\/schema\/logo\/image\/"},"sameAs":["https:\/\/www.facebook.com\/EurotechIasi\/"]}]}},"_links":{"self":[{"href":"https:\/\/eurotech-iasi.ro\/magazinonline\/wp-json\/wp\/v2\/product\/10960","targetHints":{"allow":["GET"]}}],"collection":[{"href":"https:\/\/eurotech-iasi.ro\/magazinonline\/wp-json\/wp\/v2\/product"}],"about":[{"href":"https:\/\/eurotech-iasi.ro\/magazinonline\/wp-json\/wp\/v2\/types\/product"}],"replies":[{"embeddable":true,"href":"https:\/\/eurotech-iasi.ro\/magazinonline\/wp-json\/wp\/v2\/comments?post=10960"}],"wp:featuredmedia":[{"embeddable":true,"href":"https:\/\/eurotech-iasi.ro\/magazinonline\/wp-json\/wp\/v2\/media\/10963"}],"wp:attachment":[{"href":"https:\/\/eurotech-iasi.ro\/magazinonline\/wp-json\/wp\/v2\/media?parent=10960"}],"wp:term":[{"taxonomy":"product_cat","embeddable":true,"href":"https:\/\/eurotech-iasi.ro\/magazinonline\/wp-json\/wp\/v2\/product_cat?post=10960"},{"taxonomy":"product_tag","embeddable":true,"href":"https:\/\/eurotech-iasi.ro\/magazinonline\/wp-json\/wp\/v2\/product_tag?post=10960"},{"taxonomy":"woo-feed-brand","embeddable":true,"href":"https:\/\/eurotech-iasi.ro\/magazinonline\/wp-json\/wp\/v2\/woo-feed-brand?post=10960"}],"curies":[{"name":"wp","href":"https:\/\/api.w.org\/{rel}","templated":true}]}}