{"id":10964,"date":"2018-05-08T12:17:23","date_gmt":"2018-05-08T09:17:23","guid":{"rendered":"https:\/\/eurotech-iasi.ro\/?post_type=product&#038;p=10964"},"modified":"2025-04-02T15:24:09","modified_gmt":"2025-04-02T12:24:09","slug":"masina-de-spalat-cu-presiune-makita-hw131-2300-w-130-bar-500-l-h","status":"publish","type":"product","link":"https:\/\/eurotech-iasi.ro\/magazinonline\/produs\/masina-de-spalat-cu-presiune-makita-hw131-2300-w-130-bar-500-l-h\/","title":{"rendered":"Masina de spalat cu presiune MAKITA HW131"},"content":{"rendered":"<p><strong>Masina de spalat cu presiune MAKITA HW131<\/strong>, dotata cu un motor de<strong> 2.200 W<\/strong>, este dedicata uzului profesional. Pompa Triplex cu piston cu strat de ceramica aplicat este controlata printr-un sistem biela pentru productivitate mare. Asigura o presiune ridicata si constanta in timpul functionarii. Filtrul de apa impredica deteriorarea pompei. Lucrul cu presiune reglabil si aflux de substanta de curatare.<\/p>\n","protected":false},"excerpt":{"rendered":"<p><strong>Masina de spalat cu presiune MAKITA HW131 <\/strong>este destinata utilizarii profesionale si nu numai.<\/p>\n<p>Cod produs: HW131<\/p>\n","protected":false},"featured_media":10965,"comment_status":"open","ping_status":"closed","template":"","meta":{"_acf_changed":false},"product_cat":[4387,4339],"product_tag":[3224,3223,3225,3226,3217,3216,3222],"woo-feed-brand":[],"class_list":{"0":"post-10964","1":"product","2":"type-product","3":"status-publish","4":"has-post-thumbnail","6":"product_brand-makita","7":"product_cat-aparate-de-spalat-cu-presiune-turbojet","8":"product_cat-echipamente-pentru-curatenie","9":"product_tag-130-bar","10":"product_tag-2300-w","11":"product_tag-500-l-h","12":"product_tag-makita-hw131","13":"product_tag-masina-de-spalat-cu-presiune-eurotech-iasi","14":"product_tag-masina-de-spalat-cu-presiune-makita","15":"product_tag-masina-de-spalat-cu-presiune-makita-hw131","16":"pa_brand-makita","17":"pa_greutate-37-kg","18":"pa_nivel-vibratii-3-12-m-s2","19":"pa_nivel-zgomot-90-db","20":"pa_putere-motor-2-200-w","21":"pa_tensiune-230-v","23":"first","24":"instock","25":"purchasable","26":"product-type-simple"},"acf":[],"yoast_head":"<!-- This site is optimized with the Yoast SEO plugin v27.3 - https:\/\/yoast.com\/product\/yoast-seo-wordpress\/ -->\n<title>Masina de spalat cu presiune MAKITA HW131 - Eurotech Iasi<\/title>\n<meta name=\"description\" content=\"Ma\u0219in\u0103 de sp\u0103lat cu presiune MAKITA HW131, dotat\u0103 cu un motor de 2.200 W, este destinat\u0103 utiliz\u0103rii profesionale \u0219i nu numai.\" \/>\n<meta name=\"robots\" content=\"index, follow, max-snippet:-1, max-image-preview:large, max-video-preview:-1\" \/>\n<link rel=\"canonical\" href=\"https:\/\/eurotech-iasi.ro\/magazinonline\/produs\/masina-de-spalat-cu-presiune-makita-hw131-2300-w-130-bar-500-l-h\/\" \/>\n<meta property=\"og:locale\" content=\"ro_RO\" \/>\n<meta property=\"og:type\" content=\"article\" \/>\n<meta property=\"og:title\" content=\"Masina de spalat cu presiune MAKITA HW131 - Eurotech Iasi\" \/>\n<meta property=\"og:description\" content=\"Ma\u0219in\u0103 de sp\u0103lat cu presiune MAKITA HW131, dotat\u0103 cu un motor de 2.200 W, este destinat\u0103 utiliz\u0103rii profesionale \u0219i nu numai.\" \/>\n<meta property=\"og:url\" content=\"https:\/\/eurotech-iasi.ro\/magazinonline\/produs\/masina-de-spalat-cu-presiune-makita-hw131-2300-w-130-bar-500-l-h\/\" \/>\n<meta property=\"og:site_name\" content=\"Eurotech Iasi\" \/>\n<meta property=\"article:publisher\" content=\"https:\/\/www.facebook.com\/EurotechIasi\/\" \/>\n<meta property=\"article:modified_time\" content=\"2025-04-02T12:24:09+00:00\" \/>\n<meta property=\"og:image\" content=\"https:\/\/eurotech-iasi.ro\/magazinonline\/wp-content\/uploads\/2018\/05\/Masina-de-spalat-cu-presiune-MAKITA-HW131-2.jpg\" \/>\n\t<meta property=\"og:image:width\" content=\"591\" \/>\n\t<meta property=\"og:image:height\" content=\"591\" \/>\n\t<meta property=\"og:image:type\" content=\"image\/jpeg\" \/>\n<script type=\"application\/ld+json\" class=\"yoast-schema-graph\">{\"@context\":\"https:\\\/\\\/schema.org\",\"@graph\":[{\"@type\":\"WebPage\",\"@id\":\"https:\\\/\\\/eurotech-iasi.ro\\\/magazinonline\\\/produs\\\/masina-de-spalat-cu-presiune-makita-hw131-2300-w-130-bar-500-l-h\\\/\",\"url\":\"https:\\\/\\\/eurotech-iasi.ro\\\/magazinonline\\\/produs\\\/masina-de-spalat-cu-presiune-makita-hw131-2300-w-130-bar-500-l-h\\\/\",\"name\":\"Masina de spalat cu presiune MAKITA HW131 - Eurotech Iasi\",\"isPartOf\":{\"@id\":\"https:\\\/\\\/eurotech-iasi.ro\\\/magazinonline\\\/#website\"},\"primaryImageOfPage\":{\"@id\":\"https:\\\/\\\/eurotech-iasi.ro\\\/magazinonline\\\/produs\\\/masina-de-spalat-cu-presiune-makita-hw131-2300-w-130-bar-500-l-h\\\/#primaryimage\"},\"image\":{\"@id\":\"https:\\\/\\\/eurotech-iasi.ro\\\/magazinonline\\\/produs\\\/masina-de-spalat-cu-presiune-makita-hw131-2300-w-130-bar-500-l-h\\\/#primaryimage\"},\"thumbnailUrl\":\"https:\\\/\\\/eurotech-iasi.ro\\\/magazinonline\\\/wp-content\\\/uploads\\\/2018\\\/05\\\/Masina-de-spalat-cu-presiune-MAKITA-HW131-2.jpg\",\"datePublished\":\"2018-05-08T09:17:23+00:00\",\"dateModified\":\"2025-04-02T12:24:09+00:00\",\"description\":\"Ma\u0219in\u0103 de sp\u0103lat cu presiune MAKITA HW131, dotat\u0103 cu un motor de 2.200 W, este destinat\u0103 utiliz\u0103rii profesionale \u0219i nu numai.\",\"breadcrumb\":{\"@id\":\"https:\\\/\\\/eurotech-iasi.ro\\\/magazinonline\\\/produs\\\/masina-de-spalat-cu-presiune-makita-hw131-2300-w-130-bar-500-l-h\\\/#breadcrumb\"},\"inLanguage\":\"ro-RO\",\"potentialAction\":[{\"@type\":\"ReadAction\",\"target\":[\"https:\\\/\\\/eurotech-iasi.ro\\\/magazinonline\\\/produs\\\/masina-de-spalat-cu-presiune-makita-hw131-2300-w-130-bar-500-l-h\\\/\"]}]},{\"@type\":\"ImageObject\",\"inLanguage\":\"ro-RO\",\"@id\":\"https:\\\/\\\/eurotech-iasi.ro\\\/magazinonline\\\/produs\\\/masina-de-spalat-cu-presiune-makita-hw131-2300-w-130-bar-500-l-h\\\/#primaryimage\",\"url\":\"https:\\\/\\\/eurotech-iasi.ro\\\/magazinonline\\\/wp-content\\\/uploads\\\/2018\\\/05\\\/Masina-de-spalat-cu-presiune-MAKITA-HW131-2.jpg\",\"contentUrl\":\"https:\\\/\\\/eurotech-iasi.ro\\\/magazinonline\\\/wp-content\\\/uploads\\\/2018\\\/05\\\/Masina-de-spalat-cu-presiune-MAKITA-HW131-2.jpg\",\"width\":591,\"height\":591,\"caption\":\"Ma\u0219in\u0103 de sp\u0103lat cu presiune MAKITA HW131\"},{\"@type\":\"BreadcrumbList\",\"@id\":\"https:\\\/\\\/eurotech-iasi.ro\\\/magazinonline\\\/produs\\\/masina-de-spalat-cu-presiune-makita-hw131-2300-w-130-bar-500-l-h\\\/#breadcrumb\",\"itemListElement\":[{\"@type\":\"ListItem\",\"position\":1,\"name\":\"Prima pagin\u0103\",\"item\":\"https:\\\/\\\/eurotech-iasi.ro\\\/magazinonline\\\/\"},{\"@type\":\"ListItem\",\"position\":2,\"name\":\"Shop\",\"item\":\"https:\\\/\\\/eurotech-iasi.ro\\\/magazinonline\\\/shop\\\/\"},{\"@type\":\"ListItem\",\"position\":3,\"name\":\"Masina de spalat cu presiune MAKITA HW131\"}]},{\"@type\":\"WebSite\",\"@id\":\"https:\\\/\\\/eurotech-iasi.ro\\\/magazinonline\\\/#website\",\"url\":\"https:\\\/\\\/eurotech-iasi.ro\\\/magazinonline\\\/\",\"name\":\"Eurotech Iasi\",\"description\":\"Cu oameni seriosi\",\"publisher\":{\"@id\":\"https:\\\/\\\/eurotech-iasi.ro\\\/magazinonline\\\/#organization\"},\"potentialAction\":[{\"@type\":\"SearchAction\",\"target\":{\"@type\":\"EntryPoint\",\"urlTemplate\":\"https:\\\/\\\/eurotech-iasi.ro\\\/magazinonline\\\/?s={search_term_string}\"},\"query-input\":{\"@type\":\"PropertyValueSpecification\",\"valueRequired\":true,\"valueName\":\"search_term_string\"}}],\"inLanguage\":\"ro-RO\"},{\"@type\":\"Organization\",\"@id\":\"https:\\\/\\\/eurotech-iasi.ro\\\/magazinonline\\\/#organization\",\"name\":\"Eurotech Iasi\",\"url\":\"https:\\\/\\\/eurotech-iasi.ro\\\/magazinonline\\\/\",\"logo\":{\"@type\":\"ImageObject\",\"inLanguage\":\"ro-RO\",\"@id\":\"https:\\\/\\\/eurotech-iasi.ro\\\/magazinonline\\\/#\\\/schema\\\/logo\\\/image\\\/\",\"url\":\"https:\\\/\\\/eurotech-iasi.ro\\\/magazinonline\\\/wp-content\\\/uploads\\\/2020\\\/08\\\/logo-eurotech.png\",\"contentUrl\":\"https:\\\/\\\/eurotech-iasi.ro\\\/magazinonline\\\/wp-content\\\/uploads\\\/2020\\\/08\\\/logo-eurotech.png\",\"width\":290,\"height\":70,\"caption\":\"Eurotech Iasi\"},\"image\":{\"@id\":\"https:\\\/\\\/eurotech-iasi.ro\\\/magazinonline\\\/#\\\/schema\\\/logo\\\/image\\\/\"},\"sameAs\":[\"https:\\\/\\\/www.facebook.com\\\/EurotechIasi\\\/\"]}]}<\/script>\n<!-- \/ Yoast SEO plugin. -->","yoast_head_json":{"title":"Masina de spalat cu presiune MAKITA HW131 - Eurotech Iasi","description":"Ma\u0219in\u0103 de sp\u0103lat cu presiune MAKITA HW131, dotat\u0103 cu un motor de 2.200 W, este destinat\u0103 utiliz\u0103rii profesionale \u0219i nu numai.","robots":{"index":"index","follow":"follow","max-snippet":"max-snippet:-1","max-image-preview":"max-image-preview:large","max-video-preview":"max-video-preview:-1"},"canonical":"https:\/\/eurotech-iasi.ro\/magazinonline\/produs\/masina-de-spalat-cu-presiune-makita-hw131-2300-w-130-bar-500-l-h\/","og_locale":"ro_RO","og_type":"article","og_title":"Masina de spalat cu presiune MAKITA HW131 - Eurotech Iasi","og_description":"Ma\u0219in\u0103 de sp\u0103lat cu presiune MAKITA HW131, dotat\u0103 cu un motor de 2.200 W, este destinat\u0103 utiliz\u0103rii profesionale \u0219i nu numai.","og_url":"https:\/\/eurotech-iasi.ro\/magazinonline\/produs\/masina-de-spalat-cu-presiune-makita-hw131-2300-w-130-bar-500-l-h\/","og_site_name":"Eurotech Iasi","article_publisher":"https:\/\/www.facebook.com\/EurotechIasi\/","article_modified_time":"2025-04-02T12:24:09+00:00","og_image":[{"width":591,"height":591,"url":"https:\/\/eurotech-iasi.ro\/magazinonline\/wp-content\/uploads\/2018\/05\/Masina-de-spalat-cu-presiune-MAKITA-HW131-2.jpg","type":"image\/jpeg"}],"schema":{"@context":"https:\/\/schema.org","@graph":[{"@type":"WebPage","@id":"https:\/\/eurotech-iasi.ro\/magazinonline\/produs\/masina-de-spalat-cu-presiune-makita-hw131-2300-w-130-bar-500-l-h\/","url":"https:\/\/eurotech-iasi.ro\/magazinonline\/produs\/masina-de-spalat-cu-presiune-makita-hw131-2300-w-130-bar-500-l-h\/","name":"Masina de spalat cu presiune MAKITA HW131 - Eurotech Iasi","isPartOf":{"@id":"https:\/\/eurotech-iasi.ro\/magazinonline\/#website"},"primaryImageOfPage":{"@id":"https:\/\/eurotech-iasi.ro\/magazinonline\/produs\/masina-de-spalat-cu-presiune-makita-hw131-2300-w-130-bar-500-l-h\/#primaryimage"},"image":{"@id":"https:\/\/eurotech-iasi.ro\/magazinonline\/produs\/masina-de-spalat-cu-presiune-makita-hw131-2300-w-130-bar-500-l-h\/#primaryimage"},"thumbnailUrl":"https:\/\/eurotech-iasi.ro\/magazinonline\/wp-content\/uploads\/2018\/05\/Masina-de-spalat-cu-presiune-MAKITA-HW131-2.jpg","datePublished":"2018-05-08T09:17:23+00:00","dateModified":"2025-04-02T12:24:09+00:00","description":"Ma\u0219in\u0103 de sp\u0103lat cu presiune MAKITA HW131, dotat\u0103 cu un motor de 2.200 W, este destinat\u0103 utiliz\u0103rii profesionale \u0219i nu numai.","breadcrumb":{"@id":"https:\/\/eurotech-iasi.ro\/magazinonline\/produs\/masina-de-spalat-cu-presiune-makita-hw131-2300-w-130-bar-500-l-h\/#breadcrumb"},"inLanguage":"ro-RO","potentialAction":[{"@type":"ReadAction","target":["https:\/\/eurotech-iasi.ro\/magazinonline\/produs\/masina-de-spalat-cu-presiune-makita-hw131-2300-w-130-bar-500-l-h\/"]}]},{"@type":"ImageObject","inLanguage":"ro-RO","@id":"https:\/\/eurotech-iasi.ro\/magazinonline\/produs\/masina-de-spalat-cu-presiune-makita-hw131-2300-w-130-bar-500-l-h\/#primaryimage","url":"https:\/\/eurotech-iasi.ro\/magazinonline\/wp-content\/uploads\/2018\/05\/Masina-de-spalat-cu-presiune-MAKITA-HW131-2.jpg","contentUrl":"https:\/\/eurotech-iasi.ro\/magazinonline\/wp-content\/uploads\/2018\/05\/Masina-de-spalat-cu-presiune-MAKITA-HW131-2.jpg","width":591,"height":591,"caption":"Ma\u0219in\u0103 de sp\u0103lat cu presiune MAKITA HW131"},{"@type":"BreadcrumbList","@id":"https:\/\/eurotech-iasi.ro\/magazinonline\/produs\/masina-de-spalat-cu-presiune-makita-hw131-2300-w-130-bar-500-l-h\/#breadcrumb","itemListElement":[{"@type":"ListItem","position":1,"name":"Prima pagin\u0103","item":"https:\/\/eurotech-iasi.ro\/magazinonline\/"},{"@type":"ListItem","position":2,"name":"Shop","item":"https:\/\/eurotech-iasi.ro\/magazinonline\/shop\/"},{"@type":"ListItem","position":3,"name":"Masina de spalat cu presiune MAKITA HW131"}]},{"@type":"WebSite","@id":"https:\/\/eurotech-iasi.ro\/magazinonline\/#website","url":"https:\/\/eurotech-iasi.ro\/magazinonline\/","name":"Eurotech Iasi","description":"Cu oameni seriosi","publisher":{"@id":"https:\/\/eurotech-iasi.ro\/magazinonline\/#organization"},"potentialAction":[{"@type":"SearchAction","target":{"@type":"EntryPoint","urlTemplate":"https:\/\/eurotech-iasi.ro\/magazinonline\/?s={search_term_string}"},"query-input":{"@type":"PropertyValueSpecification","valueRequired":true,"valueName":"search_term_string"}}],"inLanguage":"ro-RO"},{"@type":"Organization","@id":"https:\/\/eurotech-iasi.ro\/magazinonline\/#organization","name":"Eurotech Iasi","url":"https:\/\/eurotech-iasi.ro\/magazinonline\/","logo":{"@type":"ImageObject","inLanguage":"ro-RO","@id":"https:\/\/eurotech-iasi.ro\/magazinonline\/#\/schema\/logo\/image\/","url":"https:\/\/eurotech-iasi.ro\/magazinonline\/wp-content\/uploads\/2020\/08\/logo-eurotech.png","contentUrl":"https:\/\/eurotech-iasi.ro\/magazinonline\/wp-content\/uploads\/2020\/08\/logo-eurotech.png","width":290,"height":70,"caption":"Eurotech Iasi"},"image":{"@id":"https:\/\/eurotech-iasi.ro\/magazinonline\/#\/schema\/logo\/image\/"},"sameAs":["https:\/\/www.facebook.com\/EurotechIasi\/"]}]}},"_links":{"self":[{"href":"https:\/\/eurotech-iasi.ro\/magazinonline\/wp-json\/wp\/v2\/product\/10964","targetHints":{"allow":["GET"]}}],"collection":[{"href":"https:\/\/eurotech-iasi.ro\/magazinonline\/wp-json\/wp\/v2\/product"}],"about":[{"href":"https:\/\/eurotech-iasi.ro\/magazinonline\/wp-json\/wp\/v2\/types\/product"}],"replies":[{"embeddable":true,"href":"https:\/\/eurotech-iasi.ro\/magazinonline\/wp-json\/wp\/v2\/comments?post=10964"}],"wp:featuredmedia":[{"embeddable":true,"href":"https:\/\/eurotech-iasi.ro\/magazinonline\/wp-json\/wp\/v2\/media\/10965"}],"wp:attachment":[{"href":"https:\/\/eurotech-iasi.ro\/magazinonline\/wp-json\/wp\/v2\/media?parent=10964"}],"wp:term":[{"taxonomy":"product_cat","embeddable":true,"href":"https:\/\/eurotech-iasi.ro\/magazinonline\/wp-json\/wp\/v2\/product_cat?post=10964"},{"taxonomy":"product_tag","embeddable":true,"href":"https:\/\/eurotech-iasi.ro\/magazinonline\/wp-json\/wp\/v2\/product_tag?post=10964"},{"taxonomy":"woo-feed-brand","embeddable":true,"href":"https:\/\/eurotech-iasi.ro\/magazinonline\/wp-json\/wp\/v2\/woo-feed-brand?post=10964"}],"curies":[{"name":"wp","href":"https:\/\/api.w.org\/{rel}","templated":true}]}}