{"id":11010,"date":"2018-05-14T15:46:21","date_gmt":"2018-05-14T12:46:21","guid":{"rendered":"https:\/\/eurotech-iasi.ro\/?post_type=product&#038;p=11010"},"modified":"2025-04-02T15:21:10","modified_gmt":"2025-04-02T12:21:10","slug":"masina-de-slefuit-cu-banda-makita-9032-500-w-9-x-533-mm-1700-m-min","status":"publish","type":"product","link":"https:\/\/eurotech-iasi.ro\/magazinonline\/produs\/masina-de-slefuit-cu-banda-makita-9032-500-w-9-x-533-mm-1700-m-min\/","title":{"rendered":"Masina de slefuit cu banda MAKITA 9032"},"content":{"rendered":"<p><strong>Ma\u0219ina de slefuit cu banda MAKITA 9032<\/strong>, dotata cu motor de <strong>500 W<\/strong>, este alegerea excelenta pentru curatarea diferitelor materiale. Bratul de ghidare poate pivota pana la 100 grade pentru \u0219lefuirea in locuri greu accesibile. Sistem electronic in unda plina cu reglaj. Reglarea precisa a benzii prin buton de reglaj. Maneta de intindere rapida pentru schimbarea simpla a benzii de slefuit. Diametrul rolei anterioare de numai 14 mm la o adancime de slefuire de pana la 110 mm. Carcasa reductorului robusta, din aliaj de aluminiu. Poate fi racordata la o instalatie exterioara de aspiratie.<\/p>\n","protected":false},"excerpt":{"rendered":"<p><strong>Masina de slefuit cu banda MAKITA 9032 <\/strong>este excelenta pentru curatarea diferitelor materiale.<\/p>\n<p>Cod produs: 9032<\/p>\n","protected":false},"featured_media":11013,"comment_status":"open","ping_status":"closed","template":"","meta":{"_acf_changed":false},"product_cat":[4306,4317],"product_tag":[3287,3285,3286,3284],"woo-feed-brand":[],"class_list":{"0":"post-11010","1":"product","2":"type-product","3":"status-publish","4":"has-post-thumbnail","6":"product_brand-makita","7":"product_cat-scule-electrice","8":"product_cat-slefuitoare","9":"product_tag-1700-m-min","10":"product_tag-500-w","11":"product_tag-9-x-533-mm","12":"product_tag-masina-de-slefuit-cu-banda-makita-9032","13":"pa_brand-makita","14":"pa_greutate-15-kg","15":"pa_nivel-vibratii-25-m-s2","16":"pa_nivel-zgomot-95-db","17":"pa_putere-motor-500-w","19":"first","20":"instock","21":"purchasable","22":"product-type-simple"},"acf":[],"yoast_head":"<!-- This site is optimized with the Yoast SEO plugin v27.3 - https:\/\/yoast.com\/product\/yoast-seo-wordpress\/ -->\n<title>Masina de slefuit cu banda MAKITA 9032 - Eurotech Iasi<\/title>\n<meta name=\"description\" content=\"Ma\u0219in\u0103 de \u0219lefuit cu band\u0103 MAKITA 9032, dotat\u0103 cu un motor de 500 W, este excelent\u0103 pentru cur\u0103\u021barea diferitelor materiale.\" \/>\n<meta name=\"robots\" content=\"index, follow, max-snippet:-1, max-image-preview:large, max-video-preview:-1\" \/>\n<link rel=\"canonical\" href=\"https:\/\/eurotech-iasi.ro\/magazinonline\/produs\/masina-de-slefuit-cu-banda-makita-9032-500-w-9-x-533-mm-1700-m-min\/\" \/>\n<meta property=\"og:locale\" content=\"ro_RO\" \/>\n<meta property=\"og:type\" content=\"article\" \/>\n<meta property=\"og:title\" content=\"Masina de slefuit cu banda MAKITA 9032 - Eurotech Iasi\" \/>\n<meta property=\"og:description\" content=\"Ma\u0219in\u0103 de \u0219lefuit cu band\u0103 MAKITA 9032, dotat\u0103 cu un motor de 500 W, este excelent\u0103 pentru cur\u0103\u021barea diferitelor materiale.\" \/>\n<meta property=\"og:url\" content=\"https:\/\/eurotech-iasi.ro\/magazinonline\/produs\/masina-de-slefuit-cu-banda-makita-9032-500-w-9-x-533-mm-1700-m-min\/\" \/>\n<meta property=\"og:site_name\" content=\"Eurotech Iasi\" \/>\n<meta property=\"article:publisher\" content=\"https:\/\/www.facebook.com\/EurotechIasi\/\" \/>\n<meta property=\"article:modified_time\" content=\"2025-04-02T12:21:10+00:00\" \/>\n<meta property=\"og:image\" content=\"https:\/\/eurotech-iasi.ro\/magazinonline\/wp-content\/uploads\/2018\/05\/Masina-de-slefuit-cu-banda-Makita-9032-500-W-9-x-533-mm-1700-m-min.jpg\" \/>\n\t<meta property=\"og:image:width\" content=\"800\" \/>\n\t<meta property=\"og:image:height\" content=\"710\" \/>\n\t<meta property=\"og:image:type\" content=\"image\/jpeg\" \/>\n<script type=\"application\/ld+json\" class=\"yoast-schema-graph\">{\"@context\":\"https:\\\/\\\/schema.org\",\"@graph\":[{\"@type\":\"WebPage\",\"@id\":\"https:\\\/\\\/eurotech-iasi.ro\\\/magazinonline\\\/produs\\\/masina-de-slefuit-cu-banda-makita-9032-500-w-9-x-533-mm-1700-m-min\\\/\",\"url\":\"https:\\\/\\\/eurotech-iasi.ro\\\/magazinonline\\\/produs\\\/masina-de-slefuit-cu-banda-makita-9032-500-w-9-x-533-mm-1700-m-min\\\/\",\"name\":\"Masina de slefuit cu banda MAKITA 9032 - Eurotech Iasi\",\"isPartOf\":{\"@id\":\"https:\\\/\\\/eurotech-iasi.ro\\\/magazinonline\\\/#website\"},\"primaryImageOfPage\":{\"@id\":\"https:\\\/\\\/eurotech-iasi.ro\\\/magazinonline\\\/produs\\\/masina-de-slefuit-cu-banda-makita-9032-500-w-9-x-533-mm-1700-m-min\\\/#primaryimage\"},\"image\":{\"@id\":\"https:\\\/\\\/eurotech-iasi.ro\\\/magazinonline\\\/produs\\\/masina-de-slefuit-cu-banda-makita-9032-500-w-9-x-533-mm-1700-m-min\\\/#primaryimage\"},\"thumbnailUrl\":\"https:\\\/\\\/eurotech-iasi.ro\\\/magazinonline\\\/wp-content\\\/uploads\\\/2018\\\/05\\\/Masina-de-slefuit-cu-banda-Makita-9032-500-W-9-x-533-mm-1700-m-min.jpg\",\"datePublished\":\"2018-05-14T12:46:21+00:00\",\"dateModified\":\"2025-04-02T12:21:10+00:00\",\"description\":\"Ma\u0219in\u0103 de \u0219lefuit cu band\u0103 MAKITA 9032, dotat\u0103 cu un motor de 500 W, este excelent\u0103 pentru cur\u0103\u021barea diferitelor materiale.\",\"breadcrumb\":{\"@id\":\"https:\\\/\\\/eurotech-iasi.ro\\\/magazinonline\\\/produs\\\/masina-de-slefuit-cu-banda-makita-9032-500-w-9-x-533-mm-1700-m-min\\\/#breadcrumb\"},\"inLanguage\":\"ro-RO\",\"potentialAction\":[{\"@type\":\"ReadAction\",\"target\":[\"https:\\\/\\\/eurotech-iasi.ro\\\/magazinonline\\\/produs\\\/masina-de-slefuit-cu-banda-makita-9032-500-w-9-x-533-mm-1700-m-min\\\/\"]}]},{\"@type\":\"ImageObject\",\"inLanguage\":\"ro-RO\",\"@id\":\"https:\\\/\\\/eurotech-iasi.ro\\\/magazinonline\\\/produs\\\/masina-de-slefuit-cu-banda-makita-9032-500-w-9-x-533-mm-1700-m-min\\\/#primaryimage\",\"url\":\"https:\\\/\\\/eurotech-iasi.ro\\\/magazinonline\\\/wp-content\\\/uploads\\\/2018\\\/05\\\/Masina-de-slefuit-cu-banda-Makita-9032-500-W-9-x-533-mm-1700-m-min.jpg\",\"contentUrl\":\"https:\\\/\\\/eurotech-iasi.ro\\\/magazinonline\\\/wp-content\\\/uploads\\\/2018\\\/05\\\/Masina-de-slefuit-cu-banda-Makita-9032-500-W-9-x-533-mm-1700-m-min.jpg\",\"width\":800,\"height\":710},{\"@type\":\"BreadcrumbList\",\"@id\":\"https:\\\/\\\/eurotech-iasi.ro\\\/magazinonline\\\/produs\\\/masina-de-slefuit-cu-banda-makita-9032-500-w-9-x-533-mm-1700-m-min\\\/#breadcrumb\",\"itemListElement\":[{\"@type\":\"ListItem\",\"position\":1,\"name\":\"Prima pagin\u0103\",\"item\":\"https:\\\/\\\/eurotech-iasi.ro\\\/magazinonline\\\/\"},{\"@type\":\"ListItem\",\"position\":2,\"name\":\"Shop\",\"item\":\"https:\\\/\\\/eurotech-iasi.ro\\\/magazinonline\\\/shop\\\/\"},{\"@type\":\"ListItem\",\"position\":3,\"name\":\"Masina de slefuit cu banda MAKITA 9032\"}]},{\"@type\":\"WebSite\",\"@id\":\"https:\\\/\\\/eurotech-iasi.ro\\\/magazinonline\\\/#website\",\"url\":\"https:\\\/\\\/eurotech-iasi.ro\\\/magazinonline\\\/\",\"name\":\"Eurotech Iasi\",\"description\":\"Cu oameni seriosi\",\"publisher\":{\"@id\":\"https:\\\/\\\/eurotech-iasi.ro\\\/magazinonline\\\/#organization\"},\"potentialAction\":[{\"@type\":\"SearchAction\",\"target\":{\"@type\":\"EntryPoint\",\"urlTemplate\":\"https:\\\/\\\/eurotech-iasi.ro\\\/magazinonline\\\/?s={search_term_string}\"},\"query-input\":{\"@type\":\"PropertyValueSpecification\",\"valueRequired\":true,\"valueName\":\"search_term_string\"}}],\"inLanguage\":\"ro-RO\"},{\"@type\":\"Organization\",\"@id\":\"https:\\\/\\\/eurotech-iasi.ro\\\/magazinonline\\\/#organization\",\"name\":\"Eurotech Iasi\",\"url\":\"https:\\\/\\\/eurotech-iasi.ro\\\/magazinonline\\\/\",\"logo\":{\"@type\":\"ImageObject\",\"inLanguage\":\"ro-RO\",\"@id\":\"https:\\\/\\\/eurotech-iasi.ro\\\/magazinonline\\\/#\\\/schema\\\/logo\\\/image\\\/\",\"url\":\"https:\\\/\\\/eurotech-iasi.ro\\\/magazinonline\\\/wp-content\\\/uploads\\\/2020\\\/08\\\/logo-eurotech.png\",\"contentUrl\":\"https:\\\/\\\/eurotech-iasi.ro\\\/magazinonline\\\/wp-content\\\/uploads\\\/2020\\\/08\\\/logo-eurotech.png\",\"width\":290,\"height\":70,\"caption\":\"Eurotech Iasi\"},\"image\":{\"@id\":\"https:\\\/\\\/eurotech-iasi.ro\\\/magazinonline\\\/#\\\/schema\\\/logo\\\/image\\\/\"},\"sameAs\":[\"https:\\\/\\\/www.facebook.com\\\/EurotechIasi\\\/\"]}]}<\/script>\n<!-- \/ Yoast SEO plugin. -->","yoast_head_json":{"title":"Masina de slefuit cu banda MAKITA 9032 - Eurotech Iasi","description":"Ma\u0219in\u0103 de \u0219lefuit cu band\u0103 MAKITA 9032, dotat\u0103 cu un motor de 500 W, este excelent\u0103 pentru cur\u0103\u021barea diferitelor materiale.","robots":{"index":"index","follow":"follow","max-snippet":"max-snippet:-1","max-image-preview":"max-image-preview:large","max-video-preview":"max-video-preview:-1"},"canonical":"https:\/\/eurotech-iasi.ro\/magazinonline\/produs\/masina-de-slefuit-cu-banda-makita-9032-500-w-9-x-533-mm-1700-m-min\/","og_locale":"ro_RO","og_type":"article","og_title":"Masina de slefuit cu banda MAKITA 9032 - Eurotech Iasi","og_description":"Ma\u0219in\u0103 de \u0219lefuit cu band\u0103 MAKITA 9032, dotat\u0103 cu un motor de 500 W, este excelent\u0103 pentru cur\u0103\u021barea diferitelor materiale.","og_url":"https:\/\/eurotech-iasi.ro\/magazinonline\/produs\/masina-de-slefuit-cu-banda-makita-9032-500-w-9-x-533-mm-1700-m-min\/","og_site_name":"Eurotech Iasi","article_publisher":"https:\/\/www.facebook.com\/EurotechIasi\/","article_modified_time":"2025-04-02T12:21:10+00:00","og_image":[{"width":800,"height":710,"url":"https:\/\/eurotech-iasi.ro\/magazinonline\/wp-content\/uploads\/2018\/05\/Masina-de-slefuit-cu-banda-Makita-9032-500-W-9-x-533-mm-1700-m-min.jpg","type":"image\/jpeg"}],"schema":{"@context":"https:\/\/schema.org","@graph":[{"@type":"WebPage","@id":"https:\/\/eurotech-iasi.ro\/magazinonline\/produs\/masina-de-slefuit-cu-banda-makita-9032-500-w-9-x-533-mm-1700-m-min\/","url":"https:\/\/eurotech-iasi.ro\/magazinonline\/produs\/masina-de-slefuit-cu-banda-makita-9032-500-w-9-x-533-mm-1700-m-min\/","name":"Masina de slefuit cu banda MAKITA 9032 - Eurotech Iasi","isPartOf":{"@id":"https:\/\/eurotech-iasi.ro\/magazinonline\/#website"},"primaryImageOfPage":{"@id":"https:\/\/eurotech-iasi.ro\/magazinonline\/produs\/masina-de-slefuit-cu-banda-makita-9032-500-w-9-x-533-mm-1700-m-min\/#primaryimage"},"image":{"@id":"https:\/\/eurotech-iasi.ro\/magazinonline\/produs\/masina-de-slefuit-cu-banda-makita-9032-500-w-9-x-533-mm-1700-m-min\/#primaryimage"},"thumbnailUrl":"https:\/\/eurotech-iasi.ro\/magazinonline\/wp-content\/uploads\/2018\/05\/Masina-de-slefuit-cu-banda-Makita-9032-500-W-9-x-533-mm-1700-m-min.jpg","datePublished":"2018-05-14T12:46:21+00:00","dateModified":"2025-04-02T12:21:10+00:00","description":"Ma\u0219in\u0103 de \u0219lefuit cu band\u0103 MAKITA 9032, dotat\u0103 cu un motor de 500 W, este excelent\u0103 pentru cur\u0103\u021barea diferitelor materiale.","breadcrumb":{"@id":"https:\/\/eurotech-iasi.ro\/magazinonline\/produs\/masina-de-slefuit-cu-banda-makita-9032-500-w-9-x-533-mm-1700-m-min\/#breadcrumb"},"inLanguage":"ro-RO","potentialAction":[{"@type":"ReadAction","target":["https:\/\/eurotech-iasi.ro\/magazinonline\/produs\/masina-de-slefuit-cu-banda-makita-9032-500-w-9-x-533-mm-1700-m-min\/"]}]},{"@type":"ImageObject","inLanguage":"ro-RO","@id":"https:\/\/eurotech-iasi.ro\/magazinonline\/produs\/masina-de-slefuit-cu-banda-makita-9032-500-w-9-x-533-mm-1700-m-min\/#primaryimage","url":"https:\/\/eurotech-iasi.ro\/magazinonline\/wp-content\/uploads\/2018\/05\/Masina-de-slefuit-cu-banda-Makita-9032-500-W-9-x-533-mm-1700-m-min.jpg","contentUrl":"https:\/\/eurotech-iasi.ro\/magazinonline\/wp-content\/uploads\/2018\/05\/Masina-de-slefuit-cu-banda-Makita-9032-500-W-9-x-533-mm-1700-m-min.jpg","width":800,"height":710},{"@type":"BreadcrumbList","@id":"https:\/\/eurotech-iasi.ro\/magazinonline\/produs\/masina-de-slefuit-cu-banda-makita-9032-500-w-9-x-533-mm-1700-m-min\/#breadcrumb","itemListElement":[{"@type":"ListItem","position":1,"name":"Prima pagin\u0103","item":"https:\/\/eurotech-iasi.ro\/magazinonline\/"},{"@type":"ListItem","position":2,"name":"Shop","item":"https:\/\/eurotech-iasi.ro\/magazinonline\/shop\/"},{"@type":"ListItem","position":3,"name":"Masina de slefuit cu banda MAKITA 9032"}]},{"@type":"WebSite","@id":"https:\/\/eurotech-iasi.ro\/magazinonline\/#website","url":"https:\/\/eurotech-iasi.ro\/magazinonline\/","name":"Eurotech Iasi","description":"Cu oameni seriosi","publisher":{"@id":"https:\/\/eurotech-iasi.ro\/magazinonline\/#organization"},"potentialAction":[{"@type":"SearchAction","target":{"@type":"EntryPoint","urlTemplate":"https:\/\/eurotech-iasi.ro\/magazinonline\/?s={search_term_string}"},"query-input":{"@type":"PropertyValueSpecification","valueRequired":true,"valueName":"search_term_string"}}],"inLanguage":"ro-RO"},{"@type":"Organization","@id":"https:\/\/eurotech-iasi.ro\/magazinonline\/#organization","name":"Eurotech Iasi","url":"https:\/\/eurotech-iasi.ro\/magazinonline\/","logo":{"@type":"ImageObject","inLanguage":"ro-RO","@id":"https:\/\/eurotech-iasi.ro\/magazinonline\/#\/schema\/logo\/image\/","url":"https:\/\/eurotech-iasi.ro\/magazinonline\/wp-content\/uploads\/2020\/08\/logo-eurotech.png","contentUrl":"https:\/\/eurotech-iasi.ro\/magazinonline\/wp-content\/uploads\/2020\/08\/logo-eurotech.png","width":290,"height":70,"caption":"Eurotech Iasi"},"image":{"@id":"https:\/\/eurotech-iasi.ro\/magazinonline\/#\/schema\/logo\/image\/"},"sameAs":["https:\/\/www.facebook.com\/EurotechIasi\/"]}]}},"_links":{"self":[{"href":"https:\/\/eurotech-iasi.ro\/magazinonline\/wp-json\/wp\/v2\/product\/11010","targetHints":{"allow":["GET"]}}],"collection":[{"href":"https:\/\/eurotech-iasi.ro\/magazinonline\/wp-json\/wp\/v2\/product"}],"about":[{"href":"https:\/\/eurotech-iasi.ro\/magazinonline\/wp-json\/wp\/v2\/types\/product"}],"replies":[{"embeddable":true,"href":"https:\/\/eurotech-iasi.ro\/magazinonline\/wp-json\/wp\/v2\/comments?post=11010"}],"wp:featuredmedia":[{"embeddable":true,"href":"https:\/\/eurotech-iasi.ro\/magazinonline\/wp-json\/wp\/v2\/media\/11013"}],"wp:attachment":[{"href":"https:\/\/eurotech-iasi.ro\/magazinonline\/wp-json\/wp\/v2\/media?parent=11010"}],"wp:term":[{"taxonomy":"product_cat","embeddable":true,"href":"https:\/\/eurotech-iasi.ro\/magazinonline\/wp-json\/wp\/v2\/product_cat?post=11010"},{"taxonomy":"product_tag","embeddable":true,"href":"https:\/\/eurotech-iasi.ro\/magazinonline\/wp-json\/wp\/v2\/product_tag?post=11010"},{"taxonomy":"woo-feed-brand","embeddable":true,"href":"https:\/\/eurotech-iasi.ro\/magazinonline\/wp-json\/wp\/v2\/woo-feed-brand?post=11010"}],"curies":[{"name":"wp","href":"https:\/\/api.w.org\/{rel}","templated":true}]}}