{"id":11016,"date":"2018-05-14T16:12:59","date_gmt":"2018-05-14T13:12:59","guid":{"rendered":"https:\/\/eurotech-iasi.ro\/?post_type=product&#038;p=11016"},"modified":"2024-05-24T08:43:52","modified_gmt":"2024-05-24T05:43:52","slug":"masina-de-gaurit-si-insurubat-cu-acumulator-makita-ddf483rfe-18-v-3-ah-50-nm","status":"publish","type":"product","link":"https:\/\/eurotech-iasi.ro\/magazinonline\/produs\/masina-de-gaurit-si-insurubat-cu-acumulator-makita-ddf483rfe-18-v-3-ah-50-nm\/","title":{"rendered":"Masina de gaurit si insurubat MAKITA DDF483RFE"},"content":{"rendered":"<p><strong>Masina de gaurit si insurubat MAKITA DDF483RFE<\/strong>, dotata cu doi acumulatori si incarcator, este un model usor si compact. Cu protectie ridicata impotriva datorita tehnologiei <em><strong>Extreme Protection<\/strong><\/em>. Controlul electronic al turatiei permite selectarea vitezei optime de lucru. Prevazut cu mandrina rapida ce permite schimbarea usoara a accesoriilor. Angrenaj metalic pentru o durabilitate ridicata.<\/p>\n<p><strong>Set de livrare<\/strong>:<br \/>\n&#8211; 2 acumulatori, Li-Ion, 18 V, 3 Ah<\/p>\n","protected":false},"excerpt":{"rendered":"<p><strong>Masina de gaurit si insurubat MAKITA DDF483RFE <\/strong>este dedicata oricarei activitati datorita manevrabilitatii.<\/p>\n<p>Cod produs: DDF483RFE<\/p>\n<p><span style=\"color: #ff0000;\"><strong>*Scos din productie!<\/strong><\/span><\/p>\n","protected":false},"featured_media":11018,"comment_status":"open","ping_status":"closed","template":"","meta":{"_acf_changed":false},"product_cat":[4346,4335],"product_tag":[3289,3290,3292,3291],"woo-feed-brand":[],"class_list":{"0":"post-11016","1":"product","2":"type-product","3":"status-publish","4":"has-post-thumbnail","6":"product_brand-makita","7":"product_cat-masini-de-gaurit-si-insurubat-cu-acumulator","8":"product_cat-scule-electrice-cu-acumulatori","9":"product_tag-18-v","10":"product_tag-3-ah","11":"product_tag-50-nm","12":"product_tag-masina-de-gaurit-si-insurubat-cu-acumulator-makita-ddf483rfe","13":"pa_brand-makita","14":"pa_greutate-13-kg","15":"pa_nivel-vibratii-25-m-s2","16":"pa_nivel-zgomot-80-db","17":"pa_tensiune-acumulatori-18-v","18":"pa_tip-acumulatori-li-ion","19":"pa_turatie-de-mers-in-gol-1-700-rpm","21":"first","22":"outofstock","23":"purchasable","24":"product-type-simple"},"acf":[],"yoast_head":"<!-- This site is optimized with the Yoast SEO plugin v27.5 - https:\/\/yoast.com\/product\/yoast-seo-wordpress\/ -->\n<title>Masina de gaurit si insurubat MAKITA DDF483RFE - Eurotech Iasi<\/title>\n<meta name=\"description\" content=\"Ma\u0219in\u0103 de g\u0103urit \u0219i \u00een\u0219urubat MAKITA DDF483RFE, dotat\u0103 cu doi acumualtori \u0219i \u00eenc\u0103rc\u0103tor, este dedicat\u0103 oric\u0103rei activit\u0103\u021bi datorit\u0103 manevrabilit\u0103\u021bii\" \/>\n<meta name=\"robots\" content=\"index, follow, max-snippet:-1, max-image-preview:large, max-video-preview:-1\" \/>\n<link rel=\"canonical\" href=\"https:\/\/eurotech-iasi.ro\/magazinonline\/produs\/masina-de-gaurit-si-insurubat-cu-acumulator-makita-ddf483rfe-18-v-3-ah-50-nm\/\" \/>\n<meta property=\"og:locale\" content=\"ro_RO\" \/>\n<meta property=\"og:type\" content=\"article\" \/>\n<meta property=\"og:title\" content=\"Masina de gaurit si insurubat MAKITA DDF483RFE - Eurotech Iasi\" \/>\n<meta property=\"og:description\" content=\"Ma\u0219in\u0103 de g\u0103urit \u0219i \u00een\u0219urubat MAKITA DDF483RFE, dotat\u0103 cu doi acumualtori \u0219i \u00eenc\u0103rc\u0103tor, este dedicat\u0103 oric\u0103rei activit\u0103\u021bi datorit\u0103 manevrabilit\u0103\u021bii\" \/>\n<meta property=\"og:url\" content=\"https:\/\/eurotech-iasi.ro\/magazinonline\/produs\/masina-de-gaurit-si-insurubat-cu-acumulator-makita-ddf483rfe-18-v-3-ah-50-nm\/\" \/>\n<meta property=\"og:site_name\" content=\"Eurotech Iasi\" \/>\n<meta property=\"article:publisher\" content=\"https:\/\/www.facebook.com\/EurotechIasi\/\" \/>\n<meta property=\"article:modified_time\" content=\"2024-05-24T05:43:52+00:00\" \/>\n<meta property=\"og:image\" content=\"https:\/\/eurotech-iasi.ro\/magazinonline\/wp-content\/uploads\/2018\/05\/Masina-de-gaurit-si-insurubat-cu-acumulator-Makita-DDF483RFE-18-V-3-Ah-50-Nm.jpg\" \/>\n\t<meta property=\"og:image:width\" content=\"710\" \/>\n\t<meta property=\"og:image:height\" content=\"710\" \/>\n\t<meta property=\"og:image:type\" content=\"image\/jpeg\" \/>\n<script type=\"application\/ld+json\" class=\"yoast-schema-graph\">{\"@context\":\"https:\\\/\\\/schema.org\",\"@graph\":[{\"@type\":\"WebPage\",\"@id\":\"https:\\\/\\\/eurotech-iasi.ro\\\/magazinonline\\\/produs\\\/masina-de-gaurit-si-insurubat-cu-acumulator-makita-ddf483rfe-18-v-3-ah-50-nm\\\/\",\"url\":\"https:\\\/\\\/eurotech-iasi.ro\\\/magazinonline\\\/produs\\\/masina-de-gaurit-si-insurubat-cu-acumulator-makita-ddf483rfe-18-v-3-ah-50-nm\\\/\",\"name\":\"Masina de gaurit si insurubat MAKITA DDF483RFE - Eurotech Iasi\",\"isPartOf\":{\"@id\":\"https:\\\/\\\/eurotech-iasi.ro\\\/magazinonline\\\/#website\"},\"primaryImageOfPage\":{\"@id\":\"https:\\\/\\\/eurotech-iasi.ro\\\/magazinonline\\\/produs\\\/masina-de-gaurit-si-insurubat-cu-acumulator-makita-ddf483rfe-18-v-3-ah-50-nm\\\/#primaryimage\"},\"image\":{\"@id\":\"https:\\\/\\\/eurotech-iasi.ro\\\/magazinonline\\\/produs\\\/masina-de-gaurit-si-insurubat-cu-acumulator-makita-ddf483rfe-18-v-3-ah-50-nm\\\/#primaryimage\"},\"thumbnailUrl\":\"https:\\\/\\\/eurotech-iasi.ro\\\/magazinonline\\\/wp-content\\\/uploads\\\/2018\\\/05\\\/Masina-de-gaurit-si-insurubat-cu-acumulator-Makita-DDF483RFE-18-V-3-Ah-50-Nm.jpg\",\"datePublished\":\"2018-05-14T13:12:59+00:00\",\"dateModified\":\"2024-05-24T05:43:52+00:00\",\"description\":\"Ma\u0219in\u0103 de g\u0103urit \u0219i \u00een\u0219urubat MAKITA DDF483RFE, dotat\u0103 cu doi acumualtori \u0219i \u00eenc\u0103rc\u0103tor, este dedicat\u0103 oric\u0103rei activit\u0103\u021bi datorit\u0103 manevrabilit\u0103\u021bii\",\"breadcrumb\":{\"@id\":\"https:\\\/\\\/eurotech-iasi.ro\\\/magazinonline\\\/produs\\\/masina-de-gaurit-si-insurubat-cu-acumulator-makita-ddf483rfe-18-v-3-ah-50-nm\\\/#breadcrumb\"},\"inLanguage\":\"ro-RO\",\"potentialAction\":[{\"@type\":\"ReadAction\",\"target\":[\"https:\\\/\\\/eurotech-iasi.ro\\\/magazinonline\\\/produs\\\/masina-de-gaurit-si-insurubat-cu-acumulator-makita-ddf483rfe-18-v-3-ah-50-nm\\\/\"]}]},{\"@type\":\"ImageObject\",\"inLanguage\":\"ro-RO\",\"@id\":\"https:\\\/\\\/eurotech-iasi.ro\\\/magazinonline\\\/produs\\\/masina-de-gaurit-si-insurubat-cu-acumulator-makita-ddf483rfe-18-v-3-ah-50-nm\\\/#primaryimage\",\"url\":\"https:\\\/\\\/eurotech-iasi.ro\\\/magazinonline\\\/wp-content\\\/uploads\\\/2018\\\/05\\\/Masina-de-gaurit-si-insurubat-cu-acumulator-Makita-DDF483RFE-18-V-3-Ah-50-Nm.jpg\",\"contentUrl\":\"https:\\\/\\\/eurotech-iasi.ro\\\/magazinonline\\\/wp-content\\\/uploads\\\/2018\\\/05\\\/Masina-de-gaurit-si-insurubat-cu-acumulator-Makita-DDF483RFE-18-V-3-Ah-50-Nm.jpg\",\"width\":710,\"height\":710},{\"@type\":\"BreadcrumbList\",\"@id\":\"https:\\\/\\\/eurotech-iasi.ro\\\/magazinonline\\\/produs\\\/masina-de-gaurit-si-insurubat-cu-acumulator-makita-ddf483rfe-18-v-3-ah-50-nm\\\/#breadcrumb\",\"itemListElement\":[{\"@type\":\"ListItem\",\"position\":1,\"name\":\"Prima pagin\u0103\",\"item\":\"https:\\\/\\\/eurotech-iasi.ro\\\/magazinonline\\\/\"},{\"@type\":\"ListItem\",\"position\":2,\"name\":\"Shop\",\"item\":\"https:\\\/\\\/eurotech-iasi.ro\\\/magazinonline\\\/shop\\\/\"},{\"@type\":\"ListItem\",\"position\":3,\"name\":\"Masina de gaurit si insurubat MAKITA DDF483RFE\"}]},{\"@type\":\"WebSite\",\"@id\":\"https:\\\/\\\/eurotech-iasi.ro\\\/magazinonline\\\/#website\",\"url\":\"https:\\\/\\\/eurotech-iasi.ro\\\/magazinonline\\\/\",\"name\":\"Eurotech Iasi\",\"description\":\"Cu oameni seriosi\",\"publisher\":{\"@id\":\"https:\\\/\\\/eurotech-iasi.ro\\\/magazinonline\\\/#organization\"},\"potentialAction\":[{\"@type\":\"SearchAction\",\"target\":{\"@type\":\"EntryPoint\",\"urlTemplate\":\"https:\\\/\\\/eurotech-iasi.ro\\\/magazinonline\\\/?s={search_term_string}\"},\"query-input\":{\"@type\":\"PropertyValueSpecification\",\"valueRequired\":true,\"valueName\":\"search_term_string\"}}],\"inLanguage\":\"ro-RO\"},{\"@type\":\"Organization\",\"@id\":\"https:\\\/\\\/eurotech-iasi.ro\\\/magazinonline\\\/#organization\",\"name\":\"Eurotech Iasi\",\"url\":\"https:\\\/\\\/eurotech-iasi.ro\\\/magazinonline\\\/\",\"logo\":{\"@type\":\"ImageObject\",\"inLanguage\":\"ro-RO\",\"@id\":\"https:\\\/\\\/eurotech-iasi.ro\\\/magazinonline\\\/#\\\/schema\\\/logo\\\/image\\\/\",\"url\":\"https:\\\/\\\/eurotech-iasi.ro\\\/magazinonline\\\/wp-content\\\/uploads\\\/2020\\\/08\\\/logo-eurotech.png\",\"contentUrl\":\"https:\\\/\\\/eurotech-iasi.ro\\\/magazinonline\\\/wp-content\\\/uploads\\\/2020\\\/08\\\/logo-eurotech.png\",\"width\":290,\"height\":70,\"caption\":\"Eurotech Iasi\"},\"image\":{\"@id\":\"https:\\\/\\\/eurotech-iasi.ro\\\/magazinonline\\\/#\\\/schema\\\/logo\\\/image\\\/\"},\"sameAs\":[\"https:\\\/\\\/www.facebook.com\\\/EurotechIasi\\\/\"]}]}<\/script>\n<!-- \/ Yoast SEO plugin. -->","yoast_head_json":{"title":"Masina de gaurit si insurubat MAKITA DDF483RFE - Eurotech Iasi","description":"Ma\u0219in\u0103 de g\u0103urit \u0219i \u00een\u0219urubat MAKITA DDF483RFE, dotat\u0103 cu doi acumualtori \u0219i \u00eenc\u0103rc\u0103tor, este dedicat\u0103 oric\u0103rei activit\u0103\u021bi datorit\u0103 manevrabilit\u0103\u021bii","robots":{"index":"index","follow":"follow","max-snippet":"max-snippet:-1","max-image-preview":"max-image-preview:large","max-video-preview":"max-video-preview:-1"},"canonical":"https:\/\/eurotech-iasi.ro\/magazinonline\/produs\/masina-de-gaurit-si-insurubat-cu-acumulator-makita-ddf483rfe-18-v-3-ah-50-nm\/","og_locale":"ro_RO","og_type":"article","og_title":"Masina de gaurit si insurubat MAKITA DDF483RFE - Eurotech Iasi","og_description":"Ma\u0219in\u0103 de g\u0103urit \u0219i \u00een\u0219urubat MAKITA DDF483RFE, dotat\u0103 cu doi acumualtori \u0219i \u00eenc\u0103rc\u0103tor, este dedicat\u0103 oric\u0103rei activit\u0103\u021bi datorit\u0103 manevrabilit\u0103\u021bii","og_url":"https:\/\/eurotech-iasi.ro\/magazinonline\/produs\/masina-de-gaurit-si-insurubat-cu-acumulator-makita-ddf483rfe-18-v-3-ah-50-nm\/","og_site_name":"Eurotech Iasi","article_publisher":"https:\/\/www.facebook.com\/EurotechIasi\/","article_modified_time":"2024-05-24T05:43:52+00:00","og_image":[{"width":710,"height":710,"url":"https:\/\/eurotech-iasi.ro\/magazinonline\/wp-content\/uploads\/2018\/05\/Masina-de-gaurit-si-insurubat-cu-acumulator-Makita-DDF483RFE-18-V-3-Ah-50-Nm.jpg","type":"image\/jpeg"}],"schema":{"@context":"https:\/\/schema.org","@graph":[{"@type":"WebPage","@id":"https:\/\/eurotech-iasi.ro\/magazinonline\/produs\/masina-de-gaurit-si-insurubat-cu-acumulator-makita-ddf483rfe-18-v-3-ah-50-nm\/","url":"https:\/\/eurotech-iasi.ro\/magazinonline\/produs\/masina-de-gaurit-si-insurubat-cu-acumulator-makita-ddf483rfe-18-v-3-ah-50-nm\/","name":"Masina de gaurit si insurubat MAKITA DDF483RFE - Eurotech Iasi","isPartOf":{"@id":"https:\/\/eurotech-iasi.ro\/magazinonline\/#website"},"primaryImageOfPage":{"@id":"https:\/\/eurotech-iasi.ro\/magazinonline\/produs\/masina-de-gaurit-si-insurubat-cu-acumulator-makita-ddf483rfe-18-v-3-ah-50-nm\/#primaryimage"},"image":{"@id":"https:\/\/eurotech-iasi.ro\/magazinonline\/produs\/masina-de-gaurit-si-insurubat-cu-acumulator-makita-ddf483rfe-18-v-3-ah-50-nm\/#primaryimage"},"thumbnailUrl":"https:\/\/eurotech-iasi.ro\/magazinonline\/wp-content\/uploads\/2018\/05\/Masina-de-gaurit-si-insurubat-cu-acumulator-Makita-DDF483RFE-18-V-3-Ah-50-Nm.jpg","datePublished":"2018-05-14T13:12:59+00:00","dateModified":"2024-05-24T05:43:52+00:00","description":"Ma\u0219in\u0103 de g\u0103urit \u0219i \u00een\u0219urubat MAKITA DDF483RFE, dotat\u0103 cu doi acumualtori \u0219i \u00eenc\u0103rc\u0103tor, este dedicat\u0103 oric\u0103rei activit\u0103\u021bi datorit\u0103 manevrabilit\u0103\u021bii","breadcrumb":{"@id":"https:\/\/eurotech-iasi.ro\/magazinonline\/produs\/masina-de-gaurit-si-insurubat-cu-acumulator-makita-ddf483rfe-18-v-3-ah-50-nm\/#breadcrumb"},"inLanguage":"ro-RO","potentialAction":[{"@type":"ReadAction","target":["https:\/\/eurotech-iasi.ro\/magazinonline\/produs\/masina-de-gaurit-si-insurubat-cu-acumulator-makita-ddf483rfe-18-v-3-ah-50-nm\/"]}]},{"@type":"ImageObject","inLanguage":"ro-RO","@id":"https:\/\/eurotech-iasi.ro\/magazinonline\/produs\/masina-de-gaurit-si-insurubat-cu-acumulator-makita-ddf483rfe-18-v-3-ah-50-nm\/#primaryimage","url":"https:\/\/eurotech-iasi.ro\/magazinonline\/wp-content\/uploads\/2018\/05\/Masina-de-gaurit-si-insurubat-cu-acumulator-Makita-DDF483RFE-18-V-3-Ah-50-Nm.jpg","contentUrl":"https:\/\/eurotech-iasi.ro\/magazinonline\/wp-content\/uploads\/2018\/05\/Masina-de-gaurit-si-insurubat-cu-acumulator-Makita-DDF483RFE-18-V-3-Ah-50-Nm.jpg","width":710,"height":710},{"@type":"BreadcrumbList","@id":"https:\/\/eurotech-iasi.ro\/magazinonline\/produs\/masina-de-gaurit-si-insurubat-cu-acumulator-makita-ddf483rfe-18-v-3-ah-50-nm\/#breadcrumb","itemListElement":[{"@type":"ListItem","position":1,"name":"Prima pagin\u0103","item":"https:\/\/eurotech-iasi.ro\/magazinonline\/"},{"@type":"ListItem","position":2,"name":"Shop","item":"https:\/\/eurotech-iasi.ro\/magazinonline\/shop\/"},{"@type":"ListItem","position":3,"name":"Masina de gaurit si insurubat MAKITA DDF483RFE"}]},{"@type":"WebSite","@id":"https:\/\/eurotech-iasi.ro\/magazinonline\/#website","url":"https:\/\/eurotech-iasi.ro\/magazinonline\/","name":"Eurotech Iasi","description":"Cu oameni seriosi","publisher":{"@id":"https:\/\/eurotech-iasi.ro\/magazinonline\/#organization"},"potentialAction":[{"@type":"SearchAction","target":{"@type":"EntryPoint","urlTemplate":"https:\/\/eurotech-iasi.ro\/magazinonline\/?s={search_term_string}"},"query-input":{"@type":"PropertyValueSpecification","valueRequired":true,"valueName":"search_term_string"}}],"inLanguage":"ro-RO"},{"@type":"Organization","@id":"https:\/\/eurotech-iasi.ro\/magazinonline\/#organization","name":"Eurotech Iasi","url":"https:\/\/eurotech-iasi.ro\/magazinonline\/","logo":{"@type":"ImageObject","inLanguage":"ro-RO","@id":"https:\/\/eurotech-iasi.ro\/magazinonline\/#\/schema\/logo\/image\/","url":"https:\/\/eurotech-iasi.ro\/magazinonline\/wp-content\/uploads\/2020\/08\/logo-eurotech.png","contentUrl":"https:\/\/eurotech-iasi.ro\/magazinonline\/wp-content\/uploads\/2020\/08\/logo-eurotech.png","width":290,"height":70,"caption":"Eurotech Iasi"},"image":{"@id":"https:\/\/eurotech-iasi.ro\/magazinonline\/#\/schema\/logo\/image\/"},"sameAs":["https:\/\/www.facebook.com\/EurotechIasi\/"]}]}},"_links":{"self":[{"href":"https:\/\/eurotech-iasi.ro\/magazinonline\/wp-json\/wp\/v2\/product\/11016","targetHints":{"allow":["GET"]}}],"collection":[{"href":"https:\/\/eurotech-iasi.ro\/magazinonline\/wp-json\/wp\/v2\/product"}],"about":[{"href":"https:\/\/eurotech-iasi.ro\/magazinonline\/wp-json\/wp\/v2\/types\/product"}],"replies":[{"embeddable":true,"href":"https:\/\/eurotech-iasi.ro\/magazinonline\/wp-json\/wp\/v2\/comments?post=11016"}],"wp:featuredmedia":[{"embeddable":true,"href":"https:\/\/eurotech-iasi.ro\/magazinonline\/wp-json\/wp\/v2\/media\/11018"}],"wp:attachment":[{"href":"https:\/\/eurotech-iasi.ro\/magazinonline\/wp-json\/wp\/v2\/media?parent=11016"}],"wp:term":[{"taxonomy":"product_cat","embeddable":true,"href":"https:\/\/eurotech-iasi.ro\/magazinonline\/wp-json\/wp\/v2\/product_cat?post=11016"},{"taxonomy":"product_tag","embeddable":true,"href":"https:\/\/eurotech-iasi.ro\/magazinonline\/wp-json\/wp\/v2\/product_tag?post=11016"},{"taxonomy":"woo-feed-brand","embeddable":true,"href":"https:\/\/eurotech-iasi.ro\/magazinonline\/wp-json\/wp\/v2\/woo-feed-brand?post=11016"}],"curies":[{"name":"wp","href":"https:\/\/api.w.org\/{rel}","templated":true}]}}