{"id":110590,"date":"2025-04-24T10:21:50","date_gmt":"2025-04-24T07:21:50","guid":{"rendered":"https:\/\/eurotech-iasi.ro\/magazinonline\/?post_type=product&#038;p=110590"},"modified":"2025-12-22T10:32:17","modified_gmt":"2025-12-22T08:32:17","slug":"motosapa-medialine-ms-6580-4-pachet-top","status":"publish","type":"product","link":"https:\/\/eurotech-iasi.ro\/magazinonline\/produs\/motosapa-medialine-ms-6580-4-pachet-top\/","title":{"rendered":"Motosapa MediaLine MS 6580\/4 Pachet Top"},"content":{"rendered":"<h3><strong>Motosapa MediaLine MS 6580\/4 Pachet Top<\/strong> este o motosapa robusta, compacta dotata cu un motor puternic de 7.0 CP avand o fiabilitate ridicata si iti ofera posibilitatea de a-i fi atasat: plug, remorca, rarita, roti metalice, roti de transport, plug de scos cartofi.<\/h3>\n<ul>\n<li>Latimea de lucru este cuprinsa intre 560 &#8211; 800 de mm avand freze detasabile si segmentabile.<\/li>\n<li>Adancimea de lucru este de 150 &#8211; 250 mm permitand utilizarea motosapei atat in gradina cat si la munca campului.<\/li>\n<li>este utilizata pentru maruntirea pamantului dar si pentru a ara terenul moale. Este ideala pentru suprafetele de pana in 1000 mp.<\/li>\n<\/ul>\n<h2>Avantaje constructive &#8211; Motosapa MediaLine MS 6580\/4 Pachet Top:<\/h2>\n<ul>\n<li>maneta de acceleratie cu sistem de oprire a motorului<\/li>\n<li>ghidon reglabil in inaltime pentru o pozitie cat mai corecta de lucru.<\/li>\n<li>filtru de aer in baie de ulei<\/li>\n<li>motor puternic de 7 CP si transmisie prin lant in baie de ulei foarte rezistenta si usor de intretinut.<\/li>\n<li>transmisie pe lant si 2 curele<\/li>\n<li>Pozitie neutra &#8211; Intre toate treptele de viteza.<\/li>\n<li>roata frontala pentru transport, cu sistem de rabatare<\/li>\n<li>maneta de transmisie cu protectie impotriva pornirii accidentale conform normei EN 709<\/li>\n<li>toba de esapament cu protectie metalica suplimentara conform normei EN709<\/li>\n<li>cutie cu viteze in 3 trepte cu zona neutra intre cele doua sensuri de mers conform normei EN 709<\/li>\n<li>aparatori de grosimea tablei de 2 mm conform normei EN 709,<\/li>\n<li>Discuri de protectie laterale pentru freza de sol.<\/li>\n<li>24 cutite si 2 discuri laterale durabile cu o latime de lucru reglabila pana la 80 cm<\/li>\n<\/ul>\n<h3>Specificatii tehnice &#8211; Motosapa MediaLine MS 6580\/4 Pachet Top:<\/h3>\n<ul>\n<li>Motor termic Loncin<\/li>\n<li>Putere motor 7 CP\/5.22 kW<\/li>\n<li>Tip alimentare motor Benzina<\/li>\n<li>Latime de lucru 80 cm<\/li>\n<li>Tip transmisie lant<\/li>\n<li>Trepte viteza 3 viteze (2 viteze inainte + 1 viteza inapoi)<\/li>\n<li>Ghidon reglabil pe inaltime si lateral<\/li>\n<li>Freza reglabila 80 cm (24 cutite)<\/li>\n<li>Dimensiuni (L\u00d7l\u00d7h): 1380\u00d7750\u00d7970 mm<\/li>\n<li>Mas\u0103: 73 kg<\/li>\n<\/ul>\n<p><strong>Dotare standard:<\/strong><br \/>\n&#8211; sistem de reglare a ad\u00e2ncimii de lucru;<br \/>\n&#8211; discuri laterale de protec\u0163ie;<br \/>\n&#8211; roat\u0103 frontal\u0103 pentru transport;<br \/>\n&#8211; set ro\u0163i cauciucate 400 mm;<br \/>\n&#8211; accesoriu deschis rigole;<br \/>\n&#8211; roti metalice;<br \/>\n&#8211; plug bilonat;<br \/>\n&#8211; plug simplu<br \/>\n&#8211; cultivator cu 3 dinti<br \/>\n&#8211; extractor de cartofi<\/p>\n<p>&nbsp;<\/p>\n","protected":false},"excerpt":{"rendered":"<h4>Motosapa MediaLine MS 6580\/4 Pachet Top este o motosapa robusta, compacta dotata cu un motor puternic de 7.0 CP avand o fiabilitate ridicata si iti ofera posibilitatea de a-i fi atasat: plug, remorca, rarita, roti metalice, roti de transport, plug de scos cartofi.<\/h4>\n<p><em><strong>Cod produs: MS6580\/4TOP<\/strong><\/em><\/p>\n<p><span style=\"color: #ff0000;\"><em><strong>*Costul transportului va fi calculat\u00a0 si se va transmite la comanda ferma!<\/strong><\/em><\/span><\/p>\n","protected":false},"featured_media":110591,"comment_status":"open","ping_status":"closed","template":"","meta":{"_acf_changed":false},"product_cat":[4337,4370],"product_tag":[],"woo-feed-brand":[],"class_list":{"0":"post-110590","1":"product","2":"type-product","3":"status-publish","4":"has-post-thumbnail","6":"product_brand-medialine","7":"product_cat-gradinarit-agricultura","8":"product_cat-motosape","9":"pa_brand-medialine","10":"pa_capacitate-rezervor-29-l","11":"pa_combustibil-benzina-fara-plumb-2","12":"pa_cutie-de-viteze-3-viteze-2-inainte-1-inapoi","13":"pa_dimensiuni-1380x750x970","14":"pa_greutate-73-kg","15":"pa_putere-motor-7-cp","17":"first","18":"instock","19":"purchasable","20":"product-type-simple"},"acf":[],"yoast_head":"<!-- This site is optimized with the Yoast SEO plugin v27.5 - https:\/\/yoast.com\/product\/yoast-seo-wordpress\/ -->\n<title>Motosapa MediaLine MS 6580\/4 Pachet Top - Eurotech Iasi<\/title>\n<meta name=\"robots\" content=\"index, follow, max-snippet:-1, max-image-preview:large, max-video-preview:-1\" \/>\n<link rel=\"canonical\" href=\"https:\/\/eurotech-iasi.ro\/magazinonline\/produs\/motosapa-medialine-ms-6580-4-pachet-top\/\" \/>\n<meta property=\"og:locale\" content=\"ro_RO\" \/>\n<meta property=\"og:type\" content=\"article\" \/>\n<meta property=\"og:title\" content=\"Motosapa MediaLine MS 6580\/4 Pachet Top - Eurotech Iasi\" \/>\n<meta property=\"og:description\" content=\"Motosapa MediaLine MS 6580\/4 Pachet Top este o motosapa robusta, compacta dotata cu un motor puternic de 7.0 CP avand o fiabilitate ridicata si iti ofera posibilitatea de a-i fi atasat: plug, remorca, rarita, roti metalice, roti de transport, plug de scos cartofi. Cod produs: MS6580\/4TOP  *Costul transportului va fi calculat\u00a0 si se va transmite la comanda ferma!\" \/>\n<meta property=\"og:url\" content=\"https:\/\/eurotech-iasi.ro\/magazinonline\/produs\/motosapa-medialine-ms-6580-4-pachet-top\/\" \/>\n<meta property=\"og:site_name\" content=\"Eurotech Iasi\" \/>\n<meta property=\"article:publisher\" content=\"https:\/\/www.facebook.com\/EurotechIasi\/\" \/>\n<meta property=\"article:modified_time\" content=\"2025-12-22T08:32:17+00:00\" \/>\n<meta property=\"og:image\" content=\"https:\/\/eurotech-iasi.ro\/magazinonline\/wp-content\/uploads\/2025\/04\/Motosapa-MediaLine-MS-65804-Pachet-Top.png\" \/>\n\t<meta property=\"og:image:width\" content=\"750\" \/>\n\t<meta property=\"og:image:height\" content=\"750\" \/>\n\t<meta property=\"og:image:type\" content=\"image\/png\" \/>\n<meta name=\"twitter:label1\" content=\"Timp estimat pentru citire\" \/>\n\t<meta name=\"twitter:data1\" content=\"2 minute\" \/>\n<script type=\"application\/ld+json\" class=\"yoast-schema-graph\">{\"@context\":\"https:\\\/\\\/schema.org\",\"@graph\":[{\"@type\":\"WebPage\",\"@id\":\"https:\\\/\\\/eurotech-iasi.ro\\\/magazinonline\\\/produs\\\/motosapa-medialine-ms-6580-4-pachet-top\\\/\",\"url\":\"https:\\\/\\\/eurotech-iasi.ro\\\/magazinonline\\\/produs\\\/motosapa-medialine-ms-6580-4-pachet-top\\\/\",\"name\":\"Motosapa MediaLine MS 6580\\\/4 Pachet Top - Eurotech Iasi\",\"isPartOf\":{\"@id\":\"https:\\\/\\\/eurotech-iasi.ro\\\/magazinonline\\\/#website\"},\"primaryImageOfPage\":{\"@id\":\"https:\\\/\\\/eurotech-iasi.ro\\\/magazinonline\\\/produs\\\/motosapa-medialine-ms-6580-4-pachet-top\\\/#primaryimage\"},\"image\":{\"@id\":\"https:\\\/\\\/eurotech-iasi.ro\\\/magazinonline\\\/produs\\\/motosapa-medialine-ms-6580-4-pachet-top\\\/#primaryimage\"},\"thumbnailUrl\":\"https:\\\/\\\/eurotech-iasi.ro\\\/magazinonline\\\/wp-content\\\/uploads\\\/2025\\\/04\\\/Motosapa-MediaLine-MS-65804-Pachet-Top.png\",\"datePublished\":\"2025-04-24T07:21:50+00:00\",\"dateModified\":\"2025-12-22T08:32:17+00:00\",\"breadcrumb\":{\"@id\":\"https:\\\/\\\/eurotech-iasi.ro\\\/magazinonline\\\/produs\\\/motosapa-medialine-ms-6580-4-pachet-top\\\/#breadcrumb\"},\"inLanguage\":\"ro-RO\",\"potentialAction\":[{\"@type\":\"ReadAction\",\"target\":[\"https:\\\/\\\/eurotech-iasi.ro\\\/magazinonline\\\/produs\\\/motosapa-medialine-ms-6580-4-pachet-top\\\/\"]}]},{\"@type\":\"ImageObject\",\"inLanguage\":\"ro-RO\",\"@id\":\"https:\\\/\\\/eurotech-iasi.ro\\\/magazinonline\\\/produs\\\/motosapa-medialine-ms-6580-4-pachet-top\\\/#primaryimage\",\"url\":\"https:\\\/\\\/eurotech-iasi.ro\\\/magazinonline\\\/wp-content\\\/uploads\\\/2025\\\/04\\\/Motosapa-MediaLine-MS-65804-Pachet-Top.png\",\"contentUrl\":\"https:\\\/\\\/eurotech-iasi.ro\\\/magazinonline\\\/wp-content\\\/uploads\\\/2025\\\/04\\\/Motosapa-MediaLine-MS-65804-Pachet-Top.png\",\"width\":750,\"height\":750,\"caption\":\"Motosapa MediaLine MS 65804 Pachet Top\"},{\"@type\":\"BreadcrumbList\",\"@id\":\"https:\\\/\\\/eurotech-iasi.ro\\\/magazinonline\\\/produs\\\/motosapa-medialine-ms-6580-4-pachet-top\\\/#breadcrumb\",\"itemListElement\":[{\"@type\":\"ListItem\",\"position\":1,\"name\":\"Prima pagin\u0103\",\"item\":\"https:\\\/\\\/eurotech-iasi.ro\\\/magazinonline\\\/\"},{\"@type\":\"ListItem\",\"position\":2,\"name\":\"Shop\",\"item\":\"https:\\\/\\\/eurotech-iasi.ro\\\/magazinonline\\\/shop\\\/\"},{\"@type\":\"ListItem\",\"position\":3,\"name\":\"Motosapa MediaLine MS 6580\\\/4 Pachet Top\"}]},{\"@type\":\"WebSite\",\"@id\":\"https:\\\/\\\/eurotech-iasi.ro\\\/magazinonline\\\/#website\",\"url\":\"https:\\\/\\\/eurotech-iasi.ro\\\/magazinonline\\\/\",\"name\":\"Eurotech Iasi\",\"description\":\"Cu oameni seriosi\",\"publisher\":{\"@id\":\"https:\\\/\\\/eurotech-iasi.ro\\\/magazinonline\\\/#organization\"},\"potentialAction\":[{\"@type\":\"SearchAction\",\"target\":{\"@type\":\"EntryPoint\",\"urlTemplate\":\"https:\\\/\\\/eurotech-iasi.ro\\\/magazinonline\\\/?s={search_term_string}\"},\"query-input\":{\"@type\":\"PropertyValueSpecification\",\"valueRequired\":true,\"valueName\":\"search_term_string\"}}],\"inLanguage\":\"ro-RO\"},{\"@type\":\"Organization\",\"@id\":\"https:\\\/\\\/eurotech-iasi.ro\\\/magazinonline\\\/#organization\",\"name\":\"Eurotech Iasi\",\"url\":\"https:\\\/\\\/eurotech-iasi.ro\\\/magazinonline\\\/\",\"logo\":{\"@type\":\"ImageObject\",\"inLanguage\":\"ro-RO\",\"@id\":\"https:\\\/\\\/eurotech-iasi.ro\\\/magazinonline\\\/#\\\/schema\\\/logo\\\/image\\\/\",\"url\":\"https:\\\/\\\/eurotech-iasi.ro\\\/magazinonline\\\/wp-content\\\/uploads\\\/2020\\\/08\\\/logo-eurotech.png\",\"contentUrl\":\"https:\\\/\\\/eurotech-iasi.ro\\\/magazinonline\\\/wp-content\\\/uploads\\\/2020\\\/08\\\/logo-eurotech.png\",\"width\":290,\"height\":70,\"caption\":\"Eurotech Iasi\"},\"image\":{\"@id\":\"https:\\\/\\\/eurotech-iasi.ro\\\/magazinonline\\\/#\\\/schema\\\/logo\\\/image\\\/\"},\"sameAs\":[\"https:\\\/\\\/www.facebook.com\\\/EurotechIasi\\\/\"]}]}<\/script>\n<!-- \/ Yoast SEO plugin. -->","yoast_head_json":{"title":"Motosapa MediaLine MS 6580\/4 Pachet Top - Eurotech Iasi","robots":{"index":"index","follow":"follow","max-snippet":"max-snippet:-1","max-image-preview":"max-image-preview:large","max-video-preview":"max-video-preview:-1"},"canonical":"https:\/\/eurotech-iasi.ro\/magazinonline\/produs\/motosapa-medialine-ms-6580-4-pachet-top\/","og_locale":"ro_RO","og_type":"article","og_title":"Motosapa MediaLine MS 6580\/4 Pachet Top - Eurotech Iasi","og_description":"Motosapa MediaLine MS 6580\/4 Pachet Top este o motosapa robusta, compacta dotata cu un motor puternic de 7.0 CP avand o fiabilitate ridicata si iti ofera posibilitatea de a-i fi atasat: plug, remorca, rarita, roti metalice, roti de transport, plug de scos cartofi. Cod produs: MS6580\/4TOP  *Costul transportului va fi calculat\u00a0 si se va transmite la comanda ferma!","og_url":"https:\/\/eurotech-iasi.ro\/magazinonline\/produs\/motosapa-medialine-ms-6580-4-pachet-top\/","og_site_name":"Eurotech Iasi","article_publisher":"https:\/\/www.facebook.com\/EurotechIasi\/","article_modified_time":"2025-12-22T08:32:17+00:00","og_image":[{"width":750,"height":750,"url":"https:\/\/eurotech-iasi.ro\/magazinonline\/wp-content\/uploads\/2025\/04\/Motosapa-MediaLine-MS-65804-Pachet-Top.png","type":"image\/png"}],"twitter_misc":{"Timp estimat pentru citire":"2 minute"},"schema":{"@context":"https:\/\/schema.org","@graph":[{"@type":"WebPage","@id":"https:\/\/eurotech-iasi.ro\/magazinonline\/produs\/motosapa-medialine-ms-6580-4-pachet-top\/","url":"https:\/\/eurotech-iasi.ro\/magazinonline\/produs\/motosapa-medialine-ms-6580-4-pachet-top\/","name":"Motosapa MediaLine MS 6580\/4 Pachet Top - Eurotech Iasi","isPartOf":{"@id":"https:\/\/eurotech-iasi.ro\/magazinonline\/#website"},"primaryImageOfPage":{"@id":"https:\/\/eurotech-iasi.ro\/magazinonline\/produs\/motosapa-medialine-ms-6580-4-pachet-top\/#primaryimage"},"image":{"@id":"https:\/\/eurotech-iasi.ro\/magazinonline\/produs\/motosapa-medialine-ms-6580-4-pachet-top\/#primaryimage"},"thumbnailUrl":"https:\/\/eurotech-iasi.ro\/magazinonline\/wp-content\/uploads\/2025\/04\/Motosapa-MediaLine-MS-65804-Pachet-Top.png","datePublished":"2025-04-24T07:21:50+00:00","dateModified":"2025-12-22T08:32:17+00:00","breadcrumb":{"@id":"https:\/\/eurotech-iasi.ro\/magazinonline\/produs\/motosapa-medialine-ms-6580-4-pachet-top\/#breadcrumb"},"inLanguage":"ro-RO","potentialAction":[{"@type":"ReadAction","target":["https:\/\/eurotech-iasi.ro\/magazinonline\/produs\/motosapa-medialine-ms-6580-4-pachet-top\/"]}]},{"@type":"ImageObject","inLanguage":"ro-RO","@id":"https:\/\/eurotech-iasi.ro\/magazinonline\/produs\/motosapa-medialine-ms-6580-4-pachet-top\/#primaryimage","url":"https:\/\/eurotech-iasi.ro\/magazinonline\/wp-content\/uploads\/2025\/04\/Motosapa-MediaLine-MS-65804-Pachet-Top.png","contentUrl":"https:\/\/eurotech-iasi.ro\/magazinonline\/wp-content\/uploads\/2025\/04\/Motosapa-MediaLine-MS-65804-Pachet-Top.png","width":750,"height":750,"caption":"Motosapa MediaLine MS 65804 Pachet Top"},{"@type":"BreadcrumbList","@id":"https:\/\/eurotech-iasi.ro\/magazinonline\/produs\/motosapa-medialine-ms-6580-4-pachet-top\/#breadcrumb","itemListElement":[{"@type":"ListItem","position":1,"name":"Prima pagin\u0103","item":"https:\/\/eurotech-iasi.ro\/magazinonline\/"},{"@type":"ListItem","position":2,"name":"Shop","item":"https:\/\/eurotech-iasi.ro\/magazinonline\/shop\/"},{"@type":"ListItem","position":3,"name":"Motosapa MediaLine MS 6580\/4 Pachet Top"}]},{"@type":"WebSite","@id":"https:\/\/eurotech-iasi.ro\/magazinonline\/#website","url":"https:\/\/eurotech-iasi.ro\/magazinonline\/","name":"Eurotech Iasi","description":"Cu oameni seriosi","publisher":{"@id":"https:\/\/eurotech-iasi.ro\/magazinonline\/#organization"},"potentialAction":[{"@type":"SearchAction","target":{"@type":"EntryPoint","urlTemplate":"https:\/\/eurotech-iasi.ro\/magazinonline\/?s={search_term_string}"},"query-input":{"@type":"PropertyValueSpecification","valueRequired":true,"valueName":"search_term_string"}}],"inLanguage":"ro-RO"},{"@type":"Organization","@id":"https:\/\/eurotech-iasi.ro\/magazinonline\/#organization","name":"Eurotech Iasi","url":"https:\/\/eurotech-iasi.ro\/magazinonline\/","logo":{"@type":"ImageObject","inLanguage":"ro-RO","@id":"https:\/\/eurotech-iasi.ro\/magazinonline\/#\/schema\/logo\/image\/","url":"https:\/\/eurotech-iasi.ro\/magazinonline\/wp-content\/uploads\/2020\/08\/logo-eurotech.png","contentUrl":"https:\/\/eurotech-iasi.ro\/magazinonline\/wp-content\/uploads\/2020\/08\/logo-eurotech.png","width":290,"height":70,"caption":"Eurotech Iasi"},"image":{"@id":"https:\/\/eurotech-iasi.ro\/magazinonline\/#\/schema\/logo\/image\/"},"sameAs":["https:\/\/www.facebook.com\/EurotechIasi\/"]}]}},"_links":{"self":[{"href":"https:\/\/eurotech-iasi.ro\/magazinonline\/wp-json\/wp\/v2\/product\/110590","targetHints":{"allow":["GET"]}}],"collection":[{"href":"https:\/\/eurotech-iasi.ro\/magazinonline\/wp-json\/wp\/v2\/product"}],"about":[{"href":"https:\/\/eurotech-iasi.ro\/magazinonline\/wp-json\/wp\/v2\/types\/product"}],"replies":[{"embeddable":true,"href":"https:\/\/eurotech-iasi.ro\/magazinonline\/wp-json\/wp\/v2\/comments?post=110590"}],"wp:featuredmedia":[{"embeddable":true,"href":"https:\/\/eurotech-iasi.ro\/magazinonline\/wp-json\/wp\/v2\/media\/110591"}],"wp:attachment":[{"href":"https:\/\/eurotech-iasi.ro\/magazinonline\/wp-json\/wp\/v2\/media?parent=110590"}],"wp:term":[{"taxonomy":"product_cat","embeddable":true,"href":"https:\/\/eurotech-iasi.ro\/magazinonline\/wp-json\/wp\/v2\/product_cat?post=110590"},{"taxonomy":"product_tag","embeddable":true,"href":"https:\/\/eurotech-iasi.ro\/magazinonline\/wp-json\/wp\/v2\/product_tag?post=110590"},{"taxonomy":"woo-feed-brand","embeddable":true,"href":"https:\/\/eurotech-iasi.ro\/magazinonline\/wp-json\/wp\/v2\/woo-feed-brand?post=110590"}],"curies":[{"name":"wp","href":"https:\/\/api.w.org\/{rel}","templated":true}]}}