{"id":111398,"date":"2025-06-19T13:55:56","date_gmt":"2025-06-19T10:55:56","guid":{"rendered":"https:\/\/eurotech-iasi.ro\/magazinonline\/?post_type=product&#038;p=111398"},"modified":"2026-02-11T11:06:39","modified_gmt":"2026-02-11T09:06:39","slug":"motocosa-fara-acumulator-si-incarcator-stihl-rga-140","status":"publish","type":"product","link":"https:\/\/eurotech-iasi.ro\/magazinonline\/produs\/motocosa-fara-acumulator-si-incarcator-stihl-rga-140\/","title":{"rendered":"Motocosa fara acumulator si incarcator STIHL RGA 140"},"content":{"rendered":"<h4>Motocosa fara acumulator si incarcator STIHL RGA 140 este special conceputa pentru utilizatorii profesionisti in intretinerea gradinilor si a spa\u0163iilor verzi municipale, pentru indepartarea eficienta a plantele de pe suprafete dure, de-a lungul bordurilor sau in jurul obstacolelor, cum ar fi stalpii si parapetii de protectie, precum si de sub garduri.<\/h4>\n<p>Prima unealta din sistemul Stihl AP dedicata utilizarii cu capul de taiere Stihl RG, ce permite arboristilor, peisagistilor si ingrijitorilor de terenuri sa taie buruienile si iarba cu usurinta in zonele sensibile.<\/p>\n<p>Inspirata de popularul motocoasa FSA 135 si de cutia de viteze RG, acesta dispune de lame cu disc oscilante cu energie de rotatie redusa, permitand cosirea cu rotire redusa pe suprafete dure si in jurul obstacolelor fragile, cum ar fi masinile sau serele.<\/p>\n<p>Nu numai ca reduce riscul de lovire cu pietre, dar, datorita tunderii cu rotatie redusa si a turatiei personalizate, noua motocoasa reduce si distantele de siguranta la 3 m fata de obiecte si la 5 m fata de persoane, ceea ce o face ideala pentru utilizarea in zone construite.<\/p>\n<p>RGA 140 se mandreste, de asemenea, cu un diametru de taiere de 230 mm si comenzi ergonomice. Avand un motor EC silentios cu trei setari de viteza si un afisaj LED clar, utilizatorii pot regla continuu viteza pentru a lucra cat mai eficient posibil. In plus, noua motocoasa utilizeaza un maner de bicicleta pentru o functionare echilibrata, oferind o utilizare confortabila pentru profesionisti, in special pe perioade lungi de timp.<\/p>\n<h4 class=\"m_product-features__headline\" data-test-id=\"pdp-features-&amp;-benefits\">Dotare \u0219i func\u021bie<\/h4>\n<div class=\"acco-standard m_product-features__accordions\">\n<div class=\"acco acco--standard acco--open acco--transition-ended \">\n<ul>\n<li class=\"acco__tab acco__tab-icon-arrow-down\" tabindex=\"0\" role=\"button\" aria-expanded=\"true\" data-test-id=\"accordion-tab-hide\"><strong><span class=\"acco__tab-title m_product-features__accordions__headline\">M\u00c2NER DE CONTROL ERGONOMIC CU CONTROL AL VITEZEI<\/span><\/strong><\/li>\n<\/ul>\n<div class=\"acco__content\" data-test-id=\"accordion-content\">\n<div class=\"acco__inner\" role=\"region\">\n<article class=\"m_product-features__accordions__content\">\n<div><em><strong>REGLAREA U\u0218OAR\u0102 A PERFORMAN\u021aEI UTILAJELOR.<\/strong><\/em>\u00a0 Regla\u021bi rapid \u0219i convenabil viteza utilajului la respectiva situa\u021bie de lucru. Proced\u00e2nd astfel, reduce\u021bi consumul de energie la viteze mici \u0219i, \u00een acest fel, prelungi\u021bi durata de func\u021bionare a bateriei. M\u00e2nerul de comand\u0103 practic, cu control al vitezei, v\u0103 permite s\u0103 efectua\u021bi ajustarea corespunz\u0103toare f\u0103r\u0103 a fi nevoie s\u0103 schimba\u021bi m\u00e2nerul sau s\u0103 \u00eentrerupe\u021bi lucrul.<\/div>\n<\/article>\n<\/div>\n<\/div>\n<\/div>\n<div class=\"acco acco--standard acco--open acco--transition-ended \">\n<ul>\n<li class=\"acco__tab acco__tab-icon-arrow-down\" tabindex=\"0\" role=\"button\" aria-expanded=\"true\" data-test-id=\"accordion-tab-hide\"><strong><span class=\"acco__tab-title m_product-features__accordions__headline\">M\u00c2NER TIP GHIDON<\/span><\/strong><\/li>\n<\/ul>\n<div class=\"acco__content\" data-test-id=\"accordion-content\">\n<div class=\"acco__inner\" role=\"region\">\n<article class=\"m_product-features__accordions__content\">\n<div>M\u00e2nerul dublu este denumit \u015fi ghidon de cosit ergonomic. Acesta permite o pozi\u0163ie natural\u0103 a coasei \u00een timpul cositului, put\u00e2nd fi reglat cu ajutorul unui \u015furub de str\u00e2ngere. La motocoasele \u015fi uneltele de t\u0103iere m\u00e2nerul dublu reprezint\u0103 de fiecare dat\u0103 prima op\u0163iune dac\u0103 trebuie cosite des suprafe\u0163e mari.<\/div>\n<\/article>\n<\/div>\n<\/div>\n<\/div>\n<div class=\"acco acco--standard acco--open acco--transition-ended \">\n<ul>\n<li class=\"acco__tab acco__tab-icon-arrow-down\" tabindex=\"0\" role=\"button\" aria-expanded=\"true\" data-test-id=\"accordion-tab-hide\"><strong><span class=\"acco__tab-title m_product-features__accordions__headline\">MOTOR EC<\/span><\/strong><\/li>\n<\/ul>\n<div class=\"acco__content\" data-test-id=\"accordion-content\">\n<div class=\"acco__inner\" role=\"region\">\n<article class=\"m_product-features__accordions__content\">\n<div><em><strong>CU \u00ceNTRE\u021aINERE REDUS\u0102 \u0218I EFICIENT.<\/strong><\/em> Datorit\u0103 designului s\u0103u compact, greut\u0103\u021bii reduse \u0219i eficien\u021bei ridicate, motorul EC v\u0103 permite s\u0103 lucra\u021bi eficient din punct de vedere energetic. \u00cen plus, acest motor are o durat\u0103 lung\u0103 de via\u021b\u0103.<\/div>\n<\/article>\n<\/div>\n<\/div>\n<\/div>\n<div class=\"acco acco--standard acco--open acco--transition-ended \">\n<ul>\n<li><strong><span class=\"acco__tab-title m_product-features__accordions__headline\">FILTRU DE AER CU OCHIURI METALICE<\/span><\/strong><\/li>\n<\/ul>\n<div class=\"acco__content\" data-test-id=\"accordion-content\">\n<div id=\"acco-section-49152\" class=\"acco__inner\" role=\"region\" aria-labelledby=\"acco-button-49152\">\n<article class=\"m_product-features__accordions__content\">\n<div><em><strong>R\u0102CIRE OPTIM\u0102 A MOTORULUI.<\/strong><\/em> Filtrul de aer cu ochiuri metalice fine cur\u0103\u021b\u0103 aerul \u0219i asigur\u0103 astfel o r\u0103cire optim\u0103 a motorului. Deoarece este el \u00eensu\u0219i u\u0219or de cur\u0103\u021bat, ofer\u0103, de asemenea, o durat\u0103 de via\u021b\u0103 lung\u0103.<\/div>\n<\/article>\n<\/div>\n<\/div>\n<\/div>\n<\/div>\n<h4><strong>Specificatii tehnice:\u00a0<\/strong><\/h4>\n<ul>\n<li>Tensiune nominal\u0103 36 V<\/li>\n<li>Putere 1 kW 1)<\/li>\n<li>Sistem acumulator AP<\/li>\n<li>Greutatea dispozitivului f\u0103r\u0103 baterie 6,4 kg 2)<\/li>\n<li>Diametrul cercului de t\u0103iere 230 mm<\/li>\n<li>Timp minim de func\u021bionare a bateriei AP 100 16 min. 3)<\/li>\n<li>Timp maxim de func\u021bionare a bateriei AP 100 25 min. 3)<\/li>\n<li>Timp minim de func\u021bionare a bateriei AP 200 30 min. 3)<\/li>\n<li>Timp maxim de func\u021bionare a bateriei AP 200 50 min. 3)<\/li>\n<li>Timp minim de func\u021bionare a bateriei AP 200 S 30 min. 3)<\/li>\n<li>Timp maxim de func\u021bionare a bateriei AP 200 S 50 min. 3)<\/li>\n<li>Timp minim de func\u021bionare a bateriei AP 300 40 min. 3)<\/li>\n<li>Timp maxim de func\u021bionare a bateriei AP 300 70 min. 3)<\/li>\n<li>Timp minim de func\u021bionare a bateriei AP 300 S 50 min. 3)<\/li>\n<li>Timp maxim de func\u021bionare a bateriei AP 300 S 100 min. 3)<\/li>\n<li>Timp minim de func\u021bionare a bateriei AP 500 S 60 min. 3)<\/li>\n<li>Timp maxim de func\u021bionare a bateriei AP 500 S 120 min. 3)<\/li>\n<li>Timp minim de func\u021bionare a bateriei AR 2000 L 190 min. 3)<\/li>\n<li>Timp maxim de func\u021bionare a bateriei AR 2000 L 380 min. 3)<\/li>\n<li>Timp minim de func\u021bionare a bateriei AR 3000 L 255 min. 3)<\/li>\n<li>Timp maxim de func\u021bionare a bateriei AR 3000 L 455 min. 3)<\/li>\n<li>Lungimea dispozitivului cu cu\u021bit 1970 mm<\/li>\n<li>Nivelul presiunii sonore 81 dB(A) 4)<\/li>\n<li>Nivelul puterii sonore 93 dB(A) 4)<\/li>\n<li>Valoarea vibra\u021biilor st\u00e2nga 2,3 m\/s\u00b2 5)<\/li>\n<li>Valoarea vibra\u021biilor dreapta 2,4 m\/s\u00b2 5)<\/li>\n<\/ul>\n<p><span style=\"color: #ff0000;\"><em><strong>*F\u0103r\u0103 acumulator si incarcator in setul de livrare!\u00a0<\/strong><\/em><\/span><\/p>\n","protected":false},"excerpt":{"rendered":"<h4>Motocosa fara acumulator si incarcator STIHL RGA 140 este special conceputa pentru utilizatorii profesionisti in intretinerea gradinilor si a spa\u0163iilor verzi municipale, pentru indepartarea eficienta a plantele de pe suprafete dure, de-a lungul bordurilor sau in jurul obstacolelor, cum ar fi stalpii si parapetii de protectie, precum si de sub garduri.<\/h4>\n<p><em><strong>Cod produs: FA022000006<\/strong><\/em><\/p>\n<p><a href=\"https:\/\/eurotech-iasi.ro\/magazinonline\/categorie-produs\/sistemul-cu-acumulator-stihl-ap\/\"><img loading=\"lazy\" decoding=\"async\" class=\" wp-image-108570\" src=\"https:\/\/eurotech-iasi.ro\/magazinonline\/wp-content\/uploads\/2019\/03\/11.png\" alt=\"Sistemul cu acumulator STIHL AP\" width=\"254\" height=\"109\" srcset=\"https:\/\/eurotech-iasi.ro\/magazinonline\/wp-content\/uploads\/2019\/03\/11.png 350w, https:\/\/eurotech-iasi.ro\/magazinonline\/wp-content\/uploads\/2019\/03\/11-300x129.png 300w\" sizes=\"auto, (max-width: 254px) 100vw, 254px\" \/><\/a><\/p>\n<p><span style=\"color: #ff0000;\"><em><a href=\"https:\/\/www.stihl.ro\/ro\"><img loading=\"lazy\" decoding=\"async\" class=\" wp-image-108363 alignleft\" src=\"https:\/\/eurotech-iasi.ro\/magazinonline\/wp-content\/uploads\/2019\/03\/150-x-75-stihl.png\" alt=\"\" width=\"70\" height=\"35\" \/><\/a><a href=\"https:\/\/eurotech-iasi.ro\/magazinonline\/?attachment_id=87685\" rel=\"attachment wp-att-87685\"><img loading=\"lazy\" decoding=\"async\" class=\"wp-image-87685 alignleft\" src=\"https:\/\/eurotech-iasi.ro\/magazinonline\/wp-content\/uploads\/2019\/06\/2-1-150x150.png\" alt=\"\" width=\"72\" height=\"72\" srcset=\"https:\/\/eurotech-iasi.ro\/magazinonline\/wp-content\/uploads\/2019\/06\/2-1-150x150.png 150w, https:\/\/eurotech-iasi.ro\/magazinonline\/wp-content\/uploads\/2019\/06\/2-1-100x100.png 100w, https:\/\/eurotech-iasi.ro\/magazinonline\/wp-content\/uploads\/2019\/06\/2-1.png 200w\" sizes=\"auto, (max-width: 72px) 100vw, 72px\" \/><\/a><\/em><\/span><\/p>\n<h5><\/h5>\n<h5><\/h5>\n<h5><\/h5>\n<h5><span style=\"color: #eb782b;\"><em><strong>\u00a0<a href=\"https:\/\/eurotech-iasi.ro\/magazinonline\/termeni-si-conditii\/\">*Garan\u021bie 2 ani<\/a> + 6 luni Extra Garan\u021bie. <\/strong><\/em><\/span><\/h5>\n<h5><span style=\"color: #eb782b;\"><em><strong>\u00cenregistreaz\u0103\u00a0 produsul achizi\u021bionat de la noi, \u00een termen de <\/strong><\/em><\/span><span style=\"color: #003366;\"><em><strong>30 de zile de la cump\u0103rare<\/strong><\/em><\/span><span style=\"color: #eb782b;\"><em><strong>, pe site-ul oficial STIHL la adresa<a href=\"https:\/\/preg.stihl.com\/?lang=RO_ro&amp;country=RO\">\u00a0preg.stihl.com<\/a> \u0219i profit\u0103 de prelungirea gratuit\u0103 a garan\u021biei cu 6 luni !<\/strong><\/em><\/span><\/h5>\n<p>&nbsp;<\/p>\n","protected":false},"featured_media":111399,"comment_status":"open","ping_status":"closed","template":"","meta":{"_acf_changed":false},"product_cat":[4337,4366,14479,14504,14505],"product_tag":[],"woo-feed-brand":[],"class_list":{"0":"post-111398","1":"product","2":"type-product","3":"status-publish","4":"has-post-thumbnail","6":"product_brand-stihl","7":"product_cat-gradinarit-agricultura","8":"product_cat-motocoase","9":"product_cat-produse-noi-stihl","10":"product_cat-sistemele-cu-acumulator-stihl","11":"product_cat-sistemul-cu-acumulator-stihl-ap","12":"pa_brand-stihl","13":"pa_greutate-43-kg","14":"pa_lungime-1970-mm","15":"pa_putere-1-kw","17":"first","18":"instock","19":"shipping-taxable","20":"purchasable","21":"product-type-simple"},"acf":[],"yoast_head":"<!-- This site is optimized with the Yoast SEO plugin v27.3 - https:\/\/yoast.com\/product\/yoast-seo-wordpress\/ -->\n<title>Motocosa fara acumulator si incarcator STIHL RGA 140 - Eurotech Iasi<\/title>\n<meta name=\"robots\" content=\"index, follow, max-snippet:-1, max-image-preview:large, max-video-preview:-1\" \/>\n<link rel=\"canonical\" href=\"https:\/\/eurotech-iasi.ro\/magazinonline\/produs\/motocosa-fara-acumulator-si-incarcator-stihl-rga-140\/\" \/>\n<meta property=\"og:locale\" content=\"ro_RO\" \/>\n<meta property=\"og:type\" content=\"article\" \/>\n<meta property=\"og:title\" content=\"Motocosa fara acumulator si incarcator STIHL RGA 140 - Eurotech Iasi\" \/>\n<meta property=\"og:description\" content=\"Motocosa fara acumulator si incarcator STIHL RGA 140 este special conceputa pentru utilizatorii profesionisti in intretinerea gradinilor si a spa\u0163iilor verzi municipale, pentru indepartarea eficienta a plantele de pe suprafete dure, de-a lungul bordurilor sau in jurul obstacolelor, cum ar fi stalpii si parapetii de protectie, precum si de sub garduri. Cod produs: FA022000006        \u00a0*Garan\u021bie 2 ani + 6 luni Extra Garan\u021bie.  \u00cenregistreaz\u0103\u00a0 produsul achizi\u021bionat de la noi, \u00een termen de 30 de zile de la cump\u0103rare, pe site-ul oficial STIHL la adresa\u00a0preg.stihl.com \u0219i profit\u0103 de prelungirea gratuit\u0103 a garan\u021biei cu 6 luni ! &nbsp;\" \/>\n<meta property=\"og:url\" content=\"https:\/\/eurotech-iasi.ro\/magazinonline\/produs\/motocosa-fara-acumulator-si-incarcator-stihl-rga-140\/\" \/>\n<meta property=\"og:site_name\" content=\"Eurotech Iasi\" \/>\n<meta property=\"article:publisher\" content=\"https:\/\/www.facebook.com\/EurotechIasi\/\" \/>\n<meta property=\"article:modified_time\" content=\"2026-02-11T09:06:39+00:00\" \/>\n<meta property=\"og:image\" content=\"https:\/\/eurotech-iasi.ro\/magazinonline\/wp-content\/uploads\/2025\/06\/Motocosa-fara-acumulator-si-incarcator-STIHL-RGA-140-3.png\" \/>\n\t<meta property=\"og:image:width\" content=\"750\" \/>\n\t<meta property=\"og:image:height\" content=\"750\" \/>\n\t<meta property=\"og:image:type\" content=\"image\/png\" \/>\n<meta name=\"twitter:label1\" content=\"Timp estimat pentru citire\" \/>\n\t<meta name=\"twitter:data1\" content=\"3 minute\" \/>\n<script type=\"application\/ld+json\" class=\"yoast-schema-graph\">{\"@context\":\"https:\\\/\\\/schema.org\",\"@graph\":[{\"@type\":\"WebPage\",\"@id\":\"https:\\\/\\\/eurotech-iasi.ro\\\/magazinonline\\\/produs\\\/motocosa-fara-acumulator-si-incarcator-stihl-rga-140\\\/\",\"url\":\"https:\\\/\\\/eurotech-iasi.ro\\\/magazinonline\\\/produs\\\/motocosa-fara-acumulator-si-incarcator-stihl-rga-140\\\/\",\"name\":\"Motocosa fara acumulator si incarcator STIHL RGA 140 - Eurotech Iasi\",\"isPartOf\":{\"@id\":\"https:\\\/\\\/eurotech-iasi.ro\\\/magazinonline\\\/#website\"},\"primaryImageOfPage\":{\"@id\":\"https:\\\/\\\/eurotech-iasi.ro\\\/magazinonline\\\/produs\\\/motocosa-fara-acumulator-si-incarcator-stihl-rga-140\\\/#primaryimage\"},\"image\":{\"@id\":\"https:\\\/\\\/eurotech-iasi.ro\\\/magazinonline\\\/produs\\\/motocosa-fara-acumulator-si-incarcator-stihl-rga-140\\\/#primaryimage\"},\"thumbnailUrl\":\"https:\\\/\\\/eurotech-iasi.ro\\\/magazinonline\\\/wp-content\\\/uploads\\\/2025\\\/06\\\/Motocosa-fara-acumulator-si-incarcator-STIHL-RGA-140-3.png\",\"datePublished\":\"2025-06-19T10:55:56+00:00\",\"dateModified\":\"2026-02-11T09:06:39+00:00\",\"breadcrumb\":{\"@id\":\"https:\\\/\\\/eurotech-iasi.ro\\\/magazinonline\\\/produs\\\/motocosa-fara-acumulator-si-incarcator-stihl-rga-140\\\/#breadcrumb\"},\"inLanguage\":\"ro-RO\",\"potentialAction\":[{\"@type\":\"ReadAction\",\"target\":[\"https:\\\/\\\/eurotech-iasi.ro\\\/magazinonline\\\/produs\\\/motocosa-fara-acumulator-si-incarcator-stihl-rga-140\\\/\"]}]},{\"@type\":\"ImageObject\",\"inLanguage\":\"ro-RO\",\"@id\":\"https:\\\/\\\/eurotech-iasi.ro\\\/magazinonline\\\/produs\\\/motocosa-fara-acumulator-si-incarcator-stihl-rga-140\\\/#primaryimage\",\"url\":\"https:\\\/\\\/eurotech-iasi.ro\\\/magazinonline\\\/wp-content\\\/uploads\\\/2025\\\/06\\\/Motocosa-fara-acumulator-si-incarcator-STIHL-RGA-140-3.png\",\"contentUrl\":\"https:\\\/\\\/eurotech-iasi.ro\\\/magazinonline\\\/wp-content\\\/uploads\\\/2025\\\/06\\\/Motocosa-fara-acumulator-si-incarcator-STIHL-RGA-140-3.png\",\"width\":750,\"height\":750,\"caption\":\"Motocosa fara acumulator si incarcator STIHL RGA 140\"},{\"@type\":\"BreadcrumbList\",\"@id\":\"https:\\\/\\\/eurotech-iasi.ro\\\/magazinonline\\\/produs\\\/motocosa-fara-acumulator-si-incarcator-stihl-rga-140\\\/#breadcrumb\",\"itemListElement\":[{\"@type\":\"ListItem\",\"position\":1,\"name\":\"Prima pagin\u0103\",\"item\":\"https:\\\/\\\/eurotech-iasi.ro\\\/magazinonline\\\/\"},{\"@type\":\"ListItem\",\"position\":2,\"name\":\"Shop\",\"item\":\"https:\\\/\\\/eurotech-iasi.ro\\\/magazinonline\\\/shop\\\/\"},{\"@type\":\"ListItem\",\"position\":3,\"name\":\"Motocosa fara acumulator si incarcator STIHL RGA 140\"}]},{\"@type\":\"WebSite\",\"@id\":\"https:\\\/\\\/eurotech-iasi.ro\\\/magazinonline\\\/#website\",\"url\":\"https:\\\/\\\/eurotech-iasi.ro\\\/magazinonline\\\/\",\"name\":\"Eurotech Iasi\",\"description\":\"Cu oameni seriosi\",\"publisher\":{\"@id\":\"https:\\\/\\\/eurotech-iasi.ro\\\/magazinonline\\\/#organization\"},\"potentialAction\":[{\"@type\":\"SearchAction\",\"target\":{\"@type\":\"EntryPoint\",\"urlTemplate\":\"https:\\\/\\\/eurotech-iasi.ro\\\/magazinonline\\\/?s={search_term_string}\"},\"query-input\":{\"@type\":\"PropertyValueSpecification\",\"valueRequired\":true,\"valueName\":\"search_term_string\"}}],\"inLanguage\":\"ro-RO\"},{\"@type\":\"Organization\",\"@id\":\"https:\\\/\\\/eurotech-iasi.ro\\\/magazinonline\\\/#organization\",\"name\":\"Eurotech Iasi\",\"url\":\"https:\\\/\\\/eurotech-iasi.ro\\\/magazinonline\\\/\",\"logo\":{\"@type\":\"ImageObject\",\"inLanguage\":\"ro-RO\",\"@id\":\"https:\\\/\\\/eurotech-iasi.ro\\\/magazinonline\\\/#\\\/schema\\\/logo\\\/image\\\/\",\"url\":\"https:\\\/\\\/eurotech-iasi.ro\\\/magazinonline\\\/wp-content\\\/uploads\\\/2020\\\/08\\\/logo-eurotech.png\",\"contentUrl\":\"https:\\\/\\\/eurotech-iasi.ro\\\/magazinonline\\\/wp-content\\\/uploads\\\/2020\\\/08\\\/logo-eurotech.png\",\"width\":290,\"height\":70,\"caption\":\"Eurotech Iasi\"},\"image\":{\"@id\":\"https:\\\/\\\/eurotech-iasi.ro\\\/magazinonline\\\/#\\\/schema\\\/logo\\\/image\\\/\"},\"sameAs\":[\"https:\\\/\\\/www.facebook.com\\\/EurotechIasi\\\/\"]}]}<\/script>\n<!-- \/ Yoast SEO plugin. -->","yoast_head_json":{"title":"Motocosa fara acumulator si incarcator STIHL RGA 140 - Eurotech Iasi","robots":{"index":"index","follow":"follow","max-snippet":"max-snippet:-1","max-image-preview":"max-image-preview:large","max-video-preview":"max-video-preview:-1"},"canonical":"https:\/\/eurotech-iasi.ro\/magazinonline\/produs\/motocosa-fara-acumulator-si-incarcator-stihl-rga-140\/","og_locale":"ro_RO","og_type":"article","og_title":"Motocosa fara acumulator si incarcator STIHL RGA 140 - Eurotech Iasi","og_description":"Motocosa fara acumulator si incarcator STIHL RGA 140 este special conceputa pentru utilizatorii profesionisti in intretinerea gradinilor si a spa\u0163iilor verzi municipale, pentru indepartarea eficienta a plantele de pe suprafete dure, de-a lungul bordurilor sau in jurul obstacolelor, cum ar fi stalpii si parapetii de protectie, precum si de sub garduri. Cod produs: FA022000006        \u00a0*Garan\u021bie 2 ani + 6 luni Extra Garan\u021bie.  \u00cenregistreaz\u0103\u00a0 produsul achizi\u021bionat de la noi, \u00een termen de 30 de zile de la cump\u0103rare, pe site-ul oficial STIHL la adresa\u00a0preg.stihl.com \u0219i profit\u0103 de prelungirea gratuit\u0103 a garan\u021biei cu 6 luni ! &nbsp;","og_url":"https:\/\/eurotech-iasi.ro\/magazinonline\/produs\/motocosa-fara-acumulator-si-incarcator-stihl-rga-140\/","og_site_name":"Eurotech Iasi","article_publisher":"https:\/\/www.facebook.com\/EurotechIasi\/","article_modified_time":"2026-02-11T09:06:39+00:00","og_image":[{"width":750,"height":750,"url":"https:\/\/eurotech-iasi.ro\/magazinonline\/wp-content\/uploads\/2025\/06\/Motocosa-fara-acumulator-si-incarcator-STIHL-RGA-140-3.png","type":"image\/png"}],"twitter_misc":{"Timp estimat pentru citire":"3 minute"},"schema":{"@context":"https:\/\/schema.org","@graph":[{"@type":"WebPage","@id":"https:\/\/eurotech-iasi.ro\/magazinonline\/produs\/motocosa-fara-acumulator-si-incarcator-stihl-rga-140\/","url":"https:\/\/eurotech-iasi.ro\/magazinonline\/produs\/motocosa-fara-acumulator-si-incarcator-stihl-rga-140\/","name":"Motocosa fara acumulator si incarcator STIHL RGA 140 - Eurotech Iasi","isPartOf":{"@id":"https:\/\/eurotech-iasi.ro\/magazinonline\/#website"},"primaryImageOfPage":{"@id":"https:\/\/eurotech-iasi.ro\/magazinonline\/produs\/motocosa-fara-acumulator-si-incarcator-stihl-rga-140\/#primaryimage"},"image":{"@id":"https:\/\/eurotech-iasi.ro\/magazinonline\/produs\/motocosa-fara-acumulator-si-incarcator-stihl-rga-140\/#primaryimage"},"thumbnailUrl":"https:\/\/eurotech-iasi.ro\/magazinonline\/wp-content\/uploads\/2025\/06\/Motocosa-fara-acumulator-si-incarcator-STIHL-RGA-140-3.png","datePublished":"2025-06-19T10:55:56+00:00","dateModified":"2026-02-11T09:06:39+00:00","breadcrumb":{"@id":"https:\/\/eurotech-iasi.ro\/magazinonline\/produs\/motocosa-fara-acumulator-si-incarcator-stihl-rga-140\/#breadcrumb"},"inLanguage":"ro-RO","potentialAction":[{"@type":"ReadAction","target":["https:\/\/eurotech-iasi.ro\/magazinonline\/produs\/motocosa-fara-acumulator-si-incarcator-stihl-rga-140\/"]}]},{"@type":"ImageObject","inLanguage":"ro-RO","@id":"https:\/\/eurotech-iasi.ro\/magazinonline\/produs\/motocosa-fara-acumulator-si-incarcator-stihl-rga-140\/#primaryimage","url":"https:\/\/eurotech-iasi.ro\/magazinonline\/wp-content\/uploads\/2025\/06\/Motocosa-fara-acumulator-si-incarcator-STIHL-RGA-140-3.png","contentUrl":"https:\/\/eurotech-iasi.ro\/magazinonline\/wp-content\/uploads\/2025\/06\/Motocosa-fara-acumulator-si-incarcator-STIHL-RGA-140-3.png","width":750,"height":750,"caption":"Motocosa fara acumulator si incarcator STIHL RGA 140"},{"@type":"BreadcrumbList","@id":"https:\/\/eurotech-iasi.ro\/magazinonline\/produs\/motocosa-fara-acumulator-si-incarcator-stihl-rga-140\/#breadcrumb","itemListElement":[{"@type":"ListItem","position":1,"name":"Prima pagin\u0103","item":"https:\/\/eurotech-iasi.ro\/magazinonline\/"},{"@type":"ListItem","position":2,"name":"Shop","item":"https:\/\/eurotech-iasi.ro\/magazinonline\/shop\/"},{"@type":"ListItem","position":3,"name":"Motocosa fara acumulator si incarcator STIHL RGA 140"}]},{"@type":"WebSite","@id":"https:\/\/eurotech-iasi.ro\/magazinonline\/#website","url":"https:\/\/eurotech-iasi.ro\/magazinonline\/","name":"Eurotech Iasi","description":"Cu oameni seriosi","publisher":{"@id":"https:\/\/eurotech-iasi.ro\/magazinonline\/#organization"},"potentialAction":[{"@type":"SearchAction","target":{"@type":"EntryPoint","urlTemplate":"https:\/\/eurotech-iasi.ro\/magazinonline\/?s={search_term_string}"},"query-input":{"@type":"PropertyValueSpecification","valueRequired":true,"valueName":"search_term_string"}}],"inLanguage":"ro-RO"},{"@type":"Organization","@id":"https:\/\/eurotech-iasi.ro\/magazinonline\/#organization","name":"Eurotech Iasi","url":"https:\/\/eurotech-iasi.ro\/magazinonline\/","logo":{"@type":"ImageObject","inLanguage":"ro-RO","@id":"https:\/\/eurotech-iasi.ro\/magazinonline\/#\/schema\/logo\/image\/","url":"https:\/\/eurotech-iasi.ro\/magazinonline\/wp-content\/uploads\/2020\/08\/logo-eurotech.png","contentUrl":"https:\/\/eurotech-iasi.ro\/magazinonline\/wp-content\/uploads\/2020\/08\/logo-eurotech.png","width":290,"height":70,"caption":"Eurotech Iasi"},"image":{"@id":"https:\/\/eurotech-iasi.ro\/magazinonline\/#\/schema\/logo\/image\/"},"sameAs":["https:\/\/www.facebook.com\/EurotechIasi\/"]}]}},"_links":{"self":[{"href":"https:\/\/eurotech-iasi.ro\/magazinonline\/wp-json\/wp\/v2\/product\/111398","targetHints":{"allow":["GET"]}}],"collection":[{"href":"https:\/\/eurotech-iasi.ro\/magazinonline\/wp-json\/wp\/v2\/product"}],"about":[{"href":"https:\/\/eurotech-iasi.ro\/magazinonline\/wp-json\/wp\/v2\/types\/product"}],"replies":[{"embeddable":true,"href":"https:\/\/eurotech-iasi.ro\/magazinonline\/wp-json\/wp\/v2\/comments?post=111398"}],"wp:featuredmedia":[{"embeddable":true,"href":"https:\/\/eurotech-iasi.ro\/magazinonline\/wp-json\/wp\/v2\/media\/111399"}],"wp:attachment":[{"href":"https:\/\/eurotech-iasi.ro\/magazinonline\/wp-json\/wp\/v2\/media?parent=111398"}],"wp:term":[{"taxonomy":"product_cat","embeddable":true,"href":"https:\/\/eurotech-iasi.ro\/magazinonline\/wp-json\/wp\/v2\/product_cat?post=111398"},{"taxonomy":"product_tag","embeddable":true,"href":"https:\/\/eurotech-iasi.ro\/magazinonline\/wp-json\/wp\/v2\/product_tag?post=111398"},{"taxonomy":"woo-feed-brand","embeddable":true,"href":"https:\/\/eurotech-iasi.ro\/magazinonline\/wp-json\/wp\/v2\/woo-feed-brand?post=111398"}],"curies":[{"name":"wp","href":"https:\/\/api.w.org\/{rel}","templated":true}]}}