{"id":111405,"date":"2025-06-19T15:32:11","date_gmt":"2025-06-19T12:32:11","guid":{"rendered":"https:\/\/eurotech-iasi.ro\/magazinonline\/?post_type=product&#038;p=111405"},"modified":"2026-02-11T11:06:16","modified_gmt":"2026-02-11T09:06:16","slug":"robot-de-tuns-gazonul-imow-6-0-stihl","status":"publish","type":"product","link":"https:\/\/eurotech-iasi.ro\/magazinonline\/produs\/robot-de-tuns-gazonul-imow-6-0-stihl\/","title":{"rendered":"Robot de tuns gazonul iMOW 6.0 STIHL"},"content":{"rendered":"<h4>Robot de tuns gazonul iMOW 6.0 STIHL este o solutia ideala pentru taierea ierbii, mulcirea si ingrijirea gazonului. Alimentata de o baterie litiu-ion fiabila, gestioneaza eficient pante de pana la 40% si acopera peluze de pana la 3.000 m\u00b2. Manevreaza inteligent in jurul obstacolelor, navigheaza prin spatii inguste si se adapteaza la terenuri denivelate.<\/h4>\n<p>Robot de tuns gazonul iMOW 6.0 STIHL este construit pentru ingrijirea independenta si automata a gazonului pe suprafete mari<br \/>\nAlimentat de un acumulator litiu-ion de inalta performanta, robotul de tuns iarba STIHL iMOW\u00ae 6 executa automat si independent sarcinile de ingrijire a gazonului in gradinile private. Acumulatorul permite robotului de tuns iarba sa functioneze continuu pentru perioade lungi. Viteza mare a celor 3 lame cu sistem Disc-Cut care oscileaza liber va asigura o taiere curata de fiecare data.<\/p>\n<p>La mulcirea cu STIHL iMOW\u00ae 6, resturile de iarba sunt imediat maruntite in timpul cositului, pentru a devenifertilizator pentru reutilizarea de catre gazon. Robotul de tuns iarba gestioneaza eficient suprafete de gazon de pana la 3.000 m\u00b2, precum si denivelari ale terenului de pana la 40%, de exemplu atunci cand tundeti pe o panta. Senzorii integrati determina STIHL iMOW\u00ae 6 sa isi schimbe automat directia atunci cand intra in contact cu un obstacol. De asemenea, obiectele sunt abordate cu atentie. Senzorii cu ultrasunete ai robotului de tuns iarba si reglarea vitezei in functie de situatie fac posibila taierea ierbii aproape de obstacole. Manevrele inteligente de intoarcere inseamna ca este posibila si cosirea eficienta in spatii inguste. Senzorii de inclinare regleaza viteza pe teren accidentat, asigurand un rezultat constant.<\/p>\n<p>Operarea este simpla si intuitiva prin intermediul unui panou de control care are doar cateva butoane si este sustinuta suplimentar de functia de iesire vocala. Starea curenta a robotului de tuns iarbaeste indicata de banda LED din spate. Utilizatorii pot selecta din 3 moduri diferite pentru luminile de zi din banda LED din fata. Cu aplicatia MY iMOW\u00ae, puteti controla oricand utilajul prin Bluetooth\u00ae sau Wi-Fi. De asemenea, puteti utiliza aplicatia pentru a regla inaltimea de taiere la diferite niveluri individuale. Se pot defini intervale de timp active programate saptamanal intr-un plan de cosit. De asemenea, puteti porni iMOW\u00ae 6 de la STIHL manual, daca este necesar. Senzorul de ploaie poate fi setat individual, astfel incat cositul sa continue pe vreme ploioasa sau iMOW\u00ae 6 sa intrerupa procesele de cosit in timpul ploii. Robotul de tuns iarba utilizeaza statia de andocare ca baza si pentru incarcare.<\/p>\n<p>Pentru a il instala, veti avea nevoie de kitul de instalare adecvat pentru dimensiunea gradinii dvs. Robotul de tuns iarba STIHL iMOW\u00ae adera la toate standardele de siguranta actuale. Cu toate acestea, robotul de tuns iarba iMOW\u00ae nu este o jucarie, iar copiii, spectatorii si animalele trebuie sa fie tinute departe de zona de lucru atunci cand iMOW\u00ae este activ. Pentru informatii suplimentare, va rugam sa consultati manualul de utilizare al masinii de tuns iarba, sa functioneze confortabil, asigurand o durata de viata mai lunga si performante fiabile.<\/p>\n<div class=\"acco-standard m_product-features__accordions\">\n<div class=\"acco acco--standard acco--open acco--transition-ended \">\n<ul>\n<li id=\"acco-button-95449\" class=\"acco__tab acco__tab-icon-arrow-down\" tabindex=\"0\" role=\"button\" aria-expanded=\"true\" aria-controls=\"acco-section-95449\" data-test-id=\"accordion-tab-hide\"><strong><span class=\"acco__tab-title m_product-features__accordions__headline\">SISTEM DE T\u0102IERE CU LAME <\/span><\/strong>REZULTAT OPTIM AL COSITULUI. Viteza mare de rota\u021bie \u0219i cele 3 lame cu rotire liber\u0103, foarte ascu\u021bite, asigur\u0103 o t\u0103iere curat\u0103 pentru iarb\u0103. Direc\u021bia de rota\u021bie este alternat\u0103 automat \u00een mod regulat, prelungind durata de via\u021b\u0103 a lamelor<\/li>\n<\/ul>\n<\/div>\n<div class=\"acco acco--standard acco--open acco--transition-ended \">\n<ul>\n<li id=\"acco-button-101959\" class=\"acco__tab acco__tab-icon-arrow-down\" tabindex=\"0\" role=\"button\" aria-expanded=\"true\" aria-controls=\"acco-section-101959\" data-test-id=\"accordion-tab-hide\"><strong><span class=\"acco__tab-title m_product-features__accordions__headline\">REGLARE ELECTRIC\u0102 A \u00ceN\u0102L\u021aIMII DE T\u0102IERE <\/span><\/strong>APLICA\u021aIA FACE TOTUL MAI U\u0218OR. Pute\u021bi regla electric \u00een\u0103l\u021bimea de t\u0103iere a robotului dvs. de tuns iarba direct prin intermediul aplica\u021biei<\/li>\n<\/ul>\n<\/div>\n<div class=\"acco acco--standard acco--open acco--transition-ended \">\n<ul>\n<li id=\"acco-button-95450\" class=\"acco__tab acco__tab-icon-arrow-down\" tabindex=\"0\" role=\"button\" aria-expanded=\"true\" aria-controls=\"acco-section-95450\" data-test-id=\"accordion-tab-hide\"><span class=\"acco__tab-title m_product-features__accordions__headline\">S<strong>CHIMBAREA LAMEI F\u0102R\u0102 UNELTE (IMOW) <\/strong><\/span>SCHIMBARE RAPID\u0102 \u0218I U\u0218OAR\u0102. Nu sunt necesare unelte pentru schimbarea lamelor, astfel \u00eenc\u00e2t pute\u021bi dota robotul iMOW\u00ae cu lame noi foarte rapid \u0219i u\u0219or. Pentru a asigura o t\u0103iere uniform\u0103, este recomandat s\u0103 schimba\u021bi \u00eentotdeauna toate cele trei lame odat\u0103.<\/li>\n<\/ul>\n<\/div>\n<div class=\"acco acco--standard acco--open acco--transition-ended \">\n<ul>\n<li id=\"acco-button-95533\" class=\"acco__tab acco__tab-icon-arrow-down\" tabindex=\"0\" role=\"button\" aria-expanded=\"true\" aria-controls=\"acco-section-95533\" data-test-id=\"accordion-tab-hide\"><strong><span class=\"acco__tab-title m_product-features__accordions__headline\">CONTROLUL IMOW\u00a0 <\/span><\/strong>OPERARE INTUITIV\u0102. Interfa\u021ba om-ma\u0219in\u0103 (HMI) permite o operare extrem de intuitiv\u0103 prin intermediul mai multor elemente. Panoul de comand\u0103, format din butoane \u0219i banda LED din spate, faciliteaz\u0103 toate comenzile importante de control ale robotului de tuns iarba, direct pe utilaj. Pe toate modelele iMOW EVO \u0219i pe modelele \u00eencep\u00e2nd cu seria 5, o band\u0103 LED frontal\u0103 ofer\u0103, de asemenea, informa\u021bii despre starea utilajului \u0219i asigur\u0103 o mai bun\u0103 recunoa\u0219tere a robotului datorit\u0103 unei lumini de zi. Exclusiv pentru modelele iMOW EVO din Seria 5 \u0219i de mai sus, o matrice LED suplimentar\u0103 faciliteaz\u0103 \u0219i mai mult operarea prin intermediul diferitelor modele de iluminare. Robotul de tuns iarba dispune, de asemenea, de ie\u0219ire vocal\u0103, care v\u0103 informeaz\u0103 cu privire la sarcina curent\u0103 \u0219i la timpul pe care \u00eel va petrece la cosit, de exemplu<\/li>\n<\/ul>\n<\/div>\n<div class=\"acco acco--standard acco--open acco--transition-ended \">\n<ul>\n<li id=\"acco-button-95442\" class=\"acco__tab acco__tab-icon-arrow-down\" tabindex=\"0\" role=\"button\" aria-expanded=\"true\" aria-controls=\"acco-section-95442\" data-test-id=\"accordion-tab-hide\"><strong><span class=\"acco__tab-title m_product-features__accordions__headline\">CONECTIVITATE (IMOW) <\/span><\/strong>CONTROL OPTIM. Func\u021biile de conectivitate v\u0103 permit s\u0103 controla\u021bi robotul de tuns iarba prin intermediul aplica\u021biei, utiliz\u00e2nd Wi-Fi sau Bluetooth\u00ae. La modelele EVO, pute\u021bi, de asemenea, conecta aplica\u021bia la robotul de tuns iarba prin intermediul re\u021belelor mobile.<\/li>\n<\/ul>\n<\/div>\n<div class=\"acco acco--standard acco--open acco--transition-ended \">\n<ul>\n<li><strong><span class=\"acco__tab-title m_product-features__accordions__headline\">ACCES MOBIL PRIN INTERMEDIUL APLICA\u021aIEI MY IMOW\u00ae <\/span><\/strong>TUNDE\u021aI GAZONUL INTERACTIV \u0218I PRIN TELECOMAND\u0102. Dac\u0103 dori\u021bi s\u0103 verifica\u021bi ce face robotul dvs. de tuns iarba sau cum sunt planificate sarcinile acestuia, il pute\u021bi accesa de oriunde cu aplica\u021bia MY iMOW\u00ae. Capacit\u0103\u021bile aplica\u021biei includ, de exemplu, crearea unui plan de tundere interactiv, vizualizarea loca\u021biei curente a utilajului dvs. \u0219i definirea zonelor de tundere<\/li>\n<\/ul>\n<\/div>\n<div class=\"acco acco--standard acco--open acco--transition-ended \">\n<ul>\n<li id=\"acco-button-95483\" class=\"acco__tab acco__tab-icon-arrow-down\" tabindex=\"0\" role=\"button\" aria-expanded=\"true\" aria-controls=\"acco-section-95483\" data-test-id=\"accordion-tab-hide\"><strong><span class=\"acco__tab-title m_product-features__accordions__headline\">MANAGEMENTUL ZONELOR DE TUNDERE <\/span><\/strong>LUCRU PRECIS. Dac\u0103 gr\u0103dina dvs. are zone complexe, cum ar fi por\u021biuni cu forme incomode, obstacole apropiate sau altele similare, pute\u021bi simplifica procesarea pentru robotul iMOW\u00ae prin definirea punctelor de plecare \u0219i specificarea zonelor preferate. Acest lucru face munca mai eficient\u0103 \u0219i mai rapid\u0103.<\/li>\n<\/ul>\n<\/div>\n<div class=\"acco acco--standard acco--open acco--transition-ended \">\n<ul>\n<li id=\"acco-button-95439\" class=\"acco__tab acco__tab-icon-arrow-down\" tabindex=\"0\" role=\"button\" aria-expanded=\"true\" aria-controls=\"acco-section-95439\" data-test-id=\"accordion-tab-hide\"><strong><span class=\"acco__tab-title m_product-features__accordions__headline\">FUNCTIE DE ALARMA <\/span><\/strong>PROTEC\u021aIE EXTINS\u0102. Dac\u0103 robotul de tuns iarba este ridicat sau dac\u0103 \u00eenclinarea sau mi\u0219carea utilajului se modific\u0103 \u00eentr-un mod neobi\u0219nuit (detectarea transportului), se va declan\u0219a o alarm\u0103 acustic\u0103. Aceasta se opre\u0219te automat atunci c\u00e2nd robotul de tuns iarba este a\u0219ezat din nou.<\/li>\n<\/ul>\n<\/div>\n<div class=\"acco acco--standard acco--open acco--transition-ended \">\n<ul>\n<li id=\"acco-button-95477\" class=\"acco__tab acco__tab-icon-arrow-down\" tabindex=\"0\" role=\"button\" aria-expanded=\"true\" aria-controls=\"acco-section-95477\" data-test-id=\"accordion-tab-hide\"><strong><span class=\"acco__tab-title m_product-features__accordions__headline\">SENZOR DE PLOAIE <\/span><\/strong>TUNDE \u00ceN FUNC\u021aIE DE VREME. Datorit\u0103 senzorului s\u0103u de ploaie, robotul dvs. de tuns iarba iMOW\u00ae este capabil s\u0103 decid\u0103 dac\u0103 s\u0103 tund\u0103 sau nu \u00een func\u021bie de vreme. \u00cen set\u0103ri, pute\u021bi decide cum reac\u021bioneaz\u0103 robotul de tuns iarba la ploaie.<\/li>\n<\/ul>\n<div class=\"acco__content\" data-test-id=\"accordion-content\">\n<div id=\"acco-section-95477\" class=\"acco__inner\" role=\"region\" aria-labelledby=\"acco-button-95477\">\n<article class=\"m_product-features__accordions__content\">\n<div><\/div>\n<div><strong>Detalii tehnice:<\/strong><\/div>\n<\/article>\n<\/div>\n<\/div>\n<\/div>\n<\/div>\n<ul>\n<li>Sistem acumulator AAI<\/li>\n<li>Greutatea dispozitivului 14,6 kg<\/li>\n<li>\u00cenclina\u0163ie maxim\u0103 40 %<\/li>\n<li>L\u0103\u021bime de t\u0103iere 28 cm<\/li>\n<li>\u00cen\u0103l\u021bime de sec\u021bionare minim\u0103 20 mm<\/li>\n<li>\u00cen\u0103l\u021bime de sec\u021bionare maxim\u0103 60 mm<\/li>\n<li>Cablu perimetral 2 PC<\/li>\n<li>Grad de protec\u021bie IP IPX5(Docking) \/ IP56(Ger\u00e4t)<\/li>\n<li>Timpul de cosire maxim la fiecare \u00eenc\u0103rcare a acumulatorului 80 % 135 min.<\/li>\n<li>Timpul de cosire maxim la fiecare \u00eenc\u0103rcare a acumulatorului 100 % 150 min.<\/li>\n<li>Timp de \u00eenc\u0103rcare pentru \u00eenc\u0103rcare rapid\u0103 80 % 75 min.<\/li>\n<li>Suprafa\u021ba maxim\u0103 de cosire 3000 m\u00b2<\/li>\n<li>Timp activ de cosit suprafa\u021b\u0103 0 m\u00b2 &#8211; 250 m\u00b2 6 h<\/li>\n<li>Timp activ de cosit suprafa\u021b\u0103 250 m\u00b2 &#8211; 500 m\u00b2 10 h<\/li>\n<li>Timp activ de cosit suprafa\u021b\u0103 500 m\u00b2 &#8211; 750 m\u00b2 14 h<\/li>\n<li>Timp activ de cosit suprafa\u021b\u0103 750 m\u00b2 &#8211; 1000 m\u00b2 18 h<\/li>\n<li>Timp activ de cosit suprafa\u021b\u0103 1500 m\u00b2 &#8211; 2000 m\u00b2 37 h<\/li>\n<li>Timp activ de cosit suprafa\u021b\u0103 2000 m\u00b2 &#8211; 2500 m\u00b2 45 h<\/li>\n<li>Timp activ de cosit suprafa\u021b\u0103 2500 m\u00b2 &#8211; 3000 m\u00b2 54 h<\/li>\n<li>Lungimea maxim\u0103 a dispozitivului 70 cm<\/li>\n<li>L\u0103\u021bimea maxim\u0103 a dispozitivului 52 cm<\/li>\n<li>\u00cen\u0103l\u021bimea maxim\u0103 a dispozitivului 29 cm<\/li>\n<li>Nivelul presiunii sonore 48 dB(A)<\/li>\n<li>Nivelul puterii sonore 61 dB(A) 1)<\/li>\n<\/ul>\n<p>&nbsp;<\/p>\n","protected":false},"excerpt":{"rendered":"<h4>Robot de tuns gazonul iMOW 6.0 STIHL este o solutia ideala pentru taierea ierbii, mulcirea si ingrijirea gazonului. Alimentata de o baterie litiu-ion fiabila, gestioneaza eficient pante de pana la 40% si acopera peluze de pana la 3.000 m\u00b2. Manevreaza inteligent in jurul obstacolelor, navigheaza prin spatii inguste si se adapteaza la terenuri denivelate.<\/h4>\n<p><em><strong>Cod produs: IA010111436<\/strong><\/em><\/p>\n","protected":false},"featured_media":111406,"comment_status":"open","ping_status":"closed","template":"","meta":{"_acf_changed":false},"product_cat":[10054,14508,4337,14479,13975,14504],"product_tag":[],"woo-feed-brand":[],"class_list":{"0":"post-111405","1":"product","2":"type-product","3":"status-publish","4":"has-post-thumbnail","6":"product_brand-stihl","7":"product_cat-accesorii-scule-electrice-scule-electrice","8":"product_cat-acumulatorul-din-gama-ai-stihl","9":"product_cat-gradinarit-agricultura","10":"product_cat-produse-noi-stihl","11":"product_cat-roboti-de-tuns-iarba","12":"product_cat-sistemele-cu-acumulator-stihl","13":"pa_brand-stihl","15":"first","16":"instock","17":"shipping-taxable","18":"purchasable","19":"product-type-simple"},"acf":[],"yoast_head":"<!-- This site is optimized with the Yoast SEO plugin v27.5 - https:\/\/yoast.com\/product\/yoast-seo-wordpress\/ -->\n<title>Robot de tuns gazonul iMOW 6.0 STIHL - Eurotech Iasi<\/title>\n<meta name=\"robots\" content=\"index, follow, max-snippet:-1, max-image-preview:large, max-video-preview:-1\" \/>\n<link rel=\"canonical\" href=\"https:\/\/eurotech-iasi.ro\/magazinonline\/produs\/robot-de-tuns-gazonul-imow-6-0-stihl\/\" \/>\n<meta property=\"og:locale\" content=\"ro_RO\" \/>\n<meta property=\"og:type\" content=\"article\" \/>\n<meta property=\"og:title\" content=\"Robot de tuns gazonul iMOW 6.0 STIHL - Eurotech Iasi\" \/>\n<meta property=\"og:description\" content=\"Robot de tuns gazonul iMOW 6.0 STIHL este o solutia ideala pentru taierea ierbii, mulcirea si ingrijirea gazonului. Alimentata de o baterie litiu-ion fiabila, gestioneaza eficient pante de pana la 40% si acopera peluze de pana la 3.000 m\u00b2. Manevreaza inteligent in jurul obstacolelor, navigheaza prin spatii inguste si se adapteaza la terenuri denivelate. Cod produs: IA010111436\" \/>\n<meta property=\"og:url\" content=\"https:\/\/eurotech-iasi.ro\/magazinonline\/produs\/robot-de-tuns-gazonul-imow-6-0-stihl\/\" \/>\n<meta property=\"og:site_name\" content=\"Eurotech Iasi\" \/>\n<meta property=\"article:publisher\" content=\"https:\/\/www.facebook.com\/EurotechIasi\/\" \/>\n<meta property=\"article:modified_time\" content=\"2026-02-11T09:06:16+00:00\" \/>\n<meta property=\"og:image\" content=\"https:\/\/eurotech-iasi.ro\/magazinonline\/wp-content\/uploads\/2025\/06\/Robot-de-tuns-gazonul-iMOW-6.0-STIHL-1.png\" \/>\n\t<meta property=\"og:image:width\" content=\"750\" \/>\n\t<meta property=\"og:image:height\" content=\"750\" \/>\n\t<meta property=\"og:image:type\" content=\"image\/png\" \/>\n<meta name=\"twitter:label1\" content=\"Timp estimat pentru citire\" \/>\n\t<meta name=\"twitter:data1\" content=\"6 minute\" \/>\n<script type=\"application\/ld+json\" class=\"yoast-schema-graph\">{\"@context\":\"https:\\\/\\\/schema.org\",\"@graph\":[{\"@type\":\"WebPage\",\"@id\":\"https:\\\/\\\/eurotech-iasi.ro\\\/magazinonline\\\/produs\\\/robot-de-tuns-gazonul-imow-6-0-stihl\\\/\",\"url\":\"https:\\\/\\\/eurotech-iasi.ro\\\/magazinonline\\\/produs\\\/robot-de-tuns-gazonul-imow-6-0-stihl\\\/\",\"name\":\"Robot de tuns gazonul iMOW 6.0 STIHL - Eurotech Iasi\",\"isPartOf\":{\"@id\":\"https:\\\/\\\/eurotech-iasi.ro\\\/magazinonline\\\/#website\"},\"primaryImageOfPage\":{\"@id\":\"https:\\\/\\\/eurotech-iasi.ro\\\/magazinonline\\\/produs\\\/robot-de-tuns-gazonul-imow-6-0-stihl\\\/#primaryimage\"},\"image\":{\"@id\":\"https:\\\/\\\/eurotech-iasi.ro\\\/magazinonline\\\/produs\\\/robot-de-tuns-gazonul-imow-6-0-stihl\\\/#primaryimage\"},\"thumbnailUrl\":\"https:\\\/\\\/eurotech-iasi.ro\\\/magazinonline\\\/wp-content\\\/uploads\\\/2025\\\/06\\\/Robot-de-tuns-gazonul-iMOW-6.0-STIHL-1.png\",\"datePublished\":\"2025-06-19T12:32:11+00:00\",\"dateModified\":\"2026-02-11T09:06:16+00:00\",\"breadcrumb\":{\"@id\":\"https:\\\/\\\/eurotech-iasi.ro\\\/magazinonline\\\/produs\\\/robot-de-tuns-gazonul-imow-6-0-stihl\\\/#breadcrumb\"},\"inLanguage\":\"ro-RO\",\"potentialAction\":[{\"@type\":\"ReadAction\",\"target\":[\"https:\\\/\\\/eurotech-iasi.ro\\\/magazinonline\\\/produs\\\/robot-de-tuns-gazonul-imow-6-0-stihl\\\/\"]}]},{\"@type\":\"ImageObject\",\"inLanguage\":\"ro-RO\",\"@id\":\"https:\\\/\\\/eurotech-iasi.ro\\\/magazinonline\\\/produs\\\/robot-de-tuns-gazonul-imow-6-0-stihl\\\/#primaryimage\",\"url\":\"https:\\\/\\\/eurotech-iasi.ro\\\/magazinonline\\\/wp-content\\\/uploads\\\/2025\\\/06\\\/Robot-de-tuns-gazonul-iMOW-6.0-STIHL-1.png\",\"contentUrl\":\"https:\\\/\\\/eurotech-iasi.ro\\\/magazinonline\\\/wp-content\\\/uploads\\\/2025\\\/06\\\/Robot-de-tuns-gazonul-iMOW-6.0-STIHL-1.png\",\"width\":750,\"height\":750,\"caption\":\"Robot de tuns gazonul iMOW 6.0 STIHL\"},{\"@type\":\"BreadcrumbList\",\"@id\":\"https:\\\/\\\/eurotech-iasi.ro\\\/magazinonline\\\/produs\\\/robot-de-tuns-gazonul-imow-6-0-stihl\\\/#breadcrumb\",\"itemListElement\":[{\"@type\":\"ListItem\",\"position\":1,\"name\":\"Prima pagin\u0103\",\"item\":\"https:\\\/\\\/eurotech-iasi.ro\\\/magazinonline\\\/\"},{\"@type\":\"ListItem\",\"position\":2,\"name\":\"Shop\",\"item\":\"https:\\\/\\\/eurotech-iasi.ro\\\/magazinonline\\\/shop\\\/\"},{\"@type\":\"ListItem\",\"position\":3,\"name\":\"Robot de tuns gazonul iMOW 6.0 STIHL\"}]},{\"@type\":\"WebSite\",\"@id\":\"https:\\\/\\\/eurotech-iasi.ro\\\/magazinonline\\\/#website\",\"url\":\"https:\\\/\\\/eurotech-iasi.ro\\\/magazinonline\\\/\",\"name\":\"Eurotech Iasi\",\"description\":\"Cu oameni seriosi\",\"publisher\":{\"@id\":\"https:\\\/\\\/eurotech-iasi.ro\\\/magazinonline\\\/#organization\"},\"potentialAction\":[{\"@type\":\"SearchAction\",\"target\":{\"@type\":\"EntryPoint\",\"urlTemplate\":\"https:\\\/\\\/eurotech-iasi.ro\\\/magazinonline\\\/?s={search_term_string}\"},\"query-input\":{\"@type\":\"PropertyValueSpecification\",\"valueRequired\":true,\"valueName\":\"search_term_string\"}}],\"inLanguage\":\"ro-RO\"},{\"@type\":\"Organization\",\"@id\":\"https:\\\/\\\/eurotech-iasi.ro\\\/magazinonline\\\/#organization\",\"name\":\"Eurotech Iasi\",\"url\":\"https:\\\/\\\/eurotech-iasi.ro\\\/magazinonline\\\/\",\"logo\":{\"@type\":\"ImageObject\",\"inLanguage\":\"ro-RO\",\"@id\":\"https:\\\/\\\/eurotech-iasi.ro\\\/magazinonline\\\/#\\\/schema\\\/logo\\\/image\\\/\",\"url\":\"https:\\\/\\\/eurotech-iasi.ro\\\/magazinonline\\\/wp-content\\\/uploads\\\/2020\\\/08\\\/logo-eurotech.png\",\"contentUrl\":\"https:\\\/\\\/eurotech-iasi.ro\\\/magazinonline\\\/wp-content\\\/uploads\\\/2020\\\/08\\\/logo-eurotech.png\",\"width\":290,\"height\":70,\"caption\":\"Eurotech Iasi\"},\"image\":{\"@id\":\"https:\\\/\\\/eurotech-iasi.ro\\\/magazinonline\\\/#\\\/schema\\\/logo\\\/image\\\/\"},\"sameAs\":[\"https:\\\/\\\/www.facebook.com\\\/EurotechIasi\\\/\"]}]}<\/script>\n<!-- \/ Yoast SEO plugin. -->","yoast_head_json":{"title":"Robot de tuns gazonul iMOW 6.0 STIHL - Eurotech Iasi","robots":{"index":"index","follow":"follow","max-snippet":"max-snippet:-1","max-image-preview":"max-image-preview:large","max-video-preview":"max-video-preview:-1"},"canonical":"https:\/\/eurotech-iasi.ro\/magazinonline\/produs\/robot-de-tuns-gazonul-imow-6-0-stihl\/","og_locale":"ro_RO","og_type":"article","og_title":"Robot de tuns gazonul iMOW 6.0 STIHL - Eurotech Iasi","og_description":"Robot de tuns gazonul iMOW 6.0 STIHL este o solutia ideala pentru taierea ierbii, mulcirea si ingrijirea gazonului. Alimentata de o baterie litiu-ion fiabila, gestioneaza eficient pante de pana la 40% si acopera peluze de pana la 3.000 m\u00b2. Manevreaza inteligent in jurul obstacolelor, navigheaza prin spatii inguste si se adapteaza la terenuri denivelate. Cod produs: IA010111436","og_url":"https:\/\/eurotech-iasi.ro\/magazinonline\/produs\/robot-de-tuns-gazonul-imow-6-0-stihl\/","og_site_name":"Eurotech Iasi","article_publisher":"https:\/\/www.facebook.com\/EurotechIasi\/","article_modified_time":"2026-02-11T09:06:16+00:00","og_image":[{"width":750,"height":750,"url":"https:\/\/eurotech-iasi.ro\/magazinonline\/wp-content\/uploads\/2025\/06\/Robot-de-tuns-gazonul-iMOW-6.0-STIHL-1.png","type":"image\/png"}],"twitter_misc":{"Timp estimat pentru citire":"6 minute"},"schema":{"@context":"https:\/\/schema.org","@graph":[{"@type":"WebPage","@id":"https:\/\/eurotech-iasi.ro\/magazinonline\/produs\/robot-de-tuns-gazonul-imow-6-0-stihl\/","url":"https:\/\/eurotech-iasi.ro\/magazinonline\/produs\/robot-de-tuns-gazonul-imow-6-0-stihl\/","name":"Robot de tuns gazonul iMOW 6.0 STIHL - Eurotech Iasi","isPartOf":{"@id":"https:\/\/eurotech-iasi.ro\/magazinonline\/#website"},"primaryImageOfPage":{"@id":"https:\/\/eurotech-iasi.ro\/magazinonline\/produs\/robot-de-tuns-gazonul-imow-6-0-stihl\/#primaryimage"},"image":{"@id":"https:\/\/eurotech-iasi.ro\/magazinonline\/produs\/robot-de-tuns-gazonul-imow-6-0-stihl\/#primaryimage"},"thumbnailUrl":"https:\/\/eurotech-iasi.ro\/magazinonline\/wp-content\/uploads\/2025\/06\/Robot-de-tuns-gazonul-iMOW-6.0-STIHL-1.png","datePublished":"2025-06-19T12:32:11+00:00","dateModified":"2026-02-11T09:06:16+00:00","breadcrumb":{"@id":"https:\/\/eurotech-iasi.ro\/magazinonline\/produs\/robot-de-tuns-gazonul-imow-6-0-stihl\/#breadcrumb"},"inLanguage":"ro-RO","potentialAction":[{"@type":"ReadAction","target":["https:\/\/eurotech-iasi.ro\/magazinonline\/produs\/robot-de-tuns-gazonul-imow-6-0-stihl\/"]}]},{"@type":"ImageObject","inLanguage":"ro-RO","@id":"https:\/\/eurotech-iasi.ro\/magazinonline\/produs\/robot-de-tuns-gazonul-imow-6-0-stihl\/#primaryimage","url":"https:\/\/eurotech-iasi.ro\/magazinonline\/wp-content\/uploads\/2025\/06\/Robot-de-tuns-gazonul-iMOW-6.0-STIHL-1.png","contentUrl":"https:\/\/eurotech-iasi.ro\/magazinonline\/wp-content\/uploads\/2025\/06\/Robot-de-tuns-gazonul-iMOW-6.0-STIHL-1.png","width":750,"height":750,"caption":"Robot de tuns gazonul iMOW 6.0 STIHL"},{"@type":"BreadcrumbList","@id":"https:\/\/eurotech-iasi.ro\/magazinonline\/produs\/robot-de-tuns-gazonul-imow-6-0-stihl\/#breadcrumb","itemListElement":[{"@type":"ListItem","position":1,"name":"Prima pagin\u0103","item":"https:\/\/eurotech-iasi.ro\/magazinonline\/"},{"@type":"ListItem","position":2,"name":"Shop","item":"https:\/\/eurotech-iasi.ro\/magazinonline\/shop\/"},{"@type":"ListItem","position":3,"name":"Robot de tuns gazonul iMOW 6.0 STIHL"}]},{"@type":"WebSite","@id":"https:\/\/eurotech-iasi.ro\/magazinonline\/#website","url":"https:\/\/eurotech-iasi.ro\/magazinonline\/","name":"Eurotech Iasi","description":"Cu oameni seriosi","publisher":{"@id":"https:\/\/eurotech-iasi.ro\/magazinonline\/#organization"},"potentialAction":[{"@type":"SearchAction","target":{"@type":"EntryPoint","urlTemplate":"https:\/\/eurotech-iasi.ro\/magazinonline\/?s={search_term_string}"},"query-input":{"@type":"PropertyValueSpecification","valueRequired":true,"valueName":"search_term_string"}}],"inLanguage":"ro-RO"},{"@type":"Organization","@id":"https:\/\/eurotech-iasi.ro\/magazinonline\/#organization","name":"Eurotech Iasi","url":"https:\/\/eurotech-iasi.ro\/magazinonline\/","logo":{"@type":"ImageObject","inLanguage":"ro-RO","@id":"https:\/\/eurotech-iasi.ro\/magazinonline\/#\/schema\/logo\/image\/","url":"https:\/\/eurotech-iasi.ro\/magazinonline\/wp-content\/uploads\/2020\/08\/logo-eurotech.png","contentUrl":"https:\/\/eurotech-iasi.ro\/magazinonline\/wp-content\/uploads\/2020\/08\/logo-eurotech.png","width":290,"height":70,"caption":"Eurotech Iasi"},"image":{"@id":"https:\/\/eurotech-iasi.ro\/magazinonline\/#\/schema\/logo\/image\/"},"sameAs":["https:\/\/www.facebook.com\/EurotechIasi\/"]}]}},"_links":{"self":[{"href":"https:\/\/eurotech-iasi.ro\/magazinonline\/wp-json\/wp\/v2\/product\/111405","targetHints":{"allow":["GET"]}}],"collection":[{"href":"https:\/\/eurotech-iasi.ro\/magazinonline\/wp-json\/wp\/v2\/product"}],"about":[{"href":"https:\/\/eurotech-iasi.ro\/magazinonline\/wp-json\/wp\/v2\/types\/product"}],"replies":[{"embeddable":true,"href":"https:\/\/eurotech-iasi.ro\/magazinonline\/wp-json\/wp\/v2\/comments?post=111405"}],"wp:featuredmedia":[{"embeddable":true,"href":"https:\/\/eurotech-iasi.ro\/magazinonline\/wp-json\/wp\/v2\/media\/111406"}],"wp:attachment":[{"href":"https:\/\/eurotech-iasi.ro\/magazinonline\/wp-json\/wp\/v2\/media?parent=111405"}],"wp:term":[{"taxonomy":"product_cat","embeddable":true,"href":"https:\/\/eurotech-iasi.ro\/magazinonline\/wp-json\/wp\/v2\/product_cat?post=111405"},{"taxonomy":"product_tag","embeddable":true,"href":"https:\/\/eurotech-iasi.ro\/magazinonline\/wp-json\/wp\/v2\/product_tag?post=111405"},{"taxonomy":"woo-feed-brand","embeddable":true,"href":"https:\/\/eurotech-iasi.ro\/magazinonline\/wp-json\/wp\/v2\/woo-feed-brand?post=111405"}],"curies":[{"name":"wp","href":"https:\/\/api.w.org\/{rel}","templated":true}]}}