{"id":111453,"date":"2025-06-23T12:31:06","date_gmt":"2025-06-23T09:31:06","guid":{"rendered":"https:\/\/eurotech-iasi.ro\/magazinonline\/?post_type=product&#038;p=111453"},"modified":"2026-02-11T11:33:46","modified_gmt":"2026-02-11T09:33:46","slug":"masina-de-debitat-stihl-tsa-300-fara-acumulator-si-incarcator-sistem-ap","status":"publish","type":"product","link":"https:\/\/eurotech-iasi.ro\/magazinonline\/produs\/masina-de-debitat-stihl-tsa-300-fara-acumulator-si-incarcator-sistem-ap\/","title":{"rendered":"Masina de debitat STIHL TSA 300 fara acumulator si incarcator &#8211; Sistem AP"},"content":{"rendered":"<h4>Masina de debitat STIHL TSA 300 fara acumulator si incarcator &#8211; Sistem AP este versatila si ideala pentru profesionistii din horticultura si peisagistica, constructii si inginerie civila, precum si pentru serviciile de salvare si pompieri.<\/h4>\n<p>Designul compact poate oferi o adancime maxima de taiere de 110 mm. In gama de accesorii pentru motodebitatoare puteti gasi o varietate de discuri de taiere, cum ar fi discurile de taiere diamantate, pentru a se potrivi diferitelor aplicatii. Atunci cand cumparati discuri de taiere, asigurati-va ca selectati dimensiunea potrivita pentru utilajul dvs. si ca discurile de taiere sunt potrivite pentru materialele pe care doriti sa le taiati.<\/p>\n<p>Motorul EC puternic functioneaza aproape fara uzura, este silentios si se caracterizeaza prin functionare lina si vibratii reduse. In plus, sistemul de control electronic asigura ca TSA 300 functioneaza la performante optime pe intreaga durata de viata a acumulatorului. utilajul este echipat cu filtrul magnetic STIHL care protejeaza motorul de praful si particulele metalice si asigura o durata lunga de viata. Pentru lucrarile frecvente de taiere cu otel, acesta este usor de curatat.<\/p>\n<p>Designul compact, greutatea redusa si designul ergonomic al manerului va asigura ca puteti ghida TSA 300 cu precizie si in siguranta atunci cand taiati. Un alt avantaj este frana de oprire rapida, aceasta franeaza roata de taiere in cateva secunde &#8211; si va puteti continua lucrul aproape imediat.<br \/>\nIn timpul franarii, energia cinetica este transformata in energie electrica si introdusa in baterie. Acest lucru creste durata de viata a acumulatorului. Datorita functionarii sale fara emisii, motodebitatorul TSA 300 poate fi utilizat si in interior. Cu ajutorul racordului de apa standard, impiedica\u0163i ridicarea prafului eficient atat in interior, cat si in exterior.<\/p>\n<p>Toate utilajele cu acumulator din cadrul sistemului STIHL AP au fost concepute pentru utilizarea profesionala obisnuita, chiar si in conditii meteorologice nefavorabile. Din acest motiv, ele sunt certificate ca fiind rezistente la stropire. Eficacitatea acesteia este verificata si prin teste interne exigente. Testul de stropire cu apa este aliniat la standardul IPX4, printre altele. STIHL TSA 300 este, de asemenea, potrivit pentru utilizare in conditii de ploaie.<\/p>\n<p><strong>Detalii tehnice<\/strong><\/p>\n<ul>\n<li>Tensiune nominal\u0103 36 V<\/li>\n<li>Puterea consumat\u0103 3 kW<\/li>\n<li>Putere 2,5 kW 1)<\/li>\n<li>Sistem acumulator AP<\/li>\n<li>Acumulator recomandat AP 500 S<\/li>\n<li>Greutatea dispozitivului f\u0103r\u0103 baterie 6,3 kg 2)<\/li>\n<li>Diametrul discului de t\u0103iere 300 mm<\/li>\n<li>Ad\u00e2ncimea maxim\u0103 de t\u0103iere 110 mm<\/li>\n<li>Grad de protec\u021bie IP IPX4<\/li>\n<li>Timp maxim de func\u021bionare a bateriei AP 200 9 min. 3)<\/li>\n<li>Timp maxim de func\u021bionare a bateriei AP 200 S 9 min. 3)<\/li>\n<li>Timp maxim de func\u021bionare a bateriei AP 300 13 min. 3)<\/li>\n<li>Timp maxim de func\u021bionare a bateriei AP 300 S 16 min. 3)<\/li>\n<li>Timp maxim de func\u021bionare a bateriei AP 500 S 20 min. 3)<\/li>\n<li>Lungimea dispozitivului cu disc de t\u0103iere 74,2 cm<\/li>\n<li>Nivelul presiunii sonore 105 dB(A) 4)<\/li>\n<li>Nivelul puterii sonore 116 dB(A) 5)<\/li>\n<li>Valoarea vibra\u021biilor st\u00e2nga 3 m\/s\u00b2<\/li>\n<li>Valoarea vibra\u021biilor dreapta 2,3 m\/s\u00b2<\/li>\n<\/ul>\n<p><sup>1)<\/sup>Performan\u021ba mecanic\u0103 ca valoare comparativ\u0103 cu echipamentele pe benzin\u0103<\/p>\n<p><sup>2)<\/sup>f\u0103r\u0103 disc de t\u0103iere<\/p>\n<p><sup>3)<\/sup>Timpii de lucru indicati pentru fiecare \u00eenc\u0103rcare a bateriei sunt orientativi \u0219i pot varia \u00een func\u021bie de aplica\u021bie \u0219i de modul de func\u021bionare<\/p>\n<p><sup>4)<\/sup>M\u0103surare conform ISO 19432<\/p>\n<p><sup>5)<\/sup>M\u0103surare cu discuri de t\u0103iere \u00een medie conform EN 60745-2-22<\/p>\n","protected":false},"excerpt":{"rendered":"<h4>Masina de debitat STIHL TSA 300 fara acumulator si incarcator &#8211; Sistem AP este versatila si ideala pentru profesionistii din horticultura si peisagistica, constructii si inginerie civila, precum si pentru serviciile de salvare si pompieri.<\/h4>\n<p><em><strong>Cod produs: TA020116604<\/strong><\/em><\/p>\n<p><a href=\"https:\/\/eurotech-iasi.ro\/magazinonline\/categorie-produs\/sistemul-cu-acumulator-stihl-ap\/\"><img loading=\"lazy\" decoding=\"async\" class=\" wp-image-108570\" src=\"https:\/\/eurotech-iasi.ro\/magazinonline\/wp-content\/uploads\/2019\/03\/11.png\" alt=\"Sistemul cu acumulator STIHL AP\" width=\"254\" height=\"109\" srcset=\"https:\/\/eurotech-iasi.ro\/magazinonline\/wp-content\/uploads\/2019\/03\/11.png 350w, https:\/\/eurotech-iasi.ro\/magazinonline\/wp-content\/uploads\/2019\/03\/11-300x129.png 300w\" sizes=\"auto, (max-width: 254px) 100vw, 254px\" \/><\/a><\/p>\n<p><span style=\"color: #ff0000;\"><em><a href=\"https:\/\/www.stihl.ro\/ro\"><img loading=\"lazy\" decoding=\"async\" class=\" wp-image-108363 alignleft\" src=\"https:\/\/eurotech-iasi.ro\/magazinonline\/wp-content\/uploads\/2019\/03\/150-x-75-stihl.png\" alt=\"\" width=\"70\" height=\"35\" \/><\/a><a href=\"https:\/\/eurotech-iasi.ro\/magazinonline\/?attachment_id=87685\" rel=\"attachment wp-att-87685\"><img loading=\"lazy\" decoding=\"async\" class=\"wp-image-87685 alignleft\" src=\"https:\/\/eurotech-iasi.ro\/magazinonline\/wp-content\/uploads\/2019\/06\/2-1-150x150.png\" alt=\"\" width=\"72\" height=\"72\" srcset=\"https:\/\/eurotech-iasi.ro\/magazinonline\/wp-content\/uploads\/2019\/06\/2-1-150x150.png 150w, https:\/\/eurotech-iasi.ro\/magazinonline\/wp-content\/uploads\/2019\/06\/2-1-100x100.png 100w, https:\/\/eurotech-iasi.ro\/magazinonline\/wp-content\/uploads\/2019\/06\/2-1.png 200w\" sizes=\"auto, (max-width: 72px) 100vw, 72px\" \/><\/a><\/em><\/span><\/p>\n<h5><\/h5>\n<h5><\/h5>\n<h5><\/h5>\n<h5><span style=\"color: #eb782b;\"><em><strong>\u00a0<a href=\"https:\/\/eurotech-iasi.ro\/magazinonline\/termeni-si-conditii\/\">*Garan\u021bie 2 ani<\/a> + 6 luni Extra Garan\u021bie. <\/strong><\/em><\/span><\/h5>\n<h5><span style=\"color: #eb782b;\"><em><strong>\u00cenregistreaz\u0103\u00a0 produsul achizi\u021bionat de la noi, \u00een termen de <\/strong><\/em><\/span><span style=\"color: #003366;\"><em><strong>30 de zile de la cump\u0103rare<\/strong><\/em><\/span><span style=\"color: #eb782b;\"><em><strong>, pe site-ul oficial STIHL la adresa<a href=\"https:\/\/preg.stihl.com\/?lang=RO_ro&amp;country=RO\">\u00a0preg.stihl.com<\/a> \u0219i profit\u0103 de prelungirea gratuit\u0103 a garan\u021biei cu 6 luni !<\/strong><\/em><\/span><\/h5>\n<p>&nbsp;<\/p>\n","protected":false},"featured_media":111454,"comment_status":"open","ping_status":"closed","template":"","meta":{"_acf_changed":false},"product_cat":[9847,10695,14479,14504,14505,4345],"product_tag":[],"woo-feed-brand":[],"class_list":{"0":"post-111453","1":"product","2":"type-product","3":"status-publish","4":"has-post-thumbnail","6":"product_brand-stihl","7":"product_cat-debitare-si-taiere","8":"product_cat-masini-de-taiat-beton-si-asfalt","9":"product_cat-produse-noi-stihl","10":"product_cat-sistemele-cu-acumulator-stihl","11":"product_cat-sistemul-cu-acumulator-stihl-ap","12":"product_cat-utilaje-de-constructii","13":"pa_brand-stihl","14":"pa_diametru-disc-300-mm","15":"pa_putere-consumata-3-kw","16":"pa_tensiune-nominala-36-v","18":"first","19":"instock","20":"shipping-taxable","21":"purchasable","22":"product-type-simple"},"acf":[],"yoast_head":"<!-- This site is optimized with the Yoast SEO plugin v27.3 - https:\/\/yoast.com\/product\/yoast-seo-wordpress\/ -->\n<title>Masina de debitat STIHL TSA 300 fara acumulator si incarcator - Sistem AP - Eurotech Iasi<\/title>\n<meta name=\"robots\" content=\"index, follow, max-snippet:-1, max-image-preview:large, max-video-preview:-1\" \/>\n<link rel=\"canonical\" href=\"https:\/\/eurotech-iasi.ro\/magazinonline\/produs\/masina-de-debitat-stihl-tsa-300-fara-acumulator-si-incarcator-sistem-ap\/\" \/>\n<meta property=\"og:locale\" content=\"ro_RO\" \/>\n<meta property=\"og:type\" content=\"article\" \/>\n<meta property=\"og:title\" content=\"Masina de debitat STIHL TSA 300 fara acumulator si incarcator - Sistem AP - Eurotech Iasi\" \/>\n<meta property=\"og:description\" content=\"Masina de debitat STIHL TSA 300 fara acumulator si incarcator - Sistem AP este versatila si ideala pentru profesionistii din horticultura si peisagistica, constructii si inginerie civila, precum si pentru serviciile de salvare si pompieri. Cod produs: TA020116604        \u00a0*Garan\u021bie 2 ani + 6 luni Extra Garan\u021bie.  \u00cenregistreaz\u0103\u00a0 produsul achizi\u021bionat de la noi, \u00een termen de 30 de zile de la cump\u0103rare, pe site-ul oficial STIHL la adresa\u00a0preg.stihl.com \u0219i profit\u0103 de prelungirea gratuit\u0103 a garan\u021biei cu 6 luni ! &nbsp;\" \/>\n<meta property=\"og:url\" content=\"https:\/\/eurotech-iasi.ro\/magazinonline\/produs\/masina-de-debitat-stihl-tsa-300-fara-acumulator-si-incarcator-sistem-ap\/\" \/>\n<meta property=\"og:site_name\" content=\"Eurotech Iasi\" \/>\n<meta property=\"article:publisher\" content=\"https:\/\/www.facebook.com\/EurotechIasi\/\" \/>\n<meta property=\"article:modified_time\" content=\"2026-02-11T09:33:46+00:00\" \/>\n<meta property=\"og:image\" content=\"https:\/\/eurotech-iasi.ro\/magazinonline\/wp-content\/uploads\/2025\/06\/Masina-de-debitat-STIHL-TSA-300-fara-acumulator-si-incarcator-Sistem-AP-1.png\" \/>\n\t<meta property=\"og:image:width\" content=\"750\" \/>\n\t<meta property=\"og:image:height\" content=\"750\" \/>\n\t<meta property=\"og:image:type\" content=\"image\/png\" \/>\n<meta name=\"twitter:label1\" content=\"Timp estimat pentru citire\" \/>\n\t<meta name=\"twitter:data1\" content=\"3 minute\" \/>\n<script type=\"application\/ld+json\" class=\"yoast-schema-graph\">{\"@context\":\"https:\\\/\\\/schema.org\",\"@graph\":[{\"@type\":\"WebPage\",\"@id\":\"https:\\\/\\\/eurotech-iasi.ro\\\/magazinonline\\\/produs\\\/masina-de-debitat-stihl-tsa-300-fara-acumulator-si-incarcator-sistem-ap\\\/\",\"url\":\"https:\\\/\\\/eurotech-iasi.ro\\\/magazinonline\\\/produs\\\/masina-de-debitat-stihl-tsa-300-fara-acumulator-si-incarcator-sistem-ap\\\/\",\"name\":\"Masina de debitat STIHL TSA 300 fara acumulator si incarcator - Sistem AP - Eurotech Iasi\",\"isPartOf\":{\"@id\":\"https:\\\/\\\/eurotech-iasi.ro\\\/magazinonline\\\/#website\"},\"primaryImageOfPage\":{\"@id\":\"https:\\\/\\\/eurotech-iasi.ro\\\/magazinonline\\\/produs\\\/masina-de-debitat-stihl-tsa-300-fara-acumulator-si-incarcator-sistem-ap\\\/#primaryimage\"},\"image\":{\"@id\":\"https:\\\/\\\/eurotech-iasi.ro\\\/magazinonline\\\/produs\\\/masina-de-debitat-stihl-tsa-300-fara-acumulator-si-incarcator-sistem-ap\\\/#primaryimage\"},\"thumbnailUrl\":\"https:\\\/\\\/eurotech-iasi.ro\\\/magazinonline\\\/wp-content\\\/uploads\\\/2025\\\/06\\\/Masina-de-debitat-STIHL-TSA-300-fara-acumulator-si-incarcator-Sistem-AP-1.png\",\"datePublished\":\"2025-06-23T09:31:06+00:00\",\"dateModified\":\"2026-02-11T09:33:46+00:00\",\"breadcrumb\":{\"@id\":\"https:\\\/\\\/eurotech-iasi.ro\\\/magazinonline\\\/produs\\\/masina-de-debitat-stihl-tsa-300-fara-acumulator-si-incarcator-sistem-ap\\\/#breadcrumb\"},\"inLanguage\":\"ro-RO\",\"potentialAction\":[{\"@type\":\"ReadAction\",\"target\":[\"https:\\\/\\\/eurotech-iasi.ro\\\/magazinonline\\\/produs\\\/masina-de-debitat-stihl-tsa-300-fara-acumulator-si-incarcator-sistem-ap\\\/\"]}]},{\"@type\":\"ImageObject\",\"inLanguage\":\"ro-RO\",\"@id\":\"https:\\\/\\\/eurotech-iasi.ro\\\/magazinonline\\\/produs\\\/masina-de-debitat-stihl-tsa-300-fara-acumulator-si-incarcator-sistem-ap\\\/#primaryimage\",\"url\":\"https:\\\/\\\/eurotech-iasi.ro\\\/magazinonline\\\/wp-content\\\/uploads\\\/2025\\\/06\\\/Masina-de-debitat-STIHL-TSA-300-fara-acumulator-si-incarcator-Sistem-AP-1.png\",\"contentUrl\":\"https:\\\/\\\/eurotech-iasi.ro\\\/magazinonline\\\/wp-content\\\/uploads\\\/2025\\\/06\\\/Masina-de-debitat-STIHL-TSA-300-fara-acumulator-si-incarcator-Sistem-AP-1.png\",\"width\":750,\"height\":750,\"caption\":\"Masina de debitat STIHL TSA 300 fara acumulator si incarcator - Sistem AP\"},{\"@type\":\"BreadcrumbList\",\"@id\":\"https:\\\/\\\/eurotech-iasi.ro\\\/magazinonline\\\/produs\\\/masina-de-debitat-stihl-tsa-300-fara-acumulator-si-incarcator-sistem-ap\\\/#breadcrumb\",\"itemListElement\":[{\"@type\":\"ListItem\",\"position\":1,\"name\":\"Prima pagin\u0103\",\"item\":\"https:\\\/\\\/eurotech-iasi.ro\\\/magazinonline\\\/\"},{\"@type\":\"ListItem\",\"position\":2,\"name\":\"Shop\",\"item\":\"https:\\\/\\\/eurotech-iasi.ro\\\/magazinonline\\\/shop\\\/\"},{\"@type\":\"ListItem\",\"position\":3,\"name\":\"Masina de debitat STIHL TSA 300 fara acumulator si incarcator &#8211; Sistem AP\"}]},{\"@type\":\"WebSite\",\"@id\":\"https:\\\/\\\/eurotech-iasi.ro\\\/magazinonline\\\/#website\",\"url\":\"https:\\\/\\\/eurotech-iasi.ro\\\/magazinonline\\\/\",\"name\":\"Eurotech Iasi\",\"description\":\"Cu oameni seriosi\",\"publisher\":{\"@id\":\"https:\\\/\\\/eurotech-iasi.ro\\\/magazinonline\\\/#organization\"},\"potentialAction\":[{\"@type\":\"SearchAction\",\"target\":{\"@type\":\"EntryPoint\",\"urlTemplate\":\"https:\\\/\\\/eurotech-iasi.ro\\\/magazinonline\\\/?s={search_term_string}\"},\"query-input\":{\"@type\":\"PropertyValueSpecification\",\"valueRequired\":true,\"valueName\":\"search_term_string\"}}],\"inLanguage\":\"ro-RO\"},{\"@type\":\"Organization\",\"@id\":\"https:\\\/\\\/eurotech-iasi.ro\\\/magazinonline\\\/#organization\",\"name\":\"Eurotech Iasi\",\"url\":\"https:\\\/\\\/eurotech-iasi.ro\\\/magazinonline\\\/\",\"logo\":{\"@type\":\"ImageObject\",\"inLanguage\":\"ro-RO\",\"@id\":\"https:\\\/\\\/eurotech-iasi.ro\\\/magazinonline\\\/#\\\/schema\\\/logo\\\/image\\\/\",\"url\":\"https:\\\/\\\/eurotech-iasi.ro\\\/magazinonline\\\/wp-content\\\/uploads\\\/2020\\\/08\\\/logo-eurotech.png\",\"contentUrl\":\"https:\\\/\\\/eurotech-iasi.ro\\\/magazinonline\\\/wp-content\\\/uploads\\\/2020\\\/08\\\/logo-eurotech.png\",\"width\":290,\"height\":70,\"caption\":\"Eurotech Iasi\"},\"image\":{\"@id\":\"https:\\\/\\\/eurotech-iasi.ro\\\/magazinonline\\\/#\\\/schema\\\/logo\\\/image\\\/\"},\"sameAs\":[\"https:\\\/\\\/www.facebook.com\\\/EurotechIasi\\\/\"]}]}<\/script>\n<!-- \/ Yoast SEO plugin. -->","yoast_head_json":{"title":"Masina de debitat STIHL TSA 300 fara acumulator si incarcator - Sistem AP - Eurotech Iasi","robots":{"index":"index","follow":"follow","max-snippet":"max-snippet:-1","max-image-preview":"max-image-preview:large","max-video-preview":"max-video-preview:-1"},"canonical":"https:\/\/eurotech-iasi.ro\/magazinonline\/produs\/masina-de-debitat-stihl-tsa-300-fara-acumulator-si-incarcator-sistem-ap\/","og_locale":"ro_RO","og_type":"article","og_title":"Masina de debitat STIHL TSA 300 fara acumulator si incarcator - Sistem AP - Eurotech Iasi","og_description":"Masina de debitat STIHL TSA 300 fara acumulator si incarcator - Sistem AP este versatila si ideala pentru profesionistii din horticultura si peisagistica, constructii si inginerie civila, precum si pentru serviciile de salvare si pompieri. Cod produs: TA020116604        \u00a0*Garan\u021bie 2 ani + 6 luni Extra Garan\u021bie.  \u00cenregistreaz\u0103\u00a0 produsul achizi\u021bionat de la noi, \u00een termen de 30 de zile de la cump\u0103rare, pe site-ul oficial STIHL la adresa\u00a0preg.stihl.com \u0219i profit\u0103 de prelungirea gratuit\u0103 a garan\u021biei cu 6 luni ! &nbsp;","og_url":"https:\/\/eurotech-iasi.ro\/magazinonline\/produs\/masina-de-debitat-stihl-tsa-300-fara-acumulator-si-incarcator-sistem-ap\/","og_site_name":"Eurotech Iasi","article_publisher":"https:\/\/www.facebook.com\/EurotechIasi\/","article_modified_time":"2026-02-11T09:33:46+00:00","og_image":[{"width":750,"height":750,"url":"https:\/\/eurotech-iasi.ro\/magazinonline\/wp-content\/uploads\/2025\/06\/Masina-de-debitat-STIHL-TSA-300-fara-acumulator-si-incarcator-Sistem-AP-1.png","type":"image\/png"}],"twitter_misc":{"Timp estimat pentru citire":"3 minute"},"schema":{"@context":"https:\/\/schema.org","@graph":[{"@type":"WebPage","@id":"https:\/\/eurotech-iasi.ro\/magazinonline\/produs\/masina-de-debitat-stihl-tsa-300-fara-acumulator-si-incarcator-sistem-ap\/","url":"https:\/\/eurotech-iasi.ro\/magazinonline\/produs\/masina-de-debitat-stihl-tsa-300-fara-acumulator-si-incarcator-sistem-ap\/","name":"Masina de debitat STIHL TSA 300 fara acumulator si incarcator - Sistem AP - Eurotech Iasi","isPartOf":{"@id":"https:\/\/eurotech-iasi.ro\/magazinonline\/#website"},"primaryImageOfPage":{"@id":"https:\/\/eurotech-iasi.ro\/magazinonline\/produs\/masina-de-debitat-stihl-tsa-300-fara-acumulator-si-incarcator-sistem-ap\/#primaryimage"},"image":{"@id":"https:\/\/eurotech-iasi.ro\/magazinonline\/produs\/masina-de-debitat-stihl-tsa-300-fara-acumulator-si-incarcator-sistem-ap\/#primaryimage"},"thumbnailUrl":"https:\/\/eurotech-iasi.ro\/magazinonline\/wp-content\/uploads\/2025\/06\/Masina-de-debitat-STIHL-TSA-300-fara-acumulator-si-incarcator-Sistem-AP-1.png","datePublished":"2025-06-23T09:31:06+00:00","dateModified":"2026-02-11T09:33:46+00:00","breadcrumb":{"@id":"https:\/\/eurotech-iasi.ro\/magazinonline\/produs\/masina-de-debitat-stihl-tsa-300-fara-acumulator-si-incarcator-sistem-ap\/#breadcrumb"},"inLanguage":"ro-RO","potentialAction":[{"@type":"ReadAction","target":["https:\/\/eurotech-iasi.ro\/magazinonline\/produs\/masina-de-debitat-stihl-tsa-300-fara-acumulator-si-incarcator-sistem-ap\/"]}]},{"@type":"ImageObject","inLanguage":"ro-RO","@id":"https:\/\/eurotech-iasi.ro\/magazinonline\/produs\/masina-de-debitat-stihl-tsa-300-fara-acumulator-si-incarcator-sistem-ap\/#primaryimage","url":"https:\/\/eurotech-iasi.ro\/magazinonline\/wp-content\/uploads\/2025\/06\/Masina-de-debitat-STIHL-TSA-300-fara-acumulator-si-incarcator-Sistem-AP-1.png","contentUrl":"https:\/\/eurotech-iasi.ro\/magazinonline\/wp-content\/uploads\/2025\/06\/Masina-de-debitat-STIHL-TSA-300-fara-acumulator-si-incarcator-Sistem-AP-1.png","width":750,"height":750,"caption":"Masina de debitat STIHL TSA 300 fara acumulator si incarcator - Sistem AP"},{"@type":"BreadcrumbList","@id":"https:\/\/eurotech-iasi.ro\/magazinonline\/produs\/masina-de-debitat-stihl-tsa-300-fara-acumulator-si-incarcator-sistem-ap\/#breadcrumb","itemListElement":[{"@type":"ListItem","position":1,"name":"Prima pagin\u0103","item":"https:\/\/eurotech-iasi.ro\/magazinonline\/"},{"@type":"ListItem","position":2,"name":"Shop","item":"https:\/\/eurotech-iasi.ro\/magazinonline\/shop\/"},{"@type":"ListItem","position":3,"name":"Masina de debitat STIHL TSA 300 fara acumulator si incarcator &#8211; Sistem AP"}]},{"@type":"WebSite","@id":"https:\/\/eurotech-iasi.ro\/magazinonline\/#website","url":"https:\/\/eurotech-iasi.ro\/magazinonline\/","name":"Eurotech Iasi","description":"Cu oameni seriosi","publisher":{"@id":"https:\/\/eurotech-iasi.ro\/magazinonline\/#organization"},"potentialAction":[{"@type":"SearchAction","target":{"@type":"EntryPoint","urlTemplate":"https:\/\/eurotech-iasi.ro\/magazinonline\/?s={search_term_string}"},"query-input":{"@type":"PropertyValueSpecification","valueRequired":true,"valueName":"search_term_string"}}],"inLanguage":"ro-RO"},{"@type":"Organization","@id":"https:\/\/eurotech-iasi.ro\/magazinonline\/#organization","name":"Eurotech Iasi","url":"https:\/\/eurotech-iasi.ro\/magazinonline\/","logo":{"@type":"ImageObject","inLanguage":"ro-RO","@id":"https:\/\/eurotech-iasi.ro\/magazinonline\/#\/schema\/logo\/image\/","url":"https:\/\/eurotech-iasi.ro\/magazinonline\/wp-content\/uploads\/2020\/08\/logo-eurotech.png","contentUrl":"https:\/\/eurotech-iasi.ro\/magazinonline\/wp-content\/uploads\/2020\/08\/logo-eurotech.png","width":290,"height":70,"caption":"Eurotech Iasi"},"image":{"@id":"https:\/\/eurotech-iasi.ro\/magazinonline\/#\/schema\/logo\/image\/"},"sameAs":["https:\/\/www.facebook.com\/EurotechIasi\/"]}]}},"_links":{"self":[{"href":"https:\/\/eurotech-iasi.ro\/magazinonline\/wp-json\/wp\/v2\/product\/111453","targetHints":{"allow":["GET"]}}],"collection":[{"href":"https:\/\/eurotech-iasi.ro\/magazinonline\/wp-json\/wp\/v2\/product"}],"about":[{"href":"https:\/\/eurotech-iasi.ro\/magazinonline\/wp-json\/wp\/v2\/types\/product"}],"replies":[{"embeddable":true,"href":"https:\/\/eurotech-iasi.ro\/magazinonline\/wp-json\/wp\/v2\/comments?post=111453"}],"wp:featuredmedia":[{"embeddable":true,"href":"https:\/\/eurotech-iasi.ro\/magazinonline\/wp-json\/wp\/v2\/media\/111454"}],"wp:attachment":[{"href":"https:\/\/eurotech-iasi.ro\/magazinonline\/wp-json\/wp\/v2\/media?parent=111453"}],"wp:term":[{"taxonomy":"product_cat","embeddable":true,"href":"https:\/\/eurotech-iasi.ro\/magazinonline\/wp-json\/wp\/v2\/product_cat?post=111453"},{"taxonomy":"product_tag","embeddable":true,"href":"https:\/\/eurotech-iasi.ro\/magazinonline\/wp-json\/wp\/v2\/product_tag?post=111453"},{"taxonomy":"woo-feed-brand","embeddable":true,"href":"https:\/\/eurotech-iasi.ro\/magazinonline\/wp-json\/wp\/v2\/woo-feed-brand?post=111453"}],"curies":[{"name":"wp","href":"https:\/\/api.w.org\/{rel}","templated":true}]}}