{"id":111461,"date":"2025-06-23T16:43:46","date_gmt":"2025-06-23T13:43:46","guid":{"rendered":"https:\/\/eurotech-iasi.ro\/magazinonline\/?post_type=product&#038;p=111461"},"modified":"2026-03-09T12:24:54","modified_gmt":"2026-03-09T10:24:54","slug":"motocosa-stihl-fsa-50-fara-acumulator-si-incarcator","status":"publish","type":"product","link":"https:\/\/eurotech-iasi.ro\/magazinonline\/produs\/motocosa-stihl-fsa-50-fara-acumulator-si-incarcator\/","title":{"rendered":"Motocosa STIHL FSA 50 fara acumulator si incarcator"},"content":{"rendered":"<h4>Motocosa STIHL FSA 50 fara acumulator si incarcator ideala pentru intretinerea peluzelor mici si a marginilor de gazon. Conceputa pentru intretinerea gradinilor, masina de tuns iarba cu baterie FSA 50 impresioneaza prin punctele sale forte: performanta excelenta de taiere, greutate redusa si optiuni de reglare reglabile.<\/h4>\n<p>\u2705 Masina de tuns iarba usoara, fara fir, pentru uz privat<br \/>\n\u2705 Ergonomic, silentios si puternic<br \/>\n\u2705 Ideal pentru ingrijirea gazonului din jurul casei<\/p>\n<p><em><strong>Masina de tuns iarba fara fir STIHL FSA 50 \u2013 silentioasa, usoara si puternica<\/strong><\/em><br \/>\nDaca sunteti in cautarea unei masini de tuns iarba care sa fie nu doar fiabila, ci si deosebit de confortabila de utilizat, atunci Masina de tuns iarba fara fir STIHL FSA 50 o alegere excelenta. Acesta apartine Sistem STIHL AK si impresioneaza prin performanta puternica, greutate redusa si multe detalii ingenioase pentru gradinaritul din jurul casei.<\/p>\n<p><strong>Ideal pentru tunderea, curatarea si tunderea marginilor gazonului<\/strong> \u2013 motocoasa fara fir STIHL FSA 50<br \/>\nIndiferent daca lucrati pe peluze mai mici, tundeti in jurul copacilor si arbustilor sau Daca doriti sa taiati marginile gazonului \u2013 STIHL FSA 50 face totul fara efort. Motorul electric silentios functioneaza atat de lin incat puteti utiliza dispozitivul chiar si in zone sensibile la zgomot &#8211; de exemplu, in zone rezidentiale sau dimineata devreme.<\/p>\n<p>In plus, controlul inteligent al motorului asigura ca performanta ramane constanta chiar si atunci cand nivelul bateriei scade. So te poti baza pe rezultate consistente \u2013 in sine pentru misiuni mai lungi.<\/p>\n<p><strong>Ergonomica si flexibil reglabila \u2013 motocoasa fara fir STIHL FSA 50<\/strong><br \/>\nPentru a va asigura ca puteti lucra deosebit de confortabil, Masina de tuns iarba fara fir STIHL FSA 50 se pune un mare accent pe ergonomie. ambii tija telescopica de asemenea Manerul poate fi reglat fara unelte. In plus, capul de cosit poate fi inclinat in trei etape, prin care esti si mai flexibil in diferite situatii de munca.<\/p>\n<p>Pe langa asta Puteti transforma masina de tuns iarba clasica intr-o masina de tuns iarba in doar cativa pasi \u2013 fara a fi nevoie de unelte. Prin asta Esti perfect echipat pentru toate sarcinile tipice de gradinarit.<\/p>\n<p><strong>Cap de cosit eficient cu reglare automata a firului<\/strong><br \/>\nFoloseste Cap de cosit AutoCut C 3-2, care ajusteaza automat firul imediat ce il atingeti scurt pe sol. Spre deosebire de multe alte dispozitive poti reumple usor firul din exterior \u2013 si intr-adevar fara a deschide carcasa. Pentru sarcini mai complexe, puteti utiliza alternativ PolyCut 3-2 cu lame robuste din plastic.<\/p>\n<p><strong>Viteza variabila si depozitare care economiseste spatiu<\/strong><br \/>\nIn functie de aplicatie, viteza poate fi reglata continuu. Astfel Reduci consumul de energie si poti prelungi semnificativ durata de viata a bateriei. Dupa lucru, puteti pur si simplu agata motocoasa pe perete datorita buclei de agatare integrate \u2013 so totul ramane ordonat si la indemana.<\/p>\n<p><strong>Specifica\u021bii tehnice:<\/strong><\/p>\n<ul>\n<li>Tensiune nominal\u0103 36 V<\/li>\n<li>Consum de energie 0,43 kW<\/li>\n<li>Putere 0,3 kW 1)<\/li>\n<li>Seria Litiu-Ion AK<\/li>\n<li>Baterie recomandat\u0103 AK 10<\/li>\n<li>Greutatea dispozitivului f\u0103r\u0103 baterie 2,9 kg 2)<\/li>\n<li>Diametrul cercului de t\u0103iere 280 mm<\/li>\n<li>Durata maxim\u0103 a bateriei AK 10 cu cap de tuns cu fir 25 min 3)<\/li>\n<li>Durata maxim\u0103 a bateriei AK 10 cu lam\u0103 din plastic 50 min 3)<\/li>\n<li>Durata maxim\u0103 a bateriei AK 20 cu cap de tuns cu fir 50 min 3)<\/li>\n<li>Durata maxim\u0103 a bateriei AK 20 cu lam\u0103 din plastic 100 min 3)<\/li>\n<li>Durata maxim\u0103 a bateriei AK 30 cu cap de tuns cu fir 60 min 3)<\/li>\n<li>Durata maxim\u0103 a bateriei AK 30 cu lam\u0103 din plastic 120 min 3)<\/li>\n<li>Max. per \u00eenc\u0103rcare a bateriei AK 10 125 m\u00b2 4)<\/li>\n<li>Max. Suprafa\u021b\u0103 maxim\u0103 per \u00eenc\u0103rcare baterie AK 20 250 m\u00b2 4)<\/li>\n<li>Suprafa\u021b\u0103 maxim\u0103 per \u00eenc\u0103rcare baterie AK 30 300 m\u00b2 4)<\/li>\n<li>Suprafa\u021b\u0103 maxim\u0103 per \u00eenc\u0103rcare baterie AK 30 S 300 m\u00b2 4)<\/li>\n<li>Margini maxime ale gazonului per \u00eenc\u0103rcare baterie AK 10 625 m 4)<\/li>\n<li>Margini maxime ale gazonului per \u00eenc\u0103rcare baterie AK 20 1250 m 4)<\/li>\n<li>Margini maxime ale gazonului per \u00eenc\u0103rcare baterie AK 30 1500 m 4)<\/li>\n<li>Suprafa\u021b\u0103 maxim\u0103 Tundere margini de gazon per \u00eenc\u0103rcare baterie AK 30 S 1500 m 4)<\/li>\n<li>Lungimea dispozitivului f\u0103r\u0103 unealta de t\u0103iere 148 cm<\/li>\n<li>Nivel presiune acustic\u0103 69 dB(A) 5)<\/li>\n<li>Nivel putere acustic\u0103 82 dB(A) 5)<\/li>\n<li>Valoare vibra\u021bii \u00een st\u00e2nga \u00een modul de utilizare pentru dreptaci 1,6 m\/s\u00b2 6)<\/li>\n<li>Valoare vibra\u021bii \u00een dreapta \u00een modul de utilizare pentru dreptaci 0,9 m\/s\u00b2 6)<\/li>\n<\/ul>\n<p>1) Performan\u021b\u0103 mecanic\u0103 ca valoare comparativ\u0103 cu cea a echipamentelor pe benzin\u0103<\/p>\n<p>2) f\u0103r\u0103 unealta de t\u0103iere \u0219i protec\u021bie<\/p>\n<p>3) Timpii de func\u021bionare indica\u021bi per \u00eenc\u0103rcare baterie sunt orientativi \u0219i pot varia \u00een func\u021bie de aplica\u021bie \u0219i de modul de func\u021bionare<\/p>\n<p>4) Zona de ie\u0219ire indicat\u0103 per \u00eenc\u0103rcare baterie poate varia \u00een func\u021bie de aplica\u021bie \u0219i de modul de func\u021bionare<\/p>\n<p>5) Valoare K conform Directivei 2006\/42\/CE = 2,0 dB(A) 6) Valoare K conform Directivei 2006\/42\/CE = 2 m\/s\u00b2<\/p>\n","protected":false},"excerpt":{"rendered":"<h4>Motocosa STIHL FSA 50 fara acumulator si incarcator ideala pentru intretinerea peluzelor mici si a marginilor de gazon. Conceputa pentru intretinerea gradinilor, masina de tuns iarba cu baterie FSA 50 impresioneaza prin punctele sale forte: performanta excelenta de taiere, greutate redusa si optiuni de reglare reglabile.<\/h4>\n<p><em><strong>Cod produs: FA110115703<\/strong><\/em><\/p>\n<p><a href=\"https:\/\/eurotech-iasi.ro\/magazinonline\/categorie-produs\/sistemul-cu-acumulator-stihl-ak\/\"><img loading=\"lazy\" decoding=\"async\" class=\"size-full wp-image-108556 alignleft\" src=\"https:\/\/eurotech-iasi.ro\/magazinonline\/wp-content\/uploads\/2025\/02\/21.png\" alt=\"\" width=\"350\" height=\"150\" srcset=\"https:\/\/eurotech-iasi.ro\/magazinonline\/wp-content\/uploads\/2025\/02\/21.png 350w, https:\/\/eurotech-iasi.ro\/magazinonline\/wp-content\/uploads\/2025\/02\/21-300x129.png 300w\" sizes=\"auto, (max-width: 350px) 100vw, 350px\" \/><\/a><\/p>\n<h3><\/h3>\n<h3><\/h3>\n<h3><\/h3>\n<h3><\/h3>\n<p><span style=\"color: #ff0000;\"><em><a href=\"https:\/\/www.stihl.ro\/ro\"><img loading=\"lazy\" decoding=\"async\" class=\" wp-image-108363 alignleft\" src=\"https:\/\/eurotech-iasi.ro\/magazinonline\/wp-content\/uploads\/2019\/03\/150-x-75-stihl.png\" alt=\"\" width=\"70\" height=\"35\" \/><\/a><a href=\"https:\/\/eurotech-iasi.ro\/magazinonline\/?attachment_id=87685\" rel=\"attachment wp-att-87685\"><img loading=\"lazy\" decoding=\"async\" class=\"wp-image-87685 alignleft\" src=\"https:\/\/eurotech-iasi.ro\/magazinonline\/wp-content\/uploads\/2019\/06\/2-1-150x150.png\" alt=\"\" width=\"72\" height=\"72\" srcset=\"https:\/\/eurotech-iasi.ro\/magazinonline\/wp-content\/uploads\/2019\/06\/2-1-150x150.png 150w, https:\/\/eurotech-iasi.ro\/magazinonline\/wp-content\/uploads\/2019\/06\/2-1-100x100.png 100w, https:\/\/eurotech-iasi.ro\/magazinonline\/wp-content\/uploads\/2019\/06\/2-1.png 200w\" sizes=\"auto, (max-width: 72px) 100vw, 72px\" \/><\/a><\/em><\/span><\/p>\n<h5><\/h5>\n<h5><\/h5>\n<h5><\/h5>\n<h5><span style=\"color: #eb782b;\"><em><strong>\u00a0<a href=\"https:\/\/eurotech-iasi.ro\/magazinonline\/termeni-si-conditii\/\">*Garan\u021bie 2 ani<\/a> + 6 luni Extra Garan\u021bie. <\/strong><\/em><\/span><\/h5>\n<h5><span style=\"color: #eb782b;\"><em><strong>\u00cenregistreaz\u0103\u00a0 produsul achizi\u021bionat de la noi, \u00een termen de <\/strong><\/em><\/span><span style=\"color: #003366;\"><em><strong>30 de zile de la cump\u0103rare<\/strong><\/em><\/span><span style=\"color: #eb782b;\"><em><strong>, pe site-ul oficial STIHL la adresa<a href=\"https:\/\/preg.stihl.com\/?lang=RO_ro&amp;country=RO\">\u00a0preg.stihl.com<\/a> \u0219i profit\u0103 de prelungirea gratuit\u0103 a garan\u021biei cu 6 luni.<\/strong><\/em><\/span><\/h5>\n","protected":false},"featured_media":111467,"comment_status":"open","ping_status":"closed","template":"","meta":{"_acf_changed":false},"product_cat":[6413,4337,4366,14479,6412,14504,14506],"product_tag":[],"woo-feed-brand":[],"class_list":{"0":"post-111461","1":"product","2":"type-product","3":"status-publish","4":"has-post-thumbnail","6":"product_brand-stihl","7":"product_cat-extra-reduceri","8":"product_cat-gradinarit-agricultura","9":"product_cat-motocoase","10":"product_cat-produse-noi-stihl","11":"product_cat-promotie-stihl","12":"product_cat-sistemele-cu-acumulator-stihl","13":"product_cat-sistemul-cu-acumulator-stihl-ak","14":"pa_brand-stihl","15":"pa_greutate-2-95-kg","16":"pa_tensiune-nominala-36-v","18":"first","19":"instock","20":"sale","21":"shipping-taxable","22":"purchasable","23":"product-type-simple"},"acf":[],"yoast_head":"<!-- This site is optimized with the Yoast SEO plugin v27.3 - https:\/\/yoast.com\/product\/yoast-seo-wordpress\/ -->\n<title>Motocosa STIHL FSA 50 fara acumulator si incarcator - Eurotech Iasi<\/title>\n<meta name=\"description\" content=\"Motocosa STIHL FSA 50 fara acumulator si incarcator ideala pentru intretinerea peluzelor mici si a marginilor de gazon cu performanta excelenta de taiere.\" \/>\n<meta name=\"robots\" content=\"index, follow, max-snippet:-1, max-image-preview:large, max-video-preview:-1\" \/>\n<link rel=\"canonical\" href=\"https:\/\/eurotech-iasi.ro\/magazinonline\/produs\/motocosa-stihl-fsa-50-fara-acumulator-si-incarcator\/\" \/>\n<meta property=\"og:locale\" content=\"ro_RO\" \/>\n<meta property=\"og:type\" content=\"article\" \/>\n<meta property=\"og:title\" content=\"Motocosa STIHL FSA 50 fara acumulator si incarcator - Eurotech Iasi\" \/>\n<meta property=\"og:description\" content=\"Motocosa STIHL FSA 50 fara acumulator si incarcator ideala pentru intretinerea peluzelor mici si a marginilor de gazon cu performanta excelenta de taiere.\" \/>\n<meta property=\"og:url\" content=\"https:\/\/eurotech-iasi.ro\/magazinonline\/produs\/motocosa-stihl-fsa-50-fara-acumulator-si-incarcator\/\" \/>\n<meta property=\"og:site_name\" content=\"Eurotech Iasi\" \/>\n<meta property=\"article:publisher\" content=\"https:\/\/www.facebook.com\/EurotechIasi\/\" \/>\n<meta property=\"article:modified_time\" content=\"2026-03-09T10:24:54+00:00\" \/>\n<meta property=\"og:image\" content=\"https:\/\/eurotech-iasi.ro\/magazinonline\/wp-content\/uploads\/2025\/06\/Motocosa-STIHL-FSA-50-fara-acumulator-si-incarcator-1.png\" \/>\n\t<meta property=\"og:image:width\" content=\"750\" \/>\n\t<meta property=\"og:image:height\" content=\"750\" \/>\n\t<meta property=\"og:image:type\" content=\"image\/png\" \/>\n<meta name=\"twitter:label1\" content=\"Timp estimat pentru citire\" \/>\n\t<meta name=\"twitter:data1\" content=\"5 minute\" \/>\n<script type=\"application\/ld+json\" class=\"yoast-schema-graph\">{\"@context\":\"https:\\\/\\\/schema.org\",\"@graph\":[{\"@type\":\"WebPage\",\"@id\":\"https:\\\/\\\/eurotech-iasi.ro\\\/magazinonline\\\/produs\\\/motocosa-stihl-fsa-50-fara-acumulator-si-incarcator\\\/\",\"url\":\"https:\\\/\\\/eurotech-iasi.ro\\\/magazinonline\\\/produs\\\/motocosa-stihl-fsa-50-fara-acumulator-si-incarcator\\\/\",\"name\":\"Motocosa STIHL FSA 50 fara acumulator si incarcator - Eurotech Iasi\",\"isPartOf\":{\"@id\":\"https:\\\/\\\/eurotech-iasi.ro\\\/magazinonline\\\/#website\"},\"primaryImageOfPage\":{\"@id\":\"https:\\\/\\\/eurotech-iasi.ro\\\/magazinonline\\\/produs\\\/motocosa-stihl-fsa-50-fara-acumulator-si-incarcator\\\/#primaryimage\"},\"image\":{\"@id\":\"https:\\\/\\\/eurotech-iasi.ro\\\/magazinonline\\\/produs\\\/motocosa-stihl-fsa-50-fara-acumulator-si-incarcator\\\/#primaryimage\"},\"thumbnailUrl\":\"https:\\\/\\\/eurotech-iasi.ro\\\/magazinonline\\\/wp-content\\\/uploads\\\/2025\\\/06\\\/Motocosa-STIHL-FSA-50-fara-acumulator-si-incarcator-1.png\",\"datePublished\":\"2025-06-23T13:43:46+00:00\",\"dateModified\":\"2026-03-09T10:24:54+00:00\",\"description\":\"Motocosa STIHL FSA 50 fara acumulator si incarcator ideala pentru intretinerea peluzelor mici si a marginilor de gazon cu performanta excelenta de taiere.\",\"breadcrumb\":{\"@id\":\"https:\\\/\\\/eurotech-iasi.ro\\\/magazinonline\\\/produs\\\/motocosa-stihl-fsa-50-fara-acumulator-si-incarcator\\\/#breadcrumb\"},\"inLanguage\":\"ro-RO\",\"potentialAction\":[{\"@type\":\"ReadAction\",\"target\":[\"https:\\\/\\\/eurotech-iasi.ro\\\/magazinonline\\\/produs\\\/motocosa-stihl-fsa-50-fara-acumulator-si-incarcator\\\/\"]}]},{\"@type\":\"ImageObject\",\"inLanguage\":\"ro-RO\",\"@id\":\"https:\\\/\\\/eurotech-iasi.ro\\\/magazinonline\\\/produs\\\/motocosa-stihl-fsa-50-fara-acumulator-si-incarcator\\\/#primaryimage\",\"url\":\"https:\\\/\\\/eurotech-iasi.ro\\\/magazinonline\\\/wp-content\\\/uploads\\\/2025\\\/06\\\/Motocosa-STIHL-FSA-50-fara-acumulator-si-incarcator-1.png\",\"contentUrl\":\"https:\\\/\\\/eurotech-iasi.ro\\\/magazinonline\\\/wp-content\\\/uploads\\\/2025\\\/06\\\/Motocosa-STIHL-FSA-50-fara-acumulator-si-incarcator-1.png\",\"width\":750,\"height\":750,\"caption\":\"Motocosa STIHL FSA 50 set cu acumulator si incarcator inclus\"},{\"@type\":\"BreadcrumbList\",\"@id\":\"https:\\\/\\\/eurotech-iasi.ro\\\/magazinonline\\\/produs\\\/motocosa-stihl-fsa-50-fara-acumulator-si-incarcator\\\/#breadcrumb\",\"itemListElement\":[{\"@type\":\"ListItem\",\"position\":1,\"name\":\"Prima pagin\u0103\",\"item\":\"https:\\\/\\\/eurotech-iasi.ro\\\/magazinonline\\\/\"},{\"@type\":\"ListItem\",\"position\":2,\"name\":\"Shop\",\"item\":\"https:\\\/\\\/eurotech-iasi.ro\\\/magazinonline\\\/shop\\\/\"},{\"@type\":\"ListItem\",\"position\":3,\"name\":\"Motocosa STIHL FSA 50 fara acumulator si incarcator\"}]},{\"@type\":\"WebSite\",\"@id\":\"https:\\\/\\\/eurotech-iasi.ro\\\/magazinonline\\\/#website\",\"url\":\"https:\\\/\\\/eurotech-iasi.ro\\\/magazinonline\\\/\",\"name\":\"Eurotech Iasi\",\"description\":\"Cu oameni seriosi\",\"publisher\":{\"@id\":\"https:\\\/\\\/eurotech-iasi.ro\\\/magazinonline\\\/#organization\"},\"potentialAction\":[{\"@type\":\"SearchAction\",\"target\":{\"@type\":\"EntryPoint\",\"urlTemplate\":\"https:\\\/\\\/eurotech-iasi.ro\\\/magazinonline\\\/?s={search_term_string}\"},\"query-input\":{\"@type\":\"PropertyValueSpecification\",\"valueRequired\":true,\"valueName\":\"search_term_string\"}}],\"inLanguage\":\"ro-RO\"},{\"@type\":\"Organization\",\"@id\":\"https:\\\/\\\/eurotech-iasi.ro\\\/magazinonline\\\/#organization\",\"name\":\"Eurotech Iasi\",\"url\":\"https:\\\/\\\/eurotech-iasi.ro\\\/magazinonline\\\/\",\"logo\":{\"@type\":\"ImageObject\",\"inLanguage\":\"ro-RO\",\"@id\":\"https:\\\/\\\/eurotech-iasi.ro\\\/magazinonline\\\/#\\\/schema\\\/logo\\\/image\\\/\",\"url\":\"https:\\\/\\\/eurotech-iasi.ro\\\/magazinonline\\\/wp-content\\\/uploads\\\/2020\\\/08\\\/logo-eurotech.png\",\"contentUrl\":\"https:\\\/\\\/eurotech-iasi.ro\\\/magazinonline\\\/wp-content\\\/uploads\\\/2020\\\/08\\\/logo-eurotech.png\",\"width\":290,\"height\":70,\"caption\":\"Eurotech Iasi\"},\"image\":{\"@id\":\"https:\\\/\\\/eurotech-iasi.ro\\\/magazinonline\\\/#\\\/schema\\\/logo\\\/image\\\/\"},\"sameAs\":[\"https:\\\/\\\/www.facebook.com\\\/EurotechIasi\\\/\"]}]}<\/script>\n<!-- \/ Yoast SEO plugin. -->","yoast_head_json":{"title":"Motocosa STIHL FSA 50 fara acumulator si incarcator - Eurotech Iasi","description":"Motocosa STIHL FSA 50 fara acumulator si incarcator ideala pentru intretinerea peluzelor mici si a marginilor de gazon cu performanta excelenta de taiere.","robots":{"index":"index","follow":"follow","max-snippet":"max-snippet:-1","max-image-preview":"max-image-preview:large","max-video-preview":"max-video-preview:-1"},"canonical":"https:\/\/eurotech-iasi.ro\/magazinonline\/produs\/motocosa-stihl-fsa-50-fara-acumulator-si-incarcator\/","og_locale":"ro_RO","og_type":"article","og_title":"Motocosa STIHL FSA 50 fara acumulator si incarcator - Eurotech Iasi","og_description":"Motocosa STIHL FSA 50 fara acumulator si incarcator ideala pentru intretinerea peluzelor mici si a marginilor de gazon cu performanta excelenta de taiere.","og_url":"https:\/\/eurotech-iasi.ro\/magazinonline\/produs\/motocosa-stihl-fsa-50-fara-acumulator-si-incarcator\/","og_site_name":"Eurotech Iasi","article_publisher":"https:\/\/www.facebook.com\/EurotechIasi\/","article_modified_time":"2026-03-09T10:24:54+00:00","og_image":[{"width":750,"height":750,"url":"https:\/\/eurotech-iasi.ro\/magazinonline\/wp-content\/uploads\/2025\/06\/Motocosa-STIHL-FSA-50-fara-acumulator-si-incarcator-1.png","type":"image\/png"}],"twitter_misc":{"Timp estimat pentru citire":"5 minute"},"schema":{"@context":"https:\/\/schema.org","@graph":[{"@type":"WebPage","@id":"https:\/\/eurotech-iasi.ro\/magazinonline\/produs\/motocosa-stihl-fsa-50-fara-acumulator-si-incarcator\/","url":"https:\/\/eurotech-iasi.ro\/magazinonline\/produs\/motocosa-stihl-fsa-50-fara-acumulator-si-incarcator\/","name":"Motocosa STIHL FSA 50 fara acumulator si incarcator - Eurotech Iasi","isPartOf":{"@id":"https:\/\/eurotech-iasi.ro\/magazinonline\/#website"},"primaryImageOfPage":{"@id":"https:\/\/eurotech-iasi.ro\/magazinonline\/produs\/motocosa-stihl-fsa-50-fara-acumulator-si-incarcator\/#primaryimage"},"image":{"@id":"https:\/\/eurotech-iasi.ro\/magazinonline\/produs\/motocosa-stihl-fsa-50-fara-acumulator-si-incarcator\/#primaryimage"},"thumbnailUrl":"https:\/\/eurotech-iasi.ro\/magazinonline\/wp-content\/uploads\/2025\/06\/Motocosa-STIHL-FSA-50-fara-acumulator-si-incarcator-1.png","datePublished":"2025-06-23T13:43:46+00:00","dateModified":"2026-03-09T10:24:54+00:00","description":"Motocosa STIHL FSA 50 fara acumulator si incarcator ideala pentru intretinerea peluzelor mici si a marginilor de gazon cu performanta excelenta de taiere.","breadcrumb":{"@id":"https:\/\/eurotech-iasi.ro\/magazinonline\/produs\/motocosa-stihl-fsa-50-fara-acumulator-si-incarcator\/#breadcrumb"},"inLanguage":"ro-RO","potentialAction":[{"@type":"ReadAction","target":["https:\/\/eurotech-iasi.ro\/magazinonline\/produs\/motocosa-stihl-fsa-50-fara-acumulator-si-incarcator\/"]}]},{"@type":"ImageObject","inLanguage":"ro-RO","@id":"https:\/\/eurotech-iasi.ro\/magazinonline\/produs\/motocosa-stihl-fsa-50-fara-acumulator-si-incarcator\/#primaryimage","url":"https:\/\/eurotech-iasi.ro\/magazinonline\/wp-content\/uploads\/2025\/06\/Motocosa-STIHL-FSA-50-fara-acumulator-si-incarcator-1.png","contentUrl":"https:\/\/eurotech-iasi.ro\/magazinonline\/wp-content\/uploads\/2025\/06\/Motocosa-STIHL-FSA-50-fara-acumulator-si-incarcator-1.png","width":750,"height":750,"caption":"Motocosa STIHL FSA 50 set cu acumulator si incarcator inclus"},{"@type":"BreadcrumbList","@id":"https:\/\/eurotech-iasi.ro\/magazinonline\/produs\/motocosa-stihl-fsa-50-fara-acumulator-si-incarcator\/#breadcrumb","itemListElement":[{"@type":"ListItem","position":1,"name":"Prima pagin\u0103","item":"https:\/\/eurotech-iasi.ro\/magazinonline\/"},{"@type":"ListItem","position":2,"name":"Shop","item":"https:\/\/eurotech-iasi.ro\/magazinonline\/shop\/"},{"@type":"ListItem","position":3,"name":"Motocosa STIHL FSA 50 fara acumulator si incarcator"}]},{"@type":"WebSite","@id":"https:\/\/eurotech-iasi.ro\/magazinonline\/#website","url":"https:\/\/eurotech-iasi.ro\/magazinonline\/","name":"Eurotech Iasi","description":"Cu oameni seriosi","publisher":{"@id":"https:\/\/eurotech-iasi.ro\/magazinonline\/#organization"},"potentialAction":[{"@type":"SearchAction","target":{"@type":"EntryPoint","urlTemplate":"https:\/\/eurotech-iasi.ro\/magazinonline\/?s={search_term_string}"},"query-input":{"@type":"PropertyValueSpecification","valueRequired":true,"valueName":"search_term_string"}}],"inLanguage":"ro-RO"},{"@type":"Organization","@id":"https:\/\/eurotech-iasi.ro\/magazinonline\/#organization","name":"Eurotech Iasi","url":"https:\/\/eurotech-iasi.ro\/magazinonline\/","logo":{"@type":"ImageObject","inLanguage":"ro-RO","@id":"https:\/\/eurotech-iasi.ro\/magazinonline\/#\/schema\/logo\/image\/","url":"https:\/\/eurotech-iasi.ro\/magazinonline\/wp-content\/uploads\/2020\/08\/logo-eurotech.png","contentUrl":"https:\/\/eurotech-iasi.ro\/magazinonline\/wp-content\/uploads\/2020\/08\/logo-eurotech.png","width":290,"height":70,"caption":"Eurotech Iasi"},"image":{"@id":"https:\/\/eurotech-iasi.ro\/magazinonline\/#\/schema\/logo\/image\/"},"sameAs":["https:\/\/www.facebook.com\/EurotechIasi\/"]}]}},"_links":{"self":[{"href":"https:\/\/eurotech-iasi.ro\/magazinonline\/wp-json\/wp\/v2\/product\/111461","targetHints":{"allow":["GET"]}}],"collection":[{"href":"https:\/\/eurotech-iasi.ro\/magazinonline\/wp-json\/wp\/v2\/product"}],"about":[{"href":"https:\/\/eurotech-iasi.ro\/magazinonline\/wp-json\/wp\/v2\/types\/product"}],"replies":[{"embeddable":true,"href":"https:\/\/eurotech-iasi.ro\/magazinonline\/wp-json\/wp\/v2\/comments?post=111461"}],"wp:featuredmedia":[{"embeddable":true,"href":"https:\/\/eurotech-iasi.ro\/magazinonline\/wp-json\/wp\/v2\/media\/111467"}],"wp:attachment":[{"href":"https:\/\/eurotech-iasi.ro\/magazinonline\/wp-json\/wp\/v2\/media?parent=111461"}],"wp:term":[{"taxonomy":"product_cat","embeddable":true,"href":"https:\/\/eurotech-iasi.ro\/magazinonline\/wp-json\/wp\/v2\/product_cat?post=111461"},{"taxonomy":"product_tag","embeddable":true,"href":"https:\/\/eurotech-iasi.ro\/magazinonline\/wp-json\/wp\/v2\/product_tag?post=111461"},{"taxonomy":"woo-feed-brand","embeddable":true,"href":"https:\/\/eurotech-iasi.ro\/magazinonline\/wp-json\/wp\/v2\/woo-feed-brand?post=111461"}],"curies":[{"name":"wp","href":"https:\/\/api.w.org\/{rel}","templated":true}]}}