{"id":111587,"date":"2025-07-17T10:41:55","date_gmt":"2025-07-17T07:41:55","guid":{"rendered":"https:\/\/eurotech-iasi.ro\/magazinonline\/?post_type=product&#038;p=111587"},"modified":"2026-04-14T11:49:08","modified_gmt":"2026-04-14T08:49:08","slug":"disc-polizare-inox-si-metal-125x22-2x7-mm-makita-b-66927","status":"publish","type":"product","link":"https:\/\/eurotech-iasi.ro\/magazinonline\/produs\/disc-polizare-inox-si-metal-125x22-2x7-mm-makita-b-66927\/","title":{"rendered":"Disc polizare inox si metal, 125&#215;22.2&#215;7 mm Makita B-66927"},"content":{"rendered":"<h4>Disc polizare inox si metal, 125&#215;22.2&#215;7 mm Makita B-66927, fabricat pentru performan\u021b\u0103 ridicat\u0103 \u0219i durabilitate, acest disc este compatibil cu polizoare unghiulare standard. Asigur\u0103 o t\u0103iere precis\u0103, finisaj curat \u0219i uzur\u0103 redus\u0103. Perfect pentru aplica\u021bii industriale \u0219i ateliere de prelucrare metal.<\/h4>\n<p><strong>Specifica\u021bii tehnice:<\/strong><\/p>\n<p>Grosime disc\u00a0 &#8211; 7 mm<br \/>\nClasa de utilizare- Profesionala<br \/>\nDiametru disc &#8211; 125 mm<br \/>\nDomeniu de folosire &#8211; inox si metal<br \/>\nDiametru de prindere &#8211;\u00a0 22.2 mm<br \/>\nSistem X-LOCK &#8211; NU<br \/>\nCantitate &#8211; 1 buc<\/p>\n","protected":false},"excerpt":{"rendered":"<h4>Disc polizare inox si metal, 125&#215;22.2&#215;7 mm Makita B-66927 &#8211; eficien\u021b\u0103, durabilitate \u0219i finisaj perfect. Ideal pentru polizoare unghiulare.<\/h4>\n<p><em><strong>Cod produs: B-66927<\/strong><\/em><\/p>\n","protected":false},"featured_media":111588,"comment_status":"open","ping_status":"closed","template":"","meta":{"_acf_changed":false},"product_cat":[4336,10054,4306],"product_tag":[14534,14533,14535,14530,14531,14532],"woo-feed-brand":[],"class_list":{"0":"post-111587","1":"product","2":"type-product","3":"status-publish","4":"has-post-thumbnail","6":"product_brand-makita","7":"product_cat-accesorii-scule-electrice","8":"product_cat-accesorii-scule-electrice-scule-electrice","9":"product_cat-scule-electrice","10":"product_tag-accesorii-polizor-unghiular","11":"product_tag-disc-125-mm","12":"product_tag-disc-abraziv-profesional","13":"product_tag-disc-polizare-inox","14":"product_tag-disc-polizare-metal","15":"product_tag-makita-b-66927","16":"pa_brand-makita","17":"pa_diametru-disc-125-mm","19":"first","20":"instock","21":"shipping-taxable","22":"purchasable","23":"product-type-simple"},"acf":[],"yoast_head":"<!-- This site is optimized with the Yoast SEO plugin v27.3 - https:\/\/yoast.com\/product\/yoast-seo-wordpress\/ -->\n<title>Disc polizare inox si metal, 125x22.2x7 mm Makita B-66927 - Eurotech Iasi<\/title>\n<meta name=\"robots\" content=\"index, follow, max-snippet:-1, max-image-preview:large, max-video-preview:-1\" \/>\n<link rel=\"canonical\" href=\"https:\/\/eurotech-iasi.ro\/magazinonline\/produs\/disc-polizare-inox-si-metal-125x22-2x7-mm-makita-b-66927\/\" \/>\n<meta property=\"og:locale\" content=\"ro_RO\" \/>\n<meta property=\"og:type\" content=\"article\" \/>\n<meta property=\"og:title\" content=\"Disc polizare inox si metal, 125x22.2x7 mm Makita B-66927 - Eurotech Iasi\" \/>\n<meta property=\"og:description\" content=\"Disc polizare inox si metal, 125x22.2x7 mm Makita B-66927 - eficien\u021b\u0103, durabilitate \u0219i finisaj perfect. Ideal pentru polizoare unghiulare. Cod produs: B-66927\" \/>\n<meta property=\"og:url\" content=\"https:\/\/eurotech-iasi.ro\/magazinonline\/produs\/disc-polizare-inox-si-metal-125x22-2x7-mm-makita-b-66927\/\" \/>\n<meta property=\"og:site_name\" content=\"Eurotech Iasi\" \/>\n<meta property=\"article:publisher\" content=\"https:\/\/www.facebook.com\/EurotechIasi\/\" \/>\n<meta property=\"article:modified_time\" content=\"2026-04-14T08:49:08+00:00\" \/>\n<meta property=\"og:image\" content=\"https:\/\/eurotech-iasi.ro\/magazinonline\/wp-content\/uploads\/2025\/07\/disc.png\" \/>\n\t<meta property=\"og:image:width\" content=\"750\" \/>\n\t<meta property=\"og:image:height\" content=\"750\" \/>\n\t<meta property=\"og:image:type\" content=\"image\/png\" \/>\n<script type=\"application\/ld+json\" class=\"yoast-schema-graph\">{\"@context\":\"https:\\\/\\\/schema.org\",\"@graph\":[{\"@type\":\"WebPage\",\"@id\":\"https:\\\/\\\/eurotech-iasi.ro\\\/magazinonline\\\/produs\\\/disc-polizare-inox-si-metal-125x22-2x7-mm-makita-b-66927\\\/\",\"url\":\"https:\\\/\\\/eurotech-iasi.ro\\\/magazinonline\\\/produs\\\/disc-polizare-inox-si-metal-125x22-2x7-mm-makita-b-66927\\\/\",\"name\":\"Disc polizare inox si metal, 125x22.2x7 mm Makita B-66927 - Eurotech Iasi\",\"isPartOf\":{\"@id\":\"https:\\\/\\\/eurotech-iasi.ro\\\/magazinonline\\\/#website\"},\"primaryImageOfPage\":{\"@id\":\"https:\\\/\\\/eurotech-iasi.ro\\\/magazinonline\\\/produs\\\/disc-polizare-inox-si-metal-125x22-2x7-mm-makita-b-66927\\\/#primaryimage\"},\"image\":{\"@id\":\"https:\\\/\\\/eurotech-iasi.ro\\\/magazinonline\\\/produs\\\/disc-polizare-inox-si-metal-125x22-2x7-mm-makita-b-66927\\\/#primaryimage\"},\"thumbnailUrl\":\"https:\\\/\\\/eurotech-iasi.ro\\\/magazinonline\\\/wp-content\\\/uploads\\\/2025\\\/07\\\/disc.png\",\"datePublished\":\"2025-07-17T07:41:55+00:00\",\"dateModified\":\"2026-04-14T08:49:08+00:00\",\"breadcrumb\":{\"@id\":\"https:\\\/\\\/eurotech-iasi.ro\\\/magazinonline\\\/produs\\\/disc-polizare-inox-si-metal-125x22-2x7-mm-makita-b-66927\\\/#breadcrumb\"},\"inLanguage\":\"ro-RO\",\"potentialAction\":[{\"@type\":\"ReadAction\",\"target\":[\"https:\\\/\\\/eurotech-iasi.ro\\\/magazinonline\\\/produs\\\/disc-polizare-inox-si-metal-125x22-2x7-mm-makita-b-66927\\\/\"]}]},{\"@type\":\"ImageObject\",\"inLanguage\":\"ro-RO\",\"@id\":\"https:\\\/\\\/eurotech-iasi.ro\\\/magazinonline\\\/produs\\\/disc-polizare-inox-si-metal-125x22-2x7-mm-makita-b-66927\\\/#primaryimage\",\"url\":\"https:\\\/\\\/eurotech-iasi.ro\\\/magazinonline\\\/wp-content\\\/uploads\\\/2025\\\/07\\\/disc.png\",\"contentUrl\":\"https:\\\/\\\/eurotech-iasi.ro\\\/magazinonline\\\/wp-content\\\/uploads\\\/2025\\\/07\\\/disc.png\",\"width\":750,\"height\":750,\"caption\":\"Disc polizare inox si metal, 125x22.2x7 mm Makita B-66927\"},{\"@type\":\"BreadcrumbList\",\"@id\":\"https:\\\/\\\/eurotech-iasi.ro\\\/magazinonline\\\/produs\\\/disc-polizare-inox-si-metal-125x22-2x7-mm-makita-b-66927\\\/#breadcrumb\",\"itemListElement\":[{\"@type\":\"ListItem\",\"position\":1,\"name\":\"Prima pagin\u0103\",\"item\":\"https:\\\/\\\/eurotech-iasi.ro\\\/magazinonline\\\/\"},{\"@type\":\"ListItem\",\"position\":2,\"name\":\"Shop\",\"item\":\"https:\\\/\\\/eurotech-iasi.ro\\\/magazinonline\\\/shop\\\/\"},{\"@type\":\"ListItem\",\"position\":3,\"name\":\"Disc polizare inox si metal, 125&#215;22.2&#215;7 mm Makita B-66927\"}]},{\"@type\":\"WebSite\",\"@id\":\"https:\\\/\\\/eurotech-iasi.ro\\\/magazinonline\\\/#website\",\"url\":\"https:\\\/\\\/eurotech-iasi.ro\\\/magazinonline\\\/\",\"name\":\"Eurotech Iasi\",\"description\":\"Cu oameni seriosi\",\"publisher\":{\"@id\":\"https:\\\/\\\/eurotech-iasi.ro\\\/magazinonline\\\/#organization\"},\"potentialAction\":[{\"@type\":\"SearchAction\",\"target\":{\"@type\":\"EntryPoint\",\"urlTemplate\":\"https:\\\/\\\/eurotech-iasi.ro\\\/magazinonline\\\/?s={search_term_string}\"},\"query-input\":{\"@type\":\"PropertyValueSpecification\",\"valueRequired\":true,\"valueName\":\"search_term_string\"}}],\"inLanguage\":\"ro-RO\"},{\"@type\":\"Organization\",\"@id\":\"https:\\\/\\\/eurotech-iasi.ro\\\/magazinonline\\\/#organization\",\"name\":\"Eurotech Iasi\",\"url\":\"https:\\\/\\\/eurotech-iasi.ro\\\/magazinonline\\\/\",\"logo\":{\"@type\":\"ImageObject\",\"inLanguage\":\"ro-RO\",\"@id\":\"https:\\\/\\\/eurotech-iasi.ro\\\/magazinonline\\\/#\\\/schema\\\/logo\\\/image\\\/\",\"url\":\"https:\\\/\\\/eurotech-iasi.ro\\\/magazinonline\\\/wp-content\\\/uploads\\\/2020\\\/08\\\/logo-eurotech.png\",\"contentUrl\":\"https:\\\/\\\/eurotech-iasi.ro\\\/magazinonline\\\/wp-content\\\/uploads\\\/2020\\\/08\\\/logo-eurotech.png\",\"width\":290,\"height\":70,\"caption\":\"Eurotech Iasi\"},\"image\":{\"@id\":\"https:\\\/\\\/eurotech-iasi.ro\\\/magazinonline\\\/#\\\/schema\\\/logo\\\/image\\\/\"},\"sameAs\":[\"https:\\\/\\\/www.facebook.com\\\/EurotechIasi\\\/\"]}]}<\/script>\n<!-- \/ Yoast SEO plugin. -->","yoast_head_json":{"title":"Disc polizare inox si metal, 125x22.2x7 mm Makita B-66927 - Eurotech Iasi","robots":{"index":"index","follow":"follow","max-snippet":"max-snippet:-1","max-image-preview":"max-image-preview:large","max-video-preview":"max-video-preview:-1"},"canonical":"https:\/\/eurotech-iasi.ro\/magazinonline\/produs\/disc-polizare-inox-si-metal-125x22-2x7-mm-makita-b-66927\/","og_locale":"ro_RO","og_type":"article","og_title":"Disc polizare inox si metal, 125x22.2x7 mm Makita B-66927 - Eurotech Iasi","og_description":"Disc polizare inox si metal, 125x22.2x7 mm Makita B-66927 - eficien\u021b\u0103, durabilitate \u0219i finisaj perfect. Ideal pentru polizoare unghiulare. Cod produs: B-66927","og_url":"https:\/\/eurotech-iasi.ro\/magazinonline\/produs\/disc-polizare-inox-si-metal-125x22-2x7-mm-makita-b-66927\/","og_site_name":"Eurotech Iasi","article_publisher":"https:\/\/www.facebook.com\/EurotechIasi\/","article_modified_time":"2026-04-14T08:49:08+00:00","og_image":[{"width":750,"height":750,"url":"https:\/\/eurotech-iasi.ro\/magazinonline\/wp-content\/uploads\/2025\/07\/disc.png","type":"image\/png"}],"schema":{"@context":"https:\/\/schema.org","@graph":[{"@type":"WebPage","@id":"https:\/\/eurotech-iasi.ro\/magazinonline\/produs\/disc-polizare-inox-si-metal-125x22-2x7-mm-makita-b-66927\/","url":"https:\/\/eurotech-iasi.ro\/magazinonline\/produs\/disc-polizare-inox-si-metal-125x22-2x7-mm-makita-b-66927\/","name":"Disc polizare inox si metal, 125x22.2x7 mm Makita B-66927 - Eurotech Iasi","isPartOf":{"@id":"https:\/\/eurotech-iasi.ro\/magazinonline\/#website"},"primaryImageOfPage":{"@id":"https:\/\/eurotech-iasi.ro\/magazinonline\/produs\/disc-polizare-inox-si-metal-125x22-2x7-mm-makita-b-66927\/#primaryimage"},"image":{"@id":"https:\/\/eurotech-iasi.ro\/magazinonline\/produs\/disc-polizare-inox-si-metal-125x22-2x7-mm-makita-b-66927\/#primaryimage"},"thumbnailUrl":"https:\/\/eurotech-iasi.ro\/magazinonline\/wp-content\/uploads\/2025\/07\/disc.png","datePublished":"2025-07-17T07:41:55+00:00","dateModified":"2026-04-14T08:49:08+00:00","breadcrumb":{"@id":"https:\/\/eurotech-iasi.ro\/magazinonline\/produs\/disc-polizare-inox-si-metal-125x22-2x7-mm-makita-b-66927\/#breadcrumb"},"inLanguage":"ro-RO","potentialAction":[{"@type":"ReadAction","target":["https:\/\/eurotech-iasi.ro\/magazinonline\/produs\/disc-polizare-inox-si-metal-125x22-2x7-mm-makita-b-66927\/"]}]},{"@type":"ImageObject","inLanguage":"ro-RO","@id":"https:\/\/eurotech-iasi.ro\/magazinonline\/produs\/disc-polizare-inox-si-metal-125x22-2x7-mm-makita-b-66927\/#primaryimage","url":"https:\/\/eurotech-iasi.ro\/magazinonline\/wp-content\/uploads\/2025\/07\/disc.png","contentUrl":"https:\/\/eurotech-iasi.ro\/magazinonline\/wp-content\/uploads\/2025\/07\/disc.png","width":750,"height":750,"caption":"Disc polizare inox si metal, 125x22.2x7 mm Makita B-66927"},{"@type":"BreadcrumbList","@id":"https:\/\/eurotech-iasi.ro\/magazinonline\/produs\/disc-polizare-inox-si-metal-125x22-2x7-mm-makita-b-66927\/#breadcrumb","itemListElement":[{"@type":"ListItem","position":1,"name":"Prima pagin\u0103","item":"https:\/\/eurotech-iasi.ro\/magazinonline\/"},{"@type":"ListItem","position":2,"name":"Shop","item":"https:\/\/eurotech-iasi.ro\/magazinonline\/shop\/"},{"@type":"ListItem","position":3,"name":"Disc polizare inox si metal, 125&#215;22.2&#215;7 mm Makita B-66927"}]},{"@type":"WebSite","@id":"https:\/\/eurotech-iasi.ro\/magazinonline\/#website","url":"https:\/\/eurotech-iasi.ro\/magazinonline\/","name":"Eurotech Iasi","description":"Cu oameni seriosi","publisher":{"@id":"https:\/\/eurotech-iasi.ro\/magazinonline\/#organization"},"potentialAction":[{"@type":"SearchAction","target":{"@type":"EntryPoint","urlTemplate":"https:\/\/eurotech-iasi.ro\/magazinonline\/?s={search_term_string}"},"query-input":{"@type":"PropertyValueSpecification","valueRequired":true,"valueName":"search_term_string"}}],"inLanguage":"ro-RO"},{"@type":"Organization","@id":"https:\/\/eurotech-iasi.ro\/magazinonline\/#organization","name":"Eurotech Iasi","url":"https:\/\/eurotech-iasi.ro\/magazinonline\/","logo":{"@type":"ImageObject","inLanguage":"ro-RO","@id":"https:\/\/eurotech-iasi.ro\/magazinonline\/#\/schema\/logo\/image\/","url":"https:\/\/eurotech-iasi.ro\/magazinonline\/wp-content\/uploads\/2020\/08\/logo-eurotech.png","contentUrl":"https:\/\/eurotech-iasi.ro\/magazinonline\/wp-content\/uploads\/2020\/08\/logo-eurotech.png","width":290,"height":70,"caption":"Eurotech Iasi"},"image":{"@id":"https:\/\/eurotech-iasi.ro\/magazinonline\/#\/schema\/logo\/image\/"},"sameAs":["https:\/\/www.facebook.com\/EurotechIasi\/"]}]}},"_links":{"self":[{"href":"https:\/\/eurotech-iasi.ro\/magazinonline\/wp-json\/wp\/v2\/product\/111587","targetHints":{"allow":["GET"]}}],"collection":[{"href":"https:\/\/eurotech-iasi.ro\/magazinonline\/wp-json\/wp\/v2\/product"}],"about":[{"href":"https:\/\/eurotech-iasi.ro\/magazinonline\/wp-json\/wp\/v2\/types\/product"}],"replies":[{"embeddable":true,"href":"https:\/\/eurotech-iasi.ro\/magazinonline\/wp-json\/wp\/v2\/comments?post=111587"}],"wp:featuredmedia":[{"embeddable":true,"href":"https:\/\/eurotech-iasi.ro\/magazinonline\/wp-json\/wp\/v2\/media\/111588"}],"wp:attachment":[{"href":"https:\/\/eurotech-iasi.ro\/magazinonline\/wp-json\/wp\/v2\/media?parent=111587"}],"wp:term":[{"taxonomy":"product_cat","embeddable":true,"href":"https:\/\/eurotech-iasi.ro\/magazinonline\/wp-json\/wp\/v2\/product_cat?post=111587"},{"taxonomy":"product_tag","embeddable":true,"href":"https:\/\/eurotech-iasi.ro\/magazinonline\/wp-json\/wp\/v2\/product_tag?post=111587"},{"taxonomy":"woo-feed-brand","embeddable":true,"href":"https:\/\/eurotech-iasi.ro\/magazinonline\/wp-json\/wp\/v2\/woo-feed-brand?post=111587"}],"curies":[{"name":"wp","href":"https:\/\/api.w.org\/{rel}","templated":true}]}}