{"id":111990,"date":"2025-08-11T16:47:12","date_gmt":"2025-08-11T13:47:12","guid":{"rendered":"https:\/\/eurotech-iasi.ro\/magazinonline\/?post_type=product&#038;p=111990"},"modified":"2025-12-24T11:06:09","modified_gmt":"2025-12-24T09:06:09","slug":"dulap-scule-echipat-185-piese-yato","status":"publish","type":"product","link":"https:\/\/eurotech-iasi.ro\/magazinonline\/produs\/dulap-scule-echipat-185-piese-yato\/","title":{"rendered":"Dulap scule echipat 185 piese YATO"},"content":{"rendered":"<p><strong>Dulap scule echipat 185 piese YATO este ideal pentru orice atelier service.<\/strong> Carcasa din o\u021bel integreaz\u0103 6 sertare pe glisiere telescopice cu rulmen\u021bi (capacitate sertare: 25 kg pentru cele superioare \u0219i 35 kg pentru cele inferioare), \u00eenchidere centralizat\u0103, m\u00e2ner lateral \u0219i ro\u021bi pivotante \u00d8125 mm pentru manevrare u\u0219oar\u0103. Blatul de lucru antiderapant ofer\u0103 stabilitate, iar dimensiunile 970\u00d7770\u00d7470 mm asigur\u0103 un raport excelent \u00eentre compact \u0219i \u00eenc\u0103p\u0103tor. Recomandat\u0103 pentru mecanic\u0103 general\u0103, \u00eentre\u021binere \u0219i ateliere care vor ordine \u0219i acces rapid la scule.<\/p>\n<p>Are\u00a0<strong>6 sertare cu blocare,<\/strong>\u00a0care sunt montate pe lamele cu rulmen\u021bi &#8211; 3 rafturi superioare au o capacitate de \u00eenc\u0103rcare de 25 kg, iar 3 inferioare 35 kg. Dulapul este echipat cu un\u00a0<strong>m\u00e2ner<\/strong>\u00a0\u0219i\u00a0<strong>ro\u021bi de cauciuc durabile,<\/strong>\u00a0datorit\u0103 c\u0103rora poate fi mi\u0219cat cu u\u0219urin\u021b\u0103.<\/p>\n<p>Blatul de lucru a fost acoperit\u00a0<strong>cu material antiderapant<\/strong>\u00a0p.\u00a0<strong>Pere\u021bii<\/strong>\u00a0\u0219i\u00a0<strong>col\u021burile<\/strong>\u00a0<strong>puternice, duble<\/strong>\u00a0\u0219i\u00a0<strong>echipate cu bare de protec\u021bie<\/strong>\u00a0fac dulapul rezistent la deteriorare.<\/p>\n<p><strong>Caracteristici:<\/strong><\/p>\n<ul>\n<li><strong>maner<\/strong><\/li>\n<li>pereti dubli<\/li>\n<li><strong>\u00eenchidere central\u0103<\/strong>\u00a0cu dou\u0103 chei<\/li>\n<li><strong>blat de lucru antiderapant<\/strong><\/li>\n<li>6 sertare spa\u021bioase cu blocaj, capacitate de \u00eenc\u0103rcare: 25 kg &#8211; 3 partea superioar\u0103, 35 kg &#8211; 3 inferioar\u0103<\/li>\n<li><strong>185 de elemente<\/strong><\/li>\n<li><strong>ro\u021bi de cauciuc, inclusiv una cu fr\u00e2n\u0103<\/strong><\/li>\n<li>ghidaje cu rulmenti<\/li>\n<li>perfora\u021bie universal\u0103<\/li>\n<li><strong>protectii de col\u021b<\/strong><\/li>\n<\/ul>\n<p><strong>Con\u021binutul sertarelor:<\/strong><\/p>\n<p><strong>Sertarul 1:<\/strong><\/p>\n<ul>\n<li><strong>Chei combinate 6-21 mm, 16 piese<\/strong>\u00a0(6, 7, 8, 9, 10, 11, 12, 13, 14, 15, 16, 17, 18, 19, 20, 21 mm)<\/li>\n<li><strong>Chei combinate 22-32 mm, 6 buc\u0103\u021bi<\/strong>\u00a0(22, 24, 27, 28, 30, 32 mm)<\/li>\n<li><strong>Chei<\/strong>\u00a0inelare\u00a0<strong>\u00eenclinate 6-19 mm, 7 buc<\/strong>\u00a0(6&#215;7, 8&#215;9, 10&#215;11, 12&#215;13, 14&#215;15, 16&#215;17, 18&#215;19 mm)<\/li>\n<\/ul>\n<p><strong>Sertarul 2:<\/strong><\/p>\n<ul>\n<li><strong>Cle\u0219te, 4 buc<\/strong>\u00a0<strong>\u00a0<\/strong>\u00a0(180 mm, 160 mm, 160 mm PUNCTE LUNGI, 160 mm BAZ\u0102 \u00ceNC\u0102LCAT)<\/li>\n<li><strong>\u0218urubelni\u021be<\/strong>\u00a0cu fante\u00a0<strong>, 7 p\u0103r\u021bi<\/strong>\u00a0(3&#215;75, 5&#215;100, 5&#215;150, 6&#215;38, 6&#215;100, 6&#215;150, 8&#215;150 mm)<\/li>\n<li><strong>\u0218urubelni\u021be Phillips, 7 p\u0103r\u021bi<\/strong>\u00a0(PH0x100, PH1x75, PH1x100, PH2x38, PH2x100, PH2x150, PH3x150 mm)<\/li>\n<\/ul>\n<p><strong>Sertarul 3:<\/strong><\/p>\n<ul>\n<li><strong>Set priz\u0103, 24 de p\u0103r\u021bi (-<\/strong>\u00a012,7 mm) &#8211; 10, 11.12, 13, 14, 15, 16, 17, 18, 19.20, 21, 22, 23, 24, 27, 30, 32 mm; &#8211; 1\/7 &#8220;(12,7 mm): 127 mm; &#8211; 1\/2&#8221; (12,7 mm); &#8211; 1\/2 &#8220;(12,7 mm): 255 mm 72T; &#8211; 1\/2&#8221; (12,7 mm): 255 mm; &#8211; 1\/2 &#8220;(12,7 mm): 16; 21 mm)<\/li>\n<li><strong>Bi\u021bi de \u0219urubelni\u021b\u0103 (bi\u021bi), 40 de p\u0103r\u021bi<\/strong>\u00a0(H4, H5, H6, H7, H8, H10, H12 (L = 30 mm); H4, H5, H6, H7, H8, H10, H12 (L = 75mm); M5, M6, M8, M10, M12 (L = 30 mm); M5, M6, M8, M10, M12 (L = 75 mm); T20, T25, T30, T40, T45, T50, T55 (L = 30 mm); T20, T25, T30, T40, T45, T50, T55 (L = 75 mm); 1\/2 &#8220;(12,7 mm), 3\/8&#8221; (9,5 mm))<\/li>\n<li><strong>Mufe lungi de 1\/2 &#8220;8-21 mm, 14 p\u0103r\u021bi<\/strong>\u00a0(12,7 mm) (8, 9, 10, 11, 12, 13, 14, 15, 16, 17, 18, 19, 20, 21) mm)<\/li>\n<\/ul>\n<p><strong>Sertarul 4:<\/strong><\/p>\n<ul>\n<li><strong>Ciocane \u0219i dalta, 5 p\u0103r\u021bi<\/strong>\u00a0(ciocane: 300 g (L = 300 mm), fi40 mm (L = 350 mm); D\u0103l\u021bi: 10x8x142 mm, 12x10x152 mm, 16x13x170 mm)<\/li>\n<li><strong>Chei, socluri HEX, TORX, 25 de p\u0103r\u021bi (<\/strong>\u00a012,5 mm) 1\/10 &#8220;: E10, E12, E14, E16, E18, E20; 6,3 mm) 1\/4&#8221;: E4, E5, E6, E7, E8, HEX: 2, 2,5, 3, 4, 5, 6, 7, 8, 10, 12 mm; TORX: T10, T15, T20, T25, T27, T30, T40)<\/li>\n<li><strong>Set de priz\u0103, 30 buc<\/strong>\u00a0(6,3 mm) (3,5 mm): 3,5, 4, 4,5, 5, 5,5, 6, 7, 8, 9, 10, 11, 12, 13, 14 mm; 1\/4 &#8220;(6,3 mm): 8, 10, 11, 12, 13 mm; 1\/4 &#8220;(6,3 mm): 50,8, 101,6 mm, 1\/4&#8221; (6,3 mm); 1\/4 &#8220;(6,3 mm): 155 mm; 1 \/ 6 &#8220;(6,3 mm): 152,4 mm; 1\/4&#8221; (6,3 mm): 150 mm)<\/li>\n<\/ul>\n","protected":false},"excerpt":{"rendered":"<p><strong>Dulap scule echipat 185 piese YATO este ideal pentru orice atelier service.<\/strong> Are\u00a06 sertare cu blocare,\u00a0care sunt montate pe lamele cu rulmen\u021bi &#8211; 3 rafturi superioare au o capacitate de \u00eenc\u0103rcare de 25 kg, iar 3 inferioare 35 kg. Dulapul este echipat cu un\u00a0m\u00e2ner\u00a0\u0219i\u00a0ro\u021bi de cauciuc durabile,\u00a0datorit\u0103 c\u0103rora poate fi mi\u0219cat cu u\u0219urin\u021b\u0103.<\/p>\n<p><em><strong>Cod produs: YT-55307<\/strong><\/em><\/p>\n","protected":false},"featured_media":111991,"comment_status":"open","ping_status":"closed","template":"","meta":{"_acf_changed":false},"product_cat":[8928,14094,6406,6413,9086],"product_tag":[],"woo-feed-brand":[],"class_list":{"0":"post-111990","1":"product","2":"type-product","3":"status-publish","4":"has-post-thumbnail","6":"product_brand-yato","7":"product_cat-carucioare-auto","8":"product_cat-depozitare-scule-si-transport","9":"product_cat-echipamente-service-auto","10":"product_cat-extra-reduceri","11":"product_cat-scule-de-mana","12":"pa_brand-yato","13":"pa_greutate-80-kg","15":"first","16":"instock","17":"sale","18":"shipping-taxable","19":"purchasable","20":"product-type-simple"},"acf":[],"yoast_head":"<!-- This site is optimized with the Yoast SEO plugin v27.5 - https:\/\/yoast.com\/product\/yoast-seo-wordpress\/ -->\n<title>Dulap scule echipat 185 piese YATO - Eurotech Iasi<\/title>\n<meta name=\"robots\" content=\"index, follow, max-snippet:-1, max-image-preview:large, max-video-preview:-1\" \/>\n<link rel=\"canonical\" href=\"https:\/\/eurotech-iasi.ro\/magazinonline\/produs\/dulap-scule-echipat-185-piese-yato\/\" \/>\n<meta property=\"og:locale\" content=\"ro_RO\" \/>\n<meta property=\"og:type\" content=\"article\" \/>\n<meta property=\"og:title\" content=\"Dulap scule echipat 185 piese YATO - Eurotech Iasi\" \/>\n<meta property=\"og:description\" content=\"Dulap scule echipat 185 piese YATO este ideal pentru orice atelier service. Are\u00a06 sertare cu blocare,\u00a0care sunt montate pe lamele cu rulmen\u021bi - 3 rafturi superioare au o capacitate de \u00eenc\u0103rcare de 25 kg, iar 3 inferioare 35 kg. Dulapul este echipat cu un\u00a0m\u00e2ner\u00a0\u0219i\u00a0ro\u021bi de cauciuc durabile,\u00a0datorit\u0103 c\u0103rora poate fi mi\u0219cat cu u\u0219urin\u021b\u0103.  Cod produs: YT-55307\" \/>\n<meta property=\"og:url\" content=\"https:\/\/eurotech-iasi.ro\/magazinonline\/produs\/dulap-scule-echipat-185-piese-yato\/\" \/>\n<meta property=\"og:site_name\" content=\"Eurotech Iasi\" \/>\n<meta property=\"article:publisher\" content=\"https:\/\/www.facebook.com\/EurotechIasi\/\" \/>\n<meta property=\"article:modified_time\" content=\"2025-12-24T09:06:09+00:00\" \/>\n<meta property=\"og:image\" content=\"https:\/\/eurotech-iasi.ro\/magazinonline\/wp-content\/uploads\/2025\/08\/Dulap-scule-echipat-185-piese-YATO-1.png\" \/>\n\t<meta property=\"og:image:width\" content=\"750\" \/>\n\t<meta property=\"og:image:height\" content=\"750\" \/>\n\t<meta property=\"og:image:type\" content=\"image\/png\" \/>\n<meta name=\"twitter:label1\" content=\"Timp estimat pentru citire\" \/>\n\t<meta name=\"twitter:data1\" content=\"4 minute\" \/>\n<script type=\"application\/ld+json\" class=\"yoast-schema-graph\">{\"@context\":\"https:\\\/\\\/schema.org\",\"@graph\":[{\"@type\":\"WebPage\",\"@id\":\"https:\\\/\\\/eurotech-iasi.ro\\\/magazinonline\\\/produs\\\/dulap-scule-echipat-185-piese-yato\\\/\",\"url\":\"https:\\\/\\\/eurotech-iasi.ro\\\/magazinonline\\\/produs\\\/dulap-scule-echipat-185-piese-yato\\\/\",\"name\":\"Dulap scule echipat 185 piese YATO - Eurotech Iasi\",\"isPartOf\":{\"@id\":\"https:\\\/\\\/eurotech-iasi.ro\\\/magazinonline\\\/#website\"},\"primaryImageOfPage\":{\"@id\":\"https:\\\/\\\/eurotech-iasi.ro\\\/magazinonline\\\/produs\\\/dulap-scule-echipat-185-piese-yato\\\/#primaryimage\"},\"image\":{\"@id\":\"https:\\\/\\\/eurotech-iasi.ro\\\/magazinonline\\\/produs\\\/dulap-scule-echipat-185-piese-yato\\\/#primaryimage\"},\"thumbnailUrl\":\"https:\\\/\\\/eurotech-iasi.ro\\\/magazinonline\\\/wp-content\\\/uploads\\\/2025\\\/08\\\/Dulap-scule-echipat-185-piese-YATO-1.png\",\"datePublished\":\"2025-08-11T13:47:12+00:00\",\"dateModified\":\"2025-12-24T09:06:09+00:00\",\"breadcrumb\":{\"@id\":\"https:\\\/\\\/eurotech-iasi.ro\\\/magazinonline\\\/produs\\\/dulap-scule-echipat-185-piese-yato\\\/#breadcrumb\"},\"inLanguage\":\"ro-RO\",\"potentialAction\":[{\"@type\":\"ReadAction\",\"target\":[\"https:\\\/\\\/eurotech-iasi.ro\\\/magazinonline\\\/produs\\\/dulap-scule-echipat-185-piese-yato\\\/\"]}]},{\"@type\":\"ImageObject\",\"inLanguage\":\"ro-RO\",\"@id\":\"https:\\\/\\\/eurotech-iasi.ro\\\/magazinonline\\\/produs\\\/dulap-scule-echipat-185-piese-yato\\\/#primaryimage\",\"url\":\"https:\\\/\\\/eurotech-iasi.ro\\\/magazinonline\\\/wp-content\\\/uploads\\\/2025\\\/08\\\/Dulap-scule-echipat-185-piese-YATO-1.png\",\"contentUrl\":\"https:\\\/\\\/eurotech-iasi.ro\\\/magazinonline\\\/wp-content\\\/uploads\\\/2025\\\/08\\\/Dulap-scule-echipat-185-piese-YATO-1.png\",\"width\":750,\"height\":750,\"caption\":\"Dulap scule echipat 185 piese YATO (1)\"},{\"@type\":\"BreadcrumbList\",\"@id\":\"https:\\\/\\\/eurotech-iasi.ro\\\/magazinonline\\\/produs\\\/dulap-scule-echipat-185-piese-yato\\\/#breadcrumb\",\"itemListElement\":[{\"@type\":\"ListItem\",\"position\":1,\"name\":\"Prima pagin\u0103\",\"item\":\"https:\\\/\\\/eurotech-iasi.ro\\\/magazinonline\\\/\"},{\"@type\":\"ListItem\",\"position\":2,\"name\":\"Shop\",\"item\":\"https:\\\/\\\/eurotech-iasi.ro\\\/magazinonline\\\/shop\\\/\"},{\"@type\":\"ListItem\",\"position\":3,\"name\":\"Dulap scule echipat 185 piese YATO\"}]},{\"@type\":\"WebSite\",\"@id\":\"https:\\\/\\\/eurotech-iasi.ro\\\/magazinonline\\\/#website\",\"url\":\"https:\\\/\\\/eurotech-iasi.ro\\\/magazinonline\\\/\",\"name\":\"Eurotech Iasi\",\"description\":\"Cu oameni seriosi\",\"publisher\":{\"@id\":\"https:\\\/\\\/eurotech-iasi.ro\\\/magazinonline\\\/#organization\"},\"potentialAction\":[{\"@type\":\"SearchAction\",\"target\":{\"@type\":\"EntryPoint\",\"urlTemplate\":\"https:\\\/\\\/eurotech-iasi.ro\\\/magazinonline\\\/?s={search_term_string}\"},\"query-input\":{\"@type\":\"PropertyValueSpecification\",\"valueRequired\":true,\"valueName\":\"search_term_string\"}}],\"inLanguage\":\"ro-RO\"},{\"@type\":\"Organization\",\"@id\":\"https:\\\/\\\/eurotech-iasi.ro\\\/magazinonline\\\/#organization\",\"name\":\"Eurotech Iasi\",\"url\":\"https:\\\/\\\/eurotech-iasi.ro\\\/magazinonline\\\/\",\"logo\":{\"@type\":\"ImageObject\",\"inLanguage\":\"ro-RO\",\"@id\":\"https:\\\/\\\/eurotech-iasi.ro\\\/magazinonline\\\/#\\\/schema\\\/logo\\\/image\\\/\",\"url\":\"https:\\\/\\\/eurotech-iasi.ro\\\/magazinonline\\\/wp-content\\\/uploads\\\/2020\\\/08\\\/logo-eurotech.png\",\"contentUrl\":\"https:\\\/\\\/eurotech-iasi.ro\\\/magazinonline\\\/wp-content\\\/uploads\\\/2020\\\/08\\\/logo-eurotech.png\",\"width\":290,\"height\":70,\"caption\":\"Eurotech Iasi\"},\"image\":{\"@id\":\"https:\\\/\\\/eurotech-iasi.ro\\\/magazinonline\\\/#\\\/schema\\\/logo\\\/image\\\/\"},\"sameAs\":[\"https:\\\/\\\/www.facebook.com\\\/EurotechIasi\\\/\"]}]}<\/script>\n<!-- \/ Yoast SEO plugin. -->","yoast_head_json":{"title":"Dulap scule echipat 185 piese YATO - Eurotech Iasi","robots":{"index":"index","follow":"follow","max-snippet":"max-snippet:-1","max-image-preview":"max-image-preview:large","max-video-preview":"max-video-preview:-1"},"canonical":"https:\/\/eurotech-iasi.ro\/magazinonline\/produs\/dulap-scule-echipat-185-piese-yato\/","og_locale":"ro_RO","og_type":"article","og_title":"Dulap scule echipat 185 piese YATO - Eurotech Iasi","og_description":"Dulap scule echipat 185 piese YATO este ideal pentru orice atelier service. Are\u00a06 sertare cu blocare,\u00a0care sunt montate pe lamele cu rulmen\u021bi - 3 rafturi superioare au o capacitate de \u00eenc\u0103rcare de 25 kg, iar 3 inferioare 35 kg. Dulapul este echipat cu un\u00a0m\u00e2ner\u00a0\u0219i\u00a0ro\u021bi de cauciuc durabile,\u00a0datorit\u0103 c\u0103rora poate fi mi\u0219cat cu u\u0219urin\u021b\u0103.  Cod produs: YT-55307","og_url":"https:\/\/eurotech-iasi.ro\/magazinonline\/produs\/dulap-scule-echipat-185-piese-yato\/","og_site_name":"Eurotech Iasi","article_publisher":"https:\/\/www.facebook.com\/EurotechIasi\/","article_modified_time":"2025-12-24T09:06:09+00:00","og_image":[{"width":750,"height":750,"url":"https:\/\/eurotech-iasi.ro\/magazinonline\/wp-content\/uploads\/2025\/08\/Dulap-scule-echipat-185-piese-YATO-1.png","type":"image\/png"}],"twitter_misc":{"Timp estimat pentru citire":"4 minute"},"schema":{"@context":"https:\/\/schema.org","@graph":[{"@type":"WebPage","@id":"https:\/\/eurotech-iasi.ro\/magazinonline\/produs\/dulap-scule-echipat-185-piese-yato\/","url":"https:\/\/eurotech-iasi.ro\/magazinonline\/produs\/dulap-scule-echipat-185-piese-yato\/","name":"Dulap scule echipat 185 piese YATO - Eurotech Iasi","isPartOf":{"@id":"https:\/\/eurotech-iasi.ro\/magazinonline\/#website"},"primaryImageOfPage":{"@id":"https:\/\/eurotech-iasi.ro\/magazinonline\/produs\/dulap-scule-echipat-185-piese-yato\/#primaryimage"},"image":{"@id":"https:\/\/eurotech-iasi.ro\/magazinonline\/produs\/dulap-scule-echipat-185-piese-yato\/#primaryimage"},"thumbnailUrl":"https:\/\/eurotech-iasi.ro\/magazinonline\/wp-content\/uploads\/2025\/08\/Dulap-scule-echipat-185-piese-YATO-1.png","datePublished":"2025-08-11T13:47:12+00:00","dateModified":"2025-12-24T09:06:09+00:00","breadcrumb":{"@id":"https:\/\/eurotech-iasi.ro\/magazinonline\/produs\/dulap-scule-echipat-185-piese-yato\/#breadcrumb"},"inLanguage":"ro-RO","potentialAction":[{"@type":"ReadAction","target":["https:\/\/eurotech-iasi.ro\/magazinonline\/produs\/dulap-scule-echipat-185-piese-yato\/"]}]},{"@type":"ImageObject","inLanguage":"ro-RO","@id":"https:\/\/eurotech-iasi.ro\/magazinonline\/produs\/dulap-scule-echipat-185-piese-yato\/#primaryimage","url":"https:\/\/eurotech-iasi.ro\/magazinonline\/wp-content\/uploads\/2025\/08\/Dulap-scule-echipat-185-piese-YATO-1.png","contentUrl":"https:\/\/eurotech-iasi.ro\/magazinonline\/wp-content\/uploads\/2025\/08\/Dulap-scule-echipat-185-piese-YATO-1.png","width":750,"height":750,"caption":"Dulap scule echipat 185 piese YATO (1)"},{"@type":"BreadcrumbList","@id":"https:\/\/eurotech-iasi.ro\/magazinonline\/produs\/dulap-scule-echipat-185-piese-yato\/#breadcrumb","itemListElement":[{"@type":"ListItem","position":1,"name":"Prima pagin\u0103","item":"https:\/\/eurotech-iasi.ro\/magazinonline\/"},{"@type":"ListItem","position":2,"name":"Shop","item":"https:\/\/eurotech-iasi.ro\/magazinonline\/shop\/"},{"@type":"ListItem","position":3,"name":"Dulap scule echipat 185 piese YATO"}]},{"@type":"WebSite","@id":"https:\/\/eurotech-iasi.ro\/magazinonline\/#website","url":"https:\/\/eurotech-iasi.ro\/magazinonline\/","name":"Eurotech Iasi","description":"Cu oameni seriosi","publisher":{"@id":"https:\/\/eurotech-iasi.ro\/magazinonline\/#organization"},"potentialAction":[{"@type":"SearchAction","target":{"@type":"EntryPoint","urlTemplate":"https:\/\/eurotech-iasi.ro\/magazinonline\/?s={search_term_string}"},"query-input":{"@type":"PropertyValueSpecification","valueRequired":true,"valueName":"search_term_string"}}],"inLanguage":"ro-RO"},{"@type":"Organization","@id":"https:\/\/eurotech-iasi.ro\/magazinonline\/#organization","name":"Eurotech Iasi","url":"https:\/\/eurotech-iasi.ro\/magazinonline\/","logo":{"@type":"ImageObject","inLanguage":"ro-RO","@id":"https:\/\/eurotech-iasi.ro\/magazinonline\/#\/schema\/logo\/image\/","url":"https:\/\/eurotech-iasi.ro\/magazinonline\/wp-content\/uploads\/2020\/08\/logo-eurotech.png","contentUrl":"https:\/\/eurotech-iasi.ro\/magazinonline\/wp-content\/uploads\/2020\/08\/logo-eurotech.png","width":290,"height":70,"caption":"Eurotech Iasi"},"image":{"@id":"https:\/\/eurotech-iasi.ro\/magazinonline\/#\/schema\/logo\/image\/"},"sameAs":["https:\/\/www.facebook.com\/EurotechIasi\/"]}]}},"_links":{"self":[{"href":"https:\/\/eurotech-iasi.ro\/magazinonline\/wp-json\/wp\/v2\/product\/111990","targetHints":{"allow":["GET"]}}],"collection":[{"href":"https:\/\/eurotech-iasi.ro\/magazinonline\/wp-json\/wp\/v2\/product"}],"about":[{"href":"https:\/\/eurotech-iasi.ro\/magazinonline\/wp-json\/wp\/v2\/types\/product"}],"replies":[{"embeddable":true,"href":"https:\/\/eurotech-iasi.ro\/magazinonline\/wp-json\/wp\/v2\/comments?post=111990"}],"wp:featuredmedia":[{"embeddable":true,"href":"https:\/\/eurotech-iasi.ro\/magazinonline\/wp-json\/wp\/v2\/media\/111991"}],"wp:attachment":[{"href":"https:\/\/eurotech-iasi.ro\/magazinonline\/wp-json\/wp\/v2\/media?parent=111990"}],"wp:term":[{"taxonomy":"product_cat","embeddable":true,"href":"https:\/\/eurotech-iasi.ro\/magazinonline\/wp-json\/wp\/v2\/product_cat?post=111990"},{"taxonomy":"product_tag","embeddable":true,"href":"https:\/\/eurotech-iasi.ro\/magazinonline\/wp-json\/wp\/v2\/product_tag?post=111990"},{"taxonomy":"woo-feed-brand","embeddable":true,"href":"https:\/\/eurotech-iasi.ro\/magazinonline\/wp-json\/wp\/v2\/woo-feed-brand?post=111990"}],"curies":[{"name":"wp","href":"https:\/\/api.w.org\/{rel}","templated":true}]}}