{"id":112014,"date":"2025-08-14T11:24:20","date_gmt":"2025-08-14T08:24:20","guid":{"rendered":"https:\/\/eurotech-iasi.ro\/magazinonline\/?post_type=product&#038;p=112014"},"modified":"2026-02-11T11:04:49","modified_gmt":"2026-02-11T09:04:49","slug":"motoferastrau-stihl-msa-160-c-b-fara-incarcator-si-acumulator-sistem-ap","status":"publish","type":"product","link":"https:\/\/eurotech-iasi.ro\/magazinonline\/produs\/motoferastrau-stihl-msa-160-c-b-fara-incarcator-si-acumulator-sistem-ap\/","title":{"rendered":"Motoferastrau Stihl MSA 160 C-B fara incarcator si acumulator &#8211; Sistem AP"},"content":{"rendered":"<h3>Motoferastrau Stihl MSA 160 C-B fara incarcator si acumulator este un\u00a0 <strong>motoferastrau puternic cu baterie <\/strong>ideal de a fi utilizat in zonele sensibile la zgomot, la taierea lemnelor de foc , taierea pomilor fructiferi sau s\u0103 lucra\u021bi \u00een lemn.<\/h3>\n<p>Deoarece motorul func\u021bioneaz\u0103 silen\u021bios \u0219i f\u0103r\u0103 emisii, pute\u021bi utiliza blocul de alimentare chiar \u0219i <strong>\u00een zone sensibile la zgomot<\/strong>\u00a0\u00a0\u0219i chiar\u00a0\u00a0<strong>\u00een \u00eenc\u0103peri \u00eenchise<\/strong>\u00a0\u00a0.<\/p>\n<p>Motofer\u0103str\u0103ul STIHL MSA 160 CB este o mare putere printre motofer\u0103str\u0103ile cu baterie.\u00a0Transmisia direct\u0103 a puterii c\u0103tre\u00a0\u00a0lan\u021bul de fer\u0103str\u0103u STIHL 1\/4&#8243; PM3,\u00a0\u00a0precum \u0219i puterea motorului controlat\u0103 inteligent asigur\u0103\u00a0\u00a0<strong>performan\u021be ridicate de t\u0103iere<\/strong>\u00a0, chiar \u0219i pe ramuri \u0219i grinzi mai groase.\u00a0Datorit\u0103 num\u0103rului mic de componente electrice, fer\u0103str\u0103ul este cu adev\u0103rat u\u0219or, \u00een ciuda performan\u021bei sale.\u00a0Cu cei 3,1 kg (f\u0103r\u0103 baterie), sarcinile de lucru \u0219i mai lungi pot fi efectuate\u00a0<strong>cu pu\u021bin efort\u00a0<\/strong>\u00a0.<\/p>\n<p>Alte caracteristici ale motofer\u0103str\u0103ului f\u0103r\u0103 fir STIHL MSA 160 CB:<\/p>\n<ul>\n<li>Cu\u00a0\u00a0\u00eentinz\u0103torul rapid de lan\u021b STIHL\u00a0\u00a0pute\u021bi tensiona lan\u021bul \u00een siguran\u021b\u0103 \u0219i u\u0219or, chiar \u0219i f\u0103r\u0103 unelte.<\/li>\n<li>Datorit\u0103\u00a0\u00a0<strong>sistemului de fr\u00e2nare QuickStop Super,<\/strong>\u00a0\u00a0ave\u021bi mai mult\u0103 siguran\u021b\u0103 la locul de munc\u0103.<\/li>\n<\/ul>\n<p>Toate uneltele f\u0103r\u0103 fir din\u00a0\u00a0sistemul STIHL AP\u00a0\u00a0sunt concepute pentru aplica\u021bii profesionale \u0219i pentru utilizare zilnic\u0103, chiar \u0219i \u00een condi\u021bii meteorologice nefavorabile. Prin urmare, au testat protec\u021bia \u00eempotriva stropilor de ap\u0103. Eficacitatea este dovedit\u0103 prin teste interne exigente. Testul de stropire cu ap\u0103 se bazeaz\u0103, printre altele, pe standardul IPX4.<\/p>\n<ul>\n<li>Motofer\u0103str\u0103u silen\u021bios f\u0103r\u0103 fir pentru zone sensibile la zgomot<\/li>\n<li>Pentru pasiona\u021bii de bricolaj \u0219i profesioni\u0219ti<\/li>\n<li>pentru utilizarea in agricultura, peisagistica si artizanat<\/li>\n<li>Performan\u021b\u0103 ridicat\u0103 de t\u0103iere \u0219i t\u0103iere fin\u0103<\/li>\n<li>Retensionare u\u0219oar\u0103 a lan\u021bului datorit\u0103 sistemului de lan\u021b cu eliberare rapid\u0103 STIHL<\/li>\n<\/ul>\n<h4 class=\"product-details__highlights\">Specificatii tehnice:<\/h4>\n<ul>\n<li>Lungimea \u0219inei 30 cm<\/li>\n<li>Tensiune nominal\u0103 36V<\/li>\n<li>Greutate 3,5 kg 1 )<\/li>\n<li>Nivelul de presiune al sunetului 85 dB(A) 2 )<\/li>\n<li>Nivel de putere sonor\u0103 93 dB(A) 2 )<\/li>\n<li>Valoarea vibra\u021biei st\u00e2nga\/dreapta 4,6\/3,9 m\/s\u00b2 3 )<\/li>\n<li>Pasul lan\u021bului fer\u0103str\u0103ului 1\/4&#8243;P<\/li>\n<li>Baterie recomandat\u0103 AP200<\/li>\n<li>Durata de via\u021b\u0103 a bateriei cu AP 200 p\u00e2n\u0103 la 42 de minute 4 )<\/li>\n<li>Nivel de protec\u021bie IP IPX4<\/li>\n<\/ul>\n<h4><strong>Setul de livrare <\/strong>Drujba Stihl MSA 160 C-B <strong>cuprinde:<\/strong><\/h4>\n<p>1 buc x DRUJBA STIHL MSA 160.0 C-B 30 CM 1,1 MM (MA032000005)<\/p>\n<p>&nbsp;<\/p>\n","protected":false},"excerpt":{"rendered":"<p><strong>Motoferastrau Stihl MSA 160 C-B fara incarcator si acumulator<\/strong> este un\u00a0 <strong>motoferastrau puternic cu baterie <\/strong>ideal de a fi utilizat in zonele sensibile la zgomot, la taierea lemnelor de foc , taierea pomilor fructiferi sau s\u0103 lucra\u021bi \u00een lemn.<\/p>\n<p><em><strong>Cod produs: MA032000005<\/strong><\/em><\/p>\n<p><a href=\"https:\/\/eurotech-iasi.ro\/magazinonline\/categorie-produs\/sistemul-cu-acumulator-stihl-ap\/\"><img loading=\"lazy\" decoding=\"async\" class=\" wp-image-108570\" src=\"https:\/\/eurotech-iasi.ro\/magazinonline\/wp-content\/uploads\/2019\/03\/11.png\" alt=\"Sistemul cu acumulator STIHL AP\" width=\"254\" height=\"109\" srcset=\"https:\/\/eurotech-iasi.ro\/magazinonline\/wp-content\/uploads\/2019\/03\/11.png 350w, https:\/\/eurotech-iasi.ro\/magazinonline\/wp-content\/uploads\/2019\/03\/11-300x129.png 300w\" sizes=\"auto, (max-width: 254px) 100vw, 254px\" \/><\/a><\/p>\n<p><span style=\"color: #ff0000;\"><em><a href=\"https:\/\/www.stihl.ro\/ro\"><img loading=\"lazy\" decoding=\"async\" class=\" wp-image-108363 alignleft\" src=\"https:\/\/eurotech-iasi.ro\/magazinonline\/wp-content\/uploads\/2019\/03\/150-x-75-stihl.png\" alt=\"\" width=\"70\" height=\"35\" \/><\/a><a href=\"https:\/\/eurotech-iasi.ro\/magazinonline\/?attachment_id=87685\" rel=\"attachment wp-att-87685\"><img loading=\"lazy\" decoding=\"async\" class=\"wp-image-87685 aligncenter\" src=\"https:\/\/eurotech-iasi.ro\/magazinonline\/wp-content\/uploads\/2019\/06\/2-1-150x150.png\" alt=\"\" width=\"72\" height=\"72\" srcset=\"https:\/\/eurotech-iasi.ro\/magazinonline\/wp-content\/uploads\/2019\/06\/2-1-150x150.png 150w, https:\/\/eurotech-iasi.ro\/magazinonline\/wp-content\/uploads\/2019\/06\/2-1-100x100.png 100w, https:\/\/eurotech-iasi.ro\/magazinonline\/wp-content\/uploads\/2019\/06\/2-1.png 200w\" sizes=\"auto, (max-width: 72px) 100vw, 72px\" \/><\/a><\/em><\/span><\/p>\n<h5><span style=\"color: #eb782b;\"><em><strong>\u00a0<a href=\"https:\/\/eurotech-iasi.ro\/magazinonline\/termeni-si-conditii\/\">*Garan\u021bie 2 ani<\/a> + 6 luni Extra Garan\u021bie. <\/strong><\/em><\/span><\/h5>\n<h5><span style=\"color: #eb782b;\"><em><strong>\u00cenregistreaz\u0103\u00a0 produsul achizi\u021bionat de la noi, \u00een termen de <\/strong><\/em><\/span><span style=\"color: #003366;\"><em><strong>30 de zile de la cump\u0103rare<\/strong><\/em><\/span><span style=\"color: #eb782b;\"><em><strong>, pe site-ul oficial STIHL la adresa<a href=\"https:\/\/preg.stihl.com\/?lang=RO_ro&amp;country=RO\">\u00a0preg.stihl.com<\/a> \u0219i profit\u0103 de prelungirea gratuit\u0103 a garan\u021biei cu 6 luni !<\/strong><\/em><\/span><\/h5>\n","protected":false},"featured_media":112017,"comment_status":"open","ping_status":"closed","template":"","meta":{"_acf_changed":false},"product_cat":[4337,4364,14504,14505],"product_tag":[],"woo-feed-brand":[],"class_list":{"0":"post-112014","1":"product","2":"type-product","3":"status-publish","4":"has-post-thumbnail","6":"product_brand-stihl","7":"product_cat-gradinarit-agricultura","8":"product_cat-motofierastraie","9":"product_cat-sistemele-cu-acumulator-stihl","10":"product_cat-sistemul-cu-acumulator-stihl-ap","11":"pa_brand-stihl","13":"first","14":"instock","15":"shipping-taxable","16":"purchasable","17":"product-type-simple"},"acf":[],"yoast_head":"<!-- This site is optimized with the Yoast SEO plugin v27.3 - https:\/\/yoast.com\/product\/yoast-seo-wordpress\/ -->\n<title>Motoferastrau Stihl MSA 160 C-B fara incarcator si acumulator - Sistem AP - Eurotech Iasi<\/title>\n<meta name=\"robots\" content=\"index, follow, max-snippet:-1, max-image-preview:large, max-video-preview:-1\" \/>\n<link rel=\"canonical\" href=\"https:\/\/eurotech-iasi.ro\/magazinonline\/produs\/motoferastrau-stihl-msa-160-c-b-fara-incarcator-si-acumulator-sistem-ap\/\" \/>\n<meta property=\"og:locale\" content=\"ro_RO\" \/>\n<meta property=\"og:type\" content=\"article\" \/>\n<meta property=\"og:title\" content=\"Motoferastrau Stihl MSA 160 C-B fara incarcator si acumulator - Sistem AP - Eurotech Iasi\" \/>\n<meta property=\"og:description\" content=\"Motoferastrau Stihl MSA 160 C-B fara incarcator si acumulator este un\u00a0 motoferastrau puternic cu baterie ideal de a fi utilizat in zonele sensibile la zgomot, la taierea lemnelor de foc , taierea pomilor fructiferi sau s\u0103 lucra\u021bi \u00een lemn.  Cod produs: MA032000005     \u00a0*Garan\u021bie 2 ani + 6 luni Extra Garan\u021bie.  \u00cenregistreaz\u0103\u00a0 produsul achizi\u021bionat de la noi, \u00een termen de 30 de zile de la cump\u0103rare, pe site-ul oficial STIHL la adresa\u00a0preg.stihl.com \u0219i profit\u0103 de prelungirea gratuit\u0103 a garan\u021biei cu 6 luni !\" \/>\n<meta property=\"og:url\" content=\"https:\/\/eurotech-iasi.ro\/magazinonline\/produs\/motoferastrau-stihl-msa-160-c-b-fara-incarcator-si-acumulator-sistem-ap\/\" \/>\n<meta property=\"og:site_name\" content=\"Eurotech Iasi\" \/>\n<meta property=\"article:publisher\" content=\"https:\/\/www.facebook.com\/EurotechIasi\/\" \/>\n<meta property=\"article:modified_time\" content=\"2026-02-11T09:04:49+00:00\" \/>\n<meta property=\"og:image\" content=\"https:\/\/eurotech-iasi.ro\/magazinonline\/wp-content\/uploads\/2025\/08\/Motoferastrau-Stihl-MSA-160-C-B-fara-incarcator-si-acumulator-Sistem-AP-3.png\" \/>\n\t<meta property=\"og:image:width\" content=\"750\" \/>\n\t<meta property=\"og:image:height\" content=\"750\" \/>\n\t<meta property=\"og:image:type\" content=\"image\/png\" \/>\n<meta name=\"twitter:label1\" content=\"Timp estimat pentru citire\" \/>\n\t<meta name=\"twitter:data1\" content=\"2 minute\" \/>\n<script type=\"application\/ld+json\" class=\"yoast-schema-graph\">{\"@context\":\"https:\\\/\\\/schema.org\",\"@graph\":[{\"@type\":\"WebPage\",\"@id\":\"https:\\\/\\\/eurotech-iasi.ro\\\/magazinonline\\\/produs\\\/motoferastrau-stihl-msa-160-c-b-fara-incarcator-si-acumulator-sistem-ap\\\/\",\"url\":\"https:\\\/\\\/eurotech-iasi.ro\\\/magazinonline\\\/produs\\\/motoferastrau-stihl-msa-160-c-b-fara-incarcator-si-acumulator-sistem-ap\\\/\",\"name\":\"Motoferastrau Stihl MSA 160 C-B fara incarcator si acumulator - Sistem AP - Eurotech Iasi\",\"isPartOf\":{\"@id\":\"https:\\\/\\\/eurotech-iasi.ro\\\/magazinonline\\\/#website\"},\"primaryImageOfPage\":{\"@id\":\"https:\\\/\\\/eurotech-iasi.ro\\\/magazinonline\\\/produs\\\/motoferastrau-stihl-msa-160-c-b-fara-incarcator-si-acumulator-sistem-ap\\\/#primaryimage\"},\"image\":{\"@id\":\"https:\\\/\\\/eurotech-iasi.ro\\\/magazinonline\\\/produs\\\/motoferastrau-stihl-msa-160-c-b-fara-incarcator-si-acumulator-sistem-ap\\\/#primaryimage\"},\"thumbnailUrl\":\"https:\\\/\\\/eurotech-iasi.ro\\\/magazinonline\\\/wp-content\\\/uploads\\\/2025\\\/08\\\/Motoferastrau-Stihl-MSA-160-C-B-fara-incarcator-si-acumulator-Sistem-AP-3.png\",\"datePublished\":\"2025-08-14T08:24:20+00:00\",\"dateModified\":\"2026-02-11T09:04:49+00:00\",\"breadcrumb\":{\"@id\":\"https:\\\/\\\/eurotech-iasi.ro\\\/magazinonline\\\/produs\\\/motoferastrau-stihl-msa-160-c-b-fara-incarcator-si-acumulator-sistem-ap\\\/#breadcrumb\"},\"inLanguage\":\"ro-RO\",\"potentialAction\":[{\"@type\":\"ReadAction\",\"target\":[\"https:\\\/\\\/eurotech-iasi.ro\\\/magazinonline\\\/produs\\\/motoferastrau-stihl-msa-160-c-b-fara-incarcator-si-acumulator-sistem-ap\\\/\"]}]},{\"@type\":\"ImageObject\",\"inLanguage\":\"ro-RO\",\"@id\":\"https:\\\/\\\/eurotech-iasi.ro\\\/magazinonline\\\/produs\\\/motoferastrau-stihl-msa-160-c-b-fara-incarcator-si-acumulator-sistem-ap\\\/#primaryimage\",\"url\":\"https:\\\/\\\/eurotech-iasi.ro\\\/magazinonline\\\/wp-content\\\/uploads\\\/2025\\\/08\\\/Motoferastrau-Stihl-MSA-160-C-B-fara-incarcator-si-acumulator-Sistem-AP-3.png\",\"contentUrl\":\"https:\\\/\\\/eurotech-iasi.ro\\\/magazinonline\\\/wp-content\\\/uploads\\\/2025\\\/08\\\/Motoferastrau-Stihl-MSA-160-C-B-fara-incarcator-si-acumulator-Sistem-AP-3.png\",\"width\":750,\"height\":750,\"caption\":\"Motoferastrau Stihl MSA 160 C-B fara incarcator si acumulator - Sistem AP\"},{\"@type\":\"BreadcrumbList\",\"@id\":\"https:\\\/\\\/eurotech-iasi.ro\\\/magazinonline\\\/produs\\\/motoferastrau-stihl-msa-160-c-b-fara-incarcator-si-acumulator-sistem-ap\\\/#breadcrumb\",\"itemListElement\":[{\"@type\":\"ListItem\",\"position\":1,\"name\":\"Prima pagin\u0103\",\"item\":\"https:\\\/\\\/eurotech-iasi.ro\\\/magazinonline\\\/\"},{\"@type\":\"ListItem\",\"position\":2,\"name\":\"Shop\",\"item\":\"https:\\\/\\\/eurotech-iasi.ro\\\/magazinonline\\\/shop\\\/\"},{\"@type\":\"ListItem\",\"position\":3,\"name\":\"Motoferastrau Stihl MSA 160 C-B fara incarcator si acumulator &#8211; Sistem AP\"}]},{\"@type\":\"WebSite\",\"@id\":\"https:\\\/\\\/eurotech-iasi.ro\\\/magazinonline\\\/#website\",\"url\":\"https:\\\/\\\/eurotech-iasi.ro\\\/magazinonline\\\/\",\"name\":\"Eurotech Iasi\",\"description\":\"Cu oameni seriosi\",\"publisher\":{\"@id\":\"https:\\\/\\\/eurotech-iasi.ro\\\/magazinonline\\\/#organization\"},\"potentialAction\":[{\"@type\":\"SearchAction\",\"target\":{\"@type\":\"EntryPoint\",\"urlTemplate\":\"https:\\\/\\\/eurotech-iasi.ro\\\/magazinonline\\\/?s={search_term_string}\"},\"query-input\":{\"@type\":\"PropertyValueSpecification\",\"valueRequired\":true,\"valueName\":\"search_term_string\"}}],\"inLanguage\":\"ro-RO\"},{\"@type\":\"Organization\",\"@id\":\"https:\\\/\\\/eurotech-iasi.ro\\\/magazinonline\\\/#organization\",\"name\":\"Eurotech Iasi\",\"url\":\"https:\\\/\\\/eurotech-iasi.ro\\\/magazinonline\\\/\",\"logo\":{\"@type\":\"ImageObject\",\"inLanguage\":\"ro-RO\",\"@id\":\"https:\\\/\\\/eurotech-iasi.ro\\\/magazinonline\\\/#\\\/schema\\\/logo\\\/image\\\/\",\"url\":\"https:\\\/\\\/eurotech-iasi.ro\\\/magazinonline\\\/wp-content\\\/uploads\\\/2020\\\/08\\\/logo-eurotech.png\",\"contentUrl\":\"https:\\\/\\\/eurotech-iasi.ro\\\/magazinonline\\\/wp-content\\\/uploads\\\/2020\\\/08\\\/logo-eurotech.png\",\"width\":290,\"height\":70,\"caption\":\"Eurotech Iasi\"},\"image\":{\"@id\":\"https:\\\/\\\/eurotech-iasi.ro\\\/magazinonline\\\/#\\\/schema\\\/logo\\\/image\\\/\"},\"sameAs\":[\"https:\\\/\\\/www.facebook.com\\\/EurotechIasi\\\/\"]}]}<\/script>\n<!-- \/ Yoast SEO plugin. -->","yoast_head_json":{"title":"Motoferastrau Stihl MSA 160 C-B fara incarcator si acumulator - Sistem AP - Eurotech Iasi","robots":{"index":"index","follow":"follow","max-snippet":"max-snippet:-1","max-image-preview":"max-image-preview:large","max-video-preview":"max-video-preview:-1"},"canonical":"https:\/\/eurotech-iasi.ro\/magazinonline\/produs\/motoferastrau-stihl-msa-160-c-b-fara-incarcator-si-acumulator-sistem-ap\/","og_locale":"ro_RO","og_type":"article","og_title":"Motoferastrau Stihl MSA 160 C-B fara incarcator si acumulator - Sistem AP - Eurotech Iasi","og_description":"Motoferastrau Stihl MSA 160 C-B fara incarcator si acumulator este un\u00a0 motoferastrau puternic cu baterie ideal de a fi utilizat in zonele sensibile la zgomot, la taierea lemnelor de foc , taierea pomilor fructiferi sau s\u0103 lucra\u021bi \u00een lemn.  Cod produs: MA032000005     \u00a0*Garan\u021bie 2 ani + 6 luni Extra Garan\u021bie.  \u00cenregistreaz\u0103\u00a0 produsul achizi\u021bionat de la noi, \u00een termen de 30 de zile de la cump\u0103rare, pe site-ul oficial STIHL la adresa\u00a0preg.stihl.com \u0219i profit\u0103 de prelungirea gratuit\u0103 a garan\u021biei cu 6 luni !","og_url":"https:\/\/eurotech-iasi.ro\/magazinonline\/produs\/motoferastrau-stihl-msa-160-c-b-fara-incarcator-si-acumulator-sistem-ap\/","og_site_name":"Eurotech Iasi","article_publisher":"https:\/\/www.facebook.com\/EurotechIasi\/","article_modified_time":"2026-02-11T09:04:49+00:00","og_image":[{"width":750,"height":750,"url":"https:\/\/eurotech-iasi.ro\/magazinonline\/wp-content\/uploads\/2025\/08\/Motoferastrau-Stihl-MSA-160-C-B-fara-incarcator-si-acumulator-Sistem-AP-3.png","type":"image\/png"}],"twitter_misc":{"Timp estimat pentru citire":"2 minute"},"schema":{"@context":"https:\/\/schema.org","@graph":[{"@type":"WebPage","@id":"https:\/\/eurotech-iasi.ro\/magazinonline\/produs\/motoferastrau-stihl-msa-160-c-b-fara-incarcator-si-acumulator-sistem-ap\/","url":"https:\/\/eurotech-iasi.ro\/magazinonline\/produs\/motoferastrau-stihl-msa-160-c-b-fara-incarcator-si-acumulator-sistem-ap\/","name":"Motoferastrau Stihl MSA 160 C-B fara incarcator si acumulator - Sistem AP - Eurotech Iasi","isPartOf":{"@id":"https:\/\/eurotech-iasi.ro\/magazinonline\/#website"},"primaryImageOfPage":{"@id":"https:\/\/eurotech-iasi.ro\/magazinonline\/produs\/motoferastrau-stihl-msa-160-c-b-fara-incarcator-si-acumulator-sistem-ap\/#primaryimage"},"image":{"@id":"https:\/\/eurotech-iasi.ro\/magazinonline\/produs\/motoferastrau-stihl-msa-160-c-b-fara-incarcator-si-acumulator-sistem-ap\/#primaryimage"},"thumbnailUrl":"https:\/\/eurotech-iasi.ro\/magazinonline\/wp-content\/uploads\/2025\/08\/Motoferastrau-Stihl-MSA-160-C-B-fara-incarcator-si-acumulator-Sistem-AP-3.png","datePublished":"2025-08-14T08:24:20+00:00","dateModified":"2026-02-11T09:04:49+00:00","breadcrumb":{"@id":"https:\/\/eurotech-iasi.ro\/magazinonline\/produs\/motoferastrau-stihl-msa-160-c-b-fara-incarcator-si-acumulator-sistem-ap\/#breadcrumb"},"inLanguage":"ro-RO","potentialAction":[{"@type":"ReadAction","target":["https:\/\/eurotech-iasi.ro\/magazinonline\/produs\/motoferastrau-stihl-msa-160-c-b-fara-incarcator-si-acumulator-sistem-ap\/"]}]},{"@type":"ImageObject","inLanguage":"ro-RO","@id":"https:\/\/eurotech-iasi.ro\/magazinonline\/produs\/motoferastrau-stihl-msa-160-c-b-fara-incarcator-si-acumulator-sistem-ap\/#primaryimage","url":"https:\/\/eurotech-iasi.ro\/magazinonline\/wp-content\/uploads\/2025\/08\/Motoferastrau-Stihl-MSA-160-C-B-fara-incarcator-si-acumulator-Sistem-AP-3.png","contentUrl":"https:\/\/eurotech-iasi.ro\/magazinonline\/wp-content\/uploads\/2025\/08\/Motoferastrau-Stihl-MSA-160-C-B-fara-incarcator-si-acumulator-Sistem-AP-3.png","width":750,"height":750,"caption":"Motoferastrau Stihl MSA 160 C-B fara incarcator si acumulator - Sistem AP"},{"@type":"BreadcrumbList","@id":"https:\/\/eurotech-iasi.ro\/magazinonline\/produs\/motoferastrau-stihl-msa-160-c-b-fara-incarcator-si-acumulator-sistem-ap\/#breadcrumb","itemListElement":[{"@type":"ListItem","position":1,"name":"Prima pagin\u0103","item":"https:\/\/eurotech-iasi.ro\/magazinonline\/"},{"@type":"ListItem","position":2,"name":"Shop","item":"https:\/\/eurotech-iasi.ro\/magazinonline\/shop\/"},{"@type":"ListItem","position":3,"name":"Motoferastrau Stihl MSA 160 C-B fara incarcator si acumulator &#8211; Sistem AP"}]},{"@type":"WebSite","@id":"https:\/\/eurotech-iasi.ro\/magazinonline\/#website","url":"https:\/\/eurotech-iasi.ro\/magazinonline\/","name":"Eurotech Iasi","description":"Cu oameni seriosi","publisher":{"@id":"https:\/\/eurotech-iasi.ro\/magazinonline\/#organization"},"potentialAction":[{"@type":"SearchAction","target":{"@type":"EntryPoint","urlTemplate":"https:\/\/eurotech-iasi.ro\/magazinonline\/?s={search_term_string}"},"query-input":{"@type":"PropertyValueSpecification","valueRequired":true,"valueName":"search_term_string"}}],"inLanguage":"ro-RO"},{"@type":"Organization","@id":"https:\/\/eurotech-iasi.ro\/magazinonline\/#organization","name":"Eurotech Iasi","url":"https:\/\/eurotech-iasi.ro\/magazinonline\/","logo":{"@type":"ImageObject","inLanguage":"ro-RO","@id":"https:\/\/eurotech-iasi.ro\/magazinonline\/#\/schema\/logo\/image\/","url":"https:\/\/eurotech-iasi.ro\/magazinonline\/wp-content\/uploads\/2020\/08\/logo-eurotech.png","contentUrl":"https:\/\/eurotech-iasi.ro\/magazinonline\/wp-content\/uploads\/2020\/08\/logo-eurotech.png","width":290,"height":70,"caption":"Eurotech Iasi"},"image":{"@id":"https:\/\/eurotech-iasi.ro\/magazinonline\/#\/schema\/logo\/image\/"},"sameAs":["https:\/\/www.facebook.com\/EurotechIasi\/"]}]}},"_links":{"self":[{"href":"https:\/\/eurotech-iasi.ro\/magazinonline\/wp-json\/wp\/v2\/product\/112014","targetHints":{"allow":["GET"]}}],"collection":[{"href":"https:\/\/eurotech-iasi.ro\/magazinonline\/wp-json\/wp\/v2\/product"}],"about":[{"href":"https:\/\/eurotech-iasi.ro\/magazinonline\/wp-json\/wp\/v2\/types\/product"}],"replies":[{"embeddable":true,"href":"https:\/\/eurotech-iasi.ro\/magazinonline\/wp-json\/wp\/v2\/comments?post=112014"}],"wp:featuredmedia":[{"embeddable":true,"href":"https:\/\/eurotech-iasi.ro\/magazinonline\/wp-json\/wp\/v2\/media\/112017"}],"wp:attachment":[{"href":"https:\/\/eurotech-iasi.ro\/magazinonline\/wp-json\/wp\/v2\/media?parent=112014"}],"wp:term":[{"taxonomy":"product_cat","embeddable":true,"href":"https:\/\/eurotech-iasi.ro\/magazinonline\/wp-json\/wp\/v2\/product_cat?post=112014"},{"taxonomy":"product_tag","embeddable":true,"href":"https:\/\/eurotech-iasi.ro\/magazinonline\/wp-json\/wp\/v2\/product_tag?post=112014"},{"taxonomy":"woo-feed-brand","embeddable":true,"href":"https:\/\/eurotech-iasi.ro\/magazinonline\/wp-json\/wp\/v2\/woo-feed-brand?post=112014"}],"curies":[{"name":"wp","href":"https:\/\/api.w.org\/{rel}","templated":true}]}}