{"id":112030,"date":"2025-08-15T11:03:38","date_gmt":"2025-08-15T08:03:38","guid":{"rendered":"https:\/\/eurotech-iasi.ro\/magazinonline\/?post_type=product&#038;p=112030"},"modified":"2026-03-09T17:05:44","modified_gmt":"2026-03-09T15:05:44","slug":"foarfeca-electrica-gard-viu-50-cm-stihl-hse-52","status":"publish","type":"product","link":"https:\/\/eurotech-iasi.ro\/magazinonline\/produs\/foarfeca-electrica-gard-viu-50-cm-stihl-hse-52\/","title":{"rendered":"Foarfeca electrica gard viu 50 cm STIHL HSE 52"},"content":{"rendered":"<h4>Foarfeca electrica gard viu 50 cm STIHL HSE 52 este alegerea sigur\u0103 pentru \u00eentre\u021binerea gardurilor vii \u0219i a arbu\u0219tilor ornamentali din jurul casei,\u00a0 ideala pentru t\u0103ierea precis\u0103 a ramurilor \u0219i a crengilor sub\u021biri.<\/h4>\n<p>Motorul de 460 W pune \u00een mi\u0219care o lam\u0103 de 50 cm, astfel \u00eenc\u00e2t s\u0103 ob\u021bii t\u0103ieturi curate \u0219i controlate, chiar \u0219i pe crengile sub\u021biri. La numai 3,1 kg (f\u0103r\u0103 cablu), modelul este u\u0219or de manevrat pe durate mai lungi, cu vibra\u021bii reduse \u0219i un nivel sonor potrivit zonelor sensibile la zgomot. Siguran\u021ba este dublat\u0103 <strong>de comanda cu dou\u0103 m\u00e2in<\/strong>i, <strong>ap\u0103r\u0103toare pentru m\u00e2ini<\/strong>, <strong>protec\u021bie de v\u00e2rf<\/strong> pentru lucru l\u00e2ng\u0103 pere\u021bi \u0219i<strong> fr\u00e2n\u0103 mecanic\u0103<\/strong> care opre\u0219te cu\u021bitul \u00een mai putin de<strong> 1 secund\u0103<\/strong> la eliberarea \u00eentrerup\u0103torului. Sistemul de <strong>detensionare a cablului<\/strong> previne deconectarea accidental\u0103.<\/p>\n<p><strong>Puncte forte Foarfeca electrica gard viu 50 cm STIHL HSE 52:<\/strong><\/p>\n<ul>\n<li>T\u0103iere precis\u0103 \u0219i uniform\u0103 pe garduri vii mici \u0219i arbu\u0219ti;<\/li>\n<li>Foarte u\u0219oar\u0103 \u0219i silen\u021bioas\u0103 \u2013 confort la utilizare \u00eendelungat\u0103;<\/li>\n<li>Control cu dou\u0103 m\u00e2ini + fr\u00e2n\u0103 lam\u0103 &lt; 1 s pentru lucru \u00een siguran\u021b\u0103;<\/li>\n<li>Protec\u021bie v\u00e2rf &#8211; pentru t\u0103ieri aproape de sol, zid sau gard;<\/li>\n<li>Detensionare cablu \u2013 nu se desprinde \u0219techerul la trageri accidentale.<\/li>\n<\/ul>\n<p><strong> Detalii tehnice:<\/strong><\/p>\n<p>Tensiune nominal\u0103 &#8211; 240 V<br \/>\nPuterea consumat\u0103 &#8211; 460 W<br \/>\nRata de curs\u0103 &#8211; 3400 rot\/min (rpm)<br \/>\nGreutatea dispozitivului f\u0103r\u0103 cablu &#8211; 3.1 kg 1)<br \/>\nLungime de t\u0103iere &#8211; 50 cm<br \/>\nDistan\u021ba \u00eentre din\u021bi &#8211; 23 mm<br \/>\nNivelul presiunii sonore-\u00a0 87 dB(A) 2)<br \/>\nNivelul puterii sonore &#8211; 95 dB(A) 2)<br \/>\nValoarea vibra\u021biilor st\u00e2nga &#8211; 3.1 m\/s\u00b2 3)<br \/>\nValoarea vibra\u021biilor dreapta &#8211; 1.5 m\/s\u00b2 3<\/p>\n","protected":false},"excerpt":{"rendered":"<h4>Foarfeca electrica gard viu 50 cm STIHL HSE 52 este alegerea sigur\u0103 pentru \u00eentre\u021binerea gardurilor vii \u0219i a arbu\u0219tilor ornamentali din jurul casei,\u00a0 ideala pentru t\u0103ierea precis\u0103 a ramurilor \u0219i a crengilor sub\u021biri.<\/h4>\n<p><em><strong>Cod produs: 48180113532<\/strong><\/em><\/p>\n<p>&nbsp;<\/p>\n<p><span style=\"color: #ff0000;\"><em><a href=\"https:\/\/www.stihl.ro\/ro\"><img loading=\"lazy\" decoding=\"async\" class=\" wp-image-108363 alignleft\" src=\"https:\/\/eurotech-iasi.ro\/magazinonline\/wp-content\/uploads\/2019\/03\/150-x-75-stihl.png\" alt=\"\" width=\"70\" height=\"35\" \/><\/a><a href=\"https:\/\/eurotech-iasi.ro\/magazinonline\/?attachment_id=87685\" rel=\"attachment wp-att-87685\"><img loading=\"lazy\" decoding=\"async\" class=\"wp-image-87685 alignleft\" src=\"https:\/\/eurotech-iasi.ro\/magazinonline\/wp-content\/uploads\/2019\/06\/2-1-150x150.png\" alt=\"\" width=\"72\" height=\"72\" srcset=\"https:\/\/eurotech-iasi.ro\/magazinonline\/wp-content\/uploads\/2019\/06\/2-1-150x150.png 150w, https:\/\/eurotech-iasi.ro\/magazinonline\/wp-content\/uploads\/2019\/06\/2-1-100x100.png 100w, https:\/\/eurotech-iasi.ro\/magazinonline\/wp-content\/uploads\/2019\/06\/2-1.png 200w\" sizes=\"auto, (max-width: 72px) 100vw, 72px\" \/><\/a><\/em><\/span><\/p>\n<h5><\/h5>\n<h5><\/h5>\n<h5><span style=\"color: #eb782b;\"><em><strong>\u00a0<a href=\"https:\/\/eurotech-iasi.ro\/magazinonline\/termeni-si-conditii\/\">*Garan\u021bie 2 ani<\/a> + 6 luni Extra Garan\u021bie. <\/strong><\/em><\/span><\/h5>\n<h5><span style=\"color: #eb782b;\"><em><strong>\u00cenregistreaz\u0103\u00a0 produsul achizi\u021bionat de la noi, \u00een termen de <\/strong><\/em><\/span><span style=\"color: #003366;\"><em><strong>30 de zile de la cump\u0103rare<\/strong><\/em><\/span><span style=\"color: #eb782b;\"><em><strong>, pe site-ul oficial STIHL la adresa<a href=\"https:\/\/preg.stihl.com\/?lang=RO_ro&amp;country=RO\">\u00a0preg.stihl.com<\/a> \u0219i profit\u0103 de prelungirea gratuit\u0103 a garan\u021biei cu 6 luni !<\/strong><\/em><\/span><\/h5>\n","protected":false},"featured_media":112034,"comment_status":"open","ping_status":"closed","template":"","meta":{"_acf_changed":false},"product_cat":[6413,13512,4337,6412],"product_tag":[],"woo-feed-brand":[],"class_list":{"0":"post-112030","1":"product","2":"type-product","3":"status-publish","4":"has-post-thumbnail","6":"product_brand-stihl","7":"product_cat-extra-reduceri","8":"product_cat-foarfece-de-gradina","9":"product_cat-gradinarit-agricultura","10":"product_cat-promotie-stihl","11":"pa_brand-stihl","12":"pa_greutate-3-1-kg","13":"pa_putere-consumata-460-w","15":"first","16":"instock","17":"sale","18":"purchasable","19":"product-type-simple"},"acf":[],"yoast_head":"<!-- This site is optimized with the Yoast SEO plugin v27.3 - https:\/\/yoast.com\/product\/yoast-seo-wordpress\/ -->\n<title>Foarfeca electrica gard viu 50 cm STIHL HSE 52 - Eurotech Iasi<\/title>\n<meta name=\"description\" content=\"Foarfece cu acumulator STIHL HSA 25, este un foarfece confortabil cu acumulatori ideal pentru taierea usoara a arbustilor ornamentali cu frunze mici.\" \/>\n<meta name=\"robots\" content=\"index, follow, max-snippet:-1, max-image-preview:large, max-video-preview:-1\" \/>\n<link rel=\"canonical\" href=\"https:\/\/eurotech-iasi.ro\/magazinonline\/produs\/foarfeca-electrica-gard-viu-50-cm-stihl-hse-52\/\" \/>\n<meta property=\"og:locale\" content=\"ro_RO\" \/>\n<meta property=\"og:type\" content=\"article\" \/>\n<meta property=\"og:title\" content=\"Foarfeca electrica gard viu 50 cm STIHL HSE 52 - Eurotech Iasi\" \/>\n<meta property=\"og:description\" content=\"Foarfece cu acumulator STIHL HSA 25, este un foarfece confortabil cu acumulatori ideal pentru taierea usoara a arbustilor ornamentali cu frunze mici.\" \/>\n<meta property=\"og:url\" content=\"https:\/\/eurotech-iasi.ro\/magazinonline\/produs\/foarfeca-electrica-gard-viu-50-cm-stihl-hse-52\/\" \/>\n<meta property=\"og:site_name\" content=\"Eurotech Iasi\" \/>\n<meta property=\"article:publisher\" content=\"https:\/\/www.facebook.com\/EurotechIasi\/\" \/>\n<meta property=\"article:modified_time\" content=\"2026-03-09T15:05:44+00:00\" \/>\n<meta property=\"og:image\" content=\"https:\/\/eurotech-iasi.ro\/magazinonline\/wp-content\/uploads\/2025\/08\/Foarfeca-electrica-gard-viu-50-cm-STIHL-HSE-52-4.png\" \/>\n\t<meta property=\"og:image:width\" content=\"750\" \/>\n\t<meta property=\"og:image:height\" content=\"750\" \/>\n\t<meta property=\"og:image:type\" content=\"image\/png\" \/>\n<meta name=\"twitter:label1\" content=\"Timp estimat pentru citire\" \/>\n\t<meta name=\"twitter:data1\" content=\"2 minute\" \/>\n<script type=\"application\/ld+json\" class=\"yoast-schema-graph\">{\"@context\":\"https:\\\/\\\/schema.org\",\"@graph\":[{\"@type\":\"WebPage\",\"@id\":\"https:\\\/\\\/eurotech-iasi.ro\\\/magazinonline\\\/produs\\\/foarfeca-electrica-gard-viu-50-cm-stihl-hse-52\\\/\",\"url\":\"https:\\\/\\\/eurotech-iasi.ro\\\/magazinonline\\\/produs\\\/foarfeca-electrica-gard-viu-50-cm-stihl-hse-52\\\/\",\"name\":\"Foarfeca electrica gard viu 50 cm STIHL HSE 52 - Eurotech Iasi\",\"isPartOf\":{\"@id\":\"https:\\\/\\\/eurotech-iasi.ro\\\/magazinonline\\\/#website\"},\"primaryImageOfPage\":{\"@id\":\"https:\\\/\\\/eurotech-iasi.ro\\\/magazinonline\\\/produs\\\/foarfeca-electrica-gard-viu-50-cm-stihl-hse-52\\\/#primaryimage\"},\"image\":{\"@id\":\"https:\\\/\\\/eurotech-iasi.ro\\\/magazinonline\\\/produs\\\/foarfeca-electrica-gard-viu-50-cm-stihl-hse-52\\\/#primaryimage\"},\"thumbnailUrl\":\"https:\\\/\\\/eurotech-iasi.ro\\\/magazinonline\\\/wp-content\\\/uploads\\\/2025\\\/08\\\/Foarfeca-electrica-gard-viu-50-cm-STIHL-HSE-52-4.png\",\"datePublished\":\"2025-08-15T08:03:38+00:00\",\"dateModified\":\"2026-03-09T15:05:44+00:00\",\"description\":\"Foarfece cu acumulator STIHL HSA 25, este un foarfece confortabil cu acumulatori ideal pentru taierea usoara a arbustilor ornamentali cu frunze mici.\",\"breadcrumb\":{\"@id\":\"https:\\\/\\\/eurotech-iasi.ro\\\/magazinonline\\\/produs\\\/foarfeca-electrica-gard-viu-50-cm-stihl-hse-52\\\/#breadcrumb\"},\"inLanguage\":\"ro-RO\",\"potentialAction\":[{\"@type\":\"ReadAction\",\"target\":[\"https:\\\/\\\/eurotech-iasi.ro\\\/magazinonline\\\/produs\\\/foarfeca-electrica-gard-viu-50-cm-stihl-hse-52\\\/\"]}]},{\"@type\":\"ImageObject\",\"inLanguage\":\"ro-RO\",\"@id\":\"https:\\\/\\\/eurotech-iasi.ro\\\/magazinonline\\\/produs\\\/foarfeca-electrica-gard-viu-50-cm-stihl-hse-52\\\/#primaryimage\",\"url\":\"https:\\\/\\\/eurotech-iasi.ro\\\/magazinonline\\\/wp-content\\\/uploads\\\/2025\\\/08\\\/Foarfeca-electrica-gard-viu-50-cm-STIHL-HSE-52-4.png\",\"contentUrl\":\"https:\\\/\\\/eurotech-iasi.ro\\\/magazinonline\\\/wp-content\\\/uploads\\\/2025\\\/08\\\/Foarfeca-electrica-gard-viu-50-cm-STIHL-HSE-52-4.png\",\"width\":750,\"height\":750,\"caption\":\"Foarfeca electrica gard viu 50 cm STIHL HSE 52\"},{\"@type\":\"BreadcrumbList\",\"@id\":\"https:\\\/\\\/eurotech-iasi.ro\\\/magazinonline\\\/produs\\\/foarfeca-electrica-gard-viu-50-cm-stihl-hse-52\\\/#breadcrumb\",\"itemListElement\":[{\"@type\":\"ListItem\",\"position\":1,\"name\":\"Prima pagin\u0103\",\"item\":\"https:\\\/\\\/eurotech-iasi.ro\\\/magazinonline\\\/\"},{\"@type\":\"ListItem\",\"position\":2,\"name\":\"Shop\",\"item\":\"https:\\\/\\\/eurotech-iasi.ro\\\/magazinonline\\\/shop\\\/\"},{\"@type\":\"ListItem\",\"position\":3,\"name\":\"Foarfeca electrica gard viu 50 cm STIHL HSE 52\"}]},{\"@type\":\"WebSite\",\"@id\":\"https:\\\/\\\/eurotech-iasi.ro\\\/magazinonline\\\/#website\",\"url\":\"https:\\\/\\\/eurotech-iasi.ro\\\/magazinonline\\\/\",\"name\":\"Eurotech Iasi\",\"description\":\"Cu oameni seriosi\",\"publisher\":{\"@id\":\"https:\\\/\\\/eurotech-iasi.ro\\\/magazinonline\\\/#organization\"},\"potentialAction\":[{\"@type\":\"SearchAction\",\"target\":{\"@type\":\"EntryPoint\",\"urlTemplate\":\"https:\\\/\\\/eurotech-iasi.ro\\\/magazinonline\\\/?s={search_term_string}\"},\"query-input\":{\"@type\":\"PropertyValueSpecification\",\"valueRequired\":true,\"valueName\":\"search_term_string\"}}],\"inLanguage\":\"ro-RO\"},{\"@type\":\"Organization\",\"@id\":\"https:\\\/\\\/eurotech-iasi.ro\\\/magazinonline\\\/#organization\",\"name\":\"Eurotech Iasi\",\"url\":\"https:\\\/\\\/eurotech-iasi.ro\\\/magazinonline\\\/\",\"logo\":{\"@type\":\"ImageObject\",\"inLanguage\":\"ro-RO\",\"@id\":\"https:\\\/\\\/eurotech-iasi.ro\\\/magazinonline\\\/#\\\/schema\\\/logo\\\/image\\\/\",\"url\":\"https:\\\/\\\/eurotech-iasi.ro\\\/magazinonline\\\/wp-content\\\/uploads\\\/2020\\\/08\\\/logo-eurotech.png\",\"contentUrl\":\"https:\\\/\\\/eurotech-iasi.ro\\\/magazinonline\\\/wp-content\\\/uploads\\\/2020\\\/08\\\/logo-eurotech.png\",\"width\":290,\"height\":70,\"caption\":\"Eurotech Iasi\"},\"image\":{\"@id\":\"https:\\\/\\\/eurotech-iasi.ro\\\/magazinonline\\\/#\\\/schema\\\/logo\\\/image\\\/\"},\"sameAs\":[\"https:\\\/\\\/www.facebook.com\\\/EurotechIasi\\\/\"]}]}<\/script>\n<!-- \/ Yoast SEO plugin. -->","yoast_head_json":{"title":"Foarfeca electrica gard viu 50 cm STIHL HSE 52 - Eurotech Iasi","description":"Foarfece cu acumulator STIHL HSA 25, este un foarfece confortabil cu acumulatori ideal pentru taierea usoara a arbustilor ornamentali cu frunze mici.","robots":{"index":"index","follow":"follow","max-snippet":"max-snippet:-1","max-image-preview":"max-image-preview:large","max-video-preview":"max-video-preview:-1"},"canonical":"https:\/\/eurotech-iasi.ro\/magazinonline\/produs\/foarfeca-electrica-gard-viu-50-cm-stihl-hse-52\/","og_locale":"ro_RO","og_type":"article","og_title":"Foarfeca electrica gard viu 50 cm STIHL HSE 52 - Eurotech Iasi","og_description":"Foarfece cu acumulator STIHL HSA 25, este un foarfece confortabil cu acumulatori ideal pentru taierea usoara a arbustilor ornamentali cu frunze mici.","og_url":"https:\/\/eurotech-iasi.ro\/magazinonline\/produs\/foarfeca-electrica-gard-viu-50-cm-stihl-hse-52\/","og_site_name":"Eurotech Iasi","article_publisher":"https:\/\/www.facebook.com\/EurotechIasi\/","article_modified_time":"2026-03-09T15:05:44+00:00","og_image":[{"width":750,"height":750,"url":"https:\/\/eurotech-iasi.ro\/magazinonline\/wp-content\/uploads\/2025\/08\/Foarfeca-electrica-gard-viu-50-cm-STIHL-HSE-52-4.png","type":"image\/png"}],"twitter_misc":{"Timp estimat pentru citire":"2 minute"},"schema":{"@context":"https:\/\/schema.org","@graph":[{"@type":"WebPage","@id":"https:\/\/eurotech-iasi.ro\/magazinonline\/produs\/foarfeca-electrica-gard-viu-50-cm-stihl-hse-52\/","url":"https:\/\/eurotech-iasi.ro\/magazinonline\/produs\/foarfeca-electrica-gard-viu-50-cm-stihl-hse-52\/","name":"Foarfeca electrica gard viu 50 cm STIHL HSE 52 - Eurotech Iasi","isPartOf":{"@id":"https:\/\/eurotech-iasi.ro\/magazinonline\/#website"},"primaryImageOfPage":{"@id":"https:\/\/eurotech-iasi.ro\/magazinonline\/produs\/foarfeca-electrica-gard-viu-50-cm-stihl-hse-52\/#primaryimage"},"image":{"@id":"https:\/\/eurotech-iasi.ro\/magazinonline\/produs\/foarfeca-electrica-gard-viu-50-cm-stihl-hse-52\/#primaryimage"},"thumbnailUrl":"https:\/\/eurotech-iasi.ro\/magazinonline\/wp-content\/uploads\/2025\/08\/Foarfeca-electrica-gard-viu-50-cm-STIHL-HSE-52-4.png","datePublished":"2025-08-15T08:03:38+00:00","dateModified":"2026-03-09T15:05:44+00:00","description":"Foarfece cu acumulator STIHL HSA 25, este un foarfece confortabil cu acumulatori ideal pentru taierea usoara a arbustilor ornamentali cu frunze mici.","breadcrumb":{"@id":"https:\/\/eurotech-iasi.ro\/magazinonline\/produs\/foarfeca-electrica-gard-viu-50-cm-stihl-hse-52\/#breadcrumb"},"inLanguage":"ro-RO","potentialAction":[{"@type":"ReadAction","target":["https:\/\/eurotech-iasi.ro\/magazinonline\/produs\/foarfeca-electrica-gard-viu-50-cm-stihl-hse-52\/"]}]},{"@type":"ImageObject","inLanguage":"ro-RO","@id":"https:\/\/eurotech-iasi.ro\/magazinonline\/produs\/foarfeca-electrica-gard-viu-50-cm-stihl-hse-52\/#primaryimage","url":"https:\/\/eurotech-iasi.ro\/magazinonline\/wp-content\/uploads\/2025\/08\/Foarfeca-electrica-gard-viu-50-cm-STIHL-HSE-52-4.png","contentUrl":"https:\/\/eurotech-iasi.ro\/magazinonline\/wp-content\/uploads\/2025\/08\/Foarfeca-electrica-gard-viu-50-cm-STIHL-HSE-52-4.png","width":750,"height":750,"caption":"Foarfeca electrica gard viu 50 cm STIHL HSE 52"},{"@type":"BreadcrumbList","@id":"https:\/\/eurotech-iasi.ro\/magazinonline\/produs\/foarfeca-electrica-gard-viu-50-cm-stihl-hse-52\/#breadcrumb","itemListElement":[{"@type":"ListItem","position":1,"name":"Prima pagin\u0103","item":"https:\/\/eurotech-iasi.ro\/magazinonline\/"},{"@type":"ListItem","position":2,"name":"Shop","item":"https:\/\/eurotech-iasi.ro\/magazinonline\/shop\/"},{"@type":"ListItem","position":3,"name":"Foarfeca electrica gard viu 50 cm STIHL HSE 52"}]},{"@type":"WebSite","@id":"https:\/\/eurotech-iasi.ro\/magazinonline\/#website","url":"https:\/\/eurotech-iasi.ro\/magazinonline\/","name":"Eurotech Iasi","description":"Cu oameni seriosi","publisher":{"@id":"https:\/\/eurotech-iasi.ro\/magazinonline\/#organization"},"potentialAction":[{"@type":"SearchAction","target":{"@type":"EntryPoint","urlTemplate":"https:\/\/eurotech-iasi.ro\/magazinonline\/?s={search_term_string}"},"query-input":{"@type":"PropertyValueSpecification","valueRequired":true,"valueName":"search_term_string"}}],"inLanguage":"ro-RO"},{"@type":"Organization","@id":"https:\/\/eurotech-iasi.ro\/magazinonline\/#organization","name":"Eurotech Iasi","url":"https:\/\/eurotech-iasi.ro\/magazinonline\/","logo":{"@type":"ImageObject","inLanguage":"ro-RO","@id":"https:\/\/eurotech-iasi.ro\/magazinonline\/#\/schema\/logo\/image\/","url":"https:\/\/eurotech-iasi.ro\/magazinonline\/wp-content\/uploads\/2020\/08\/logo-eurotech.png","contentUrl":"https:\/\/eurotech-iasi.ro\/magazinonline\/wp-content\/uploads\/2020\/08\/logo-eurotech.png","width":290,"height":70,"caption":"Eurotech Iasi"},"image":{"@id":"https:\/\/eurotech-iasi.ro\/magazinonline\/#\/schema\/logo\/image\/"},"sameAs":["https:\/\/www.facebook.com\/EurotechIasi\/"]}]}},"_links":{"self":[{"href":"https:\/\/eurotech-iasi.ro\/magazinonline\/wp-json\/wp\/v2\/product\/112030","targetHints":{"allow":["GET"]}}],"collection":[{"href":"https:\/\/eurotech-iasi.ro\/magazinonline\/wp-json\/wp\/v2\/product"}],"about":[{"href":"https:\/\/eurotech-iasi.ro\/magazinonline\/wp-json\/wp\/v2\/types\/product"}],"replies":[{"embeddable":true,"href":"https:\/\/eurotech-iasi.ro\/magazinonline\/wp-json\/wp\/v2\/comments?post=112030"}],"wp:featuredmedia":[{"embeddable":true,"href":"https:\/\/eurotech-iasi.ro\/magazinonline\/wp-json\/wp\/v2\/media\/112034"}],"wp:attachment":[{"href":"https:\/\/eurotech-iasi.ro\/magazinonline\/wp-json\/wp\/v2\/media?parent=112030"}],"wp:term":[{"taxonomy":"product_cat","embeddable":true,"href":"https:\/\/eurotech-iasi.ro\/magazinonline\/wp-json\/wp\/v2\/product_cat?post=112030"},{"taxonomy":"product_tag","embeddable":true,"href":"https:\/\/eurotech-iasi.ro\/magazinonline\/wp-json\/wp\/v2\/product_tag?post=112030"},{"taxonomy":"woo-feed-brand","embeddable":true,"href":"https:\/\/eurotech-iasi.ro\/magazinonline\/wp-json\/wp\/v2\/woo-feed-brand?post=112030"}],"curies":[{"name":"wp","href":"https:\/\/api.w.org\/{rel}","templated":true}]}}