{"id":112752,"date":"2025-10-10T09:47:03","date_gmt":"2025-10-10T06:47:03","guid":{"rendered":"https:\/\/eurotech-iasi.ro\/magazinonline\/?post_type=product&#038;p=112752"},"modified":"2025-10-10T10:08:54","modified_gmt":"2025-10-10T07:08:54","slug":"ciocan-demolator-1600w-70j-yato","status":"publish","type":"product","link":"https:\/\/eurotech-iasi.ro\/magazinonline\/produs\/ciocan-demolator-1600w-70j-yato\/","title":{"rendered":"Ciocan demolator 1600W 70J &#8211; Yato"},"content":{"rendered":"<p><strong>Cel mai puternic ciocan demolator\/picamer\u00a0 (70 J) <\/strong><strong>r\u0103cit cu ulei<\/strong>\u00a0(5W30) din clasa sa. Proiectat pentru demolarea betonului armat, cum ar fi\u00a0<strong>suporturi, pl\u0103ci armate cu o\u021bel A-III \u0219i A-0, tavane de r\u0103zuit sau compactare a solului<\/strong>\u00a0, cu v\u00e2rful corespunz\u0103tor (YT-47385 se achizi\u021bioneaz\u0103 separat).<\/p>\n<div class=\"product_section product_section_description\">\n<div class=\"product_section_content\">\n<div class=\"__i\">\n<div class=\"description\">\n<section id=\"projector_longdescription\" class=\"longdescription cm\" data-dictionary=\"true\">\n<ul>\n<li><strong>trece testul la forjare orizontal\u0103<\/strong>\u00a0, datorit\u0103 cursei scurte a pistonului \u0219i frecven\u021bei mari de impact (nu provoac\u0103 efectul de \u00eempingere a operatorului cu ciocanul departe de perete atunci c\u00e2nd este \u021binut orizontal, \u00een loc de forjare, ceea ce este caracteristic multor modele de ciocan de pe pia\u021b\u0103)<\/li>\n<li><strong>R\u0103cirea eficient\u0103 a uleiului protejeaz\u0103 ma\u0219ina de supra\u00eenc\u0103lzire \u00een timpul lucr\u0103rilor grele<\/strong>\u00a0\u0219i, datorit\u0103 v\u00e2scozit\u0103\u021bii sale mai mici dec\u00e2t gr\u0103simea, provoac\u0103 o rezisten\u021b\u0103 mai mic\u0103 la frecare a mecanismului, prelungind semnificativ durata de via\u021b\u0103 a ma\u0219inii<\/li>\n<li><strong>M\u00e2nerul anti-vibra\u021bii<\/strong> protejeaz\u0103 operatorul ciocanului de efectele adverse ale vibra\u021biilor \u0219i reduce oboseala cauzat\u0103 de \u021binerea ciocanului \u00een func\u021biune<\/li>\n<li><strong>diametrul mare al pistonului mecanismului electropneumatic garanteaz\u0103 o energie mare a unei singure lovituri (p\u00e2n\u0103 la 70J),<\/strong>\u00a0ceea ce permite baterea eficient\u0103 a unui volum semnificativ de beton, pe unitatea de timp de lucru<\/li>\n<\/ul>\n<p>Mandrina hexagonal\u0103 (diametru 30 mm)\u00a0<strong>func\u021bioneaz\u0103 cu d\u0103l\u021bi auto-ascu\u021bitoare pentru beton armat, lope\u021bi pentru s\u0103pat \u00een p\u0103m\u00e2nt dur, pilon pentru sol \u0219i d\u0103l\u021bi clasice de la d\u0103l\u021bi la d\u0103l\u021bi late<\/strong> (35, 75, 125 mm). intervalul indicelui Yato de la YT-47370 la YT-47385).<\/p>\n<\/section>\n<\/div>\n<\/div>\n<\/div>\n<\/div>\n<h3>Specificatii tehnice &#8211; Ciocan demolator 1600W 70J &#8211; Yato<\/h3>\n<p>Regim de lucru: Hobby<br \/>\nAlimentare: La retea<br \/>\nTensiune: 220-240 V<br \/>\nFrecventa: 50 Hz<br \/>\nPutere: 1600 W<br \/>\nEnergia de impact: 70 J<br \/>\nSoc : electropneumatic<br \/>\nAplicare: Beton, beton armat, caramida<br \/>\nManer: Hex 30 mm<br \/>\nLovituri\/min: 1900 b.p.m.<br \/>\nCaracteristici de lucru: forjare<br \/>\nClasa de izolare electrica: II<br \/>\nGrad de protectie: IPX0<br \/>\nPresiune acustica: 91,3 \u00b1 3,0 dB(A)<br \/>\nPutere acustica: 100,4 \u00b1 2,42 dB(A)<br \/>\nVibratii: 14,59 \u00b1 1,5 m\/s\u00b2<br \/>\nGreutate: 14,8 kg<\/p>\n","protected":false},"excerpt":{"rendered":"<p><strong>Ciocan demolator 1600W 70J &#8211; Yato<\/strong> este cel mai puternic ciocan demolator\/picamer\u00a0 (70 J) r\u0103cit cu ulei\u00a0(5W30) din clasa sa.<\/p>\n<p><em><strong>Cod produs: YT-82002<\/strong><\/em><\/p>\n","protected":false},"featured_media":112757,"comment_status":"open","ping_status":"closed","template":"","meta":{"_acf_changed":false},"product_cat":[4309,4306],"product_tag":[],"woo-feed-brand":[],"class_list":{"0":"post-112752","1":"product","2":"type-product","3":"status-publish","4":"has-post-thumbnail","6":"product_brand-yato","7":"product_cat-ciocane-demolatoare","8":"product_cat-scule-electrice","9":"pa_brand-yato","10":"pa_energie-de-impact-70-j","11":"pa_greutate-148-kg-2","12":"pa_putere-1600-w","14":"first","15":"instock","16":"purchasable","17":"product-type-simple"},"acf":[],"yoast_head":"<!-- This site is optimized with the Yoast SEO plugin v27.3 - https:\/\/yoast.com\/product\/yoast-seo-wordpress\/ -->\n<title>Ciocan demolator 1600W 70J - Yato - Eurotech Iasi<\/title>\n<meta name=\"description\" content=\"Ciocan demolator DeWalt D25980K, acest model dispune de un motor puternic, de 2100 W, care ii asigura o eficienta si o rezistenta sporita.\" \/>\n<meta name=\"robots\" content=\"index, follow, max-snippet:-1, max-image-preview:large, max-video-preview:-1\" \/>\n<link rel=\"canonical\" href=\"https:\/\/eurotech-iasi.ro\/magazinonline\/produs\/ciocan-demolator-1600w-70j-yato\/\" \/>\n<meta property=\"og:locale\" content=\"ro_RO\" \/>\n<meta property=\"og:type\" content=\"article\" \/>\n<meta property=\"og:title\" content=\"Ciocan demolator 1600W 70J - Yato - Eurotech Iasi\" \/>\n<meta property=\"og:description\" content=\"Ciocan demolator DeWalt D25980K, acest model dispune de un motor puternic, de 2100 W, care ii asigura o eficienta si o rezistenta sporita.\" \/>\n<meta property=\"og:url\" content=\"https:\/\/eurotech-iasi.ro\/magazinonline\/produs\/ciocan-demolator-1600w-70j-yato\/\" \/>\n<meta property=\"og:site_name\" content=\"Eurotech Iasi\" \/>\n<meta property=\"article:publisher\" content=\"https:\/\/www.facebook.com\/EurotechIasi\/\" \/>\n<meta property=\"article:modified_time\" content=\"2025-10-10T07:08:54+00:00\" \/>\n<meta property=\"og:image\" content=\"https:\/\/eurotech-iasi.ro\/magazinonline\/wp-content\/uploads\/2025\/10\/Ciocan-demolator-1600W-70J-Yato-5.png\" \/>\n\t<meta property=\"og:image:width\" content=\"750\" \/>\n\t<meta property=\"og:image:height\" content=\"750\" \/>\n\t<meta property=\"og:image:type\" content=\"image\/png\" \/>\n<meta name=\"twitter:label1\" content=\"Timp estimat pentru citire\" \/>\n\t<meta name=\"twitter:data1\" content=\"2 minute\" \/>\n<script type=\"application\/ld+json\" class=\"yoast-schema-graph\">{\"@context\":\"https:\\\/\\\/schema.org\",\"@graph\":[{\"@type\":\"WebPage\",\"@id\":\"https:\\\/\\\/eurotech-iasi.ro\\\/magazinonline\\\/produs\\\/ciocan-demolator-1600w-70j-yato\\\/\",\"url\":\"https:\\\/\\\/eurotech-iasi.ro\\\/magazinonline\\\/produs\\\/ciocan-demolator-1600w-70j-yato\\\/\",\"name\":\"Ciocan demolator 1600W 70J - Yato - Eurotech Iasi\",\"isPartOf\":{\"@id\":\"https:\\\/\\\/eurotech-iasi.ro\\\/magazinonline\\\/#website\"},\"primaryImageOfPage\":{\"@id\":\"https:\\\/\\\/eurotech-iasi.ro\\\/magazinonline\\\/produs\\\/ciocan-demolator-1600w-70j-yato\\\/#primaryimage\"},\"image\":{\"@id\":\"https:\\\/\\\/eurotech-iasi.ro\\\/magazinonline\\\/produs\\\/ciocan-demolator-1600w-70j-yato\\\/#primaryimage\"},\"thumbnailUrl\":\"https:\\\/\\\/eurotech-iasi.ro\\\/magazinonline\\\/wp-content\\\/uploads\\\/2025\\\/10\\\/Ciocan-demolator-1600W-70J-Yato-5.png\",\"datePublished\":\"2025-10-10T06:47:03+00:00\",\"dateModified\":\"2025-10-10T07:08:54+00:00\",\"description\":\"Ciocan demolator DeWalt D25980K, acest model dispune de un motor puternic, de 2100 W, care ii asigura o eficienta si o rezistenta sporita.\",\"breadcrumb\":{\"@id\":\"https:\\\/\\\/eurotech-iasi.ro\\\/magazinonline\\\/produs\\\/ciocan-demolator-1600w-70j-yato\\\/#breadcrumb\"},\"inLanguage\":\"ro-RO\",\"potentialAction\":[{\"@type\":\"ReadAction\",\"target\":[\"https:\\\/\\\/eurotech-iasi.ro\\\/magazinonline\\\/produs\\\/ciocan-demolator-1600w-70j-yato\\\/\"]}]},{\"@type\":\"ImageObject\",\"inLanguage\":\"ro-RO\",\"@id\":\"https:\\\/\\\/eurotech-iasi.ro\\\/magazinonline\\\/produs\\\/ciocan-demolator-1600w-70j-yato\\\/#primaryimage\",\"url\":\"https:\\\/\\\/eurotech-iasi.ro\\\/magazinonline\\\/wp-content\\\/uploads\\\/2025\\\/10\\\/Ciocan-demolator-1600W-70J-Yato-5.png\",\"contentUrl\":\"https:\\\/\\\/eurotech-iasi.ro\\\/magazinonline\\\/wp-content\\\/uploads\\\/2025\\\/10\\\/Ciocan-demolator-1600W-70J-Yato-5.png\",\"width\":750,\"height\":750,\"caption\":\"Ciocan demolator 1600W 70J - Yato\"},{\"@type\":\"BreadcrumbList\",\"@id\":\"https:\\\/\\\/eurotech-iasi.ro\\\/magazinonline\\\/produs\\\/ciocan-demolator-1600w-70j-yato\\\/#breadcrumb\",\"itemListElement\":[{\"@type\":\"ListItem\",\"position\":1,\"name\":\"Prima pagin\u0103\",\"item\":\"https:\\\/\\\/eurotech-iasi.ro\\\/magazinonline\\\/\"},{\"@type\":\"ListItem\",\"position\":2,\"name\":\"Shop\",\"item\":\"https:\\\/\\\/eurotech-iasi.ro\\\/magazinonline\\\/shop\\\/\"},{\"@type\":\"ListItem\",\"position\":3,\"name\":\"Ciocan demolator 1600W 70J &#8211; Yato\"}]},{\"@type\":\"WebSite\",\"@id\":\"https:\\\/\\\/eurotech-iasi.ro\\\/magazinonline\\\/#website\",\"url\":\"https:\\\/\\\/eurotech-iasi.ro\\\/magazinonline\\\/\",\"name\":\"Eurotech Iasi\",\"description\":\"Cu oameni seriosi\",\"publisher\":{\"@id\":\"https:\\\/\\\/eurotech-iasi.ro\\\/magazinonline\\\/#organization\"},\"potentialAction\":[{\"@type\":\"SearchAction\",\"target\":{\"@type\":\"EntryPoint\",\"urlTemplate\":\"https:\\\/\\\/eurotech-iasi.ro\\\/magazinonline\\\/?s={search_term_string}\"},\"query-input\":{\"@type\":\"PropertyValueSpecification\",\"valueRequired\":true,\"valueName\":\"search_term_string\"}}],\"inLanguage\":\"ro-RO\"},{\"@type\":\"Organization\",\"@id\":\"https:\\\/\\\/eurotech-iasi.ro\\\/magazinonline\\\/#organization\",\"name\":\"Eurotech Iasi\",\"url\":\"https:\\\/\\\/eurotech-iasi.ro\\\/magazinonline\\\/\",\"logo\":{\"@type\":\"ImageObject\",\"inLanguage\":\"ro-RO\",\"@id\":\"https:\\\/\\\/eurotech-iasi.ro\\\/magazinonline\\\/#\\\/schema\\\/logo\\\/image\\\/\",\"url\":\"https:\\\/\\\/eurotech-iasi.ro\\\/magazinonline\\\/wp-content\\\/uploads\\\/2020\\\/08\\\/logo-eurotech.png\",\"contentUrl\":\"https:\\\/\\\/eurotech-iasi.ro\\\/magazinonline\\\/wp-content\\\/uploads\\\/2020\\\/08\\\/logo-eurotech.png\",\"width\":290,\"height\":70,\"caption\":\"Eurotech Iasi\"},\"image\":{\"@id\":\"https:\\\/\\\/eurotech-iasi.ro\\\/magazinonline\\\/#\\\/schema\\\/logo\\\/image\\\/\"},\"sameAs\":[\"https:\\\/\\\/www.facebook.com\\\/EurotechIasi\\\/\"]}]}<\/script>\n<!-- \/ Yoast SEO plugin. -->","yoast_head_json":{"title":"Ciocan demolator 1600W 70J - Yato - Eurotech Iasi","description":"Ciocan demolator DeWalt D25980K, acest model dispune de un motor puternic, de 2100 W, care ii asigura o eficienta si o rezistenta sporita.","robots":{"index":"index","follow":"follow","max-snippet":"max-snippet:-1","max-image-preview":"max-image-preview:large","max-video-preview":"max-video-preview:-1"},"canonical":"https:\/\/eurotech-iasi.ro\/magazinonline\/produs\/ciocan-demolator-1600w-70j-yato\/","og_locale":"ro_RO","og_type":"article","og_title":"Ciocan demolator 1600W 70J - Yato - Eurotech Iasi","og_description":"Ciocan demolator DeWalt D25980K, acest model dispune de un motor puternic, de 2100 W, care ii asigura o eficienta si o rezistenta sporita.","og_url":"https:\/\/eurotech-iasi.ro\/magazinonline\/produs\/ciocan-demolator-1600w-70j-yato\/","og_site_name":"Eurotech Iasi","article_publisher":"https:\/\/www.facebook.com\/EurotechIasi\/","article_modified_time":"2025-10-10T07:08:54+00:00","og_image":[{"width":750,"height":750,"url":"https:\/\/eurotech-iasi.ro\/magazinonline\/wp-content\/uploads\/2025\/10\/Ciocan-demolator-1600W-70J-Yato-5.png","type":"image\/png"}],"twitter_misc":{"Timp estimat pentru citire":"2 minute"},"schema":{"@context":"https:\/\/schema.org","@graph":[{"@type":"WebPage","@id":"https:\/\/eurotech-iasi.ro\/magazinonline\/produs\/ciocan-demolator-1600w-70j-yato\/","url":"https:\/\/eurotech-iasi.ro\/magazinonline\/produs\/ciocan-demolator-1600w-70j-yato\/","name":"Ciocan demolator 1600W 70J - Yato - Eurotech Iasi","isPartOf":{"@id":"https:\/\/eurotech-iasi.ro\/magazinonline\/#website"},"primaryImageOfPage":{"@id":"https:\/\/eurotech-iasi.ro\/magazinonline\/produs\/ciocan-demolator-1600w-70j-yato\/#primaryimage"},"image":{"@id":"https:\/\/eurotech-iasi.ro\/magazinonline\/produs\/ciocan-demolator-1600w-70j-yato\/#primaryimage"},"thumbnailUrl":"https:\/\/eurotech-iasi.ro\/magazinonline\/wp-content\/uploads\/2025\/10\/Ciocan-demolator-1600W-70J-Yato-5.png","datePublished":"2025-10-10T06:47:03+00:00","dateModified":"2025-10-10T07:08:54+00:00","description":"Ciocan demolator DeWalt D25980K, acest model dispune de un motor puternic, de 2100 W, care ii asigura o eficienta si o rezistenta sporita.","breadcrumb":{"@id":"https:\/\/eurotech-iasi.ro\/magazinonline\/produs\/ciocan-demolator-1600w-70j-yato\/#breadcrumb"},"inLanguage":"ro-RO","potentialAction":[{"@type":"ReadAction","target":["https:\/\/eurotech-iasi.ro\/magazinonline\/produs\/ciocan-demolator-1600w-70j-yato\/"]}]},{"@type":"ImageObject","inLanguage":"ro-RO","@id":"https:\/\/eurotech-iasi.ro\/magazinonline\/produs\/ciocan-demolator-1600w-70j-yato\/#primaryimage","url":"https:\/\/eurotech-iasi.ro\/magazinonline\/wp-content\/uploads\/2025\/10\/Ciocan-demolator-1600W-70J-Yato-5.png","contentUrl":"https:\/\/eurotech-iasi.ro\/magazinonline\/wp-content\/uploads\/2025\/10\/Ciocan-demolator-1600W-70J-Yato-5.png","width":750,"height":750,"caption":"Ciocan demolator 1600W 70J - Yato"},{"@type":"BreadcrumbList","@id":"https:\/\/eurotech-iasi.ro\/magazinonline\/produs\/ciocan-demolator-1600w-70j-yato\/#breadcrumb","itemListElement":[{"@type":"ListItem","position":1,"name":"Prima pagin\u0103","item":"https:\/\/eurotech-iasi.ro\/magazinonline\/"},{"@type":"ListItem","position":2,"name":"Shop","item":"https:\/\/eurotech-iasi.ro\/magazinonline\/shop\/"},{"@type":"ListItem","position":3,"name":"Ciocan demolator 1600W 70J &#8211; Yato"}]},{"@type":"WebSite","@id":"https:\/\/eurotech-iasi.ro\/magazinonline\/#website","url":"https:\/\/eurotech-iasi.ro\/magazinonline\/","name":"Eurotech Iasi","description":"Cu oameni seriosi","publisher":{"@id":"https:\/\/eurotech-iasi.ro\/magazinonline\/#organization"},"potentialAction":[{"@type":"SearchAction","target":{"@type":"EntryPoint","urlTemplate":"https:\/\/eurotech-iasi.ro\/magazinonline\/?s={search_term_string}"},"query-input":{"@type":"PropertyValueSpecification","valueRequired":true,"valueName":"search_term_string"}}],"inLanguage":"ro-RO"},{"@type":"Organization","@id":"https:\/\/eurotech-iasi.ro\/magazinonline\/#organization","name":"Eurotech Iasi","url":"https:\/\/eurotech-iasi.ro\/magazinonline\/","logo":{"@type":"ImageObject","inLanguage":"ro-RO","@id":"https:\/\/eurotech-iasi.ro\/magazinonline\/#\/schema\/logo\/image\/","url":"https:\/\/eurotech-iasi.ro\/magazinonline\/wp-content\/uploads\/2020\/08\/logo-eurotech.png","contentUrl":"https:\/\/eurotech-iasi.ro\/magazinonline\/wp-content\/uploads\/2020\/08\/logo-eurotech.png","width":290,"height":70,"caption":"Eurotech Iasi"},"image":{"@id":"https:\/\/eurotech-iasi.ro\/magazinonline\/#\/schema\/logo\/image\/"},"sameAs":["https:\/\/www.facebook.com\/EurotechIasi\/"]}]}},"_links":{"self":[{"href":"https:\/\/eurotech-iasi.ro\/magazinonline\/wp-json\/wp\/v2\/product\/112752","targetHints":{"allow":["GET"]}}],"collection":[{"href":"https:\/\/eurotech-iasi.ro\/magazinonline\/wp-json\/wp\/v2\/product"}],"about":[{"href":"https:\/\/eurotech-iasi.ro\/magazinonline\/wp-json\/wp\/v2\/types\/product"}],"replies":[{"embeddable":true,"href":"https:\/\/eurotech-iasi.ro\/magazinonline\/wp-json\/wp\/v2\/comments?post=112752"}],"wp:featuredmedia":[{"embeddable":true,"href":"https:\/\/eurotech-iasi.ro\/magazinonline\/wp-json\/wp\/v2\/media\/112757"}],"wp:attachment":[{"href":"https:\/\/eurotech-iasi.ro\/magazinonline\/wp-json\/wp\/v2\/media?parent=112752"}],"wp:term":[{"taxonomy":"product_cat","embeddable":true,"href":"https:\/\/eurotech-iasi.ro\/magazinonline\/wp-json\/wp\/v2\/product_cat?post=112752"},{"taxonomy":"product_tag","embeddable":true,"href":"https:\/\/eurotech-iasi.ro\/magazinonline\/wp-json\/wp\/v2\/product_tag?post=112752"},{"taxonomy":"woo-feed-brand","embeddable":true,"href":"https:\/\/eurotech-iasi.ro\/magazinonline\/wp-json\/wp\/v2\/woo-feed-brand?post=112752"}],"curies":[{"name":"wp","href":"https:\/\/api.w.org\/{rel}","templated":true}]}}