{"id":113643,"date":"2026-01-13T15:21:20","date_gmt":"2026-01-13T13:21:20","guid":{"rendered":"https:\/\/eurotech-iasi.ro\/magazinonline\/?post_type=product&#038;p=113643"},"modified":"2026-03-31T16:19:35","modified_gmt":"2026-03-31T13:19:35","slug":"pompa-airless-wagner-sf21-pro-lacquer-spraypack-207-bar","status":"publish","type":"product","link":"https:\/\/eurotech-iasi.ro\/magazinonline\/produs\/pompa-airless-wagner-sf21-pro-lacquer-spraypack-207-bar\/","title":{"rendered":"Pompa airless Wagner SF21 PRO Lacquer SprayPack 207 bar"},"content":{"rendered":"<p><strong>Pompa airless Wagner SF21 PRO Lacquer SprayPack motor 230V 0,9 kWeste <\/strong>pompa deala pentru aplicarea de vopsele pe baz\u0103 de ap\u0103 sau solventi, lacuri, emulsii si emailuri, ce ofera rezultate si finisaje perfecte la pulverizare, chiar si la presiuni foarte scazute.<\/p>\n<ul>\n<li>Design compact;<\/li>\n<li>Riscuri minime de daune daca unitatea ramane fara material;<\/li>\n<li>Economisiti material cu rezervorul si furtunul DN 3 de 7,5 m (\u00een medie 810 ml)<\/li>\n<li>SuperFinish 21 Pro combina toate avantajele unei pompe cu diafragma compacta \u00eentr-un dispozitiv de incredere.<\/li>\n<li>Curatarea pompei este usoara si consuma ungrad redus de agent de curatare datorita sectiunilor transversale mici din dispozitiv.<\/li>\n<li>Electronica a fost redusa la minimum, pentru un nivel ridicat de robustete.<\/li>\n<li>Motorul asincron fara perii, extrem de eficient si durabil, asigura performante fiabile.<\/li>\n<li>Setarea de presiune variabila permite o reglare uniforma de la 0-207 bar fara punct mort, iar presiunea de pulverizare poate fi citita cu usurinta de pe manometrul HEA.<\/li>\n<\/ul>\n<h3 class=\"section-title t-font-heading t-config-submenu-items-color\">Avantaje &#8211; <strong>Pompa de zugravit airlessWagner SuperFinish 21 PRO Lacquer SprayPack:<\/strong><\/h3>\n<div class=\"content pb-50\">\n<div class=\"product-description-content blured-desc all-desc-full\">\n<div>\n<div><strong>Potrivit pentru cantitati foarte mici:<\/strong><\/div>\n<ul>\n<li>Cu pana la 58% mai putin material in sistem, permite prelucrarea cantitatilor foarte mici de materiale.<\/li>\n<li>Datorita unei sectiuni mici in dispozitiv, ele economisesc material in timpul schimbarii si<\/li>\n<li>curatarii materialelor.<\/li>\n<\/ul>\n<div><strong>Mentenanta redus\u0103 si durat\u0103 lung\u0103 de viata:<\/strong><\/div>\n<ul>\n<li>Frecventa redusa a cursei diafragmei reduce semnificativ uzura pe numarul deja mic de<\/li>\n<li>piese supuse uzurii. Aceasta duce la costuri reduse de intretinere, in special in comparatie<\/li>\n<li>cu pompele cu piston conventionale de pe piata. In cazul in care totusi este necesara o<\/li>\n<li>reparatie, componentele relevante pot fi inlocuite usor si direct pe loc.<\/li>\n<\/ul>\n<div><strong>Rezultat de pulverizare fin si uniform:<\/strong><\/div>\n<ul>\n<li>Tehnologia diafragmei functioneaza cu o pulsatie extrem de mica, ceea ce previne neregularitatile in modelul de pulverizare.<\/li>\n<li>Este furnizata o geanta pentru scule, astfel incat unealta potrivita sa fie intotdeauna la indemana.<\/li>\n<\/ul>\n<\/div>\n<p><strong>LIVRAREA PENTRU POMPA DE ZUGRAVIT, VOPSIT, WAGNER SUPERFINISH 21\u00a0PRO INCLUDE:<\/strong><\/p>\n<ul>\n<li>Unitate de baz\u0103 SuperFinish 21 Pro<\/li>\n<li>Cuva material &#8211; 3,7 l<\/li>\n<li>Furtun material HP DN3, 7,5 m<\/li>\n<li>Pistol Vector Pro 1\/4&#8243; declansator 4 degete<\/li>\n<li>Garda protectie duza TradeTip3<\/li>\n<li>Duza FineFinish 410<\/li>\n<\/ul>\n<div><strong>Nu include sistem flexibil de aspiratie<\/strong><\/div>\n<h2>Specificatii tehnice -Pompa de zugravit airlessWagner SuperFinish 21 PRO <strong> Lacquer SprayPack<\/strong>:<\/h2>\n<\/div>\n<div>\n<ul>\n<li>Tehnologie &#8211; Diafragma .<\/li>\n<li>Putere motor &#8211; 0,9 kW<\/li>\n<li>Voltaj230 &#8211; 240 \/ 50 V \/ Hz<\/li>\n<li>Presiune maxima de functionare &#8211; 207 bar<\/li>\n<li>Debit material &#8211; 2,1 l\/min<\/li>\n<li>Capacitate rezervor material\u00a0 -3,7 l<\/li>\n<li>Vascozitate maxima material &#8211; 15000 mPas<\/li>\n<li>Duza maxima &#8211; 0,021 &#8220;<\/li>\n<li>Lungime maxima furtun &#8211; 15 m<\/li>\n<li>Greutate &#8211; 23,6 kg<\/li>\n<\/ul>\n<\/div>\n<\/div>\n<div>\n<p>&nbsp;<\/p>\n<\/div>\n<p><iframe loading=\"lazy\" title=\"YouTube video player\" src=\"https:\/\/www.youtube.com\/embed\/o9MXFlCgBcg?si=PhORAmeECkbfLGGY\" width=\"560\" height=\"315\" frameborder=\"0\" allowfullscreen=\"allowfullscreen\"><\/iframe><\/p>\n","protected":false},"excerpt":{"rendered":"<p><strong>Pompa airless Wagner SF21 PRO Lacquer SprayPack motor 230V 0,9 kWeste <\/strong>pompa deala pentru aplicarea de vopsele pe baz\u0103 de ap\u0103 sau solventi, lacuri, emulsii si emailuri, ce ofera rezultate si finisaje perfecte la pulverizare, chiar si la presiuni foarte scazute.<\/p>\n<h4><span class=\"help-phone\"><strong><span class=\"-g-product-details-help-phone\"><em><strong><span style=\"color: #ff0000;\">Ai nevoie de ajutor? Sun\u0103 la <\/span><\/strong>\u00a0<a href=\"tel:0740278809\"><strong>0740278809<\/strong><\/a><\/em><\/span><\/strong><\/span><\/h4>\n<p><em><strong>Cod produs: 4004025129889<\/strong><\/em><\/p>\n<p>&nbsp;<\/p>\n","protected":false},"featured_media":113645,"comment_status":"open","ping_status":"closed","template":"","meta":{"_acf_changed":false},"product_cat":[7053,12812,12066],"product_tag":[12174,12173,12175],"woo-feed-brand":[],"class_list":{"0":"post-113643","1":"product","2":"type-product","3":"status-publish","4":"has-post-thumbnail","6":"product_brand-wagner","7":"product_cat-pompe-airless","8":"product_cat-pompe-airless-cu-membrana","9":"product_cat-sisteme-de-pompare-si-finisaje-interioare","10":"product_tag-pompa-zopsit","11":"product_tag-pompa-zugravit-si-vopsit-cu-membrana-wagner","12":"product_tag-popma-wagner","13":"product_shipping_class-livrare-gratuita","14":"pa_brand-wagner","15":"pa_debit-21-l-min","16":"pa_greutate-23-6-kg","17":"pa_marime-max-duza-14360","18":"pa_presiune-maxima-207-bar","19":"pa_putere-motor-0-9-kw","20":"pa_voltaj-motor-230-v-50-hz","22":"first","23":"instock","24":"purchasable","25":"product-type-simple"},"acf":[],"yoast_head":"<!-- This site is optimized with the Yoast SEO plugin v27.3 - https:\/\/yoast.com\/product\/yoast-seo-wordpress\/ -->\n<title>Pompa airless Wagner SF21 PRO Lacquer SprayPack 207 bar - Eurotech Iasi<\/title>\n<meta name=\"description\" content=\"Pompa airless Wagner SF21 PRO Lacquer SprayPack motor 230V 0,9 kW este ideala pentru aplicarea de vopsele pe baz\u0103 de ap\u0103 sau solventi, lacuri, emulsii, etc\" \/>\n<meta name=\"robots\" content=\"index, follow, max-snippet:-1, max-image-preview:large, max-video-preview:-1\" \/>\n<link rel=\"canonical\" href=\"https:\/\/eurotech-iasi.ro\/magazinonline\/produs\/pompa-airless-wagner-sf21-pro-lacquer-spraypack-207-bar\/\" \/>\n<meta property=\"og:locale\" content=\"ro_RO\" \/>\n<meta property=\"og:type\" content=\"article\" \/>\n<meta property=\"og:title\" content=\"Pompa airless Wagner SF21 PRO Lacquer SprayPack 207 bar - Eurotech Iasi\" \/>\n<meta property=\"og:description\" content=\"Pompa airless Wagner SF21 PRO Lacquer SprayPack motor 230V 0,9 kW este ideala pentru aplicarea de vopsele pe baz\u0103 de ap\u0103 sau solventi, lacuri, emulsii, etc\" \/>\n<meta property=\"og:url\" content=\"https:\/\/eurotech-iasi.ro\/magazinonline\/produs\/pompa-airless-wagner-sf21-pro-lacquer-spraypack-207-bar\/\" \/>\n<meta property=\"og:site_name\" content=\"Eurotech Iasi\" \/>\n<meta property=\"article:publisher\" content=\"https:\/\/www.facebook.com\/EurotechIasi\/\" \/>\n<meta property=\"article:modified_time\" content=\"2026-03-31T13:19:35+00:00\" \/>\n<meta property=\"og:image\" content=\"https:\/\/eurotech-iasi.ro\/magazinonline\/wp-content\/uploads\/2026\/01\/Pompa-airless-Wagner-SF21-PRO-Lacquer-SprayPack-207-bar-3.png\" \/>\n\t<meta property=\"og:image:width\" content=\"750\" \/>\n\t<meta property=\"og:image:height\" content=\"750\" \/>\n\t<meta property=\"og:image:type\" content=\"image\/png\" \/>\n<meta name=\"twitter:label1\" content=\"Timp estimat pentru citire\" \/>\n\t<meta name=\"twitter:data1\" content=\"3 minute\" \/>\n<script type=\"application\/ld+json\" class=\"yoast-schema-graph\">{\"@context\":\"https:\\\/\\\/schema.org\",\"@graph\":[{\"@type\":\"WebPage\",\"@id\":\"https:\\\/\\\/eurotech-iasi.ro\\\/magazinonline\\\/produs\\\/pompa-airless-wagner-sf21-pro-lacquer-spraypack-207-bar\\\/\",\"url\":\"https:\\\/\\\/eurotech-iasi.ro\\\/magazinonline\\\/produs\\\/pompa-airless-wagner-sf21-pro-lacquer-spraypack-207-bar\\\/\",\"name\":\"Pompa airless Wagner SF21 PRO Lacquer SprayPack 207 bar - Eurotech Iasi\",\"isPartOf\":{\"@id\":\"https:\\\/\\\/eurotech-iasi.ro\\\/magazinonline\\\/#website\"},\"primaryImageOfPage\":{\"@id\":\"https:\\\/\\\/eurotech-iasi.ro\\\/magazinonline\\\/produs\\\/pompa-airless-wagner-sf21-pro-lacquer-spraypack-207-bar\\\/#primaryimage\"},\"image\":{\"@id\":\"https:\\\/\\\/eurotech-iasi.ro\\\/magazinonline\\\/produs\\\/pompa-airless-wagner-sf21-pro-lacquer-spraypack-207-bar\\\/#primaryimage\"},\"thumbnailUrl\":\"https:\\\/\\\/eurotech-iasi.ro\\\/magazinonline\\\/wp-content\\\/uploads\\\/2026\\\/01\\\/Pompa-airless-Wagner-SF21-PRO-Lacquer-SprayPack-207-bar-3.png\",\"datePublished\":\"2026-01-13T13:21:20+00:00\",\"dateModified\":\"2026-03-31T13:19:35+00:00\",\"description\":\"Pompa airless Wagner SF21 PRO Lacquer SprayPack motor 230V 0,9 kW este ideala pentru aplicarea de vopsele pe baz\u0103 de ap\u0103 sau solventi, lacuri, emulsii, etc\",\"breadcrumb\":{\"@id\":\"https:\\\/\\\/eurotech-iasi.ro\\\/magazinonline\\\/produs\\\/pompa-airless-wagner-sf21-pro-lacquer-spraypack-207-bar\\\/#breadcrumb\"},\"inLanguage\":\"ro-RO\",\"potentialAction\":[{\"@type\":\"ReadAction\",\"target\":[\"https:\\\/\\\/eurotech-iasi.ro\\\/magazinonline\\\/produs\\\/pompa-airless-wagner-sf21-pro-lacquer-spraypack-207-bar\\\/\"]}]},{\"@type\":\"ImageObject\",\"inLanguage\":\"ro-RO\",\"@id\":\"https:\\\/\\\/eurotech-iasi.ro\\\/magazinonline\\\/produs\\\/pompa-airless-wagner-sf21-pro-lacquer-spraypack-207-bar\\\/#primaryimage\",\"url\":\"https:\\\/\\\/eurotech-iasi.ro\\\/magazinonline\\\/wp-content\\\/uploads\\\/2026\\\/01\\\/Pompa-airless-Wagner-SF21-PRO-Lacquer-SprayPack-207-bar-3.png\",\"contentUrl\":\"https:\\\/\\\/eurotech-iasi.ro\\\/magazinonline\\\/wp-content\\\/uploads\\\/2026\\\/01\\\/Pompa-airless-Wagner-SF21-PRO-Lacquer-SprayPack-207-bar-3.png\",\"width\":750,\"height\":750,\"caption\":\"Pompa airless Wagner SF21 PRO Lacquer SprayPack 207 bar\"},{\"@type\":\"BreadcrumbList\",\"@id\":\"https:\\\/\\\/eurotech-iasi.ro\\\/magazinonline\\\/produs\\\/pompa-airless-wagner-sf21-pro-lacquer-spraypack-207-bar\\\/#breadcrumb\",\"itemListElement\":[{\"@type\":\"ListItem\",\"position\":1,\"name\":\"Prima pagin\u0103\",\"item\":\"https:\\\/\\\/eurotech-iasi.ro\\\/magazinonline\\\/\"},{\"@type\":\"ListItem\",\"position\":2,\"name\":\"Shop\",\"item\":\"https:\\\/\\\/eurotech-iasi.ro\\\/magazinonline\\\/shop\\\/\"},{\"@type\":\"ListItem\",\"position\":3,\"name\":\"Pompa airless Wagner SF21 PRO Lacquer SprayPack 207 bar\"}]},{\"@type\":\"WebSite\",\"@id\":\"https:\\\/\\\/eurotech-iasi.ro\\\/magazinonline\\\/#website\",\"url\":\"https:\\\/\\\/eurotech-iasi.ro\\\/magazinonline\\\/\",\"name\":\"Eurotech Iasi\",\"description\":\"Cu oameni seriosi\",\"publisher\":{\"@id\":\"https:\\\/\\\/eurotech-iasi.ro\\\/magazinonline\\\/#organization\"},\"potentialAction\":[{\"@type\":\"SearchAction\",\"target\":{\"@type\":\"EntryPoint\",\"urlTemplate\":\"https:\\\/\\\/eurotech-iasi.ro\\\/magazinonline\\\/?s={search_term_string}\"},\"query-input\":{\"@type\":\"PropertyValueSpecification\",\"valueRequired\":true,\"valueName\":\"search_term_string\"}}],\"inLanguage\":\"ro-RO\"},{\"@type\":\"Organization\",\"@id\":\"https:\\\/\\\/eurotech-iasi.ro\\\/magazinonline\\\/#organization\",\"name\":\"Eurotech Iasi\",\"url\":\"https:\\\/\\\/eurotech-iasi.ro\\\/magazinonline\\\/\",\"logo\":{\"@type\":\"ImageObject\",\"inLanguage\":\"ro-RO\",\"@id\":\"https:\\\/\\\/eurotech-iasi.ro\\\/magazinonline\\\/#\\\/schema\\\/logo\\\/image\\\/\",\"url\":\"https:\\\/\\\/eurotech-iasi.ro\\\/magazinonline\\\/wp-content\\\/uploads\\\/2020\\\/08\\\/logo-eurotech.png\",\"contentUrl\":\"https:\\\/\\\/eurotech-iasi.ro\\\/magazinonline\\\/wp-content\\\/uploads\\\/2020\\\/08\\\/logo-eurotech.png\",\"width\":290,\"height\":70,\"caption\":\"Eurotech Iasi\"},\"image\":{\"@id\":\"https:\\\/\\\/eurotech-iasi.ro\\\/magazinonline\\\/#\\\/schema\\\/logo\\\/image\\\/\"},\"sameAs\":[\"https:\\\/\\\/www.facebook.com\\\/EurotechIasi\\\/\"]}]}<\/script>\n<!-- \/ Yoast SEO plugin. -->","yoast_head_json":{"title":"Pompa airless Wagner SF21 PRO Lacquer SprayPack 207 bar - Eurotech Iasi","description":"Pompa airless Wagner SF21 PRO Lacquer SprayPack motor 230V 0,9 kW este ideala pentru aplicarea de vopsele pe baz\u0103 de ap\u0103 sau solventi, lacuri, emulsii, etc","robots":{"index":"index","follow":"follow","max-snippet":"max-snippet:-1","max-image-preview":"max-image-preview:large","max-video-preview":"max-video-preview:-1"},"canonical":"https:\/\/eurotech-iasi.ro\/magazinonline\/produs\/pompa-airless-wagner-sf21-pro-lacquer-spraypack-207-bar\/","og_locale":"ro_RO","og_type":"article","og_title":"Pompa airless Wagner SF21 PRO Lacquer SprayPack 207 bar - Eurotech Iasi","og_description":"Pompa airless Wagner SF21 PRO Lacquer SprayPack motor 230V 0,9 kW este ideala pentru aplicarea de vopsele pe baz\u0103 de ap\u0103 sau solventi, lacuri, emulsii, etc","og_url":"https:\/\/eurotech-iasi.ro\/magazinonline\/produs\/pompa-airless-wagner-sf21-pro-lacquer-spraypack-207-bar\/","og_site_name":"Eurotech Iasi","article_publisher":"https:\/\/www.facebook.com\/EurotechIasi\/","article_modified_time":"2026-03-31T13:19:35+00:00","og_image":[{"width":750,"height":750,"url":"https:\/\/eurotech-iasi.ro\/magazinonline\/wp-content\/uploads\/2026\/01\/Pompa-airless-Wagner-SF21-PRO-Lacquer-SprayPack-207-bar-3.png","type":"image\/png"}],"twitter_misc":{"Timp estimat pentru citire":"3 minute"},"schema":{"@context":"https:\/\/schema.org","@graph":[{"@type":"WebPage","@id":"https:\/\/eurotech-iasi.ro\/magazinonline\/produs\/pompa-airless-wagner-sf21-pro-lacquer-spraypack-207-bar\/","url":"https:\/\/eurotech-iasi.ro\/magazinonline\/produs\/pompa-airless-wagner-sf21-pro-lacquer-spraypack-207-bar\/","name":"Pompa airless Wagner SF21 PRO Lacquer SprayPack 207 bar - Eurotech Iasi","isPartOf":{"@id":"https:\/\/eurotech-iasi.ro\/magazinonline\/#website"},"primaryImageOfPage":{"@id":"https:\/\/eurotech-iasi.ro\/magazinonline\/produs\/pompa-airless-wagner-sf21-pro-lacquer-spraypack-207-bar\/#primaryimage"},"image":{"@id":"https:\/\/eurotech-iasi.ro\/magazinonline\/produs\/pompa-airless-wagner-sf21-pro-lacquer-spraypack-207-bar\/#primaryimage"},"thumbnailUrl":"https:\/\/eurotech-iasi.ro\/magazinonline\/wp-content\/uploads\/2026\/01\/Pompa-airless-Wagner-SF21-PRO-Lacquer-SprayPack-207-bar-3.png","datePublished":"2026-01-13T13:21:20+00:00","dateModified":"2026-03-31T13:19:35+00:00","description":"Pompa airless Wagner SF21 PRO Lacquer SprayPack motor 230V 0,9 kW este ideala pentru aplicarea de vopsele pe baz\u0103 de ap\u0103 sau solventi, lacuri, emulsii, etc","breadcrumb":{"@id":"https:\/\/eurotech-iasi.ro\/magazinonline\/produs\/pompa-airless-wagner-sf21-pro-lacquer-spraypack-207-bar\/#breadcrumb"},"inLanguage":"ro-RO","potentialAction":[{"@type":"ReadAction","target":["https:\/\/eurotech-iasi.ro\/magazinonline\/produs\/pompa-airless-wagner-sf21-pro-lacquer-spraypack-207-bar\/"]}]},{"@type":"ImageObject","inLanguage":"ro-RO","@id":"https:\/\/eurotech-iasi.ro\/magazinonline\/produs\/pompa-airless-wagner-sf21-pro-lacquer-spraypack-207-bar\/#primaryimage","url":"https:\/\/eurotech-iasi.ro\/magazinonline\/wp-content\/uploads\/2026\/01\/Pompa-airless-Wagner-SF21-PRO-Lacquer-SprayPack-207-bar-3.png","contentUrl":"https:\/\/eurotech-iasi.ro\/magazinonline\/wp-content\/uploads\/2026\/01\/Pompa-airless-Wagner-SF21-PRO-Lacquer-SprayPack-207-bar-3.png","width":750,"height":750,"caption":"Pompa airless Wagner SF21 PRO Lacquer SprayPack 207 bar"},{"@type":"BreadcrumbList","@id":"https:\/\/eurotech-iasi.ro\/magazinonline\/produs\/pompa-airless-wagner-sf21-pro-lacquer-spraypack-207-bar\/#breadcrumb","itemListElement":[{"@type":"ListItem","position":1,"name":"Prima pagin\u0103","item":"https:\/\/eurotech-iasi.ro\/magazinonline\/"},{"@type":"ListItem","position":2,"name":"Shop","item":"https:\/\/eurotech-iasi.ro\/magazinonline\/shop\/"},{"@type":"ListItem","position":3,"name":"Pompa airless Wagner SF21 PRO Lacquer SprayPack 207 bar"}]},{"@type":"WebSite","@id":"https:\/\/eurotech-iasi.ro\/magazinonline\/#website","url":"https:\/\/eurotech-iasi.ro\/magazinonline\/","name":"Eurotech Iasi","description":"Cu oameni seriosi","publisher":{"@id":"https:\/\/eurotech-iasi.ro\/magazinonline\/#organization"},"potentialAction":[{"@type":"SearchAction","target":{"@type":"EntryPoint","urlTemplate":"https:\/\/eurotech-iasi.ro\/magazinonline\/?s={search_term_string}"},"query-input":{"@type":"PropertyValueSpecification","valueRequired":true,"valueName":"search_term_string"}}],"inLanguage":"ro-RO"},{"@type":"Organization","@id":"https:\/\/eurotech-iasi.ro\/magazinonline\/#organization","name":"Eurotech Iasi","url":"https:\/\/eurotech-iasi.ro\/magazinonline\/","logo":{"@type":"ImageObject","inLanguage":"ro-RO","@id":"https:\/\/eurotech-iasi.ro\/magazinonline\/#\/schema\/logo\/image\/","url":"https:\/\/eurotech-iasi.ro\/magazinonline\/wp-content\/uploads\/2020\/08\/logo-eurotech.png","contentUrl":"https:\/\/eurotech-iasi.ro\/magazinonline\/wp-content\/uploads\/2020\/08\/logo-eurotech.png","width":290,"height":70,"caption":"Eurotech Iasi"},"image":{"@id":"https:\/\/eurotech-iasi.ro\/magazinonline\/#\/schema\/logo\/image\/"},"sameAs":["https:\/\/www.facebook.com\/EurotechIasi\/"]}]}},"_links":{"self":[{"href":"https:\/\/eurotech-iasi.ro\/magazinonline\/wp-json\/wp\/v2\/product\/113643","targetHints":{"allow":["GET"]}}],"collection":[{"href":"https:\/\/eurotech-iasi.ro\/magazinonline\/wp-json\/wp\/v2\/product"}],"about":[{"href":"https:\/\/eurotech-iasi.ro\/magazinonline\/wp-json\/wp\/v2\/types\/product"}],"replies":[{"embeddable":true,"href":"https:\/\/eurotech-iasi.ro\/magazinonline\/wp-json\/wp\/v2\/comments?post=113643"}],"wp:featuredmedia":[{"embeddable":true,"href":"https:\/\/eurotech-iasi.ro\/magazinonline\/wp-json\/wp\/v2\/media\/113645"}],"wp:attachment":[{"href":"https:\/\/eurotech-iasi.ro\/magazinonline\/wp-json\/wp\/v2\/media?parent=113643"}],"wp:term":[{"taxonomy":"product_cat","embeddable":true,"href":"https:\/\/eurotech-iasi.ro\/magazinonline\/wp-json\/wp\/v2\/product_cat?post=113643"},{"taxonomy":"product_tag","embeddable":true,"href":"https:\/\/eurotech-iasi.ro\/magazinonline\/wp-json\/wp\/v2\/product_tag?post=113643"},{"taxonomy":"woo-feed-brand","embeddable":true,"href":"https:\/\/eurotech-iasi.ro\/magazinonline\/wp-json\/wp\/v2\/woo-feed-brand?post=113643"}],"curies":[{"name":"wp","href":"https:\/\/api.w.org\/{rel}","templated":true}]}}