{"id":113652,"date":"2026-01-14T11:03:06","date_gmt":"2026-01-14T09:03:06","guid":{"rendered":"https:\/\/eurotech-iasi.ro\/magazinonline\/?post_type=product&#038;p=113652"},"modified":"2026-01-14T11:23:55","modified_gmt":"2026-01-14T09:23:55","slug":"filiera-manuala-cu-capete-bspt-dreapta-1-2-2-virax","status":"publish","type":"product","link":"https:\/\/eurotech-iasi.ro\/magazinonline\/produs\/filiera-manuala-cu-capete-bspt-dreapta-1-2-2-virax\/","title":{"rendered":"Filiera manuala cu capete BSPT dreapta 1\/2-2&#8243; Virax"},"content":{"rendered":"<p><strong>Filiera manuala <\/strong><strong>interschimbabila <\/strong><strong>cu capete BSPT dreapta 1\/2-2&#8243; Virax\u00a0 este ideala pentru <strong class=\"Yjhzub\">a crea filete conice exterioare pe \u021bevi metalice<\/strong>, \u00een special pentru instala\u021bii de ap\u0103, gaz \u0219i aer comprimat, specific pentru filet de tip BSPT (British Standard Pipe Taper), permi\u021b\u00e2nd ajustarea dimensiunii (1\/2&#8243;, 3\/4&#8243;, 1&#8243;, 1 1\/4&#8243;, 1 1\/2&#8243;, 2&#8243;) cu capete de filier\u0103 interschimbabile, fiind ideal\u0103 pentru utilizare \u00een teren, pe \u0219antier, unde nu exist\u0103 electricitate, se monteaz\u0103 pe un bra\u021b de ac\u021bionare.<span class=\"uJ19be notranslate\" data-wiz-uids=\"cvELw_d,cvELw_e\"><span class=\"vKEkVd\" data-animation-atomic=\"\" data-wiz-attrbind=\"class=cvELw_c\/TKHnVd\">\u00a0<\/span><\/span><\/strong><\/p>\n<p id=\"tw-target-text\" class=\"tw-data-text tw-text-large tw-ta\" dir=\"ltr\" tabindex=\"-1\" role=\"text\" data-placeholder=\"Traducere\" data-ved=\"2ahUKEwip-rjV1YqSAxXC3AIHHY05Fr4Q3ewLegQIDBAW\" aria-label=\"Text tradus: Descoperi\u021bi unealta de filetat interior VIRAX 1\/2-2&quot; (bspt drte) - 136280, disponibil\u0103 pentru achizi\u021bionare.\n\nCaracteristici principale:\nClichet\u0103 reversibil\u0103 pentru o manevrabilitate excelent\u0103\nM\u00e2ner ergonomic pentru confort optim\nBra\u021b din \u021beav\u0103 de o\u021bel durabil\nCutie metalic\u0103 cu 2 colivie \u0219i 1 clichet\"><strong><span class=\"Y2IQFc\" lang=\"ro\">Caracteristici principale: <\/span><\/strong><\/p>\n<ul>\n<li>Matri\u021b\u0103 manual\u0103 Virax 136280 cu capete interschimbabile (1\/2&#8243; p\u00e2n\u0103 la 2&#8243;)<\/li>\n<li>Clichet\u0103 reversibil\u0103 pentru o manevrabilitate mai mare<\/li>\n<li>M\u00e2ner ergonomic<\/li>\n<li>Ata\u0219are \u0219i \u00eendep\u0103rtare u\u0219oar\u0103 a capetelor<\/li>\n<\/ul>\n<p>Descoperi\u021bi unealta esen\u021bial\u0103 pentru proiectele dumneavoastr\u0103 de instala\u021bii sanitare cu aceast\u0103 matri\u021b\u0103 manual\u0103 de filetat. Conceput\u0103 pentru filete BSPT drepte de la 1\/2&#8243; la 2&#8243;, include dou\u0103 matri\u021be \u0219i un clichet pentru o utilizare u\u0219oar\u0103 \u0219i eficient\u0103.<\/p>\n<p>Func\u021bionarea sa este facilitat\u0103 de un clichet reversibil care v\u0103 permite s\u0103 lucra\u021bi \u00een ambele direc\u021bii, oferind o manevrabilitate excelent\u0103. M\u00e2nerul ergonomic asigur\u0103 un confort optim \u00een timpul utiliz\u0103rii, chiar \u0219i pentru perioade lungi de timp. Fabricat din o\u021bel durabil, bra\u021bul tubular garanteaz\u0103 o longevitate excep\u021bional\u0103. Toate acestea sunt prezentate \u00eentr-o cutie metalic\u0103 robust\u0103, ideal\u0103 pentru depozitarea \u0219i protejarea uneltelor dumneavoastr\u0103. Aceast\u0103 matri\u021b\u0103 manual\u0103 de filetat este o alegere \u00een\u021beleapt\u0103 pentru profesioni\u0219tii \u0219i pasiona\u021bii de bricolaj care doresc s\u0103 creeze filete precise \u0219i durabile.<\/p>\n<h2>Specificatii tehnice &#8211; <strong>Filiera manuala <\/strong><strong>interschimbabila <\/strong><strong>cu capete BSPT dreapta 1\/2-2&#8243; Virax\u00a0<\/strong><\/h2>\n<p>&nbsp;<\/p>\n<ul>\n<li>O\u021bel: BSPT Dreapta: \u00d8 1\/8&#8243; p\u00e2n\u0103 la 2&#8243;<\/li>\n<li>BSPT St\u00e2nga: \u00d8 1\/8&#8243; p\u00e2n\u0103 la 2&#8243;<\/li>\n<li>O\u021bel inoxidabil: BSPT Dreapta: \u00d8 3\/8&#8243; p\u00e2n\u0103 la 1 1\/4&#8243;<\/li>\n<li>Bra\u021b din tub de o\u021bel<\/li>\n<li>Capetele pot fi utilizate \u0219i pe matri\u021ba de putere Phenix III.<\/li>\n<li>Set matri\u021be manuale cu capete interschimbabile de la 1\/2&#8243; la 2&#8243; 136280 Virax, furnizat cu:<\/li>\n<li>2 suporturi matri\u021be<\/li>\n<li>1 clichet + bra\u021b<\/li>\n<li>BSPT Dreapta: 1\/2&#8243; &#8211; 3\/4&#8243; &#8211; 1&#8243; &#8211; 1 1\/4&#8243; &#8211; 1 1\/2&#8243; &#8211; 2&#8243;<\/li>\n<li>Cutie metalic\u0103<\/li>\n<\/ul>\n","protected":false},"excerpt":{"rendered":"<p><strong>Filiera manuala <\/strong><strong>interschimbabila <\/strong><strong>cu capete BSPT dreapta 1\/2-2&#8243; Virax\u00a0 este ideala pentru <strong class=\"Yjhzub\">a crea filete conice exterioare pe \u021bevi metalice<\/strong>, \u00een special pentru instala\u021bii de ap\u0103, gaz \u0219i aer comprimat.<\/strong><\/p>\n<p><em><strong>Cod produs: 136280<\/strong><\/em><\/p>\n","protected":false},"featured_media":113653,"comment_status":"open","ping_status":"closed","template":"","meta":{"_acf_changed":false},"product_cat":[6413,4997,14544,4998],"product_tag":[],"woo-feed-brand":[],"class_list":{"0":"post-113652","1":"product","2":"type-product","3":"status-publish","4":"has-post-thumbnail","6":"product_brand-virax","7":"product_cat-extra-reduceri","8":"product_cat-instalatii","9":"product_cat-promotie-virax","10":"product_cat-tehnica-de-filetare","11":"pa_brand-virax","13":"first","14":"instock","15":"sale","16":"shipping-taxable","17":"purchasable","18":"product-type-simple"},"acf":[],"yoast_head":"<!-- This site is optimized with the Yoast SEO plugin v27.3 - https:\/\/yoast.com\/product\/yoast-seo-wordpress\/ -->\n<title>Filiera manuala cu capete BSPT dreapta 1\/2-2&quot; Virax - Eurotech Iasi<\/title>\n<meta name=\"description\" content=\"Filiera manuala interschimbabila cu capete BSPT dreapta 1\/2-2&quot; Virax\u00a0 este ideala pentru a crea filete conice exterioare pe \u021bevi metalice.\" \/>\n<meta name=\"robots\" content=\"index, follow, max-snippet:-1, max-image-preview:large, max-video-preview:-1\" \/>\n<link rel=\"canonical\" href=\"https:\/\/eurotech-iasi.ro\/magazinonline\/produs\/filiera-manuala-cu-capete-bspt-dreapta-1-2-2-virax\/\" \/>\n<meta property=\"og:locale\" content=\"ro_RO\" \/>\n<meta property=\"og:type\" content=\"article\" \/>\n<meta property=\"og:title\" content=\"Filiera manuala cu capete BSPT dreapta 1\/2-2&quot; Virax - Eurotech Iasi\" \/>\n<meta property=\"og:description\" content=\"Filiera manuala interschimbabila cu capete BSPT dreapta 1\/2-2&quot; Virax\u00a0 este ideala pentru a crea filete conice exterioare pe \u021bevi metalice.\" \/>\n<meta property=\"og:url\" content=\"https:\/\/eurotech-iasi.ro\/magazinonline\/produs\/filiera-manuala-cu-capete-bspt-dreapta-1-2-2-virax\/\" \/>\n<meta property=\"og:site_name\" content=\"Eurotech Iasi\" \/>\n<meta property=\"article:publisher\" content=\"https:\/\/www.facebook.com\/EurotechIasi\/\" \/>\n<meta property=\"article:modified_time\" content=\"2026-01-14T09:23:55+00:00\" \/>\n<meta property=\"og:image\" content=\"https:\/\/eurotech-iasi.ro\/magazinonline\/wp-content\/uploads\/2026\/01\/Filiera-manuala-cu-capete-BSPT-dreapta-Virax.png\" \/>\n\t<meta property=\"og:image:width\" content=\"750\" \/>\n\t<meta property=\"og:image:height\" content=\"750\" \/>\n\t<meta property=\"og:image:type\" content=\"image\/png\" \/>\n<meta name=\"twitter:label1\" content=\"Timp estimat pentru citire\" \/>\n\t<meta name=\"twitter:data1\" content=\"2 minute\" \/>\n<script type=\"application\/ld+json\" class=\"yoast-schema-graph\">{\"@context\":\"https:\\\/\\\/schema.org\",\"@graph\":[{\"@type\":\"WebPage\",\"@id\":\"https:\\\/\\\/eurotech-iasi.ro\\\/magazinonline\\\/produs\\\/filiera-manuala-cu-capete-bspt-dreapta-1-2-2-virax\\\/\",\"url\":\"https:\\\/\\\/eurotech-iasi.ro\\\/magazinonline\\\/produs\\\/filiera-manuala-cu-capete-bspt-dreapta-1-2-2-virax\\\/\",\"name\":\"Filiera manuala cu capete BSPT dreapta 1\\\/2-2\\\" Virax - Eurotech Iasi\",\"isPartOf\":{\"@id\":\"https:\\\/\\\/eurotech-iasi.ro\\\/magazinonline\\\/#website\"},\"primaryImageOfPage\":{\"@id\":\"https:\\\/\\\/eurotech-iasi.ro\\\/magazinonline\\\/produs\\\/filiera-manuala-cu-capete-bspt-dreapta-1-2-2-virax\\\/#primaryimage\"},\"image\":{\"@id\":\"https:\\\/\\\/eurotech-iasi.ro\\\/magazinonline\\\/produs\\\/filiera-manuala-cu-capete-bspt-dreapta-1-2-2-virax\\\/#primaryimage\"},\"thumbnailUrl\":\"https:\\\/\\\/eurotech-iasi.ro\\\/magazinonline\\\/wp-content\\\/uploads\\\/2026\\\/01\\\/Filiera-manuala-cu-capete-BSPT-dreapta-Virax.png\",\"datePublished\":\"2026-01-14T09:03:06+00:00\",\"dateModified\":\"2026-01-14T09:23:55+00:00\",\"description\":\"Filiera manuala interschimbabila cu capete BSPT dreapta 1\\\/2-2\\\" Virax\u00a0 este ideala pentru a crea filete conice exterioare pe \u021bevi metalice.\",\"breadcrumb\":{\"@id\":\"https:\\\/\\\/eurotech-iasi.ro\\\/magazinonline\\\/produs\\\/filiera-manuala-cu-capete-bspt-dreapta-1-2-2-virax\\\/#breadcrumb\"},\"inLanguage\":\"ro-RO\",\"potentialAction\":[{\"@type\":\"ReadAction\",\"target\":[\"https:\\\/\\\/eurotech-iasi.ro\\\/magazinonline\\\/produs\\\/filiera-manuala-cu-capete-bspt-dreapta-1-2-2-virax\\\/\"]}]},{\"@type\":\"ImageObject\",\"inLanguage\":\"ro-RO\",\"@id\":\"https:\\\/\\\/eurotech-iasi.ro\\\/magazinonline\\\/produs\\\/filiera-manuala-cu-capete-bspt-dreapta-1-2-2-virax\\\/#primaryimage\",\"url\":\"https:\\\/\\\/eurotech-iasi.ro\\\/magazinonline\\\/wp-content\\\/uploads\\\/2026\\\/01\\\/Filiera-manuala-cu-capete-BSPT-dreapta-Virax.png\",\"contentUrl\":\"https:\\\/\\\/eurotech-iasi.ro\\\/magazinonline\\\/wp-content\\\/uploads\\\/2026\\\/01\\\/Filiera-manuala-cu-capete-BSPT-dreapta-Virax.png\",\"width\":750,\"height\":750,\"caption\":\"Filiera manuala cu capete BSPT dreapta 1\\\/2-2\\\" Virax\"},{\"@type\":\"BreadcrumbList\",\"@id\":\"https:\\\/\\\/eurotech-iasi.ro\\\/magazinonline\\\/produs\\\/filiera-manuala-cu-capete-bspt-dreapta-1-2-2-virax\\\/#breadcrumb\",\"itemListElement\":[{\"@type\":\"ListItem\",\"position\":1,\"name\":\"Prima pagin\u0103\",\"item\":\"https:\\\/\\\/eurotech-iasi.ro\\\/magazinonline\\\/\"},{\"@type\":\"ListItem\",\"position\":2,\"name\":\"Shop\",\"item\":\"https:\\\/\\\/eurotech-iasi.ro\\\/magazinonline\\\/shop\\\/\"},{\"@type\":\"ListItem\",\"position\":3,\"name\":\"Filiera manuala cu capete BSPT dreapta 1\\\/2-2&#8243; Virax\"}]},{\"@type\":\"WebSite\",\"@id\":\"https:\\\/\\\/eurotech-iasi.ro\\\/magazinonline\\\/#website\",\"url\":\"https:\\\/\\\/eurotech-iasi.ro\\\/magazinonline\\\/\",\"name\":\"Eurotech Iasi\",\"description\":\"Cu oameni seriosi\",\"publisher\":{\"@id\":\"https:\\\/\\\/eurotech-iasi.ro\\\/magazinonline\\\/#organization\"},\"potentialAction\":[{\"@type\":\"SearchAction\",\"target\":{\"@type\":\"EntryPoint\",\"urlTemplate\":\"https:\\\/\\\/eurotech-iasi.ro\\\/magazinonline\\\/?s={search_term_string}\"},\"query-input\":{\"@type\":\"PropertyValueSpecification\",\"valueRequired\":true,\"valueName\":\"search_term_string\"}}],\"inLanguage\":\"ro-RO\"},{\"@type\":\"Organization\",\"@id\":\"https:\\\/\\\/eurotech-iasi.ro\\\/magazinonline\\\/#organization\",\"name\":\"Eurotech Iasi\",\"url\":\"https:\\\/\\\/eurotech-iasi.ro\\\/magazinonline\\\/\",\"logo\":{\"@type\":\"ImageObject\",\"inLanguage\":\"ro-RO\",\"@id\":\"https:\\\/\\\/eurotech-iasi.ro\\\/magazinonline\\\/#\\\/schema\\\/logo\\\/image\\\/\",\"url\":\"https:\\\/\\\/eurotech-iasi.ro\\\/magazinonline\\\/wp-content\\\/uploads\\\/2020\\\/08\\\/logo-eurotech.png\",\"contentUrl\":\"https:\\\/\\\/eurotech-iasi.ro\\\/magazinonline\\\/wp-content\\\/uploads\\\/2020\\\/08\\\/logo-eurotech.png\",\"width\":290,\"height\":70,\"caption\":\"Eurotech Iasi\"},\"image\":{\"@id\":\"https:\\\/\\\/eurotech-iasi.ro\\\/magazinonline\\\/#\\\/schema\\\/logo\\\/image\\\/\"},\"sameAs\":[\"https:\\\/\\\/www.facebook.com\\\/EurotechIasi\\\/\"]}]}<\/script>\n<!-- \/ Yoast SEO plugin. -->","yoast_head_json":{"title":"Filiera manuala cu capete BSPT dreapta 1\/2-2\" Virax - Eurotech Iasi","description":"Filiera manuala interschimbabila cu capete BSPT dreapta 1\/2-2\" Virax\u00a0 este ideala pentru a crea filete conice exterioare pe \u021bevi metalice.","robots":{"index":"index","follow":"follow","max-snippet":"max-snippet:-1","max-image-preview":"max-image-preview:large","max-video-preview":"max-video-preview:-1"},"canonical":"https:\/\/eurotech-iasi.ro\/magazinonline\/produs\/filiera-manuala-cu-capete-bspt-dreapta-1-2-2-virax\/","og_locale":"ro_RO","og_type":"article","og_title":"Filiera manuala cu capete BSPT dreapta 1\/2-2\" Virax - Eurotech Iasi","og_description":"Filiera manuala interschimbabila cu capete BSPT dreapta 1\/2-2\" Virax\u00a0 este ideala pentru a crea filete conice exterioare pe \u021bevi metalice.","og_url":"https:\/\/eurotech-iasi.ro\/magazinonline\/produs\/filiera-manuala-cu-capete-bspt-dreapta-1-2-2-virax\/","og_site_name":"Eurotech Iasi","article_publisher":"https:\/\/www.facebook.com\/EurotechIasi\/","article_modified_time":"2026-01-14T09:23:55+00:00","og_image":[{"width":750,"height":750,"url":"https:\/\/eurotech-iasi.ro\/magazinonline\/wp-content\/uploads\/2026\/01\/Filiera-manuala-cu-capete-BSPT-dreapta-Virax.png","type":"image\/png"}],"twitter_misc":{"Timp estimat pentru citire":"2 minute"},"schema":{"@context":"https:\/\/schema.org","@graph":[{"@type":"WebPage","@id":"https:\/\/eurotech-iasi.ro\/magazinonline\/produs\/filiera-manuala-cu-capete-bspt-dreapta-1-2-2-virax\/","url":"https:\/\/eurotech-iasi.ro\/magazinonline\/produs\/filiera-manuala-cu-capete-bspt-dreapta-1-2-2-virax\/","name":"Filiera manuala cu capete BSPT dreapta 1\/2-2\" Virax - Eurotech Iasi","isPartOf":{"@id":"https:\/\/eurotech-iasi.ro\/magazinonline\/#website"},"primaryImageOfPage":{"@id":"https:\/\/eurotech-iasi.ro\/magazinonline\/produs\/filiera-manuala-cu-capete-bspt-dreapta-1-2-2-virax\/#primaryimage"},"image":{"@id":"https:\/\/eurotech-iasi.ro\/magazinonline\/produs\/filiera-manuala-cu-capete-bspt-dreapta-1-2-2-virax\/#primaryimage"},"thumbnailUrl":"https:\/\/eurotech-iasi.ro\/magazinonline\/wp-content\/uploads\/2026\/01\/Filiera-manuala-cu-capete-BSPT-dreapta-Virax.png","datePublished":"2026-01-14T09:03:06+00:00","dateModified":"2026-01-14T09:23:55+00:00","description":"Filiera manuala interschimbabila cu capete BSPT dreapta 1\/2-2\" Virax\u00a0 este ideala pentru a crea filete conice exterioare pe \u021bevi metalice.","breadcrumb":{"@id":"https:\/\/eurotech-iasi.ro\/magazinonline\/produs\/filiera-manuala-cu-capete-bspt-dreapta-1-2-2-virax\/#breadcrumb"},"inLanguage":"ro-RO","potentialAction":[{"@type":"ReadAction","target":["https:\/\/eurotech-iasi.ro\/magazinonline\/produs\/filiera-manuala-cu-capete-bspt-dreapta-1-2-2-virax\/"]}]},{"@type":"ImageObject","inLanguage":"ro-RO","@id":"https:\/\/eurotech-iasi.ro\/magazinonline\/produs\/filiera-manuala-cu-capete-bspt-dreapta-1-2-2-virax\/#primaryimage","url":"https:\/\/eurotech-iasi.ro\/magazinonline\/wp-content\/uploads\/2026\/01\/Filiera-manuala-cu-capete-BSPT-dreapta-Virax.png","contentUrl":"https:\/\/eurotech-iasi.ro\/magazinonline\/wp-content\/uploads\/2026\/01\/Filiera-manuala-cu-capete-BSPT-dreapta-Virax.png","width":750,"height":750,"caption":"Filiera manuala cu capete BSPT dreapta 1\/2-2\" Virax"},{"@type":"BreadcrumbList","@id":"https:\/\/eurotech-iasi.ro\/magazinonline\/produs\/filiera-manuala-cu-capete-bspt-dreapta-1-2-2-virax\/#breadcrumb","itemListElement":[{"@type":"ListItem","position":1,"name":"Prima pagin\u0103","item":"https:\/\/eurotech-iasi.ro\/magazinonline\/"},{"@type":"ListItem","position":2,"name":"Shop","item":"https:\/\/eurotech-iasi.ro\/magazinonline\/shop\/"},{"@type":"ListItem","position":3,"name":"Filiera manuala cu capete BSPT dreapta 1\/2-2&#8243; Virax"}]},{"@type":"WebSite","@id":"https:\/\/eurotech-iasi.ro\/magazinonline\/#website","url":"https:\/\/eurotech-iasi.ro\/magazinonline\/","name":"Eurotech Iasi","description":"Cu oameni seriosi","publisher":{"@id":"https:\/\/eurotech-iasi.ro\/magazinonline\/#organization"},"potentialAction":[{"@type":"SearchAction","target":{"@type":"EntryPoint","urlTemplate":"https:\/\/eurotech-iasi.ro\/magazinonline\/?s={search_term_string}"},"query-input":{"@type":"PropertyValueSpecification","valueRequired":true,"valueName":"search_term_string"}}],"inLanguage":"ro-RO"},{"@type":"Organization","@id":"https:\/\/eurotech-iasi.ro\/magazinonline\/#organization","name":"Eurotech Iasi","url":"https:\/\/eurotech-iasi.ro\/magazinonline\/","logo":{"@type":"ImageObject","inLanguage":"ro-RO","@id":"https:\/\/eurotech-iasi.ro\/magazinonline\/#\/schema\/logo\/image\/","url":"https:\/\/eurotech-iasi.ro\/magazinonline\/wp-content\/uploads\/2020\/08\/logo-eurotech.png","contentUrl":"https:\/\/eurotech-iasi.ro\/magazinonline\/wp-content\/uploads\/2020\/08\/logo-eurotech.png","width":290,"height":70,"caption":"Eurotech Iasi"},"image":{"@id":"https:\/\/eurotech-iasi.ro\/magazinonline\/#\/schema\/logo\/image\/"},"sameAs":["https:\/\/www.facebook.com\/EurotechIasi\/"]}]}},"_links":{"self":[{"href":"https:\/\/eurotech-iasi.ro\/magazinonline\/wp-json\/wp\/v2\/product\/113652","targetHints":{"allow":["GET"]}}],"collection":[{"href":"https:\/\/eurotech-iasi.ro\/magazinonline\/wp-json\/wp\/v2\/product"}],"about":[{"href":"https:\/\/eurotech-iasi.ro\/magazinonline\/wp-json\/wp\/v2\/types\/product"}],"replies":[{"embeddable":true,"href":"https:\/\/eurotech-iasi.ro\/magazinonline\/wp-json\/wp\/v2\/comments?post=113652"}],"wp:featuredmedia":[{"embeddable":true,"href":"https:\/\/eurotech-iasi.ro\/magazinonline\/wp-json\/wp\/v2\/media\/113653"}],"wp:attachment":[{"href":"https:\/\/eurotech-iasi.ro\/magazinonline\/wp-json\/wp\/v2\/media?parent=113652"}],"wp:term":[{"taxonomy":"product_cat","embeddable":true,"href":"https:\/\/eurotech-iasi.ro\/magazinonline\/wp-json\/wp\/v2\/product_cat?post=113652"},{"taxonomy":"product_tag","embeddable":true,"href":"https:\/\/eurotech-iasi.ro\/magazinonline\/wp-json\/wp\/v2\/product_tag?post=113652"},{"taxonomy":"woo-feed-brand","embeddable":true,"href":"https:\/\/eurotech-iasi.ro\/magazinonline\/wp-json\/wp\/v2\/woo-feed-brand?post=113652"}],"curies":[{"name":"wp","href":"https:\/\/api.w.org\/{rel}","templated":true}]}}