{"id":113689,"date":"2026-01-16T15:50:29","date_gmt":"2026-01-16T13:50:29","guid":{"rendered":"https:\/\/eurotech-iasi.ro\/magazinonline\/?post_type=product&#038;p=113689"},"modified":"2026-02-03T12:39:56","modified_gmt":"2026-02-03T10:39:56","slug":"generator-de-curent-senci-sc9000teq-lite-putere-max-7-5kw","status":"publish","type":"product","link":"https:\/\/eurotech-iasi.ro\/magazinonline\/produs\/generator-de-curent-senci-sc9000teq-lite-putere-max-7-5kw\/","title":{"rendered":"Generator de curent SENCI SC9000TEQ LITE putere max. 7.5kW"},"content":{"rendered":"<h4><strong> Generator de curent SENCI SC9000TEQ LITE putere max. 7.5kW 230V\/400V, roti si manere incluse, AVR, motor benzina este proiectat \u00a0pentru a oferi o surs\u0103 stabil\u0103 de energie electric\u0103, at\u00e2t \u00een regim monofazat c\u00e2t \u0219i trifazat, fiind ideal pentru utiliz\u0103ri industriale, comerciale sau de \u0219antier.<\/strong><\/h4>\n<div>Acest model impresioneaz\u0103 prin performan\u021bele ridicate \u0219i fiabilitatea \u00een condi\u021bii de lucru solicitante.<\/div>\n<div>Echipat cu un motor puternic SC460 \u00een 4 timpi, r\u0103cit cu aer, cu o capacitate cilindric\u0103 de 459 cm\u00b3 \u0219i o putere de 16 CP, generatorul poate livra o putere maxim\u0103 de 7.5 kW \u0219i o putere continu\u0103 de 7.0 kW, ceea ce \u00eel face capabil s\u0103 sus\u021bin\u0103 sarcini importante f\u0103r\u0103 fluctua\u021bii.<\/div>\n<div>Reglarea automat\u0103 a tensiunii (AVR) asigur\u0103 protec\u021bia echipamentelor sensibile conectate la re\u021bea. Generatorul ofer\u0103 o pornire facil\u0103 datorit\u0103 sistemului electric integrat, ceea ce \u00eel face rapid \u0219i confortabil de utilizat.<\/div>\n<div>Datorit\u0103 rezervorului s\u0103u de mari dimensiuni, poate func\u021biona f\u0103r\u0103 \u00eentrerupere pe parcursul unei zile \u00eentregi de lucru, chiar \u0219i atunci c\u00e2nd este supus unui consum intens.<\/div>\n<div>Zgomotul produs \u00een timpul func\u021bion\u0103rii este men\u021binut la un nivel sc\u0103zut, ceea ce contribuie la un mediu de lucru mai pl\u0103cut \u0219i mai sigur pentru utilizator.Fiind capabil s\u0103 furnizeze at\u00e2t tensiune monofazat\u0103 c\u00e2t \u0219i trifazat\u0103, acest generator este extrem de versatil, potrivit at\u00e2t pentru uz casnic, c\u00e2t \u0219i pentru echipamente industriale sau unelte de \u0219antier.<\/div>\n<div>Datorit\u0103 designului s\u0103u compact \u0219i greut\u0103\u021bii moderate, poate fi transportat \u0219i amplasat cu u\u0219urin\u021b\u0103 \u00een diverse loca\u021bii.<\/div>\n<div><\/div>\n<div><strong><strong>Caracteristici <\/strong><\/strong><strong>Generator de curent SENCI SC9000TEQ LITE putere max. 7.5kW:<\/strong><\/div>\n<ul>\n<li>Contor ore, voltmetru si frecventa<\/li>\n<li>Alerta nivel ulei scazut cu oprire automata a motorului<\/li>\n<li>Senzor de suprasarcina cu auto-oprire<\/li>\n<li>Silentios si prietenos cu mediul<\/li>\n<li>Regulator de tensiune AVR<\/li>\n<li>Portabil, compact, cadru rezistent<\/li>\n<li>Performanta chiar si dupa 7 ore de functionare continua la o sarcina de 50% pentru uz casnic dar si comercial<\/li>\n<li>Panou de control rezistent la ploaie si praf<\/li>\n<li>Toba esapament ce opreste scanteile<\/li>\n<li>Intrerupator circuit ce opreste alimentarea atunci cand sistemul este suprasolicitat<\/li>\n<li>2 roti si maner pentru o mai buna deplasare<\/li>\n<li>Rezervor combustibil de 25 litri pentru o autonomie marita<\/li>\n<\/ul>\n<p><strong>Specificatii tehnice<\/strong> <strong>Generator de curent SENCI SC9000TEQ LITE putere max. 7.5kW:<\/strong><\/p>\n<ul>\n<li>Voltaj &#8211; 230 \/ 400 V<\/li>\n<li>Frecventa &#8211; 50 &#8211; 55 Hz<\/li>\n<li>Putere maxima &#8211; 7,5 kW<\/li>\n<li>Putere maxima &#8211; 9,4 KVA<\/li>\n<li>Putere in regim continuu &#8211; 7,0 kW<\/li>\n<li>Putere in regim continuu &#8211; 8,8 KVA<\/li>\n<li>Regulator de tensiune &#8211; AVR .<\/li>\n<li>Tip motor &#8211; SC460 Benzina<\/li>\n<li>Putere motor1 &#8211; 6 cp<\/li>\n<li>Capacitate cilindrica motor &#8211; 459 cc<\/li>\n<li>Turatie motor &#8211; 3000 rpm<\/li>\n<li>Demaraj- -Electric .<\/li>\n<li>Sistem racire motor &#8211; Aer .<\/li>\n<li>Capacitate rezervor combustibil &#8211; 25 l<\/li>\n<li>Autonomie (la capacitate maxima)- 7 ore<\/li>\n<li>Autonomie (la 50 % din putere)- 9,5 ore<\/li>\n<li>Nivel zgomot (la 7 m.)- 97 dB (A)<\/li>\n<li>Greutate &#8211; 92 kg<\/li>\n<li>Dimensiune modul L x l x H &#8211; 720 x 550 x 580 mm<\/li>\n<\/ul>\n<p>&nbsp;<\/p>\n","protected":false},"excerpt":{"rendered":"<h4><strong>Generator de curent SENCI SC9000TEQ LITE putere max. 7.5kW 230V\/400V, roti si manere incluse, AVR, motor benzina este proiectat \u00a0pentru a oferi o surs\u0103 stabil\u0103 de energie electric\u0103, at\u00e2t \u00een regim monofazat c\u00e2t \u0219i trifazat, fiind ideal pentru utiliz\u0103ri industriale, comerciale sau de \u0219antier.<\/strong><\/h4>\n<p><em><strong>Cod produs: SC1009625<\/strong><\/em><\/p>\n<h4><a href=\"https:\/\/eurotech-iasi.ro\/magazinonline\/produs\/panou-automatizare-ats-senci-pentru-7-5kw-9-5kw-teq\/\"><span class=\"help-phone\"><strong><span class=\"-g-product-details-help-phone\"><em><span style=\"color: #ff0000;\">AUTOMATIZARE DISPONIBILA OPTIONAL\u00a0<\/span><\/em><\/span><\/strong><\/span><\/a><\/h4>\n<h4><span class=\"help-phone\"><strong><span class=\"-g-product-details-help-phone\"><em><span style=\"color: #ff0000;\">Ai nevoie de ajutor? Sun\u0103 la <\/span>\u00a0<a href=\"tel:0740278809\">0740278809<\/a><\/em><\/span><\/strong><\/span><\/h4>\n","protected":false},"featured_media":113690,"comment_status":"open","ping_status":"closed","template":"","meta":{"_acf_changed":false},"product_cat":[6413,4340,4398,14553,14521],"product_tag":[14551,14555,14556,4672,14554],"woo-feed-brand":[],"class_list":{"0":"post-113689","1":"product","2":"type-product","3":"status-publish","4":"has-post-thumbnail","6":"product_brand-senci","7":"product_cat-extra-reduceri","8":"product_cat-generatoare-de-curent","9":"product_cat-generatoare-de-curent-insonorizate","10":"product_cat-oferta-lunii-its","11":"product_cat-promotii-generatoare-curent-electric","12":"product_tag-fara-ats","13":"product_tag-generator-7-5kw","14":"product_tag-generator-benzina","15":"product_tag-generator-de-curent","16":"product_tag-generator-de-curent-senci","17":"product_shipping_class-livrare-gratuita","18":"pa_autonomie-7-h","19":"pa_combustibil-benzina-2","20":"pa_consum-combustibil-2-3-l-h","21":"pa_frecventa-50-hz","22":"pa_greutate-95-kg","23":"pa_pornire-electrica","24":"pa_putere-maxima-7-5-kw","25":"pa_putere-motor-6-cp","26":"pa_voltaj-motor-230-400-v","28":"first","29":"instock","30":"sale","31":"shipping-taxable","32":"purchasable","33":"product-type-simple"},"acf":[],"yoast_head":"<!-- This site is optimized with the Yoast SEO plugin v27.3 - https:\/\/yoast.com\/product\/yoast-seo-wordpress\/ -->\n<title>Generator de curent SENCI SC9000TEQ LITE putere max. 7.5kW - Eurotech Iasi<\/title>\n<meta name=\"description\" content=\"Generator de curent SENCI SC9000TEQ LITE putere max. 7.5kW, roti si manere incluse, AVR, ideal pentru utiliz\u0103ri industriale, comerciale sau de \u0219antier.\" \/>\n<meta name=\"robots\" content=\"index, follow, max-snippet:-1, max-image-preview:large, max-video-preview:-1\" \/>\n<link rel=\"canonical\" href=\"https:\/\/eurotech-iasi.ro\/magazinonline\/produs\/generator-de-curent-senci-sc9000teq-lite-putere-max-7-5kw\/\" \/>\n<meta property=\"og:locale\" content=\"ro_RO\" \/>\n<meta property=\"og:type\" content=\"article\" \/>\n<meta property=\"og:title\" content=\"Generator de curent SENCI SC9000TEQ LITE putere max. 7.5kW - Eurotech Iasi\" \/>\n<meta property=\"og:description\" content=\"Generator de curent SENCI SC9000TEQ LITE putere max. 7.5kW, roti si manere incluse, AVR, ideal pentru utiliz\u0103ri industriale, comerciale sau de \u0219antier.\" \/>\n<meta property=\"og:url\" content=\"https:\/\/eurotech-iasi.ro\/magazinonline\/produs\/generator-de-curent-senci-sc9000teq-lite-putere-max-7-5kw\/\" \/>\n<meta property=\"og:site_name\" content=\"Eurotech Iasi\" \/>\n<meta property=\"article:publisher\" content=\"https:\/\/www.facebook.com\/EurotechIasi\/\" \/>\n<meta property=\"article:modified_time\" content=\"2026-02-03T10:39:56+00:00\" \/>\n<meta property=\"og:image\" content=\"https:\/\/eurotech-iasi.ro\/magazinonline\/wp-content\/uploads\/2026\/01\/Generator-de-curent-SENCI-SC9000TEQ-LITE-putere-max.-7.5kW-1.png\" \/>\n\t<meta property=\"og:image:width\" content=\"750\" \/>\n\t<meta property=\"og:image:height\" content=\"750\" \/>\n\t<meta property=\"og:image:type\" content=\"image\/png\" \/>\n<meta name=\"twitter:label1\" content=\"Timp estimat pentru citire\" \/>\n\t<meta name=\"twitter:data1\" content=\"3 minute\" \/>\n<script type=\"application\/ld+json\" class=\"yoast-schema-graph\">{\"@context\":\"https:\\\/\\\/schema.org\",\"@graph\":[{\"@type\":\"WebPage\",\"@id\":\"https:\\\/\\\/eurotech-iasi.ro\\\/magazinonline\\\/produs\\\/generator-de-curent-senci-sc9000teq-lite-putere-max-7-5kw\\\/\",\"url\":\"https:\\\/\\\/eurotech-iasi.ro\\\/magazinonline\\\/produs\\\/generator-de-curent-senci-sc9000teq-lite-putere-max-7-5kw\\\/\",\"name\":\"Generator de curent SENCI SC9000TEQ LITE putere max. 7.5kW - Eurotech Iasi\",\"isPartOf\":{\"@id\":\"https:\\\/\\\/eurotech-iasi.ro\\\/magazinonline\\\/#website\"},\"primaryImageOfPage\":{\"@id\":\"https:\\\/\\\/eurotech-iasi.ro\\\/magazinonline\\\/produs\\\/generator-de-curent-senci-sc9000teq-lite-putere-max-7-5kw\\\/#primaryimage\"},\"image\":{\"@id\":\"https:\\\/\\\/eurotech-iasi.ro\\\/magazinonline\\\/produs\\\/generator-de-curent-senci-sc9000teq-lite-putere-max-7-5kw\\\/#primaryimage\"},\"thumbnailUrl\":\"https:\\\/\\\/eurotech-iasi.ro\\\/magazinonline\\\/wp-content\\\/uploads\\\/2026\\\/01\\\/Generator-de-curent-SENCI-SC9000TEQ-LITE-putere-max.-7.5kW-1.png\",\"datePublished\":\"2026-01-16T13:50:29+00:00\",\"dateModified\":\"2026-02-03T10:39:56+00:00\",\"description\":\"Generator de curent SENCI SC9000TEQ LITE putere max. 7.5kW, roti si manere incluse, AVR, ideal pentru utiliz\u0103ri industriale, comerciale sau de \u0219antier.\",\"breadcrumb\":{\"@id\":\"https:\\\/\\\/eurotech-iasi.ro\\\/magazinonline\\\/produs\\\/generator-de-curent-senci-sc9000teq-lite-putere-max-7-5kw\\\/#breadcrumb\"},\"inLanguage\":\"ro-RO\",\"potentialAction\":[{\"@type\":\"ReadAction\",\"target\":[\"https:\\\/\\\/eurotech-iasi.ro\\\/magazinonline\\\/produs\\\/generator-de-curent-senci-sc9000teq-lite-putere-max-7-5kw\\\/\"]}]},{\"@type\":\"ImageObject\",\"inLanguage\":\"ro-RO\",\"@id\":\"https:\\\/\\\/eurotech-iasi.ro\\\/magazinonline\\\/produs\\\/generator-de-curent-senci-sc9000teq-lite-putere-max-7-5kw\\\/#primaryimage\",\"url\":\"https:\\\/\\\/eurotech-iasi.ro\\\/magazinonline\\\/wp-content\\\/uploads\\\/2026\\\/01\\\/Generator-de-curent-SENCI-SC9000TEQ-LITE-putere-max.-7.5kW-1.png\",\"contentUrl\":\"https:\\\/\\\/eurotech-iasi.ro\\\/magazinonline\\\/wp-content\\\/uploads\\\/2026\\\/01\\\/Generator-de-curent-SENCI-SC9000TEQ-LITE-putere-max.-7.5kW-1.png\",\"width\":750,\"height\":750,\"caption\":\"Generator de curent SENCI SC9000TEQ LITE putere max. 7.5kW\"},{\"@type\":\"BreadcrumbList\",\"@id\":\"https:\\\/\\\/eurotech-iasi.ro\\\/magazinonline\\\/produs\\\/generator-de-curent-senci-sc9000teq-lite-putere-max-7-5kw\\\/#breadcrumb\",\"itemListElement\":[{\"@type\":\"ListItem\",\"position\":1,\"name\":\"Prima pagin\u0103\",\"item\":\"https:\\\/\\\/eurotech-iasi.ro\\\/magazinonline\\\/\"},{\"@type\":\"ListItem\",\"position\":2,\"name\":\"Shop\",\"item\":\"https:\\\/\\\/eurotech-iasi.ro\\\/magazinonline\\\/shop\\\/\"},{\"@type\":\"ListItem\",\"position\":3,\"name\":\"Generator de curent SENCI SC9000TEQ LITE putere max. 7.5kW\"}]},{\"@type\":\"WebSite\",\"@id\":\"https:\\\/\\\/eurotech-iasi.ro\\\/magazinonline\\\/#website\",\"url\":\"https:\\\/\\\/eurotech-iasi.ro\\\/magazinonline\\\/\",\"name\":\"Eurotech Iasi\",\"description\":\"Cu oameni seriosi\",\"publisher\":{\"@id\":\"https:\\\/\\\/eurotech-iasi.ro\\\/magazinonline\\\/#organization\"},\"potentialAction\":[{\"@type\":\"SearchAction\",\"target\":{\"@type\":\"EntryPoint\",\"urlTemplate\":\"https:\\\/\\\/eurotech-iasi.ro\\\/magazinonline\\\/?s={search_term_string}\"},\"query-input\":{\"@type\":\"PropertyValueSpecification\",\"valueRequired\":true,\"valueName\":\"search_term_string\"}}],\"inLanguage\":\"ro-RO\"},{\"@type\":\"Organization\",\"@id\":\"https:\\\/\\\/eurotech-iasi.ro\\\/magazinonline\\\/#organization\",\"name\":\"Eurotech Iasi\",\"url\":\"https:\\\/\\\/eurotech-iasi.ro\\\/magazinonline\\\/\",\"logo\":{\"@type\":\"ImageObject\",\"inLanguage\":\"ro-RO\",\"@id\":\"https:\\\/\\\/eurotech-iasi.ro\\\/magazinonline\\\/#\\\/schema\\\/logo\\\/image\\\/\",\"url\":\"https:\\\/\\\/eurotech-iasi.ro\\\/magazinonline\\\/wp-content\\\/uploads\\\/2020\\\/08\\\/logo-eurotech.png\",\"contentUrl\":\"https:\\\/\\\/eurotech-iasi.ro\\\/magazinonline\\\/wp-content\\\/uploads\\\/2020\\\/08\\\/logo-eurotech.png\",\"width\":290,\"height\":70,\"caption\":\"Eurotech Iasi\"},\"image\":{\"@id\":\"https:\\\/\\\/eurotech-iasi.ro\\\/magazinonline\\\/#\\\/schema\\\/logo\\\/image\\\/\"},\"sameAs\":[\"https:\\\/\\\/www.facebook.com\\\/EurotechIasi\\\/\"]}]}<\/script>\n<!-- \/ Yoast SEO plugin. -->","yoast_head_json":{"title":"Generator de curent SENCI SC9000TEQ LITE putere max. 7.5kW - Eurotech Iasi","description":"Generator de curent SENCI SC9000TEQ LITE putere max. 7.5kW, roti si manere incluse, AVR, ideal pentru utiliz\u0103ri industriale, comerciale sau de \u0219antier.","robots":{"index":"index","follow":"follow","max-snippet":"max-snippet:-1","max-image-preview":"max-image-preview:large","max-video-preview":"max-video-preview:-1"},"canonical":"https:\/\/eurotech-iasi.ro\/magazinonline\/produs\/generator-de-curent-senci-sc9000teq-lite-putere-max-7-5kw\/","og_locale":"ro_RO","og_type":"article","og_title":"Generator de curent SENCI SC9000TEQ LITE putere max. 7.5kW - Eurotech Iasi","og_description":"Generator de curent SENCI SC9000TEQ LITE putere max. 7.5kW, roti si manere incluse, AVR, ideal pentru utiliz\u0103ri industriale, comerciale sau de \u0219antier.","og_url":"https:\/\/eurotech-iasi.ro\/magazinonline\/produs\/generator-de-curent-senci-sc9000teq-lite-putere-max-7-5kw\/","og_site_name":"Eurotech Iasi","article_publisher":"https:\/\/www.facebook.com\/EurotechIasi\/","article_modified_time":"2026-02-03T10:39:56+00:00","og_image":[{"width":750,"height":750,"url":"https:\/\/eurotech-iasi.ro\/magazinonline\/wp-content\/uploads\/2026\/01\/Generator-de-curent-SENCI-SC9000TEQ-LITE-putere-max.-7.5kW-1.png","type":"image\/png"}],"twitter_misc":{"Timp estimat pentru citire":"3 minute"},"schema":{"@context":"https:\/\/schema.org","@graph":[{"@type":"WebPage","@id":"https:\/\/eurotech-iasi.ro\/magazinonline\/produs\/generator-de-curent-senci-sc9000teq-lite-putere-max-7-5kw\/","url":"https:\/\/eurotech-iasi.ro\/magazinonline\/produs\/generator-de-curent-senci-sc9000teq-lite-putere-max-7-5kw\/","name":"Generator de curent SENCI SC9000TEQ LITE putere max. 7.5kW - Eurotech Iasi","isPartOf":{"@id":"https:\/\/eurotech-iasi.ro\/magazinonline\/#website"},"primaryImageOfPage":{"@id":"https:\/\/eurotech-iasi.ro\/magazinonline\/produs\/generator-de-curent-senci-sc9000teq-lite-putere-max-7-5kw\/#primaryimage"},"image":{"@id":"https:\/\/eurotech-iasi.ro\/magazinonline\/produs\/generator-de-curent-senci-sc9000teq-lite-putere-max-7-5kw\/#primaryimage"},"thumbnailUrl":"https:\/\/eurotech-iasi.ro\/magazinonline\/wp-content\/uploads\/2026\/01\/Generator-de-curent-SENCI-SC9000TEQ-LITE-putere-max.-7.5kW-1.png","datePublished":"2026-01-16T13:50:29+00:00","dateModified":"2026-02-03T10:39:56+00:00","description":"Generator de curent SENCI SC9000TEQ LITE putere max. 7.5kW, roti si manere incluse, AVR, ideal pentru utiliz\u0103ri industriale, comerciale sau de \u0219antier.","breadcrumb":{"@id":"https:\/\/eurotech-iasi.ro\/magazinonline\/produs\/generator-de-curent-senci-sc9000teq-lite-putere-max-7-5kw\/#breadcrumb"},"inLanguage":"ro-RO","potentialAction":[{"@type":"ReadAction","target":["https:\/\/eurotech-iasi.ro\/magazinonline\/produs\/generator-de-curent-senci-sc9000teq-lite-putere-max-7-5kw\/"]}]},{"@type":"ImageObject","inLanguage":"ro-RO","@id":"https:\/\/eurotech-iasi.ro\/magazinonline\/produs\/generator-de-curent-senci-sc9000teq-lite-putere-max-7-5kw\/#primaryimage","url":"https:\/\/eurotech-iasi.ro\/magazinonline\/wp-content\/uploads\/2026\/01\/Generator-de-curent-SENCI-SC9000TEQ-LITE-putere-max.-7.5kW-1.png","contentUrl":"https:\/\/eurotech-iasi.ro\/magazinonline\/wp-content\/uploads\/2026\/01\/Generator-de-curent-SENCI-SC9000TEQ-LITE-putere-max.-7.5kW-1.png","width":750,"height":750,"caption":"Generator de curent SENCI SC9000TEQ LITE putere max. 7.5kW"},{"@type":"BreadcrumbList","@id":"https:\/\/eurotech-iasi.ro\/magazinonline\/produs\/generator-de-curent-senci-sc9000teq-lite-putere-max-7-5kw\/#breadcrumb","itemListElement":[{"@type":"ListItem","position":1,"name":"Prima pagin\u0103","item":"https:\/\/eurotech-iasi.ro\/magazinonline\/"},{"@type":"ListItem","position":2,"name":"Shop","item":"https:\/\/eurotech-iasi.ro\/magazinonline\/shop\/"},{"@type":"ListItem","position":3,"name":"Generator de curent SENCI SC9000TEQ LITE putere max. 7.5kW"}]},{"@type":"WebSite","@id":"https:\/\/eurotech-iasi.ro\/magazinonline\/#website","url":"https:\/\/eurotech-iasi.ro\/magazinonline\/","name":"Eurotech Iasi","description":"Cu oameni seriosi","publisher":{"@id":"https:\/\/eurotech-iasi.ro\/magazinonline\/#organization"},"potentialAction":[{"@type":"SearchAction","target":{"@type":"EntryPoint","urlTemplate":"https:\/\/eurotech-iasi.ro\/magazinonline\/?s={search_term_string}"},"query-input":{"@type":"PropertyValueSpecification","valueRequired":true,"valueName":"search_term_string"}}],"inLanguage":"ro-RO"},{"@type":"Organization","@id":"https:\/\/eurotech-iasi.ro\/magazinonline\/#organization","name":"Eurotech Iasi","url":"https:\/\/eurotech-iasi.ro\/magazinonline\/","logo":{"@type":"ImageObject","inLanguage":"ro-RO","@id":"https:\/\/eurotech-iasi.ro\/magazinonline\/#\/schema\/logo\/image\/","url":"https:\/\/eurotech-iasi.ro\/magazinonline\/wp-content\/uploads\/2020\/08\/logo-eurotech.png","contentUrl":"https:\/\/eurotech-iasi.ro\/magazinonline\/wp-content\/uploads\/2020\/08\/logo-eurotech.png","width":290,"height":70,"caption":"Eurotech Iasi"},"image":{"@id":"https:\/\/eurotech-iasi.ro\/magazinonline\/#\/schema\/logo\/image\/"},"sameAs":["https:\/\/www.facebook.com\/EurotechIasi\/"]}]}},"_links":{"self":[{"href":"https:\/\/eurotech-iasi.ro\/magazinonline\/wp-json\/wp\/v2\/product\/113689","targetHints":{"allow":["GET"]}}],"collection":[{"href":"https:\/\/eurotech-iasi.ro\/magazinonline\/wp-json\/wp\/v2\/product"}],"about":[{"href":"https:\/\/eurotech-iasi.ro\/magazinonline\/wp-json\/wp\/v2\/types\/product"}],"replies":[{"embeddable":true,"href":"https:\/\/eurotech-iasi.ro\/magazinonline\/wp-json\/wp\/v2\/comments?post=113689"}],"wp:featuredmedia":[{"embeddable":true,"href":"https:\/\/eurotech-iasi.ro\/magazinonline\/wp-json\/wp\/v2\/media\/113690"}],"wp:attachment":[{"href":"https:\/\/eurotech-iasi.ro\/magazinonline\/wp-json\/wp\/v2\/media?parent=113689"}],"wp:term":[{"taxonomy":"product_cat","embeddable":true,"href":"https:\/\/eurotech-iasi.ro\/magazinonline\/wp-json\/wp\/v2\/product_cat?post=113689"},{"taxonomy":"product_tag","embeddable":true,"href":"https:\/\/eurotech-iasi.ro\/magazinonline\/wp-json\/wp\/v2\/product_tag?post=113689"},{"taxonomy":"woo-feed-brand","embeddable":true,"href":"https:\/\/eurotech-iasi.ro\/magazinonline\/wp-json\/wp\/v2\/woo-feed-brand?post=113689"}],"curies":[{"name":"wp","href":"https:\/\/api.w.org\/{rel}","templated":true}]}}